{"id":40209,"date":"2021-08-13T22:05:05","date_gmt":"2021-08-13T22:05:05","guid":{"rendered":"https:\/\/www.leriff.ch\/allgemeine-verkaufsbedingungen\/"},"modified":"2021-11-12T10:30:49","modified_gmt":"2021-11-12T10:30:49","slug":"allgemeine-verkaufsbedingungen","status":"publish","type":"page","link":"https:\/\/www.leriff.ch\/de\/allgemeine-verkaufsbedingungen\/","title":{"rendered":"Allgemeine Verkaufsbedingungen"},"content":{"rendered":"\n<h1 class=\"wp-block-heading\" id=\"h-leriff-ch\">leriff.ch<\/h1>\n<blockquote>\n<h4><strong>Zustellung oder Schweizerische Postzustellung!<\/strong><\/h4>\n<section class=\"woocommerce-bacs-bank-details\">\n<h2 class=\"wc-bacs-bank-details-heading\">Unsere Bankverbindung<\/h2>\n<h3 class=\"wc-bacs-bank-details-account-name\">Upframe SARL:<\/h3>\n<ul class=\"wc-bacs-bank-details order_details bacs_details\">\n<li class=\"bank_name\">Bank: <strong>Post Finance<\/strong><\/li>\n<li class=\"account_number\">Kontonummer: <strong>15-263214-3<\/strong><\/li>\n<li class=\"iban\">IBAN: <strong>CH93 0900 0000 1526 32 14 3<\/strong><\/li>\n<li class=\"bic\">BIC: <strong>POFICHBEXXX<\/strong><\/li>\n<\/ul>\n<\/section>\n<\/blockquote>\n<h4>Lieferungen Genf<\/h4>\n<p>Bestellung vor 12 Uhr:<\/p>\n<p>Livraison dans la journ\u00e9e<\/p>\n<h2>Liefergebiete<\/h2>\n<p>Genf<\/p>\n<h2>F\u00fcr den Rest der Schweiz<\/h2>\n<p>Versand innerhalb von -24h<\/p>\n<p>Lieferung innerhalb von 3 bis 5 Tagen<\/p>\n<div>\n<p>Bedingungen f\u00fcr die Lieferung<\/p>\n<ul>\n<li>6\/ 7 Tage (Montag bis Samstag)<\/li>\n<li>Lieferung innerhalb eines Tages<\/li>\n<li>Mindestbestellwert CHF 50.00<\/li>\n<li>Nur CASH-Zahlung oder Iban, Bvr<\/li>\n<li>Die Bestellung kann am selben Tag wie die Lieferung aufgegeben werden, sp\u00e4testens jedoch vor 12 Uhr.<\/li>\n<\/ul>\n<\/div>\n<div>\n<div>\n<p>Name des Kontos: <strong>Upframe SARL<\/strong><\/p>\n<p>Kontonummer: <strong>15-263214-3<\/strong><\/p>\n<p>Name der Bank: <strong>Post Finance<\/strong><\/p>\n<p>IBAN: <strong>CH93 0900 0000 1526 32 14 3<\/strong><\/p>\n<p>BIC \/ Swift: <strong>POFICHBEXXX<\/strong><\/p>\n<p>Kontakt:<br \/><strong>Upframe \u2013 SARL<br data-rich-text-line-break=\"true\">Rue Liotard 6<br data-rich-text-line-break=\"true\">1202 Gen\u00e8ve<br data-rich-text-line-break=\"true\">Schweiz<br data-rich-text-line-break=\"true\">WhatsApp<br data-rich-text-line-break=\"true\">Tel: +41 78 627 00 58<br data-rich-text-line-break=\"true\">Email: leriff@leriff.ch<br data-rich-text-line-break=\"true\">www.leriff.ch<\/strong><\/p>\n<h2>Liefergebiete &amp; Tarife f\u00fcr Genf<\/h2>\n<ul>\n<li>Lokale Lieferung : Kostenlose Lieferung<\/li>\n<li>Zustellung ausserhalb des Kantons GE, in A-Post (Schweizer Gebiet)<br \/>Nur Umschlag- und Portokosten: kostenlos<\/li>\n<\/ul>\n<\/div>\n<\/div>\n<h2>Lieferzeiten<\/h2>\n<div>\n<p>Le Riff bietet einen Lieferservice an, mit dem Sie innerhalb eines Tages nach Ihrer Bestellung beliefert werden k\u00f6nnen:<\/p>\n<p>Die Bestellung erfolgt \u00fcber ein <a href=\"https:\/\/www.leriff.ch\/de\/kontakt\/\">Formular<\/a>, in das Sie Ihre Daten eingeben:<\/p>\n<p>&gt; Vorname und Nachname<\/p>\n<p>&gt; Lieferorte (Adresse, Geb\u00e4udenummer, Stockwerk, Eingangscode)<\/p>\n<p>Die Bestellungen werden bei Erhalt der Lieferung in bar bezahlt.<\/p>\n<\/div>\n<div>\n<p><strong>Die allgemeinen Verkaufsbedingungen gelten zwischen dem K\u00e4ufer und Upframe SARL, Eigent\u00fcmer und Betreiber der Website leriff.ch. Die Nutzung der Website unterliegt diesen Bedingungen und unserer Datenschutzpolitik.<\/strong><\/p>\n<p>Die <strong>allgemeinen Verkaufsbedingungen<\/strong> gelten f\u00fcr alle Produkte auf unserer Website. Bitte beachten Sie diese, bevor Sie auf unserer Website bestellen. Da die Bedingungen und Konditionen aktualisiert werden k\u00f6nnen, \u00fcberpr\u00fcfen Sie diese bitte vor jeder Bestellung.<\/p>\n<h3>Akzeptanz der allgemeinen <strong>Verkaufsbedingungens<\/strong><\/h3>\n<p>Jede Bestellung auf der Website muss von der vollst\u00e4ndigen Annahme der allgemeinen Verkaufsbedingungen begleitet sein. Sie werden beim Check-out aufgefordert, diese zu lesen und zu akzeptieren.<\/p>\n<h3>Vollj\u00e4hrigkeit<\/h3>\n<p>Das Mindestalter, um die Website leriff.ch zu besuchen und eine Bestellung aufzugeben, ist 18 Jahre alt. Indem Sie die Nutzungsbedingungen akzeptieren, best\u00e4tigen Sie, dass Sie 18 Jahre oder \u00e4lter sind.<\/p>\n<p><strong>Nicht geeignet f\u00fcr Personen unter 18 Jahren<\/strong><\/p>\n<\/div>\n<p><img decoding=\"async\" class=\"alignnone wp-image-6567\" src=\"https:\/\/www.leriff.ch\/wp-content\/uploads\/2018\/11\/interditauxmoinsde18ans.png\" alt=\"\" width=\"170\" height=\"170\" srcset=\"https:\/\/www.leriff.ch\/wp-content\/uploads\/2018\/11\/interditauxmoinsde18ans.png 300w, https:\/\/www.leriff.ch\/wp-content\/uploads\/2018\/11\/interditauxmoinsde18ans-150x150.png 150w, https:\/\/www.leriff.ch\/wp-content\/uploads\/2018\/11\/interditauxmoinsde18ans-80x80.png 80w, https:\/\/www.leriff.ch\/wp-content\/uploads\/2018\/11\/interditauxmoinsde18ans-100x100.png 100w\" sizes=\"(max-width: 170px) 100vw, 170px\" \/><\/p>\n<h3>Aromatisches \u00d6l<\/h3>\n<p><a href=\"https:\/\/www.leriff.ch\/wp-content\/uploads\/2021\/11\/attention-color.jpg\"><img decoding=\"async\" class=\"alignnone wp-image-40420 size-full\" src=\"https:\/\/www.leriff.ch\/wp-content\/uploads\/2021\/11\/attention-color.jpg\" alt=\"\" width=\"121\" height=\"91\"><\/a><\/p>\n<p>Aromatisches \u00d6l<\/p>\n<p>Kann die Fruchtbarkeit oder das ungeborene Kind beeintr\u00e4chtigen.<br \/>Nicht zum Verschlucken bestimmt.<\/p>\n<p>Verwendung: Aromatisches \u00d6l<\/p>\n<div>\n<h3>Datenschutz<\/h3>\n<p>Alle Ihre pers\u00f6nlichen Daten werden vertraulich behandelt. Sie unterliegen der EDV-Verarbeitung und dienen ausschlie\u00dflich der Verwaltung der Auftr\u00e4ge. Sie werden unter keinen Umst\u00e4nden an Dritte weitergegeben.<\/p>\n<p>Sie k\u00f6nnen uns jederzeit bitten, diese zu l\u00f6schen, indem Sie eine Nachricht an <a href=\"mailto:leriff@leriff.ch\">leriff@leriff.ch<\/a> oder per Post an Upframe Sarl Rue Liotard 6 1202 Genf Schweiz senden.<\/p>\n<h3>Preis<\/h3>\n<p>Alle Preise sind in Schweizer Franken angegeben.<\/p>\n<h3>B\u00fcrgschaft<\/h3>\n<p>F\u00fcr Artikel mit Garantie gelten die Bedingungen des zum Zeitpunkt des Kaufs g\u00fcltigen Angebots. Sie sollten alle Belege sorgf\u00e4ltig aufbewahren. Die Garantie erstreckt sich nicht auf unsachgem\u00e4\u00dfen Gebrauch, St\u00f6\u00dfe, schlechte Wartung oder normale Abnutzung.<\/p>\n<h3>Verf\u00fcgbarkeit<\/h3>\n<p>Sollte ein Produkt nicht vorr\u00e4tig sein, werden wir Sie so schnell wie m\u00f6glich \u00fcber dessen Verf\u00fcgbarkeit informieren. Wenn Sie m\u00f6chten, k\u00f6nnen Sie die Bestellung stornieren und erhalten eine vollst\u00e4ndige R\u00fcckerstattung.<\/p>\n<h3>Zahlung<\/h3>\n<p>\u00dcberweisen Sie den Betrag direkt von Ihrem Bankkonto. Bitte verwenden Sie Ihre Bestell-ID als Zahlungsreferenz. Ihre Bestellung wird erst versandt, wenn das Geld eingegangen ist.<\/p>\n<h3>Lieferung<\/h3>\n<p>Alle unsere Pakete werden von der Schweizerischen Post zugestellt.<\/p>\n<h3>R\u00fccksendungen und Erstattungen<\/h3>\n<p>Nur unge\u00f6ffnete und vollst\u00e4ndig versiegelte Produkte k\u00f6nnen innerhalb von 14 Tagen mit einem Bestellnachweis auf unserer Website zur\u00fcckgegeben werden.<br \/>Die Erstattung erfolgt, sobald wir uns vergewissert haben, dass Ihre R\u00fccksendung in gutem Zustand ist.<br \/>Die R\u00fccksendung erfolgt auf dem Postweg und auf Ihre Kosten. Bitte geben Sie Ihre Bankverbindung an, falls zutreffend.<\/p>\n<h3>Klassifizierung von CBD-Produkten<\/h3>\n<p>CBD-Produkte werden ohne medizinische Behauptungen verkauft und k\u00f6nnen nicht als Behandlung oder Ersatz f\u00fcr eine Behandlung verwendet werden. Den Produkten werden keine wissenschaftlich anerkannten pharmazeutischen und therapeutischen Eigenschaften oder Tugenden zugeschrieben.<\/p>\n<h3>Rechtliche Garantien<\/h3>\n<p>Sie sind verpflichtet, den guten Zustand der gelieferten Waren zu \u00fcberpr\u00fcfen und uns gegebenenfalls und gem\u00e4\u00df den gesetzlichen Bestimmungen \u00fcber Anomalien oder Herstellungsfehler zu informieren, damit wir diese beheben k\u00f6nnen.<\/p>\n<h3>F\u00fcr Legal<\/h3>\n<p>Alle Gesch\u00e4ftsaktivit\u00e4ten mit Upframe S\u00e0rl &#8222;LeRiff.ch&#8220; basieren ausschliesslich auf Schweizer Recht. Der Gerichtsstand ist Genf.<\/p>\n<h3>Copyright<\/h3>\n<p>The Riff ist eine Marke von Upframe S\u00e0rl. Alle Texte und Bilder auf dieser Website sind urheberrechtlich gesch\u00fctzt.<\/p>\n<h3>Kontakt<\/h3>\n<p><strong>Upframe &#8211; SARL<br \/>Rue Liotard 6<br \/>1202 Gene\u0300ve<br \/>Schweiz<\/strong><\/p>\n<\/div>\n","protected":false},"excerpt":{"rendered":"<p>leriff.ch Zustellung oder Schweizerische Postzustellung! Unsere Bankverbindung Upframe SARL: Bank: Post Finance Kontonummer: 15-263214-3 IBAN: CH93 0900 0000 1526 32 14 3 BIC: POFICHBEXXX Lieferungen Genf Bestellung vor 12 Uhr: Livraison dans la journ\u00e9e Liefergebiete Genf F\u00fcr den Rest der Schweiz Versand innerhalb von -24h Lieferung innerhalb von 3 bis 5 Tagen Bedingungen f\u00fcr die [&hellip;]<\/p>\n","protected":false},"author":1,"featured_media":0,"parent":0,"menu_order":0,"comment_status":"closed","ping_status":"closed","template":"","meta":{"inline_featured_image":false,"footnotes":""},"class_list":["post-40209","page","type-page","status-publish","hentry"],"yoast_head":"<!-- This site is optimized with the Yoast SEO Premium plugin v25.9 (Yoast SEO v27.3) - https:\/\/yoast.com\/product\/yoast-seo-premium-wordpress\/ -->\n<title>Allgemeine Verkaufsbedingungen - Le Riff<\/title>\n<meta name=\"robots\" content=\"index, follow, max-snippet:-1, max-image-preview:large, max-video-preview:-1\" \/>\n<link rel=\"canonical\" href=\"https:\/\/www.leriff.ch\/de\/allgemeine-verkaufsbedingungen\/\" \/>\n<meta property=\"og:locale\" content=\"de_DE\" \/>\n<meta property=\"og:type\" content=\"article\" \/>\n<meta property=\"og:title\" content=\"Allgemeine Verkaufsbedingungen\" \/>\n<meta property=\"og:description\" content=\"leriff.ch Zustellung oder Schweizerische Postzustellung! Unsere Bankverbindung Upframe SARL: Bank: Post Finance Kontonummer: 15-263214-3 IBAN: CH93 0900 0000 1526 32 14 3 BIC: POFICHBEXXX Lieferungen Genf Bestellung vor 12 Uhr: Livraison dans la journ\u00e9e Liefergebiete Genf F\u00fcr den Rest der Schweiz Versand innerhalb von -24h Lieferung innerhalb von 3 bis 5 Tagen Bedingungen f\u00fcr die [&hellip;]\" \/>\n<meta property=\"og:url\" content=\"https:\/\/www.leriff.ch\/de\/allgemeine-verkaufsbedingungen\/\" \/>\n<meta property=\"og:site_name\" content=\"Le Riff\" \/>\n<meta property=\"article:publisher\" content=\"https:\/\/www.facebook.com\/Leriff.ch\" \/>\n<meta property=\"article:modified_time\" content=\"2021-11-12T10:30:49+00:00\" \/>\n<meta property=\"og:image\" content=\"https:\/\/www.leriff.ch\/wp-content\/uploads\/2018\/11\/interditauxmoinsde18ans.png\" \/>\n<meta name=\"twitter:card\" content=\"summary_large_image\" \/>\n<meta name=\"twitter:label1\" content=\"Gesch\u00e4tzte Lesezeit\" \/>\n\t<meta name=\"twitter:data1\" content=\"4\u00a0Minuten\" \/>\n<script type=\"application\/ld+json\" class=\"yoast-schema-graph\">{\"@context\":\"https:\\\/\\\/schema.org\",\"@graph\":[{\"@type\":\"WebPage\",\"@id\":\"https:\\\/\\\/www.leriff.ch\\\/de\\\/allgemeine-verkaufsbedingungen\\\/\",\"url\":\"https:\\\/\\\/www.leriff.ch\\\/de\\\/allgemeine-verkaufsbedingungen\\\/\",\"name\":\"Allgemeine Verkaufsbedingungen - Le Riff\",\"isPartOf\":{\"@id\":\"https:\\\/\\\/www.leriff.ch\\\/de\\\/#website\"},\"primaryImageOfPage\":{\"@id\":\"https:\\\/\\\/www.leriff.ch\\\/de\\\/allgemeine-verkaufsbedingungen\\\/#primaryimage\"},\"image\":{\"@id\":\"https:\\\/\\\/www.leriff.ch\\\/de\\\/allgemeine-verkaufsbedingungen\\\/#primaryimage\"},\"thumbnailUrl\":\"https:\\\/\\\/www.leriff.ch\\\/wp-content\\\/uploads\\\/2018\\\/11\\\/interditauxmoinsde18ans.png\",\"datePublished\":\"2021-08-13T22:05:05+00:00\",\"dateModified\":\"2021-11-12T10:30:49+00:00\",\"breadcrumb\":{\"@id\":\"https:\\\/\\\/www.leriff.ch\\\/de\\\/allgemeine-verkaufsbedingungen\\\/#breadcrumb\"},\"inLanguage\":\"de\",\"potentialAction\":[{\"@type\":\"ReadAction\",\"target\":[\"https:\\\/\\\/www.leriff.ch\\\/de\\\/allgemeine-verkaufsbedingungen\\\/\"]}]},{\"@type\":\"ImageObject\",\"inLanguage\":\"de\",\"@id\":\"https:\\\/\\\/www.leriff.ch\\\/de\\\/allgemeine-verkaufsbedingungen\\\/#primaryimage\",\"url\":\"https:\\\/\\\/www.leriff.ch\\\/wp-content\\\/uploads\\\/2018\\\/11\\\/interditauxmoinsde18ans.png\",\"contentUrl\":\"https:\\\/\\\/www.leriff.ch\\\/wp-content\\\/uploads\\\/2018\\\/11\\\/interditauxmoinsde18ans.png\"},{\"@type\":\"BreadcrumbList\",\"@id\":\"https:\\\/\\\/www.leriff.ch\\\/de\\\/allgemeine-verkaufsbedingungen\\\/#breadcrumb\",\"itemListElement\":[{\"@type\":\"ListItem\",\"position\":1,\"name\":\"Accueil\",\"item\":\"https:\\\/\\\/www.leriff.ch\\\/de\\\/\"},{\"@type\":\"ListItem\",\"position\":2,\"name\":\"Allgemeine Verkaufsbedingungen\"}]},{\"@type\":\"WebSite\",\"@id\":\"https:\\\/\\\/www.leriff.ch\\\/de\\\/#website\",\"url\":\"https:\\\/\\\/www.leriff.ch\\\/de\\\/\",\"name\":\"Le Riff\",\"description\":\"Fleurs de Cannabis CBD\",\"publisher\":{\"@id\":\"https:\\\/\\\/www.leriff.ch\\\/de\\\/#organization\"},\"potentialAction\":[{\"@type\":\"SearchAction\",\"target\":{\"@type\":\"EntryPoint\",\"urlTemplate\":\"https:\\\/\\\/www.leriff.ch\\\/de\\\/?s={search_term_string}\"},\"query-input\":{\"@type\":\"PropertyValueSpecification\",\"valueRequired\":true,\"valueName\":\"search_term_string\"}}],\"inLanguage\":\"de\"},{\"@type\":\"Organization\",\"@id\":\"https:\\\/\\\/www.leriff.ch\\\/de\\\/#organization\",\"name\":\"le riff\",\"url\":\"https:\\\/\\\/www.leriff.ch\\\/de\\\/\",\"logo\":{\"@type\":\"ImageObject\",\"inLanguage\":\"de\",\"@id\":\"https:\\\/\\\/www.leriff.ch\\\/de\\\/#\\\/schema\\\/logo\\\/image\\\/\",\"url\":\"https:\\\/\\\/www.leriff.ch\\\/wp-content\\\/uploads\\\/2019\\\/10\\\/logo_carre.png\",\"contentUrl\":\"https:\\\/\\\/www.leriff.ch\\\/wp-content\\\/uploads\\\/2019\\\/10\\\/logo_carre.png\",\"width\":130,\"height\":130,\"caption\":\"le riff\"},\"image\":{\"@id\":\"https:\\\/\\\/www.leriff.ch\\\/de\\\/#\\\/schema\\\/logo\\\/image\\\/\"},\"sameAs\":[\"https:\\\/\\\/www.facebook.com\\\/Leriff.ch\"]}]}<\/script>\n<!-- \/ Yoast SEO Premium plugin. -->","yoast_head_json":{"title":"Allgemeine Verkaufsbedingungen - Le Riff","robots":{"index":"index","follow":"follow","max-snippet":"max-snippet:-1","max-image-preview":"max-image-preview:large","max-video-preview":"max-video-preview:-1"},"canonical":"https:\/\/www.leriff.ch\/de\/allgemeine-verkaufsbedingungen\/","og_locale":"de_DE","og_type":"article","og_title":"Allgemeine Verkaufsbedingungen","og_description":"leriff.ch Zustellung oder Schweizerische Postzustellung! Unsere Bankverbindung Upframe SARL: Bank: Post Finance Kontonummer: 15-263214-3 IBAN: CH93 0900 0000 1526 32 14 3 BIC: POFICHBEXXX Lieferungen Genf Bestellung vor 12 Uhr: Livraison dans la journ\u00e9e Liefergebiete Genf F\u00fcr den Rest der Schweiz Versand innerhalb von -24h Lieferung innerhalb von 3 bis 5 Tagen Bedingungen f\u00fcr die [&hellip;]","og_url":"https:\/\/www.leriff.ch\/de\/allgemeine-verkaufsbedingungen\/","og_site_name":"Le Riff","article_publisher":"https:\/\/www.facebook.com\/Leriff.ch","article_modified_time":"2021-11-12T10:30:49+00:00","og_image":[{"url":"https:\/\/www.leriff.ch\/wp-content\/uploads\/2018\/11\/interditauxmoinsde18ans.png","type":"","width":"","height":""}],"twitter_card":"summary_large_image","twitter_misc":{"Gesch\u00e4tzte Lesezeit":"4\u00a0Minuten"},"schema":{"@context":"https:\/\/schema.org","@graph":[{"@type":"WebPage","@id":"https:\/\/www.leriff.ch\/de\/allgemeine-verkaufsbedingungen\/","url":"https:\/\/www.leriff.ch\/de\/allgemeine-verkaufsbedingungen\/","name":"Allgemeine Verkaufsbedingungen - Le Riff","isPartOf":{"@id":"https:\/\/www.leriff.ch\/de\/#website"},"primaryImageOfPage":{"@id":"https:\/\/www.leriff.ch\/de\/allgemeine-verkaufsbedingungen\/#primaryimage"},"image":{"@id":"https:\/\/www.leriff.ch\/de\/allgemeine-verkaufsbedingungen\/#primaryimage"},"thumbnailUrl":"https:\/\/www.leriff.ch\/wp-content\/uploads\/2018\/11\/interditauxmoinsde18ans.png","datePublished":"2021-08-13T22:05:05+00:00","dateModified":"2021-11-12T10:30:49+00:00","breadcrumb":{"@id":"https:\/\/www.leriff.ch\/de\/allgemeine-verkaufsbedingungen\/#breadcrumb"},"inLanguage":"de","potentialAction":[{"@type":"ReadAction","target":["https:\/\/www.leriff.ch\/de\/allgemeine-verkaufsbedingungen\/"]}]},{"@type":"ImageObject","inLanguage":"de","@id":"https:\/\/www.leriff.ch\/de\/allgemeine-verkaufsbedingungen\/#primaryimage","url":"https:\/\/www.leriff.ch\/wp-content\/uploads\/2018\/11\/interditauxmoinsde18ans.png","contentUrl":"https:\/\/www.leriff.ch\/wp-content\/uploads\/2018\/11\/interditauxmoinsde18ans.png"},{"@type":"BreadcrumbList","@id":"https:\/\/www.leriff.ch\/de\/allgemeine-verkaufsbedingungen\/#breadcrumb","itemListElement":[{"@type":"ListItem","position":1,"name":"Accueil","item":"https:\/\/www.leriff.ch\/de\/"},{"@type":"ListItem","position":2,"name":"Allgemeine Verkaufsbedingungen"}]},{"@type":"WebSite","@id":"https:\/\/www.leriff.ch\/de\/#website","url":"https:\/\/www.leriff.ch\/de\/","name":"Le Riff","description":"Fleurs de Cannabis CBD","publisher":{"@id":"https:\/\/www.leriff.ch\/de\/#organization"},"potentialAction":[{"@type":"SearchAction","target":{"@type":"EntryPoint","urlTemplate":"https:\/\/www.leriff.ch\/de\/?s={search_term_string}"},"query-input":{"@type":"PropertyValueSpecification","valueRequired":true,"valueName":"search_term_string"}}],"inLanguage":"de"},{"@type":"Organization","@id":"https:\/\/www.leriff.ch\/de\/#organization","name":"le riff","url":"https:\/\/www.leriff.ch\/de\/","logo":{"@type":"ImageObject","inLanguage":"de","@id":"https:\/\/www.leriff.ch\/de\/#\/schema\/logo\/image\/","url":"https:\/\/www.leriff.ch\/wp-content\/uploads\/2019\/10\/logo_carre.png","contentUrl":"https:\/\/www.leriff.ch\/wp-content\/uploads\/2019\/10\/logo_carre.png","width":130,"height":130,"caption":"le riff"},"image":{"@id":"https:\/\/www.leriff.ch\/de\/#\/schema\/logo\/image\/"},"sameAs":["https:\/\/www.facebook.com\/Leriff.ch"]}]}},"_links":{"self":[{"href":"https:\/\/www.leriff.ch\/de\/wp-json\/wp\/v2\/pages\/40209","targetHints":{"allow":["GET"]}}],"collection":[{"href":"https:\/\/www.leriff.ch\/de\/wp-json\/wp\/v2\/pages"}],"about":[{"href":"https:\/\/www.leriff.ch\/de\/wp-json\/wp\/v2\/types\/page"}],"author":[{"embeddable":true,"href":"https:\/\/www.leriff.ch\/de\/wp-json\/wp\/v2\/users\/1"}],"replies":[{"embeddable":true,"href":"https:\/\/www.leriff.ch\/de\/wp-json\/wp\/v2\/comments?post=40209"}],"version-history":[{"count":3,"href":"https:\/\/www.leriff.ch\/de\/wp-json\/wp\/v2\/pages\/40209\/revisions"}],"predecessor-version":[{"id":40426,"href":"https:\/\/www.leriff.ch\/de\/wp-json\/wp\/v2\/pages\/40209\/revisions\/40426"}],"wp:attachment":[{"href":"https:\/\/www.leriff.ch\/de\/wp-json\/wp\/v2\/media?parent=40209"}],"curies":[{"name":"wp","href":"https:\/\/api.w.org\/{rel}","templated":true}]}}