{"id":41735,"date":"2022-05-11T12:46:00","date_gmt":"2022-05-11T12:46:00","guid":{"rendered":"https:\/\/www.leriff.ch\/verkauf-von-cannabis-cbd-schweiz\/"},"modified":"2022-05-11T13:02:54","modified_gmt":"2022-05-11T13:02:54","slug":"verkauf-von-cannabis-cbd-schweiz","status":"publish","type":"page","link":"https:\/\/www.leriff.ch\/de\/verkauf-von-cannabis-cbd-schweiz\/","title":{"rendered":"Verkauf von Cannabis CBD Schweiz"},"content":{"rendered":"<blockquote>\n<p><span class=\"st\"><em>Entdecken Sie unsere Schweizer CBD-Gro\u00dfh\u00e4ndler-Produkte!<br \/><\/em><\/span><\/p>\n<\/blockquote>\n<p><span title=\"Unsere Produkte \"><strong>Unsere Produkte<\/strong><br \/><\/span><span class=\"\" lang=\"fr\"><span title=\"Unsere Marke \"><a href=\"https:\/\/www.leriff.ch\/wp-content\/uploads\/2020\/09\/cbd-cannabis-huile-grossiste-venteengros-leriff003-scaled.jpeg\"><img decoding=\"async\" class=\"alignleft wp-image-7431 size-thumbnail\" title=\"Cannabisbl\u00fcten\" src=\"https:\/\/www.leriff.ch\/wp-content\/uploads\/2020\/09\/cbd-cannabis-huile-grossiste-venteengros-leriff003-150x150.jpeg\" alt=\"\" width=\"150\" height=\"150\" srcset=\"https:\/\/www.leriff.ch\/wp-content\/uploads\/2020\/09\/cbd-cannabis-huile-grossiste-venteengros-leriff003-150x150.jpeg 150w, https:\/\/www.leriff.ch\/wp-content\/uploads\/2020\/09\/cbd-cannabis-huile-grossiste-venteengros-leriff003-1024x1024.jpeg 1024w, https:\/\/www.leriff.ch\/wp-content\/uploads\/2020\/09\/cbd-cannabis-huile-grossiste-venteengros-leriff003-100x100.jpeg 100w\" sizes=\"(max-width: 150px) 100vw, 150px\" \/><\/a><\/span><\/span><span class=\"s1\">Unser CBD-Cannabis im Gro\u00dfhandel ist garantiert <em>100 % Swiss Made<\/em> mit einem THC-Gehalt von weniger als 1 % und einem <em>CBD<\/em>-Gehalt von 14 % bis 18 % je nach Ernte mit Zertifizierung durch ein zugelassenes Labor. Wir wollen maximale Transparenz bei unseren Produkten.<br \/><\/span><span class=\"s1\">Unser Cannabis wird auf den B\u00f6den des Seelands in der reinsten Tradition der Schweizer Hanfbauern angebaut, ist biologisch und stammt aus umweltbewusster Landwirtschaft.<\/span><strong><span class=\"s1\"><br \/><\/span><\/strong><\/p>\n<p class=\"p1\"><span class=\"s1\"><b>Unser Rohstoff<br \/><\/b><\/span>Chez <em>Le Riff<\/em> Wir arbeiten ausschlie\u00dflich mit lokalen Produzenten zusammen, die die Schweizer Tradition des Hanfanbaus fortf\u00fchren, um Ihnen eine qualitativ hochwertige Pflanze zu bieten, die reich an Hanf ist <em>CBD<\/em>.<\/p>\n<p class=\"p1\"><span class=\"s1\"><b>Unsere ChartaW\u00e4hrend<br \/><\/b><\/span> des gesamten Produktions- und Herstellungsprozesses werden Tests durchgef\u00fchrt, um die Einhaltung der Schweizer <em>Qualit\u00e4tsstandards zu gew\u00e4hrleisten<\/em>.<\/p>\n<p class=\"p1\"><span class=\"s1\"><b>\u00d6kologischer Landbau und Umwelt<br \/><a href=\"https:\/\/www.leriff.ch\/wp-content\/uploads\/2020\/09\/cbd-cannabis-huile-grossiste-venteengros-leriff011-scaled.jpeg\"><img decoding=\"async\" class=\"alignright wp-image-7447 size-thumbnail\" title=\"Cannabisbl\u00fcten\" src=\"https:\/\/www.leriff.ch\/wp-content\/uploads\/2020\/09\/cbd-cannabis-huile-grossiste-venteengros-leriff011-150x150.jpeg\" alt=\"\" width=\"150\" height=\"150\" srcset=\"https:\/\/www.leriff.ch\/wp-content\/uploads\/2020\/09\/cbd-cannabis-huile-grossiste-venteengros-leriff011-150x150.jpeg 150w, https:\/\/www.leriff.ch\/wp-content\/uploads\/2020\/09\/cbd-cannabis-huile-grossiste-venteengros-leriff011-1024x1024.jpeg 1024w, https:\/\/www.leriff.ch\/wp-content\/uploads\/2020\/09\/cbd-cannabis-huile-grossiste-venteengros-leriff011-100x100.jpeg 100w\" sizes=\"(max-width: 150px) 100vw, 150px\" \/><\/a><\/b><\/span><span class=\"s1\">Unser cbd Cannabis ist 100% biologisch, ohne Pestizide oder chemische D\u00fcngemittel angebaut. Wir haben uns f\u00fcr den Gew\u00e4chshausanbau entschieden, um unseren CO2-Fu\u00dfabdruck zu reduzieren und das ganze Jahr \u00fcber ein optimales Pflanzenwachstum zu gew\u00e4hrleisten.<br \/><\/span><span class=\"s1\">Unsere leidenschaftlichen Landwirte arbeiten daran, das beste Cannabis zu produzieren und gleichzeitig die Umwelt zu respektieren. <\/span><\/p>\n<p class=\"p1\"><span class=\"s1\"><b>Unsere PartnerVon<br \/><\/b><\/span> der Verpackung bis zu den Nebenprodukten arbeiten wir mit lokalen Unternehmen zusammen, um die R\u00fcckverfolgbarkeit unserer Produkte zu garantieren und Ihnen das Beste zu bieten, was die Schweiz zu bieten hat!<\/p>\n<div data-block-name=\"woocommerce\/product-new\" data-categories=\"[654,128]\" data-rows=\"1\" class=\"wc-block-grid wp-block-product-new wp-block-woocommerce-product-new wc-block-product-new has-3-columns\"><ul class=\"wc-block-grid__products\"><li class=\"wc-block-grid__product\">\n\t\t\t\t<a href=\"https:\/\/www.leriff.ch\/de\/produkt\/gorilla-green-house-2\/\" class=\"wc-block-grid__product-link\">\n\t\t\t\t\t\n\t\t\t\t\t<div class=\"wc-block-grid__product-image\"><img decoding=\"async\" width=\"1024\" height=\"1024\" src=\"https:\/\/www.leriff.ch\/wp-content\/uploads\/woocommerce-placeholder-1024x1024.png\" class=\"woocommerce-placeholder wp-post-image\" alt=\"\" srcset=\"https:\/\/www.leriff.ch\/wp-content\/uploads\/woocommerce-placeholder.png 1024w, https:\/\/www.leriff.ch\/wp-content\/uploads\/woocommerce-placeholder-300x300.png 300w, https:\/\/www.leriff.ch\/wp-content\/uploads\/woocommerce-placeholder-100x100.png 100w, https:\/\/www.leriff.ch\/wp-content\/uploads\/woocommerce-placeholder-150x150.png 150w, https:\/\/www.leriff.ch\/wp-content\/uploads\/woocommerce-placeholder-768x768.png 768w, https:\/\/www.leriff.ch\/wp-content\/uploads\/woocommerce-placeholder-80x80.png 80w\" sizes=\"(max-width: 1024px) 100vw, 1024px\" \/><\/div>\n\t\t\t\t\t<div class=\"wc-block-grid__product-title\">Gorilla | Green House<\/div>\n\t\t\t\t<\/a>\n\t\t\t\t<div class=\"wc-block-grid__product-price price\"><span class=\"woocommerce-Price-amount amount\">54.00&nbsp;<span class=\"woocommerce-Price-currencySymbol\">&#067;&#072;&#070;<\/span><\/span><\/div>\n\t\t\t\t\n\t\t\t\t<div class=\"wp-block-button wc-block-grid__product-add-to-cart\"><a href=\"https:\/\/www.leriff.ch\/de\/produkt\/gorilla-green-house-2\/\" aria-label=\"Lese mehr \u00fcber &#8222;Gorilla | Green House&#8220;\" data-quantity=\"1\" data-product_id=\"41224\" data-product_sku=\"\" data-price=\"54\" rel=\"nofollow\" class=\"wp-block-button__link  add_to_cart_button\">Weiterlesen<\/a><\/div>\n\t\t\t<\/li><li class=\"wc-block-grid__product\">\n\t\t\t\t<a href=\"https:\/\/www.leriff.ch\/de\/produkt\/lemon-green-house\/\" class=\"wc-block-grid__product-link\">\n\t\t\t\t\t\n\t\t\t\t\t<div class=\"wc-block-grid__product-image\"><img decoding=\"async\" width=\"429\" height=\"598\" src=\"https:\/\/www.leriff.ch\/wp-content\/uploads\/2021\/04\/105x148-LEMON-20CHF-12G.jpg\" class=\"attachment-woocommerce_thumbnail size-woocommerce_thumbnail\" alt=\"Fleurs CBD Lemon Green House lemon cbd Fleurs de Cannabis CBD Suisse\" srcset=\"https:\/\/www.leriff.ch\/wp-content\/uploads\/2021\/04\/105x148-LEMON-20CHF-12G.jpg 429w, https:\/\/www.leriff.ch\/wp-content\/uploads\/2021\/04\/105x148-LEMON-20CHF-12G-215x300.jpg 215w\" sizes=\"(max-width: 429px) 100vw, 429px\" \/><\/div>\n\t\t\t\t\t<div class=\"wc-block-grid__product-title\">Lemon | Green House<\/div>\n\t\t\t\t<\/a>\n\t\t\t\t<div class=\"wc-block-grid__product-price price\"><span class=\"woocommerce-Price-amount amount\">20.00&nbsp;<span class=\"woocommerce-Price-currencySymbol\">&#067;&#072;&#070;<\/span><\/span><\/div>\n\t\t\t\t\n\t\t\t\t<div class=\"wp-block-button wc-block-grid__product-add-to-cart\"><a href=\"\/de\/wp-json\/wp\/v2\/pages\/41735?add-to-cart=40039\" aria-label=\"In den Warenkorb legen: \u201eLemon | Green House\u201c\" data-quantity=\"1\" data-product_id=\"40039\" data-product_sku=\"\" data-price=\"20\" rel=\"nofollow\" class=\"wp-block-button__link  add_to_cart_button ajax_add_to_cart\">In den Warenkorb<\/a><\/div>\n\t\t\t<\/li><li class=\"wc-block-grid__product\">\n\t\t\t\t<a href=\"https:\/\/www.leriff.ch\/de\/produkt\/cannatonic-green-house-leriff\/\" class=\"wc-block-grid__product-link\">\n\t\t\t\t\t\n\t\t\t\t\t<div class=\"wc-block-grid__product-image\"><img decoding=\"async\" width=\"429\" height=\"598\" src=\"https:\/\/www.leriff.ch\/wp-content\/uploads\/2021\/04\/105x148-CANNATONIC-20CHF-10g.jpg\" class=\"attachment-woocommerce_thumbnail size-woocommerce_thumbnail\" alt=\"Cannatonic | Green House - Fleurs de CBD Cannabis Suisse - Le Riff\" srcset=\"https:\/\/www.leriff.ch\/wp-content\/uploads\/2021\/04\/105x148-CANNATONIC-20CHF-10g.jpg 429w, https:\/\/www.leriff.ch\/wp-content\/uploads\/2021\/04\/105x148-CANNATONIC-20CHF-10g-215x300.jpg 215w\" sizes=\"(max-width: 429px) 100vw, 429px\" \/><\/div>\n\t\t\t\t\t<div class=\"wc-block-grid__product-title\">Cannatonic | Green House<\/div>\n\t\t\t\t<\/a>\n\t\t\t\t<div class=\"wc-block-grid__product-price price\"><span class=\"woocommerce-Price-amount amount\">20.00&nbsp;<span class=\"woocommerce-Price-currencySymbol\">&#067;&#072;&#070;<\/span><\/span><\/div>\n\t\t\t\t\n\t\t\t\t<div class=\"wp-block-button wc-block-grid__product-add-to-cart\"><a href=\"\/de\/wp-json\/wp\/v2\/pages\/41735?add-to-cart=40032\" aria-label=\"In den Warenkorb legen: \u201eCannatonic | Green House\u201c\" data-quantity=\"1\" data-product_id=\"40032\" data-product_sku=\"\" data-price=\"20\" rel=\"nofollow\" class=\"wp-block-button__link  add_to_cart_button ajax_add_to_cart\">In den Warenkorb<\/a><\/div>\n\t\t\t<\/li><\/ul><\/div>","protected":false},"excerpt":{"rendered":"<p>Entdecken Sie unsere Schweizer CBD-Gro\u00dfh\u00e4ndler-Produkte! Unsere ProdukteUnser CBD-Cannabis im Gro\u00dfhandel ist garantiert 100 % Swiss Made mit einem THC-Gehalt von weniger als 1 % und einem CBD-Gehalt von 14 % bis 18 % je nach Ernte mit Zertifizierung durch ein zugelassenes Labor. Wir wollen maximale Transparenz bei unseren Produkten.Unser Cannabis wird auf den B\u00f6den des [&hellip;]<\/p>\n","protected":false},"author":2,"featured_media":0,"parent":0,"menu_order":0,"comment_status":"closed","ping_status":"closed","template":"","meta":{"inline_featured_image":false,"footnotes":""},"class_list":["post-41735","page","type-page","status-publish","hentry"],"yoast_head":"<!-- This site is optimized with the Yoast SEO Premium plugin v25.9 (Yoast SEO v27.4) - https:\/\/yoast.com\/product\/yoast-seo-premium-wordpress\/ -->\n<title>Verkauf von Cannabis CBD Schweiz Gro\u00dfh\u00e4ndler - Le Riff - CBD Gro\u00dfh\u00e4ndler<\/title>\n<meta name=\"description\" content=\"CBD Grosshandel CBD Schweiz - Entdecken Sie unsere CBD-Produkte auf Basis von Bio-Cannabis! Verkauf von legalem Cannabis in der Schweiz, Frankreich, Italien, Deutschland.\" \/>\n<meta name=\"robots\" content=\"index, follow, max-snippet:-1, max-image-preview:large, max-video-preview:-1\" \/>\n<link rel=\"canonical\" href=\"https:\/\/www.leriff.ch\/de\/verkauf-von-cannabis-cbd-schweiz\/\" \/>\n<meta property=\"og:locale\" content=\"de_DE\" \/>\n<meta property=\"og:type\" content=\"article\" \/>\n<meta property=\"og:title\" content=\"Verkauf von Cannabis CBD Schweiz\" \/>\n<meta property=\"og:description\" content=\"CBD Grosshandel CBD Schweiz - Entdecken Sie unsere CBD-Produkte auf Basis von Bio-Cannabis! Verkauf von legalem Cannabis in der Schweiz, Frankreich, Italien, Deutschland.\" \/>\n<meta property=\"og:url\" content=\"https:\/\/www.leriff.ch\/de\/verkauf-von-cannabis-cbd-schweiz\/\" \/>\n<meta property=\"og:site_name\" content=\"Le Riff\" \/>\n<meta property=\"article:publisher\" content=\"https:\/\/www.facebook.com\/Leriff.ch\" \/>\n<meta property=\"article:modified_time\" content=\"2022-05-11T13:02:54+00:00\" \/>\n<meta property=\"og:image\" content=\"https:\/\/www.leriff.ch\/wp-content\/uploads\/2020\/09\/cbd-cannabis-huile-grossiste-venteengros-leriff003-150x150.jpeg\" \/>\n<meta name=\"twitter:card\" content=\"summary_large_image\" \/>\n<meta name=\"twitter:label1\" content=\"Gesch\u00e4tzte Lesezeit\" \/>\n\t<meta name=\"twitter:data1\" content=\"1\u00a0Minute\" \/>\n<script type=\"application\/ld+json\" class=\"yoast-schema-graph\">{\"@context\":\"https:\\\/\\\/schema.org\",\"@graph\":[{\"@type\":\"WebPage\",\"@id\":\"https:\\\/\\\/www.leriff.ch\\\/de\\\/verkauf-von-cannabis-cbd-schweiz\\\/\",\"url\":\"https:\\\/\\\/www.leriff.ch\\\/de\\\/verkauf-von-cannabis-cbd-schweiz\\\/\",\"name\":\"Verkauf von Cannabis CBD Schweiz Gro\u00dfh\u00e4ndler - Le Riff - CBD Gro\u00dfh\u00e4ndler\",\"isPartOf\":{\"@id\":\"https:\\\/\\\/www.leriff.ch\\\/de\\\/#website\"},\"primaryImageOfPage\":{\"@id\":\"https:\\\/\\\/www.leriff.ch\\\/de\\\/verkauf-von-cannabis-cbd-schweiz\\\/#primaryimage\"},\"image\":{\"@id\":\"https:\\\/\\\/www.leriff.ch\\\/de\\\/verkauf-von-cannabis-cbd-schweiz\\\/#primaryimage\"},\"thumbnailUrl\":\"https:\\\/\\\/www.leriff.ch\\\/wp-content\\\/uploads\\\/2020\\\/09\\\/cbd-cannabis-huile-grossiste-venteengros-leriff003-150x150.jpeg\",\"datePublished\":\"2022-05-11T12:46:00+00:00\",\"dateModified\":\"2022-05-11T13:02:54+00:00\",\"description\":\"CBD Grosshandel CBD Schweiz - Entdecken Sie unsere CBD-Produkte auf Basis von Bio-Cannabis! Verkauf von legalem Cannabis in der Schweiz, Frankreich, Italien, Deutschland.\",\"breadcrumb\":{\"@id\":\"https:\\\/\\\/www.leriff.ch\\\/de\\\/verkauf-von-cannabis-cbd-schweiz\\\/#breadcrumb\"},\"inLanguage\":\"de\",\"potentialAction\":[{\"@type\":\"ReadAction\",\"target\":[\"https:\\\/\\\/www.leriff.ch\\\/de\\\/verkauf-von-cannabis-cbd-schweiz\\\/\"]}]},{\"@type\":\"ImageObject\",\"inLanguage\":\"de\",\"@id\":\"https:\\\/\\\/www.leriff.ch\\\/de\\\/verkauf-von-cannabis-cbd-schweiz\\\/#primaryimage\",\"url\":\"https:\\\/\\\/www.leriff.ch\\\/wp-content\\\/uploads\\\/2020\\\/09\\\/cbd-cannabis-huile-grossiste-venteengros-leriff003-150x150.jpeg\",\"contentUrl\":\"https:\\\/\\\/www.leriff.ch\\\/wp-content\\\/uploads\\\/2020\\\/09\\\/cbd-cannabis-huile-grossiste-venteengros-leriff003-150x150.jpeg\"},{\"@type\":\"BreadcrumbList\",\"@id\":\"https:\\\/\\\/www.leriff.ch\\\/de\\\/verkauf-von-cannabis-cbd-schweiz\\\/#breadcrumb\",\"itemListElement\":[{\"@type\":\"ListItem\",\"position\":1,\"name\":\"Accueil\",\"item\":\"https:\\\/\\\/www.leriff.ch\\\/de\\\/\"},{\"@type\":\"ListItem\",\"position\":2,\"name\":\"Verkauf von Cannabis CBD Schweiz\"}]},{\"@type\":\"WebSite\",\"@id\":\"https:\\\/\\\/www.leriff.ch\\\/de\\\/#website\",\"url\":\"https:\\\/\\\/www.leriff.ch\\\/de\\\/\",\"name\":\"Le Riff\",\"description\":\"Fleurs de Cannabis CBD\",\"publisher\":{\"@id\":\"https:\\\/\\\/www.leriff.ch\\\/de\\\/#organization\"},\"potentialAction\":[{\"@type\":\"SearchAction\",\"target\":{\"@type\":\"EntryPoint\",\"urlTemplate\":\"https:\\\/\\\/www.leriff.ch\\\/de\\\/?s={search_term_string}\"},\"query-input\":{\"@type\":\"PropertyValueSpecification\",\"valueRequired\":true,\"valueName\":\"search_term_string\"}}],\"inLanguage\":\"de\"},{\"@type\":\"Organization\",\"@id\":\"https:\\\/\\\/www.leriff.ch\\\/de\\\/#organization\",\"name\":\"le riff\",\"url\":\"https:\\\/\\\/www.leriff.ch\\\/de\\\/\",\"logo\":{\"@type\":\"ImageObject\",\"inLanguage\":\"de\",\"@id\":\"https:\\\/\\\/www.leriff.ch\\\/de\\\/#\\\/schema\\\/logo\\\/image\\\/\",\"url\":\"https:\\\/\\\/www.leriff.ch\\\/wp-content\\\/uploads\\\/2019\\\/10\\\/logo_carre.png\",\"contentUrl\":\"https:\\\/\\\/www.leriff.ch\\\/wp-content\\\/uploads\\\/2019\\\/10\\\/logo_carre.png\",\"width\":130,\"height\":130,\"caption\":\"le riff\"},\"image\":{\"@id\":\"https:\\\/\\\/www.leriff.ch\\\/de\\\/#\\\/schema\\\/logo\\\/image\\\/\"},\"sameAs\":[\"https:\\\/\\\/www.facebook.com\\\/Leriff.ch\"]}]}<\/script>\n<!-- \/ Yoast SEO Premium plugin. -->","yoast_head_json":{"title":"Verkauf von Cannabis CBD Schweiz Gro\u00dfh\u00e4ndler - Le Riff - CBD Gro\u00dfh\u00e4ndler","description":"CBD Grosshandel CBD Schweiz - Entdecken Sie unsere CBD-Produkte auf Basis von Bio-Cannabis! Verkauf von legalem Cannabis in der Schweiz, Frankreich, Italien, Deutschland.","robots":{"index":"index","follow":"follow","max-snippet":"max-snippet:-1","max-image-preview":"max-image-preview:large","max-video-preview":"max-video-preview:-1"},"canonical":"https:\/\/www.leriff.ch\/de\/verkauf-von-cannabis-cbd-schweiz\/","og_locale":"de_DE","og_type":"article","og_title":"Verkauf von Cannabis CBD Schweiz","og_description":"CBD Grosshandel CBD Schweiz - Entdecken Sie unsere CBD-Produkte auf Basis von Bio-Cannabis! Verkauf von legalem Cannabis in der Schweiz, Frankreich, Italien, Deutschland.","og_url":"https:\/\/www.leriff.ch\/de\/verkauf-von-cannabis-cbd-schweiz\/","og_site_name":"Le Riff","article_publisher":"https:\/\/www.facebook.com\/Leriff.ch","article_modified_time":"2022-05-11T13:02:54+00:00","og_image":[{"url":"https:\/\/www.leriff.ch\/wp-content\/uploads\/2020\/09\/cbd-cannabis-huile-grossiste-venteengros-leriff003-150x150.jpeg","type":"","width":"","height":""}],"twitter_card":"summary_large_image","twitter_misc":{"Gesch\u00e4tzte Lesezeit":"1\u00a0Minute"},"schema":{"@context":"https:\/\/schema.org","@graph":[{"@type":"WebPage","@id":"https:\/\/www.leriff.ch\/de\/verkauf-von-cannabis-cbd-schweiz\/","url":"https:\/\/www.leriff.ch\/de\/verkauf-von-cannabis-cbd-schweiz\/","name":"Verkauf von Cannabis CBD Schweiz Gro\u00dfh\u00e4ndler - Le Riff - CBD Gro\u00dfh\u00e4ndler","isPartOf":{"@id":"https:\/\/www.leriff.ch\/de\/#website"},"primaryImageOfPage":{"@id":"https:\/\/www.leriff.ch\/de\/verkauf-von-cannabis-cbd-schweiz\/#primaryimage"},"image":{"@id":"https:\/\/www.leriff.ch\/de\/verkauf-von-cannabis-cbd-schweiz\/#primaryimage"},"thumbnailUrl":"https:\/\/www.leriff.ch\/wp-content\/uploads\/2020\/09\/cbd-cannabis-huile-grossiste-venteengros-leriff003-150x150.jpeg","datePublished":"2022-05-11T12:46:00+00:00","dateModified":"2022-05-11T13:02:54+00:00","description":"CBD Grosshandel CBD Schweiz - Entdecken Sie unsere CBD-Produkte auf Basis von Bio-Cannabis! Verkauf von legalem Cannabis in der Schweiz, Frankreich, Italien, Deutschland.","breadcrumb":{"@id":"https:\/\/www.leriff.ch\/de\/verkauf-von-cannabis-cbd-schweiz\/#breadcrumb"},"inLanguage":"de","potentialAction":[{"@type":"ReadAction","target":["https:\/\/www.leriff.ch\/de\/verkauf-von-cannabis-cbd-schweiz\/"]}]},{"@type":"ImageObject","inLanguage":"de","@id":"https:\/\/www.leriff.ch\/de\/verkauf-von-cannabis-cbd-schweiz\/#primaryimage","url":"https:\/\/www.leriff.ch\/wp-content\/uploads\/2020\/09\/cbd-cannabis-huile-grossiste-venteengros-leriff003-150x150.jpeg","contentUrl":"https:\/\/www.leriff.ch\/wp-content\/uploads\/2020\/09\/cbd-cannabis-huile-grossiste-venteengros-leriff003-150x150.jpeg"},{"@type":"BreadcrumbList","@id":"https:\/\/www.leriff.ch\/de\/verkauf-von-cannabis-cbd-schweiz\/#breadcrumb","itemListElement":[{"@type":"ListItem","position":1,"name":"Accueil","item":"https:\/\/www.leriff.ch\/de\/"},{"@type":"ListItem","position":2,"name":"Verkauf von Cannabis CBD Schweiz"}]},{"@type":"WebSite","@id":"https:\/\/www.leriff.ch\/de\/#website","url":"https:\/\/www.leriff.ch\/de\/","name":"Le Riff","description":"Fleurs de Cannabis CBD","publisher":{"@id":"https:\/\/www.leriff.ch\/de\/#organization"},"potentialAction":[{"@type":"SearchAction","target":{"@type":"EntryPoint","urlTemplate":"https:\/\/www.leriff.ch\/de\/?s={search_term_string}"},"query-input":{"@type":"PropertyValueSpecification","valueRequired":true,"valueName":"search_term_string"}}],"inLanguage":"de"},{"@type":"Organization","@id":"https:\/\/www.leriff.ch\/de\/#organization","name":"le riff","url":"https:\/\/www.leriff.ch\/de\/","logo":{"@type":"ImageObject","inLanguage":"de","@id":"https:\/\/www.leriff.ch\/de\/#\/schema\/logo\/image\/","url":"https:\/\/www.leriff.ch\/wp-content\/uploads\/2019\/10\/logo_carre.png","contentUrl":"https:\/\/www.leriff.ch\/wp-content\/uploads\/2019\/10\/logo_carre.png","width":130,"height":130,"caption":"le riff"},"image":{"@id":"https:\/\/www.leriff.ch\/de\/#\/schema\/logo\/image\/"},"sameAs":["https:\/\/www.facebook.com\/Leriff.ch"]}]}},"_links":{"self":[{"href":"https:\/\/www.leriff.ch\/de\/wp-json\/wp\/v2\/pages\/41735","targetHints":{"allow":["GET"]}}],"collection":[{"href":"https:\/\/www.leriff.ch\/de\/wp-json\/wp\/v2\/pages"}],"about":[{"href":"https:\/\/www.leriff.ch\/de\/wp-json\/wp\/v2\/types\/page"}],"author":[{"embeddable":true,"href":"https:\/\/www.leriff.ch\/de\/wp-json\/wp\/v2\/users\/2"}],"replies":[{"embeddable":true,"href":"https:\/\/www.leriff.ch\/de\/wp-json\/wp\/v2\/comments?post=41735"}],"version-history":[{"count":5,"href":"https:\/\/www.leriff.ch\/de\/wp-json\/wp\/v2\/pages\/41735\/revisions"}],"predecessor-version":[{"id":41757,"href":"https:\/\/www.leriff.ch\/de\/wp-json\/wp\/v2\/pages\/41735\/revisions\/41757"}],"wp:attachment":[{"href":"https:\/\/www.leriff.ch\/de\/wp-json\/wp\/v2\/media?parent=41735"}],"curies":[{"name":"wp","href":"https:\/\/api.w.org\/{rel}","templated":true}]}}