{"id":41761,"date":"2022-05-11T13:20:40","date_gmt":"2022-05-11T13:20:40","guid":{"rendered":"https:\/\/www.leriff.ch\/cannabis-cbd-bio-schweiz-verkauf-und-lieferung\/"},"modified":"2022-05-11T13:20:40","modified_gmt":"2022-05-11T13:20:40","slug":"cannabis-cbd-bio-schweiz-verkauf-und-lieferung","status":"publish","type":"page","link":"https:\/\/www.leriff.ch\/de\/cannabis-cbd-bio-schweiz-verkauf-und-lieferung\/","title":{"rendered":"Cannabis cbd bio Schweiz &#8211; Verkauf und Lieferung"},"content":{"rendered":"<blockquote><p><span class=\"st\"><em>Entdecken Sie unser Cannabis CBD Schweiz!<br \/>\n<\/em><\/span><\/p><\/blockquote>\n<p><span title=\"Unsere Produkte \"><strong>CBD Schweiz kaufen<\/strong><br \/>\n<\/span><span class=\"\" lang=\"fr\"><span title=\"Unsere Marke \"><a href=\"https:\/\/www.cbdventeengros.ch\/\" rel=\"Champs de Cannabis Suisse CBD\"><img decoding=\"async\" class=\"alignleft wp-image-7427 size-thumbnail\" title=\"Schweizer CBD-Cannabisfelder\" src=\"https:\/\/www.leriff.ch\/wp-content\/uploads\/2020\/09\/cbd-cannabis-huile-grossiste-venteengros-leriff001-150x150.jpeg\" alt=\"\" width=\"150\" height=\"150\" srcset=\"https:\/\/www.leriff.ch\/wp-content\/uploads\/2020\/09\/cbd-cannabis-huile-grossiste-venteengros-leriff001-150x150.jpeg 150w, https:\/\/www.leriff.ch\/wp-content\/uploads\/2020\/09\/cbd-cannabis-huile-grossiste-venteengros-leriff001-1024x1024.jpeg 1024w, https:\/\/www.leriff.ch\/wp-content\/uploads\/2020\/09\/cbd-cannabis-huile-grossiste-venteengros-leriff001-100x100.jpeg 100w\" sizes=\"(max-width: 150px) 100vw, 150px\" \/><\/a><\/span><\/span><span class=\"s1\">Unser cbd-Cannabis ist garantiert <em>100 % Swiss Made<\/em> mit einem THC-Gehalt von weniger als 1 % und einem <em>CBD<\/em>-Gehalt von 14 % bis 18 %, je nach Ernte, mit Zertifizierung durch ein zugelassenes Labor. Wir wollen maximale Transparenz bei unseren Produkten.<br \/>\n<\/span><span class=\"s1\">Unser Cannabis wird auf den B\u00f6den von Seeland in der reinsten Tradition der Schweizer Hanfbauern angebaut, ist biologisch und stammt aus umweltbewusster Landwirtschaft.<\/span><strong><span class=\"s1\"><br \/>\n<\/span><\/strong><\/p>\n<p class=\"p1\"><span class=\"s1\"><b>Unser Rohstoff<br \/>\n<\/b><\/span>Chez <em>Le Riff<\/em> Wir arbeiten ausschlie\u00dflich mit lokalen Produzenten zusammen, die die Schweizer Tradition des Hanfanbaus fortf\u00fchren, um Ihnen eine qualitativ hochwertige Pflanze zu bieten, die reich an Hanf ist <em>CBD<\/em>.<\/p>\n<p class=\"p1\"><span class=\"s1\"><b>Unsere ChartaW\u00e4hrend<br \/>\n<\/b><\/span> des gesamten Produktions- und Herstellungsprozesses werden Tests durchgef\u00fchrt, um die Einhaltung der Schweizer <em>Qualit\u00e4tsstandards zu gew\u00e4hrleisten<\/em>.<\/p>\n<p class=\"p1\"><span class=\"s1\"><b>\u00d6kologischer Landbau und Umwelt<br \/>\n<a href=\"https:\/\/evetica.ch\/\" rel=\"Huile de cbd - Evetica\"><img decoding=\"async\" class=\"alignleft wp-image-7415 size-thumbnail\" title=\"Cbd-\u00d6le - Evetica\" src=\"https:\/\/www.leriff.ch\/wp-content\/uploads\/2020\/05\/huile-cbd-evetica-5-10-20-30-concentrate-150x150.jpg\" alt=\"\" width=\"150\" height=\"150\" srcset=\"https:\/\/www.leriff.ch\/wp-content\/uploads\/2020\/05\/huile-cbd-evetica-5-10-20-30-concentrate-150x150.jpg 150w, https:\/\/www.leriff.ch\/wp-content\/uploads\/2020\/05\/huile-cbd-evetica-5-10-20-30-concentrate-300x300.jpg 300w, https:\/\/www.leriff.ch\/wp-content\/uploads\/2020\/05\/huile-cbd-evetica-5-10-20-30-concentrate-100x100.jpg 100w, https:\/\/www.leriff.ch\/wp-content\/uploads\/2020\/05\/huile-cbd-evetica-5-10-20-30-concentrate.jpg 330w\" sizes=\"(max-width: 150px) 100vw, 150px\" \/><\/a><\/b><\/span><span class=\"s1\">Unser cbd Cannabis ist 100% biologisch, ohne Pestizide oder chemische D\u00fcngemittel angebaut. Wir haben uns f\u00fcr den Gew\u00e4chshausanbau entschieden, um unseren CO2-Fu\u00dfabdruck zu reduzieren und das ganze Jahr \u00fcber ein optimales Pflanzenwachstum zu gew\u00e4hrleisten.<br \/>\n<\/span><span class=\"s1\">Unsere leidenschaftlichen Landwirte arbeiten daran, das beste Cannabis zu produzieren und gleichzeitig die Umwelt zu respektieren. <\/span><\/p>\n<p class=\"p1\"><span class=\"s1\"><b>Unsere PartnerVon<br \/>\n<\/b><\/span> der Verpackung bis zu den Nebenprodukten arbeiten wir mit lokalen Unternehmen zusammen, um die R\u00fcckverfolgbarkeit unserer Produkte zu garantieren und Ihnen das Beste zu bieten, was die Schweiz zu bieten hat!<\/p>\n","protected":false},"excerpt":{"rendered":"<p>Entdecken Sie unser Cannabis CBD Schweiz! CBD Schweiz kaufen Unser cbd-Cannabis ist garantiert 100 % Swiss Made mit einem THC-Gehalt von weniger als 1 % und einem CBD-Gehalt von 14 % bis 18 %, je nach Ernte, mit Zertifizierung durch ein zugelassenes Labor. Wir wollen maximale Transparenz bei unseren Produkten. Unser Cannabis wird auf den [&hellip;]<\/p>\n","protected":false},"author":2,"featured_media":0,"parent":0,"menu_order":0,"comment_status":"closed","ping_status":"closed","template":"","meta":{"inline_featured_image":false,"footnotes":""},"class_list":["post-41761","page","type-page","status-publish","hentry"],"yoast_head":"<!-- This site is optimized with the Yoast SEO Premium plugin v25.9 (Yoast SEO v27.4) - https:\/\/yoast.com\/product\/yoast-seo-premium-wordpress\/ -->\n<title>Cannabis cbd bio Schweiz - Verkauf und Lieferung - Le Riff<\/title>\n<meta name=\"description\" content=\"CBD-Gro\u00dfhandel: Entdecken Sie unsere Bio-CBD-Cannabisprodukte! Bio-Cannabis cbd legal Schweiz - Verkauf und Lieferung Genf\" \/>\n<meta name=\"robots\" content=\"index, follow, max-snippet:-1, max-image-preview:large, max-video-preview:-1\" \/>\n<link rel=\"canonical\" href=\"https:\/\/www.leriff.ch\/de\/cannabis-cbd-bio-schweiz-verkauf-und-lieferung\/\" \/>\n<meta property=\"og:locale\" content=\"de_DE\" \/>\n<meta property=\"og:type\" content=\"article\" \/>\n<meta property=\"og:title\" content=\"Cannabis cbd bio Schweiz - Verkauf und Lieferung\" \/>\n<meta property=\"og:description\" content=\"CBD-Gro\u00dfhandel: Entdecken Sie unsere Bio-CBD-Cannabisprodukte! Bio-Cannabis cbd legal Schweiz - Verkauf und Lieferung Genf\" \/>\n<meta property=\"og:url\" content=\"https:\/\/www.leriff.ch\/de\/cannabis-cbd-bio-schweiz-verkauf-und-lieferung\/\" \/>\n<meta property=\"og:site_name\" content=\"Le Riff\" \/>\n<meta property=\"article:publisher\" content=\"https:\/\/www.facebook.com\/Leriff.ch\" \/>\n<meta property=\"og:image\" content=\"https:\/\/www.leriff.ch\/wp-content\/uploads\/2020\/09\/cbd-cannabis-huile-grossiste-venteengros-leriff001-150x150.jpeg\" \/>\n<meta name=\"twitter:card\" content=\"summary_large_image\" \/>\n<meta name=\"twitter:label1\" content=\"Gesch\u00e4tzte Lesezeit\" \/>\n\t<meta name=\"twitter:data1\" content=\"1\u00a0Minute\" \/>\n<script type=\"application\/ld+json\" class=\"yoast-schema-graph\">{\"@context\":\"https:\\\/\\\/schema.org\",\"@graph\":[{\"@type\":\"WebPage\",\"@id\":\"https:\\\/\\\/www.leriff.ch\\\/de\\\/cannabis-cbd-bio-schweiz-verkauf-und-lieferung\\\/\",\"url\":\"https:\\\/\\\/www.leriff.ch\\\/de\\\/cannabis-cbd-bio-schweiz-verkauf-und-lieferung\\\/\",\"name\":\"Cannabis cbd bio Schweiz - Verkauf und Lieferung - Le Riff\",\"isPartOf\":{\"@id\":\"https:\\\/\\\/www.leriff.ch\\\/de\\\/#website\"},\"primaryImageOfPage\":{\"@id\":\"https:\\\/\\\/www.leriff.ch\\\/de\\\/cannabis-cbd-bio-schweiz-verkauf-und-lieferung\\\/#primaryimage\"},\"image\":{\"@id\":\"https:\\\/\\\/www.leriff.ch\\\/de\\\/cannabis-cbd-bio-schweiz-verkauf-und-lieferung\\\/#primaryimage\"},\"thumbnailUrl\":\"https:\\\/\\\/www.leriff.ch\\\/wp-content\\\/uploads\\\/2020\\\/09\\\/cbd-cannabis-huile-grossiste-venteengros-leriff001-150x150.jpeg\",\"datePublished\":\"2022-05-11T13:20:40+00:00\",\"description\":\"CBD-Gro\u00dfhandel: Entdecken Sie unsere Bio-CBD-Cannabisprodukte! Bio-Cannabis cbd legal Schweiz - Verkauf und Lieferung Genf\",\"breadcrumb\":{\"@id\":\"https:\\\/\\\/www.leriff.ch\\\/de\\\/cannabis-cbd-bio-schweiz-verkauf-und-lieferung\\\/#breadcrumb\"},\"inLanguage\":\"de\",\"potentialAction\":[{\"@type\":\"ReadAction\",\"target\":[\"https:\\\/\\\/www.leriff.ch\\\/de\\\/cannabis-cbd-bio-schweiz-verkauf-und-lieferung\\\/\"]}]},{\"@type\":\"ImageObject\",\"inLanguage\":\"de\",\"@id\":\"https:\\\/\\\/www.leriff.ch\\\/de\\\/cannabis-cbd-bio-schweiz-verkauf-und-lieferung\\\/#primaryimage\",\"url\":\"https:\\\/\\\/www.leriff.ch\\\/wp-content\\\/uploads\\\/2020\\\/09\\\/cbd-cannabis-huile-grossiste-venteengros-leriff001-150x150.jpeg\",\"contentUrl\":\"https:\\\/\\\/www.leriff.ch\\\/wp-content\\\/uploads\\\/2020\\\/09\\\/cbd-cannabis-huile-grossiste-venteengros-leriff001-150x150.jpeg\"},{\"@type\":\"BreadcrumbList\",\"@id\":\"https:\\\/\\\/www.leriff.ch\\\/de\\\/cannabis-cbd-bio-schweiz-verkauf-und-lieferung\\\/#breadcrumb\",\"itemListElement\":[{\"@type\":\"ListItem\",\"position\":1,\"name\":\"Accueil\",\"item\":\"https:\\\/\\\/www.leriff.ch\\\/de\\\/\"},{\"@type\":\"ListItem\",\"position\":2,\"name\":\"Cannabis cbd bio Schweiz &#8211; Verkauf und Lieferung\"}]},{\"@type\":\"WebSite\",\"@id\":\"https:\\\/\\\/www.leriff.ch\\\/de\\\/#website\",\"url\":\"https:\\\/\\\/www.leriff.ch\\\/de\\\/\",\"name\":\"Le Riff\",\"description\":\"Fleurs de Cannabis CBD\",\"publisher\":{\"@id\":\"https:\\\/\\\/www.leriff.ch\\\/de\\\/#organization\"},\"potentialAction\":[{\"@type\":\"SearchAction\",\"target\":{\"@type\":\"EntryPoint\",\"urlTemplate\":\"https:\\\/\\\/www.leriff.ch\\\/de\\\/?s={search_term_string}\"},\"query-input\":{\"@type\":\"PropertyValueSpecification\",\"valueRequired\":true,\"valueName\":\"search_term_string\"}}],\"inLanguage\":\"de\"},{\"@type\":\"Organization\",\"@id\":\"https:\\\/\\\/www.leriff.ch\\\/de\\\/#organization\",\"name\":\"le riff\",\"url\":\"https:\\\/\\\/www.leriff.ch\\\/de\\\/\",\"logo\":{\"@type\":\"ImageObject\",\"inLanguage\":\"de\",\"@id\":\"https:\\\/\\\/www.leriff.ch\\\/de\\\/#\\\/schema\\\/logo\\\/image\\\/\",\"url\":\"https:\\\/\\\/www.leriff.ch\\\/wp-content\\\/uploads\\\/2019\\\/10\\\/logo_carre.png\",\"contentUrl\":\"https:\\\/\\\/www.leriff.ch\\\/wp-content\\\/uploads\\\/2019\\\/10\\\/logo_carre.png\",\"width\":130,\"height\":130,\"caption\":\"le riff\"},\"image\":{\"@id\":\"https:\\\/\\\/www.leriff.ch\\\/de\\\/#\\\/schema\\\/logo\\\/image\\\/\"},\"sameAs\":[\"https:\\\/\\\/www.facebook.com\\\/Leriff.ch\"]}]}<\/script>\n<!-- \/ Yoast SEO Premium plugin. -->","yoast_head_json":{"title":"Cannabis cbd bio Schweiz - Verkauf und Lieferung - Le Riff","description":"CBD-Gro\u00dfhandel: Entdecken Sie unsere Bio-CBD-Cannabisprodukte! Bio-Cannabis cbd legal Schweiz - Verkauf und Lieferung Genf","robots":{"index":"index","follow":"follow","max-snippet":"max-snippet:-1","max-image-preview":"max-image-preview:large","max-video-preview":"max-video-preview:-1"},"canonical":"https:\/\/www.leriff.ch\/de\/cannabis-cbd-bio-schweiz-verkauf-und-lieferung\/","og_locale":"de_DE","og_type":"article","og_title":"Cannabis cbd bio Schweiz - Verkauf und Lieferung","og_description":"CBD-Gro\u00dfhandel: Entdecken Sie unsere Bio-CBD-Cannabisprodukte! Bio-Cannabis cbd legal Schweiz - Verkauf und Lieferung Genf","og_url":"https:\/\/www.leriff.ch\/de\/cannabis-cbd-bio-schweiz-verkauf-und-lieferung\/","og_site_name":"Le Riff","article_publisher":"https:\/\/www.facebook.com\/Leriff.ch","og_image":[{"url":"https:\/\/www.leriff.ch\/wp-content\/uploads\/2020\/09\/cbd-cannabis-huile-grossiste-venteengros-leriff001-150x150.jpeg","type":"","width":"","height":""}],"twitter_card":"summary_large_image","twitter_misc":{"Gesch\u00e4tzte Lesezeit":"1\u00a0Minute"},"schema":{"@context":"https:\/\/schema.org","@graph":[{"@type":"WebPage","@id":"https:\/\/www.leriff.ch\/de\/cannabis-cbd-bio-schweiz-verkauf-und-lieferung\/","url":"https:\/\/www.leriff.ch\/de\/cannabis-cbd-bio-schweiz-verkauf-und-lieferung\/","name":"Cannabis cbd bio Schweiz - Verkauf und Lieferung - Le Riff","isPartOf":{"@id":"https:\/\/www.leriff.ch\/de\/#website"},"primaryImageOfPage":{"@id":"https:\/\/www.leriff.ch\/de\/cannabis-cbd-bio-schweiz-verkauf-und-lieferung\/#primaryimage"},"image":{"@id":"https:\/\/www.leriff.ch\/de\/cannabis-cbd-bio-schweiz-verkauf-und-lieferung\/#primaryimage"},"thumbnailUrl":"https:\/\/www.leriff.ch\/wp-content\/uploads\/2020\/09\/cbd-cannabis-huile-grossiste-venteengros-leriff001-150x150.jpeg","datePublished":"2022-05-11T13:20:40+00:00","description":"CBD-Gro\u00dfhandel: Entdecken Sie unsere Bio-CBD-Cannabisprodukte! Bio-Cannabis cbd legal Schweiz - Verkauf und Lieferung Genf","breadcrumb":{"@id":"https:\/\/www.leriff.ch\/de\/cannabis-cbd-bio-schweiz-verkauf-und-lieferung\/#breadcrumb"},"inLanguage":"de","potentialAction":[{"@type":"ReadAction","target":["https:\/\/www.leriff.ch\/de\/cannabis-cbd-bio-schweiz-verkauf-und-lieferung\/"]}]},{"@type":"ImageObject","inLanguage":"de","@id":"https:\/\/www.leriff.ch\/de\/cannabis-cbd-bio-schweiz-verkauf-und-lieferung\/#primaryimage","url":"https:\/\/www.leriff.ch\/wp-content\/uploads\/2020\/09\/cbd-cannabis-huile-grossiste-venteengros-leriff001-150x150.jpeg","contentUrl":"https:\/\/www.leriff.ch\/wp-content\/uploads\/2020\/09\/cbd-cannabis-huile-grossiste-venteengros-leriff001-150x150.jpeg"},{"@type":"BreadcrumbList","@id":"https:\/\/www.leriff.ch\/de\/cannabis-cbd-bio-schweiz-verkauf-und-lieferung\/#breadcrumb","itemListElement":[{"@type":"ListItem","position":1,"name":"Accueil","item":"https:\/\/www.leriff.ch\/de\/"},{"@type":"ListItem","position":2,"name":"Cannabis cbd bio Schweiz &#8211; Verkauf und Lieferung"}]},{"@type":"WebSite","@id":"https:\/\/www.leriff.ch\/de\/#website","url":"https:\/\/www.leriff.ch\/de\/","name":"Le Riff","description":"Fleurs de Cannabis CBD","publisher":{"@id":"https:\/\/www.leriff.ch\/de\/#organization"},"potentialAction":[{"@type":"SearchAction","target":{"@type":"EntryPoint","urlTemplate":"https:\/\/www.leriff.ch\/de\/?s={search_term_string}"},"query-input":{"@type":"PropertyValueSpecification","valueRequired":true,"valueName":"search_term_string"}}],"inLanguage":"de"},{"@type":"Organization","@id":"https:\/\/www.leriff.ch\/de\/#organization","name":"le riff","url":"https:\/\/www.leriff.ch\/de\/","logo":{"@type":"ImageObject","inLanguage":"de","@id":"https:\/\/www.leriff.ch\/de\/#\/schema\/logo\/image\/","url":"https:\/\/www.leriff.ch\/wp-content\/uploads\/2019\/10\/logo_carre.png","contentUrl":"https:\/\/www.leriff.ch\/wp-content\/uploads\/2019\/10\/logo_carre.png","width":130,"height":130,"caption":"le riff"},"image":{"@id":"https:\/\/www.leriff.ch\/de\/#\/schema\/logo\/image\/"},"sameAs":["https:\/\/www.facebook.com\/Leriff.ch"]}]}},"_links":{"self":[{"href":"https:\/\/www.leriff.ch\/de\/wp-json\/wp\/v2\/pages\/41761","targetHints":{"allow":["GET"]}}],"collection":[{"href":"https:\/\/www.leriff.ch\/de\/wp-json\/wp\/v2\/pages"}],"about":[{"href":"https:\/\/www.leriff.ch\/de\/wp-json\/wp\/v2\/types\/page"}],"author":[{"embeddable":true,"href":"https:\/\/www.leriff.ch\/de\/wp-json\/wp\/v2\/users\/2"}],"replies":[{"embeddable":true,"href":"https:\/\/www.leriff.ch\/de\/wp-json\/wp\/v2\/comments?post=41761"}],"version-history":[{"count":0,"href":"https:\/\/www.leriff.ch\/de\/wp-json\/wp\/v2\/pages\/41761\/revisions"}],"wp:attachment":[{"href":"https:\/\/www.leriff.ch\/de\/wp-json\/wp\/v2\/media?parent=41761"}],"curies":[{"name":"wp","href":"https:\/\/api.w.org\/{rel}","templated":true}]}}