{"id":43099,"date":"2022-05-21T11:26:50","date_gmt":"2022-05-21T09:26:50","guid":{"rendered":"https:\/\/www.leriff.ch\/cbd-cannabis-stecklinge\/"},"modified":"2022-05-21T15:47:56","modified_gmt":"2022-05-21T13:47:56","slug":"cbd-cannabis-stecklinge","status":"publish","type":"page","link":"https:\/\/www.leriff.ch\/de\/cbd-cannabis-stecklinge\/","title":{"rendered":"CBD-Cannabis-Stecklinge :"},"content":{"rendered":"<div id=\"pl-876\" class=\"panel-layout\">\n<div id=\"pg-876-0\" class=\"panel-grid panel-no-style\">\n<div id=\"pgc-876-0-0\" class=\"panel-grid-cell\" data-weight=\"0.33333333333333\">\n<div id=\"panel-876-0-0-0\" class=\"so-panel widget widget_sow-image panel-first-child\" data-index=\"0\" data-style=\"{&quot;background_display&quot;:&quot;tile&quot;}\"><div\n\t\t\t\n\t\t\tclass=\"so-widget-sow-image so-widget-sow-image-default-8b5b6f678277\"\n\t\t\t\n\t\t>\n<div class=\"sow-image-container\">\n\t\t<img \n\tsrc=\"https:\/\/www.leriff.ch\/wp-content\/uploads\/2018\/02\/leriff-achat-en-gros-de-boutures-de-cannabis-cbd-13.jpg\" width=\"1024\" height=\"576\" sizes=\"(max-width: 1024px) 100vw, 1024px\" alt=\"\" \t\tclass=\"so-widget-image\"\/>\n\t<\/div>\n\n<\/div><\/div>\n<div id=\"panel-876-0-0-1\" class=\"so-panel widget widget_sow-editor panel-last-child\" data-index=\"1\" data-style=\"{&quot;background_image_attachment&quot;:false,&quot;background_display&quot;:&quot;tile&quot;}\">\n<div class=\"so-widget-sow-editor so-widget-sow-editor-base\">\n<h3 class=\"widget-title\">Unser CBD-Cannabis<\/h3>\n<div class=\"siteorigin-widget-tinymce textwidget\">\n<div class=\"siteorigin-widget-tinymce textwidget\">\n<div class=\"siteorigin-widget-tinymce textwidget\">\n<p><span class=\"s1\"><span id=\"result_box\" class=\"\" lang=\"en\"><span class=\"\"><span id=\"result_box\" class=\"\" lang=\"fr\">Unser CBD-Cannabis ist zu 100% biologisch und wird ohne Pestizide oder chemische D\u00fcngemittel angebaut. Wir haben uns f\u00fcr den Gew\u00e4chshausanbau entschieden, um unseren CO2-Fu\u00dfabdruck zu reduzieren und ein optimales Pflanzenwachstum das ganze Jahr \u00fcber zu gew\u00e4hrleisten.<\/span><\/span><\/span><\/span><\/p>\n<\/div>\n<\/div>\n<\/div>\n<\/div>\n<\/div>\n<\/div>\n<div id=\"pgc-876-0-1\" class=\"panel-grid-cell\" data-weight=\"0.33333333333333\">\n<div id=\"panel-876-0-1-0\" class=\"so-panel widget widget_sow-image panel-first-child\" data-index=\"2\" data-style=\"{&quot;background_display&quot;:&quot;tile&quot;}\"><div\n\t\t\t\n\t\t\tclass=\"so-widget-sow-image so-widget-sow-image-default-8b5b6f678277\"\n\t\t\t\n\t\t>\n<div class=\"sow-image-container\">\n\t\t<img \n\tsrc=\"https:\/\/www.leriff.ch\/wp-content\/uploads\/2018\/02\/leriff-achat-en-gros-de-boutures-de-cannabis-cbd-20.jpg\" width=\"1024\" height=\"576\" sizes=\"(max-width: 1024px) 100vw, 1024px\" alt=\"\" \t\tclass=\"so-widget-image\"\/>\n\t<\/div>\n\n<\/div><\/div>\n<div id=\"panel-876-0-1-1\" class=\"so-panel widget widget_sow-editor panel-last-child\" data-index=\"3\" data-style=\"{&quot;background_display&quot;:&quot;tile&quot;}\">\n<div class=\"so-widget-sow-editor so-widget-sow-editor-base\">\n<h3 class=\"widget-title\">CBD Qualit\u00e4t<\/h3>\n<div class=\"siteorigin-widget-tinymce textwidget\">\n<div class=\"siteorigin-widget-tinymce textwidget\">\n<div class=\"siteorigin-widget-tinymce textwidget\">\n<div class=\"et_pb_text et_pb_module et_pb_bg_layout_light et_pb_text_align_left et_pb_text_1\">\n<div class=\"et_pb_text_inner\">\n<p>Unsere Hanfpflanzen wurden alle aus den Samen reinen Hanfs ausgew\u00e4hlt. Streng ausgew\u00e4hlt, um Ihnen reiche Ernten und eine gut diversifizierte Palette von D\u00fcften zu bieten &#8211; kombiniert mit Bl\u00fcten, die sich nicht von herk\u00f6mmlichen Hanfbl\u00fcten unterscheiden.<\/p>\n<\/div>\n<\/div>\n<\/div>\n<\/div>\n<\/div>\n<\/div>\n<\/div>\n<\/div>\n<div id=\"pgc-876-0-2\" class=\"panel-grid-cell\" data-weight=\"0.33333333333333\">\n<div id=\"panel-876-0-2-0\" class=\"so-panel widget widget_sow-image panel-first-child\" data-index=\"4\" data-style=\"{&quot;background_display&quot;:&quot;tile&quot;}\"><div\n\t\t\t\n\t\t\tclass=\"so-widget-sow-image so-widget-sow-image-default-8b5b6f678277\"\n\t\t\t\n\t\t>\n<div class=\"sow-image-container\">\n\t\t<img \n\tsrc=\"https:\/\/www.leriff.ch\/wp-content\/uploads\/2018\/02\/leriff-achat-en-gros-de-boutures-de-cannabis-cbd-15.jpg\" width=\"1024\" height=\"576\" sizes=\"(max-width: 1024px) 100vw, 1024px\" alt=\"\" \t\tclass=\"so-widget-image\"\/>\n\t<\/div>\n\n<\/div><\/div>\n<div id=\"panel-876-0-2-1\" class=\"so-panel widget widget_sow-editor panel-last-child\" data-index=\"5\" data-style=\"{&quot;background_display&quot;:&quot;tile&quot;}\">\n<div class=\"so-widget-sow-editor so-widget-sow-editor-base\">\n<h3 class=\"widget-title\">Lokale Produzenten<\/h3>\n<div class=\"siteorigin-widget-tinymce textwidget\">\n<div class=\"siteorigin-widget-tinymce textwidget\">\n<div class=\"siteorigin-widget-tinymce textwidget\">\n<p>Unter Einhaltung der Regeln der Kunst arbeiten wir ausschlie\u00dflich mit lokalen Produzenten zusammen, die die Schweizer Tradition des Hanfanbaus fortf\u00fchren, um Ihnen eine hochwertige, CBD-reiche Pflanze zu liefern.<\/p>\n<\/div>\n<\/div>\n<\/div>\n<\/div>\n<\/div>\n<\/div>\n<\/div>\n<div id=\"pg-876-1\" class=\"panel-grid panel-no-style\">\n<div id=\"pgc-876-1-0\" class=\"panel-grid-cell\" data-weight=\"0.33333333333333\">\n<div id=\"panel-876-1-0-0\" class=\"so-panel widget widget_sow-image panel-first-child\" data-index=\"6\" data-style=\"{&quot;background_display&quot;:&quot;tile&quot;}\"><div\n\t\t\t\n\t\t\tclass=\"so-widget-sow-image so-widget-sow-image-default-8b5b6f678277\"\n\t\t\t\n\t\t>\n<div class=\"sow-image-container\">\n\t\t<img \n\tsrc=\"https:\/\/www.leriff.ch\/wp-content\/uploads\/2018\/02\/leriff-achat-en-gros-de-boutures-de-cannabis-cbd-11.jpg\" width=\"1024\" height=\"576\" sizes=\"(max-width: 1024px) 100vw, 1024px\" alt=\"\" \t\tclass=\"so-widget-image\"\/>\n\t<\/div>\n\n<\/div><\/div>\n<div id=\"panel-876-1-0-1\" class=\"so-panel widget widget_sow-editor panel-last-child\" data-index=\"7\" data-style=\"{&quot;background_display&quot;:&quot;tile&quot;}\">\n<div class=\"so-widget-sow-editor so-widget-sow-editor-base\">\n<h3 class=\"widget-title\">Sorten Stecklinge CBD<\/h3>\n<div class=\"siteorigin-widget-tinymce textwidget\">\n<div class=\"siteorigin-widget-tinymce textwidget\">\n<div class=\"siteorigin-widget-tinymce textwidget\">\n<p>Harlekin, Remedy, V1, Erdbeere, Cannatonic. Zitrone, Orange, Pfirsich.<\/p>\n<\/div>\n<\/div>\n<\/div>\n<\/div>\n<\/div>\n<\/div>\n<div id=\"pgc-876-1-1\" class=\"panel-grid-cell\" data-weight=\"0.33333333333333\">\n<div id=\"panel-876-1-1-0\" class=\"so-panel widget widget_sow-image panel-first-child\" data-index=\"8\" data-style=\"{&quot;background_display&quot;:&quot;tile&quot;}\"><div\n\t\t\t\n\t\t\tclass=\"so-widget-sow-image so-widget-sow-image-default-8b5b6f678277\"\n\t\t\t\n\t\t>\n<div class=\"sow-image-container\">\n\t\t<img \n\tsrc=\"https:\/\/www.leriff.ch\/wp-content\/uploads\/2018\/02\/leriff-achat-en-gros-de-boutures-de-cannabis-cbd-03.jpg\" width=\"1024\" height=\"576\" sizes=\"(max-width: 1024px) 100vw, 1024px\" alt=\"\" \t\tclass=\"so-widget-image\"\/>\n\t<\/div>\n\n<\/div><\/div>\n<div id=\"panel-876-1-1-1\" class=\"so-panel widget widget_sow-editor panel-last-child\" data-index=\"9\" data-style=\"{&quot;background_display&quot;:&quot;tile&quot;}\">\n<div class=\"so-widget-sow-editor so-widget-sow-editor-base\">\n<h3 class=\"widget-title\">Unser Rohstoff<\/h3>\n<div class=\"siteorigin-widget-tinymce textwidget\">\n<div class=\"siteorigin-widget-tinymce textwidget\">\n<div class=\"siteorigin-widget-tinymce textwidget\">\n<p>W\u00e4hrend des gesamten Produktions- und Herstellungsprozesses werden Tests durchgef\u00fchrt, um sicherzustellen, dass die Schweizer Qualit\u00e4tsstandards eingehalten werden.<\/p>\n<\/div>\n<\/div>\n<\/div>\n<\/div>\n<\/div>\n<\/div>\n<div id=\"pgc-876-1-2\" class=\"panel-grid-cell\" data-weight=\"0.33333333333333\">\n<div id=\"panel-876-1-2-0\" class=\"so-panel widget widget_sow-image panel-first-child\" data-index=\"10\" data-style=\"{&quot;background_display&quot;:&quot;tile&quot;}\"><div\n\t\t\t\n\t\t\tclass=\"so-widget-sow-image so-widget-sow-image-default-8b5b6f678277\"\n\t\t\t\n\t\t>\n<div class=\"sow-image-container\">\n\t\t<img \n\tsrc=\"https:\/\/www.leriff.ch\/wp-content\/uploads\/2018\/02\/leriff-achat-en-gros-de-boutures-de-cannabis-cbd-18.jpg\" width=\"1024\" height=\"576\" sizes=\"(max-width: 1024px) 100vw, 1024px\" alt=\"\" \t\tclass=\"so-widget-image\"\/>\n\t<\/div>\n\n<\/div><\/div>\n<div id=\"panel-876-1-2-1\" class=\"so-panel widget widget_sow-editor panel-last-child\" data-index=\"11\" data-style=\"{&quot;background_display&quot;:&quot;tile&quot;}\">\n<div class=\"so-widget-sow-editor so-widget-sow-editor-base\">\n<h3 class=\"widget-title\">Biologischer Landbau und Umwelt<\/h3>\n<div class=\"siteorigin-widget-tinymce textwidget\">\n<div class=\"siteorigin-widget-tinymce textwidget\">\n<div class=\"siteorigin-widget-tinymce textwidget\">\n<p><span class=\"s1\">Unsere leidenschaftlichen Landwirte arbeiten daran, das beste Cannabis zu produzieren und gleichzeitig die Umwelt zu schonen.<br \/>\n<\/span><\/p>\n<\/div>\n<\/div>\n<\/div>\n<\/div>\n<\/div>\n<\/div>\n<\/div>\n<div id=\"pg-876-2\" class=\"panel-grid panel-no-style\">\n<div id=\"pgc-876-2-0\" class=\"panel-grid-cell\" data-weight=\"0.33333333333333\">\n<div id=\"panel-876-2-0-0\" class=\"so-panel widget widget_sow-image panel-first-child panel-last-child\" data-index=\"12\" data-style=\"{&quot;background_display&quot;:&quot;tile&quot;}\"><div\n\t\t\t\n\t\t\tclass=\"so-widget-sow-image so-widget-sow-image-default-8b5b6f678277\"\n\t\t\t\n\t\t>\n<div class=\"sow-image-container\">\n\t\t<img \n\tsrc=\"https:\/\/www.leriff.ch\/wp-content\/uploads\/2018\/02\/leriff-achat-en-gros-de-boutures-de-cannabis-cbd-05.jpg\" width=\"576\" height=\"1024\" srcset=\"https:\/\/www.leriff.ch\/wp-content\/uploads\/2018\/02\/leriff-achat-en-gros-de-boutures-de-cannabis-cbd-05.jpg 576w, https:\/\/www.leriff.ch\/wp-content\/uploads\/2018\/02\/leriff-achat-en-gros-de-boutures-de-cannabis-cbd-05-416x740.jpg 416w, https:\/\/www.leriff.ch\/wp-content\/uploads\/2018\/02\/leriff-achat-en-gros-de-boutures-de-cannabis-cbd-05-169x300.jpg 169w, https:\/\/www.leriff.ch\/wp-content\/uploads\/2018\/02\/leriff-achat-en-gros-de-boutures-de-cannabis-cbd-05-768x1365.jpg 768w, https:\/\/www.leriff.ch\/wp-content\/uploads\/2018\/02\/leriff-achat-en-gros-de-boutures-de-cannabis-cbd-05-690x1227.jpg 690w\" sizes=\"(max-width: 576px) 100vw, 576px\" alt=\"\" \t\tclass=\"so-widget-image\"\/>\n\t<\/div>\n\n<\/div><\/div>\n<\/div>\n<div id=\"pgc-876-2-1\" class=\"panel-grid-cell\" data-weight=\"0.33333333333333\">\n<div id=\"panel-876-2-1-0\" class=\"so-panel widget widget_sow-image panel-first-child panel-last-child\" data-index=\"13\" data-style=\"{&quot;background_display&quot;:&quot;tile&quot;}\"><div\n\t\t\t\n\t\t\tclass=\"so-widget-sow-image so-widget-sow-image-default-8b5b6f678277\"\n\t\t\t\n\t\t>\n<div class=\"sow-image-container\">\n\t\t<img \n\tsrc=\"https:\/\/www.leriff.ch\/wp-content\/uploads\/2018\/02\/leriff-achat-en-gros-de-boutures-de-cannabis-cbd-04.jpg\" width=\"576\" height=\"1024\" srcset=\"https:\/\/www.leriff.ch\/wp-content\/uploads\/2018\/02\/leriff-achat-en-gros-de-boutures-de-cannabis-cbd-04.jpg 576w, https:\/\/www.leriff.ch\/wp-content\/uploads\/2018\/02\/leriff-achat-en-gros-de-boutures-de-cannabis-cbd-04-416x740.jpg 416w, https:\/\/www.leriff.ch\/wp-content\/uploads\/2018\/02\/leriff-achat-en-gros-de-boutures-de-cannabis-cbd-04-169x300.jpg 169w, https:\/\/www.leriff.ch\/wp-content\/uploads\/2018\/02\/leriff-achat-en-gros-de-boutures-de-cannabis-cbd-04-768x1365.jpg 768w, https:\/\/www.leriff.ch\/wp-content\/uploads\/2018\/02\/leriff-achat-en-gros-de-boutures-de-cannabis-cbd-04-690x1227.jpg 690w\" sizes=\"(max-width: 576px) 100vw, 576px\" alt=\"\" \t\tclass=\"so-widget-image\"\/>\n\t<\/div>\n\n<\/div><\/div>\n<\/div>\n<div id=\"pgc-876-2-2\" class=\"panel-grid-cell\" data-weight=\"0.33333333333333\">\n<div id=\"panel-876-2-2-0\" class=\"so-panel widget widget_sow-image panel-first-child panel-last-child\" data-index=\"14\" data-style=\"{&quot;background_display&quot;:&quot;tile&quot;}\"><div\n\t\t\t\n\t\t\tclass=\"so-widget-sow-image so-widget-sow-image-default-8b5b6f678277\"\n\t\t\t\n\t\t>\n<div class=\"sow-image-container\">\n\t\t<img \n\tsrc=\"https:\/\/www.leriff.ch\/wp-content\/uploads\/2018\/02\/leriff-achat-en-gros-de-boutures-de-cannabis-cbd-06.jpg\" width=\"576\" height=\"1024\" srcset=\"https:\/\/www.leriff.ch\/wp-content\/uploads\/2018\/02\/leriff-achat-en-gros-de-boutures-de-cannabis-cbd-06.jpg 576w, https:\/\/www.leriff.ch\/wp-content\/uploads\/2018\/02\/leriff-achat-en-gros-de-boutures-de-cannabis-cbd-06-416x740.jpg 416w, https:\/\/www.leriff.ch\/wp-content\/uploads\/2018\/02\/leriff-achat-en-gros-de-boutures-de-cannabis-cbd-06-169x300.jpg 169w, https:\/\/www.leriff.ch\/wp-content\/uploads\/2018\/02\/leriff-achat-en-gros-de-boutures-de-cannabis-cbd-06-768x1365.jpg 768w, https:\/\/www.leriff.ch\/wp-content\/uploads\/2018\/02\/leriff-achat-en-gros-de-boutures-de-cannabis-cbd-06-690x1227.jpg 690w\" sizes=\"(max-width: 576px) 100vw, 576px\" alt=\"\" \t\tclass=\"so-widget-image\"\/>\n\t<\/div>\n\n<\/div><\/div>\n<\/div>\n<\/div>\n<\/div>\n<style type=\"text\/css\" class=\"panels-style\" data-panels-style-for-post=\"876\">@import url(https:\/\/www.leriff.ch\/wp-content\/plugins\/siteorigin-panels\/css\/front-flex.min.css); #pgc-876-0-0 , #pgc-876-0-1 , #pgc-876-0-2 , #pgc-876-1-0 , #pgc-876-1-1 , #pgc-876-1-2 , #pgc-876-2-0 , #pgc-876-2-1 , #pgc-876-2-2 { width:33.3333%;width:calc(33.3333% - ( 0.66666666666667 * 30px ) ) } #pg-876-0 , #pg-876-1 , #pl-876 .so-panel { margin-bottom:30px } #pl-876 .so-panel:last-child { margin-bottom:0px } @media (max-width:780px){ #pg-876-0.panel-no-style, #pg-876-0.panel-has-style > .panel-row-style , #pg-876-1.panel-no-style, #pg-876-1.panel-has-style > .panel-row-style , #pg-876-2.panel-no-style, #pg-876-2.panel-has-style > .panel-row-style { -webkit-flex-direction:column;-ms-flex-direction:column;flex-direction:column } #pg-876-0 > .panel-grid-cell , #pg-876-0 > .panel-row-style > .panel-grid-cell , #pg-876-1 > .panel-grid-cell , #pg-876-1 > .panel-row-style > .panel-grid-cell , #pg-876-2 > .panel-grid-cell , #pg-876-2 > .panel-row-style > .panel-grid-cell { width:100%;margin-right:0 } #pgc-876-0-0 , #pgc-876-0-1 , #pgc-876-1-0 , #pgc-876-1-1 , #pgc-876-2-0 , #pgc-876-2-1 { margin-bottom:30px } #pg-876-0 , #pg-876-1 , #pg-876-2 { margin-bottom:px } #pl-876 .panel-grid-cell { padding:0 } #pl-876 .panel-grid .panel-grid-cell-empty { display:none } #pl-876 .panel-grid .panel-grid-cell-mobile-last { margin-bottom:0px }  } <\/style>\n","protected":false},"excerpt":{"rendered":"<p>Unser CBD-Cannabis Unser CBD-Cannabis ist zu 100% biologisch und wird ohne Pestizide oder chemische D\u00fcngemittel angebaut. Wir haben uns f\u00fcr den Gew\u00e4chshausanbau entschieden, um unseren CO2-Fu\u00dfabdruck zu reduzieren und ein optimales Pflanzenwachstum das ganze Jahr \u00fcber zu gew\u00e4hrleisten. CBD Qualit\u00e4t Unsere Hanfpflanzen wurden alle aus den Samen reinen Hanfs ausgew\u00e4hlt. Streng ausgew\u00e4hlt, um Ihnen reiche [&hellip;]<\/p>\n","protected":false},"author":2,"featured_media":0,"parent":0,"menu_order":0,"comment_status":"closed","ping_status":"closed","template":"","meta":{"inline_featured_image":false,"footnotes":""},"class_list":["post-43099","page","type-page","status-publish","hentry"],"yoast_head":"<!-- This site is optimized with the Yoast SEO Premium plugin v25.9 (Yoast SEO v27.3) - https:\/\/yoast.com\/product\/yoast-seo-premium-wordpress\/ -->\n<title>CBD-Cannabis-Stecklinge : - Le Riff<\/title>\n<meta name=\"description\" content=\"Unsere Hanfpflanzen wurden alle aus reinen Hanfsamen ausgew\u00e4hlt. Ausgew\u00e4hlt, um Ihnen reiche Ernten zu bescheren.\" \/>\n<meta name=\"robots\" content=\"index, follow, max-snippet:-1, max-image-preview:large, max-video-preview:-1\" \/>\n<link rel=\"canonical\" href=\"https:\/\/www.leriff.ch\/de\/cbd-cannabis-stecklinge\/\" \/>\n<meta property=\"og:locale\" content=\"de_DE\" \/>\n<meta property=\"og:type\" content=\"article\" \/>\n<meta property=\"og:title\" content=\"CBD-Cannabis-Stecklinge :\" \/>\n<meta property=\"og:description\" content=\"Unsere Hanfpflanzen wurden alle aus reinen Hanfsamen ausgew\u00e4hlt. Ausgew\u00e4hlt, um Ihnen reiche Ernten zu bescheren.\" \/>\n<meta property=\"og:url\" content=\"https:\/\/www.leriff.ch\/de\/cbd-cannabis-stecklinge\/\" \/>\n<meta property=\"og:site_name\" content=\"Le Riff\" \/>\n<meta property=\"article:publisher\" content=\"https:\/\/www.facebook.com\/Leriff.ch\" \/>\n<meta property=\"article:modified_time\" content=\"2022-05-21T13:47:56+00:00\" \/>\n<meta name=\"twitter:card\" content=\"summary_large_image\" \/>\n<meta name=\"twitter:label1\" content=\"Gesch\u00e4tzte Lesezeit\" \/>\n\t<meta name=\"twitter:data1\" content=\"1\u00a0Minute\" \/>\n<script type=\"application\/ld+json\" class=\"yoast-schema-graph\">{\"@context\":\"https:\\\/\\\/schema.org\",\"@graph\":[{\"@type\":\"WebPage\",\"@id\":\"https:\\\/\\\/www.leriff.ch\\\/de\\\/cbd-cannabis-stecklinge\\\/\",\"url\":\"https:\\\/\\\/www.leriff.ch\\\/de\\\/cbd-cannabis-stecklinge\\\/\",\"name\":\"CBD-Cannabis-Stecklinge : - Le Riff\",\"isPartOf\":{\"@id\":\"https:\\\/\\\/www.leriff.ch\\\/de\\\/#website\"},\"datePublished\":\"2022-05-21T09:26:50+00:00\",\"dateModified\":\"2022-05-21T13:47:56+00:00\",\"description\":\"Unsere Hanfpflanzen wurden alle aus reinen Hanfsamen ausgew\u00e4hlt. Ausgew\u00e4hlt, um Ihnen reiche Ernten zu bescheren.\",\"breadcrumb\":{\"@id\":\"https:\\\/\\\/www.leriff.ch\\\/de\\\/cbd-cannabis-stecklinge\\\/#breadcrumb\"},\"inLanguage\":\"de\",\"potentialAction\":[{\"@type\":\"ReadAction\",\"target\":[\"https:\\\/\\\/www.leriff.ch\\\/de\\\/cbd-cannabis-stecklinge\\\/\"]}]},{\"@type\":\"BreadcrumbList\",\"@id\":\"https:\\\/\\\/www.leriff.ch\\\/de\\\/cbd-cannabis-stecklinge\\\/#breadcrumb\",\"itemListElement\":[{\"@type\":\"ListItem\",\"position\":1,\"name\":\"Accueil\",\"item\":\"https:\\\/\\\/www.leriff.ch\\\/de\\\/\"},{\"@type\":\"ListItem\",\"position\":2,\"name\":\"CBD-Cannabis-Stecklinge :\"}]},{\"@type\":\"WebSite\",\"@id\":\"https:\\\/\\\/www.leriff.ch\\\/de\\\/#website\",\"url\":\"https:\\\/\\\/www.leriff.ch\\\/de\\\/\",\"name\":\"Le Riff\",\"description\":\"Fleurs de Cannabis CBD\",\"publisher\":{\"@id\":\"https:\\\/\\\/www.leriff.ch\\\/de\\\/#organization\"},\"potentialAction\":[{\"@type\":\"SearchAction\",\"target\":{\"@type\":\"EntryPoint\",\"urlTemplate\":\"https:\\\/\\\/www.leriff.ch\\\/de\\\/?s={search_term_string}\"},\"query-input\":{\"@type\":\"PropertyValueSpecification\",\"valueRequired\":true,\"valueName\":\"search_term_string\"}}],\"inLanguage\":\"de\"},{\"@type\":\"Organization\",\"@id\":\"https:\\\/\\\/www.leriff.ch\\\/de\\\/#organization\",\"name\":\"le riff\",\"url\":\"https:\\\/\\\/www.leriff.ch\\\/de\\\/\",\"logo\":{\"@type\":\"ImageObject\",\"inLanguage\":\"de\",\"@id\":\"https:\\\/\\\/www.leriff.ch\\\/de\\\/#\\\/schema\\\/logo\\\/image\\\/\",\"url\":\"https:\\\/\\\/www.leriff.ch\\\/wp-content\\\/uploads\\\/2019\\\/10\\\/logo_carre.png\",\"contentUrl\":\"https:\\\/\\\/www.leriff.ch\\\/wp-content\\\/uploads\\\/2019\\\/10\\\/logo_carre.png\",\"width\":130,\"height\":130,\"caption\":\"le riff\"},\"image\":{\"@id\":\"https:\\\/\\\/www.leriff.ch\\\/de\\\/#\\\/schema\\\/logo\\\/image\\\/\"},\"sameAs\":[\"https:\\\/\\\/www.facebook.com\\\/Leriff.ch\"]}]}<\/script>\n<!-- \/ Yoast SEO Premium plugin. -->","yoast_head_json":{"title":"CBD-Cannabis-Stecklinge : - Le Riff","description":"Unsere Hanfpflanzen wurden alle aus reinen Hanfsamen ausgew\u00e4hlt. Ausgew\u00e4hlt, um Ihnen reiche Ernten zu bescheren.","robots":{"index":"index","follow":"follow","max-snippet":"max-snippet:-1","max-image-preview":"max-image-preview:large","max-video-preview":"max-video-preview:-1"},"canonical":"https:\/\/www.leriff.ch\/de\/cbd-cannabis-stecklinge\/","og_locale":"de_DE","og_type":"article","og_title":"CBD-Cannabis-Stecklinge :","og_description":"Unsere Hanfpflanzen wurden alle aus reinen Hanfsamen ausgew\u00e4hlt. Ausgew\u00e4hlt, um Ihnen reiche Ernten zu bescheren.","og_url":"https:\/\/www.leriff.ch\/de\/cbd-cannabis-stecklinge\/","og_site_name":"Le Riff","article_publisher":"https:\/\/www.facebook.com\/Leriff.ch","article_modified_time":"2022-05-21T13:47:56+00:00","twitter_card":"summary_large_image","twitter_misc":{"Gesch\u00e4tzte Lesezeit":"1\u00a0Minute"},"schema":{"@context":"https:\/\/schema.org","@graph":[{"@type":"WebPage","@id":"https:\/\/www.leriff.ch\/de\/cbd-cannabis-stecklinge\/","url":"https:\/\/www.leriff.ch\/de\/cbd-cannabis-stecklinge\/","name":"CBD-Cannabis-Stecklinge : - Le Riff","isPartOf":{"@id":"https:\/\/www.leriff.ch\/de\/#website"},"datePublished":"2022-05-21T09:26:50+00:00","dateModified":"2022-05-21T13:47:56+00:00","description":"Unsere Hanfpflanzen wurden alle aus reinen Hanfsamen ausgew\u00e4hlt. Ausgew\u00e4hlt, um Ihnen reiche Ernten zu bescheren.","breadcrumb":{"@id":"https:\/\/www.leriff.ch\/de\/cbd-cannabis-stecklinge\/#breadcrumb"},"inLanguage":"de","potentialAction":[{"@type":"ReadAction","target":["https:\/\/www.leriff.ch\/de\/cbd-cannabis-stecklinge\/"]}]},{"@type":"BreadcrumbList","@id":"https:\/\/www.leriff.ch\/de\/cbd-cannabis-stecklinge\/#breadcrumb","itemListElement":[{"@type":"ListItem","position":1,"name":"Accueil","item":"https:\/\/www.leriff.ch\/de\/"},{"@type":"ListItem","position":2,"name":"CBD-Cannabis-Stecklinge :"}]},{"@type":"WebSite","@id":"https:\/\/www.leriff.ch\/de\/#website","url":"https:\/\/www.leriff.ch\/de\/","name":"Le Riff","description":"Fleurs de Cannabis CBD","publisher":{"@id":"https:\/\/www.leriff.ch\/de\/#organization"},"potentialAction":[{"@type":"SearchAction","target":{"@type":"EntryPoint","urlTemplate":"https:\/\/www.leriff.ch\/de\/?s={search_term_string}"},"query-input":{"@type":"PropertyValueSpecification","valueRequired":true,"valueName":"search_term_string"}}],"inLanguage":"de"},{"@type":"Organization","@id":"https:\/\/www.leriff.ch\/de\/#organization","name":"le riff","url":"https:\/\/www.leriff.ch\/de\/","logo":{"@type":"ImageObject","inLanguage":"de","@id":"https:\/\/www.leriff.ch\/de\/#\/schema\/logo\/image\/","url":"https:\/\/www.leriff.ch\/wp-content\/uploads\/2019\/10\/logo_carre.png","contentUrl":"https:\/\/www.leriff.ch\/wp-content\/uploads\/2019\/10\/logo_carre.png","width":130,"height":130,"caption":"le riff"},"image":{"@id":"https:\/\/www.leriff.ch\/de\/#\/schema\/logo\/image\/"},"sameAs":["https:\/\/www.facebook.com\/Leriff.ch"]}]}},"_links":{"self":[{"href":"https:\/\/www.leriff.ch\/de\/wp-json\/wp\/v2\/pages\/43099","targetHints":{"allow":["GET"]}}],"collection":[{"href":"https:\/\/www.leriff.ch\/de\/wp-json\/wp\/v2\/pages"}],"about":[{"href":"https:\/\/www.leriff.ch\/de\/wp-json\/wp\/v2\/types\/page"}],"author":[{"embeddable":true,"href":"https:\/\/www.leriff.ch\/de\/wp-json\/wp\/v2\/users\/2"}],"replies":[{"embeddable":true,"href":"https:\/\/www.leriff.ch\/de\/wp-json\/wp\/v2\/comments?post=43099"}],"version-history":[{"count":3,"href":"https:\/\/www.leriff.ch\/de\/wp-json\/wp\/v2\/pages\/43099\/revisions"}],"predecessor-version":[{"id":43108,"href":"https:\/\/www.leriff.ch\/de\/wp-json\/wp\/v2\/pages\/43099\/revisions\/43108"}],"wp:attachment":[{"href":"https:\/\/www.leriff.ch\/de\/wp-json\/wp\/v2\/media?parent=43099"}],"curies":[{"name":"wp","href":"https:\/\/api.w.org\/{rel}","templated":true}]}}