{"id":43134,"date":"2022-05-22T10:51:06","date_gmt":"2022-05-22T08:51:06","guid":{"rendered":"https:\/\/www.leriff.ch\/schweizer-cbd-grosshaendler-in-genf\/"},"modified":"2022-05-22T10:51:06","modified_gmt":"2022-05-22T08:51:06","slug":"schweizer-cbd-grosshaendler-in-genf","status":"publish","type":"page","link":"https:\/\/www.leriff.ch\/de\/schweizer-cbd-grosshaendler-in-genf\/","title":{"rendered":"Schweizer CBD-Grossh\u00e4ndler in Genf"},"content":{"rendered":"<h2><span class=\"st\"><em>Schweizer CBD-Cannabis-Grossh\u00e4ndler in Genf<br \/><\/em><\/span><\/h2>\n<p><span title=\"Unsere Produkte \"><br \/><\/span><span class=\"\" lang=\"fr\"><span title=\"Unsere Marke \"><img decoding=\"async\" class=\"alignleft wp-image-5699 size-thumbnail\" title=\"CBD Schweiz\" src=\"https:\/\/www.leriff.ch\/wp-content\/uploads\/2017\/09\/leriff-CBD-marijuana-150x150.jpg\" alt=\"\" width=\"150\" height=\"150\" srcset=\"https:\/\/www.leriff.ch\/wp-content\/uploads\/2017\/09\/leriff-CBD-marijuana-150x150.jpg 150w, https:\/\/www.leriff.ch\/wp-content\/uploads\/2017\/09\/leriff-CBD-marijuana-100x100.jpg 100w, https:\/\/www.leriff.ch\/wp-content\/uploads\/2017\/09\/leriff-CBD-marijuana-640x640.jpg 640w\" sizes=\"(max-width: 150px) 100vw, 150px\" \/><\/span><\/span><span class=\"s1\">Unser CBD-Hanf ist 100% in der Schweiz hergestellt, der THC-Gehalt liegt unter 1% und der CBD-Gehalt betr\u00e4gt 10% bis 20%. (<strong><em>nach der Ernte<\/em><\/strong>), und wird von einem akkreditierten Labor zertifiziert. Wir wollen, dass das Produkt die gr\u00f6\u00dftm\u00f6gliche Transparenz aufweist. Unser Hanf wird auf dem Boden von Seeland mit der reinsten Schweizer Hanf-Tradition angebaut. Unser Hanf ist biologisch und stammt aus einer umweltfreundlichen Landwirtschaft.<\/span><\/p>\n<h2><span class=\"st\"><em><br \/>Legales Cannabis aus CBD-Bl\u00fcten<br \/><\/em><\/span><\/h2>\n<p class=\"p1\"><span class=\"s1\"><b><br \/><\/b><\/span>Bei <em>Le Riff<\/em> arbeiten wir ausschlie\u00dflich mit lokalen Produzenten zusammen, die die Schweizer Tradition des CBD-Cannabisanbaus fortf\u00fchren, um Ihnen eine hochwertige, <em>CBD<\/em>-reiche Pflanze zu liefern.<\/p>\n<h2><span class=\"st\"><em>Gro\u00dfhandel Gro\u00dfh\u00e4ndler<\/em><\/span><\/h2>\n<p class=\"p1\">W\u00e4hrend des gesamten Produktions- und Herstellungsprozesses werden Tests durchgef\u00fchrt, um sicherzustellen, dass die <em>Schweizer Qualit\u00e4tsstandards<\/em> eingehalten werden.<\/p>\n<h2 class=\"p1\"><span class=\"s1\"><b>CBD-Blumen CBD-Grossh\u00e4ndler Schweiz in Genf<br \/><img decoding=\"async\" class=\"alignleft wp-image-7299 size-thumbnail\" title=\"cbd Blumen\" src=\"https:\/\/www.leriff.ch\/wp-content\/uploads\/2020\/04\/cannatonic-leriff.ch-envrac-150x150.jpg\" alt=\"\" width=\"150\" height=\"150\" srcset=\"https:\/\/www.leriff.ch\/wp-content\/uploads\/2020\/04\/cannatonic-leriff.ch-envrac-150x150.jpg 150w, https:\/\/www.leriff.ch\/wp-content\/uploads\/2020\/04\/cannatonic-leriff.ch-envrac-300x300.jpg 300w, https:\/\/www.leriff.ch\/wp-content\/uploads\/2020\/04\/cannatonic-leriff.ch-envrac.jpg 1024w, https:\/\/www.leriff.ch\/wp-content\/uploads\/2020\/04\/cannatonic-leriff.ch-envrac-768x768.jpg 768w, https:\/\/www.leriff.ch\/wp-content\/uploads\/2020\/04\/cannatonic-leriff.ch-envrac-100x100.jpg 100w\" sizes=\"(max-width: 150px) 100vw, 150px\" \/><\/b><\/span><\/h2>\n<div id=\"post-4555\" class=\"post-4555 page type-page status-publish hentry\">\n<div class=\"row\">\n<div class=\"large-12 columns\">\n<div class=\"entry-content\">\n<h4>Gro\u00dfhandel CBD Cannabis Schweiz in Genf<br \/>Legales Cannabis, Gro\u00dfhandel mit CBD-Bl\u00fcten<\/h4>\n<p><picture><\/picture>CBD Gro\u00dfhandel bietet Ihnen eine Auswahl an CBD-Cannabisbl\u00fcten und CBD-\u00d6len aus der Schweiz Bio. Wir garantieren die einwandfreie Qualit\u00e4t unserer Produkte und einen erstklassigen Service.<\/p>\n<p><a href=\"https:\/\/www.cbdgrossiste.ch\" target=\"_blank\" rel=\"noopener noreferrer\">https:\/\/www.cbdgrossiste.ch<\/a><\/p>\n<p><a href=\"https:\/\/www.cbdventeengros.ch\" target=\"_blank\" rel=\"noopener noreferrer\">https:\/\/www.cbdventeengros.ch<\/a><\/p>\n<\/div>\n<\/div>\n<\/div>\n<\/div>\n\n<p><\/p>\n\n<div class=\"wp-block-group alignfull\"><div class=\"wp-block-group__inner-container is-layout-flow wp-block-group-is-layout-flow\"><div data-align-buttons=\"true\" data-block-name=\"woocommerce\/product-new\" data-categories=\"[654,128]\" data-content-visibility=\"{&quot;title&quot;:true,&quot;price&quot;:true,&quot;rating&quot;:false,&quot;button&quot;:false}\" data-rows=\"1\" class=\"wc-block-grid wp-block-product-new wp-block-woocommerce-product-new wc-block-product-new has-3-columns alignwide has-aligned-buttons\"><ul class=\"wc-block-grid__products\"><li class=\"wc-block-grid__product\">\n\t\t\t\t<a href=\"https:\/\/www.leriff.ch\/de\/produkt\/gorilla-green-house-2\/\" class=\"wc-block-grid__product-link\">\n\t\t\t\t\t\n\t\t\t\t\t<div class=\"wc-block-grid__product-image\"><img decoding=\"async\" width=\"1024\" height=\"1024\" src=\"https:\/\/www.leriff.ch\/wp-content\/uploads\/woocommerce-placeholder-1024x1024.png\" class=\"woocommerce-placeholder wp-post-image\" alt=\"\" srcset=\"https:\/\/www.leriff.ch\/wp-content\/uploads\/woocommerce-placeholder.png 1024w, https:\/\/www.leriff.ch\/wp-content\/uploads\/woocommerce-placeholder-300x300.png 300w, https:\/\/www.leriff.ch\/wp-content\/uploads\/woocommerce-placeholder-100x100.png 100w, https:\/\/www.leriff.ch\/wp-content\/uploads\/woocommerce-placeholder-150x150.png 150w, https:\/\/www.leriff.ch\/wp-content\/uploads\/woocommerce-placeholder-768x768.png 768w, https:\/\/www.leriff.ch\/wp-content\/uploads\/woocommerce-placeholder-80x80.png 80w\" sizes=\"(max-width: 1024px) 100vw, 1024px\" \/><\/div>\n\t\t\t\t\t<div class=\"wc-block-grid__product-title\">Gorilla | Green House<\/div>\n\t\t\t\t<\/a>\n\t\t\t\t<div class=\"wc-block-grid__product-price price\"><span class=\"woocommerce-Price-amount amount\">54.00&nbsp;<span class=\"woocommerce-Price-currencySymbol\">&#067;&#072;&#070;<\/span><\/span><\/div>\n\t\t\t\t\n\t\t\t\t\n\t\t\t<\/li><li class=\"wc-block-grid__product\">\n\t\t\t\t<a href=\"https:\/\/www.leriff.ch\/de\/produkt\/lemon-green-house\/\" class=\"wc-block-grid__product-link\">\n\t\t\t\t\t\n\t\t\t\t\t<div class=\"wc-block-grid__product-image\"><img decoding=\"async\" width=\"429\" height=\"598\" src=\"https:\/\/www.leriff.ch\/wp-content\/uploads\/2021\/04\/105x148-LEMON-20CHF-12G.jpg\" class=\"attachment-woocommerce_thumbnail size-woocommerce_thumbnail\" alt=\"Fleurs CBD Lemon Green House lemon cbd Fleurs de Cannabis CBD Suisse\" srcset=\"https:\/\/www.leriff.ch\/wp-content\/uploads\/2021\/04\/105x148-LEMON-20CHF-12G.jpg 429w, https:\/\/www.leriff.ch\/wp-content\/uploads\/2021\/04\/105x148-LEMON-20CHF-12G-215x300.jpg 215w\" sizes=\"(max-width: 429px) 100vw, 429px\" \/><\/div>\n\t\t\t\t\t<div class=\"wc-block-grid__product-title\">Lemon | Green House<\/div>\n\t\t\t\t<\/a>\n\t\t\t\t<div class=\"wc-block-grid__product-price price\"><span class=\"woocommerce-Price-amount amount\">20.00&nbsp;<span class=\"woocommerce-Price-currencySymbol\">&#067;&#072;&#070;<\/span><\/span><\/div>\n\t\t\t\t\n\t\t\t\t\n\t\t\t<\/li><li class=\"wc-block-grid__product\">\n\t\t\t\t<a href=\"https:\/\/www.leriff.ch\/de\/produkt\/cannatonic-green-house-leriff\/\" class=\"wc-block-grid__product-link\">\n\t\t\t\t\t\n\t\t\t\t\t<div class=\"wc-block-grid__product-image\"><img decoding=\"async\" width=\"429\" height=\"598\" src=\"https:\/\/www.leriff.ch\/wp-content\/uploads\/2021\/04\/105x148-CANNATONIC-20CHF-10g.jpg\" class=\"attachment-woocommerce_thumbnail size-woocommerce_thumbnail\" alt=\"Cannatonic | Green House - Fleurs de CBD Cannabis Suisse - Le Riff\" srcset=\"https:\/\/www.leriff.ch\/wp-content\/uploads\/2021\/04\/105x148-CANNATONIC-20CHF-10g.jpg 429w, https:\/\/www.leriff.ch\/wp-content\/uploads\/2021\/04\/105x148-CANNATONIC-20CHF-10g-215x300.jpg 215w\" sizes=\"(max-width: 429px) 100vw, 429px\" \/><\/div>\n\t\t\t\t\t<div class=\"wc-block-grid__product-title\">Cannatonic | Green House<\/div>\n\t\t\t\t<\/a>\n\t\t\t\t<div class=\"wc-block-grid__product-price price\"><span class=\"woocommerce-Price-amount amount\">20.00&nbsp;<span class=\"woocommerce-Price-currencySymbol\">&#067;&#072;&#070;<\/span><\/span><\/div>\n\t\t\t\t\n\t\t\t\t\n\t\t\t<\/li><\/ul><\/div><\/div><\/div>\n\n<p>\u00a0<\/p>\n","protected":false},"excerpt":{"rendered":"<p>Schweizer CBD-Cannabis-Grossh\u00e4ndler in Genf Unser CBD-Hanf ist 100% in der Schweiz hergestellt, der THC-Gehalt liegt unter 1% und der CBD-Gehalt betr\u00e4gt 10% bis 20%. (nach der Ernte), und wird von einem akkreditierten Labor zertifiziert. Wir wollen, dass das Produkt die gr\u00f6\u00dftm\u00f6gliche Transparenz aufweist. Unser Hanf wird auf dem Boden von Seeland mit der reinsten Schweizer [&hellip;]<\/p>\n","protected":false},"author":2,"featured_media":0,"parent":0,"menu_order":0,"comment_status":"closed","ping_status":"closed","template":"","meta":{"inline_featured_image":false,"footnotes":""},"class_list":["post-43134","page","type-page","status-publish","hentry"],"yoast_head":"<!-- This site is optimized with the Yoast SEO Premium plugin v25.9 (Yoast SEO v27.2) - https:\/\/yoast.com\/product\/yoast-seo-premium-wordpress\/ -->\n<title>Schweizer CBD-Grossh\u00e4ndler in Genf - Le Riff - CBD Gro\u00dfhandel<\/title>\n<meta name=\"description\" content=\"CBD-Gro\u00dfh\u00e4ndler Schweiz In Genf - Bei Le Riff arbeiten wir ausschlie\u00dflich mit lokalen CBD-Cannabis-Produzenten zusammen.\" \/>\n<meta name=\"robots\" content=\"index, follow, max-snippet:-1, max-image-preview:large, max-video-preview:-1\" \/>\n<link rel=\"canonical\" href=\"https:\/\/www.leriff.ch\/de\/schweizer-cbd-grosshaendler-in-genf\/\" \/>\n<meta property=\"og:locale\" content=\"de_DE\" \/>\n<meta property=\"og:type\" content=\"article\" \/>\n<meta property=\"og:title\" content=\"Schweizer CBD-Grossh\u00e4ndler in Genf\" \/>\n<meta property=\"og:description\" content=\"CBD-Gro\u00dfh\u00e4ndler Schweiz In Genf - Bei Le Riff arbeiten wir ausschlie\u00dflich mit lokalen CBD-Cannabis-Produzenten zusammen.\" \/>\n<meta property=\"og:url\" content=\"https:\/\/www.leriff.ch\/de\/schweizer-cbd-grosshaendler-in-genf\/\" \/>\n<meta property=\"og:site_name\" content=\"Le Riff\" \/>\n<meta property=\"article:publisher\" content=\"https:\/\/www.facebook.com\/Leriff.ch\" \/>\n<meta property=\"og:image\" content=\"https:\/\/www.leriff.ch\/wp-content\/uploads\/2020\/03\/fraise-leriff.ch_-scaled.jpg\" \/>\n<meta name=\"twitter:card\" content=\"summary_large_image\" \/>\n<meta name=\"twitter:label1\" content=\"Gesch\u00e4tzte Lesezeit\" \/>\n\t<meta name=\"twitter:data1\" content=\"1\u00a0Minute\" \/>\n<script type=\"application\/ld+json\" class=\"yoast-schema-graph\">{\"@context\":\"https:\/\/schema.org\",\"@graph\":[{\"@type\":\"WebPage\",\"@id\":\"https:\/\/www.leriff.ch\/de\/schweizer-cbd-grosshaendler-in-genf\/\",\"url\":\"https:\/\/www.leriff.ch\/de\/schweizer-cbd-grosshaendler-in-genf\/\",\"name\":\"Schweizer CBD-Grossh\u00e4ndler in Genf - Le Riff - CBD Gro\u00dfhandel\",\"isPartOf\":{\"@id\":\"https:\/\/www.leriff.ch\/de\/#website\"},\"primaryImageOfPage\":{\"@id\":\"https:\/\/www.leriff.ch\/de\/schweizer-cbd-grosshaendler-in-genf\/#primaryimage\"},\"image\":{\"@id\":\"https:\/\/www.leriff.ch\/de\/schweizer-cbd-grosshaendler-in-genf\/#primaryimage\"},\"thumbnailUrl\":\"https:\/\/www.leriff.ch\/wp-content\/uploads\/2017\/09\/leriff-CBD-marijuana-150x150.jpg\",\"datePublished\":\"2022-05-22T08:51:06+00:00\",\"description\":\"CBD-Gro\u00dfh\u00e4ndler Schweiz In Genf - Bei Le Riff arbeiten wir ausschlie\u00dflich mit lokalen CBD-Cannabis-Produzenten zusammen.\",\"breadcrumb\":{\"@id\":\"https:\/\/www.leriff.ch\/de\/schweizer-cbd-grosshaendler-in-genf\/#breadcrumb\"},\"inLanguage\":\"de\",\"potentialAction\":[{\"@type\":\"ReadAction\",\"target\":[\"https:\/\/www.leriff.ch\/de\/schweizer-cbd-grosshaendler-in-genf\/\"]}]},{\"@type\":\"ImageObject\",\"inLanguage\":\"de\",\"@id\":\"https:\/\/www.leriff.ch\/de\/schweizer-cbd-grosshaendler-in-genf\/#primaryimage\",\"url\":\"https:\/\/www.leriff.ch\/wp-content\/uploads\/2017\/09\/leriff-CBD-marijuana-150x150.jpg\",\"contentUrl\":\"https:\/\/www.leriff.ch\/wp-content\/uploads\/2017\/09\/leriff-CBD-marijuana-150x150.jpg\"},{\"@type\":\"BreadcrumbList\",\"@id\":\"https:\/\/www.leriff.ch\/de\/schweizer-cbd-grosshaendler-in-genf\/#breadcrumb\",\"itemListElement\":[{\"@type\":\"ListItem\",\"position\":1,\"name\":\"Accueil\",\"item\":\"https:\/\/www.leriff.ch\/de\/\"},{\"@type\":\"ListItem\",\"position\":2,\"name\":\"Schweizer CBD-Grossh\u00e4ndler in Genf\"}]},{\"@type\":\"WebSite\",\"@id\":\"https:\/\/www.leriff.ch\/de\/#website\",\"url\":\"https:\/\/www.leriff.ch\/de\/\",\"name\":\"Le Riff\",\"description\":\"Fleurs de Cannabis CBD\",\"publisher\":{\"@id\":\"https:\/\/www.leriff.ch\/de\/#organization\"},\"potentialAction\":[{\"@type\":\"SearchAction\",\"target\":{\"@type\":\"EntryPoint\",\"urlTemplate\":\"https:\/\/www.leriff.ch\/de\/?s={search_term_string}\"},\"query-input\":{\"@type\":\"PropertyValueSpecification\",\"valueRequired\":true,\"valueName\":\"search_term_string\"}}],\"inLanguage\":\"de\"},{\"@type\":\"Organization\",\"@id\":\"https:\/\/www.leriff.ch\/de\/#organization\",\"name\":\"le riff\",\"url\":\"https:\/\/www.leriff.ch\/de\/\",\"logo\":{\"@type\":\"ImageObject\",\"inLanguage\":\"de\",\"@id\":\"https:\/\/www.leriff.ch\/de\/#\/schema\/logo\/image\/\",\"url\":\"https:\/\/www.leriff.ch\/wp-content\/uploads\/2019\/10\/logo_carre.png\",\"contentUrl\":\"https:\/\/www.leriff.ch\/wp-content\/uploads\/2019\/10\/logo_carre.png\",\"width\":130,\"height\":130,\"caption\":\"le riff\"},\"image\":{\"@id\":\"https:\/\/www.leriff.ch\/de\/#\/schema\/logo\/image\/\"},\"sameAs\":[\"https:\/\/www.facebook.com\/Leriff.ch\"]}]}<\/script>\n<!-- \/ Yoast SEO Premium plugin. -->","yoast_head_json":{"title":"Schweizer CBD-Grossh\u00e4ndler in Genf - Le Riff - CBD Gro\u00dfhandel","description":"CBD-Gro\u00dfh\u00e4ndler Schweiz In Genf - Bei Le Riff arbeiten wir ausschlie\u00dflich mit lokalen CBD-Cannabis-Produzenten zusammen.","robots":{"index":"index","follow":"follow","max-snippet":"max-snippet:-1","max-image-preview":"max-image-preview:large","max-video-preview":"max-video-preview:-1"},"canonical":"https:\/\/www.leriff.ch\/de\/schweizer-cbd-grosshaendler-in-genf\/","og_locale":"de_DE","og_type":"article","og_title":"Schweizer CBD-Grossh\u00e4ndler in Genf","og_description":"CBD-Gro\u00dfh\u00e4ndler Schweiz In Genf - Bei Le Riff arbeiten wir ausschlie\u00dflich mit lokalen CBD-Cannabis-Produzenten zusammen.","og_url":"https:\/\/www.leriff.ch\/de\/schweizer-cbd-grosshaendler-in-genf\/","og_site_name":"Le Riff","article_publisher":"https:\/\/www.facebook.com\/Leriff.ch","og_image":[{"url":"https:\/\/www.leriff.ch\/wp-content\/uploads\/2020\/03\/fraise-leriff.ch_-scaled.jpg","type":"","width":"","height":""}],"twitter_card":"summary_large_image","twitter_misc":{"Gesch\u00e4tzte Lesezeit":"1\u00a0Minute"},"schema":{"@context":"https:\/\/schema.org","@graph":[{"@type":"WebPage","@id":"https:\/\/www.leriff.ch\/de\/schweizer-cbd-grosshaendler-in-genf\/","url":"https:\/\/www.leriff.ch\/de\/schweizer-cbd-grosshaendler-in-genf\/","name":"Schweizer CBD-Grossh\u00e4ndler in Genf - Le Riff - CBD Gro\u00dfhandel","isPartOf":{"@id":"https:\/\/www.leriff.ch\/de\/#website"},"primaryImageOfPage":{"@id":"https:\/\/www.leriff.ch\/de\/schweizer-cbd-grosshaendler-in-genf\/#primaryimage"},"image":{"@id":"https:\/\/www.leriff.ch\/de\/schweizer-cbd-grosshaendler-in-genf\/#primaryimage"},"thumbnailUrl":"https:\/\/www.leriff.ch\/wp-content\/uploads\/2017\/09\/leriff-CBD-marijuana-150x150.jpg","datePublished":"2022-05-22T08:51:06+00:00","description":"CBD-Gro\u00dfh\u00e4ndler Schweiz In Genf - Bei Le Riff arbeiten wir ausschlie\u00dflich mit lokalen CBD-Cannabis-Produzenten zusammen.","breadcrumb":{"@id":"https:\/\/www.leriff.ch\/de\/schweizer-cbd-grosshaendler-in-genf\/#breadcrumb"},"inLanguage":"de","potentialAction":[{"@type":"ReadAction","target":["https:\/\/www.leriff.ch\/de\/schweizer-cbd-grosshaendler-in-genf\/"]}]},{"@type":"ImageObject","inLanguage":"de","@id":"https:\/\/www.leriff.ch\/de\/schweizer-cbd-grosshaendler-in-genf\/#primaryimage","url":"https:\/\/www.leriff.ch\/wp-content\/uploads\/2017\/09\/leriff-CBD-marijuana-150x150.jpg","contentUrl":"https:\/\/www.leriff.ch\/wp-content\/uploads\/2017\/09\/leriff-CBD-marijuana-150x150.jpg"},{"@type":"BreadcrumbList","@id":"https:\/\/www.leriff.ch\/de\/schweizer-cbd-grosshaendler-in-genf\/#breadcrumb","itemListElement":[{"@type":"ListItem","position":1,"name":"Accueil","item":"https:\/\/www.leriff.ch\/de\/"},{"@type":"ListItem","position":2,"name":"Schweizer CBD-Grossh\u00e4ndler in Genf"}]},{"@type":"WebSite","@id":"https:\/\/www.leriff.ch\/de\/#website","url":"https:\/\/www.leriff.ch\/de\/","name":"Le Riff","description":"Fleurs de Cannabis CBD","publisher":{"@id":"https:\/\/www.leriff.ch\/de\/#organization"},"potentialAction":[{"@type":"SearchAction","target":{"@type":"EntryPoint","urlTemplate":"https:\/\/www.leriff.ch\/de\/?s={search_term_string}"},"query-input":{"@type":"PropertyValueSpecification","valueRequired":true,"valueName":"search_term_string"}}],"inLanguage":"de"},{"@type":"Organization","@id":"https:\/\/www.leriff.ch\/de\/#organization","name":"le riff","url":"https:\/\/www.leriff.ch\/de\/","logo":{"@type":"ImageObject","inLanguage":"de","@id":"https:\/\/www.leriff.ch\/de\/#\/schema\/logo\/image\/","url":"https:\/\/www.leriff.ch\/wp-content\/uploads\/2019\/10\/logo_carre.png","contentUrl":"https:\/\/www.leriff.ch\/wp-content\/uploads\/2019\/10\/logo_carre.png","width":130,"height":130,"caption":"le riff"},"image":{"@id":"https:\/\/www.leriff.ch\/de\/#\/schema\/logo\/image\/"},"sameAs":["https:\/\/www.facebook.com\/Leriff.ch"]}]}},"_links":{"self":[{"href":"https:\/\/www.leriff.ch\/de\/wp-json\/wp\/v2\/pages\/43134","targetHints":{"allow":["GET"]}}],"collection":[{"href":"https:\/\/www.leriff.ch\/de\/wp-json\/wp\/v2\/pages"}],"about":[{"href":"https:\/\/www.leriff.ch\/de\/wp-json\/wp\/v2\/types\/page"}],"author":[{"embeddable":true,"href":"https:\/\/www.leriff.ch\/de\/wp-json\/wp\/v2\/users\/2"}],"replies":[{"embeddable":true,"href":"https:\/\/www.leriff.ch\/de\/wp-json\/wp\/v2\/comments?post=43134"}],"version-history":[{"count":1,"href":"https:\/\/www.leriff.ch\/de\/wp-json\/wp\/v2\/pages\/43134\/revisions"}],"predecessor-version":[{"id":43135,"href":"https:\/\/www.leriff.ch\/de\/wp-json\/wp\/v2\/pages\/43134\/revisions\/43135"}],"wp:attachment":[{"href":"https:\/\/www.leriff.ch\/de\/wp-json\/wp\/v2\/media?parent=43134"}],"curies":[{"name":"wp","href":"https:\/\/api.w.org\/{rel}","templated":true}]}}