{"id":43148,"date":"2022-05-22T11:43:14","date_gmt":"2022-05-22T09:43:14","guid":{"rendered":"https:\/\/www.leriff.ch\/verkauf-und-lieferung-genf-cbd-cannabis\/"},"modified":"2022-05-22T11:43:15","modified_gmt":"2022-05-22T09:43:15","slug":"verkauf-und-lieferung-genf-cbd-cannabis","status":"publish","type":"page","link":"https:\/\/www.leriff.ch\/de\/verkauf-und-lieferung-genf-cbd-cannabis\/","title":{"rendered":"Verkauf und Lieferung Genf CBD Cannabis"},"content":{"rendered":"<blockquote>\n<h2><span class=\"st\"><em>Gro\u00dfh\u00e4ndler CBD Schweiz Produkte auf Basis von CBD-\u00d6l<br \/><\/em><\/span><\/h2>\n<\/blockquote>\n<p class=\"p1\"><span class=\"s1\"><b>CBD Gro\u00dfhandel von Cannabis und Derivaten, die in der Schweiz produziert werden<br \/><a href=\"https:\/\/www.leriff.ch\/de\/produkt\/lemon\/\" rel=\"Lemon - Fleurs de Cannabis\"><img decoding=\"async\" class=\"alignleft wp-image-7267 size-thumbnail\" title=\"Lemon - Cannabisbl\u00fcten\" src=\"https:\/\/www.leriff.ch\/wp-content\/uploads\/2020\/03\/fraise-leriff.ch_-150x150.jpg\" alt=\"\" width=\"150\" height=\"150\" srcset=\"https:\/\/www.leriff.ch\/wp-content\/uploads\/2020\/03\/fraise-leriff.ch_-150x150.jpg 150w, https:\/\/www.leriff.ch\/wp-content\/uploads\/2020\/03\/fraise-leriff.ch_-300x300.jpg 300w, https:\/\/www.leriff.ch\/wp-content\/uploads\/2020\/03\/fraise-leriff.ch_-scaled.jpg 1024w, https:\/\/www.leriff.ch\/wp-content\/uploads\/2020\/03\/fraise-leriff.ch_-768x768.jpg 768w, https:\/\/www.leriff.ch\/wp-content\/uploads\/2020\/03\/fraise-leriff.ch_-1536x1536.jpg 1536w, https:\/\/www.leriff.ch\/wp-content\/uploads\/2020\/03\/fraise-leriff.ch_-100x100.jpg 100w\" sizes=\"(max-width: 150px) 100vw, 150px\" \/><\/a><\/b><\/span><span class=\"s1\">Unsere Sorten ist eine legale Cannabissorte, die reich an CBD ist. CBD-Cannabis zum besten Preis kaufen. Entdecken Sie auch unser Produkt aus CBD-Cannabisbl\u00fcten und CBD-\u00d6l. Hauslieferung in Genf, Postversand in der \u00fcbrigen Schweiz.<\/span><\/p>\n<p class=\"p1\"><span class=\"s1\"><b>Cannabis online kaufen<br \/><\/b><\/span>Von der Verpackung bis zu den Nebenprodukten arbeiten wir mit lokalen Unternehmen zusammen, um die R\u00fcckverfolgbarkeit unserer Produkte zu gew\u00e4hrleisten und Ihnen das Beste anzubieten, was die Schweiz zu bieten hat!<\/p>\n<p class=\"p1\"><span title=\"Unsere Produkte \"><strong>Unsere Produkte<\/strong><br \/><\/span><span class=\"s1\">Unser cbd-Cannabis ist garantiert <em>100 % Swiss Made<\/em> mit einem THC-Gehalt von weniger als 1 % und einem <em>CBD<\/em>-Gehalt von 14 % bis 18 %, je nach Ernte, mit Zertifizierung durch ein zugelassenes Labor. Wir wollen maximale Transparenz bei unseren Produkten.<br \/><\/span><span class=\"s1\">Unser Cannabis wird auf den B\u00f6den von Seeland in der reinsten Tradition der Schweizer Hanfbauern angebaut, ist biologisch und stammt aus umweltbewusster Landwirtschaft.<\/span><\/p>\n<p><a href=\"https:\/\/www.leriff.ch\/wp-content\/uploads\/2020\/05\/huile-cbd-evetica-5-10-20-30-concentrate.jpg\" rel=\"Huile de CBD Evetica\"><img decoding=\"async\" class=\"alignleft wp-image-7415 size-thumbnail\" title=\"Evetica CBD-\u00d6l\" src=\"https:\/\/www.leriff.ch\/wp-content\/uploads\/2020\/05\/huile-cbd-evetica-5-10-20-30-concentrate-150x150.jpg\" alt=\"\" width=\"150\" height=\"150\" srcset=\"https:\/\/www.leriff.ch\/wp-content\/uploads\/2020\/05\/huile-cbd-evetica-5-10-20-30-concentrate-150x150.jpg 150w, https:\/\/www.leriff.ch\/wp-content\/uploads\/2020\/05\/huile-cbd-evetica-5-10-20-30-concentrate-300x300.jpg 300w, https:\/\/www.leriff.ch\/wp-content\/uploads\/2020\/05\/huile-cbd-evetica-5-10-20-30-concentrate-100x100.jpg 100w, https:\/\/www.leriff.ch\/wp-content\/uploads\/2020\/05\/huile-cbd-evetica-5-10-20-30-concentrate.jpg 330w\" sizes=\"(max-width: 150px) 100vw, 150px\" \/><\/a><\/p>\n<p><strong>Online-Verkauf von CBD-Cannabis<\/strong><br \/>Bei <em>Le Riff<\/em> arbeiten wir ausschlie\u00dflich mit lokalen Produzenten zusammen, die die Schweizer Tradition des Hanfanbaus fortf\u00fchren, um Ihnen eine hochwertige, <em>CBD-reiche<\/em> Pflanze zu liefern.<\/p>\n<p class=\"p1\"><span class=\"s1\"><b>Unsere ChartaW\u00e4hrend<br \/><\/b><\/span> des gesamten Produktions- und Herstellungsprozesses werden Tests durchgef\u00fchrt, um die Einhaltung der Schweizer <em>Qualit\u00e4tsstandards zu gew\u00e4hrleisten<\/em>.<\/p>\n\n<div class=\"wp-block-columns is-layout-flex wp-container-core-columns-is-layout-9d6595d7 wp-block-columns-is-layout-flex\">\n<div class=\"wp-block-column is-layout-flow wp-block-column-is-layout-flow\">\n<figure class=\"wp-block-embed-wordpress wp-block-embed is-type-wp-embed is-provider-le-riff\"><div class=\"wp-block-embed__wrapper\">\n<div class=\"video-container\"><blockquote class=\"wp-embedded-content\" data-secret=\"9mgOPfgRlP\"><a href=\"https:\/\/www.leriff.ch\/achat-gros-de-boutures-de-cannabis-cbd\/\">Boutures et Graines de Cannabis CBD<\/a><\/blockquote><iframe loading=\"lazy\" class=\"wp-embedded-content\" sandbox=\"allow-scripts\" security=\"restricted\" style=\"position: absolute; clip: rect(1px, 1px, 1px, 1px);\" title=\"&#8222;Boutures et Graines de Cannabis CBD&#8220; &#8212; Le Riff\" src=\"https:\/\/www.leriff.ch\/achat-gros-de-boutures-de-cannabis-cbd\/embed\/#?secret=hn3dqlvvC0#?secret=9mgOPfgRlP\" data-secret=\"9mgOPfgRlP\" width=\"600\" height=\"338\" frameborder=\"0\" marginwidth=\"0\" marginheight=\"0\" scrolling=\"no\"><\/iframe><\/div>\n<\/div><\/figure><\/div>\n\n\n\n<div class=\"wp-block-column is-layout-flow wp-block-column-is-layout-flow\">\n<figure class=\"wp-block-embed-wordpress wp-block-embed is-type-wp-embed is-provider-le-riff\"><div class=\"wp-block-embed__wrapper\">\n<div class=\"video-container\"><blockquote class=\"wp-embedded-content\" data-secret=\"LiBstMG8Jx\"><a href=\"https:\/\/www.leriff.ch\/informations-sur-le-cbd\/\">Informations sur la Fleurs Cannabis CBD<\/a><\/blockquote><iframe loading=\"lazy\" class=\"wp-embedded-content\" sandbox=\"allow-scripts\" security=\"restricted\" style=\"position: absolute; clip: rect(1px, 1px, 1px, 1px);\" title=\"&#8222;Informations sur la Fleurs Cannabis CBD&#8220; &#8212; Le Riff\" src=\"https:\/\/www.leriff.ch\/informations-sur-le-cbd\/embed\/#?secret=30kuYFOQeZ#?secret=LiBstMG8Jx\" data-secret=\"LiBstMG8Jx\" width=\"600\" height=\"338\" frameborder=\"0\" marginwidth=\"0\" marginheight=\"0\" scrolling=\"no\"><\/iframe><\/div>\n<\/div><\/figure><\/div>\n<\/div>\n<div data-align-buttons=\"true\" data-block-name=\"woocommerce\/product-best-sellers\" data-rows=\"1\" class=\"wc-block-grid wp-block-product-best-sellers wp-block-woocommerce-product-best-sellers wc-block-product-best-sellers has-3-columns has-aligned-buttons\"><ul class=\"wc-block-grid__products\"><li class=\"wc-block-grid__product\">\n\t\t\t\t<a href=\"https:\/\/www.leriff.ch\/de\/produkt\/pollen-cbd-haschisch-lemon-kush\/\" class=\"wc-block-grid__product-link\">\n\t\t\t\t\t\n\t\t\t\t\t<div class=\"wc-block-grid__product-image\"><img decoding=\"async\" width=\"1024\" height=\"1024\" src=\"https:\/\/www.leriff.ch\/wp-content\/uploads\/2023\/04\/pollen-Lemon-Kush-cbd-leriff-1024x1024.jpg\" class=\"attachment-woocommerce_thumbnail size-woocommerce_thumbnail\" alt=\"Lorsqu&#039;il est consomm\u00e9, le hashish Lemon Kush CBD peut produire un effet relaxant et apaisant tout en r\u00e9duisant l&#039;anxi\u00e9t\u00e9, la douleur et l&#039;inflammation. De plus, la vari\u00e9t\u00e9 Lemon Kush est \u00e9galement riche en limon\u00e8ne, un terp\u00e8ne qui est responsable de son ar\u00f4me citronn\u00e9 et qui peut contribuer \u00e0 am\u00e9liorer l&#039;humeur et r\u00e9duire le stress.\" srcset=\"https:\/\/www.leriff.ch\/wp-content\/uploads\/2023\/04\/pollen-Lemon-Kush-cbd-leriff-1024x1024.jpg 1024w, https:\/\/www.leriff.ch\/wp-content\/uploads\/2023\/04\/pollen-Lemon-Kush-cbd-leriff-300x300.jpg 300w, https:\/\/www.leriff.ch\/wp-content\/uploads\/2023\/04\/pollen-Lemon-Kush-cbd-leriff-150x150.jpg 150w, https:\/\/www.leriff.ch\/wp-content\/uploads\/2023\/04\/pollen-Lemon-Kush-cbd-leriff-768x768.jpg 768w, https:\/\/www.leriff.ch\/wp-content\/uploads\/2023\/04\/pollen-Lemon-Kush-cbd-leriff-100x100.jpg 100w, https:\/\/www.leriff.ch\/wp-content\/uploads\/2023\/04\/pollen-Lemon-Kush-cbd-leriff.jpg 1200w\" sizes=\"(max-width: 1024px) 100vw, 1024px\" \/><\/div>\n\t\t\t\t\t<div class=\"wc-block-grid__product-title\">Haschisch &#8211; Lemon Kush<\/div>\n\t\t\t\t<\/a>\n\t\t\t\t<div class=\"wc-block-grid__product-price price\"><span class=\"woocommerce-Price-amount amount\" aria-hidden=\"true\">20.00&nbsp;<span class=\"woocommerce-Price-currencySymbol\">&#067;&#072;&#070;<\/span><\/span> <span aria-hidden=\"true\"> \u2013 <\/span> <span class=\"woocommerce-Price-amount amount\" aria-hidden=\"true\">40.00&nbsp;<span class=\"woocommerce-Price-currencySymbol\">&#067;&#072;&#070;<\/span><\/span><span class=\"screen-reader-text\">Preisspanne: 20.00&nbsp;&#067;&#072;&#070; bis 40.00&nbsp;&#067;&#072;&#070;<\/span><\/div>\n\t\t\t\t\n\t\t\t\t<div class=\"wp-block-button wc-block-grid__product-add-to-cart\"><a href=\"https:\/\/www.leriff.ch\/de\/produkt\/pollen-cbd-haschisch-lemon-kush\/\" aria-label=\"W\u00e4hle Optionen f\u00fcr \u201eHaschisch - Lemon Kush\u201c\" data-quantity=\"1\" data-product_id=\"43807\" data-product_sku=\"\" data-price=\"20\" rel=\"nofollow\" class=\"wp-block-button__link  add_to_cart_button\">Ausf\u00fchrung w\u00e4hlen<\/a><\/div>\n\t\t\t<\/li><li class=\"wc-block-grid__product\">\n\t\t\t\t<a href=\"https:\/\/www.leriff.ch\/de\/produkt\/arlequin\/\" class=\"wc-block-grid__product-link\">\n\t\t\t\t\t\n\t\t\t\t\t<div class=\"wc-block-grid__product-image\"><img decoding=\"async\" width=\"1024\" height=\"1024\" src=\"https:\/\/www.leriff.ch\/wp-content\/uploads\/2020\/01\/harlequin-leriff-1024x1024.jpg\" class=\"attachment-woocommerce_thumbnail size-woocommerce_thumbnail\" alt=\"Arlequin | Indoor\" srcset=\"https:\/\/www.leriff.ch\/wp-content\/uploads\/2020\/01\/harlequin-leriff.jpg 1024w, https:\/\/www.leriff.ch\/wp-content\/uploads\/2020\/01\/harlequin-leriff-300x300.jpg 300w, https:\/\/www.leriff.ch\/wp-content\/uploads\/2020\/01\/harlequin-leriff-150x150.jpg 150w, https:\/\/www.leriff.ch\/wp-content\/uploads\/2020\/01\/harlequin-leriff-768x768.jpg 768w, https:\/\/www.leriff.ch\/wp-content\/uploads\/2020\/01\/harlequin-leriff-100x100.jpg 100w\" sizes=\"(max-width: 1024px) 100vw, 1024px\" \/><\/div>\n\t\t\t\t\t<div class=\"wc-block-grid__product-title\">Arlequin | Indoor<\/div>\n\t\t\t\t<\/a>\n\t\t\t\t<div class=\"wc-block-grid__product-price price\"><span class=\"woocommerce-Price-amount amount\" aria-hidden=\"true\">20.00&nbsp;<span class=\"woocommerce-Price-currencySymbol\">&#067;&#072;&#070;<\/span><\/span> <span aria-hidden=\"true\"> \u2013 <\/span> <span class=\"woocommerce-Price-amount amount\" aria-hidden=\"true\">50.00&nbsp;<span class=\"woocommerce-Price-currencySymbol\">&#067;&#072;&#070;<\/span><\/span><span class=\"screen-reader-text\">Preisspanne: 20.00&nbsp;&#067;&#072;&#070; bis 50.00&nbsp;&#067;&#072;&#070;<\/span><\/div>\n\t\t\t\t<div class=\"wc-block-grid__product-rating\"><div class=\"star-rating\" role=\"img\" aria-label=\"Bewertet mit 5.00 von 5\"><span style=\"width:100%\">Bewertet mit <strong class=\"rating\">5.00<\/strong> von 5, basierend auf <span class=\"rating\">1<\/span> Kundenbewertung<\/span><\/div><\/div>\n\t\t\t\t<div class=\"wp-block-button wc-block-grid__product-add-to-cart\"><a href=\"https:\/\/www.leriff.ch\/de\/produkt\/arlequin\/\" aria-label=\"W\u00e4hle Optionen f\u00fcr \u201eArlequin | Indoor\u201c\" data-quantity=\"1\" data-product_id=\"39984\" data-product_sku=\"\" data-price=\"20\" rel=\"nofollow\" class=\"wp-block-button__link  add_to_cart_button\">Ausf\u00fchrung w\u00e4hlen<\/a><\/div>\n\t\t\t<\/li><li class=\"wc-block-grid__product\">\n\t\t\t\t<a href=\"https:\/\/www.leriff.ch\/de\/produkt\/icerock\/\" class=\"wc-block-grid__product-link\">\n\t\t\t\t\t\n\t\t\t\t\t<div class=\"wc-block-grid__product-image\"><img decoding=\"async\" width=\"1024\" height=\"1024\" src=\"https:\/\/www.leriff.ch\/wp-content\/uploads\/2020\/11\/icerock-white-moonrock-meteorit-asteroid-fullvue-cbd-suisse-1024x1024.jpg\" class=\"attachment-woocommerce_thumbnail size-woocommerce_thumbnail\" alt=\"ICEROCK fleurs de cbd\" srcset=\"https:\/\/www.leriff.ch\/wp-content\/uploads\/2020\/11\/icerock-white-moonrock-meteorit-asteroid-fullvue-cbd-suisse-scaled.jpg 1024w, https:\/\/www.leriff.ch\/wp-content\/uploads\/2020\/11\/icerock-white-moonrock-meteorit-asteroid-fullvue-cbd-suisse-300x300.jpg 300w, https:\/\/www.leriff.ch\/wp-content\/uploads\/2020\/11\/icerock-white-moonrock-meteorit-asteroid-fullvue-cbd-suisse-150x150.jpg 150w, https:\/\/www.leriff.ch\/wp-content\/uploads\/2020\/11\/icerock-white-moonrock-meteorit-asteroid-fullvue-cbd-suisse-768x768.jpg 768w, https:\/\/www.leriff.ch\/wp-content\/uploads\/2020\/11\/icerock-white-moonrock-meteorit-asteroid-fullvue-cbd-suisse-1536x1536.jpg 1536w, https:\/\/www.leriff.ch\/wp-content\/uploads\/2020\/11\/icerock-white-moonrock-meteorit-asteroid-fullvue-cbd-suisse-100x100.jpg 100w\" sizes=\"(max-width: 1024px) 100vw, 1024px\" \/><\/div>\n\t\t\t\t\t<div class=\"wc-block-grid__product-title\">ICEROCK<\/div>\n\t\t\t\t<\/a>\n\t\t\t\t<div class=\"wc-block-grid__product-price price\"><span class=\"woocommerce-Price-amount amount\" aria-hidden=\"true\">20.00&nbsp;<span class=\"woocommerce-Price-currencySymbol\">&#067;&#072;&#070;<\/span><\/span> <span aria-hidden=\"true\"> \u2013 <\/span> <span class=\"woocommerce-Price-amount amount\" aria-hidden=\"true\">40.00&nbsp;<span class=\"woocommerce-Price-currencySymbol\">&#067;&#072;&#070;<\/span><\/span><span class=\"screen-reader-text\">Preisspanne: 20.00&nbsp;&#067;&#072;&#070; bis 40.00&nbsp;&#067;&#072;&#070;<\/span><\/div>\n\t\t\t\t\n\t\t\t\t<div class=\"wp-block-button wc-block-grid__product-add-to-cart\"><a href=\"https:\/\/www.leriff.ch\/de\/produkt\/icerock\/\" aria-label=\"W\u00e4hle Optionen f\u00fcr \u201eICEROCK\u201c\" data-quantity=\"1\" data-product_id=\"40527\" data-product_sku=\"\" data-price=\"20\" rel=\"nofollow\" class=\"wp-block-button__link  add_to_cart_button\">Ausf\u00fchrung w\u00e4hlen<\/a><\/div>\n\t\t\t<\/li><\/ul><\/div>","protected":false},"excerpt":{"rendered":"<p>Gro\u00dfh\u00e4ndler CBD Schweiz Produkte auf Basis von CBD-\u00d6l CBD Gro\u00dfhandel von Cannabis und Derivaten, die in der Schweiz produziert werdenUnsere Sorten ist eine legale Cannabissorte, die reich an CBD ist. CBD-Cannabis zum besten Preis kaufen. Entdecken Sie auch unser Produkt aus CBD-Cannabisbl\u00fcten und CBD-\u00d6l. Hauslieferung in Genf, Postversand in der \u00fcbrigen Schweiz. Cannabis online kaufenVon [&hellip;]<\/p>\n","protected":false},"author":2,"featured_media":0,"parent":0,"menu_order":0,"comment_status":"closed","ping_status":"closed","template":"","meta":{"inline_featured_image":false,"footnotes":""},"class_list":["post-43148","page","type-page","status-publish","hentry"],"yoast_head":"<!-- This site is optimized with the Yoast SEO Premium plugin v25.9 (Yoast SEO v27.4) - https:\/\/yoast.com\/product\/yoast-seo-premium-wordpress\/ -->\n<title>Verkauf und Lieferung Genf CBD Cannabis - Le Riff - Gro\u00dfhandel mit CBD<\/title>\n<meta name=\"description\" content=\"Entdecken Sie auch unser Produkt aus CBD-Cannabisbl\u00fcten und CBD-\u00d6l. Hauslieferungen in Genf.\" \/>\n<meta name=\"robots\" content=\"index, follow, max-snippet:-1, max-image-preview:large, max-video-preview:-1\" \/>\n<link rel=\"canonical\" href=\"https:\/\/www.leriff.ch\/de\/verkauf-und-lieferung-genf-cbd-cannabis\/\" \/>\n<meta property=\"og:locale\" content=\"de_DE\" \/>\n<meta property=\"og:type\" content=\"article\" \/>\n<meta property=\"og:title\" content=\"Verkauf und Lieferung Genf CBD Cannabis\" \/>\n<meta property=\"og:description\" content=\"Entdecken Sie auch unser Produkt aus CBD-Cannabisbl\u00fcten und CBD-\u00d6l. Hauslieferungen in Genf.\" \/>\n<meta property=\"og:url\" content=\"https:\/\/www.leriff.ch\/de\/verkauf-und-lieferung-genf-cbd-cannabis\/\" \/>\n<meta property=\"og:site_name\" content=\"Le Riff\" \/>\n<meta property=\"article:publisher\" content=\"https:\/\/www.facebook.com\/Leriff.ch\" \/>\n<meta property=\"article:modified_time\" content=\"2022-05-22T09:43:15+00:00\" \/>\n<meta property=\"og:image\" content=\"https:\/\/www.leriff.ch\/wp-content\/uploads\/2020\/04\/huile-cbd-evetica-5-10-20-30.jpg\" \/>\n<meta name=\"twitter:card\" content=\"summary_large_image\" \/>\n<meta name=\"twitter:label1\" content=\"Gesch\u00e4tzte Lesezeit\" \/>\n\t<meta name=\"twitter:data1\" content=\"1\u00a0Minute\" \/>\n<script type=\"application\/ld+json\" class=\"yoast-schema-graph\">{\"@context\":\"https:\\\/\\\/schema.org\",\"@graph\":[{\"@type\":\"WebPage\",\"@id\":\"https:\\\/\\\/www.leriff.ch\\\/de\\\/verkauf-und-lieferung-genf-cbd-cannabis\\\/\",\"url\":\"https:\\\/\\\/www.leriff.ch\\\/de\\\/verkauf-und-lieferung-genf-cbd-cannabis\\\/\",\"name\":\"Verkauf und Lieferung Genf CBD Cannabis - Le Riff - Gro\u00dfhandel mit CBD\",\"isPartOf\":{\"@id\":\"https:\\\/\\\/www.leriff.ch\\\/de\\\/#website\"},\"primaryImageOfPage\":{\"@id\":\"https:\\\/\\\/www.leriff.ch\\\/de\\\/verkauf-und-lieferung-genf-cbd-cannabis\\\/#primaryimage\"},\"image\":{\"@id\":\"https:\\\/\\\/www.leriff.ch\\\/de\\\/verkauf-und-lieferung-genf-cbd-cannabis\\\/#primaryimage\"},\"thumbnailUrl\":\"https:\\\/\\\/www.leriff.ch\\\/wp-content\\\/uploads\\\/2020\\\/03\\\/fraise-leriff.ch_-150x150.jpg\",\"datePublished\":\"2022-05-22T09:43:14+00:00\",\"dateModified\":\"2022-05-22T09:43:15+00:00\",\"description\":\"Entdecken Sie auch unser Produkt aus CBD-Cannabisbl\u00fcten und CBD-\u00d6l. Hauslieferungen in Genf.\",\"breadcrumb\":{\"@id\":\"https:\\\/\\\/www.leriff.ch\\\/de\\\/verkauf-und-lieferung-genf-cbd-cannabis\\\/#breadcrumb\"},\"inLanguage\":\"de\",\"potentialAction\":[{\"@type\":\"ReadAction\",\"target\":[\"https:\\\/\\\/www.leriff.ch\\\/de\\\/verkauf-und-lieferung-genf-cbd-cannabis\\\/\"]}]},{\"@type\":\"ImageObject\",\"inLanguage\":\"de\",\"@id\":\"https:\\\/\\\/www.leriff.ch\\\/de\\\/verkauf-und-lieferung-genf-cbd-cannabis\\\/#primaryimage\",\"url\":\"https:\\\/\\\/www.leriff.ch\\\/wp-content\\\/uploads\\\/2020\\\/03\\\/fraise-leriff.ch_-150x150.jpg\",\"contentUrl\":\"https:\\\/\\\/www.leriff.ch\\\/wp-content\\\/uploads\\\/2020\\\/03\\\/fraise-leriff.ch_-150x150.jpg\"},{\"@type\":\"BreadcrumbList\",\"@id\":\"https:\\\/\\\/www.leriff.ch\\\/de\\\/verkauf-und-lieferung-genf-cbd-cannabis\\\/#breadcrumb\",\"itemListElement\":[{\"@type\":\"ListItem\",\"position\":1,\"name\":\"Accueil\",\"item\":\"https:\\\/\\\/www.leriff.ch\\\/de\\\/\"},{\"@type\":\"ListItem\",\"position\":2,\"name\":\"Verkauf und Lieferung Genf CBD Cannabis\"}]},{\"@type\":\"WebSite\",\"@id\":\"https:\\\/\\\/www.leriff.ch\\\/de\\\/#website\",\"url\":\"https:\\\/\\\/www.leriff.ch\\\/de\\\/\",\"name\":\"Le Riff\",\"description\":\"Fleurs de Cannabis CBD\",\"publisher\":{\"@id\":\"https:\\\/\\\/www.leriff.ch\\\/de\\\/#organization\"},\"potentialAction\":[{\"@type\":\"SearchAction\",\"target\":{\"@type\":\"EntryPoint\",\"urlTemplate\":\"https:\\\/\\\/www.leriff.ch\\\/de\\\/?s={search_term_string}\"},\"query-input\":{\"@type\":\"PropertyValueSpecification\",\"valueRequired\":true,\"valueName\":\"search_term_string\"}}],\"inLanguage\":\"de\"},{\"@type\":\"Organization\",\"@id\":\"https:\\\/\\\/www.leriff.ch\\\/de\\\/#organization\",\"name\":\"le riff\",\"url\":\"https:\\\/\\\/www.leriff.ch\\\/de\\\/\",\"logo\":{\"@type\":\"ImageObject\",\"inLanguage\":\"de\",\"@id\":\"https:\\\/\\\/www.leriff.ch\\\/de\\\/#\\\/schema\\\/logo\\\/image\\\/\",\"url\":\"https:\\\/\\\/www.leriff.ch\\\/wp-content\\\/uploads\\\/2019\\\/10\\\/logo_carre.png\",\"contentUrl\":\"https:\\\/\\\/www.leriff.ch\\\/wp-content\\\/uploads\\\/2019\\\/10\\\/logo_carre.png\",\"width\":130,\"height\":130,\"caption\":\"le riff\"},\"image\":{\"@id\":\"https:\\\/\\\/www.leriff.ch\\\/de\\\/#\\\/schema\\\/logo\\\/image\\\/\"},\"sameAs\":[\"https:\\\/\\\/www.facebook.com\\\/Leriff.ch\"]}]}<\/script>\n<!-- \/ Yoast SEO Premium plugin. -->","yoast_head_json":{"title":"Verkauf und Lieferung Genf CBD Cannabis - Le Riff - Gro\u00dfhandel mit CBD","description":"Entdecken Sie auch unser Produkt aus CBD-Cannabisbl\u00fcten und CBD-\u00d6l. Hauslieferungen in Genf.","robots":{"index":"index","follow":"follow","max-snippet":"max-snippet:-1","max-image-preview":"max-image-preview:large","max-video-preview":"max-video-preview:-1"},"canonical":"https:\/\/www.leriff.ch\/de\/verkauf-und-lieferung-genf-cbd-cannabis\/","og_locale":"de_DE","og_type":"article","og_title":"Verkauf und Lieferung Genf CBD Cannabis","og_description":"Entdecken Sie auch unser Produkt aus CBD-Cannabisbl\u00fcten und CBD-\u00d6l. Hauslieferungen in Genf.","og_url":"https:\/\/www.leriff.ch\/de\/verkauf-und-lieferung-genf-cbd-cannabis\/","og_site_name":"Le Riff","article_publisher":"https:\/\/www.facebook.com\/Leriff.ch","article_modified_time":"2022-05-22T09:43:15+00:00","og_image":[{"url":"https:\/\/www.leriff.ch\/wp-content\/uploads\/2020\/04\/huile-cbd-evetica-5-10-20-30.jpg","type":"","width":"","height":""}],"twitter_card":"summary_large_image","twitter_misc":{"Gesch\u00e4tzte Lesezeit":"1\u00a0Minute"},"schema":{"@context":"https:\/\/schema.org","@graph":[{"@type":"WebPage","@id":"https:\/\/www.leriff.ch\/de\/verkauf-und-lieferung-genf-cbd-cannabis\/","url":"https:\/\/www.leriff.ch\/de\/verkauf-und-lieferung-genf-cbd-cannabis\/","name":"Verkauf und Lieferung Genf CBD Cannabis - Le Riff - Gro\u00dfhandel mit CBD","isPartOf":{"@id":"https:\/\/www.leriff.ch\/de\/#website"},"primaryImageOfPage":{"@id":"https:\/\/www.leriff.ch\/de\/verkauf-und-lieferung-genf-cbd-cannabis\/#primaryimage"},"image":{"@id":"https:\/\/www.leriff.ch\/de\/verkauf-und-lieferung-genf-cbd-cannabis\/#primaryimage"},"thumbnailUrl":"https:\/\/www.leriff.ch\/wp-content\/uploads\/2020\/03\/fraise-leriff.ch_-150x150.jpg","datePublished":"2022-05-22T09:43:14+00:00","dateModified":"2022-05-22T09:43:15+00:00","description":"Entdecken Sie auch unser Produkt aus CBD-Cannabisbl\u00fcten und CBD-\u00d6l. Hauslieferungen in Genf.","breadcrumb":{"@id":"https:\/\/www.leriff.ch\/de\/verkauf-und-lieferung-genf-cbd-cannabis\/#breadcrumb"},"inLanguage":"de","potentialAction":[{"@type":"ReadAction","target":["https:\/\/www.leriff.ch\/de\/verkauf-und-lieferung-genf-cbd-cannabis\/"]}]},{"@type":"ImageObject","inLanguage":"de","@id":"https:\/\/www.leriff.ch\/de\/verkauf-und-lieferung-genf-cbd-cannabis\/#primaryimage","url":"https:\/\/www.leriff.ch\/wp-content\/uploads\/2020\/03\/fraise-leriff.ch_-150x150.jpg","contentUrl":"https:\/\/www.leriff.ch\/wp-content\/uploads\/2020\/03\/fraise-leriff.ch_-150x150.jpg"},{"@type":"BreadcrumbList","@id":"https:\/\/www.leriff.ch\/de\/verkauf-und-lieferung-genf-cbd-cannabis\/#breadcrumb","itemListElement":[{"@type":"ListItem","position":1,"name":"Accueil","item":"https:\/\/www.leriff.ch\/de\/"},{"@type":"ListItem","position":2,"name":"Verkauf und Lieferung Genf CBD Cannabis"}]},{"@type":"WebSite","@id":"https:\/\/www.leriff.ch\/de\/#website","url":"https:\/\/www.leriff.ch\/de\/","name":"Le Riff","description":"Fleurs de Cannabis CBD","publisher":{"@id":"https:\/\/www.leriff.ch\/de\/#organization"},"potentialAction":[{"@type":"SearchAction","target":{"@type":"EntryPoint","urlTemplate":"https:\/\/www.leriff.ch\/de\/?s={search_term_string}"},"query-input":{"@type":"PropertyValueSpecification","valueRequired":true,"valueName":"search_term_string"}}],"inLanguage":"de"},{"@type":"Organization","@id":"https:\/\/www.leriff.ch\/de\/#organization","name":"le riff","url":"https:\/\/www.leriff.ch\/de\/","logo":{"@type":"ImageObject","inLanguage":"de","@id":"https:\/\/www.leriff.ch\/de\/#\/schema\/logo\/image\/","url":"https:\/\/www.leriff.ch\/wp-content\/uploads\/2019\/10\/logo_carre.png","contentUrl":"https:\/\/www.leriff.ch\/wp-content\/uploads\/2019\/10\/logo_carre.png","width":130,"height":130,"caption":"le riff"},"image":{"@id":"https:\/\/www.leriff.ch\/de\/#\/schema\/logo\/image\/"},"sameAs":["https:\/\/www.facebook.com\/Leriff.ch"]}]}},"_links":{"self":[{"href":"https:\/\/www.leriff.ch\/de\/wp-json\/wp\/v2\/pages\/43148","targetHints":{"allow":["GET"]}}],"collection":[{"href":"https:\/\/www.leriff.ch\/de\/wp-json\/wp\/v2\/pages"}],"about":[{"href":"https:\/\/www.leriff.ch\/de\/wp-json\/wp\/v2\/types\/page"}],"author":[{"embeddable":true,"href":"https:\/\/www.leriff.ch\/de\/wp-json\/wp\/v2\/users\/2"}],"replies":[{"embeddable":true,"href":"https:\/\/www.leriff.ch\/de\/wp-json\/wp\/v2\/comments?post=43148"}],"version-history":[{"count":1,"href":"https:\/\/www.leriff.ch\/de\/wp-json\/wp\/v2\/pages\/43148\/revisions"}],"predecessor-version":[{"id":43149,"href":"https:\/\/www.leriff.ch\/de\/wp-json\/wp\/v2\/pages\/43148\/revisions\/43149"}],"wp:attachment":[{"href":"https:\/\/www.leriff.ch\/de\/wp-json\/wp\/v2\/media?parent=43148"}],"curies":[{"name":"wp","href":"https:\/\/api.w.org\/{rel}","templated":true}]}}