{"id":43262,"date":"2022-05-30T12:50:21","date_gmt":"2022-05-30T10:50:21","guid":{"rendered":"https:\/\/www.leriff.ch\/haendler-von-legalem-cannabis-cbd-werden\/"},"modified":"2022-05-30T12:56:24","modified_gmt":"2022-05-30T10:56:24","slug":"haendler-von-legalem-cannabis-cbd-werden","status":"publish","type":"page","link":"https:\/\/www.leriff.ch\/de\/haendler-von-legalem-cannabis-cbd-werden\/","title":{"rendered":"H\u00e4ndler von legalem Cannabis cbd werden"},"content":{"rendered":"<div class=\"wp-block-image is-style-rounded\">\n<figure class=\"alignleft\"><a href=\"https:\/\/www.leriff.ch\/de\/leriff-sodium-skunk-p-2\/\"><img decoding=\"async\" width=\"150\" height=\"150\" src=\"https:\/\/www.leriff.ch\/wp-content\/uploads\/2017\/12\/LeRiff-Sodium-Skunk-p-150x150.jpg\" alt=\"H&#xE4;ndler von legalem Cannabis cbd werden\" class=\"wp-image-6001\" title=\"Cannabisbl&#xFC;te\" srcset=\"https:\/\/www.leriff.ch\/wp-content\/uploads\/2017\/12\/LeRiff-Sodium-Skunk-p-150x150.jpg 150w, https:\/\/www.leriff.ch\/wp-content\/uploads\/2017\/12\/LeRiff-Sodium-Skunk-p-100x100.jpg 100w\" sizes=\"(max-width: 150px) 100vw, 150px\" \/><\/a><\/figure><\/div>\n<p>Le Riff <span id=\"result_box\" class=\"\" lang=\"fr\">bietet ein besonders attraktives Programm f\u00fcr cbd-Gro\u00dfh\u00e4ndler an. <span class=\"\">Unsere Produkte zeichnen sich durch ihre au\u00dfergew\u00f6hnliche Qualit\u00e4t aus und <span class=\"s1\">ohne Pestizide oder chemische D\u00fcngemittel angebaut.<\/span><\/span><\/span><\/p>\n\n<p>Unser H\u00e4ndlerprogramm richtet sich an CBD-Cannabis-Profis, die leidenschaftlich sind bei dem, was sie tun. Als Wiederverk\u00e4ufer bieten wir Ihnen die Infrastruktur, die Sie ben\u00f6tigen, um Ihr Gesch\u00e4ft auszubauen.<\/p>\n\n<p>Zur Information: Um legaler CBD-Cannabish\u00e4ndler zu werden, ist keine Genehmigung erforderlich. Au\u00dferdem werden unsere Produkte auf rechtlicher und administrativer Ebene vollst\u00e4ndig auf den Verkauf vorbereitet.<\/p>\n\n<p>Unsere Produkte werden an Wiederverk\u00e4ufer in der Regel innerhalb von 48 Stunden ausgeliefert und sind auf Rechnung zahlbar.<\/p>\n\n<p><a href=\"http:\/\/leriff.ch\/contact\/\">Kontaktieren Sie<\/a> uns noch heute, um weitere Informationen \u00fcber unser H\u00e4ndlerprogramm und die Produkte von Le Riff zu erhalten.<\/p>\n\n<p>F\u00fcr weitere Informationen <a href=\"http:\/\/leriff.ch\/contact\/\">kontaktieren<\/a> Sie uns bitte.<\/p>\n<div data-block-name=\"woocommerce\/product-new\" data-categories=\"[654,128]\" data-rows=\"1\" class=\"wc-block-grid wp-block-product-new wp-block-woocommerce-product-new wc-block-product-new has-3-columns\"><ul class=\"wc-block-grid__products\"><li class=\"wc-block-grid__product\">\n\t\t\t\t<a href=\"https:\/\/www.leriff.ch\/de\/produkt\/gorilla-green-house-2\/\" class=\"wc-block-grid__product-link\">\n\t\t\t\t\t\n\t\t\t\t\t<div class=\"wc-block-grid__product-image\"><img decoding=\"async\" width=\"1024\" height=\"1024\" src=\"https:\/\/www.leriff.ch\/wp-content\/uploads\/woocommerce-placeholder-1024x1024.png\" class=\"woocommerce-placeholder wp-post-image\" alt=\"\" srcset=\"https:\/\/www.leriff.ch\/wp-content\/uploads\/woocommerce-placeholder.png 1024w, https:\/\/www.leriff.ch\/wp-content\/uploads\/woocommerce-placeholder-300x300.png 300w, https:\/\/www.leriff.ch\/wp-content\/uploads\/woocommerce-placeholder-100x100.png 100w, https:\/\/www.leriff.ch\/wp-content\/uploads\/woocommerce-placeholder-150x150.png 150w, https:\/\/www.leriff.ch\/wp-content\/uploads\/woocommerce-placeholder-768x768.png 768w, https:\/\/www.leriff.ch\/wp-content\/uploads\/woocommerce-placeholder-80x80.png 80w\" sizes=\"(max-width: 1024px) 100vw, 1024px\" \/><\/div>\n\t\t\t\t\t<div class=\"wc-block-grid__product-title\">Gorilla | Green House<\/div>\n\t\t\t\t<\/a>\n\t\t\t\t<div class=\"wc-block-grid__product-price price\"><span class=\"woocommerce-Price-amount amount\">54.00&nbsp;<span class=\"woocommerce-Price-currencySymbol\">&#067;&#072;&#070;<\/span><\/span><\/div>\n\t\t\t\t\n\t\t\t\t<div class=\"wp-block-button wc-block-grid__product-add-to-cart\"><a href=\"https:\/\/www.leriff.ch\/de\/produkt\/gorilla-green-house-2\/\" aria-label=\"Lese mehr \u00fcber &#8222;Gorilla | Green House&#8220;\" data-quantity=\"1\" data-product_id=\"41224\" data-product_sku=\"\" data-price=\"54\" rel=\"nofollow\" class=\"wp-block-button__link  add_to_cart_button\">Weiterlesen<\/a><\/div>\n\t\t\t<\/li><li class=\"wc-block-grid__product\">\n\t\t\t\t<a href=\"https:\/\/www.leriff.ch\/de\/produkt\/lemon-green-house\/\" class=\"wc-block-grid__product-link\">\n\t\t\t\t\t\n\t\t\t\t\t<div class=\"wc-block-grid__product-image\"><img decoding=\"async\" width=\"429\" height=\"598\" src=\"https:\/\/www.leriff.ch\/wp-content\/uploads\/2021\/04\/105x148-LEMON-20CHF-12G.jpg\" class=\"attachment-woocommerce_thumbnail size-woocommerce_thumbnail\" alt=\"Fleurs CBD Lemon Green House lemon cbd Fleurs de Cannabis CBD Suisse\" srcset=\"https:\/\/www.leriff.ch\/wp-content\/uploads\/2021\/04\/105x148-LEMON-20CHF-12G.jpg 429w, https:\/\/www.leriff.ch\/wp-content\/uploads\/2021\/04\/105x148-LEMON-20CHF-12G-215x300.jpg 215w\" sizes=\"(max-width: 429px) 100vw, 429px\" \/><\/div>\n\t\t\t\t\t<div class=\"wc-block-grid__product-title\">Lemon | Green House<\/div>\n\t\t\t\t<\/a>\n\t\t\t\t<div class=\"wc-block-grid__product-price price\"><span class=\"woocommerce-Price-amount amount\">20.00&nbsp;<span class=\"woocommerce-Price-currencySymbol\">&#067;&#072;&#070;<\/span><\/span><\/div>\n\t\t\t\t\n\t\t\t\t<div class=\"wp-block-button wc-block-grid__product-add-to-cart\"><a href=\"\/de\/wp-json\/wp\/v2\/pages\/43262?add-to-cart=40039\" aria-label=\"In den Warenkorb legen: \u201eLemon | Green House\u201c\" data-quantity=\"1\" data-product_id=\"40039\" data-product_sku=\"\" data-price=\"20\" rel=\"nofollow\" class=\"wp-block-button__link  add_to_cart_button ajax_add_to_cart\">In den Warenkorb<\/a><\/div>\n\t\t\t<\/li><li class=\"wc-block-grid__product\">\n\t\t\t\t<a href=\"https:\/\/www.leriff.ch\/de\/produkt\/cannatonic-green-house-leriff\/\" class=\"wc-block-grid__product-link\">\n\t\t\t\t\t\n\t\t\t\t\t<div class=\"wc-block-grid__product-image\"><img decoding=\"async\" width=\"429\" height=\"598\" src=\"https:\/\/www.leriff.ch\/wp-content\/uploads\/2021\/04\/105x148-CANNATONIC-20CHF-10g.jpg\" class=\"attachment-woocommerce_thumbnail size-woocommerce_thumbnail\" alt=\"Cannatonic | Green House - Fleurs de CBD Cannabis Suisse - Le Riff\" srcset=\"https:\/\/www.leriff.ch\/wp-content\/uploads\/2021\/04\/105x148-CANNATONIC-20CHF-10g.jpg 429w, https:\/\/www.leriff.ch\/wp-content\/uploads\/2021\/04\/105x148-CANNATONIC-20CHF-10g-215x300.jpg 215w\" sizes=\"(max-width: 429px) 100vw, 429px\" \/><\/div>\n\t\t\t\t\t<div class=\"wc-block-grid__product-title\">Cannatonic | Green House<\/div>\n\t\t\t\t<\/a>\n\t\t\t\t<div class=\"wc-block-grid__product-price price\"><span class=\"woocommerce-Price-amount amount\">20.00&nbsp;<span class=\"woocommerce-Price-currencySymbol\">&#067;&#072;&#070;<\/span><\/span><\/div>\n\t\t\t\t\n\t\t\t\t<div class=\"wp-block-button wc-block-grid__product-add-to-cart\"><a href=\"\/de\/wp-json\/wp\/v2\/pages\/43262?add-to-cart=40032\" aria-label=\"In den Warenkorb legen: \u201eCannatonic | Green House\u201c\" data-quantity=\"1\" data-product_id=\"40032\" data-product_sku=\"\" data-price=\"20\" rel=\"nofollow\" class=\"wp-block-button__link  add_to_cart_button ajax_add_to_cart\">In den Warenkorb<\/a><\/div>\n\t\t\t<\/li><\/ul><\/div>","protected":false},"excerpt":{"rendered":"<p>Le Riff bietet ein besonders attraktives Programm f\u00fcr cbd-Gro\u00dfh\u00e4ndler an. Unsere Produkte zeichnen sich durch ihre au\u00dfergew\u00f6hnliche Qualit\u00e4t aus und ohne Pestizide oder chemische D\u00fcngemittel angebaut. Unser H\u00e4ndlerprogramm richtet sich an CBD-Cannabis-Profis, die leidenschaftlich sind bei dem, was sie tun. Als Wiederverk\u00e4ufer bieten wir Ihnen die Infrastruktur, die Sie ben\u00f6tigen, um Ihr Gesch\u00e4ft auszubauen. Zur [&hellip;]<\/p>\n","protected":false},"author":2,"featured_media":0,"parent":0,"menu_order":0,"comment_status":"closed","ping_status":"closed","template":"","meta":{"inline_featured_image":false,"footnotes":""},"class_list":["post-43262","page","type-page","status-publish","hentry"],"yoast_head":"<!-- This site is optimized with the Yoast SEO Premium plugin v25.9 (Yoast SEO v27.4) - https:\/\/yoast.com\/product\/yoast-seo-premium-wordpress\/ -->\n<title>H\u00e4ndler von legalem Cannabis cbd werden Schweiz - Le Riff<\/title>\n<meta name=\"description\" content=\"CBD Gro\u00dfhandel: Unser H\u00e4ndlerprogramm richtet sich an CBD-Cannabis-Profis, die mit Leidenschaft bei der Sache sind.\" \/>\n<meta name=\"robots\" content=\"index, follow, max-snippet:-1, max-image-preview:large, max-video-preview:-1\" \/>\n<link rel=\"canonical\" href=\"https:\/\/www.leriff.ch\/de\/haendler-von-legalem-cannabis-cbd-werden\/\" \/>\n<meta property=\"og:locale\" content=\"de_DE\" \/>\n<meta property=\"og:type\" content=\"article\" \/>\n<meta property=\"og:title\" content=\"H\u00e4ndler von legalem Cannabis cbd werden\" \/>\n<meta property=\"og:description\" content=\"CBD Gro\u00dfhandel: Unser H\u00e4ndlerprogramm richtet sich an CBD-Cannabis-Profis, die mit Leidenschaft bei der Sache sind.\" \/>\n<meta property=\"og:url\" content=\"https:\/\/www.leriff.ch\/de\/haendler-von-legalem-cannabis-cbd-werden\/\" \/>\n<meta property=\"og:site_name\" content=\"Le Riff\" \/>\n<meta property=\"article:publisher\" content=\"https:\/\/www.facebook.com\/Leriff.ch\" \/>\n<meta property=\"article:modified_time\" content=\"2022-05-30T10:56:24+00:00\" \/>\n<meta property=\"og:image\" content=\"https:\/\/www.leriff.ch\/wp-content\/uploads\/2017\/12\/LeRiff-Sodium-Skunk-p-150x150.jpg\" \/>\n<meta name=\"twitter:card\" content=\"summary_large_image\" \/>\n<meta name=\"twitter:label1\" content=\"Gesch\u00e4tzte Lesezeit\" \/>\n\t<meta name=\"twitter:data1\" content=\"1\u00a0Minute\" \/>\n<script type=\"application\/ld+json\" class=\"yoast-schema-graph\">{\"@context\":\"https:\\\/\\\/schema.org\",\"@graph\":[{\"@type\":\"WebPage\",\"@id\":\"https:\\\/\\\/www.leriff.ch\\\/de\\\/haendler-von-legalem-cannabis-cbd-werden\\\/\",\"url\":\"https:\\\/\\\/www.leriff.ch\\\/de\\\/haendler-von-legalem-cannabis-cbd-werden\\\/\",\"name\":\"H\u00e4ndler von legalem Cannabis cbd werden Schweiz - Le Riff\",\"isPartOf\":{\"@id\":\"https:\\\/\\\/www.leriff.ch\\\/de\\\/#website\"},\"primaryImageOfPage\":{\"@id\":\"https:\\\/\\\/www.leriff.ch\\\/de\\\/haendler-von-legalem-cannabis-cbd-werden\\\/#primaryimage\"},\"image\":{\"@id\":\"https:\\\/\\\/www.leriff.ch\\\/de\\\/haendler-von-legalem-cannabis-cbd-werden\\\/#primaryimage\"},\"thumbnailUrl\":\"https:\\\/\\\/www.leriff.ch\\\/wp-content\\\/uploads\\\/2017\\\/12\\\/LeRiff-Sodium-Skunk-p-150x150.jpg\",\"datePublished\":\"2022-05-30T10:50:21+00:00\",\"dateModified\":\"2022-05-30T10:56:24+00:00\",\"description\":\"CBD Gro\u00dfhandel: Unser H\u00e4ndlerprogramm richtet sich an CBD-Cannabis-Profis, die mit Leidenschaft bei der Sache sind.\",\"breadcrumb\":{\"@id\":\"https:\\\/\\\/www.leriff.ch\\\/de\\\/haendler-von-legalem-cannabis-cbd-werden\\\/#breadcrumb\"},\"inLanguage\":\"de\",\"potentialAction\":[{\"@type\":\"ReadAction\",\"target\":[\"https:\\\/\\\/www.leriff.ch\\\/de\\\/haendler-von-legalem-cannabis-cbd-werden\\\/\"]}]},{\"@type\":\"ImageObject\",\"inLanguage\":\"de\",\"@id\":\"https:\\\/\\\/www.leriff.ch\\\/de\\\/haendler-von-legalem-cannabis-cbd-werden\\\/#primaryimage\",\"url\":\"https:\\\/\\\/www.leriff.ch\\\/wp-content\\\/uploads\\\/2017\\\/12\\\/LeRiff-Sodium-Skunk-p-150x150.jpg\",\"contentUrl\":\"https:\\\/\\\/www.leriff.ch\\\/wp-content\\\/uploads\\\/2017\\\/12\\\/LeRiff-Sodium-Skunk-p-150x150.jpg\"},{\"@type\":\"BreadcrumbList\",\"@id\":\"https:\\\/\\\/www.leriff.ch\\\/de\\\/haendler-von-legalem-cannabis-cbd-werden\\\/#breadcrumb\",\"itemListElement\":[{\"@type\":\"ListItem\",\"position\":1,\"name\":\"Accueil\",\"item\":\"https:\\\/\\\/www.leriff.ch\\\/de\\\/\"},{\"@type\":\"ListItem\",\"position\":2,\"name\":\"H\u00e4ndler von legalem Cannabis cbd werden\"}]},{\"@type\":\"WebSite\",\"@id\":\"https:\\\/\\\/www.leriff.ch\\\/de\\\/#website\",\"url\":\"https:\\\/\\\/www.leriff.ch\\\/de\\\/\",\"name\":\"Le Riff\",\"description\":\"Fleurs de Cannabis CBD\",\"publisher\":{\"@id\":\"https:\\\/\\\/www.leriff.ch\\\/de\\\/#organization\"},\"potentialAction\":[{\"@type\":\"SearchAction\",\"target\":{\"@type\":\"EntryPoint\",\"urlTemplate\":\"https:\\\/\\\/www.leriff.ch\\\/de\\\/?s={search_term_string}\"},\"query-input\":{\"@type\":\"PropertyValueSpecification\",\"valueRequired\":true,\"valueName\":\"search_term_string\"}}],\"inLanguage\":\"de\"},{\"@type\":\"Organization\",\"@id\":\"https:\\\/\\\/www.leriff.ch\\\/de\\\/#organization\",\"name\":\"le riff\",\"url\":\"https:\\\/\\\/www.leriff.ch\\\/de\\\/\",\"logo\":{\"@type\":\"ImageObject\",\"inLanguage\":\"de\",\"@id\":\"https:\\\/\\\/www.leriff.ch\\\/de\\\/#\\\/schema\\\/logo\\\/image\\\/\",\"url\":\"https:\\\/\\\/www.leriff.ch\\\/wp-content\\\/uploads\\\/2019\\\/10\\\/logo_carre.png\",\"contentUrl\":\"https:\\\/\\\/www.leriff.ch\\\/wp-content\\\/uploads\\\/2019\\\/10\\\/logo_carre.png\",\"width\":130,\"height\":130,\"caption\":\"le riff\"},\"image\":{\"@id\":\"https:\\\/\\\/www.leriff.ch\\\/de\\\/#\\\/schema\\\/logo\\\/image\\\/\"},\"sameAs\":[\"https:\\\/\\\/www.facebook.com\\\/Leriff.ch\"]}]}<\/script>\n<!-- \/ Yoast SEO Premium plugin. -->","yoast_head_json":{"title":"H\u00e4ndler von legalem Cannabis cbd werden Schweiz - Le Riff","description":"CBD Gro\u00dfhandel: Unser H\u00e4ndlerprogramm richtet sich an CBD-Cannabis-Profis, die mit Leidenschaft bei der Sache sind.","robots":{"index":"index","follow":"follow","max-snippet":"max-snippet:-1","max-image-preview":"max-image-preview:large","max-video-preview":"max-video-preview:-1"},"canonical":"https:\/\/www.leriff.ch\/de\/haendler-von-legalem-cannabis-cbd-werden\/","og_locale":"de_DE","og_type":"article","og_title":"H\u00e4ndler von legalem Cannabis cbd werden","og_description":"CBD Gro\u00dfhandel: Unser H\u00e4ndlerprogramm richtet sich an CBD-Cannabis-Profis, die mit Leidenschaft bei der Sache sind.","og_url":"https:\/\/www.leriff.ch\/de\/haendler-von-legalem-cannabis-cbd-werden\/","og_site_name":"Le Riff","article_publisher":"https:\/\/www.facebook.com\/Leriff.ch","article_modified_time":"2022-05-30T10:56:24+00:00","og_image":[{"url":"https:\/\/www.leriff.ch\/wp-content\/uploads\/2017\/12\/LeRiff-Sodium-Skunk-p-150x150.jpg","type":"","width":"","height":""}],"twitter_card":"summary_large_image","twitter_misc":{"Gesch\u00e4tzte Lesezeit":"1\u00a0Minute"},"schema":{"@context":"https:\/\/schema.org","@graph":[{"@type":"WebPage","@id":"https:\/\/www.leriff.ch\/de\/haendler-von-legalem-cannabis-cbd-werden\/","url":"https:\/\/www.leriff.ch\/de\/haendler-von-legalem-cannabis-cbd-werden\/","name":"H\u00e4ndler von legalem Cannabis cbd werden Schweiz - Le Riff","isPartOf":{"@id":"https:\/\/www.leriff.ch\/de\/#website"},"primaryImageOfPage":{"@id":"https:\/\/www.leriff.ch\/de\/haendler-von-legalem-cannabis-cbd-werden\/#primaryimage"},"image":{"@id":"https:\/\/www.leriff.ch\/de\/haendler-von-legalem-cannabis-cbd-werden\/#primaryimage"},"thumbnailUrl":"https:\/\/www.leriff.ch\/wp-content\/uploads\/2017\/12\/LeRiff-Sodium-Skunk-p-150x150.jpg","datePublished":"2022-05-30T10:50:21+00:00","dateModified":"2022-05-30T10:56:24+00:00","description":"CBD Gro\u00dfhandel: Unser H\u00e4ndlerprogramm richtet sich an CBD-Cannabis-Profis, die mit Leidenschaft bei der Sache sind.","breadcrumb":{"@id":"https:\/\/www.leriff.ch\/de\/haendler-von-legalem-cannabis-cbd-werden\/#breadcrumb"},"inLanguage":"de","potentialAction":[{"@type":"ReadAction","target":["https:\/\/www.leriff.ch\/de\/haendler-von-legalem-cannabis-cbd-werden\/"]}]},{"@type":"ImageObject","inLanguage":"de","@id":"https:\/\/www.leriff.ch\/de\/haendler-von-legalem-cannabis-cbd-werden\/#primaryimage","url":"https:\/\/www.leriff.ch\/wp-content\/uploads\/2017\/12\/LeRiff-Sodium-Skunk-p-150x150.jpg","contentUrl":"https:\/\/www.leriff.ch\/wp-content\/uploads\/2017\/12\/LeRiff-Sodium-Skunk-p-150x150.jpg"},{"@type":"BreadcrumbList","@id":"https:\/\/www.leriff.ch\/de\/haendler-von-legalem-cannabis-cbd-werden\/#breadcrumb","itemListElement":[{"@type":"ListItem","position":1,"name":"Accueil","item":"https:\/\/www.leriff.ch\/de\/"},{"@type":"ListItem","position":2,"name":"H\u00e4ndler von legalem Cannabis cbd werden"}]},{"@type":"WebSite","@id":"https:\/\/www.leriff.ch\/de\/#website","url":"https:\/\/www.leriff.ch\/de\/","name":"Le Riff","description":"Fleurs de Cannabis CBD","publisher":{"@id":"https:\/\/www.leriff.ch\/de\/#organization"},"potentialAction":[{"@type":"SearchAction","target":{"@type":"EntryPoint","urlTemplate":"https:\/\/www.leriff.ch\/de\/?s={search_term_string}"},"query-input":{"@type":"PropertyValueSpecification","valueRequired":true,"valueName":"search_term_string"}}],"inLanguage":"de"},{"@type":"Organization","@id":"https:\/\/www.leriff.ch\/de\/#organization","name":"le riff","url":"https:\/\/www.leriff.ch\/de\/","logo":{"@type":"ImageObject","inLanguage":"de","@id":"https:\/\/www.leriff.ch\/de\/#\/schema\/logo\/image\/","url":"https:\/\/www.leriff.ch\/wp-content\/uploads\/2019\/10\/logo_carre.png","contentUrl":"https:\/\/www.leriff.ch\/wp-content\/uploads\/2019\/10\/logo_carre.png","width":130,"height":130,"caption":"le riff"},"image":{"@id":"https:\/\/www.leriff.ch\/de\/#\/schema\/logo\/image\/"},"sameAs":["https:\/\/www.facebook.com\/Leriff.ch"]}]}},"_links":{"self":[{"href":"https:\/\/www.leriff.ch\/de\/wp-json\/wp\/v2\/pages\/43262","targetHints":{"allow":["GET"]}}],"collection":[{"href":"https:\/\/www.leriff.ch\/de\/wp-json\/wp\/v2\/pages"}],"about":[{"href":"https:\/\/www.leriff.ch\/de\/wp-json\/wp\/v2\/types\/page"}],"author":[{"embeddable":true,"href":"https:\/\/www.leriff.ch\/de\/wp-json\/wp\/v2\/users\/2"}],"replies":[{"embeddable":true,"href":"https:\/\/www.leriff.ch\/de\/wp-json\/wp\/v2\/comments?post=43262"}],"version-history":[{"count":3,"href":"https:\/\/www.leriff.ch\/de\/wp-json\/wp\/v2\/pages\/43262\/revisions"}],"predecessor-version":[{"id":43265,"href":"https:\/\/www.leriff.ch\/de\/wp-json\/wp\/v2\/pages\/43262\/revisions\/43265"}],"wp:attachment":[{"href":"https:\/\/www.leriff.ch\/de\/wp-json\/wp\/v2\/media?parent=43262"}],"curies":[{"name":"wp","href":"https:\/\/api.w.org\/{rel}","templated":true}]}}