{"id":39984,"date":"2021-01-21T12:39:52","date_gmt":"2021-08-12T20:36:51","guid":{"rendered":"https:\/\/www.leriff.ch\/produit\/arlequin-indoor\/"},"modified":"2023-04-10T13:11:37","modified_gmt":"2023-04-10T11:11:37","slug":"arlequin","status":"publish","type":"product","link":"https:\/\/www.leriff.ch\/de\/produkt\/arlequin\/","title":{"rendered":"Arlequin | Indoor"},"content":{"rendered":"<div class=\"wpb-content-wrapper\"><p>Die aktuelle Auswahl an LeRiff.ch-Produkten umfasst die neuesten CBD-Cannabis-Bl\u00fcten, CBD-Cannabis-\u00d6le und CBD-Cannabis-Infusionen.<\/p>\n<div class=\"vc_column-inner\">\n<div class=\"wpb_wrapper\">\n<div class=\"row vc_row wpb_row vc_inner vc_row-fluid\">\n<div class=\"wpb_column vc_column_container vc_col-sm-6\">\n<div class=\"vc_column-inner\">\n<div class=\"wpb_wrapper\">\n<div class=\"wpb_text_column wpb_content_element \">\n<div class=\"wpb_wrapper\">\n<p><span title=\"Unsere Produkte \"><strong><span id=\"result_box\" class=\"short_text\" lang=\"en\"><span class=\"\">Unsere Produkte<\/span><\/span><\/strong><br \/>\n<\/span><span class=\"s1\">Unser Schweizer CBD-Cannabis ist garantiert <em>100% Swiss Made<\/em> mit einem THC-Gehalt von weniger als 1% und einem <em>CBD<\/em> Gehalt von 28% bis 18% je nach Ernte mit Zertifizierung durch ein anerkanntes Labor. Wir wollen maximale Transparenz bei unseren Produkten.<\/span><\/p>\n<p><strong>CBD Schweiz<br \/>\n<\/strong><span class=\"s1\">Angebaut in der reinsten Tradition der Schweizer Hanfz\u00fcchter, ist unser Cannabis biologisch und stammt aus einer umweltfreundlichen Landwirtschaft.<br \/>\n<\/span><\/p>\n<p class=\"p1\"><span class=\"s1\"><b>Unser Cannabis-Rohstoff SchweizBei<br \/>\n<\/b><\/span> <em>Le Riff<\/em> arbeiten wir ausschlie\u00dflich mit lokalen Z\u00fcchtern zusammen, die die Schweizer CBD-Tradition des Hanfanbaus weiterf\u00fchren, um Ihnen eine hochwertige, <em>CBD<\/em> reiche Pflanze zu liefern.<\/p>\n<\/div>\n<\/div>\n<\/div>\n<\/div>\n<\/div>\n<div class=\"wpb_column vc_column_container vc_col-sm-6\">\n<div class=\"vc_column-inner\">\n<div class=\"wpb_wrapper\">\n<div class=\"wpb_text_column wpb_content_element \">\n<div class=\"wpb_wrapper\">\n<p class=\"p1\"><span class=\"s1\"><b>Unsere ChartaW\u00e4hrend<br \/>\n<\/b><\/span> des gesamten Produktions- und Herstellungsprozesses werden Tests durchgef\u00fchrt, um die Einhaltung der Schweizer <em>Qualit\u00e4tsstandards zu gew\u00e4hrleisten<\/em>.<\/p>\n<p class=\"p1\"><span class=\"s1\"><b>\u00d6kologischer Landbau und die Umwelt<br \/>\n<\/b><\/span><span class=\"s1\">Unser cbd Cannabis ist 100% biologisch, ohne Pestizide oder chemische D\u00fcngemittel angebaut. Wir haben uns daf\u00fcr entschieden, unseren Kohlenstoff-Fu\u00dfabdruck zu reduzieren und ein optimales Pflanzenwachstum das ganze Jahr \u00fcber zu gew\u00e4hrleisten.<\/span><\/p>\n<p class=\"p1\"><span class=\"s1\"><b>Schweizer HanfUnsere<br \/>\n<\/b>leidenschaftlichen Farmer arbeiten daran, das beste Cannabis zu produzieren und dabei die Umwelt zu respektieren.<\/span><\/p>\n<p class=\"p1\"><span class=\"s1\"><b>Unsere PartnerVon<br \/>\n<\/b><\/span> der Verpackung bis zu den Nebenprodukten arbeiten wir mit lokalen Unternehmen zusammen, um die R\u00fcckverfolgbarkeit unserer Produkte zu garantieren und Ihnen das Beste zu bieten, was die Schweiz zu bieten hat!<\/p>\n<\/div>\n<\/div>\n<\/div>\n<\/div>\n<\/div>\n<\/div>\n<\/div>\n<\/div>\n<\/div>","protected":false},"excerpt":{"rendered":"<div class=\"wpb_column vc_column_container vc_col-sm-12\">\n<div class=\"vc_column-inner\">\n<div class=\"wpb_wrapper\">\n<div class=\"wpb_text_column wpb_content_element \">\n<div class=\"wpb_wrapper\">\n<p>Eine gute Mischung von Geschm\u00e4ckern.<\/p>\n<p>Die auf riff.ch angebotenen CBD-Cannabisbl\u00fcten sind das Ergebnis einer Auswahl von Pflanzen h\u00f6chster Qualit\u00e4t.<\/p>\n<\/div>\n<\/div>\n<\/div>\n<\/div>\n<\/div>\n","protected":false},"featured_media":3382,"comment_status":"open","ping_status":"closed","template":"","meta":{"inline_featured_image":false},"product_brand":[],"product_cat":[2738,2739,3264],"product_tag":[],"class_list":{"0":"post-39984","1":"product","2":"type-product","3":"status-publish","4":"has-post-thumbnail","6":"product_cat-cbd-bluten","7":"product_cat-indoor-de","8":"product_cat-indoor-de-2","9":"pa_marque-le-riff-de","11":"first","12":"instock","13":"shipping-taxable","14":"purchasable","15":"product-type-variable"},"yoast_head":"<!-- This site is optimized with the Yoast SEO Premium plugin v25.9 (Yoast SEO v27.3) - https:\/\/yoast.com\/product\/yoast-seo-premium-wordpress\/ -->\n<title>Arlequin | Indoor Cannabis-Bl\u00fcten CBD - Le Riff<\/title>\n<meta name=\"description\" content=\"Harlequin Indoor: Die auf leriff.ch angebotenen CBD-Cannabisbl\u00fcten sind das Ergebnis einer Auswahl von Pflanzen h\u00f6chster Qualit\u00e4t.\" \/>\n<meta name=\"robots\" content=\"index, follow, max-snippet:-1, max-image-preview:large, max-video-preview:-1\" \/>\n<link rel=\"canonical\" href=\"https:\/\/www.leriff.ch\/de\/produkt\/arlequin\/\" \/>\n<meta property=\"og:locale\" content=\"de_DE\" \/>\n<meta property=\"og:type\" content=\"article\" \/>\n<meta property=\"og:title\" content=\"Arlequin | Indoor\" \/>\n<meta property=\"og:description\" content=\"Harlequin Indoor: Die auf leriff.ch angebotenen CBD-Cannabisbl\u00fcten sind das Ergebnis einer Auswahl von Pflanzen h\u00f6chster Qualit\u00e4t.\" \/>\n<meta property=\"og:url\" content=\"https:\/\/www.leriff.ch\/de\/produkt\/arlequin\/\" \/>\n<meta property=\"og:site_name\" content=\"Le Riff\" \/>\n<meta property=\"article:publisher\" content=\"https:\/\/www.facebook.com\/Leriff.ch\" \/>\n<meta property=\"article:modified_time\" content=\"2023-04-10T11:11:37+00:00\" \/>\n<meta property=\"og:image\" content=\"https:\/\/www.leriff.ch\/wp-content\/uploads\/2020\/01\/74x105-ARLEQUIN-20CHF.jpg\" \/>\n\t<meta property=\"og:image:width\" content=\"426\" \/>\n\t<meta property=\"og:image:height\" content=\"596\" \/>\n\t<meta property=\"og:image:type\" content=\"image\/jpeg\" \/>\n<meta name=\"twitter:card\" content=\"summary_large_image\" \/>\n<meta name=\"twitter:label1\" content=\"Gesch\u00e4tzte Lesezeit\" \/>\n\t<meta name=\"twitter:data1\" content=\"1\u00a0Minute\" \/>\n<script type=\"application\/ld+json\" class=\"yoast-schema-graph\">{\"@context\":\"https:\\\/\\\/schema.org\",\"@graph\":[{\"@type\":\"WebPage\",\"@id\":\"https:\\\/\\\/www.leriff.ch\\\/de\\\/produkt\\\/arlequin\\\/\",\"url\":\"https:\\\/\\\/www.leriff.ch\\\/de\\\/produkt\\\/arlequin\\\/\",\"name\":\"Arlequin | Indoor Cannabis-Bl\u00fcten CBD - Le Riff\",\"isPartOf\":{\"@id\":\"https:\\\/\\\/www.leriff.ch\\\/de\\\/#website\"},\"primaryImageOfPage\":{\"@id\":\"https:\\\/\\\/www.leriff.ch\\\/de\\\/produkt\\\/arlequin\\\/#primaryimage\"},\"image\":{\"@id\":\"https:\\\/\\\/www.leriff.ch\\\/de\\\/produkt\\\/arlequin\\\/#primaryimage\"},\"thumbnailUrl\":\"https:\\\/\\\/www.leriff.ch\\\/wp-content\\\/uploads\\\/2020\\\/01\\\/harlequin-leriff.jpg\",\"datePublished\":\"2021-08-12T20:36:51+00:00\",\"dateModified\":\"2023-04-10T11:11:37+00:00\",\"description\":\"Harlequin Indoor: Die auf leriff.ch angebotenen CBD-Cannabisbl\u00fcten sind das Ergebnis einer Auswahl von Pflanzen h\u00f6chster Qualit\u00e4t.\",\"breadcrumb\":{\"@id\":\"https:\\\/\\\/www.leriff.ch\\\/de\\\/produkt\\\/arlequin\\\/#breadcrumb\"},\"inLanguage\":\"de\",\"potentialAction\":[{\"@type\":\"ReadAction\",\"target\":[\"https:\\\/\\\/www.leriff.ch\\\/de\\\/produkt\\\/arlequin\\\/\"]}]},{\"@type\":\"ImageObject\",\"inLanguage\":\"de\",\"@id\":\"https:\\\/\\\/www.leriff.ch\\\/de\\\/produkt\\\/arlequin\\\/#primaryimage\",\"url\":\"https:\\\/\\\/www.leriff.ch\\\/wp-content\\\/uploads\\\/2020\\\/01\\\/harlequin-leriff.jpg\",\"contentUrl\":\"https:\\\/\\\/www.leriff.ch\\\/wp-content\\\/uploads\\\/2020\\\/01\\\/harlequin-leriff.jpg\",\"width\":1024,\"height\":1024},{\"@type\":\"BreadcrumbList\",\"@id\":\"https:\\\/\\\/www.leriff.ch\\\/de\\\/produkt\\\/arlequin\\\/#breadcrumb\",\"itemListElement\":[{\"@type\":\"ListItem\",\"position\":1,\"name\":\"Accueil\",\"item\":\"https:\\\/\\\/www.leriff.ch\\\/de\\\/\"},{\"@type\":\"ListItem\",\"position\":2,\"name\":\"Shop\",\"item\":\"https:\\\/\\\/www.leriff.ch\\\/de\\\/geschaeft\\\/\"},{\"@type\":\"ListItem\",\"position\":3,\"name\":\"CBD Bl\u00fcten\",\"item\":\"https:\\\/\\\/www.leriff.ch\\\/de\\\/categorie-produit\\\/cbd-bluten\\\/\"},{\"@type\":\"ListItem\",\"position\":4,\"name\":\"Indoor\",\"item\":\"https:\\\/\\\/www.leriff.ch\\\/de\\\/categorie-produit\\\/cbd-bluten\\\/indoor-de-2\\\/\"},{\"@type\":\"ListItem\",\"position\":5,\"name\":\"Arlequin | Indoor\"}]},{\"@type\":\"WebSite\",\"@id\":\"https:\\\/\\\/www.leriff.ch\\\/de\\\/#website\",\"url\":\"https:\\\/\\\/www.leriff.ch\\\/de\\\/\",\"name\":\"Le Riff\",\"description\":\"Fleurs de Cannabis CBD\",\"publisher\":{\"@id\":\"https:\\\/\\\/www.leriff.ch\\\/de\\\/#organization\"},\"potentialAction\":[{\"@type\":\"SearchAction\",\"target\":{\"@type\":\"EntryPoint\",\"urlTemplate\":\"https:\\\/\\\/www.leriff.ch\\\/de\\\/?s={search_term_string}\"},\"query-input\":{\"@type\":\"PropertyValueSpecification\",\"valueRequired\":true,\"valueName\":\"search_term_string\"}}],\"inLanguage\":\"de\"},{\"@type\":\"Organization\",\"@id\":\"https:\\\/\\\/www.leriff.ch\\\/de\\\/#organization\",\"name\":\"le riff\",\"url\":\"https:\\\/\\\/www.leriff.ch\\\/de\\\/\",\"logo\":{\"@type\":\"ImageObject\",\"inLanguage\":\"de\",\"@id\":\"https:\\\/\\\/www.leriff.ch\\\/de\\\/#\\\/schema\\\/logo\\\/image\\\/\",\"url\":\"https:\\\/\\\/www.leriff.ch\\\/wp-content\\\/uploads\\\/2019\\\/10\\\/logo_carre.png\",\"contentUrl\":\"https:\\\/\\\/www.leriff.ch\\\/wp-content\\\/uploads\\\/2019\\\/10\\\/logo_carre.png\",\"width\":130,\"height\":130,\"caption\":\"le riff\"},\"image\":{\"@id\":\"https:\\\/\\\/www.leriff.ch\\\/de\\\/#\\\/schema\\\/logo\\\/image\\\/\"},\"sameAs\":[\"https:\\\/\\\/www.facebook.com\\\/Leriff.ch\"]}]}<\/script>\n<!-- \/ Yoast SEO Premium plugin. -->","yoast_head_json":{"title":"Arlequin | Indoor Cannabis-Bl\u00fcten CBD - Le Riff","description":"Harlequin Indoor: Die auf leriff.ch angebotenen CBD-Cannabisbl\u00fcten sind das Ergebnis einer Auswahl von Pflanzen h\u00f6chster Qualit\u00e4t.","robots":{"index":"index","follow":"follow","max-snippet":"max-snippet:-1","max-image-preview":"max-image-preview:large","max-video-preview":"max-video-preview:-1"},"canonical":"https:\/\/www.leriff.ch\/de\/produkt\/arlequin\/","og_locale":"de_DE","og_type":"article","og_title":"Arlequin | Indoor","og_description":"Harlequin Indoor: Die auf leriff.ch angebotenen CBD-Cannabisbl\u00fcten sind das Ergebnis einer Auswahl von Pflanzen h\u00f6chster Qualit\u00e4t.","og_url":"https:\/\/www.leriff.ch\/de\/produkt\/arlequin\/","og_site_name":"Le Riff","article_publisher":"https:\/\/www.facebook.com\/Leriff.ch","article_modified_time":"2023-04-10T11:11:37+00:00","og_image":[{"width":426,"height":596,"url":"https:\/\/www.leriff.ch\/wp-content\/uploads\/2020\/01\/74x105-ARLEQUIN-20CHF.jpg","type":"image\/jpeg"}],"twitter_card":"summary_large_image","twitter_misc":{"Gesch\u00e4tzte Lesezeit":"1\u00a0Minute"},"schema":{"@context":"https:\/\/schema.org","@graph":[{"@type":"WebPage","@id":"https:\/\/www.leriff.ch\/de\/produkt\/arlequin\/","url":"https:\/\/www.leriff.ch\/de\/produkt\/arlequin\/","name":"Arlequin | Indoor Cannabis-Bl\u00fcten CBD - Le Riff","isPartOf":{"@id":"https:\/\/www.leriff.ch\/de\/#website"},"primaryImageOfPage":{"@id":"https:\/\/www.leriff.ch\/de\/produkt\/arlequin\/#primaryimage"},"image":{"@id":"https:\/\/www.leriff.ch\/de\/produkt\/arlequin\/#primaryimage"},"thumbnailUrl":"https:\/\/www.leriff.ch\/wp-content\/uploads\/2020\/01\/harlequin-leriff.jpg","datePublished":"2021-08-12T20:36:51+00:00","dateModified":"2023-04-10T11:11:37+00:00","description":"Harlequin Indoor: Die auf leriff.ch angebotenen CBD-Cannabisbl\u00fcten sind das Ergebnis einer Auswahl von Pflanzen h\u00f6chster Qualit\u00e4t.","breadcrumb":{"@id":"https:\/\/www.leriff.ch\/de\/produkt\/arlequin\/#breadcrumb"},"inLanguage":"de","potentialAction":[{"@type":"ReadAction","target":["https:\/\/www.leriff.ch\/de\/produkt\/arlequin\/"]}]},{"@type":"ImageObject","inLanguage":"de","@id":"https:\/\/www.leriff.ch\/de\/produkt\/arlequin\/#primaryimage","url":"https:\/\/www.leriff.ch\/wp-content\/uploads\/2020\/01\/harlequin-leriff.jpg","contentUrl":"https:\/\/www.leriff.ch\/wp-content\/uploads\/2020\/01\/harlequin-leriff.jpg","width":1024,"height":1024},{"@type":"BreadcrumbList","@id":"https:\/\/www.leriff.ch\/de\/produkt\/arlequin\/#breadcrumb","itemListElement":[{"@type":"ListItem","position":1,"name":"Accueil","item":"https:\/\/www.leriff.ch\/de\/"},{"@type":"ListItem","position":2,"name":"Shop","item":"https:\/\/www.leriff.ch\/de\/geschaeft\/"},{"@type":"ListItem","position":3,"name":"CBD Bl\u00fcten","item":"https:\/\/www.leriff.ch\/de\/categorie-produit\/cbd-bluten\/"},{"@type":"ListItem","position":4,"name":"Indoor","item":"https:\/\/www.leriff.ch\/de\/categorie-produit\/cbd-bluten\/indoor-de-2\/"},{"@type":"ListItem","position":5,"name":"Arlequin | Indoor"}]},{"@type":"WebSite","@id":"https:\/\/www.leriff.ch\/de\/#website","url":"https:\/\/www.leriff.ch\/de\/","name":"Le Riff","description":"Fleurs de Cannabis CBD","publisher":{"@id":"https:\/\/www.leriff.ch\/de\/#organization"},"potentialAction":[{"@type":"SearchAction","target":{"@type":"EntryPoint","urlTemplate":"https:\/\/www.leriff.ch\/de\/?s={search_term_string}"},"query-input":{"@type":"PropertyValueSpecification","valueRequired":true,"valueName":"search_term_string"}}],"inLanguage":"de"},{"@type":"Organization","@id":"https:\/\/www.leriff.ch\/de\/#organization","name":"le riff","url":"https:\/\/www.leriff.ch\/de\/","logo":{"@type":"ImageObject","inLanguage":"de","@id":"https:\/\/www.leriff.ch\/de\/#\/schema\/logo\/image\/","url":"https:\/\/www.leriff.ch\/wp-content\/uploads\/2019\/10\/logo_carre.png","contentUrl":"https:\/\/www.leriff.ch\/wp-content\/uploads\/2019\/10\/logo_carre.png","width":130,"height":130,"caption":"le riff"},"image":{"@id":"https:\/\/www.leriff.ch\/de\/#\/schema\/logo\/image\/"},"sameAs":["https:\/\/www.facebook.com\/Leriff.ch"]}]}},"_links":{"self":[{"href":"https:\/\/www.leriff.ch\/de\/wp-json\/wp\/v2\/product\/39984","targetHints":{"allow":["GET"]}}],"collection":[{"href":"https:\/\/www.leriff.ch\/de\/wp-json\/wp\/v2\/product"}],"about":[{"href":"https:\/\/www.leriff.ch\/de\/wp-json\/wp\/v2\/types\/product"}],"replies":[{"embeddable":true,"href":"https:\/\/www.leriff.ch\/de\/wp-json\/wp\/v2\/comments?post=39984"}],"wp:featuredmedia":[{"embeddable":true,"href":"https:\/\/www.leriff.ch\/de\/wp-json\/wp\/v2\/media\/3382"}],"wp:attachment":[{"href":"https:\/\/www.leriff.ch\/de\/wp-json\/wp\/v2\/media?parent=39984"}],"wp:term":[{"taxonomy":"product_brand","embeddable":true,"href":"https:\/\/www.leriff.ch\/de\/wp-json\/wp\/v2\/product_brand?post=39984"},{"taxonomy":"product_cat","embeddable":true,"href":"https:\/\/www.leriff.ch\/de\/wp-json\/wp\/v2\/product_cat?post=39984"},{"taxonomy":"product_tag","embeddable":true,"href":"https:\/\/www.leriff.ch\/de\/wp-json\/wp\/v2\/product_tag?post=39984"}],"curies":[{"name":"wp","href":"https:\/\/api.w.org\/{rel}","templated":true}]}}