{"id":40039,"date":"2021-04-01T08:44:40","date_gmt":"2021-08-12T21:06:10","guid":{"rendered":"https:\/\/www.leriff.ch\/produit\/lemon-green-house\/"},"modified":"2022-05-09T10:00:42","modified_gmt":"2022-05-09T10:00:42","slug":"lemon-green-house","status":"publish","type":"product","link":"https:\/\/www.leriff.ch\/de\/produkt\/lemon-green-house\/","title":{"rendered":"Lemon | Green House"},"content":{"rendered":"<div class=\"wpb_text_column wpb_content_element \">\n<div class=\"wpb_wrapper\">\n<h5>Cannabis CBD Bl\u00fcten Schweiz<\/h5>\n<p>Die auf riff.ch angebotenen Schweizer CBD-Cannabisbl\u00fcten sind das Ergebnis einer Auswahl von Pflanzen h\u00f6chster Qualit\u00e4t und werden vollst\u00e4ndig biologisch angebaut.<\/p>\n<\/div>\n<\/div>\n<p><span title=\"Unsere Produkte \"><strong><span id=\"result_box\" class=\"short_text\" lang=\"en\"><span class=\"\">Unsere Produkte<\/span><\/span><\/strong><br \/>\n<\/span><span class=\"s1\">Unser Schweizer CBD-Cannabis ist garantiert <em>100% Swiss Made<\/em> mit einem THC-Gehalt von weniger als 1% und einem <em>CBD<\/em> Gehalt von 28% bis 18% je nach Ernte mit Zertifizierung durch ein anerkanntes Labor. Wir wollen maximale Transparenz bei unseren Produkten.<\/span><\/p>\n<p><strong>CBD Schweiz<br \/>\n<\/strong><span class=\"s1\">Angebaut in der reinsten Tradition der Schweizer Hanfbauern, ist unser Cannabis biologisch und stammt aus einer umweltfreundlichen Landwirtschaft.<\/span><\/p>\n","protected":false},"excerpt":{"rendered":"<p>Lemon ist eine der aromatischsten CBD-Cannabisbl\u00fctensorten, die es gibt, da sie einen hohen Gehalt an dem Terpen Limonen aufweist. Diese Sorte von CBD-Cannabisbl\u00fcten hat ein sehr fruchtiges Aroma.<\/p>\n","protected":false},"featured_media":5575,"comment_status":"closed","ping_status":"closed","template":"","meta":{"inline_featured_image":false},"product_brand":[],"product_cat":[2738,3068,3275],"product_tag":[],"class_list":{"0":"post-40039","1":"product","2":"type-product","3":"status-publish","4":"has-post-thumbnail","6":"product_cat-cbd-bluten","7":"product_cat-green-house-de","8":"product_cat-green-house-de-2","9":"pa_marque-le-riff-de","11":"first","12":"instock","13":"shipping-taxable","14":"purchasable","15":"product-type-simple"},"yoast_head":"<!-- This site is optimized with the Yoast SEO Premium plugin v25.9 (Yoast SEO v27.2) - https:\/\/yoast.com\/product\/yoast-seo-premium-wordpress\/ -->\n<title>Lemon | Green House - Le Riff<\/title>\n<meta name=\"description\" content=\"Lemon ist eine der aromatischsten CBD-Cannabisbl\u00fctensorten, die es gibt, da sie einen hohen Gehalt an dem Terpen Limonen aufweist.\" \/>\n<meta name=\"robots\" content=\"index, follow, max-snippet:-1, max-image-preview:large, max-video-preview:-1\" \/>\n<link rel=\"canonical\" href=\"https:\/\/www.leriff.ch\/de\/produkt\/lemon-green-house\/\" \/>\n<meta property=\"og:locale\" content=\"de_DE\" \/>\n<meta property=\"og:type\" content=\"article\" \/>\n<meta property=\"og:title\" content=\"Lemon | Green House\" \/>\n<meta property=\"og:description\" content=\"Lemon ist eine der aromatischsten CBD-Cannabisbl\u00fctensorten, die es gibt, da sie einen hohen Gehalt an dem Terpen Limonen aufweist.\" \/>\n<meta property=\"og:url\" content=\"https:\/\/www.leriff.ch\/de\/produkt\/lemon-green-house\/\" \/>\n<meta property=\"og:site_name\" content=\"Le Riff\" \/>\n<meta property=\"article:publisher\" content=\"https:\/\/www.facebook.com\/Leriff.ch\" \/>\n<meta property=\"article:modified_time\" content=\"2022-05-09T10:00:42+00:00\" \/>\n<meta property=\"og:image\" content=\"https:\/\/www.leriff.ch\/wp-content\/uploads\/2021\/04\/105x148-LEMON-20CHF-12G.jpg\" \/>\n\t<meta property=\"og:image:width\" content=\"429\" \/>\n\t<meta property=\"og:image:height\" content=\"598\" \/>\n\t<meta property=\"og:image:type\" content=\"image\/jpeg\" \/>\n<meta name=\"twitter:card\" content=\"summary_large_image\" \/>\n<script type=\"application\/ld+json\" class=\"yoast-schema-graph\">{\"@context\":\"https:\/\/schema.org\",\"@graph\":[{\"@type\":\"WebPage\",\"@id\":\"https:\/\/www.leriff.ch\/de\/produkt\/lemon-green-house\/\",\"url\":\"https:\/\/www.leriff.ch\/de\/produkt\/lemon-green-house\/\",\"name\":\"Lemon | Green House - Le Riff\",\"isPartOf\":{\"@id\":\"https:\/\/www.leriff.ch\/de\/#website\"},\"primaryImageOfPage\":{\"@id\":\"https:\/\/www.leriff.ch\/de\/produkt\/lemon-green-house\/#primaryimage\"},\"image\":{\"@id\":\"https:\/\/www.leriff.ch\/de\/produkt\/lemon-green-house\/#primaryimage\"},\"thumbnailUrl\":\"https:\/\/www.leriff.ch\/wp-content\/uploads\/2021\/04\/105x148-LEMON-20CHF-12G.jpg\",\"datePublished\":\"2021-08-12T21:06:10+00:00\",\"dateModified\":\"2022-05-09T10:00:42+00:00\",\"description\":\"Lemon ist eine der aromatischsten CBD-Cannabisbl\u00fctensorten, die es gibt, da sie einen hohen Gehalt an dem Terpen Limonen aufweist.\",\"breadcrumb\":{\"@id\":\"https:\/\/www.leriff.ch\/de\/produkt\/lemon-green-house\/#breadcrumb\"},\"inLanguage\":\"de\",\"potentialAction\":[{\"@type\":\"ReadAction\",\"target\":[\"https:\/\/www.leriff.ch\/de\/produkt\/lemon-green-house\/\"]}]},{\"@type\":\"ImageObject\",\"inLanguage\":\"de\",\"@id\":\"https:\/\/www.leriff.ch\/de\/produkt\/lemon-green-house\/#primaryimage\",\"url\":\"https:\/\/www.leriff.ch\/wp-content\/uploads\/2021\/04\/105x148-LEMON-20CHF-12G.jpg\",\"contentUrl\":\"https:\/\/www.leriff.ch\/wp-content\/uploads\/2021\/04\/105x148-LEMON-20CHF-12G.jpg\",\"width\":429,\"height\":598,\"caption\":\"Fleurs CBD Lemon Green House lemon cbd Fleurs de Cannabis CBD Suisse\"},{\"@type\":\"BreadcrumbList\",\"@id\":\"https:\/\/www.leriff.ch\/de\/produkt\/lemon-green-house\/#breadcrumb\",\"itemListElement\":[{\"@type\":\"ListItem\",\"position\":1,\"name\":\"Accueil\",\"item\":\"https:\/\/www.leriff.ch\/de\/\"},{\"@type\":\"ListItem\",\"position\":2,\"name\":\"Shop\",\"item\":\"https:\/\/www.leriff.ch\/de\/geschaeft\/\"},{\"@type\":\"ListItem\",\"position\":3,\"name\":\"CBD Bl\u00fcten\",\"item\":\"https:\/\/www.leriff.ch\/de\/categorie-produit\/cbd-bluten\/\"},{\"@type\":\"ListItem\",\"position\":4,\"name\":\"Green House\",\"item\":\"https:\/\/www.leriff.ch\/de\/categorie-produit\/cbd-bluten\/green-house-de-2\/\"},{\"@type\":\"ListItem\",\"position\":5,\"name\":\"Lemon | Green House\"}]},{\"@type\":\"WebSite\",\"@id\":\"https:\/\/www.leriff.ch\/de\/#website\",\"url\":\"https:\/\/www.leriff.ch\/de\/\",\"name\":\"Le Riff\",\"description\":\"Fleurs de Cannabis CBD\",\"publisher\":{\"@id\":\"https:\/\/www.leriff.ch\/de\/#organization\"},\"potentialAction\":[{\"@type\":\"SearchAction\",\"target\":{\"@type\":\"EntryPoint\",\"urlTemplate\":\"https:\/\/www.leriff.ch\/de\/?s={search_term_string}\"},\"query-input\":{\"@type\":\"PropertyValueSpecification\",\"valueRequired\":true,\"valueName\":\"search_term_string\"}}],\"inLanguage\":\"de\"},{\"@type\":\"Organization\",\"@id\":\"https:\/\/www.leriff.ch\/de\/#organization\",\"name\":\"le riff\",\"url\":\"https:\/\/www.leriff.ch\/de\/\",\"logo\":{\"@type\":\"ImageObject\",\"inLanguage\":\"de\",\"@id\":\"https:\/\/www.leriff.ch\/de\/#\/schema\/logo\/image\/\",\"url\":\"https:\/\/www.leriff.ch\/wp-content\/uploads\/2019\/10\/logo_carre.png\",\"contentUrl\":\"https:\/\/www.leriff.ch\/wp-content\/uploads\/2019\/10\/logo_carre.png\",\"width\":130,\"height\":130,\"caption\":\"le riff\"},\"image\":{\"@id\":\"https:\/\/www.leriff.ch\/de\/#\/schema\/logo\/image\/\"},\"sameAs\":[\"https:\/\/www.facebook.com\/Leriff.ch\"]}]}<\/script>\n<!-- \/ Yoast SEO Premium plugin. -->","yoast_head_json":{"title":"Lemon | Green House - Le Riff","description":"Lemon ist eine der aromatischsten CBD-Cannabisbl\u00fctensorten, die es gibt, da sie einen hohen Gehalt an dem Terpen Limonen aufweist.","robots":{"index":"index","follow":"follow","max-snippet":"max-snippet:-1","max-image-preview":"max-image-preview:large","max-video-preview":"max-video-preview:-1"},"canonical":"https:\/\/www.leriff.ch\/de\/produkt\/lemon-green-house\/","og_locale":"de_DE","og_type":"article","og_title":"Lemon | Green House","og_description":"Lemon ist eine der aromatischsten CBD-Cannabisbl\u00fctensorten, die es gibt, da sie einen hohen Gehalt an dem Terpen Limonen aufweist.","og_url":"https:\/\/www.leriff.ch\/de\/produkt\/lemon-green-house\/","og_site_name":"Le Riff","article_publisher":"https:\/\/www.facebook.com\/Leriff.ch","article_modified_time":"2022-05-09T10:00:42+00:00","og_image":[{"width":429,"height":598,"url":"https:\/\/www.leriff.ch\/wp-content\/uploads\/2021\/04\/105x148-LEMON-20CHF-12G.jpg","type":"image\/jpeg"}],"twitter_card":"summary_large_image","schema":{"@context":"https:\/\/schema.org","@graph":[{"@type":"WebPage","@id":"https:\/\/www.leriff.ch\/de\/produkt\/lemon-green-house\/","url":"https:\/\/www.leriff.ch\/de\/produkt\/lemon-green-house\/","name":"Lemon | Green House - Le Riff","isPartOf":{"@id":"https:\/\/www.leriff.ch\/de\/#website"},"primaryImageOfPage":{"@id":"https:\/\/www.leriff.ch\/de\/produkt\/lemon-green-house\/#primaryimage"},"image":{"@id":"https:\/\/www.leriff.ch\/de\/produkt\/lemon-green-house\/#primaryimage"},"thumbnailUrl":"https:\/\/www.leriff.ch\/wp-content\/uploads\/2021\/04\/105x148-LEMON-20CHF-12G.jpg","datePublished":"2021-08-12T21:06:10+00:00","dateModified":"2022-05-09T10:00:42+00:00","description":"Lemon ist eine der aromatischsten CBD-Cannabisbl\u00fctensorten, die es gibt, da sie einen hohen Gehalt an dem Terpen Limonen aufweist.","breadcrumb":{"@id":"https:\/\/www.leriff.ch\/de\/produkt\/lemon-green-house\/#breadcrumb"},"inLanguage":"de","potentialAction":[{"@type":"ReadAction","target":["https:\/\/www.leriff.ch\/de\/produkt\/lemon-green-house\/"]}]},{"@type":"ImageObject","inLanguage":"de","@id":"https:\/\/www.leriff.ch\/de\/produkt\/lemon-green-house\/#primaryimage","url":"https:\/\/www.leriff.ch\/wp-content\/uploads\/2021\/04\/105x148-LEMON-20CHF-12G.jpg","contentUrl":"https:\/\/www.leriff.ch\/wp-content\/uploads\/2021\/04\/105x148-LEMON-20CHF-12G.jpg","width":429,"height":598,"caption":"Fleurs CBD Lemon Green House lemon cbd Fleurs de Cannabis CBD Suisse"},{"@type":"BreadcrumbList","@id":"https:\/\/www.leriff.ch\/de\/produkt\/lemon-green-house\/#breadcrumb","itemListElement":[{"@type":"ListItem","position":1,"name":"Accueil","item":"https:\/\/www.leriff.ch\/de\/"},{"@type":"ListItem","position":2,"name":"Shop","item":"https:\/\/www.leriff.ch\/de\/geschaeft\/"},{"@type":"ListItem","position":3,"name":"CBD Bl\u00fcten","item":"https:\/\/www.leriff.ch\/de\/categorie-produit\/cbd-bluten\/"},{"@type":"ListItem","position":4,"name":"Green House","item":"https:\/\/www.leriff.ch\/de\/categorie-produit\/cbd-bluten\/green-house-de-2\/"},{"@type":"ListItem","position":5,"name":"Lemon | Green House"}]},{"@type":"WebSite","@id":"https:\/\/www.leriff.ch\/de\/#website","url":"https:\/\/www.leriff.ch\/de\/","name":"Le Riff","description":"Fleurs de Cannabis CBD","publisher":{"@id":"https:\/\/www.leriff.ch\/de\/#organization"},"potentialAction":[{"@type":"SearchAction","target":{"@type":"EntryPoint","urlTemplate":"https:\/\/www.leriff.ch\/de\/?s={search_term_string}"},"query-input":{"@type":"PropertyValueSpecification","valueRequired":true,"valueName":"search_term_string"}}],"inLanguage":"de"},{"@type":"Organization","@id":"https:\/\/www.leriff.ch\/de\/#organization","name":"le riff","url":"https:\/\/www.leriff.ch\/de\/","logo":{"@type":"ImageObject","inLanguage":"de","@id":"https:\/\/www.leriff.ch\/de\/#\/schema\/logo\/image\/","url":"https:\/\/www.leriff.ch\/wp-content\/uploads\/2019\/10\/logo_carre.png","contentUrl":"https:\/\/www.leriff.ch\/wp-content\/uploads\/2019\/10\/logo_carre.png","width":130,"height":130,"caption":"le riff"},"image":{"@id":"https:\/\/www.leriff.ch\/de\/#\/schema\/logo\/image\/"},"sameAs":["https:\/\/www.facebook.com\/Leriff.ch"]}]}},"_links":{"self":[{"href":"https:\/\/www.leriff.ch\/de\/wp-json\/wp\/v2\/product\/40039","targetHints":{"allow":["GET"]}}],"collection":[{"href":"https:\/\/www.leriff.ch\/de\/wp-json\/wp\/v2\/product"}],"about":[{"href":"https:\/\/www.leriff.ch\/de\/wp-json\/wp\/v2\/types\/product"}],"replies":[{"embeddable":true,"href":"https:\/\/www.leriff.ch\/de\/wp-json\/wp\/v2\/comments?post=40039"}],"wp:featuredmedia":[{"embeddable":true,"href":"https:\/\/www.leriff.ch\/de\/wp-json\/wp\/v2\/media\/5575"}],"wp:attachment":[{"href":"https:\/\/www.leriff.ch\/de\/wp-json\/wp\/v2\/media?parent=40039"}],"wp:term":[{"taxonomy":"product_brand","embeddable":true,"href":"https:\/\/www.leriff.ch\/de\/wp-json\/wp\/v2\/product_brand?post=40039"},{"taxonomy":"product_cat","embeddable":true,"href":"https:\/\/www.leriff.ch\/de\/wp-json\/wp\/v2\/product_cat?post=40039"},{"taxonomy":"product_tag","embeddable":true,"href":"https:\/\/www.leriff.ch\/de\/wp-json\/wp\/v2\/product_tag?post=40039"}],"curies":[{"name":"wp","href":"https:\/\/api.w.org\/{rel}","templated":true}]}}