{"id":40540,"date":"2020-12-28T12:38:46","date_gmt":"2022-04-14T11:41:50","guid":{"rendered":"https:\/\/www.leriff.ch\/produit\/moonrock\/"},"modified":"2023-04-10T12:57:59","modified_gmt":"2023-04-10T10:57:59","slug":"moonrock","status":"publish","type":"product","link":"https:\/\/www.leriff.ch\/de\/produkt\/moonrock\/","title":{"rendered":"MOONROCK"},"content":{"rendered":"<p>CBD-Moonrocks sind eine Variante des traditionellen Moonrocks, der eine sehr starke Form von Cannabis ist, die Knospen von Cannabisbl\u00fcten, Cannabis\u00f6l und Kief (pulverisiertes Cannabisharz) kombiniert. CBD-Moonrocks sind den herk\u00f6mmlichen Moonrocks \u00e4hnlich, wobei jedoch CBD- statt THC-Produkte verwendet werden. CBD-Moonrocks sind sehr reich an CBD und enthalten nur eine sehr geringe oder gar keine Menge THC, was bedeutet, dass sie keine nennenswerten psychoaktiven Wirkungen erzeugen.<\/p>\n<p>CBD Moonrocks werden hergestellt, indem man Knospen von hochwertigen Cannabisbl\u00fcten nimmt, sie mit hochwertigem CBD-\u00d6l bestreicht und sie dann in Kief w\u00e4lzt, um sie vollst\u00e4ndig zu bedecken. Mit Kief kann man die Potenz von CBD Moonrocks verst\u00e4rken, indem man eine zus\u00e4tzliche Schicht cannabinoidreicher Trichome hinzuf\u00fcgt.<\/p>\n<p>CBD-Moonrocks werden in der Regel auf die gleiche Weise konsumiert wie herk\u00f6mmliche Moonrocks, indem man sie in kleine St\u00fccke bricht und in einem Vaporizer raucht, sie in einen Joint oder eine Pfeife steckt oder sie in einer Bong verwendet. CBD-Moonrocks werden wegen ihres hohen CBD-Gehalts gesch\u00e4tzt, der bis zu 50% oder mehr betragen kann, und wegen ihrer entspannenden und beruhigenden Wirkung, die bei Stress, Angstzust\u00e4nden und Schmerzen helfen kann.<\/p>\n<p>Moonrock CBD ist eine Variante von Moonrock, die Cannabidiol (CBD) anstelle von Tetrahydrocannabinol (THC) enth\u00e4lt. Hier sind einige Merkmale der Moonrock CBD :<\/p>\n<ol>\n<li>CBD-Gehalt: Moonrock CBD ist bekannt f\u00fcr seinen hohen CBD-Gehalt, der je nach verwendeter Cannabissorte bis zu 50 % oder mehr betragen kann.<\/li>\n<li>Form: Moonrock CBD hat die gleiche Form wie herk\u00f6mmlicher Moonrock, d. h. kleine, dichte, klebrige Felsen.<\/li>\n<li>Textur: Die Textur von Moonrock CBD ist ebenfalls \u00e4hnlich wie die von herk\u00f6mmlichem Moonrock, sie ist klebrig und \u00f6lig aufgrund der Anwendung eines Konzentrats aus CBD- und Kief-\u00d6l.<\/li>\n<li>Farbe: Die Farbe von Moonrock CBD h\u00e4ngt von der Cannabissorte ab, die zur Herstellung verwendet wird, ist aber normalerweise hell- bis dunkelbraun.<\/li>\n<li>Wirkung: Im Gegensatz zum herk\u00f6mmlichen Moonrock hat Moonrock CBD aufgrund seines geringen THC-Gehalts keine psychoaktive Wirkung. Es kann jedoch aufgrund seines hohen CBD-Gehalts eine entspannende und beruhigende Wirkung entfalten.<\/li>\n<\/ol>\n<p>Moonrock CBD wird von Cannabiskonsumenten wegen seiner entspannenden und therapeutischen Wirkung sowie wegen seines hohen CBD-Gehalts gesch\u00e4tzt.<\/p>\n<p>Der Produktionsprozess von Moonrock CBD \u00e4hnelt dem von herk\u00f6mmlichem Moonrock, wobei jedoch CBD- statt THC-Produkte verwendet werden. Hier sind die allgemeinen Schritte zur Herstellung von Moonrock CBD :<\/p>\n<ol>\n<li>W\u00e4hlen Sie eine Sorte Cannabisbl\u00fcten aus, die reich an CBD und von ausgezeichneter Qualit\u00e4t ist. Sowohl Sativa- als auch Indica-Sorten k\u00f6nnen zur Herstellung von Moonrock CBD verwendet werden.<\/li>\n<li>Verwenden Sie ein hochwertiges CBD-\u00d6lkonzentrat, um die Cannabisk\u00f6pfe zu bestreichen. Die Wahl des CBD-\u00d6lkonzentrats h\u00e4ngt von Ihren pers\u00f6nlichen Vorlieben ab, aber es ist wichtig, ein hochwertiges Produkt zu verwenden, um optimale Ergebnisse zu erzielen.<\/li>\n<li>Verwenden Sie Kief (pulverisiertes Cannabisharz), um die mit CBD-\u00d6l bestrichenen Cannabisk\u00f6pfe zu bedecken. Kief kann aus Ihren eigenen Cannabispflanzen gewonnen oder in einer \u00f6rtlichen Cannabis-Apotheke gekauft werden.<\/li>\n<li>Dr\u00fccken Sie die mit CBD- und Kief-\u00d6l bestrichenen Cannabisk\u00f6pfe leicht zusammen, damit sie aneinander haften. Die Cannabisk\u00f6pfe m\u00fcssen klebrig und \u00f6lig sein, um eine optimale Haftung zu erm\u00f6glichen.<\/li>\n<li>Lassen Sie die CBD Moonrocks mehrere Stunden oder eine ganze Nacht lang trocknen, damit die Produkte aneinander haften k\u00f6nnen.<\/li>\n<\/ol>\n<p>Moonrock CBD wird normalerweise konsumiert, indem man es in kleine St\u00fccke zerbricht und in einem Vaporizer raucht oder in einen Joint oder eine Pfeife steckt.<\/p>\n","protected":false},"excerpt":{"rendered":"<p>CBD Moonrocks werden hergestellt, indem man Knospen von hochwertigen Cannabisbl\u00fcten nimmt, sie mit hochwertigem CBD-\u00d6l bestreicht und sie dann in Kief w\u00e4lzt, um sie vollst\u00e4ndig zu bedecken. Mit Kief kann man die Potenz von CBD Moonrocks verst\u00e4rken, indem man eine zus\u00e4tzliche Schicht cannabinoidreicher Trichome hinzuf\u00fcgt.<\/p>\n","protected":false},"featured_media":5003,"comment_status":"closed","ping_status":"closed","template":"","meta":{"inline_featured_image":false},"product_brand":[],"product_cat":[3229,2738,3150,3874,3156,3264,3140],"product_tag":[],"class_list":{"0":"post-40540","1":"product","2":"type-product","3":"status-publish","4":"has-post-thumbnail","6":"product_cat-cannabis-pollen-de","7":"product_cat-cbd-bluten","8":"product_cat-cbd-premium-pro-gramm","9":"product_cat-hashish-de","10":"product_cat-icerocks-de","11":"product_cat-indoor-de-2","12":"product_cat-moonrocks-de","13":"pa_cbd-pour-cent-50-cbd-de","14":"pa_marque-le-riff-de","16":"first","17":"outofstock","18":"featured","19":"shipping-taxable","20":"purchasable","21":"product-type-variable","22":"has-default-attributes"},"yoast_head":"<!-- This site is optimized with the Yoast SEO Premium plugin v25.9 (Yoast SEO v27.2) - https:\/\/yoast.com\/product\/yoast-seo-premium-wordpress\/ -->\n<title>MOONROCK Kieselsteine CBD-BL\u00dcTE EXTRAKT POLLEN - Le Riff<\/title>\n<meta name=\"description\" content=\"MOONROCK | TO THE MOON PLEASE und dass Ihre W\u00fcnsche mit diesen CANNABISBL\u00dcTEN-Kieselsteinen in Erf\u00fcllung gehen. Moonrock CBD wird von Cannabiskonsumenten wegen seiner entspannenden und therapeutischen Wirkung sowie wegen seines hohen CBD-Gehalts gesch\u00e4tzt.\" \/>\n<meta name=\"robots\" content=\"index, follow, max-snippet:-1, max-image-preview:large, max-video-preview:-1\" \/>\n<link rel=\"canonical\" href=\"https:\/\/www.leriff.ch\/de\/produkt\/moonrock\/\" \/>\n<meta property=\"og:locale\" content=\"de_DE\" \/>\n<meta property=\"og:type\" content=\"article\" \/>\n<meta property=\"og:title\" content=\"MOONROCK\" \/>\n<meta property=\"og:description\" content=\"MOONROCK | TO THE MOON PLEASE und dass Ihre W\u00fcnsche mit diesen CANNABISBL\u00dcTEN-Kieselsteinen in Erf\u00fcllung gehen. Moonrock CBD wird von Cannabiskonsumenten wegen seiner entspannenden und therapeutischen Wirkung sowie wegen seines hohen CBD-Gehalts gesch\u00e4tzt.\" \/>\n<meta property=\"og:url\" content=\"https:\/\/www.leriff.ch\/de\/produkt\/moonrock\/\" \/>\n<meta property=\"og:site_name\" content=\"Le Riff\" \/>\n<meta property=\"article:publisher\" content=\"https:\/\/www.facebook.com\/Leriff.ch\" \/>\n<meta property=\"article:modified_time\" content=\"2023-04-10T10:57:59+00:00\" \/>\n<meta property=\"og:image\" content=\"https:\/\/www.leriff.ch\/wp-content\/uploads\/2020\/11\/moonrock-icerock-meteorit-cutfullvue-cbd-suisse-scaled.jpg\" \/>\n\t<meta property=\"og:image:width\" content=\"1024\" \/>\n\t<meta property=\"og:image:height\" content=\"1024\" \/>\n\t<meta property=\"og:image:type\" content=\"image\/jpeg\" \/>\n<meta name=\"twitter:card\" content=\"summary_large_image\" \/>\n<meta name=\"twitter:label1\" content=\"Gesch\u00e4tzte Lesezeit\" \/>\n\t<meta name=\"twitter:data1\" content=\"3\u00a0Minuten\" \/>\n<script type=\"application\/ld+json\" class=\"yoast-schema-graph\">{\"@context\":\"https:\/\/schema.org\",\"@graph\":[{\"@type\":\"WebPage\",\"@id\":\"https:\/\/www.leriff.ch\/de\/produkt\/moonrock\/\",\"url\":\"https:\/\/www.leriff.ch\/de\/produkt\/moonrock\/\",\"name\":\"MOONROCK Kieselsteine CBD-BL\u00dcTE EXTRAKT POLLEN - Le Riff\",\"isPartOf\":{\"@id\":\"https:\/\/www.leriff.ch\/de\/#website\"},\"primaryImageOfPage\":{\"@id\":\"https:\/\/www.leriff.ch\/de\/produkt\/moonrock\/#primaryimage\"},\"image\":{\"@id\":\"https:\/\/www.leriff.ch\/de\/produkt\/moonrock\/#primaryimage\"},\"thumbnailUrl\":\"https:\/\/www.leriff.ch\/wp-content\/uploads\/2020\/11\/moonrock-icerock-meteorit-cutfullvue-cbd-suisse-scaled.jpg\",\"datePublished\":\"2022-04-14T11:41:50+00:00\",\"dateModified\":\"2023-04-10T10:57:59+00:00\",\"description\":\"MOONROCK | TO THE MOON PLEASE und dass Ihre W\u00fcnsche mit diesen CANNABISBL\u00dcTEN-Kieselsteinen in Erf\u00fcllung gehen. Moonrock CBD wird von Cannabiskonsumenten wegen seiner entspannenden und therapeutischen Wirkung sowie wegen seines hohen CBD-Gehalts gesch\u00e4tzt.\",\"breadcrumb\":{\"@id\":\"https:\/\/www.leriff.ch\/de\/produkt\/moonrock\/#breadcrumb\"},\"inLanguage\":\"de\",\"potentialAction\":[{\"@type\":\"ReadAction\",\"target\":[\"https:\/\/www.leriff.ch\/de\/produkt\/moonrock\/\"]}]},{\"@type\":\"ImageObject\",\"inLanguage\":\"de\",\"@id\":\"https:\/\/www.leriff.ch\/de\/produkt\/moonrock\/#primaryimage\",\"url\":\"https:\/\/www.leriff.ch\/wp-content\/uploads\/2020\/11\/moonrock-icerock-meteorit-cutfullvue-cbd-suisse-scaled.jpg\",\"contentUrl\":\"https:\/\/www.leriff.ch\/wp-content\/uploads\/2020\/11\/moonrock-icerock-meteorit-cutfullvue-cbd-suisse-scaled.jpg\",\"width\":1024,\"height\":1024,\"caption\":\"MOONROCK CBD SUISSE . Cailloux de FLEUR DE CBD EXTRAIT POLLEN Le Moonrock CBD est appr\u00e9ci\u00e9 par les consommateurs de cannabis pour ses effets relaxants et th\u00e9rapeutiques, ainsi que pour sa forte teneur en CBD.\"},{\"@type\":\"BreadcrumbList\",\"@id\":\"https:\/\/www.leriff.ch\/de\/produkt\/moonrock\/#breadcrumb\",\"itemListElement\":[{\"@type\":\"ListItem\",\"position\":1,\"name\":\"Accueil\",\"item\":\"https:\/\/www.leriff.ch\/de\/\"},{\"@type\":\"ListItem\",\"position\":2,\"name\":\"Shop\",\"item\":\"https:\/\/www.leriff.ch\/de\/geschaeft\/\"},{\"@type\":\"ListItem\",\"position\":3,\"name\":\"Moonrocks\",\"item\":\"https:\/\/www.leriff.ch\/de\/categorie-produit\/moonrocks-de\/\"},{\"@type\":\"ListItem\",\"position\":4,\"name\":\"MOONROCK\"}]},{\"@type\":\"WebSite\",\"@id\":\"https:\/\/www.leriff.ch\/de\/#website\",\"url\":\"https:\/\/www.leriff.ch\/de\/\",\"name\":\"Le Riff\",\"description\":\"Fleurs de Cannabis CBD\",\"publisher\":{\"@id\":\"https:\/\/www.leriff.ch\/de\/#organization\"},\"potentialAction\":[{\"@type\":\"SearchAction\",\"target\":{\"@type\":\"EntryPoint\",\"urlTemplate\":\"https:\/\/www.leriff.ch\/de\/?s={search_term_string}\"},\"query-input\":{\"@type\":\"PropertyValueSpecification\",\"valueRequired\":true,\"valueName\":\"search_term_string\"}}],\"inLanguage\":\"de\"},{\"@type\":\"Organization\",\"@id\":\"https:\/\/www.leriff.ch\/de\/#organization\",\"name\":\"le riff\",\"url\":\"https:\/\/www.leriff.ch\/de\/\",\"logo\":{\"@type\":\"ImageObject\",\"inLanguage\":\"de\",\"@id\":\"https:\/\/www.leriff.ch\/de\/#\/schema\/logo\/image\/\",\"url\":\"https:\/\/www.leriff.ch\/wp-content\/uploads\/2019\/10\/logo_carre.png\",\"contentUrl\":\"https:\/\/www.leriff.ch\/wp-content\/uploads\/2019\/10\/logo_carre.png\",\"width\":130,\"height\":130,\"caption\":\"le riff\"},\"image\":{\"@id\":\"https:\/\/www.leriff.ch\/de\/#\/schema\/logo\/image\/\"},\"sameAs\":[\"https:\/\/www.facebook.com\/Leriff.ch\"]}]}<\/script>\n<!-- \/ Yoast SEO Premium plugin. -->","yoast_head_json":{"title":"MOONROCK Kieselsteine CBD-BL\u00dcTE EXTRAKT POLLEN - Le Riff","description":"MOONROCK | TO THE MOON PLEASE und dass Ihre W\u00fcnsche mit diesen CANNABISBL\u00dcTEN-Kieselsteinen in Erf\u00fcllung gehen. Moonrock CBD wird von Cannabiskonsumenten wegen seiner entspannenden und therapeutischen Wirkung sowie wegen seines hohen CBD-Gehalts gesch\u00e4tzt.","robots":{"index":"index","follow":"follow","max-snippet":"max-snippet:-1","max-image-preview":"max-image-preview:large","max-video-preview":"max-video-preview:-1"},"canonical":"https:\/\/www.leriff.ch\/de\/produkt\/moonrock\/","og_locale":"de_DE","og_type":"article","og_title":"MOONROCK","og_description":"MOONROCK | TO THE MOON PLEASE und dass Ihre W\u00fcnsche mit diesen CANNABISBL\u00dcTEN-Kieselsteinen in Erf\u00fcllung gehen. Moonrock CBD wird von Cannabiskonsumenten wegen seiner entspannenden und therapeutischen Wirkung sowie wegen seines hohen CBD-Gehalts gesch\u00e4tzt.","og_url":"https:\/\/www.leriff.ch\/de\/produkt\/moonrock\/","og_site_name":"Le Riff","article_publisher":"https:\/\/www.facebook.com\/Leriff.ch","article_modified_time":"2023-04-10T10:57:59+00:00","og_image":[{"width":1024,"height":1024,"url":"https:\/\/www.leriff.ch\/wp-content\/uploads\/2020\/11\/moonrock-icerock-meteorit-cutfullvue-cbd-suisse-scaled.jpg","type":"image\/jpeg"}],"twitter_card":"summary_large_image","twitter_misc":{"Gesch\u00e4tzte Lesezeit":"3\u00a0Minuten"},"schema":{"@context":"https:\/\/schema.org","@graph":[{"@type":"WebPage","@id":"https:\/\/www.leriff.ch\/de\/produkt\/moonrock\/","url":"https:\/\/www.leriff.ch\/de\/produkt\/moonrock\/","name":"MOONROCK Kieselsteine CBD-BL\u00dcTE EXTRAKT POLLEN - Le Riff","isPartOf":{"@id":"https:\/\/www.leriff.ch\/de\/#website"},"primaryImageOfPage":{"@id":"https:\/\/www.leriff.ch\/de\/produkt\/moonrock\/#primaryimage"},"image":{"@id":"https:\/\/www.leriff.ch\/de\/produkt\/moonrock\/#primaryimage"},"thumbnailUrl":"https:\/\/www.leriff.ch\/wp-content\/uploads\/2020\/11\/moonrock-icerock-meteorit-cutfullvue-cbd-suisse-scaled.jpg","datePublished":"2022-04-14T11:41:50+00:00","dateModified":"2023-04-10T10:57:59+00:00","description":"MOONROCK | TO THE MOON PLEASE und dass Ihre W\u00fcnsche mit diesen CANNABISBL\u00dcTEN-Kieselsteinen in Erf\u00fcllung gehen. Moonrock CBD wird von Cannabiskonsumenten wegen seiner entspannenden und therapeutischen Wirkung sowie wegen seines hohen CBD-Gehalts gesch\u00e4tzt.","breadcrumb":{"@id":"https:\/\/www.leriff.ch\/de\/produkt\/moonrock\/#breadcrumb"},"inLanguage":"de","potentialAction":[{"@type":"ReadAction","target":["https:\/\/www.leriff.ch\/de\/produkt\/moonrock\/"]}]},{"@type":"ImageObject","inLanguage":"de","@id":"https:\/\/www.leriff.ch\/de\/produkt\/moonrock\/#primaryimage","url":"https:\/\/www.leriff.ch\/wp-content\/uploads\/2020\/11\/moonrock-icerock-meteorit-cutfullvue-cbd-suisse-scaled.jpg","contentUrl":"https:\/\/www.leriff.ch\/wp-content\/uploads\/2020\/11\/moonrock-icerock-meteorit-cutfullvue-cbd-suisse-scaled.jpg","width":1024,"height":1024,"caption":"MOONROCK CBD SUISSE . Cailloux de FLEUR DE CBD EXTRAIT POLLEN Le Moonrock CBD est appr\u00e9ci\u00e9 par les consommateurs de cannabis pour ses effets relaxants et th\u00e9rapeutiques, ainsi que pour sa forte teneur en CBD."},{"@type":"BreadcrumbList","@id":"https:\/\/www.leriff.ch\/de\/produkt\/moonrock\/#breadcrumb","itemListElement":[{"@type":"ListItem","position":1,"name":"Accueil","item":"https:\/\/www.leriff.ch\/de\/"},{"@type":"ListItem","position":2,"name":"Shop","item":"https:\/\/www.leriff.ch\/de\/geschaeft\/"},{"@type":"ListItem","position":3,"name":"Moonrocks","item":"https:\/\/www.leriff.ch\/de\/categorie-produit\/moonrocks-de\/"},{"@type":"ListItem","position":4,"name":"MOONROCK"}]},{"@type":"WebSite","@id":"https:\/\/www.leriff.ch\/de\/#website","url":"https:\/\/www.leriff.ch\/de\/","name":"Le Riff","description":"Fleurs de Cannabis CBD","publisher":{"@id":"https:\/\/www.leriff.ch\/de\/#organization"},"potentialAction":[{"@type":"SearchAction","target":{"@type":"EntryPoint","urlTemplate":"https:\/\/www.leriff.ch\/de\/?s={search_term_string}"},"query-input":{"@type":"PropertyValueSpecification","valueRequired":true,"valueName":"search_term_string"}}],"inLanguage":"de"},{"@type":"Organization","@id":"https:\/\/www.leriff.ch\/de\/#organization","name":"le riff","url":"https:\/\/www.leriff.ch\/de\/","logo":{"@type":"ImageObject","inLanguage":"de","@id":"https:\/\/www.leriff.ch\/de\/#\/schema\/logo\/image\/","url":"https:\/\/www.leriff.ch\/wp-content\/uploads\/2019\/10\/logo_carre.png","contentUrl":"https:\/\/www.leriff.ch\/wp-content\/uploads\/2019\/10\/logo_carre.png","width":130,"height":130,"caption":"le riff"},"image":{"@id":"https:\/\/www.leriff.ch\/de\/#\/schema\/logo\/image\/"},"sameAs":["https:\/\/www.facebook.com\/Leriff.ch"]}]}},"_links":{"self":[{"href":"https:\/\/www.leriff.ch\/de\/wp-json\/wp\/v2\/product\/40540","targetHints":{"allow":["GET"]}}],"collection":[{"href":"https:\/\/www.leriff.ch\/de\/wp-json\/wp\/v2\/product"}],"about":[{"href":"https:\/\/www.leriff.ch\/de\/wp-json\/wp\/v2\/types\/product"}],"replies":[{"embeddable":true,"href":"https:\/\/www.leriff.ch\/de\/wp-json\/wp\/v2\/comments?post=40540"}],"wp:featuredmedia":[{"embeddable":true,"href":"https:\/\/www.leriff.ch\/de\/wp-json\/wp\/v2\/media\/5003"}],"wp:attachment":[{"href":"https:\/\/www.leriff.ch\/de\/wp-json\/wp\/v2\/media?parent=40540"}],"wp:term":[{"taxonomy":"product_brand","embeddable":true,"href":"https:\/\/www.leriff.ch\/de\/wp-json\/wp\/v2\/product_brand?post=40540"},{"taxonomy":"product_cat","embeddable":true,"href":"https:\/\/www.leriff.ch\/de\/wp-json\/wp\/v2\/product_cat?post=40540"},{"taxonomy":"product_tag","embeddable":true,"href":"https:\/\/www.leriff.ch\/de\/wp-json\/wp\/v2\/product_tag?post=40540"}],"curies":[{"name":"wp","href":"https:\/\/api.w.org\/{rel}","templated":true}]}}