{"id":40767,"date":"2022-05-03T16:02:39","date_gmt":"2022-05-04T06:13:34","guid":{"rendered":"https:\/\/www.leriff.ch\/produit\/wolkenkraft-vita-nachtblau\/"},"modified":"2022-05-04T06:13:34","modified_gmt":"2022-05-04T06:13:34","slug":"wolkenkraft-vita-nachtblau","status":"publish","type":"product","link":"https:\/\/www.leriff.ch\/de\/produkt\/wolkenkraft-vita-nachtblau\/","title":{"rendered":"Wolkenkraft VITA, NachtBlau"},"content":{"rendered":"<p>Der VITA wurde auf die notwendigsten Werkzeuge reduziert, ist aber seinen Vorg\u00e4ngern keineswegs unterlegen. Mit einer Heizkammer aus rostfreiem Stahl und einem vollst\u00e4ndig isolierten Luftkanal sorgt die VITA f\u00fcr optimalen Dampf und wird nicht durch den \u00fcblichen Keramikgeschmack verf\u00e4lscht.<\/p>\n<p>Auf der LED-Anzeige l\u00e4sst sich die Temperatur von 180\u00b0 bis 220\u00b0 Grad mithilfe von f\u00fcnf Lichtern leicht ablesen.. Die verschiedenen Temperaturstufen k\u00f6nnen durch zweimaliges Dr\u00fccken der Taste umgeschaltet werden. Die Aufw\u00e4rmzeit betr\u00e4gt etwas weniger als 30 Sekunden.<\/p>\n<p>Die Akkukapazit\u00e4t von 1600 mAh ist f\u00fcr einen so kleinen Vaporizer v\u00f6llig ausreichend. Der Energieverbrauch eines Konduktionsverdampfers ist in der Regel geringer als der eines Konvektionsverdampfers, weshalb VITA auch bei intensivem Gebrauch lange h\u00e4lt. Aus Sicherheitsgr\u00fcnden wurde auch eine Interkommunikationsfunktion hinzugef\u00fcgt, weshalb sie bei Bedarf auch w\u00e4hrend des Ladevorgangs genutzt werden kann. Wir raten Ihnen jedoch davon ab, diese Funktion zu oft zu verwenden, da sie die Lebensdauer des Akkus grundlegend beeintr\u00e4chtigt.<\/p>\n<p>Er verf\u00fcgt \u00fcber einen modernen USB-C-Anschluss.<\/p>\n<p>Der aktuelle Batteriestatus kann am WOLKENKRAFT-LED-Logo abgelesen werden. Das Logo leuchtet in Blau (100-75%), Orange (74-25%) oder Rot (24-10%). Bei weniger als 10 % des Akkustands beginnt die LED abwechselnd rot und blau zu blinken und der VITA sollte so schnell wie m\u00f6glich aufgeladen werden.<\/p>\n","protected":false},"excerpt":{"rendered":"<p>Der WOLKENKRAFT VITA ist der kleine, handliche und wie alle WOLKENKRAFT Vaporizer supereinfach zu bedienen und mit einer optimierten Leitungstechnologie ausgestattet. Er ist perfekt f\u00fcr unterwegs und kann dank seiner unglaublich kleinen Gr\u00f6\u00dfe fast \u00fcberall verstaut werden.<\/p>\n","protected":false},"featured_media":40691,"comment_status":"closed","ping_status":"closed","template":"","meta":{"inline_featured_image":false},"product_brand":[],"product_cat":[3168],"product_tag":[],"class_list":{"0":"post-40767","1":"product","2":"type-product","3":"status-publish","4":"has-post-thumbnail","6":"product_cat-vaporizer-de","8":"first","9":"outofstock","10":"shipping-taxable","11":"purchasable","12":"product-type-simple"},"yoast_head":"<!-- This site is optimized with the Yoast SEO Premium plugin v25.9 (Yoast SEO v27.3) - https:\/\/yoast.com\/product\/yoast-seo-premium-wordpress\/ -->\n<title>Wolkenkraft VITA, NachtBlau - Le Riff<\/title>\n<meta name=\"description\" content=\"Der WOLKENKRAFT VITA ist der kleine, handliche und wie alle WOLKENKRAFT Vaporizer supereinfach zu bedienen und mit einer optimierten Leitungstechnologie ausgestattet. Er ist perfekt f\u00fcr unterwegs und kann dank seiner unglaublich kleinen Gr\u00f6\u00dfe fast \u00fcberall verstaut werden.\" \/>\n<meta name=\"robots\" content=\"index, follow, max-snippet:-1, max-image-preview:large, max-video-preview:-1\" \/>\n<link rel=\"canonical\" href=\"https:\/\/www.leriff.ch\/de\/produkt\/wolkenkraft-vita-nachtblau\/\" \/>\n<meta property=\"og:locale\" content=\"de_DE\" \/>\n<meta property=\"og:type\" content=\"article\" \/>\n<meta property=\"og:title\" content=\"Wolkenkraft VITA, NachtBlau\" \/>\n<meta property=\"og:description\" content=\"Der WOLKENKRAFT VITA ist der kleine, handliche und wie alle WOLKENKRAFT Vaporizer supereinfach zu bedienen und mit einer optimierten Leitungstechnologie ausgestattet. Er ist perfekt f\u00fcr unterwegs und kann dank seiner unglaublich kleinen Gr\u00f6\u00dfe fast \u00fcberall verstaut werden.\" \/>\n<meta property=\"og:url\" content=\"https:\/\/www.leriff.ch\/de\/produkt\/wolkenkraft-vita-nachtblau\/\" \/>\n<meta property=\"og:site_name\" content=\"Le Riff\" \/>\n<meta property=\"article:publisher\" content=\"https:\/\/www.facebook.com\/Leriff.ch\" \/>\n<meta property=\"og:image\" content=\"https:\/\/www.leriff.ch\/wp-content\/uploads\/2022\/05\/Wolkenkraft-VITA-Bleue-Nuit.jpg\" \/>\n\t<meta property=\"og:image:width\" content=\"560\" \/>\n\t<meta property=\"og:image:height\" content=\"560\" \/>\n\t<meta property=\"og:image:type\" content=\"image\/jpeg\" \/>\n<meta name=\"twitter:card\" content=\"summary_large_image\" \/>\n<meta name=\"twitter:label1\" content=\"Gesch\u00e4tzte Lesezeit\" \/>\n\t<meta name=\"twitter:data1\" content=\"1\u00a0Minute\" \/>\n<script type=\"application\/ld+json\" class=\"yoast-schema-graph\">{\"@context\":\"https:\\\/\\\/schema.org\",\"@graph\":[{\"@type\":\"WebPage\",\"@id\":\"https:\\\/\\\/www.leriff.ch\\\/de\\\/produkt\\\/wolkenkraft-vita-nachtblau\\\/\",\"url\":\"https:\\\/\\\/www.leriff.ch\\\/de\\\/produkt\\\/wolkenkraft-vita-nachtblau\\\/\",\"name\":\"Wolkenkraft VITA, NachtBlau - Le Riff\",\"isPartOf\":{\"@id\":\"https:\\\/\\\/www.leriff.ch\\\/de\\\/#website\"},\"primaryImageOfPage\":{\"@id\":\"https:\\\/\\\/www.leriff.ch\\\/de\\\/produkt\\\/wolkenkraft-vita-nachtblau\\\/#primaryimage\"},\"image\":{\"@id\":\"https:\\\/\\\/www.leriff.ch\\\/de\\\/produkt\\\/wolkenkraft-vita-nachtblau\\\/#primaryimage\"},\"thumbnailUrl\":\"https:\\\/\\\/www.leriff.ch\\\/wp-content\\\/uploads\\\/2022\\\/05\\\/Wolkenkraft-VITA-Bleue-Nuit.jpg\",\"datePublished\":\"2022-05-04T06:13:34+00:00\",\"description\":\"Der WOLKENKRAFT VITA ist der kleine, handliche und wie alle WOLKENKRAFT Vaporizer supereinfach zu bedienen und mit einer optimierten Leitungstechnologie ausgestattet. Er ist perfekt f\u00fcr unterwegs und kann dank seiner unglaublich kleinen Gr\u00f6\u00dfe fast \u00fcberall verstaut werden.\",\"breadcrumb\":{\"@id\":\"https:\\\/\\\/www.leriff.ch\\\/de\\\/produkt\\\/wolkenkraft-vita-nachtblau\\\/#breadcrumb\"},\"inLanguage\":\"de\",\"potentialAction\":[{\"@type\":\"ReadAction\",\"target\":[\"https:\\\/\\\/www.leriff.ch\\\/de\\\/produkt\\\/wolkenkraft-vita-nachtblau\\\/\"]}]},{\"@type\":\"ImageObject\",\"inLanguage\":\"de\",\"@id\":\"https:\\\/\\\/www.leriff.ch\\\/de\\\/produkt\\\/wolkenkraft-vita-nachtblau\\\/#primaryimage\",\"url\":\"https:\\\/\\\/www.leriff.ch\\\/wp-content\\\/uploads\\\/2022\\\/05\\\/Wolkenkraft-VITA-Bleue-Nuit.jpg\",\"contentUrl\":\"https:\\\/\\\/www.leriff.ch\\\/wp-content\\\/uploads\\\/2022\\\/05\\\/Wolkenkraft-VITA-Bleue-Nuit.jpg\",\"width\":560,\"height\":560,\"caption\":\"Wolkenkraft VITA, NachtBlau\"},{\"@type\":\"BreadcrumbList\",\"@id\":\"https:\\\/\\\/www.leriff.ch\\\/de\\\/produkt\\\/wolkenkraft-vita-nachtblau\\\/#breadcrumb\",\"itemListElement\":[{\"@type\":\"ListItem\",\"position\":1,\"name\":\"Accueil\",\"item\":\"https:\\\/\\\/www.leriff.ch\\\/de\\\/\"},{\"@type\":\"ListItem\",\"position\":2,\"name\":\"Shop\",\"item\":\"https:\\\/\\\/www.leriff.ch\\\/de\\\/geschaeft\\\/\"},{\"@type\":\"ListItem\",\"position\":3,\"name\":\"Vaporizer\",\"item\":\"https:\\\/\\\/www.leriff.ch\\\/de\\\/categorie-produit\\\/vaporizer-de\\\/\"},{\"@type\":\"ListItem\",\"position\":4,\"name\":\"Wolkenkraft VITA, NachtBlau\"}]},{\"@type\":\"WebSite\",\"@id\":\"https:\\\/\\\/www.leriff.ch\\\/de\\\/#website\",\"url\":\"https:\\\/\\\/www.leriff.ch\\\/de\\\/\",\"name\":\"Le Riff\",\"description\":\"Fleurs de Cannabis CBD\",\"publisher\":{\"@id\":\"https:\\\/\\\/www.leriff.ch\\\/de\\\/#organization\"},\"potentialAction\":[{\"@type\":\"SearchAction\",\"target\":{\"@type\":\"EntryPoint\",\"urlTemplate\":\"https:\\\/\\\/www.leriff.ch\\\/de\\\/?s={search_term_string}\"},\"query-input\":{\"@type\":\"PropertyValueSpecification\",\"valueRequired\":true,\"valueName\":\"search_term_string\"}}],\"inLanguage\":\"de\"},{\"@type\":\"Organization\",\"@id\":\"https:\\\/\\\/www.leriff.ch\\\/de\\\/#organization\",\"name\":\"le riff\",\"url\":\"https:\\\/\\\/www.leriff.ch\\\/de\\\/\",\"logo\":{\"@type\":\"ImageObject\",\"inLanguage\":\"de\",\"@id\":\"https:\\\/\\\/www.leriff.ch\\\/de\\\/#\\\/schema\\\/logo\\\/image\\\/\",\"url\":\"https:\\\/\\\/www.leriff.ch\\\/wp-content\\\/uploads\\\/2019\\\/10\\\/logo_carre.png\",\"contentUrl\":\"https:\\\/\\\/www.leriff.ch\\\/wp-content\\\/uploads\\\/2019\\\/10\\\/logo_carre.png\",\"width\":130,\"height\":130,\"caption\":\"le riff\"},\"image\":{\"@id\":\"https:\\\/\\\/www.leriff.ch\\\/de\\\/#\\\/schema\\\/logo\\\/image\\\/\"},\"sameAs\":[\"https:\\\/\\\/www.facebook.com\\\/Leriff.ch\"]}]}<\/script>\n<!-- \/ Yoast SEO Premium plugin. -->","yoast_head_json":{"title":"Wolkenkraft VITA, NachtBlau - Le Riff","description":"Der WOLKENKRAFT VITA ist der kleine, handliche und wie alle WOLKENKRAFT Vaporizer supereinfach zu bedienen und mit einer optimierten Leitungstechnologie ausgestattet. Er ist perfekt f\u00fcr unterwegs und kann dank seiner unglaublich kleinen Gr\u00f6\u00dfe fast \u00fcberall verstaut werden.","robots":{"index":"index","follow":"follow","max-snippet":"max-snippet:-1","max-image-preview":"max-image-preview:large","max-video-preview":"max-video-preview:-1"},"canonical":"https:\/\/www.leriff.ch\/de\/produkt\/wolkenkraft-vita-nachtblau\/","og_locale":"de_DE","og_type":"article","og_title":"Wolkenkraft VITA, NachtBlau","og_description":"Der WOLKENKRAFT VITA ist der kleine, handliche und wie alle WOLKENKRAFT Vaporizer supereinfach zu bedienen und mit einer optimierten Leitungstechnologie ausgestattet. Er ist perfekt f\u00fcr unterwegs und kann dank seiner unglaublich kleinen Gr\u00f6\u00dfe fast \u00fcberall verstaut werden.","og_url":"https:\/\/www.leriff.ch\/de\/produkt\/wolkenkraft-vita-nachtblau\/","og_site_name":"Le Riff","article_publisher":"https:\/\/www.facebook.com\/Leriff.ch","og_image":[{"width":560,"height":560,"url":"https:\/\/www.leriff.ch\/wp-content\/uploads\/2022\/05\/Wolkenkraft-VITA-Bleue-Nuit.jpg","type":"image\/jpeg"}],"twitter_card":"summary_large_image","twitter_misc":{"Gesch\u00e4tzte Lesezeit":"1\u00a0Minute"},"schema":{"@context":"https:\/\/schema.org","@graph":[{"@type":"WebPage","@id":"https:\/\/www.leriff.ch\/de\/produkt\/wolkenkraft-vita-nachtblau\/","url":"https:\/\/www.leriff.ch\/de\/produkt\/wolkenkraft-vita-nachtblau\/","name":"Wolkenkraft VITA, NachtBlau - Le Riff","isPartOf":{"@id":"https:\/\/www.leriff.ch\/de\/#website"},"primaryImageOfPage":{"@id":"https:\/\/www.leriff.ch\/de\/produkt\/wolkenkraft-vita-nachtblau\/#primaryimage"},"image":{"@id":"https:\/\/www.leriff.ch\/de\/produkt\/wolkenkraft-vita-nachtblau\/#primaryimage"},"thumbnailUrl":"https:\/\/www.leriff.ch\/wp-content\/uploads\/2022\/05\/Wolkenkraft-VITA-Bleue-Nuit.jpg","datePublished":"2022-05-04T06:13:34+00:00","description":"Der WOLKENKRAFT VITA ist der kleine, handliche und wie alle WOLKENKRAFT Vaporizer supereinfach zu bedienen und mit einer optimierten Leitungstechnologie ausgestattet. Er ist perfekt f\u00fcr unterwegs und kann dank seiner unglaublich kleinen Gr\u00f6\u00dfe fast \u00fcberall verstaut werden.","breadcrumb":{"@id":"https:\/\/www.leriff.ch\/de\/produkt\/wolkenkraft-vita-nachtblau\/#breadcrumb"},"inLanguage":"de","potentialAction":[{"@type":"ReadAction","target":["https:\/\/www.leriff.ch\/de\/produkt\/wolkenkraft-vita-nachtblau\/"]}]},{"@type":"ImageObject","inLanguage":"de","@id":"https:\/\/www.leriff.ch\/de\/produkt\/wolkenkraft-vita-nachtblau\/#primaryimage","url":"https:\/\/www.leriff.ch\/wp-content\/uploads\/2022\/05\/Wolkenkraft-VITA-Bleue-Nuit.jpg","contentUrl":"https:\/\/www.leriff.ch\/wp-content\/uploads\/2022\/05\/Wolkenkraft-VITA-Bleue-Nuit.jpg","width":560,"height":560,"caption":"Wolkenkraft VITA, NachtBlau"},{"@type":"BreadcrumbList","@id":"https:\/\/www.leriff.ch\/de\/produkt\/wolkenkraft-vita-nachtblau\/#breadcrumb","itemListElement":[{"@type":"ListItem","position":1,"name":"Accueil","item":"https:\/\/www.leriff.ch\/de\/"},{"@type":"ListItem","position":2,"name":"Shop","item":"https:\/\/www.leriff.ch\/de\/geschaeft\/"},{"@type":"ListItem","position":3,"name":"Vaporizer","item":"https:\/\/www.leriff.ch\/de\/categorie-produit\/vaporizer-de\/"},{"@type":"ListItem","position":4,"name":"Wolkenkraft VITA, NachtBlau"}]},{"@type":"WebSite","@id":"https:\/\/www.leriff.ch\/de\/#website","url":"https:\/\/www.leriff.ch\/de\/","name":"Le Riff","description":"Fleurs de Cannabis CBD","publisher":{"@id":"https:\/\/www.leriff.ch\/de\/#organization"},"potentialAction":[{"@type":"SearchAction","target":{"@type":"EntryPoint","urlTemplate":"https:\/\/www.leriff.ch\/de\/?s={search_term_string}"},"query-input":{"@type":"PropertyValueSpecification","valueRequired":true,"valueName":"search_term_string"}}],"inLanguage":"de"},{"@type":"Organization","@id":"https:\/\/www.leriff.ch\/de\/#organization","name":"le riff","url":"https:\/\/www.leriff.ch\/de\/","logo":{"@type":"ImageObject","inLanguage":"de","@id":"https:\/\/www.leriff.ch\/de\/#\/schema\/logo\/image\/","url":"https:\/\/www.leriff.ch\/wp-content\/uploads\/2019\/10\/logo_carre.png","contentUrl":"https:\/\/www.leriff.ch\/wp-content\/uploads\/2019\/10\/logo_carre.png","width":130,"height":130,"caption":"le riff"},"image":{"@id":"https:\/\/www.leriff.ch\/de\/#\/schema\/logo\/image\/"},"sameAs":["https:\/\/www.facebook.com\/Leriff.ch"]}]}},"_links":{"self":[{"href":"https:\/\/www.leriff.ch\/de\/wp-json\/wp\/v2\/product\/40767","targetHints":{"allow":["GET"]}}],"collection":[{"href":"https:\/\/www.leriff.ch\/de\/wp-json\/wp\/v2\/product"}],"about":[{"href":"https:\/\/www.leriff.ch\/de\/wp-json\/wp\/v2\/types\/product"}],"replies":[{"embeddable":true,"href":"https:\/\/www.leriff.ch\/de\/wp-json\/wp\/v2\/comments?post=40767"}],"wp:featuredmedia":[{"embeddable":true,"href":"https:\/\/www.leriff.ch\/de\/wp-json\/wp\/v2\/media\/40691"}],"wp:attachment":[{"href":"https:\/\/www.leriff.ch\/de\/wp-json\/wp\/v2\/media?parent=40767"}],"wp:term":[{"taxonomy":"product_brand","embeddable":true,"href":"https:\/\/www.leriff.ch\/de\/wp-json\/wp\/v2\/product_brand?post=40767"},{"taxonomy":"product_cat","embeddable":true,"href":"https:\/\/www.leriff.ch\/de\/wp-json\/wp\/v2\/product_cat?post=40767"},{"taxonomy":"product_tag","embeddable":true,"href":"https:\/\/www.leriff.ch\/de\/wp-json\/wp\/v2\/product_tag?post=40767"}],"curies":[{"name":"wp","href":"https:\/\/api.w.org\/{rel}","templated":true}]}}