{"id":40770,"date":"2022-05-03T15:57:03","date_gmt":"2022-05-04T06:34:31","guid":{"rendered":"https:\/\/www.leriff.ch\/produit\/wolkenkraft-vita-holz\/"},"modified":"2022-05-04T06:34:31","modified_gmt":"2022-05-04T06:34:31","slug":"wolkenkraft-vita-holz","status":"publish","type":"product","link":"https:\/\/www.leriff.ch\/de\/produkt\/wolkenkraft-vita-holz\/","title":{"rendered":"Wolkenkraft Vita Holz"},"content":{"rendered":"<p>Der VITA wurde auf die notwendigsten Werkzeuge reduziert, ist aber seinen Vorg\u00e4ngern keineswegs unterlegen. Mit einer Heizkammer aus rostfreiem Stahl und einem vollst\u00e4ndig isolierten Luftkanal sorgt der VITA f\u00fcr eine optimale Ablesung<br \/>\nLieferumfang<\/p>\n<p>1 x WOLKENKRAFT VITA Spray Holzoptik<br \/>\n1 x Ersatzmundst\u00fcck mit Keramikfilter<br \/>\n1 x F\u00fcllwerkzeug<br \/>\n1 x Reinigungsb\u00fcrste aus h\u00f6lzernem Rosshaar<br \/>\n1 * USB-C-Kabel<br \/>\n1 x WOLKENKRAFT-Aufkleber<br \/>\n1 x Bedienungsanleitung auf Deutsch und Englisch<\/p>\n","protected":false},"excerpt":{"rendered":"<p>Der WOLKENKRAFT VITA ist der kleine, handliche und wie alle WOLKENKRAFT Vaporizer supereinfach zu bedienen und mit einer optimierten Leitungstechnologie ausgestattet. Er ist perfekt f\u00fcr unterwegs und kann dank seiner unglaublich kleinen Gr\u00f6\u00dfe fast \u00fcberall verstaut werden.<\/p>\n","protected":false},"featured_media":40686,"comment_status":"closed","ping_status":"closed","template":"","meta":{"inline_featured_image":false},"product_brand":[],"product_cat":[3168],"product_tag":[],"class_list":{"0":"post-40770","1":"product","2":"type-product","3":"status-publish","4":"has-post-thumbnail","6":"product_cat-vaporizer-de","8":"first","9":"outofstock","10":"shipping-taxable","11":"purchasable","12":"product-type-simple"},"yoast_head":"<!-- This site is optimized with the Yoast SEO Premium plugin v25.9 (Yoast SEO v27.3) - https:\/\/yoast.com\/product\/yoast-seo-premium-wordpress\/ -->\n<title>Wolkenkraft Vita Holz - Le Riff<\/title>\n<meta name=\"description\" content=\"Der WOLKENKRAFT VITA ist der kleine, handliche und wie alle WOLKENKRAFT Vaporizer supereinfach zu bedienen und mit einer optimierten Leitungstechnologie ausgestattet. Er ist perfekt f\u00fcr unterwegs und kann dank seiner unglaublich kleinen Gr\u00f6\u00dfe fast \u00fcberall verstaut werden.\" \/>\n<meta name=\"robots\" content=\"index, follow, max-snippet:-1, max-image-preview:large, max-video-preview:-1\" \/>\n<link rel=\"canonical\" href=\"https:\/\/www.leriff.ch\/de\/produkt\/wolkenkraft-vita-holz\/\" \/>\n<meta property=\"og:locale\" content=\"de_DE\" \/>\n<meta property=\"og:type\" content=\"article\" \/>\n<meta property=\"og:title\" content=\"Wolkenkraft Vita Holz\" \/>\n<meta property=\"og:description\" content=\"Der WOLKENKRAFT VITA ist der kleine, handliche und wie alle WOLKENKRAFT Vaporizer supereinfach zu bedienen und mit einer optimierten Leitungstechnologie ausgestattet. Er ist perfekt f\u00fcr unterwegs und kann dank seiner unglaublich kleinen Gr\u00f6\u00dfe fast \u00fcberall verstaut werden.\" \/>\n<meta property=\"og:url\" content=\"https:\/\/www.leriff.ch\/de\/produkt\/wolkenkraft-vita-holz\/\" \/>\n<meta property=\"og:site_name\" content=\"Le Riff\" \/>\n<meta property=\"article:publisher\" content=\"https:\/\/www.facebook.com\/Leriff.ch\" \/>\n<meta property=\"og:image\" content=\"https:\/\/www.leriff.ch\/wp-content\/uploads\/2022\/05\/Wolkenkraft-Vita-Wooden.jpg\" \/>\n\t<meta property=\"og:image:width\" content=\"560\" \/>\n\t<meta property=\"og:image:height\" content=\"560\" \/>\n\t<meta property=\"og:image:type\" content=\"image\/jpeg\" \/>\n<meta name=\"twitter:card\" content=\"summary_large_image\" \/>\n<script type=\"application\/ld+json\" class=\"yoast-schema-graph\">{\"@context\":\"https:\\\/\\\/schema.org\",\"@graph\":[{\"@type\":\"WebPage\",\"@id\":\"https:\\\/\\\/www.leriff.ch\\\/de\\\/produkt\\\/wolkenkraft-vita-holz\\\/\",\"url\":\"https:\\\/\\\/www.leriff.ch\\\/de\\\/produkt\\\/wolkenkraft-vita-holz\\\/\",\"name\":\"Wolkenkraft Vita Holz - Le Riff\",\"isPartOf\":{\"@id\":\"https:\\\/\\\/www.leriff.ch\\\/de\\\/#website\"},\"primaryImageOfPage\":{\"@id\":\"https:\\\/\\\/www.leriff.ch\\\/de\\\/produkt\\\/wolkenkraft-vita-holz\\\/#primaryimage\"},\"image\":{\"@id\":\"https:\\\/\\\/www.leriff.ch\\\/de\\\/produkt\\\/wolkenkraft-vita-holz\\\/#primaryimage\"},\"thumbnailUrl\":\"https:\\\/\\\/www.leriff.ch\\\/wp-content\\\/uploads\\\/2022\\\/05\\\/Wolkenkraft-Vita-Wooden.jpg\",\"datePublished\":\"2022-05-04T06:34:31+00:00\",\"description\":\"Der WOLKENKRAFT VITA ist der kleine, handliche und wie alle WOLKENKRAFT Vaporizer supereinfach zu bedienen und mit einer optimierten Leitungstechnologie ausgestattet. Er ist perfekt f\u00fcr unterwegs und kann dank seiner unglaublich kleinen Gr\u00f6\u00dfe fast \u00fcberall verstaut werden.\",\"breadcrumb\":{\"@id\":\"https:\\\/\\\/www.leriff.ch\\\/de\\\/produkt\\\/wolkenkraft-vita-holz\\\/#breadcrumb\"},\"inLanguage\":\"de\",\"potentialAction\":[{\"@type\":\"ReadAction\",\"target\":[\"https:\\\/\\\/www.leriff.ch\\\/de\\\/produkt\\\/wolkenkraft-vita-holz\\\/\"]}]},{\"@type\":\"ImageObject\",\"inLanguage\":\"de\",\"@id\":\"https:\\\/\\\/www.leriff.ch\\\/de\\\/produkt\\\/wolkenkraft-vita-holz\\\/#primaryimage\",\"url\":\"https:\\\/\\\/www.leriff.ch\\\/wp-content\\\/uploads\\\/2022\\\/05\\\/Wolkenkraft-Vita-Wooden.jpg\",\"contentUrl\":\"https:\\\/\\\/www.leriff.ch\\\/wp-content\\\/uploads\\\/2022\\\/05\\\/Wolkenkraft-Vita-Wooden.jpg\",\"width\":560,\"height\":560,\"caption\":\"Wolkenkraft Vita Holz\"},{\"@type\":\"BreadcrumbList\",\"@id\":\"https:\\\/\\\/www.leriff.ch\\\/de\\\/produkt\\\/wolkenkraft-vita-holz\\\/#breadcrumb\",\"itemListElement\":[{\"@type\":\"ListItem\",\"position\":1,\"name\":\"Accueil\",\"item\":\"https:\\\/\\\/www.leriff.ch\\\/de\\\/\"},{\"@type\":\"ListItem\",\"position\":2,\"name\":\"Shop\",\"item\":\"https:\\\/\\\/www.leriff.ch\\\/de\\\/geschaeft\\\/\"},{\"@type\":\"ListItem\",\"position\":3,\"name\":\"Vaporizer\",\"item\":\"https:\\\/\\\/www.leriff.ch\\\/de\\\/categorie-produit\\\/vaporizer-de\\\/\"},{\"@type\":\"ListItem\",\"position\":4,\"name\":\"Wolkenkraft Vita Holz\"}]},{\"@type\":\"WebSite\",\"@id\":\"https:\\\/\\\/www.leriff.ch\\\/de\\\/#website\",\"url\":\"https:\\\/\\\/www.leriff.ch\\\/de\\\/\",\"name\":\"Le Riff\",\"description\":\"Fleurs de Cannabis CBD\",\"publisher\":{\"@id\":\"https:\\\/\\\/www.leriff.ch\\\/de\\\/#organization\"},\"potentialAction\":[{\"@type\":\"SearchAction\",\"target\":{\"@type\":\"EntryPoint\",\"urlTemplate\":\"https:\\\/\\\/www.leriff.ch\\\/de\\\/?s={search_term_string}\"},\"query-input\":{\"@type\":\"PropertyValueSpecification\",\"valueRequired\":true,\"valueName\":\"search_term_string\"}}],\"inLanguage\":\"de\"},{\"@type\":\"Organization\",\"@id\":\"https:\\\/\\\/www.leriff.ch\\\/de\\\/#organization\",\"name\":\"le riff\",\"url\":\"https:\\\/\\\/www.leriff.ch\\\/de\\\/\",\"logo\":{\"@type\":\"ImageObject\",\"inLanguage\":\"de\",\"@id\":\"https:\\\/\\\/www.leriff.ch\\\/de\\\/#\\\/schema\\\/logo\\\/image\\\/\",\"url\":\"https:\\\/\\\/www.leriff.ch\\\/wp-content\\\/uploads\\\/2019\\\/10\\\/logo_carre.png\",\"contentUrl\":\"https:\\\/\\\/www.leriff.ch\\\/wp-content\\\/uploads\\\/2019\\\/10\\\/logo_carre.png\",\"width\":130,\"height\":130,\"caption\":\"le riff\"},\"image\":{\"@id\":\"https:\\\/\\\/www.leriff.ch\\\/de\\\/#\\\/schema\\\/logo\\\/image\\\/\"},\"sameAs\":[\"https:\\\/\\\/www.facebook.com\\\/Leriff.ch\"]}]}<\/script>\n<!-- \/ Yoast SEO Premium plugin. -->","yoast_head_json":{"title":"Wolkenkraft Vita Holz - Le Riff","description":"Der WOLKENKRAFT VITA ist der kleine, handliche und wie alle WOLKENKRAFT Vaporizer supereinfach zu bedienen und mit einer optimierten Leitungstechnologie ausgestattet. Er ist perfekt f\u00fcr unterwegs und kann dank seiner unglaublich kleinen Gr\u00f6\u00dfe fast \u00fcberall verstaut werden.","robots":{"index":"index","follow":"follow","max-snippet":"max-snippet:-1","max-image-preview":"max-image-preview:large","max-video-preview":"max-video-preview:-1"},"canonical":"https:\/\/www.leriff.ch\/de\/produkt\/wolkenkraft-vita-holz\/","og_locale":"de_DE","og_type":"article","og_title":"Wolkenkraft Vita Holz","og_description":"Der WOLKENKRAFT VITA ist der kleine, handliche und wie alle WOLKENKRAFT Vaporizer supereinfach zu bedienen und mit einer optimierten Leitungstechnologie ausgestattet. Er ist perfekt f\u00fcr unterwegs und kann dank seiner unglaublich kleinen Gr\u00f6\u00dfe fast \u00fcberall verstaut werden.","og_url":"https:\/\/www.leriff.ch\/de\/produkt\/wolkenkraft-vita-holz\/","og_site_name":"Le Riff","article_publisher":"https:\/\/www.facebook.com\/Leriff.ch","og_image":[{"width":560,"height":560,"url":"https:\/\/www.leriff.ch\/wp-content\/uploads\/2022\/05\/Wolkenkraft-Vita-Wooden.jpg","type":"image\/jpeg"}],"twitter_card":"summary_large_image","schema":{"@context":"https:\/\/schema.org","@graph":[{"@type":"WebPage","@id":"https:\/\/www.leriff.ch\/de\/produkt\/wolkenkraft-vita-holz\/","url":"https:\/\/www.leriff.ch\/de\/produkt\/wolkenkraft-vita-holz\/","name":"Wolkenkraft Vita Holz - Le Riff","isPartOf":{"@id":"https:\/\/www.leriff.ch\/de\/#website"},"primaryImageOfPage":{"@id":"https:\/\/www.leriff.ch\/de\/produkt\/wolkenkraft-vita-holz\/#primaryimage"},"image":{"@id":"https:\/\/www.leriff.ch\/de\/produkt\/wolkenkraft-vita-holz\/#primaryimage"},"thumbnailUrl":"https:\/\/www.leriff.ch\/wp-content\/uploads\/2022\/05\/Wolkenkraft-Vita-Wooden.jpg","datePublished":"2022-05-04T06:34:31+00:00","description":"Der WOLKENKRAFT VITA ist der kleine, handliche und wie alle WOLKENKRAFT Vaporizer supereinfach zu bedienen und mit einer optimierten Leitungstechnologie ausgestattet. Er ist perfekt f\u00fcr unterwegs und kann dank seiner unglaublich kleinen Gr\u00f6\u00dfe fast \u00fcberall verstaut werden.","breadcrumb":{"@id":"https:\/\/www.leriff.ch\/de\/produkt\/wolkenkraft-vita-holz\/#breadcrumb"},"inLanguage":"de","potentialAction":[{"@type":"ReadAction","target":["https:\/\/www.leriff.ch\/de\/produkt\/wolkenkraft-vita-holz\/"]}]},{"@type":"ImageObject","inLanguage":"de","@id":"https:\/\/www.leriff.ch\/de\/produkt\/wolkenkraft-vita-holz\/#primaryimage","url":"https:\/\/www.leriff.ch\/wp-content\/uploads\/2022\/05\/Wolkenkraft-Vita-Wooden.jpg","contentUrl":"https:\/\/www.leriff.ch\/wp-content\/uploads\/2022\/05\/Wolkenkraft-Vita-Wooden.jpg","width":560,"height":560,"caption":"Wolkenkraft Vita Holz"},{"@type":"BreadcrumbList","@id":"https:\/\/www.leriff.ch\/de\/produkt\/wolkenkraft-vita-holz\/#breadcrumb","itemListElement":[{"@type":"ListItem","position":1,"name":"Accueil","item":"https:\/\/www.leriff.ch\/de\/"},{"@type":"ListItem","position":2,"name":"Shop","item":"https:\/\/www.leriff.ch\/de\/geschaeft\/"},{"@type":"ListItem","position":3,"name":"Vaporizer","item":"https:\/\/www.leriff.ch\/de\/categorie-produit\/vaporizer-de\/"},{"@type":"ListItem","position":4,"name":"Wolkenkraft Vita Holz"}]},{"@type":"WebSite","@id":"https:\/\/www.leriff.ch\/de\/#website","url":"https:\/\/www.leriff.ch\/de\/","name":"Le Riff","description":"Fleurs de Cannabis CBD","publisher":{"@id":"https:\/\/www.leriff.ch\/de\/#organization"},"potentialAction":[{"@type":"SearchAction","target":{"@type":"EntryPoint","urlTemplate":"https:\/\/www.leriff.ch\/de\/?s={search_term_string}"},"query-input":{"@type":"PropertyValueSpecification","valueRequired":true,"valueName":"search_term_string"}}],"inLanguage":"de"},{"@type":"Organization","@id":"https:\/\/www.leriff.ch\/de\/#organization","name":"le riff","url":"https:\/\/www.leriff.ch\/de\/","logo":{"@type":"ImageObject","inLanguage":"de","@id":"https:\/\/www.leriff.ch\/de\/#\/schema\/logo\/image\/","url":"https:\/\/www.leriff.ch\/wp-content\/uploads\/2019\/10\/logo_carre.png","contentUrl":"https:\/\/www.leriff.ch\/wp-content\/uploads\/2019\/10\/logo_carre.png","width":130,"height":130,"caption":"le riff"},"image":{"@id":"https:\/\/www.leriff.ch\/de\/#\/schema\/logo\/image\/"},"sameAs":["https:\/\/www.facebook.com\/Leriff.ch"]}]}},"_links":{"self":[{"href":"https:\/\/www.leriff.ch\/de\/wp-json\/wp\/v2\/product\/40770","targetHints":{"allow":["GET"]}}],"collection":[{"href":"https:\/\/www.leriff.ch\/de\/wp-json\/wp\/v2\/product"}],"about":[{"href":"https:\/\/www.leriff.ch\/de\/wp-json\/wp\/v2\/types\/product"}],"replies":[{"embeddable":true,"href":"https:\/\/www.leriff.ch\/de\/wp-json\/wp\/v2\/comments?post=40770"}],"wp:featuredmedia":[{"embeddable":true,"href":"https:\/\/www.leriff.ch\/de\/wp-json\/wp\/v2\/media\/40686"}],"wp:attachment":[{"href":"https:\/\/www.leriff.ch\/de\/wp-json\/wp\/v2\/media?parent=40770"}],"wp:term":[{"taxonomy":"product_brand","embeddable":true,"href":"https:\/\/www.leriff.ch\/de\/wp-json\/wp\/v2\/product_brand?post=40770"},{"taxonomy":"product_cat","embeddable":true,"href":"https:\/\/www.leriff.ch\/de\/wp-json\/wp\/v2\/product_cat?post=40770"},{"taxonomy":"product_tag","embeddable":true,"href":"https:\/\/www.leriff.ch\/de\/wp-json\/wp\/v2\/product_tag?post=40770"}],"curies":[{"name":"wp","href":"https:\/\/api.w.org\/{rel}","templated":true}]}}