{"id":40786,"date":"2015-05-03T09:35:05","date_gmt":"2022-05-04T11:03:48","guid":{"rendered":"https:\/\/www.leriff.ch\/produit\/volcano-hybrid-vaporizer\/"},"modified":"2022-05-04T11:03:48","modified_gmt":"2022-05-04T11:03:48","slug":"vaporizer-hybride-volcano","status":"publish","type":"product","link":"https:\/\/www.leriff.ch\/de\/produkt\/vaporizer-hybride-volcano\/","title":{"rendered":"Volcano Hybrid Vaporizer"},"content":{"rendered":"<p>Der Desktop-Vaporizer bietet eine Inhalation \u00fcber einen Schlauch sowie einen Ballon.<br \/>\nAber das ist noch nicht alles, die schnelle Aufheizzeit von weniger als 40 Sekunden und die optimierte Steuerung der Airflow sprechen ebenfalls f\u00fcr den Vaporizer.<\/p>\n<p>Nat\u00fcrlich muss STORZ&amp;BICKEL nicht ohne einfache Operation sein. Das gro\u00dfe Display zeigt alle wichtigen Informationen und Einstellungsm\u00f6glichkeiten \u00fcbersichtlich an. Die ber\u00fchrungsempfindlichen Tasten f\u00fchlen sich gut an, sodass Sie die Einstellungen schnell und einfach vornehmen k\u00f6nnen.<br \/>\nDie Temperatur kann stufenlos von 40\u00b0C bis 210\u00b0C eingestellt werden.<\/p>\n<p>Die Gefahr, dass die Kr\u00e4uter verbrennen, wird durch den nahtlosen Konvektionsluftstrom auf ein Minimum reduziert. Auf diese Weise werden die Kr\u00e4uter optimal erhitzt, wie es bei Storz &amp; Bickel \u00fcblich ist.<\/p>\n<p>Der Hersteller bietet auch eine neue interne Anwendung f\u00fcr individuelle Einstellungen des Vaporizers an. Hier k\u00f6nnen einige optionale Funktionen genutzt werden:<\/p>\n<p>&#8211; Erstellen Sie Ihren eigenen, individuellen Workflow<br \/>\n&#8211; Heizung steuern\/aktivieren\/deaktivieren<br \/>\n&#8211; Pumpe ausschalten\/einschalten<br \/>\n&#8211; Abrufen der Seriennummer und allgemeiner Informationen<br \/>\n&#8211; Firmware-Aktualisierung<br \/>\n&#8211; Anpassen der allgemeinen Einstellungen<br \/>\n&#8211; Ausschalt-Timer einstellen<\/p>\n<p>Kein Vaporizer war jemals so umfangreich. STORZ&amp;BICKEL liefert wieder einmal ein hochwertiges Ger\u00e4t mit umfangreichem Zubeh\u00f6r.<\/p>\n<p>Lieferumfang :<\/p>\n<p>&#8211; 1 x Volcano Hybrid-Heizk\u00f6rper<br \/>\n&#8211; 1 x F\u00fcllkammer<br \/>\n&#8211; 1 x Deckelring<br \/>\n&#8211; 1 x Luftfiltersatz (2 St\u00fcck) und normaler Siebsatz (6 St\u00fcck)<br \/>\n&#8211; 1 x Drop Pad<br \/>\n&#8211; 1 x Reinigungsb\u00fcrste<br \/>\n&#8211; 3 x Easy Valve Ballon mit Mundst\u00fcck<br \/>\n&#8211; 1 x Easy Valve Ballon mit Adapter (Ballonwechsel m\u00f6glich)<br \/>\n&#8211; 1 x Drehschlauchsystem (1 m Schlauch und Schlauchkr\u00fcmmer)<br \/>\n&#8211; 1 x Ballonhaltering<br \/>\n&#8211; 1 x Kr\u00e4uterschneider von Storz&amp;Bickel<br \/>\n&#8211; 1 x Netzkabel (220-240V\/50-60Hz oder 110-120V\/50-60Hz)<\/p>\n","protected":false},"excerpt":{"rendered":"<p>Erstklassiges Design und hohe Qualit\u00e4t sind bei STORZ&amp;BICKEL immer vertreten.<br \/>\nAber auch in Bezug auf Funktionalit\u00e4t und Innovation setzt der Hersteller hohe Ma\u00dfst\u00e4be.<\/p>\n<p>Der Hersteller ist nun stolz darauf, sein neuestes Modell vorzustellen &#8211; den Volcano Hybrid.<\/p>\n<p>&nbsp;<\/p>\n","protected":false},"featured_media":40590,"comment_status":"closed","ping_status":"closed","template":"","meta":{"inline_featured_image":false},"product_brand":[],"product_cat":[3168],"product_tag":[],"class_list":{"0":"post-40786","1":"product","2":"type-product","3":"status-publish","4":"has-post-thumbnail","6":"product_cat-vaporizer-de","8":"first","9":"instock","10":"shipping-taxable","11":"purchasable","12":"product-type-simple"},"yoast_head":"<!-- This site is optimized with the Yoast SEO Premium plugin v25.9 (Yoast SEO v27.2) - https:\/\/yoast.com\/product\/yoast-seo-premium-wordpress\/ -->\n<title>Volcano Hybrid Vaporizer - Le Riff<\/title>\n<meta name=\"description\" content=\"Erstklassiges Design und hohe Qualit\u00e4t sind bei STORZ&amp;BICKEL immer vertreten. Aber auch in Bezug auf Funktionalit\u00e4t und Innovation setzt der Hersteller hohe Ma\u00dfst\u00e4be.Der Hersteller ist nun stolz darauf, sein neuestes Modell vorzustellen - den Volcano Hybrid.\" \/>\n<meta name=\"robots\" content=\"index, follow, max-snippet:-1, max-image-preview:large, max-video-preview:-1\" \/>\n<link rel=\"canonical\" href=\"https:\/\/www.leriff.ch\/de\/produkt\/vaporizer-hybride-volcano\/\" \/>\n<meta property=\"og:locale\" content=\"de_DE\" \/>\n<meta property=\"og:type\" content=\"article\" \/>\n<meta property=\"og:title\" content=\"Volcano Hybrid Vaporizer\" \/>\n<meta property=\"og:description\" content=\"Erstklassiges Design und hohe Qualit\u00e4t sind bei STORZ&amp;BICKEL immer vertreten. Aber auch in Bezug auf Funktionalit\u00e4t und Innovation setzt der Hersteller hohe Ma\u00dfst\u00e4be.Der Hersteller ist nun stolz darauf, sein neuestes Modell vorzustellen - den Volcano Hybrid.\" \/>\n<meta property=\"og:url\" content=\"https:\/\/www.leriff.ch\/de\/produkt\/vaporizer-hybride-volcano\/\" \/>\n<meta property=\"og:site_name\" content=\"Le Riff\" \/>\n<meta property=\"article:publisher\" content=\"https:\/\/www.facebook.com\/Leriff.ch\" \/>\n<meta property=\"og:image\" content=\"https:\/\/www.leriff.ch\/wp-content\/uploads\/2022\/05\/Vaporisateur-hybride-Volcano.jpg\" \/>\n\t<meta property=\"og:image:width\" content=\"560\" \/>\n\t<meta property=\"og:image:height\" content=\"560\" \/>\n\t<meta property=\"og:image:type\" content=\"image\/jpeg\" \/>\n<meta name=\"twitter:card\" content=\"summary_large_image\" \/>\n<meta name=\"twitter:label1\" content=\"Gesch\u00e4tzte Lesezeit\" \/>\n\t<meta name=\"twitter:data1\" content=\"1\u00a0Minute\" \/>\n<script type=\"application\/ld+json\" class=\"yoast-schema-graph\">{\"@context\":\"https:\/\/schema.org\",\"@graph\":[{\"@type\":\"WebPage\",\"@id\":\"https:\/\/www.leriff.ch\/de\/produkt\/vaporizer-hybride-volcano\/\",\"url\":\"https:\/\/www.leriff.ch\/de\/produkt\/vaporizer-hybride-volcano\/\",\"name\":\"Volcano Hybrid Vaporizer - Le Riff\",\"isPartOf\":{\"@id\":\"https:\/\/www.leriff.ch\/de\/#website\"},\"primaryImageOfPage\":{\"@id\":\"https:\/\/www.leriff.ch\/de\/produkt\/vaporizer-hybride-volcano\/#primaryimage\"},\"image\":{\"@id\":\"https:\/\/www.leriff.ch\/de\/produkt\/vaporizer-hybride-volcano\/#primaryimage\"},\"thumbnailUrl\":\"https:\/\/www.leriff.ch\/wp-content\/uploads\/2022\/05\/Vaporisateur-hybride-Volcano.jpg\",\"datePublished\":\"2022-05-04T11:03:48+00:00\",\"description\":\"Erstklassiges Design und hohe Qualit\u00e4t sind bei STORZ&BICKEL immer vertreten. Aber auch in Bezug auf Funktionalit\u00e4t und Innovation setzt der Hersteller hohe Ma\u00dfst\u00e4be.Der Hersteller ist nun stolz darauf, sein neuestes Modell vorzustellen - den Volcano Hybrid.\",\"breadcrumb\":{\"@id\":\"https:\/\/www.leriff.ch\/de\/produkt\/vaporizer-hybride-volcano\/#breadcrumb\"},\"inLanguage\":\"de\",\"potentialAction\":[{\"@type\":\"ReadAction\",\"target\":[\"https:\/\/www.leriff.ch\/de\/produkt\/vaporizer-hybride-volcano\/\"]}]},{\"@type\":\"ImageObject\",\"inLanguage\":\"de\",\"@id\":\"https:\/\/www.leriff.ch\/de\/produkt\/vaporizer-hybride-volcano\/#primaryimage\",\"url\":\"https:\/\/www.leriff.ch\/wp-content\/uploads\/2022\/05\/Vaporisateur-hybride-Volcano.jpg\",\"contentUrl\":\"https:\/\/www.leriff.ch\/wp-content\/uploads\/2022\/05\/Vaporisateur-hybride-Volcano.jpg\",\"width\":560,\"height\":560,\"caption\":\"Volcano Hybrid Vaporizer\"},{\"@type\":\"BreadcrumbList\",\"@id\":\"https:\/\/www.leriff.ch\/de\/produkt\/vaporizer-hybride-volcano\/#breadcrumb\",\"itemListElement\":[{\"@type\":\"ListItem\",\"position\":1,\"name\":\"Accueil\",\"item\":\"https:\/\/www.leriff.ch\/de\/\"},{\"@type\":\"ListItem\",\"position\":2,\"name\":\"Shop\",\"item\":\"https:\/\/www.leriff.ch\/de\/geschaeft\/\"},{\"@type\":\"ListItem\",\"position\":3,\"name\":\"Vaporizer\",\"item\":\"https:\/\/www.leriff.ch\/de\/categorie-produit\/vaporizer-de\/\"},{\"@type\":\"ListItem\",\"position\":4,\"name\":\"Volcano Hybrid Vaporizer\"}]},{\"@type\":\"WebSite\",\"@id\":\"https:\/\/www.leriff.ch\/de\/#website\",\"url\":\"https:\/\/www.leriff.ch\/de\/\",\"name\":\"Le Riff\",\"description\":\"Fleurs de Cannabis CBD\",\"publisher\":{\"@id\":\"https:\/\/www.leriff.ch\/de\/#organization\"},\"potentialAction\":[{\"@type\":\"SearchAction\",\"target\":{\"@type\":\"EntryPoint\",\"urlTemplate\":\"https:\/\/www.leriff.ch\/de\/?s={search_term_string}\"},\"query-input\":{\"@type\":\"PropertyValueSpecification\",\"valueRequired\":true,\"valueName\":\"search_term_string\"}}],\"inLanguage\":\"de\"},{\"@type\":\"Organization\",\"@id\":\"https:\/\/www.leriff.ch\/de\/#organization\",\"name\":\"le riff\",\"url\":\"https:\/\/www.leriff.ch\/de\/\",\"logo\":{\"@type\":\"ImageObject\",\"inLanguage\":\"de\",\"@id\":\"https:\/\/www.leriff.ch\/de\/#\/schema\/logo\/image\/\",\"url\":\"https:\/\/www.leriff.ch\/wp-content\/uploads\/2019\/10\/logo_carre.png\",\"contentUrl\":\"https:\/\/www.leriff.ch\/wp-content\/uploads\/2019\/10\/logo_carre.png\",\"width\":130,\"height\":130,\"caption\":\"le riff\"},\"image\":{\"@id\":\"https:\/\/www.leriff.ch\/de\/#\/schema\/logo\/image\/\"},\"sameAs\":[\"https:\/\/www.facebook.com\/Leriff.ch\"]}]}<\/script>\n<!-- \/ Yoast SEO Premium plugin. -->","yoast_head_json":{"title":"Volcano Hybrid Vaporizer - Le Riff","description":"Erstklassiges Design und hohe Qualit\u00e4t sind bei STORZ&BICKEL immer vertreten. Aber auch in Bezug auf Funktionalit\u00e4t und Innovation setzt der Hersteller hohe Ma\u00dfst\u00e4be.Der Hersteller ist nun stolz darauf, sein neuestes Modell vorzustellen - den Volcano Hybrid.","robots":{"index":"index","follow":"follow","max-snippet":"max-snippet:-1","max-image-preview":"max-image-preview:large","max-video-preview":"max-video-preview:-1"},"canonical":"https:\/\/www.leriff.ch\/de\/produkt\/vaporizer-hybride-volcano\/","og_locale":"de_DE","og_type":"article","og_title":"Volcano Hybrid Vaporizer","og_description":"Erstklassiges Design und hohe Qualit\u00e4t sind bei STORZ&BICKEL immer vertreten. Aber auch in Bezug auf Funktionalit\u00e4t und Innovation setzt der Hersteller hohe Ma\u00dfst\u00e4be.Der Hersteller ist nun stolz darauf, sein neuestes Modell vorzustellen - den Volcano Hybrid.","og_url":"https:\/\/www.leriff.ch\/de\/produkt\/vaporizer-hybride-volcano\/","og_site_name":"Le Riff","article_publisher":"https:\/\/www.facebook.com\/Leriff.ch","og_image":[{"width":560,"height":560,"url":"https:\/\/www.leriff.ch\/wp-content\/uploads\/2022\/05\/Vaporisateur-hybride-Volcano.jpg","type":"image\/jpeg"}],"twitter_card":"summary_large_image","twitter_misc":{"Gesch\u00e4tzte Lesezeit":"1\u00a0Minute"},"schema":{"@context":"https:\/\/schema.org","@graph":[{"@type":"WebPage","@id":"https:\/\/www.leriff.ch\/de\/produkt\/vaporizer-hybride-volcano\/","url":"https:\/\/www.leriff.ch\/de\/produkt\/vaporizer-hybride-volcano\/","name":"Volcano Hybrid Vaporizer - Le Riff","isPartOf":{"@id":"https:\/\/www.leriff.ch\/de\/#website"},"primaryImageOfPage":{"@id":"https:\/\/www.leriff.ch\/de\/produkt\/vaporizer-hybride-volcano\/#primaryimage"},"image":{"@id":"https:\/\/www.leriff.ch\/de\/produkt\/vaporizer-hybride-volcano\/#primaryimage"},"thumbnailUrl":"https:\/\/www.leriff.ch\/wp-content\/uploads\/2022\/05\/Vaporisateur-hybride-Volcano.jpg","datePublished":"2022-05-04T11:03:48+00:00","description":"Erstklassiges Design und hohe Qualit\u00e4t sind bei STORZ&BICKEL immer vertreten. Aber auch in Bezug auf Funktionalit\u00e4t und Innovation setzt der Hersteller hohe Ma\u00dfst\u00e4be.Der Hersteller ist nun stolz darauf, sein neuestes Modell vorzustellen - den Volcano Hybrid.","breadcrumb":{"@id":"https:\/\/www.leriff.ch\/de\/produkt\/vaporizer-hybride-volcano\/#breadcrumb"},"inLanguage":"de","potentialAction":[{"@type":"ReadAction","target":["https:\/\/www.leriff.ch\/de\/produkt\/vaporizer-hybride-volcano\/"]}]},{"@type":"ImageObject","inLanguage":"de","@id":"https:\/\/www.leriff.ch\/de\/produkt\/vaporizer-hybride-volcano\/#primaryimage","url":"https:\/\/www.leriff.ch\/wp-content\/uploads\/2022\/05\/Vaporisateur-hybride-Volcano.jpg","contentUrl":"https:\/\/www.leriff.ch\/wp-content\/uploads\/2022\/05\/Vaporisateur-hybride-Volcano.jpg","width":560,"height":560,"caption":"Volcano Hybrid Vaporizer"},{"@type":"BreadcrumbList","@id":"https:\/\/www.leriff.ch\/de\/produkt\/vaporizer-hybride-volcano\/#breadcrumb","itemListElement":[{"@type":"ListItem","position":1,"name":"Accueil","item":"https:\/\/www.leriff.ch\/de\/"},{"@type":"ListItem","position":2,"name":"Shop","item":"https:\/\/www.leriff.ch\/de\/geschaeft\/"},{"@type":"ListItem","position":3,"name":"Vaporizer","item":"https:\/\/www.leriff.ch\/de\/categorie-produit\/vaporizer-de\/"},{"@type":"ListItem","position":4,"name":"Volcano Hybrid Vaporizer"}]},{"@type":"WebSite","@id":"https:\/\/www.leriff.ch\/de\/#website","url":"https:\/\/www.leriff.ch\/de\/","name":"Le Riff","description":"Fleurs de Cannabis CBD","publisher":{"@id":"https:\/\/www.leriff.ch\/de\/#organization"},"potentialAction":[{"@type":"SearchAction","target":{"@type":"EntryPoint","urlTemplate":"https:\/\/www.leriff.ch\/de\/?s={search_term_string}"},"query-input":{"@type":"PropertyValueSpecification","valueRequired":true,"valueName":"search_term_string"}}],"inLanguage":"de"},{"@type":"Organization","@id":"https:\/\/www.leriff.ch\/de\/#organization","name":"le riff","url":"https:\/\/www.leriff.ch\/de\/","logo":{"@type":"ImageObject","inLanguage":"de","@id":"https:\/\/www.leriff.ch\/de\/#\/schema\/logo\/image\/","url":"https:\/\/www.leriff.ch\/wp-content\/uploads\/2019\/10\/logo_carre.png","contentUrl":"https:\/\/www.leriff.ch\/wp-content\/uploads\/2019\/10\/logo_carre.png","width":130,"height":130,"caption":"le riff"},"image":{"@id":"https:\/\/www.leriff.ch\/de\/#\/schema\/logo\/image\/"},"sameAs":["https:\/\/www.facebook.com\/Leriff.ch"]}]}},"_links":{"self":[{"href":"https:\/\/www.leriff.ch\/de\/wp-json\/wp\/v2\/product\/40786","targetHints":{"allow":["GET"]}}],"collection":[{"href":"https:\/\/www.leriff.ch\/de\/wp-json\/wp\/v2\/product"}],"about":[{"href":"https:\/\/www.leriff.ch\/de\/wp-json\/wp\/v2\/types\/product"}],"replies":[{"embeddable":true,"href":"https:\/\/www.leriff.ch\/de\/wp-json\/wp\/v2\/comments?post=40786"}],"wp:featuredmedia":[{"embeddable":true,"href":"https:\/\/www.leriff.ch\/de\/wp-json\/wp\/v2\/media\/40590"}],"wp:attachment":[{"href":"https:\/\/www.leriff.ch\/de\/wp-json\/wp\/v2\/media?parent=40786"}],"wp:term":[{"taxonomy":"product_brand","embeddable":true,"href":"https:\/\/www.leriff.ch\/de\/wp-json\/wp\/v2\/product_brand?post=40786"},{"taxonomy":"product_cat","embeddable":true,"href":"https:\/\/www.leriff.ch\/de\/wp-json\/wp\/v2\/product_cat?post=40786"},{"taxonomy":"product_tag","embeddable":true,"href":"https:\/\/www.leriff.ch\/de\/wp-json\/wp\/v2\/product_tag?post=40786"}],"curies":[{"name":"wp","href":"https:\/\/api.w.org\/{rel}","templated":true}]}}