{"id":40790,"date":"2015-05-03T10:19:27","date_gmt":"2022-05-04T12:31:27","guid":{"rendered":"https:\/\/www.leriff.ch\/produit\/volcano-classic-vaporizer-mit-easy-valve-starter-kit\/"},"modified":"2022-05-04T12:31:27","modified_gmt":"2022-05-04T12:31:27","slug":"vaporizer-volcano-classic-mit-easy-valve-starter-kit","status":"publish","type":"product","link":"https:\/\/www.leriff.ch\/de\/produkt\/vaporizer-volcano-classic-mit-easy-valve-starter-kit\/","title":{"rendered":"Volcano Classic Vaporizer mit Easy Valve Starter Kit"},"content":{"rendered":"<p>Seit dem 1. November 2016 gibt es eine wichtige Neuerung f\u00fcr das Easy Valve Starterset: Mithilfe eines Adapters k\u00f6nnen nun auch Ballons ausgetauscht werden, wodurch das Solid Valve Starterset \u00fcberfl\u00fcssig wird.<br \/>\nHier sind die wichtigsten Eigenschaften im Detail :<\/p>\n<p>Wartungsfreier Ballon mit Ventil und Mundst\u00fcck<br \/>\nLeicht und robust<br \/>\nEinfach zu verwenden<br \/>\nOptimiertes Design der F\u00fcllkammer und weniger Kondensation<br \/>\nKompatibel mit Dosierkapseln<br \/>\nWeniger Dampfverlust durch optimierte Abdichtung<br \/>\nNeu: Auswechselbarer Ball<\/p>\n<p>Lieferumfang :<\/p>\n<p>1x Volcano Classic Vaporizer (letzte Serie)<br \/>\n1x ausf\u00fchrliche deutsche Anleitung Volcano Classic<br \/>\n1x Kr\u00e4uterm\u00fchle Volcano Classic Storz and Bickel (M\u00fchle)<br \/>\n2x Luftfilter Volcano Classic<br \/>\n1x Reinigungsb\u00fcrste Volcano Classic<br \/>\n1x Fl\u00fcssigpuffer Volcano Classic<br \/>\n1x Volcano Classic-Siebsatz (mit 6 normalen Sieben)<br \/>\n1x Easy Valve Starter Kit<br \/>\n5x Easy Valve Ventilballons fertig<br \/>\n1x F\u00fcllkammer mit Einsatz und Deckel<\/p>\n<p>Technische Informationen Volcano Classique<\/p>\n<p>Spannung: 220-240V oder 110-120V\/50-60Hz<br \/>\nHeizleistung: 110 W<br \/>\nLeistung der Pumpe: 11 W<br \/>\nTemperaturbereich: 130\u00b0C &#8211; 230\u00b0C<br \/>\nLuftstrom: ca. 12 l\/min<br \/>\nMa\u00dfe: Breite: 20 cm \/ H\u00f6he: 20 cm<\/p>\n","protected":false},"excerpt":{"rendered":"<p>Der Volcano Vaporizer ist \u00e4u\u00dferst vielseitig und kann f\u00fcr eine breite Palette von Aromaanwendungen verwendet werden. Zum Beispiel vom Verdampfen von D\u00fcften und Geschm\u00e4ckern in der Aromatherapie bis hin zur Zubereitung von Getr\u00e4nken. Kr\u00e4uter, Gew\u00fcrze und \u00e4therische \u00d6le werden durch die Temperaturkontrolle sanft erhitzt, sodass nur das reine Aroma verdampft wird. Da die Temperatur immer unter dem Feuerpunkt liegt, wird garantiert, dass niemals Rauch entsteht und nichts verbrannt wird.<\/p>\n","protected":false},"featured_media":40595,"comment_status":"closed","ping_status":"closed","template":"","meta":{"inline_featured_image":false},"product_brand":[],"product_cat":[3168],"product_tag":[],"class_list":{"0":"post-40790","1":"product","2":"type-product","3":"status-publish","4":"has-post-thumbnail","6":"product_cat-vaporizer-de","7":"pa_marque-storz-bickel-de","9":"first","10":"instock","11":"shipping-taxable","12":"purchasable","13":"product-type-simple"},"yoast_head":"<!-- This site is optimized with the Yoast SEO Premium plugin v25.9 (Yoast SEO v27.3) - https:\/\/yoast.com\/product\/yoast-seo-premium-wordpress\/ -->\n<title>Volcano Classic Vaporizer mit Easy Valve Starter Kit - Le Riff<\/title>\n<meta name=\"description\" content=\"Der Volcano Vaporizer ist \u00e4u\u00dferst vielseitig und kann f\u00fcr eine breite Palette von Aromaanwendungen verwendet werden. Zum Beispiel vom Verdampfen von D\u00fcften und Geschm\u00e4ckern in der Aromatherapie bis hin zur Zubereitung von Getr\u00e4nken. Kr\u00e4uter, Gew\u00fcrze und \u00e4therische \u00d6le werden durch die Temperaturkontrolle sanft erhitzt, sodass nur das reine Aroma verdampft wird. Da die Temperatur immer unter dem Feuerpunkt liegt, wird garantiert, dass niemals Rauch entsteht und nichts verbrannt wird.\" \/>\n<meta name=\"robots\" content=\"index, follow, max-snippet:-1, max-image-preview:large, max-video-preview:-1\" \/>\n<link rel=\"canonical\" href=\"https:\/\/www.leriff.ch\/de\/produkt\/vaporizer-volcano-classic-mit-easy-valve-starter-kit\/\" \/>\n<meta property=\"og:locale\" content=\"de_DE\" \/>\n<meta property=\"og:type\" content=\"article\" \/>\n<meta property=\"og:title\" content=\"Volcano Classic Vaporizer mit Easy Valve Starter Kit\" \/>\n<meta property=\"og:description\" content=\"Der Volcano Vaporizer ist \u00e4u\u00dferst vielseitig und kann f\u00fcr eine breite Palette von Aromaanwendungen verwendet werden. Zum Beispiel vom Verdampfen von D\u00fcften und Geschm\u00e4ckern in der Aromatherapie bis hin zur Zubereitung von Getr\u00e4nken. Kr\u00e4uter, Gew\u00fcrze und \u00e4therische \u00d6le werden durch die Temperaturkontrolle sanft erhitzt, sodass nur das reine Aroma verdampft wird. Da die Temperatur immer unter dem Feuerpunkt liegt, wird garantiert, dass niemals Rauch entsteht und nichts verbrannt wird.\" \/>\n<meta property=\"og:url\" content=\"https:\/\/www.leriff.ch\/de\/produkt\/vaporizer-volcano-classic-mit-easy-valve-starter-kit\/\" \/>\n<meta property=\"og:site_name\" content=\"Le Riff\" \/>\n<meta property=\"article:publisher\" content=\"https:\/\/www.facebook.com\/Leriff.ch\" \/>\n<meta property=\"og:image\" content=\"https:\/\/www.leriff.ch\/wp-content\/uploads\/2022\/05\/Vaporisateur-Volcano-Classic-avec-kit-de-demarrage-Easy-Valve.jpg\" \/>\n\t<meta property=\"og:image:width\" content=\"560\" \/>\n\t<meta property=\"og:image:height\" content=\"560\" \/>\n\t<meta property=\"og:image:type\" content=\"image\/jpeg\" \/>\n<meta name=\"twitter:card\" content=\"summary_large_image\" \/>\n<meta name=\"twitter:label1\" content=\"Gesch\u00e4tzte Lesezeit\" \/>\n\t<meta name=\"twitter:data1\" content=\"1\u00a0Minute\" \/>\n<script type=\"application\/ld+json\" class=\"yoast-schema-graph\">{\"@context\":\"https:\\\/\\\/schema.org\",\"@graph\":[{\"@type\":\"WebPage\",\"@id\":\"https:\\\/\\\/www.leriff.ch\\\/de\\\/produkt\\\/vaporizer-volcano-classic-mit-easy-valve-starter-kit\\\/\",\"url\":\"https:\\\/\\\/www.leriff.ch\\\/de\\\/produkt\\\/vaporizer-volcano-classic-mit-easy-valve-starter-kit\\\/\",\"name\":\"Volcano Classic Vaporizer mit Easy Valve Starter Kit - Le Riff\",\"isPartOf\":{\"@id\":\"https:\\\/\\\/www.leriff.ch\\\/de\\\/#website\"},\"primaryImageOfPage\":{\"@id\":\"https:\\\/\\\/www.leriff.ch\\\/de\\\/produkt\\\/vaporizer-volcano-classic-mit-easy-valve-starter-kit\\\/#primaryimage\"},\"image\":{\"@id\":\"https:\\\/\\\/www.leriff.ch\\\/de\\\/produkt\\\/vaporizer-volcano-classic-mit-easy-valve-starter-kit\\\/#primaryimage\"},\"thumbnailUrl\":\"https:\\\/\\\/www.leriff.ch\\\/wp-content\\\/uploads\\\/2022\\\/05\\\/Vaporisateur-Volcano-Classic-avec-kit-de-demarrage-Easy-Valve.jpg\",\"datePublished\":\"2022-05-04T12:31:27+00:00\",\"description\":\"Der Volcano Vaporizer ist \u00e4u\u00dferst vielseitig und kann f\u00fcr eine breite Palette von Aromaanwendungen verwendet werden. Zum Beispiel vom Verdampfen von D\u00fcften und Geschm\u00e4ckern in der Aromatherapie bis hin zur Zubereitung von Getr\u00e4nken. Kr\u00e4uter, Gew\u00fcrze und \u00e4therische \u00d6le werden durch die Temperaturkontrolle sanft erhitzt, sodass nur das reine Aroma verdampft wird. Da die Temperatur immer unter dem Feuerpunkt liegt, wird garantiert, dass niemals Rauch entsteht und nichts verbrannt wird.\",\"breadcrumb\":{\"@id\":\"https:\\\/\\\/www.leriff.ch\\\/de\\\/produkt\\\/vaporizer-volcano-classic-mit-easy-valve-starter-kit\\\/#breadcrumb\"},\"inLanguage\":\"de\",\"potentialAction\":[{\"@type\":\"ReadAction\",\"target\":[\"https:\\\/\\\/www.leriff.ch\\\/de\\\/produkt\\\/vaporizer-volcano-classic-mit-easy-valve-starter-kit\\\/\"]}]},{\"@type\":\"ImageObject\",\"inLanguage\":\"de\",\"@id\":\"https:\\\/\\\/www.leriff.ch\\\/de\\\/produkt\\\/vaporizer-volcano-classic-mit-easy-valve-starter-kit\\\/#primaryimage\",\"url\":\"https:\\\/\\\/www.leriff.ch\\\/wp-content\\\/uploads\\\/2022\\\/05\\\/Vaporisateur-Volcano-Classic-avec-kit-de-demarrage-Easy-Valve.jpg\",\"contentUrl\":\"https:\\\/\\\/www.leriff.ch\\\/wp-content\\\/uploads\\\/2022\\\/05\\\/Vaporisateur-Volcano-Classic-avec-kit-de-demarrage-Easy-Valve.jpg\",\"width\":560,\"height\":560,\"caption\":\"Volcano Classic Vaporizer mit Easy Valve Starter Kit\"},{\"@type\":\"BreadcrumbList\",\"@id\":\"https:\\\/\\\/www.leriff.ch\\\/de\\\/produkt\\\/vaporizer-volcano-classic-mit-easy-valve-starter-kit\\\/#breadcrumb\",\"itemListElement\":[{\"@type\":\"ListItem\",\"position\":1,\"name\":\"Accueil\",\"item\":\"https:\\\/\\\/www.leriff.ch\\\/de\\\/\"},{\"@type\":\"ListItem\",\"position\":2,\"name\":\"Shop\",\"item\":\"https:\\\/\\\/www.leriff.ch\\\/de\\\/geschaeft\\\/\"},{\"@type\":\"ListItem\",\"position\":3,\"name\":\"Vaporizer\",\"item\":\"https:\\\/\\\/www.leriff.ch\\\/de\\\/categorie-produit\\\/vaporizer-de\\\/\"},{\"@type\":\"ListItem\",\"position\":4,\"name\":\"Volcano Classic Vaporizer mit Easy Valve Starter Kit\"}]},{\"@type\":\"WebSite\",\"@id\":\"https:\\\/\\\/www.leriff.ch\\\/de\\\/#website\",\"url\":\"https:\\\/\\\/www.leriff.ch\\\/de\\\/\",\"name\":\"Le Riff\",\"description\":\"Fleurs de Cannabis CBD\",\"publisher\":{\"@id\":\"https:\\\/\\\/www.leriff.ch\\\/de\\\/#organization\"},\"potentialAction\":[{\"@type\":\"SearchAction\",\"target\":{\"@type\":\"EntryPoint\",\"urlTemplate\":\"https:\\\/\\\/www.leriff.ch\\\/de\\\/?s={search_term_string}\"},\"query-input\":{\"@type\":\"PropertyValueSpecification\",\"valueRequired\":true,\"valueName\":\"search_term_string\"}}],\"inLanguage\":\"de\"},{\"@type\":\"Organization\",\"@id\":\"https:\\\/\\\/www.leriff.ch\\\/de\\\/#organization\",\"name\":\"le riff\",\"url\":\"https:\\\/\\\/www.leriff.ch\\\/de\\\/\",\"logo\":{\"@type\":\"ImageObject\",\"inLanguage\":\"de\",\"@id\":\"https:\\\/\\\/www.leriff.ch\\\/de\\\/#\\\/schema\\\/logo\\\/image\\\/\",\"url\":\"https:\\\/\\\/www.leriff.ch\\\/wp-content\\\/uploads\\\/2019\\\/10\\\/logo_carre.png\",\"contentUrl\":\"https:\\\/\\\/www.leriff.ch\\\/wp-content\\\/uploads\\\/2019\\\/10\\\/logo_carre.png\",\"width\":130,\"height\":130,\"caption\":\"le riff\"},\"image\":{\"@id\":\"https:\\\/\\\/www.leriff.ch\\\/de\\\/#\\\/schema\\\/logo\\\/image\\\/\"},\"sameAs\":[\"https:\\\/\\\/www.facebook.com\\\/Leriff.ch\"]}]}<\/script>\n<!-- \/ Yoast SEO Premium plugin. -->","yoast_head_json":{"title":"Volcano Classic Vaporizer mit Easy Valve Starter Kit - Le Riff","description":"Der Volcano Vaporizer ist \u00e4u\u00dferst vielseitig und kann f\u00fcr eine breite Palette von Aromaanwendungen verwendet werden. Zum Beispiel vom Verdampfen von D\u00fcften und Geschm\u00e4ckern in der Aromatherapie bis hin zur Zubereitung von Getr\u00e4nken. Kr\u00e4uter, Gew\u00fcrze und \u00e4therische \u00d6le werden durch die Temperaturkontrolle sanft erhitzt, sodass nur das reine Aroma verdampft wird. Da die Temperatur immer unter dem Feuerpunkt liegt, wird garantiert, dass niemals Rauch entsteht und nichts verbrannt wird.","robots":{"index":"index","follow":"follow","max-snippet":"max-snippet:-1","max-image-preview":"max-image-preview:large","max-video-preview":"max-video-preview:-1"},"canonical":"https:\/\/www.leriff.ch\/de\/produkt\/vaporizer-volcano-classic-mit-easy-valve-starter-kit\/","og_locale":"de_DE","og_type":"article","og_title":"Volcano Classic Vaporizer mit Easy Valve Starter Kit","og_description":"Der Volcano Vaporizer ist \u00e4u\u00dferst vielseitig und kann f\u00fcr eine breite Palette von Aromaanwendungen verwendet werden. Zum Beispiel vom Verdampfen von D\u00fcften und Geschm\u00e4ckern in der Aromatherapie bis hin zur Zubereitung von Getr\u00e4nken. Kr\u00e4uter, Gew\u00fcrze und \u00e4therische \u00d6le werden durch die Temperaturkontrolle sanft erhitzt, sodass nur das reine Aroma verdampft wird. Da die Temperatur immer unter dem Feuerpunkt liegt, wird garantiert, dass niemals Rauch entsteht und nichts verbrannt wird.","og_url":"https:\/\/www.leriff.ch\/de\/produkt\/vaporizer-volcano-classic-mit-easy-valve-starter-kit\/","og_site_name":"Le Riff","article_publisher":"https:\/\/www.facebook.com\/Leriff.ch","og_image":[{"width":560,"height":560,"url":"https:\/\/www.leriff.ch\/wp-content\/uploads\/2022\/05\/Vaporisateur-Volcano-Classic-avec-kit-de-demarrage-Easy-Valve.jpg","type":"image\/jpeg"}],"twitter_card":"summary_large_image","twitter_misc":{"Gesch\u00e4tzte Lesezeit":"1\u00a0Minute"},"schema":{"@context":"https:\/\/schema.org","@graph":[{"@type":"WebPage","@id":"https:\/\/www.leriff.ch\/de\/produkt\/vaporizer-volcano-classic-mit-easy-valve-starter-kit\/","url":"https:\/\/www.leriff.ch\/de\/produkt\/vaporizer-volcano-classic-mit-easy-valve-starter-kit\/","name":"Volcano Classic Vaporizer mit Easy Valve Starter Kit - Le Riff","isPartOf":{"@id":"https:\/\/www.leriff.ch\/de\/#website"},"primaryImageOfPage":{"@id":"https:\/\/www.leriff.ch\/de\/produkt\/vaporizer-volcano-classic-mit-easy-valve-starter-kit\/#primaryimage"},"image":{"@id":"https:\/\/www.leriff.ch\/de\/produkt\/vaporizer-volcano-classic-mit-easy-valve-starter-kit\/#primaryimage"},"thumbnailUrl":"https:\/\/www.leriff.ch\/wp-content\/uploads\/2022\/05\/Vaporisateur-Volcano-Classic-avec-kit-de-demarrage-Easy-Valve.jpg","datePublished":"2022-05-04T12:31:27+00:00","description":"Der Volcano Vaporizer ist \u00e4u\u00dferst vielseitig und kann f\u00fcr eine breite Palette von Aromaanwendungen verwendet werden. Zum Beispiel vom Verdampfen von D\u00fcften und Geschm\u00e4ckern in der Aromatherapie bis hin zur Zubereitung von Getr\u00e4nken. Kr\u00e4uter, Gew\u00fcrze und \u00e4therische \u00d6le werden durch die Temperaturkontrolle sanft erhitzt, sodass nur das reine Aroma verdampft wird. Da die Temperatur immer unter dem Feuerpunkt liegt, wird garantiert, dass niemals Rauch entsteht und nichts verbrannt wird.","breadcrumb":{"@id":"https:\/\/www.leriff.ch\/de\/produkt\/vaporizer-volcano-classic-mit-easy-valve-starter-kit\/#breadcrumb"},"inLanguage":"de","potentialAction":[{"@type":"ReadAction","target":["https:\/\/www.leriff.ch\/de\/produkt\/vaporizer-volcano-classic-mit-easy-valve-starter-kit\/"]}]},{"@type":"ImageObject","inLanguage":"de","@id":"https:\/\/www.leriff.ch\/de\/produkt\/vaporizer-volcano-classic-mit-easy-valve-starter-kit\/#primaryimage","url":"https:\/\/www.leriff.ch\/wp-content\/uploads\/2022\/05\/Vaporisateur-Volcano-Classic-avec-kit-de-demarrage-Easy-Valve.jpg","contentUrl":"https:\/\/www.leriff.ch\/wp-content\/uploads\/2022\/05\/Vaporisateur-Volcano-Classic-avec-kit-de-demarrage-Easy-Valve.jpg","width":560,"height":560,"caption":"Volcano Classic Vaporizer mit Easy Valve Starter Kit"},{"@type":"BreadcrumbList","@id":"https:\/\/www.leriff.ch\/de\/produkt\/vaporizer-volcano-classic-mit-easy-valve-starter-kit\/#breadcrumb","itemListElement":[{"@type":"ListItem","position":1,"name":"Accueil","item":"https:\/\/www.leriff.ch\/de\/"},{"@type":"ListItem","position":2,"name":"Shop","item":"https:\/\/www.leriff.ch\/de\/geschaeft\/"},{"@type":"ListItem","position":3,"name":"Vaporizer","item":"https:\/\/www.leriff.ch\/de\/categorie-produit\/vaporizer-de\/"},{"@type":"ListItem","position":4,"name":"Volcano Classic Vaporizer mit Easy Valve Starter Kit"}]},{"@type":"WebSite","@id":"https:\/\/www.leriff.ch\/de\/#website","url":"https:\/\/www.leriff.ch\/de\/","name":"Le Riff","description":"Fleurs de Cannabis CBD","publisher":{"@id":"https:\/\/www.leriff.ch\/de\/#organization"},"potentialAction":[{"@type":"SearchAction","target":{"@type":"EntryPoint","urlTemplate":"https:\/\/www.leriff.ch\/de\/?s={search_term_string}"},"query-input":{"@type":"PropertyValueSpecification","valueRequired":true,"valueName":"search_term_string"}}],"inLanguage":"de"},{"@type":"Organization","@id":"https:\/\/www.leriff.ch\/de\/#organization","name":"le riff","url":"https:\/\/www.leriff.ch\/de\/","logo":{"@type":"ImageObject","inLanguage":"de","@id":"https:\/\/www.leriff.ch\/de\/#\/schema\/logo\/image\/","url":"https:\/\/www.leriff.ch\/wp-content\/uploads\/2019\/10\/logo_carre.png","contentUrl":"https:\/\/www.leriff.ch\/wp-content\/uploads\/2019\/10\/logo_carre.png","width":130,"height":130,"caption":"le riff"},"image":{"@id":"https:\/\/www.leriff.ch\/de\/#\/schema\/logo\/image\/"},"sameAs":["https:\/\/www.facebook.com\/Leriff.ch"]}]}},"_links":{"self":[{"href":"https:\/\/www.leriff.ch\/de\/wp-json\/wp\/v2\/product\/40790","targetHints":{"allow":["GET"]}}],"collection":[{"href":"https:\/\/www.leriff.ch\/de\/wp-json\/wp\/v2\/product"}],"about":[{"href":"https:\/\/www.leriff.ch\/de\/wp-json\/wp\/v2\/types\/product"}],"replies":[{"embeddable":true,"href":"https:\/\/www.leriff.ch\/de\/wp-json\/wp\/v2\/comments?post=40790"}],"wp:featuredmedia":[{"embeddable":true,"href":"https:\/\/www.leriff.ch\/de\/wp-json\/wp\/v2\/media\/40595"}],"wp:attachment":[{"href":"https:\/\/www.leriff.ch\/de\/wp-json\/wp\/v2\/media?parent=40790"}],"wp:term":[{"taxonomy":"product_brand","embeddable":true,"href":"https:\/\/www.leriff.ch\/de\/wp-json\/wp\/v2\/product_brand?post=40790"},{"taxonomy":"product_cat","embeddable":true,"href":"https:\/\/www.leriff.ch\/de\/wp-json\/wp\/v2\/product_cat?post=40790"},{"taxonomy":"product_tag","embeddable":true,"href":"https:\/\/www.leriff.ch\/de\/wp-json\/wp\/v2\/product_tag?post=40790"}],"curies":[{"name":"wp","href":"https:\/\/api.w.org\/{rel}","templated":true}]}}