{"id":40802,"date":"2015-05-03T13:03:58","date_gmt":"2022-05-05T02:50:54","guid":{"rendered":"https:\/\/www.leriff.ch\/produit\/flowermate-v5-nano-schwarz\/"},"modified":"2022-05-05T02:50:54","modified_gmt":"2022-05-05T02:50:54","slug":"flowermate-v5-nano-schwarz","status":"publish","type":"product","link":"https:\/\/www.leriff.ch\/de\/produkt\/flowermate-v5-nano-schwarz\/","title":{"rendered":"Flowermate V5 Nano Schwarz"},"content":{"rendered":"<p>In einfarbigem Schwarz beeindruckt er optisch durch seine digitale Anzeige und seine angenehme Haptik. Es ist ultraflach und daher sehr unauff\u00e4llig, was es zum perfekten High-End-Ger\u00e4t f\u00fcr unterwegs macht. Das Mundst\u00fcck besteht aus Borosilikatglas und hat einen Schieber.<\/p>\n<p>Der V5 Nano kann eingeschaltet werden, indem du f\u00fcnfmal schnell auf die obere Taste dr\u00fcckst. Die Temperatureinstellungen sind ein weiteres Plus, denn Sie k\u00f6nnen mit dem V5 Nano ganz einfach die gew\u00fcnschte Temperatur von 40\u00b0 bis 230\u00b0 einstellen.<\/p>\n<p>Lieferumfang<\/p>\n<p>Nano-Ger\u00e4t V5<br \/>\nMundst\u00fcck aus Borosilikat<br \/>\nZimmer Fl\u00fcssigkeit\/Wachs aus Bio-Baumwolle<br \/>\nFlowermate 18650 Akku mit einer Kapazit\u00e4t von 2500 mAh<br \/>\nLadestopfen<br \/>\nMittlere H\u00fclse aus rostfreiem Stahl<br \/>\n5 Bildschirme aus rostfreiem Stahl<br \/>\nSamtbeutel<br \/>\nReinigungsb\u00fcrste<br \/>\nUSB-Ladekabel<br \/>\nReinigungs- und Stopfwerkzeug<br \/>\nGebrauchsanweisung<br \/>\nGarantiekarte<\/p>\n","protected":false},"excerpt":{"rendered":"<p>Der edle Schwarze von Flowermate geizt weder mit inneren noch mit \u00e4u\u00dferen Werten. Er ist der gro\u00dfe Bruder des V5 Pro Mini und hat im Gegensatz zu vielen anderen Vaporizern eine austauschbare 18650er Batterie.<\/p>\n","protected":false},"featured_media":40666,"comment_status":"closed","ping_status":"closed","template":"","meta":{"inline_featured_image":false},"product_brand":[],"product_cat":[3168],"product_tag":[],"class_list":{"0":"post-40802","1":"product","2":"type-product","3":"status-publish","4":"has-post-thumbnail","6":"product_cat-vaporizer-de","8":"first","9":"instock","10":"shipping-taxable","11":"purchasable","12":"product-type-simple"},"yoast_head":"<!-- This site is optimized with the Yoast SEO Premium plugin v25.9 (Yoast SEO v27.3) - https:\/\/yoast.com\/product\/yoast-seo-premium-wordpress\/ -->\n<title>Flowermate V5 Nano Schwarz - Le Riff<\/title>\n<meta name=\"description\" content=\"Der edle Schwarze von Flowermate geizt weder mit inneren noch mit \u00e4u\u00dferen Werten. Er ist der gro\u00dfe Bruder des V5 Pro Mini und hat im Gegensatz zu vielen anderen Vaporizern eine austauschbare 18650er Batterie.\" \/>\n<meta name=\"robots\" content=\"index, follow, max-snippet:-1, max-image-preview:large, max-video-preview:-1\" \/>\n<link rel=\"canonical\" href=\"https:\/\/www.leriff.ch\/de\/produkt\/flowermate-v5-nano-schwarz\/\" \/>\n<meta property=\"og:locale\" content=\"de_DE\" \/>\n<meta property=\"og:type\" content=\"article\" \/>\n<meta property=\"og:title\" content=\"Flowermate V5 Nano Schwarz\" \/>\n<meta property=\"og:description\" content=\"Der edle Schwarze von Flowermate geizt weder mit inneren noch mit \u00e4u\u00dferen Werten. Er ist der gro\u00dfe Bruder des V5 Pro Mini und hat im Gegensatz zu vielen anderen Vaporizern eine austauschbare 18650er Batterie.\" \/>\n<meta property=\"og:url\" content=\"https:\/\/www.leriff.ch\/de\/produkt\/flowermate-v5-nano-schwarz\/\" \/>\n<meta property=\"og:site_name\" content=\"Le Riff\" \/>\n<meta property=\"article:publisher\" content=\"https:\/\/www.facebook.com\/Leriff.ch\" \/>\n<meta property=\"og:image\" content=\"https:\/\/www.leriff.ch\/wp-content\/uploads\/2015\/05\/Flowermate-V5-nano-main-vaporisateur.jpg\" \/>\n\t<meta property=\"og:image:width\" content=\"500\" \/>\n\t<meta property=\"og:image:height\" content=\"500\" \/>\n\t<meta property=\"og:image:type\" content=\"image\/jpeg\" \/>\n<meta name=\"twitter:card\" content=\"summary_large_image\" \/>\n<meta name=\"twitter:label1\" content=\"Gesch\u00e4tzte Lesezeit\" \/>\n\t<meta name=\"twitter:data1\" content=\"1\u00a0Minute\" \/>\n<script type=\"application\/ld+json\" class=\"yoast-schema-graph\">{\"@context\":\"https:\\\/\\\/schema.org\",\"@graph\":[{\"@type\":\"WebPage\",\"@id\":\"https:\\\/\\\/www.leriff.ch\\\/de\\\/produkt\\\/flowermate-v5-nano-schwarz\\\/\",\"url\":\"https:\\\/\\\/www.leriff.ch\\\/de\\\/produkt\\\/flowermate-v5-nano-schwarz\\\/\",\"name\":\"Flowermate V5 Nano Schwarz - Le Riff\",\"isPartOf\":{\"@id\":\"https:\\\/\\\/www.leriff.ch\\\/de\\\/#website\"},\"primaryImageOfPage\":{\"@id\":\"https:\\\/\\\/www.leriff.ch\\\/de\\\/produkt\\\/flowermate-v5-nano-schwarz\\\/#primaryimage\"},\"image\":{\"@id\":\"https:\\\/\\\/www.leriff.ch\\\/de\\\/produkt\\\/flowermate-v5-nano-schwarz\\\/#primaryimage\"},\"thumbnailUrl\":\"https:\\\/\\\/www.leriff.ch\\\/wp-content\\\/uploads\\\/2015\\\/05\\\/Flowermate-V5-nano-main-vaporisateur.jpg\",\"datePublished\":\"2022-05-05T02:50:54+00:00\",\"description\":\"Der edle Schwarze von Flowermate geizt weder mit inneren noch mit \u00e4u\u00dferen Werten. Er ist der gro\u00dfe Bruder des V5 Pro Mini und hat im Gegensatz zu vielen anderen Vaporizern eine austauschbare 18650er Batterie.\",\"breadcrumb\":{\"@id\":\"https:\\\/\\\/www.leriff.ch\\\/de\\\/produkt\\\/flowermate-v5-nano-schwarz\\\/#breadcrumb\"},\"inLanguage\":\"de\",\"potentialAction\":[{\"@type\":\"ReadAction\",\"target\":[\"https:\\\/\\\/www.leriff.ch\\\/de\\\/produkt\\\/flowermate-v5-nano-schwarz\\\/\"]}]},{\"@type\":\"ImageObject\",\"inLanguage\":\"de\",\"@id\":\"https:\\\/\\\/www.leriff.ch\\\/de\\\/produkt\\\/flowermate-v5-nano-schwarz\\\/#primaryimage\",\"url\":\"https:\\\/\\\/www.leriff.ch\\\/wp-content\\\/uploads\\\/2015\\\/05\\\/Flowermate-V5-nano-main-vaporisateur.jpg\",\"contentUrl\":\"https:\\\/\\\/www.leriff.ch\\\/wp-content\\\/uploads\\\/2015\\\/05\\\/Flowermate-V5-nano-main-vaporisateur.jpg\",\"width\":500,\"height\":500,\"caption\":\"Flowermate-V5-nano-Hand-Vaporizer\"},{\"@type\":\"BreadcrumbList\",\"@id\":\"https:\\\/\\\/www.leriff.ch\\\/de\\\/produkt\\\/flowermate-v5-nano-schwarz\\\/#breadcrumb\",\"itemListElement\":[{\"@type\":\"ListItem\",\"position\":1,\"name\":\"Accueil\",\"item\":\"https:\\\/\\\/www.leriff.ch\\\/de\\\/\"},{\"@type\":\"ListItem\",\"position\":2,\"name\":\"Shop\",\"item\":\"https:\\\/\\\/www.leriff.ch\\\/de\\\/geschaeft\\\/\"},{\"@type\":\"ListItem\",\"position\":3,\"name\":\"Vaporizer\",\"item\":\"https:\\\/\\\/www.leriff.ch\\\/de\\\/categorie-produit\\\/vaporizer-de\\\/\"},{\"@type\":\"ListItem\",\"position\":4,\"name\":\"Flowermate V5 Nano Schwarz\"}]},{\"@type\":\"WebSite\",\"@id\":\"https:\\\/\\\/www.leriff.ch\\\/de\\\/#website\",\"url\":\"https:\\\/\\\/www.leriff.ch\\\/de\\\/\",\"name\":\"Le Riff\",\"description\":\"Fleurs de Cannabis CBD\",\"publisher\":{\"@id\":\"https:\\\/\\\/www.leriff.ch\\\/de\\\/#organization\"},\"potentialAction\":[{\"@type\":\"SearchAction\",\"target\":{\"@type\":\"EntryPoint\",\"urlTemplate\":\"https:\\\/\\\/www.leriff.ch\\\/de\\\/?s={search_term_string}\"},\"query-input\":{\"@type\":\"PropertyValueSpecification\",\"valueRequired\":true,\"valueName\":\"search_term_string\"}}],\"inLanguage\":\"de\"},{\"@type\":\"Organization\",\"@id\":\"https:\\\/\\\/www.leriff.ch\\\/de\\\/#organization\",\"name\":\"le riff\",\"url\":\"https:\\\/\\\/www.leriff.ch\\\/de\\\/\",\"logo\":{\"@type\":\"ImageObject\",\"inLanguage\":\"de\",\"@id\":\"https:\\\/\\\/www.leriff.ch\\\/de\\\/#\\\/schema\\\/logo\\\/image\\\/\",\"url\":\"https:\\\/\\\/www.leriff.ch\\\/wp-content\\\/uploads\\\/2019\\\/10\\\/logo_carre.png\",\"contentUrl\":\"https:\\\/\\\/www.leriff.ch\\\/wp-content\\\/uploads\\\/2019\\\/10\\\/logo_carre.png\",\"width\":130,\"height\":130,\"caption\":\"le riff\"},\"image\":{\"@id\":\"https:\\\/\\\/www.leriff.ch\\\/de\\\/#\\\/schema\\\/logo\\\/image\\\/\"},\"sameAs\":[\"https:\\\/\\\/www.facebook.com\\\/Leriff.ch\"]}]}<\/script>\n<!-- \/ Yoast SEO Premium plugin. -->","yoast_head_json":{"title":"Flowermate V5 Nano Schwarz - Le Riff","description":"Der edle Schwarze von Flowermate geizt weder mit inneren noch mit \u00e4u\u00dferen Werten. Er ist der gro\u00dfe Bruder des V5 Pro Mini und hat im Gegensatz zu vielen anderen Vaporizern eine austauschbare 18650er Batterie.","robots":{"index":"index","follow":"follow","max-snippet":"max-snippet:-1","max-image-preview":"max-image-preview:large","max-video-preview":"max-video-preview:-1"},"canonical":"https:\/\/www.leriff.ch\/de\/produkt\/flowermate-v5-nano-schwarz\/","og_locale":"de_DE","og_type":"article","og_title":"Flowermate V5 Nano Schwarz","og_description":"Der edle Schwarze von Flowermate geizt weder mit inneren noch mit \u00e4u\u00dferen Werten. Er ist der gro\u00dfe Bruder des V5 Pro Mini und hat im Gegensatz zu vielen anderen Vaporizern eine austauschbare 18650er Batterie.","og_url":"https:\/\/www.leriff.ch\/de\/produkt\/flowermate-v5-nano-schwarz\/","og_site_name":"Le Riff","article_publisher":"https:\/\/www.facebook.com\/Leriff.ch","og_image":[{"width":500,"height":500,"url":"https:\/\/www.leriff.ch\/wp-content\/uploads\/2015\/05\/Flowermate-V5-nano-main-vaporisateur.jpg","type":"image\/jpeg"}],"twitter_card":"summary_large_image","twitter_misc":{"Gesch\u00e4tzte Lesezeit":"1\u00a0Minute"},"schema":{"@context":"https:\/\/schema.org","@graph":[{"@type":"WebPage","@id":"https:\/\/www.leriff.ch\/de\/produkt\/flowermate-v5-nano-schwarz\/","url":"https:\/\/www.leriff.ch\/de\/produkt\/flowermate-v5-nano-schwarz\/","name":"Flowermate V5 Nano Schwarz - Le Riff","isPartOf":{"@id":"https:\/\/www.leriff.ch\/de\/#website"},"primaryImageOfPage":{"@id":"https:\/\/www.leriff.ch\/de\/produkt\/flowermate-v5-nano-schwarz\/#primaryimage"},"image":{"@id":"https:\/\/www.leriff.ch\/de\/produkt\/flowermate-v5-nano-schwarz\/#primaryimage"},"thumbnailUrl":"https:\/\/www.leriff.ch\/wp-content\/uploads\/2015\/05\/Flowermate-V5-nano-main-vaporisateur.jpg","datePublished":"2022-05-05T02:50:54+00:00","description":"Der edle Schwarze von Flowermate geizt weder mit inneren noch mit \u00e4u\u00dferen Werten. Er ist der gro\u00dfe Bruder des V5 Pro Mini und hat im Gegensatz zu vielen anderen Vaporizern eine austauschbare 18650er Batterie.","breadcrumb":{"@id":"https:\/\/www.leriff.ch\/de\/produkt\/flowermate-v5-nano-schwarz\/#breadcrumb"},"inLanguage":"de","potentialAction":[{"@type":"ReadAction","target":["https:\/\/www.leriff.ch\/de\/produkt\/flowermate-v5-nano-schwarz\/"]}]},{"@type":"ImageObject","inLanguage":"de","@id":"https:\/\/www.leriff.ch\/de\/produkt\/flowermate-v5-nano-schwarz\/#primaryimage","url":"https:\/\/www.leriff.ch\/wp-content\/uploads\/2015\/05\/Flowermate-V5-nano-main-vaporisateur.jpg","contentUrl":"https:\/\/www.leriff.ch\/wp-content\/uploads\/2015\/05\/Flowermate-V5-nano-main-vaporisateur.jpg","width":500,"height":500,"caption":"Flowermate-V5-nano-Hand-Vaporizer"},{"@type":"BreadcrumbList","@id":"https:\/\/www.leriff.ch\/de\/produkt\/flowermate-v5-nano-schwarz\/#breadcrumb","itemListElement":[{"@type":"ListItem","position":1,"name":"Accueil","item":"https:\/\/www.leriff.ch\/de\/"},{"@type":"ListItem","position":2,"name":"Shop","item":"https:\/\/www.leriff.ch\/de\/geschaeft\/"},{"@type":"ListItem","position":3,"name":"Vaporizer","item":"https:\/\/www.leriff.ch\/de\/categorie-produit\/vaporizer-de\/"},{"@type":"ListItem","position":4,"name":"Flowermate V5 Nano Schwarz"}]},{"@type":"WebSite","@id":"https:\/\/www.leriff.ch\/de\/#website","url":"https:\/\/www.leriff.ch\/de\/","name":"Le Riff","description":"Fleurs de Cannabis CBD","publisher":{"@id":"https:\/\/www.leriff.ch\/de\/#organization"},"potentialAction":[{"@type":"SearchAction","target":{"@type":"EntryPoint","urlTemplate":"https:\/\/www.leriff.ch\/de\/?s={search_term_string}"},"query-input":{"@type":"PropertyValueSpecification","valueRequired":true,"valueName":"search_term_string"}}],"inLanguage":"de"},{"@type":"Organization","@id":"https:\/\/www.leriff.ch\/de\/#organization","name":"le riff","url":"https:\/\/www.leriff.ch\/de\/","logo":{"@type":"ImageObject","inLanguage":"de","@id":"https:\/\/www.leriff.ch\/de\/#\/schema\/logo\/image\/","url":"https:\/\/www.leriff.ch\/wp-content\/uploads\/2019\/10\/logo_carre.png","contentUrl":"https:\/\/www.leriff.ch\/wp-content\/uploads\/2019\/10\/logo_carre.png","width":130,"height":130,"caption":"le riff"},"image":{"@id":"https:\/\/www.leriff.ch\/de\/#\/schema\/logo\/image\/"},"sameAs":["https:\/\/www.facebook.com\/Leriff.ch"]}]}},"_links":{"self":[{"href":"https:\/\/www.leriff.ch\/de\/wp-json\/wp\/v2\/product\/40802","targetHints":{"allow":["GET"]}}],"collection":[{"href":"https:\/\/www.leriff.ch\/de\/wp-json\/wp\/v2\/product"}],"about":[{"href":"https:\/\/www.leriff.ch\/de\/wp-json\/wp\/v2\/types\/product"}],"replies":[{"embeddable":true,"href":"https:\/\/www.leriff.ch\/de\/wp-json\/wp\/v2\/comments?post=40802"}],"wp:featuredmedia":[{"embeddable":true,"href":"https:\/\/www.leriff.ch\/de\/wp-json\/wp\/v2\/media\/40666"}],"wp:attachment":[{"href":"https:\/\/www.leriff.ch\/de\/wp-json\/wp\/v2\/media?parent=40802"}],"wp:term":[{"taxonomy":"product_brand","embeddable":true,"href":"https:\/\/www.leriff.ch\/de\/wp-json\/wp\/v2\/product_brand?post=40802"},{"taxonomy":"product_cat","embeddable":true,"href":"https:\/\/www.leriff.ch\/de\/wp-json\/wp\/v2\/product_cat?post=40802"},{"taxonomy":"product_tag","embeddable":true,"href":"https:\/\/www.leriff.ch\/de\/wp-json\/wp\/v2\/product_tag?post=40802"}],"curies":[{"name":"wp","href":"https:\/\/api.w.org\/{rel}","templated":true}]}}