{"id":40812,"date":"2015-05-03T12:35:17","date_gmt":"2022-05-05T03:40:58","guid":{"rendered":"https:\/\/www.leriff.ch\/produit\/flowermate-v5-pro-schwarz\/"},"modified":"2022-05-05T03:40:58","modified_gmt":"2022-05-05T03:40:58","slug":"flowermate-v5-pro-schwarz","status":"publish","type":"product","link":"https:\/\/www.leriff.ch\/de\/produkt\/flowermate-v5-pro-schwarz\/","title":{"rendered":"Flowermate V5 Pro Schwarz"},"content":{"rendered":"<p>Er ist der gro\u00dfe Bruder des V5 Nano und verf\u00fcgt als kleines Extra \u00fcber einen Aufbewahrungsort f\u00fcr ein zus\u00e4tzliches Mundst\u00fcck. In einfarbigem Schwarz beeindruckt er optisch durch seine digitale Anzeige und seine angenehme Haptik. Wie das V5 Nano ist es ultraflach und damit sehr unauff\u00e4llig, was es zum perfekten High-End-Nomadenger\u00e4t macht. Das Mundst\u00fcck besteht aus Borosilikatglas.<\/p>\n<p>Pro Batterieladung sind 11 bis 13 Sitzungen denkbar &#8211; je nachdem, wie sich der Zug verh\u00e4lt. Denn der Akku bietet 2600 mAh und ist in etwas weniger als zwei Stunden vollst\u00e4ndig aufgeladen. Die F\u00fcllkammer hat eine F\u00fcllkapazit\u00e4t von 0,3 g.<\/p>\n<p>Der V5 Pro kann eingeschaltet werden, indem du f\u00fcnfmal schnell auf die obere Taste dr\u00fcckst. Die Temperatureinstellungen sind ein weiteres Plus, da du mit dem V5 Pro ganz einfach die gew\u00fcnschte Temperatur von 40\u00b0 bis 230\u00b0 einstellen kannst.<br \/>\nLieferumfang<\/p>\n<p>1 x V5 Pro Vaporizer<br \/>\n1 USB-Kabel<br \/>\n1 * Reinigungsb\u00fcrste<br \/>\n1 x Stopfhilfe<br \/>\n2 Bildschirme<br \/>\n1 * Dosette f\u00fcr Wachs<br \/>\n1 x Kr\u00e4uterschote<br \/>\n1 * Bedienungsanleitung<\/p>\n","protected":false},"excerpt":{"rendered":"<p>Die n\u00e4chste Generation des Flowermate ist da und bietet, wie bei Flowermate \u00fcblich, einfaches und hochwertiges Design in einem. Der edle Schwarze von Flowermate geizt weder mit inneren noch mit \u00e4u\u00dferen Werten.<\/p>\n","protected":false},"featured_media":40639,"comment_status":"closed","ping_status":"closed","template":"","meta":{"inline_featured_image":false},"product_brand":[],"product_cat":[3168],"product_tag":[],"class_list":{"0":"post-40812","1":"product","2":"type-product","3":"status-publish","4":"has-post-thumbnail","6":"product_cat-vaporizer-de","8":"first","9":"instock","10":"shipping-taxable","11":"purchasable","12":"product-type-simple"},"yoast_head":"<!-- This site is optimized with the Yoast SEO Premium plugin v25.9 (Yoast SEO v27.4) - https:\/\/yoast.com\/product\/yoast-seo-premium-wordpress\/ -->\n<title>Flowermate V5 Pro Schwarz - Le Riff<\/title>\n<meta name=\"description\" content=\"Die n\u00e4chste Generation des Flowermate ist da und bietet, wie bei Flowermate \u00fcblich, einfaches Design und Qualit\u00e4t in einem. Der edle Schwarze von Flowermate geizt weder mit inneren noch mit \u00e4u\u00dferen Werten.\" \/>\n<meta name=\"robots\" content=\"index, follow, max-snippet:-1, max-image-preview:large, max-video-preview:-1\" \/>\n<link rel=\"canonical\" href=\"https:\/\/www.leriff.ch\/de\/produkt\/flowermate-v5-pro-schwarz\/\" \/>\n<meta property=\"og:locale\" content=\"de_DE\" \/>\n<meta property=\"og:type\" content=\"article\" \/>\n<meta property=\"og:title\" content=\"Flowermate V5 Pro Schwarz\" \/>\n<meta property=\"og:description\" content=\"Die n\u00e4chste Generation des Flowermate ist da und bietet, wie bei Flowermate \u00fcblich, einfaches Design und Qualit\u00e4t in einem. Der edle Schwarze von Flowermate geizt weder mit inneren noch mit \u00e4u\u00dferen Werten.\" \/>\n<meta property=\"og:url\" content=\"https:\/\/www.leriff.ch\/de\/produkt\/flowermate-v5-pro-schwarz\/\" \/>\n<meta property=\"og:site_name\" content=\"Le Riff\" \/>\n<meta property=\"article:publisher\" content=\"https:\/\/www.facebook.com\/Leriff.ch\" \/>\n<meta property=\"og:image\" content=\"https:\/\/www.leriff.ch\/wp-content\/uploads\/2022\/05\/Flowermate-V5-Pro-Noir.jpg\" \/>\n\t<meta property=\"og:image:width\" content=\"560\" \/>\n\t<meta property=\"og:image:height\" content=\"560\" \/>\n\t<meta property=\"og:image:type\" content=\"image\/jpeg\" \/>\n<meta name=\"twitter:card\" content=\"summary_large_image\" \/>\n<meta name=\"twitter:label1\" content=\"Gesch\u00e4tzte Lesezeit\" \/>\n\t<meta name=\"twitter:data1\" content=\"1\u00a0Minute\" \/>\n<script type=\"application\/ld+json\" class=\"yoast-schema-graph\">{\"@context\":\"https:\\\/\\\/schema.org\",\"@graph\":[{\"@type\":\"WebPage\",\"@id\":\"https:\\\/\\\/www.leriff.ch\\\/de\\\/produkt\\\/flowermate-v5-pro-schwarz\\\/\",\"url\":\"https:\\\/\\\/www.leriff.ch\\\/de\\\/produkt\\\/flowermate-v5-pro-schwarz\\\/\",\"name\":\"Flowermate V5 Pro Schwarz - Le Riff\",\"isPartOf\":{\"@id\":\"https:\\\/\\\/www.leriff.ch\\\/de\\\/#website\"},\"primaryImageOfPage\":{\"@id\":\"https:\\\/\\\/www.leriff.ch\\\/de\\\/produkt\\\/flowermate-v5-pro-schwarz\\\/#primaryimage\"},\"image\":{\"@id\":\"https:\\\/\\\/www.leriff.ch\\\/de\\\/produkt\\\/flowermate-v5-pro-schwarz\\\/#primaryimage\"},\"thumbnailUrl\":\"https:\\\/\\\/www.leriff.ch\\\/wp-content\\\/uploads\\\/2022\\\/05\\\/Flowermate-V5-Pro-Noir.jpg\",\"datePublished\":\"2022-05-05T03:40:58+00:00\",\"description\":\"Die n\u00e4chste Generation des Flowermate ist da und bietet, wie bei Flowermate \u00fcblich, einfaches Design und Qualit\u00e4t in einem. Der edle Schwarze von Flowermate geizt weder mit inneren noch mit \u00e4u\u00dferen Werten.\",\"breadcrumb\":{\"@id\":\"https:\\\/\\\/www.leriff.ch\\\/de\\\/produkt\\\/flowermate-v5-pro-schwarz\\\/#breadcrumb\"},\"inLanguage\":\"de\",\"potentialAction\":[{\"@type\":\"ReadAction\",\"target\":[\"https:\\\/\\\/www.leriff.ch\\\/de\\\/produkt\\\/flowermate-v5-pro-schwarz\\\/\"]}]},{\"@type\":\"ImageObject\",\"inLanguage\":\"de\",\"@id\":\"https:\\\/\\\/www.leriff.ch\\\/de\\\/produkt\\\/flowermate-v5-pro-schwarz\\\/#primaryimage\",\"url\":\"https:\\\/\\\/www.leriff.ch\\\/wp-content\\\/uploads\\\/2022\\\/05\\\/Flowermate-V5-Pro-Noir.jpg\",\"contentUrl\":\"https:\\\/\\\/www.leriff.ch\\\/wp-content\\\/uploads\\\/2022\\\/05\\\/Flowermate-V5-Pro-Noir.jpg\",\"width\":560,\"height\":560},{\"@type\":\"BreadcrumbList\",\"@id\":\"https:\\\/\\\/www.leriff.ch\\\/de\\\/produkt\\\/flowermate-v5-pro-schwarz\\\/#breadcrumb\",\"itemListElement\":[{\"@type\":\"ListItem\",\"position\":1,\"name\":\"Accueil\",\"item\":\"https:\\\/\\\/www.leriff.ch\\\/de\\\/\"},{\"@type\":\"ListItem\",\"position\":2,\"name\":\"Shop\",\"item\":\"https:\\\/\\\/www.leriff.ch\\\/de\\\/geschaeft\\\/\"},{\"@type\":\"ListItem\",\"position\":3,\"name\":\"Vaporizer\",\"item\":\"https:\\\/\\\/www.leriff.ch\\\/de\\\/categorie-produit\\\/vaporizer-de\\\/\"},{\"@type\":\"ListItem\",\"position\":4,\"name\":\"Flowermate V5 Pro Schwarz\"}]},{\"@type\":\"WebSite\",\"@id\":\"https:\\\/\\\/www.leriff.ch\\\/de\\\/#website\",\"url\":\"https:\\\/\\\/www.leriff.ch\\\/de\\\/\",\"name\":\"Le Riff\",\"description\":\"Fleurs de Cannabis CBD\",\"publisher\":{\"@id\":\"https:\\\/\\\/www.leriff.ch\\\/de\\\/#organization\"},\"potentialAction\":[{\"@type\":\"SearchAction\",\"target\":{\"@type\":\"EntryPoint\",\"urlTemplate\":\"https:\\\/\\\/www.leriff.ch\\\/de\\\/?s={search_term_string}\"},\"query-input\":{\"@type\":\"PropertyValueSpecification\",\"valueRequired\":true,\"valueName\":\"search_term_string\"}}],\"inLanguage\":\"de\"},{\"@type\":\"Organization\",\"@id\":\"https:\\\/\\\/www.leriff.ch\\\/de\\\/#organization\",\"name\":\"le riff\",\"url\":\"https:\\\/\\\/www.leriff.ch\\\/de\\\/\",\"logo\":{\"@type\":\"ImageObject\",\"inLanguage\":\"de\",\"@id\":\"https:\\\/\\\/www.leriff.ch\\\/de\\\/#\\\/schema\\\/logo\\\/image\\\/\",\"url\":\"https:\\\/\\\/www.leriff.ch\\\/wp-content\\\/uploads\\\/2019\\\/10\\\/logo_carre.png\",\"contentUrl\":\"https:\\\/\\\/www.leriff.ch\\\/wp-content\\\/uploads\\\/2019\\\/10\\\/logo_carre.png\",\"width\":130,\"height\":130,\"caption\":\"le riff\"},\"image\":{\"@id\":\"https:\\\/\\\/www.leriff.ch\\\/de\\\/#\\\/schema\\\/logo\\\/image\\\/\"},\"sameAs\":[\"https:\\\/\\\/www.facebook.com\\\/Leriff.ch\"]}]}<\/script>\n<!-- \/ Yoast SEO Premium plugin. -->","yoast_head_json":{"title":"Flowermate V5 Pro Schwarz - Le Riff","description":"Die n\u00e4chste Generation des Flowermate ist da und bietet, wie bei Flowermate \u00fcblich, einfaches Design und Qualit\u00e4t in einem. Der edle Schwarze von Flowermate geizt weder mit inneren noch mit \u00e4u\u00dferen Werten.","robots":{"index":"index","follow":"follow","max-snippet":"max-snippet:-1","max-image-preview":"max-image-preview:large","max-video-preview":"max-video-preview:-1"},"canonical":"https:\/\/www.leriff.ch\/de\/produkt\/flowermate-v5-pro-schwarz\/","og_locale":"de_DE","og_type":"article","og_title":"Flowermate V5 Pro Schwarz","og_description":"Die n\u00e4chste Generation des Flowermate ist da und bietet, wie bei Flowermate \u00fcblich, einfaches Design und Qualit\u00e4t in einem. Der edle Schwarze von Flowermate geizt weder mit inneren noch mit \u00e4u\u00dferen Werten.","og_url":"https:\/\/www.leriff.ch\/de\/produkt\/flowermate-v5-pro-schwarz\/","og_site_name":"Le Riff","article_publisher":"https:\/\/www.facebook.com\/Leriff.ch","og_image":[{"width":560,"height":560,"url":"https:\/\/www.leriff.ch\/wp-content\/uploads\/2022\/05\/Flowermate-V5-Pro-Noir.jpg","type":"image\/jpeg"}],"twitter_card":"summary_large_image","twitter_misc":{"Gesch\u00e4tzte Lesezeit":"1\u00a0Minute"},"schema":{"@context":"https:\/\/schema.org","@graph":[{"@type":"WebPage","@id":"https:\/\/www.leriff.ch\/de\/produkt\/flowermate-v5-pro-schwarz\/","url":"https:\/\/www.leriff.ch\/de\/produkt\/flowermate-v5-pro-schwarz\/","name":"Flowermate V5 Pro Schwarz - Le Riff","isPartOf":{"@id":"https:\/\/www.leriff.ch\/de\/#website"},"primaryImageOfPage":{"@id":"https:\/\/www.leriff.ch\/de\/produkt\/flowermate-v5-pro-schwarz\/#primaryimage"},"image":{"@id":"https:\/\/www.leriff.ch\/de\/produkt\/flowermate-v5-pro-schwarz\/#primaryimage"},"thumbnailUrl":"https:\/\/www.leriff.ch\/wp-content\/uploads\/2022\/05\/Flowermate-V5-Pro-Noir.jpg","datePublished":"2022-05-05T03:40:58+00:00","description":"Die n\u00e4chste Generation des Flowermate ist da und bietet, wie bei Flowermate \u00fcblich, einfaches Design und Qualit\u00e4t in einem. Der edle Schwarze von Flowermate geizt weder mit inneren noch mit \u00e4u\u00dferen Werten.","breadcrumb":{"@id":"https:\/\/www.leriff.ch\/de\/produkt\/flowermate-v5-pro-schwarz\/#breadcrumb"},"inLanguage":"de","potentialAction":[{"@type":"ReadAction","target":["https:\/\/www.leriff.ch\/de\/produkt\/flowermate-v5-pro-schwarz\/"]}]},{"@type":"ImageObject","inLanguage":"de","@id":"https:\/\/www.leriff.ch\/de\/produkt\/flowermate-v5-pro-schwarz\/#primaryimage","url":"https:\/\/www.leriff.ch\/wp-content\/uploads\/2022\/05\/Flowermate-V5-Pro-Noir.jpg","contentUrl":"https:\/\/www.leriff.ch\/wp-content\/uploads\/2022\/05\/Flowermate-V5-Pro-Noir.jpg","width":560,"height":560},{"@type":"BreadcrumbList","@id":"https:\/\/www.leriff.ch\/de\/produkt\/flowermate-v5-pro-schwarz\/#breadcrumb","itemListElement":[{"@type":"ListItem","position":1,"name":"Accueil","item":"https:\/\/www.leriff.ch\/de\/"},{"@type":"ListItem","position":2,"name":"Shop","item":"https:\/\/www.leriff.ch\/de\/geschaeft\/"},{"@type":"ListItem","position":3,"name":"Vaporizer","item":"https:\/\/www.leriff.ch\/de\/categorie-produit\/vaporizer-de\/"},{"@type":"ListItem","position":4,"name":"Flowermate V5 Pro Schwarz"}]},{"@type":"WebSite","@id":"https:\/\/www.leriff.ch\/de\/#website","url":"https:\/\/www.leriff.ch\/de\/","name":"Le Riff","description":"Fleurs de Cannabis CBD","publisher":{"@id":"https:\/\/www.leriff.ch\/de\/#organization"},"potentialAction":[{"@type":"SearchAction","target":{"@type":"EntryPoint","urlTemplate":"https:\/\/www.leriff.ch\/de\/?s={search_term_string}"},"query-input":{"@type":"PropertyValueSpecification","valueRequired":true,"valueName":"search_term_string"}}],"inLanguage":"de"},{"@type":"Organization","@id":"https:\/\/www.leriff.ch\/de\/#organization","name":"le riff","url":"https:\/\/www.leriff.ch\/de\/","logo":{"@type":"ImageObject","inLanguage":"de","@id":"https:\/\/www.leriff.ch\/de\/#\/schema\/logo\/image\/","url":"https:\/\/www.leriff.ch\/wp-content\/uploads\/2019\/10\/logo_carre.png","contentUrl":"https:\/\/www.leriff.ch\/wp-content\/uploads\/2019\/10\/logo_carre.png","width":130,"height":130,"caption":"le riff"},"image":{"@id":"https:\/\/www.leriff.ch\/de\/#\/schema\/logo\/image\/"},"sameAs":["https:\/\/www.facebook.com\/Leriff.ch"]}]}},"_links":{"self":[{"href":"https:\/\/www.leriff.ch\/de\/wp-json\/wp\/v2\/product\/40812","targetHints":{"allow":["GET"]}}],"collection":[{"href":"https:\/\/www.leriff.ch\/de\/wp-json\/wp\/v2\/product"}],"about":[{"href":"https:\/\/www.leriff.ch\/de\/wp-json\/wp\/v2\/types\/product"}],"replies":[{"embeddable":true,"href":"https:\/\/www.leriff.ch\/de\/wp-json\/wp\/v2\/comments?post=40812"}],"wp:featuredmedia":[{"embeddable":true,"href":"https:\/\/www.leriff.ch\/de\/wp-json\/wp\/v2\/media\/40639"}],"wp:attachment":[{"href":"https:\/\/www.leriff.ch\/de\/wp-json\/wp\/v2\/media?parent=40812"}],"wp:term":[{"taxonomy":"product_brand","embeddable":true,"href":"https:\/\/www.leriff.ch\/de\/wp-json\/wp\/v2\/product_brand?post=40812"},{"taxonomy":"product_cat","embeddable":true,"href":"https:\/\/www.leriff.ch\/de\/wp-json\/wp\/v2\/product_cat?post=40812"},{"taxonomy":"product_tag","embeddable":true,"href":"https:\/\/www.leriff.ch\/de\/wp-json\/wp\/v2\/product_tag?post=40812"}],"curies":[{"name":"wp","href":"https:\/\/api.w.org\/{rel}","templated":true}]}}