{"id":40815,"date":"2015-05-03T12:25:27","date_gmt":"2022-05-05T04:27:40","guid":{"rendered":"https:\/\/www.leriff.ch\/produit\/pax-3-vaporizer-komplettset-amber\/"},"modified":"2022-05-05T04:27:40","modified_gmt":"2022-05-05T04:27:40","slug":"set-kompletter-vaporizer-pax-3-amber","status":"publish","type":"product","link":"https:\/\/www.leriff.ch\/de\/produkt\/set-kompletter-vaporizer-pax-3-amber\/","title":{"rendered":"PAX 3 Vaporizer Komplettset Amber"},"content":{"rendered":"<p>Aufgrund der verbesserten Leistung des Akkus konnte ein neues Heizelement eingebaut werden, das die doppelte Ausgangsleistung des PAX 2 bringt.<\/p>\n<p>Dar\u00fcber hinaus besteht der PAX 3 wie sein Vorg\u00e4nger vollst\u00e4ndig aus hochwertigen Materialien. Das Design bleibt das beliebte und vereinfachte Aluminium, aber diesmal kommt es mit einer gl\u00e4nzenden Oberfl\u00e4che.<\/p>\n<p>Die Bedienung ist ebenso luxuri\u00f6s, denn der PAX 3 vibriert sanft, wenn das Ger\u00e4t zum Dampfen bereit ist, und das Echtzeit-LED-Feedback l\u00e4sst das Ger\u00e4t fast lebendig wirken. Auch die Sensoren wurden verbessert, z. B. die Lippen- und Bewegungssensoren.<br \/>\nDie Aktivierungstaste bleibt oben auf dem Ger\u00e4t in der N\u00e4he des Mundst\u00fccks und wird wie bisher mit einem einfachen Druck bet\u00e4tigt. Ein l\u00e4ngerer Druck \u00e4ndert die Temperatureinstellung, die vier Stufen umfasst und durch einen einfachen Druck best\u00e4tigt wird.<\/p>\n<p>Ein leichtes Sch\u00fctteln des Ger\u00e4ts zeigt den Akkustand an, wobei das Kreuz auf dem PAX 3 teilweise oder vollst\u00e4ndig beleuchtet ist. \u00dcbrigens leuchtet es in sanftem Violett, wenn es erhitzt wird, und gr\u00fcn, wenn es fertig ist.<\/p>\n<p>Der PAX 3 wird au\u00dferdem mit drei verschiedenen Eins\u00e4tzen geliefert; zwei zum Vaporisieren mit getrockneten Kr\u00e4utern (mit verschiedenen F\u00fcllst\u00e4nden des Ger\u00e4ts) und einer zum Vaporisieren mit Konzentraten oder Wachsen. Eine sch\u00f6ne Sitzung kann mit nur wenigen Kr\u00e4utern erreicht werden.<\/p>\n<p>PAX hat seinen neuen Vaporizer auch mit einer Smartphone-App ausgestattet, die noch pr\u00e4zisere Einstellungen und Anpassungen erm\u00f6glicht. Es k\u00f6nnen verschiedene Profile erstellt und nach Belieben angepasst werden. Das Ger\u00e4t kann einfach mit der App verbunden werden und auch kleine Einstellungen, wie z. B. die Helligkeit der LEDs, k\u00f6nnen vorgenommen werden. Auch Updates werden nahtlos \u00fcber die App ausgef\u00fchrt, was die Handhabung vereinfacht.<\/p>\n<p>Der PAX 3 erf\u00fcllt alle Bed\u00fcrfnisse eines Dampfers mit Eleganz und Haltbarkeit.<\/p>\n<p>&nbsp;<\/p>\n<p>Details:<\/p>\n<p>Aufw\u00e4rmzeit: 15 Sekunden<br \/>\nVaporisieren m\u00f6glich mit: getrockneten Kr\u00e4utern, Wachsen und Konzentraten.<br \/>\nEins\u00e4tze f\u00fcr : Volle Kammer (Kr\u00e4uter), Halbgef\u00fcllte Kammer (Kr\u00e4uter), Konzentrate oder Wachse<br \/>\n3500mAh-Akku<br \/>\nInterner Bewegungssensor f\u00fcr intelligentes Sparen von Energie und F\u00fcllmaterial<br \/>\nLippensensor<br \/>\nHolistische LED-Anzeige<br \/>\nKostenlose Smartphone-App f\u00fcr iPhone und Android. F\u00fcr weitere Einstellungen und Profile<br \/>\nGeh\u00e4use aus gl\u00e4nzendem Aluminium<br \/>\nZubeh\u00f6r: Ladestation, Multitool, 2x Mundst\u00fcck (1x hoch, 1x flach) und 3x Sieb und Gebrauchsanweisung (Deutsch und Englisch)<br \/>\n10 Jahre Herstellergarantie<\/p>\n<p>Lieferumfang :<\/p>\n<p>3 Bildschirme<br \/>\n2 Deckel f\u00fcr das Zimmer<br \/>\n2 Mundst\u00fccke<br \/>\nPAX 3 Vaporizer<br \/>\n1 Einsatz Konzentrat<br \/>\n1 Ladekabel + Station<br \/>\n1 Pflegeset<br \/>\n1 Multitool<\/p>\n","protected":false},"excerpt":{"rendered":"<p>PAX 3 erstrahlt nicht nur in neuen Farben, sondern bringt auch einige Verbesserungen mit sich. Das gute St\u00fcck heizt sich jetzt in 15 Sekunden auf und bietet ein starkes und schmackhaftes Dampferlebnis.<\/p>\n","protected":false},"featured_media":40634,"comment_status":"closed","ping_status":"closed","template":"","meta":{"inline_featured_image":false},"product_brand":[],"product_cat":[3168],"product_tag":[],"class_list":{"0":"post-40815","1":"product","2":"type-product","3":"status-publish","4":"has-post-thumbnail","6":"product_cat-vaporizer-de","7":"pa_marque-pax-de","9":"first","10":"outofstock","11":"shipping-taxable","12":"purchasable","13":"product-type-simple"},"yoast_head":"<!-- This site is optimized with the Yoast SEO Premium plugin v25.9 (Yoast SEO v27.2) - https:\/\/yoast.com\/product\/yoast-seo-premium-wordpress\/ -->\n<title>PAX 3 Vaporizer Komplettset Amber - Le Riff<\/title>\n<meta name=\"description\" content=\"PAX 3 erstrahlt nicht nur in neuen Farben, sondern bringt auch einige Verbesserungen mit sich. Das gute St\u00fcck heizt sich jetzt in 15 Sekunden auf und bietet ein starkes und schmackhaftes Dampferlebnis.\" \/>\n<meta name=\"robots\" content=\"index, follow, max-snippet:-1, max-image-preview:large, max-video-preview:-1\" \/>\n<link rel=\"canonical\" href=\"https:\/\/www.leriff.ch\/de\/produkt\/set-kompletter-vaporizer-pax-3-amber\/\" \/>\n<meta property=\"og:locale\" content=\"de_DE\" \/>\n<meta property=\"og:type\" content=\"article\" \/>\n<meta property=\"og:title\" content=\"PAX 3 Vaporizer Komplettset Amber\" \/>\n<meta property=\"og:description\" content=\"PAX 3 erstrahlt nicht nur in neuen Farben, sondern bringt auch einige Verbesserungen mit sich. Das gute St\u00fcck heizt sich jetzt in 15 Sekunden auf und bietet ein starkes und schmackhaftes Dampferlebnis.\" \/>\n<meta property=\"og:url\" content=\"https:\/\/www.leriff.ch\/de\/produkt\/set-kompletter-vaporizer-pax-3-amber\/\" \/>\n<meta property=\"og:site_name\" content=\"Le Riff\" \/>\n<meta property=\"article:publisher\" content=\"https:\/\/www.facebook.com\/Leriff.ch\" \/>\n<meta property=\"og:image\" content=\"https:\/\/www.leriff.ch\/wp-content\/uploads\/2022\/05\/Set-Complet-Vaporisateur-PAX-3-Ambre.jpg\" \/>\n\t<meta property=\"og:image:width\" content=\"600\" \/>\n\t<meta property=\"og:image:height\" content=\"600\" \/>\n\t<meta property=\"og:image:type\" content=\"image\/jpeg\" \/>\n<meta name=\"twitter:card\" content=\"summary_large_image\" \/>\n<meta name=\"twitter:label1\" content=\"Gesch\u00e4tzte Lesezeit\" \/>\n\t<meta name=\"twitter:data1\" content=\"2\u00a0Minuten\" \/>\n<script type=\"application\/ld+json\" class=\"yoast-schema-graph\">{\"@context\":\"https:\/\/schema.org\",\"@graph\":[{\"@type\":\"WebPage\",\"@id\":\"https:\/\/www.leriff.ch\/de\/produkt\/set-kompletter-vaporizer-pax-3-amber\/\",\"url\":\"https:\/\/www.leriff.ch\/de\/produkt\/set-kompletter-vaporizer-pax-3-amber\/\",\"name\":\"PAX 3 Vaporizer Komplettset Amber - Le Riff\",\"isPartOf\":{\"@id\":\"https:\/\/www.leriff.ch\/de\/#website\"},\"primaryImageOfPage\":{\"@id\":\"https:\/\/www.leriff.ch\/de\/produkt\/set-kompletter-vaporizer-pax-3-amber\/#primaryimage\"},\"image\":{\"@id\":\"https:\/\/www.leriff.ch\/de\/produkt\/set-kompletter-vaporizer-pax-3-amber\/#primaryimage\"},\"thumbnailUrl\":\"https:\/\/www.leriff.ch\/wp-content\/uploads\/2022\/05\/Set-Complet-Vaporisateur-PAX-3-Ambre.jpg\",\"datePublished\":\"2022-05-05T04:27:40+00:00\",\"description\":\"PAX 3 erstrahlt nicht nur in neuen Farben, sondern bringt auch einige Verbesserungen mit sich. Das gute St\u00fcck heizt sich jetzt in 15 Sekunden auf und bietet ein starkes und schmackhaftes Dampferlebnis.\",\"breadcrumb\":{\"@id\":\"https:\/\/www.leriff.ch\/de\/produkt\/set-kompletter-vaporizer-pax-3-amber\/#breadcrumb\"},\"inLanguage\":\"de\",\"potentialAction\":[{\"@type\":\"ReadAction\",\"target\":[\"https:\/\/www.leriff.ch\/de\/produkt\/set-kompletter-vaporizer-pax-3-amber\/\"]}]},{\"@type\":\"ImageObject\",\"inLanguage\":\"de\",\"@id\":\"https:\/\/www.leriff.ch\/de\/produkt\/set-kompletter-vaporizer-pax-3-amber\/#primaryimage\",\"url\":\"https:\/\/www.leriff.ch\/wp-content\/uploads\/2022\/05\/Set-Complet-Vaporisateur-PAX-3-Ambre.jpg\",\"contentUrl\":\"https:\/\/www.leriff.ch\/wp-content\/uploads\/2022\/05\/Set-Complet-Vaporisateur-PAX-3-Ambre.jpg\",\"width\":600,\"height\":600,\"caption\":\"PAX 3 Vaporizer Komplettset Amber\"},{\"@type\":\"BreadcrumbList\",\"@id\":\"https:\/\/www.leriff.ch\/de\/produkt\/set-kompletter-vaporizer-pax-3-amber\/#breadcrumb\",\"itemListElement\":[{\"@type\":\"ListItem\",\"position\":1,\"name\":\"Accueil\",\"item\":\"https:\/\/www.leriff.ch\/de\/\"},{\"@type\":\"ListItem\",\"position\":2,\"name\":\"Shop\",\"item\":\"https:\/\/www.leriff.ch\/de\/geschaeft\/\"},{\"@type\":\"ListItem\",\"position\":3,\"name\":\"Vaporizer\",\"item\":\"https:\/\/www.leriff.ch\/de\/categorie-produit\/vaporizer-de\/\"},{\"@type\":\"ListItem\",\"position\":4,\"name\":\"PAX 3 Vaporizer Komplettset Amber\"}]},{\"@type\":\"WebSite\",\"@id\":\"https:\/\/www.leriff.ch\/de\/#website\",\"url\":\"https:\/\/www.leriff.ch\/de\/\",\"name\":\"Le Riff\",\"description\":\"Fleurs de Cannabis CBD\",\"publisher\":{\"@id\":\"https:\/\/www.leriff.ch\/de\/#organization\"},\"potentialAction\":[{\"@type\":\"SearchAction\",\"target\":{\"@type\":\"EntryPoint\",\"urlTemplate\":\"https:\/\/www.leriff.ch\/de\/?s={search_term_string}\"},\"query-input\":{\"@type\":\"PropertyValueSpecification\",\"valueRequired\":true,\"valueName\":\"search_term_string\"}}],\"inLanguage\":\"de\"},{\"@type\":\"Organization\",\"@id\":\"https:\/\/www.leriff.ch\/de\/#organization\",\"name\":\"le riff\",\"url\":\"https:\/\/www.leriff.ch\/de\/\",\"logo\":{\"@type\":\"ImageObject\",\"inLanguage\":\"de\",\"@id\":\"https:\/\/www.leriff.ch\/de\/#\/schema\/logo\/image\/\",\"url\":\"https:\/\/www.leriff.ch\/wp-content\/uploads\/2019\/10\/logo_carre.png\",\"contentUrl\":\"https:\/\/www.leriff.ch\/wp-content\/uploads\/2019\/10\/logo_carre.png\",\"width\":130,\"height\":130,\"caption\":\"le riff\"},\"image\":{\"@id\":\"https:\/\/www.leriff.ch\/de\/#\/schema\/logo\/image\/\"},\"sameAs\":[\"https:\/\/www.facebook.com\/Leriff.ch\"]}]}<\/script>\n<!-- \/ Yoast SEO Premium plugin. -->","yoast_head_json":{"title":"PAX 3 Vaporizer Komplettset Amber - Le Riff","description":"PAX 3 erstrahlt nicht nur in neuen Farben, sondern bringt auch einige Verbesserungen mit sich. Das gute St\u00fcck heizt sich jetzt in 15 Sekunden auf und bietet ein starkes und schmackhaftes Dampferlebnis.","robots":{"index":"index","follow":"follow","max-snippet":"max-snippet:-1","max-image-preview":"max-image-preview:large","max-video-preview":"max-video-preview:-1"},"canonical":"https:\/\/www.leriff.ch\/de\/produkt\/set-kompletter-vaporizer-pax-3-amber\/","og_locale":"de_DE","og_type":"article","og_title":"PAX 3 Vaporizer Komplettset Amber","og_description":"PAX 3 erstrahlt nicht nur in neuen Farben, sondern bringt auch einige Verbesserungen mit sich. Das gute St\u00fcck heizt sich jetzt in 15 Sekunden auf und bietet ein starkes und schmackhaftes Dampferlebnis.","og_url":"https:\/\/www.leriff.ch\/de\/produkt\/set-kompletter-vaporizer-pax-3-amber\/","og_site_name":"Le Riff","article_publisher":"https:\/\/www.facebook.com\/Leriff.ch","og_image":[{"width":600,"height":600,"url":"https:\/\/www.leriff.ch\/wp-content\/uploads\/2022\/05\/Set-Complet-Vaporisateur-PAX-3-Ambre.jpg","type":"image\/jpeg"}],"twitter_card":"summary_large_image","twitter_misc":{"Gesch\u00e4tzte Lesezeit":"2\u00a0Minuten"},"schema":{"@context":"https:\/\/schema.org","@graph":[{"@type":"WebPage","@id":"https:\/\/www.leriff.ch\/de\/produkt\/set-kompletter-vaporizer-pax-3-amber\/","url":"https:\/\/www.leriff.ch\/de\/produkt\/set-kompletter-vaporizer-pax-3-amber\/","name":"PAX 3 Vaporizer Komplettset Amber - Le Riff","isPartOf":{"@id":"https:\/\/www.leriff.ch\/de\/#website"},"primaryImageOfPage":{"@id":"https:\/\/www.leriff.ch\/de\/produkt\/set-kompletter-vaporizer-pax-3-amber\/#primaryimage"},"image":{"@id":"https:\/\/www.leriff.ch\/de\/produkt\/set-kompletter-vaporizer-pax-3-amber\/#primaryimage"},"thumbnailUrl":"https:\/\/www.leriff.ch\/wp-content\/uploads\/2022\/05\/Set-Complet-Vaporisateur-PAX-3-Ambre.jpg","datePublished":"2022-05-05T04:27:40+00:00","description":"PAX 3 erstrahlt nicht nur in neuen Farben, sondern bringt auch einige Verbesserungen mit sich. Das gute St\u00fcck heizt sich jetzt in 15 Sekunden auf und bietet ein starkes und schmackhaftes Dampferlebnis.","breadcrumb":{"@id":"https:\/\/www.leriff.ch\/de\/produkt\/set-kompletter-vaporizer-pax-3-amber\/#breadcrumb"},"inLanguage":"de","potentialAction":[{"@type":"ReadAction","target":["https:\/\/www.leriff.ch\/de\/produkt\/set-kompletter-vaporizer-pax-3-amber\/"]}]},{"@type":"ImageObject","inLanguage":"de","@id":"https:\/\/www.leriff.ch\/de\/produkt\/set-kompletter-vaporizer-pax-3-amber\/#primaryimage","url":"https:\/\/www.leriff.ch\/wp-content\/uploads\/2022\/05\/Set-Complet-Vaporisateur-PAX-3-Ambre.jpg","contentUrl":"https:\/\/www.leriff.ch\/wp-content\/uploads\/2022\/05\/Set-Complet-Vaporisateur-PAX-3-Ambre.jpg","width":600,"height":600,"caption":"PAX 3 Vaporizer Komplettset Amber"},{"@type":"BreadcrumbList","@id":"https:\/\/www.leriff.ch\/de\/produkt\/set-kompletter-vaporizer-pax-3-amber\/#breadcrumb","itemListElement":[{"@type":"ListItem","position":1,"name":"Accueil","item":"https:\/\/www.leriff.ch\/de\/"},{"@type":"ListItem","position":2,"name":"Shop","item":"https:\/\/www.leriff.ch\/de\/geschaeft\/"},{"@type":"ListItem","position":3,"name":"Vaporizer","item":"https:\/\/www.leriff.ch\/de\/categorie-produit\/vaporizer-de\/"},{"@type":"ListItem","position":4,"name":"PAX 3 Vaporizer Komplettset Amber"}]},{"@type":"WebSite","@id":"https:\/\/www.leriff.ch\/de\/#website","url":"https:\/\/www.leriff.ch\/de\/","name":"Le Riff","description":"Fleurs de Cannabis CBD","publisher":{"@id":"https:\/\/www.leriff.ch\/de\/#organization"},"potentialAction":[{"@type":"SearchAction","target":{"@type":"EntryPoint","urlTemplate":"https:\/\/www.leriff.ch\/de\/?s={search_term_string}"},"query-input":{"@type":"PropertyValueSpecification","valueRequired":true,"valueName":"search_term_string"}}],"inLanguage":"de"},{"@type":"Organization","@id":"https:\/\/www.leriff.ch\/de\/#organization","name":"le riff","url":"https:\/\/www.leriff.ch\/de\/","logo":{"@type":"ImageObject","inLanguage":"de","@id":"https:\/\/www.leriff.ch\/de\/#\/schema\/logo\/image\/","url":"https:\/\/www.leriff.ch\/wp-content\/uploads\/2019\/10\/logo_carre.png","contentUrl":"https:\/\/www.leriff.ch\/wp-content\/uploads\/2019\/10\/logo_carre.png","width":130,"height":130,"caption":"le riff"},"image":{"@id":"https:\/\/www.leriff.ch\/de\/#\/schema\/logo\/image\/"},"sameAs":["https:\/\/www.facebook.com\/Leriff.ch"]}]}},"_links":{"self":[{"href":"https:\/\/www.leriff.ch\/de\/wp-json\/wp\/v2\/product\/40815","targetHints":{"allow":["GET"]}}],"collection":[{"href":"https:\/\/www.leriff.ch\/de\/wp-json\/wp\/v2\/product"}],"about":[{"href":"https:\/\/www.leriff.ch\/de\/wp-json\/wp\/v2\/types\/product"}],"replies":[{"embeddable":true,"href":"https:\/\/www.leriff.ch\/de\/wp-json\/wp\/v2\/comments?post=40815"}],"wp:featuredmedia":[{"embeddable":true,"href":"https:\/\/www.leriff.ch\/de\/wp-json\/wp\/v2\/media\/40634"}],"wp:attachment":[{"href":"https:\/\/www.leriff.ch\/de\/wp-json\/wp\/v2\/media?parent=40815"}],"wp:term":[{"taxonomy":"product_brand","embeddable":true,"href":"https:\/\/www.leriff.ch\/de\/wp-json\/wp\/v2\/product_brand?post=40815"},{"taxonomy":"product_cat","embeddable":true,"href":"https:\/\/www.leriff.ch\/de\/wp-json\/wp\/v2\/product_cat?post=40815"},{"taxonomy":"product_tag","embeddable":true,"href":"https:\/\/www.leriff.ch\/de\/wp-json\/wp\/v2\/product_tag?post=40815"}],"curies":[{"name":"wp","href":"https:\/\/api.w.org\/{rel}","templated":true}]}}