{"id":40847,"date":"2021-03-30T05:10:24","date_gmt":"2022-05-05T22:01:54","guid":{"rendered":"https:\/\/www.leriff.ch\/produit\/cbd-oel-3-full-spectrum-fuer-katzen\/"},"modified":"2022-05-05T22:01:54","modified_gmt":"2022-05-05T22:01:54","slug":"ol-von-cbd-3-full-spectrum-fur-katzen","status":"publish","type":"product","link":"https:\/\/www.leriff.ch\/de\/produkt\/ol-von-cbd-3-full-spectrum-fur-katzen\/","title":{"rendered":"CBD-\u00d6l 3% FULL SPECTRUM f\u00fcr Katzen"},"content":{"rendered":"<h5>SCHWEIZER CBD PRODUKTE, \u00d6L UND EXTRAKT<\/h5>\n<p>Unser Angebot an Schweizer CBD-Produkten, \u00d6l und Extrakt sind f\u00fcr ihre therapeutischen Qualit\u00e4ten konzipiert und ausgew\u00e4hlt.<\/p>\n<p>Die Philosophie von Evetica ist nachhaltig und ethisch. Indem wir Hand in Hand mit Hanfproduzenten und unseren Experten f\u00fcr Produktion und Extraktion arbeiten.<\/p>\n<p>Als Garant f\u00fcr Schweizer Tradition arbeitet Evetica mit Pr\u00e4zision und Innovation mit dem obersten Ziel, Ihnen ein Qualit\u00e4tsprodukt zu liefern.<\/p>\n<p>Unsere Produkte bestehen haupts\u00e4chlich aus Hanf (CBD SWITZERLAND), was sie zu einem v\u00f6llig nat\u00fcrlichen Heilmittel macht.<\/p>\n","protected":false},"excerpt":{"rendered":"<p>CBD-\u00d6l mit vollem Spektrum f\u00fcr Katzen<\/p>\n<p>Schweizer CBD-\u00d6l f\u00fcr Katzen 3 Prozent<br \/>\n10ml Flasche<br \/>\nTHC-Gehalt.&lt;1% THC (unter 1% THC)<br \/>\nLachs\u00f6l<br \/>\nCO2-Extraktion (superkritisch)<br \/>\nCBD-\u00d6l Vollspektrum evetica Vollspektrum auch als CBD-Lachs\u00f6l bezeichnet.<\/p>\n","protected":false},"featured_media":0,"comment_status":"closed","ping_status":"closed","template":"","meta":{"inline_featured_image":false},"product_brand":[],"product_cat":[3225],"product_tag":[],"class_list":{"0":"post-40847","1":"product","2":"type-product","3":"status-publish","5":"product_cat-hunde-und-katzen","7":"first","8":"instock","9":"featured","10":"shipping-taxable","11":"purchasable","12":"product-type-simple"},"yoast_head":"<!-- This site is optimized with the Yoast SEO Premium plugin v25.9 (Yoast SEO v27.4) - https:\/\/yoast.com\/product\/yoast-seo-premium-wordpress\/ -->\n<title>CBD-\u00d6l 3% FULL SPECTRUM f\u00fcr Katzen - Le Riff<\/title>\n<meta name=\"description\" content=\"Vollspektrum CBD-\u00d6l f\u00fcr Katzen : Schweizer CBD-\u00d6l f\u00fcr Katzen 3 Prozent: 10ml-Flasche: Lachs\u00f6l.\" \/>\n<meta name=\"robots\" content=\"index, follow, max-snippet:-1, max-image-preview:large, max-video-preview:-1\" \/>\n<link rel=\"canonical\" href=\"https:\/\/www.leriff.ch\/de\/produkt\/ol-von-cbd-3-full-spectrum-fur-katzen\/\" \/>\n<meta property=\"og:locale\" content=\"de_DE\" \/>\n<meta property=\"og:type\" content=\"article\" \/>\n<meta property=\"og:title\" content=\"CBD-\u00d6l 3% FULL SPECTRUM f\u00fcr Katzen\" \/>\n<meta property=\"og:description\" content=\"Vollspektrum CBD-\u00d6l f\u00fcr Katzen : Schweizer CBD-\u00d6l f\u00fcr Katzen 3 Prozent: 10ml-Flasche: Lachs\u00f6l.\" \/>\n<meta property=\"og:url\" content=\"https:\/\/www.leriff.ch\/de\/produkt\/ol-von-cbd-3-full-spectrum-fur-katzen\/\" \/>\n<meta property=\"og:site_name\" content=\"Le Riff\" \/>\n<meta property=\"article:publisher\" content=\"https:\/\/www.facebook.com\/Leriff.ch\" \/>\n<meta name=\"twitter:card\" content=\"summary_large_image\" \/>\n<script type=\"application\/ld+json\" class=\"yoast-schema-graph\">{\"@context\":\"https:\\\/\\\/schema.org\",\"@graph\":[{\"@type\":\"WebPage\",\"@id\":\"https:\\\/\\\/www.leriff.ch\\\/de\\\/produkt\\\/ol-von-cbd-3-full-spectrum-fur-katzen\\\/\",\"url\":\"https:\\\/\\\/www.leriff.ch\\\/de\\\/produkt\\\/ol-von-cbd-3-full-spectrum-fur-katzen\\\/\",\"name\":\"CBD-\u00d6l 3% FULL SPECTRUM f\u00fcr Katzen - Le Riff\",\"isPartOf\":{\"@id\":\"https:\\\/\\\/www.leriff.ch\\\/de\\\/#website\"},\"datePublished\":\"2022-05-05T22:01:54+00:00\",\"description\":\"Vollspektrum CBD-\u00d6l f\u00fcr Katzen : Schweizer CBD-\u00d6l f\u00fcr Katzen 3 Prozent: 10ml-Flasche: Lachs\u00f6l.\",\"breadcrumb\":{\"@id\":\"https:\\\/\\\/www.leriff.ch\\\/de\\\/produkt\\\/ol-von-cbd-3-full-spectrum-fur-katzen\\\/#breadcrumb\"},\"inLanguage\":\"de\",\"potentialAction\":[{\"@type\":\"ReadAction\",\"target\":[\"https:\\\/\\\/www.leriff.ch\\\/de\\\/produkt\\\/ol-von-cbd-3-full-spectrum-fur-katzen\\\/\"]}]},{\"@type\":\"BreadcrumbList\",\"@id\":\"https:\\\/\\\/www.leriff.ch\\\/de\\\/produkt\\\/ol-von-cbd-3-full-spectrum-fur-katzen\\\/#breadcrumb\",\"itemListElement\":[{\"@type\":\"ListItem\",\"position\":1,\"name\":\"Accueil\",\"item\":\"https:\\\/\\\/www.leriff.ch\\\/de\\\/\"},{\"@type\":\"ListItem\",\"position\":2,\"name\":\"Shop\",\"item\":\"https:\\\/\\\/www.leriff.ch\\\/de\\\/geschaeft\\\/\"},{\"@type\":\"ListItem\",\"position\":3,\"name\":\"Hunde und Katzen\",\"item\":\"https:\\\/\\\/www.leriff.ch\\\/de\\\/categorie-produit\\\/hunde-und-katzen\\\/\"},{\"@type\":\"ListItem\",\"position\":4,\"name\":\"CBD-\u00d6l 3% FULL SPECTRUM f\u00fcr Katzen\"}]},{\"@type\":\"WebSite\",\"@id\":\"https:\\\/\\\/www.leriff.ch\\\/de\\\/#website\",\"url\":\"https:\\\/\\\/www.leriff.ch\\\/de\\\/\",\"name\":\"Le Riff\",\"description\":\"Fleurs de Cannabis CBD\",\"publisher\":{\"@id\":\"https:\\\/\\\/www.leriff.ch\\\/de\\\/#organization\"},\"potentialAction\":[{\"@type\":\"SearchAction\",\"target\":{\"@type\":\"EntryPoint\",\"urlTemplate\":\"https:\\\/\\\/www.leriff.ch\\\/de\\\/?s={search_term_string}\"},\"query-input\":{\"@type\":\"PropertyValueSpecification\",\"valueRequired\":true,\"valueName\":\"search_term_string\"}}],\"inLanguage\":\"de\"},{\"@type\":\"Organization\",\"@id\":\"https:\\\/\\\/www.leriff.ch\\\/de\\\/#organization\",\"name\":\"le riff\",\"url\":\"https:\\\/\\\/www.leriff.ch\\\/de\\\/\",\"logo\":{\"@type\":\"ImageObject\",\"inLanguage\":\"de\",\"@id\":\"https:\\\/\\\/www.leriff.ch\\\/de\\\/#\\\/schema\\\/logo\\\/image\\\/\",\"url\":\"https:\\\/\\\/www.leriff.ch\\\/wp-content\\\/uploads\\\/2019\\\/10\\\/logo_carre.png\",\"contentUrl\":\"https:\\\/\\\/www.leriff.ch\\\/wp-content\\\/uploads\\\/2019\\\/10\\\/logo_carre.png\",\"width\":130,\"height\":130,\"caption\":\"le riff\"},\"image\":{\"@id\":\"https:\\\/\\\/www.leriff.ch\\\/de\\\/#\\\/schema\\\/logo\\\/image\\\/\"},\"sameAs\":[\"https:\\\/\\\/www.facebook.com\\\/Leriff.ch\"]}]}<\/script>\n<!-- \/ Yoast SEO Premium plugin. -->","yoast_head_json":{"title":"CBD-\u00d6l 3% FULL SPECTRUM f\u00fcr Katzen - Le Riff","description":"Vollspektrum CBD-\u00d6l f\u00fcr Katzen : Schweizer CBD-\u00d6l f\u00fcr Katzen 3 Prozent: 10ml-Flasche: Lachs\u00f6l.","robots":{"index":"index","follow":"follow","max-snippet":"max-snippet:-1","max-image-preview":"max-image-preview:large","max-video-preview":"max-video-preview:-1"},"canonical":"https:\/\/www.leriff.ch\/de\/produkt\/ol-von-cbd-3-full-spectrum-fur-katzen\/","og_locale":"de_DE","og_type":"article","og_title":"CBD-\u00d6l 3% FULL SPECTRUM f\u00fcr Katzen","og_description":"Vollspektrum CBD-\u00d6l f\u00fcr Katzen : Schweizer CBD-\u00d6l f\u00fcr Katzen 3 Prozent: 10ml-Flasche: Lachs\u00f6l.","og_url":"https:\/\/www.leriff.ch\/de\/produkt\/ol-von-cbd-3-full-spectrum-fur-katzen\/","og_site_name":"Le Riff","article_publisher":"https:\/\/www.facebook.com\/Leriff.ch","twitter_card":"summary_large_image","schema":{"@context":"https:\/\/schema.org","@graph":[{"@type":"WebPage","@id":"https:\/\/www.leriff.ch\/de\/produkt\/ol-von-cbd-3-full-spectrum-fur-katzen\/","url":"https:\/\/www.leriff.ch\/de\/produkt\/ol-von-cbd-3-full-spectrum-fur-katzen\/","name":"CBD-\u00d6l 3% FULL SPECTRUM f\u00fcr Katzen - Le Riff","isPartOf":{"@id":"https:\/\/www.leriff.ch\/de\/#website"},"datePublished":"2022-05-05T22:01:54+00:00","description":"Vollspektrum CBD-\u00d6l f\u00fcr Katzen : Schweizer CBD-\u00d6l f\u00fcr Katzen 3 Prozent: 10ml-Flasche: Lachs\u00f6l.","breadcrumb":{"@id":"https:\/\/www.leriff.ch\/de\/produkt\/ol-von-cbd-3-full-spectrum-fur-katzen\/#breadcrumb"},"inLanguage":"de","potentialAction":[{"@type":"ReadAction","target":["https:\/\/www.leriff.ch\/de\/produkt\/ol-von-cbd-3-full-spectrum-fur-katzen\/"]}]},{"@type":"BreadcrumbList","@id":"https:\/\/www.leriff.ch\/de\/produkt\/ol-von-cbd-3-full-spectrum-fur-katzen\/#breadcrumb","itemListElement":[{"@type":"ListItem","position":1,"name":"Accueil","item":"https:\/\/www.leriff.ch\/de\/"},{"@type":"ListItem","position":2,"name":"Shop","item":"https:\/\/www.leriff.ch\/de\/geschaeft\/"},{"@type":"ListItem","position":3,"name":"Hunde und Katzen","item":"https:\/\/www.leriff.ch\/de\/categorie-produit\/hunde-und-katzen\/"},{"@type":"ListItem","position":4,"name":"CBD-\u00d6l 3% FULL SPECTRUM f\u00fcr Katzen"}]},{"@type":"WebSite","@id":"https:\/\/www.leriff.ch\/de\/#website","url":"https:\/\/www.leriff.ch\/de\/","name":"Le Riff","description":"Fleurs de Cannabis CBD","publisher":{"@id":"https:\/\/www.leriff.ch\/de\/#organization"},"potentialAction":[{"@type":"SearchAction","target":{"@type":"EntryPoint","urlTemplate":"https:\/\/www.leriff.ch\/de\/?s={search_term_string}"},"query-input":{"@type":"PropertyValueSpecification","valueRequired":true,"valueName":"search_term_string"}}],"inLanguage":"de"},{"@type":"Organization","@id":"https:\/\/www.leriff.ch\/de\/#organization","name":"le riff","url":"https:\/\/www.leriff.ch\/de\/","logo":{"@type":"ImageObject","inLanguage":"de","@id":"https:\/\/www.leriff.ch\/de\/#\/schema\/logo\/image\/","url":"https:\/\/www.leriff.ch\/wp-content\/uploads\/2019\/10\/logo_carre.png","contentUrl":"https:\/\/www.leriff.ch\/wp-content\/uploads\/2019\/10\/logo_carre.png","width":130,"height":130,"caption":"le riff"},"image":{"@id":"https:\/\/www.leriff.ch\/de\/#\/schema\/logo\/image\/"},"sameAs":["https:\/\/www.facebook.com\/Leriff.ch"]}]}},"_links":{"self":[{"href":"https:\/\/www.leriff.ch\/de\/wp-json\/wp\/v2\/product\/40847","targetHints":{"allow":["GET"]}}],"collection":[{"href":"https:\/\/www.leriff.ch\/de\/wp-json\/wp\/v2\/product"}],"about":[{"href":"https:\/\/www.leriff.ch\/de\/wp-json\/wp\/v2\/types\/product"}],"replies":[{"embeddable":true,"href":"https:\/\/www.leriff.ch\/de\/wp-json\/wp\/v2\/comments?post=40847"}],"wp:attachment":[{"href":"https:\/\/www.leriff.ch\/de\/wp-json\/wp\/v2\/media?parent=40847"}],"wp:term":[{"taxonomy":"product_brand","embeddable":true,"href":"https:\/\/www.leriff.ch\/de\/wp-json\/wp\/v2\/product_brand?post=40847"},{"taxonomy":"product_cat","embeddable":true,"href":"https:\/\/www.leriff.ch\/de\/wp-json\/wp\/v2\/product_cat?post=40847"},{"taxonomy":"product_tag","embeddable":true,"href":"https:\/\/www.leriff.ch\/de\/wp-json\/wp\/v2\/product_tag?post=40847"}],"curies":[{"name":"wp","href":"https:\/\/api.w.org\/{rel}","templated":true}]}}