{"id":40855,"date":"2021-02-20T23:10:35","date_gmt":"2022-05-05T22:37:07","guid":{"rendered":"https:\/\/www.leriff.ch\/produit\/cbd-oel-6-full-spectrum-fuer-hunde\/"},"modified":"2022-05-05T22:37:07","modified_gmt":"2022-05-05T22:37:07","slug":"ol-von-cbd-6-full-spectrum-fur-hunde","status":"publish","type":"product","link":"https:\/\/www.leriff.ch\/de\/produkt\/ol-von-cbd-6-full-spectrum-fur-hunde\/","title":{"rendered":"CBD-\u00d6l 6% FULL SPECTRUM f\u00fcr Hunde"},"content":{"rendered":"<p>Eine Flasche enth\u00e4lt 10 ml der 6-prozentigen CBD Full Spectrum Tropfen f\u00fcr Hunde. Diese werden mit 600 mg CBD ausgeglichen. Es ist ein Nahrungserg\u00e4nzungsmittel, das dem Hundefutter zugesetzt werden kann.<\/p>\n<p>Zutaten:<\/p>\n<p>Lachs\u00f6l<\/p>\n","protected":false},"excerpt":{"rendered":"<h2><b>CBD-\u00d6l<\/b> mit <span class=\"tlid-translation translation\" lang=\"fr\"><span title=\"\"><span class=\"posted_in\">vollem Spektrum f\u00fcr Hunde<\/span><\/span><\/span><\/h2>\n<p>CBD-\u00d6l Schweiz 6% Prozent<br \/>\n10ml Flasche<br \/>\nTHC-Gehalt.&lt;1% THC (unter 1% THC)<br \/>\nLachs\u00f6l ohne Zusatzstoffe<br \/>\nCO2-Extraktion (superkritisch)<br \/>\nCBD-\u00d6l Vollspektrum evetica Vollspektrum auch Lachs\u00f6l genannt.<\/p>\n","protected":false},"featured_media":38104,"comment_status":"closed","ping_status":"closed","template":"","meta":{"inline_featured_image":false},"product_brand":[],"product_cat":[3225],"product_tag":[],"class_list":{"0":"post-40855","1":"product","2":"type-product","3":"status-publish","4":"has-post-thumbnail","6":"product_cat-hunde-und-katzen","7":"pa_ml-10ml-de","9":"first","10":"instock","11":"shipping-taxable","12":"purchasable","13":"product-type-simple"},"yoast_head":"<!-- This site is optimized with the Yoast SEO Premium plugin v25.9 (Yoast SEO v27.3) - https:\/\/yoast.com\/product\/yoast-seo-premium-wordpress\/ -->\n<title>CBD-\u00d6l 6% FULL SPECTRUM f\u00fcr Hunde - Le Riff<\/title>\n<meta name=\"description\" content=\"CBD-\u00d6l 6% Prozent FULL SPECTRUM evetica f\u00fcr Hunde mit vollem Spektrum auch bekannt als CBD-Lachs\u00f6l.\" \/>\n<meta name=\"robots\" content=\"index, follow, max-snippet:-1, max-image-preview:large, max-video-preview:-1\" \/>\n<link rel=\"canonical\" href=\"https:\/\/www.leriff.ch\/de\/produkt\/ol-von-cbd-6-full-spectrum-fur-hunde\/\" \/>\n<meta property=\"og:locale\" content=\"de_DE\" \/>\n<meta property=\"og:type\" content=\"article\" \/>\n<meta property=\"og:title\" content=\"CBD-\u00d6l 6% FULL SPECTRUM f\u00fcr Hunde\" \/>\n<meta property=\"og:description\" content=\"CBD-\u00d6l 6% Prozent FULL SPECTRUM evetica f\u00fcr Hunde mit vollem Spektrum auch bekannt als CBD-Lachs\u00f6l.\" \/>\n<meta property=\"og:url\" content=\"https:\/\/www.leriff.ch\/de\/produkt\/ol-von-cbd-6-full-spectrum-fur-hunde\/\" \/>\n<meta property=\"og:site_name\" content=\"Le Riff\" \/>\n<meta property=\"article:publisher\" content=\"https:\/\/www.facebook.com\/Leriff.ch\" \/>\n<meta property=\"og:image\" content=\"https:\/\/www.leriff.ch\/wp-content\/uploads\/2021\/08\/huile-cbd-6-full-spectrum-chien-evetica-scaled.jpg\" \/>\n\t<meta property=\"og:image:width\" content=\"1024\" \/>\n\t<meta property=\"og:image:height\" content=\"1024\" \/>\n\t<meta property=\"og:image:type\" content=\"image\/jpeg\" \/>\n<meta name=\"twitter:card\" content=\"summary_large_image\" \/>\n<script type=\"application\/ld+json\" class=\"yoast-schema-graph\">{\"@context\":\"https:\\\/\\\/schema.org\",\"@graph\":[{\"@type\":\"WebPage\",\"@id\":\"https:\\\/\\\/www.leriff.ch\\\/de\\\/produkt\\\/ol-von-cbd-6-full-spectrum-fur-hunde\\\/\",\"url\":\"https:\\\/\\\/www.leriff.ch\\\/de\\\/produkt\\\/ol-von-cbd-6-full-spectrum-fur-hunde\\\/\",\"name\":\"CBD-\u00d6l 6% FULL SPECTRUM f\u00fcr Hunde - Le Riff\",\"isPartOf\":{\"@id\":\"https:\\\/\\\/www.leriff.ch\\\/de\\\/#website\"},\"primaryImageOfPage\":{\"@id\":\"https:\\\/\\\/www.leriff.ch\\\/de\\\/produkt\\\/ol-von-cbd-6-full-spectrum-fur-hunde\\\/#primaryimage\"},\"image\":{\"@id\":\"https:\\\/\\\/www.leriff.ch\\\/de\\\/produkt\\\/ol-von-cbd-6-full-spectrum-fur-hunde\\\/#primaryimage\"},\"thumbnailUrl\":\"https:\\\/\\\/www.leriff.ch\\\/wp-content\\\/uploads\\\/2021\\\/08\\\/huile-cbd-6-full-spectrum-chien-evetica-scaled.jpg\",\"datePublished\":\"2022-05-05T22:37:07+00:00\",\"description\":\"CBD-\u00d6l 6% Prozent FULL SPECTRUM evetica f\u00fcr Hunde mit vollem Spektrum auch bekannt als CBD-Lachs\u00f6l.\",\"breadcrumb\":{\"@id\":\"https:\\\/\\\/www.leriff.ch\\\/de\\\/produkt\\\/ol-von-cbd-6-full-spectrum-fur-hunde\\\/#breadcrumb\"},\"inLanguage\":\"de\",\"potentialAction\":[{\"@type\":\"ReadAction\",\"target\":[\"https:\\\/\\\/www.leriff.ch\\\/de\\\/produkt\\\/ol-von-cbd-6-full-spectrum-fur-hunde\\\/\"]}]},{\"@type\":\"ImageObject\",\"inLanguage\":\"de\",\"@id\":\"https:\\\/\\\/www.leriff.ch\\\/de\\\/produkt\\\/ol-von-cbd-6-full-spectrum-fur-hunde\\\/#primaryimage\",\"url\":\"https:\\\/\\\/www.leriff.ch\\\/wp-content\\\/uploads\\\/2021\\\/08\\\/huile-cbd-6-full-spectrum-chien-evetica-scaled.jpg\",\"contentUrl\":\"https:\\\/\\\/www.leriff.ch\\\/wp-content\\\/uploads\\\/2021\\\/08\\\/huile-cbd-6-full-spectrum-chien-evetica-scaled.jpg\",\"width\":1024,\"height\":1024},{\"@type\":\"BreadcrumbList\",\"@id\":\"https:\\\/\\\/www.leriff.ch\\\/de\\\/produkt\\\/ol-von-cbd-6-full-spectrum-fur-hunde\\\/#breadcrumb\",\"itemListElement\":[{\"@type\":\"ListItem\",\"position\":1,\"name\":\"Accueil\",\"item\":\"https:\\\/\\\/www.leriff.ch\\\/de\\\/\"},{\"@type\":\"ListItem\",\"position\":2,\"name\":\"Shop\",\"item\":\"https:\\\/\\\/www.leriff.ch\\\/de\\\/geschaeft\\\/\"},{\"@type\":\"ListItem\",\"position\":3,\"name\":\"Hunde und Katzen\",\"item\":\"https:\\\/\\\/www.leriff.ch\\\/de\\\/categorie-produit\\\/hunde-und-katzen\\\/\"},{\"@type\":\"ListItem\",\"position\":4,\"name\":\"CBD-\u00d6l 6% FULL SPECTRUM f\u00fcr Hunde\"}]},{\"@type\":\"WebSite\",\"@id\":\"https:\\\/\\\/www.leriff.ch\\\/de\\\/#website\",\"url\":\"https:\\\/\\\/www.leriff.ch\\\/de\\\/\",\"name\":\"Le Riff\",\"description\":\"Fleurs de Cannabis CBD\",\"publisher\":{\"@id\":\"https:\\\/\\\/www.leriff.ch\\\/de\\\/#organization\"},\"potentialAction\":[{\"@type\":\"SearchAction\",\"target\":{\"@type\":\"EntryPoint\",\"urlTemplate\":\"https:\\\/\\\/www.leriff.ch\\\/de\\\/?s={search_term_string}\"},\"query-input\":{\"@type\":\"PropertyValueSpecification\",\"valueRequired\":true,\"valueName\":\"search_term_string\"}}],\"inLanguage\":\"de\"},{\"@type\":\"Organization\",\"@id\":\"https:\\\/\\\/www.leriff.ch\\\/de\\\/#organization\",\"name\":\"le riff\",\"url\":\"https:\\\/\\\/www.leriff.ch\\\/de\\\/\",\"logo\":{\"@type\":\"ImageObject\",\"inLanguage\":\"de\",\"@id\":\"https:\\\/\\\/www.leriff.ch\\\/de\\\/#\\\/schema\\\/logo\\\/image\\\/\",\"url\":\"https:\\\/\\\/www.leriff.ch\\\/wp-content\\\/uploads\\\/2019\\\/10\\\/logo_carre.png\",\"contentUrl\":\"https:\\\/\\\/www.leriff.ch\\\/wp-content\\\/uploads\\\/2019\\\/10\\\/logo_carre.png\",\"width\":130,\"height\":130,\"caption\":\"le riff\"},\"image\":{\"@id\":\"https:\\\/\\\/www.leriff.ch\\\/de\\\/#\\\/schema\\\/logo\\\/image\\\/\"},\"sameAs\":[\"https:\\\/\\\/www.facebook.com\\\/Leriff.ch\"]}]}<\/script>\n<!-- \/ Yoast SEO Premium plugin. -->","yoast_head_json":{"title":"CBD-\u00d6l 6% FULL SPECTRUM f\u00fcr Hunde - Le Riff","description":"CBD-\u00d6l 6% Prozent FULL SPECTRUM evetica f\u00fcr Hunde mit vollem Spektrum auch bekannt als CBD-Lachs\u00f6l.","robots":{"index":"index","follow":"follow","max-snippet":"max-snippet:-1","max-image-preview":"max-image-preview:large","max-video-preview":"max-video-preview:-1"},"canonical":"https:\/\/www.leriff.ch\/de\/produkt\/ol-von-cbd-6-full-spectrum-fur-hunde\/","og_locale":"de_DE","og_type":"article","og_title":"CBD-\u00d6l 6% FULL SPECTRUM f\u00fcr Hunde","og_description":"CBD-\u00d6l 6% Prozent FULL SPECTRUM evetica f\u00fcr Hunde mit vollem Spektrum auch bekannt als CBD-Lachs\u00f6l.","og_url":"https:\/\/www.leriff.ch\/de\/produkt\/ol-von-cbd-6-full-spectrum-fur-hunde\/","og_site_name":"Le Riff","article_publisher":"https:\/\/www.facebook.com\/Leriff.ch","og_image":[{"width":1024,"height":1024,"url":"https:\/\/www.leriff.ch\/wp-content\/uploads\/2021\/08\/huile-cbd-6-full-spectrum-chien-evetica-scaled.jpg","type":"image\/jpeg"}],"twitter_card":"summary_large_image","schema":{"@context":"https:\/\/schema.org","@graph":[{"@type":"WebPage","@id":"https:\/\/www.leriff.ch\/de\/produkt\/ol-von-cbd-6-full-spectrum-fur-hunde\/","url":"https:\/\/www.leriff.ch\/de\/produkt\/ol-von-cbd-6-full-spectrum-fur-hunde\/","name":"CBD-\u00d6l 6% FULL SPECTRUM f\u00fcr Hunde - Le Riff","isPartOf":{"@id":"https:\/\/www.leriff.ch\/de\/#website"},"primaryImageOfPage":{"@id":"https:\/\/www.leriff.ch\/de\/produkt\/ol-von-cbd-6-full-spectrum-fur-hunde\/#primaryimage"},"image":{"@id":"https:\/\/www.leriff.ch\/de\/produkt\/ol-von-cbd-6-full-spectrum-fur-hunde\/#primaryimage"},"thumbnailUrl":"https:\/\/www.leriff.ch\/wp-content\/uploads\/2021\/08\/huile-cbd-6-full-spectrum-chien-evetica-scaled.jpg","datePublished":"2022-05-05T22:37:07+00:00","description":"CBD-\u00d6l 6% Prozent FULL SPECTRUM evetica f\u00fcr Hunde mit vollem Spektrum auch bekannt als CBD-Lachs\u00f6l.","breadcrumb":{"@id":"https:\/\/www.leriff.ch\/de\/produkt\/ol-von-cbd-6-full-spectrum-fur-hunde\/#breadcrumb"},"inLanguage":"de","potentialAction":[{"@type":"ReadAction","target":["https:\/\/www.leriff.ch\/de\/produkt\/ol-von-cbd-6-full-spectrum-fur-hunde\/"]}]},{"@type":"ImageObject","inLanguage":"de","@id":"https:\/\/www.leriff.ch\/de\/produkt\/ol-von-cbd-6-full-spectrum-fur-hunde\/#primaryimage","url":"https:\/\/www.leriff.ch\/wp-content\/uploads\/2021\/08\/huile-cbd-6-full-spectrum-chien-evetica-scaled.jpg","contentUrl":"https:\/\/www.leriff.ch\/wp-content\/uploads\/2021\/08\/huile-cbd-6-full-spectrum-chien-evetica-scaled.jpg","width":1024,"height":1024},{"@type":"BreadcrumbList","@id":"https:\/\/www.leriff.ch\/de\/produkt\/ol-von-cbd-6-full-spectrum-fur-hunde\/#breadcrumb","itemListElement":[{"@type":"ListItem","position":1,"name":"Accueil","item":"https:\/\/www.leriff.ch\/de\/"},{"@type":"ListItem","position":2,"name":"Shop","item":"https:\/\/www.leriff.ch\/de\/geschaeft\/"},{"@type":"ListItem","position":3,"name":"Hunde und Katzen","item":"https:\/\/www.leriff.ch\/de\/categorie-produit\/hunde-und-katzen\/"},{"@type":"ListItem","position":4,"name":"CBD-\u00d6l 6% FULL SPECTRUM f\u00fcr Hunde"}]},{"@type":"WebSite","@id":"https:\/\/www.leriff.ch\/de\/#website","url":"https:\/\/www.leriff.ch\/de\/","name":"Le Riff","description":"Fleurs de Cannabis CBD","publisher":{"@id":"https:\/\/www.leriff.ch\/de\/#organization"},"potentialAction":[{"@type":"SearchAction","target":{"@type":"EntryPoint","urlTemplate":"https:\/\/www.leriff.ch\/de\/?s={search_term_string}"},"query-input":{"@type":"PropertyValueSpecification","valueRequired":true,"valueName":"search_term_string"}}],"inLanguage":"de"},{"@type":"Organization","@id":"https:\/\/www.leriff.ch\/de\/#organization","name":"le riff","url":"https:\/\/www.leriff.ch\/de\/","logo":{"@type":"ImageObject","inLanguage":"de","@id":"https:\/\/www.leriff.ch\/de\/#\/schema\/logo\/image\/","url":"https:\/\/www.leriff.ch\/wp-content\/uploads\/2019\/10\/logo_carre.png","contentUrl":"https:\/\/www.leriff.ch\/wp-content\/uploads\/2019\/10\/logo_carre.png","width":130,"height":130,"caption":"le riff"},"image":{"@id":"https:\/\/www.leriff.ch\/de\/#\/schema\/logo\/image\/"},"sameAs":["https:\/\/www.facebook.com\/Leriff.ch"]}]}},"_links":{"self":[{"href":"https:\/\/www.leriff.ch\/de\/wp-json\/wp\/v2\/product\/40855","targetHints":{"allow":["GET"]}}],"collection":[{"href":"https:\/\/www.leriff.ch\/de\/wp-json\/wp\/v2\/product"}],"about":[{"href":"https:\/\/www.leriff.ch\/de\/wp-json\/wp\/v2\/types\/product"}],"replies":[{"embeddable":true,"href":"https:\/\/www.leriff.ch\/de\/wp-json\/wp\/v2\/comments?post=40855"}],"wp:featuredmedia":[{"embeddable":true,"href":"https:\/\/www.leriff.ch\/de\/wp-json\/wp\/v2\/media\/38104"}],"wp:attachment":[{"href":"https:\/\/www.leriff.ch\/de\/wp-json\/wp\/v2\/media?parent=40855"}],"wp:term":[{"taxonomy":"product_brand","embeddable":true,"href":"https:\/\/www.leriff.ch\/de\/wp-json\/wp\/v2\/product_brand?post=40855"},{"taxonomy":"product_cat","embeddable":true,"href":"https:\/\/www.leriff.ch\/de\/wp-json\/wp\/v2\/product_cat?post=40855"},{"taxonomy":"product_tag","embeddable":true,"href":"https:\/\/www.leriff.ch\/de\/wp-json\/wp\/v2\/product_tag?post=40855"}],"curies":[{"name":"wp","href":"https:\/\/api.w.org\/{rel}","templated":true}]}}