{"id":40862,"date":"2020-04-04T15:31:53","date_gmt":"2022-05-05T23:11:37","guid":{"rendered":"https:\/\/www.leriff.ch\/produit\/gelbe-cannabispollen\/"},"modified":"2023-04-10T11:42:57","modified_gmt":"2023-04-10T09:42:57","slug":"cannabis-gelbe-pollen","status":"publish","type":"product","link":"https:\/\/www.leriff.ch\/de\/produkt\/cannabis-gelbe-pollen\/","title":{"rendered":"Gelbe Cannabispollen"},"content":{"rendered":"<div class=\"flex flex-grow flex-col gap-3\">\n<div class=\"min-h-[20px] flex flex-col items-start gap-4 whitespace-pre-wrap\">\n<div class=\"markdown prose w-full break-words dark:prose-invert light\">\n<p>Gelber Cannabispollen ist eine Form von Haschisch, die aus den Trichomen von Cannabispflanzen hergestellt wird. Hier sind einige typische Merkmale von gelben Cannabispollen :<\/p>\n<ul>\n<li>Aussehen: Gelbe Cannabispollen haben ein k\u00f6rniges Aussehen und k\u00f6nnen eine blassgelbe bis goldene Farbe haben.<\/li>\n<li>Zusammensetzung: Gelber Cannabispollen ist reich an Cannabinoiden, insbesondere THC und CBD, sowie an Terpenen, die ihm sein Aroma und seinen Geschmack verleihen.<\/li>\n<li>Aroma und Geschmack: Gelbe Cannabispollen k\u00f6nnen ein unterschiedliches Aroma und einen unterschiedlichen Geschmack haben, je nachdem, aus welchen Cannabisst\u00e4mmen sie gewonnen werden. Er kann blumige, w\u00fcrzige oder holzige Noten haben.<\/li>\n<li>Verwendung: Gelbe Cannabispollen werden wegen ihrer starken Wirkung und ihres hohen Cannabinoidgehalts h\u00e4ufig als Cannabiskonzentrat verwendet. Es kann auf verschiedene Arten konsumiert werden, z. B. durch Rauchen oder als Zusatz zu Speisen und Getr\u00e4nken.<\/li>\n<\/ul>\n<p>Gelbe Cannabispollen k\u00f6nnen sich auf viele verschiedene Dinge beziehen, daher hier einige allgemeine Informationen zu jeder dieser M\u00f6glichkeiten:<\/p>\n<ol>\n<li>Pollen von Cannabisbl\u00fcten: M\u00e4nnliche Cannabisbl\u00fcten produzieren gelbe Pollenk\u00f6rner, die zur Best\u00e4ubung der weiblichen Bl\u00fcten ben\u00f6tigt werden, um Samen zu produzieren. Beim Anbau von Cannabis f\u00fcr den Konsum entfernen die Z\u00fcchter jedoch in der Regel die m\u00e4nnlichen Pflanzen, um die Best\u00e4ubung und die Produktion von Samen zu verhindern.<\/li>\n<li>Gelber Kief: Kief ist eine feine, pulverige Substanz, die sich auf den weiblichen Cannabisk\u00f6pfen befindet und eine hohe Konzentration an Trichomen enth\u00e4lt. Trichome sind kleine Strukturen, die Cannabinoide, Terpene und andere chemische Verbindungen produzieren, die dem Cannabis seinen Geschmack und seine Wirkung verleihen. Gelber Kief ist einfach Kief, der einen helleren Farbton als das traditionelle Gr\u00fcn des Kiefs hat.<\/li>\n<li>Gelbes Haschisch: Haschisch ist eine Substanz, die aus dem Harz von Cannabis hergestellt wird. Traditionell wurde Haschisch hergestellt, indem die Cannabisk\u00f6pfe \u00fcber ein feines Sieb gerieben wurden, um das Harz aufzufangen, und dann zu Bl\u00f6cken gepresst wurden. Gelbes Haschisch kann auf verschiedene Arten hergestellt werden, aber es kann sich auf ein hochwertiges Haschisch beziehen, das einen helleren Farbton als das typische Dunkelgr\u00fcn von Haschisch hat.<\/li>\n<\/ol>\n<p>Es ist zu beachten, dass Namen und Farben je nach Region und lokaler Kultur variieren k\u00f6nnen.<\/p>\n<p>Zusammengefasst ist gelber Cannabispollen ein Cannabiskonzentrat, das reich an Cannabinoiden und Terpenen ist, ein k\u00f6rniges Aussehen und eine blassgelbe bis goldene Farbe hat. Es wird oft wegen seiner starken Wirkung verwendet und kann auf verschiedene Arten konsumiert werden.<\/p>\n<\/div>\n<\/div>\n<\/div>\n","protected":false},"excerpt":{"rendered":"<p>Cannabispollen CBD. Gelber Kief: Kief ist eine feine, pulverige Substanz, die sich auf den weiblichen Cannabisk\u00f6pfen befindet und eine hohe Konzentration an Trichomen enth\u00e4lt. Trichome sind kleine Strukturen, die Cannabinoide, Terpene und andere chemische Verbindungen produzieren, die dem Cannabis seinen Geschmack und seine Wirkung verleihen.<\/p>\n","protected":false},"featured_media":3737,"comment_status":"open","ping_status":"closed","template":"","meta":{"inline_featured_image":false},"product_brand":[],"product_cat":[3229],"product_tag":[],"class_list":{"0":"post-40862","1":"product","2":"type-product","3":"status-publish","4":"has-post-thumbnail","6":"product_cat-cannabis-pollen-de","7":"pa_marque-le-riff-de","9":"first","10":"instock","11":"featured","12":"shipping-taxable","13":"purchasable","14":"product-type-variable","15":"has-default-attributes"},"yoast_head":"<!-- This site is optimized with the Yoast SEO Premium plugin v25.9 (Yoast SEO v27.3) - https:\/\/yoast.com\/product\/yoast-seo-premium-wordpress\/ -->\n<title>Gelbe Cannabispollen - Le Riff<\/title>\n<meta name=\"description\" content=\"Cannabis CBD Pollen. Unsere Produkte aus CBD-Cannabispollen sind Produkte von hoher Qualit\u00e4t.CBD-Cannabispollen. Gelber Kief: Kief ist eine feine, pulverige Substanz, die sich auf den weiblichen Cannabisk\u00f6pfen befindet und eine hohe Konzentration an Trichomen enth\u00e4lt.\" \/>\n<meta name=\"robots\" content=\"index, follow, max-snippet:-1, max-image-preview:large, max-video-preview:-1\" \/>\n<link rel=\"canonical\" href=\"https:\/\/www.leriff.ch\/de\/produkt\/cannabis-gelbe-pollen\/\" \/>\n<meta property=\"og:locale\" content=\"de_DE\" \/>\n<meta property=\"og:type\" content=\"article\" \/>\n<meta property=\"og:title\" content=\"Gelbe Cannabispollen\" \/>\n<meta property=\"og:description\" content=\"Cannabis CBD Pollen. Unsere Produkte aus CBD-Cannabispollen sind Produkte von hoher Qualit\u00e4t.CBD-Cannabispollen. Gelber Kief: Kief ist eine feine, pulverige Substanz, die sich auf den weiblichen Cannabisk\u00f6pfen befindet und eine hohe Konzentration an Trichomen enth\u00e4lt.\" \/>\n<meta property=\"og:url\" content=\"https:\/\/www.leriff.ch\/de\/produkt\/cannabis-gelbe-pollen\/\" \/>\n<meta property=\"og:site_name\" content=\"Le Riff\" \/>\n<meta property=\"article:publisher\" content=\"https:\/\/www.facebook.com\/Leriff.ch\" \/>\n<meta property=\"article:modified_time\" content=\"2023-04-10T09:42:57+00:00\" \/>\n<meta property=\"og:image\" content=\"https:\/\/www.leriff.ch\/wp-content\/uploads\/2020\/04\/pollen_jaune-scaled.jpg\" \/>\n<meta name=\"twitter:card\" content=\"summary_large_image\" \/>\n<meta name=\"twitter:label1\" content=\"Gesch\u00e4tzte Lesezeit\" \/>\n\t<meta name=\"twitter:data1\" content=\"2\u00a0Minuten\" \/>\n<script type=\"application\/ld+json\" class=\"yoast-schema-graph\">{\"@context\":\"https:\\\/\\\/schema.org\",\"@graph\":[{\"@type\":\"WebPage\",\"@id\":\"https:\\\/\\\/www.leriff.ch\\\/de\\\/produkt\\\/cannabis-gelbe-pollen\\\/\",\"url\":\"https:\\\/\\\/www.leriff.ch\\\/de\\\/produkt\\\/cannabis-gelbe-pollen\\\/\",\"name\":\"Gelbe Cannabispollen - Le Riff\",\"isPartOf\":{\"@id\":\"https:\\\/\\\/www.leriff.ch\\\/de\\\/#website\"},\"primaryImageOfPage\":{\"@id\":\"https:\\\/\\\/www.leriff.ch\\\/de\\\/produkt\\\/cannabis-gelbe-pollen\\\/#primaryimage\"},\"image\":{\"@id\":\"https:\\\/\\\/www.leriff.ch\\\/de\\\/produkt\\\/cannabis-gelbe-pollen\\\/#primaryimage\"},\"thumbnailUrl\":\"https:\\\/\\\/www.leriff.ch\\\/wp-content\\\/uploads\\\/2020\\\/04\\\/pollen_jaune-scaled.jpg\",\"datePublished\":\"2022-05-05T23:11:37+00:00\",\"dateModified\":\"2023-04-10T09:42:57+00:00\",\"description\":\"Cannabis CBD Pollen. Unsere Produkte aus CBD-Cannabispollen sind Produkte von hoher Qualit\u00e4t.CBD-Cannabispollen. Gelber Kief: Kief ist eine feine, pulverige Substanz, die sich auf den weiblichen Cannabisk\u00f6pfen befindet und eine hohe Konzentration an Trichomen enth\u00e4lt.\",\"breadcrumb\":{\"@id\":\"https:\\\/\\\/www.leriff.ch\\\/de\\\/produkt\\\/cannabis-gelbe-pollen\\\/#breadcrumb\"},\"inLanguage\":\"de\",\"potentialAction\":[{\"@type\":\"ReadAction\",\"target\":[\"https:\\\/\\\/www.leriff.ch\\\/de\\\/produkt\\\/cannabis-gelbe-pollen\\\/\"]}]},{\"@type\":\"ImageObject\",\"inLanguage\":\"de\",\"@id\":\"https:\\\/\\\/www.leriff.ch\\\/de\\\/produkt\\\/cannabis-gelbe-pollen\\\/#primaryimage\",\"url\":\"https:\\\/\\\/www.leriff.ch\\\/wp-content\\\/uploads\\\/2020\\\/04\\\/pollen_jaune-scaled.jpg\",\"contentUrl\":\"https:\\\/\\\/www.leriff.ch\\\/wp-content\\\/uploads\\\/2020\\\/04\\\/pollen_jaune-scaled.jpg\",\"width\":1024,\"height\":1024,\"caption\":\"Kief jaune : Le kief est une substance fine et poudreuse qui se trouve sur les t\u00eates de cannabis femelles et qui contient une concentration \u00e9lev\u00e9e de trichomes. Les trichomes sont de petites structures qui produisent des cannabino\u00efdes, des terp\u00e8nes et d'autres compos\u00e9s chimiques qui donnent au cannabis son go\u00fbt et son effet. Le kief jaune est simplement du kief qui a une teinte plus claire que le vert traditionnel du kief.\"},{\"@type\":\"BreadcrumbList\",\"@id\":\"https:\\\/\\\/www.leriff.ch\\\/de\\\/produkt\\\/cannabis-gelbe-pollen\\\/#breadcrumb\",\"itemListElement\":[{\"@type\":\"ListItem\",\"position\":1,\"name\":\"Accueil\",\"item\":\"https:\\\/\\\/www.leriff.ch\\\/de\\\/\"},{\"@type\":\"ListItem\",\"position\":2,\"name\":\"Shop\",\"item\":\"https:\\\/\\\/www.leriff.ch\\\/de\\\/geschaeft\\\/\"},{\"@type\":\"ListItem\",\"position\":3,\"name\":\"Cannabis-Pollen\",\"item\":\"https:\\\/\\\/www.leriff.ch\\\/de\\\/categorie-produit\\\/cannabis-pollen-de\\\/\"},{\"@type\":\"ListItem\",\"position\":4,\"name\":\"Gelbe Cannabispollen\"}]},{\"@type\":\"WebSite\",\"@id\":\"https:\\\/\\\/www.leriff.ch\\\/de\\\/#website\",\"url\":\"https:\\\/\\\/www.leriff.ch\\\/de\\\/\",\"name\":\"Le Riff\",\"description\":\"Fleurs de Cannabis CBD\",\"publisher\":{\"@id\":\"https:\\\/\\\/www.leriff.ch\\\/de\\\/#organization\"},\"potentialAction\":[{\"@type\":\"SearchAction\",\"target\":{\"@type\":\"EntryPoint\",\"urlTemplate\":\"https:\\\/\\\/www.leriff.ch\\\/de\\\/?s={search_term_string}\"},\"query-input\":{\"@type\":\"PropertyValueSpecification\",\"valueRequired\":true,\"valueName\":\"search_term_string\"}}],\"inLanguage\":\"de\"},{\"@type\":\"Organization\",\"@id\":\"https:\\\/\\\/www.leriff.ch\\\/de\\\/#organization\",\"name\":\"le riff\",\"url\":\"https:\\\/\\\/www.leriff.ch\\\/de\\\/\",\"logo\":{\"@type\":\"ImageObject\",\"inLanguage\":\"de\",\"@id\":\"https:\\\/\\\/www.leriff.ch\\\/de\\\/#\\\/schema\\\/logo\\\/image\\\/\",\"url\":\"https:\\\/\\\/www.leriff.ch\\\/wp-content\\\/uploads\\\/2019\\\/10\\\/logo_carre.png\",\"contentUrl\":\"https:\\\/\\\/www.leriff.ch\\\/wp-content\\\/uploads\\\/2019\\\/10\\\/logo_carre.png\",\"width\":130,\"height\":130,\"caption\":\"le riff\"},\"image\":{\"@id\":\"https:\\\/\\\/www.leriff.ch\\\/de\\\/#\\\/schema\\\/logo\\\/image\\\/\"},\"sameAs\":[\"https:\\\/\\\/www.facebook.com\\\/Leriff.ch\"]}]}<\/script>\n<!-- \/ Yoast SEO Premium plugin. -->","yoast_head_json":{"title":"Gelbe Cannabispollen - Le Riff","description":"Cannabis CBD Pollen. Unsere Produkte aus CBD-Cannabispollen sind Produkte von hoher Qualit\u00e4t.CBD-Cannabispollen. Gelber Kief: Kief ist eine feine, pulverige Substanz, die sich auf den weiblichen Cannabisk\u00f6pfen befindet und eine hohe Konzentration an Trichomen enth\u00e4lt.","robots":{"index":"index","follow":"follow","max-snippet":"max-snippet:-1","max-image-preview":"max-image-preview:large","max-video-preview":"max-video-preview:-1"},"canonical":"https:\/\/www.leriff.ch\/de\/produkt\/cannabis-gelbe-pollen\/","og_locale":"de_DE","og_type":"article","og_title":"Gelbe Cannabispollen","og_description":"Cannabis CBD Pollen. Unsere Produkte aus CBD-Cannabispollen sind Produkte von hoher Qualit\u00e4t.CBD-Cannabispollen. Gelber Kief: Kief ist eine feine, pulverige Substanz, die sich auf den weiblichen Cannabisk\u00f6pfen befindet und eine hohe Konzentration an Trichomen enth\u00e4lt.","og_url":"https:\/\/www.leriff.ch\/de\/produkt\/cannabis-gelbe-pollen\/","og_site_name":"Le Riff","article_publisher":"https:\/\/www.facebook.com\/Leriff.ch","article_modified_time":"2023-04-10T09:42:57+00:00","og_image":[{"url":"https:\/\/www.leriff.ch\/wp-content\/uploads\/2020\/04\/pollen_jaune-scaled.jpg","type":"","width":"","height":""}],"twitter_card":"summary_large_image","twitter_misc":{"Gesch\u00e4tzte Lesezeit":"2\u00a0Minuten"},"schema":{"@context":"https:\/\/schema.org","@graph":[{"@type":"WebPage","@id":"https:\/\/www.leriff.ch\/de\/produkt\/cannabis-gelbe-pollen\/","url":"https:\/\/www.leriff.ch\/de\/produkt\/cannabis-gelbe-pollen\/","name":"Gelbe Cannabispollen - Le Riff","isPartOf":{"@id":"https:\/\/www.leriff.ch\/de\/#website"},"primaryImageOfPage":{"@id":"https:\/\/www.leriff.ch\/de\/produkt\/cannabis-gelbe-pollen\/#primaryimage"},"image":{"@id":"https:\/\/www.leriff.ch\/de\/produkt\/cannabis-gelbe-pollen\/#primaryimage"},"thumbnailUrl":"https:\/\/www.leriff.ch\/wp-content\/uploads\/2020\/04\/pollen_jaune-scaled.jpg","datePublished":"2022-05-05T23:11:37+00:00","dateModified":"2023-04-10T09:42:57+00:00","description":"Cannabis CBD Pollen. Unsere Produkte aus CBD-Cannabispollen sind Produkte von hoher Qualit\u00e4t.CBD-Cannabispollen. Gelber Kief: Kief ist eine feine, pulverige Substanz, die sich auf den weiblichen Cannabisk\u00f6pfen befindet und eine hohe Konzentration an Trichomen enth\u00e4lt.","breadcrumb":{"@id":"https:\/\/www.leriff.ch\/de\/produkt\/cannabis-gelbe-pollen\/#breadcrumb"},"inLanguage":"de","potentialAction":[{"@type":"ReadAction","target":["https:\/\/www.leriff.ch\/de\/produkt\/cannabis-gelbe-pollen\/"]}]},{"@type":"ImageObject","inLanguage":"de","@id":"https:\/\/www.leriff.ch\/de\/produkt\/cannabis-gelbe-pollen\/#primaryimage","url":"https:\/\/www.leriff.ch\/wp-content\/uploads\/2020\/04\/pollen_jaune-scaled.jpg","contentUrl":"https:\/\/www.leriff.ch\/wp-content\/uploads\/2020\/04\/pollen_jaune-scaled.jpg","width":1024,"height":1024,"caption":"Kief jaune : Le kief est une substance fine et poudreuse qui se trouve sur les t\u00eates de cannabis femelles et qui contient une concentration \u00e9lev\u00e9e de trichomes. Les trichomes sont de petites structures qui produisent des cannabino\u00efdes, des terp\u00e8nes et d'autres compos\u00e9s chimiques qui donnent au cannabis son go\u00fbt et son effet. Le kief jaune est simplement du kief qui a une teinte plus claire que le vert traditionnel du kief."},{"@type":"BreadcrumbList","@id":"https:\/\/www.leriff.ch\/de\/produkt\/cannabis-gelbe-pollen\/#breadcrumb","itemListElement":[{"@type":"ListItem","position":1,"name":"Accueil","item":"https:\/\/www.leriff.ch\/de\/"},{"@type":"ListItem","position":2,"name":"Shop","item":"https:\/\/www.leriff.ch\/de\/geschaeft\/"},{"@type":"ListItem","position":3,"name":"Cannabis-Pollen","item":"https:\/\/www.leriff.ch\/de\/categorie-produit\/cannabis-pollen-de\/"},{"@type":"ListItem","position":4,"name":"Gelbe Cannabispollen"}]},{"@type":"WebSite","@id":"https:\/\/www.leriff.ch\/de\/#website","url":"https:\/\/www.leriff.ch\/de\/","name":"Le Riff","description":"Fleurs de Cannabis CBD","publisher":{"@id":"https:\/\/www.leriff.ch\/de\/#organization"},"potentialAction":[{"@type":"SearchAction","target":{"@type":"EntryPoint","urlTemplate":"https:\/\/www.leriff.ch\/de\/?s={search_term_string}"},"query-input":{"@type":"PropertyValueSpecification","valueRequired":true,"valueName":"search_term_string"}}],"inLanguage":"de"},{"@type":"Organization","@id":"https:\/\/www.leriff.ch\/de\/#organization","name":"le riff","url":"https:\/\/www.leriff.ch\/de\/","logo":{"@type":"ImageObject","inLanguage":"de","@id":"https:\/\/www.leriff.ch\/de\/#\/schema\/logo\/image\/","url":"https:\/\/www.leriff.ch\/wp-content\/uploads\/2019\/10\/logo_carre.png","contentUrl":"https:\/\/www.leriff.ch\/wp-content\/uploads\/2019\/10\/logo_carre.png","width":130,"height":130,"caption":"le riff"},"image":{"@id":"https:\/\/www.leriff.ch\/de\/#\/schema\/logo\/image\/"},"sameAs":["https:\/\/www.facebook.com\/Leriff.ch"]}]}},"_links":{"self":[{"href":"https:\/\/www.leriff.ch\/de\/wp-json\/wp\/v2\/product\/40862","targetHints":{"allow":["GET"]}}],"collection":[{"href":"https:\/\/www.leriff.ch\/de\/wp-json\/wp\/v2\/product"}],"about":[{"href":"https:\/\/www.leriff.ch\/de\/wp-json\/wp\/v2\/types\/product"}],"replies":[{"embeddable":true,"href":"https:\/\/www.leriff.ch\/de\/wp-json\/wp\/v2\/comments?post=40862"}],"wp:featuredmedia":[{"embeddable":true,"href":"https:\/\/www.leriff.ch\/de\/wp-json\/wp\/v2\/media\/3737"}],"wp:attachment":[{"href":"https:\/\/www.leriff.ch\/de\/wp-json\/wp\/v2\/media?parent=40862"}],"wp:term":[{"taxonomy":"product_brand","embeddable":true,"href":"https:\/\/www.leriff.ch\/de\/wp-json\/wp\/v2\/product_brand?post=40862"},{"taxonomy":"product_cat","embeddable":true,"href":"https:\/\/www.leriff.ch\/de\/wp-json\/wp\/v2\/product_cat?post=40862"},{"taxonomy":"product_tag","embeddable":true,"href":"https:\/\/www.leriff.ch\/de\/wp-json\/wp\/v2\/product_tag?post=40862"}],"curies":[{"name":"wp","href":"https:\/\/api.w.org\/{rel}","templated":true}]}}