{"id":40949,"date":"2015-05-03T20:43:56","date_gmt":"2022-05-06T17:17:41","guid":{"rendered":"https:\/\/www.leriff.ch\/produit\/golfballblase-blaze-glass-bong\/"},"modified":"2022-05-06T17:17:41","modified_gmt":"2022-05-06T17:17:41","slug":"blase-von-ball-von-golf-blaze-glass-bong","status":"publish","type":"product","link":"https:\/\/www.leriff.ch\/de\/produkt\/blase-von-ball-von-golf-blaze-glass-bong\/","title":{"rendered":"Golfballblase Blaze Glass Bong"},"content":{"rendered":"<p>Wir sind es gewohnt, dass BLAZE nur coole Sachen auf den Markt bringt, aber wir waren ein bisschen verliebt. S\u00fc\u00df und praktisch wie es ist, spart es nicht an Funktionalit\u00e4t. Auch hier gibt es den abnehmbaren Kopf und einen Golfballperkolator und f\u00fcr \u00c4stheten den Blickfang unter dem abgeschnittenen Rand &#8211; einfach s\u00fc\u00df.<\/p>\n<div class=\"product--description\">\nDiese Glaspfeife eignet sich auch sehr gut als Plattform f\u00fcr eine \u00d6lbong\/einen \u00d6ldab. Ersetzen Sie den Graskopf einfach durch einen \u00d6lnagel oder einen Banger.<\/div>\n<div class=\"product--description\"><\/div>\n<div class=\"product--description\">\n<ul>\n<li>\n<div class=\"vm-prop\">Material: Borosilikatglas<\/div>\n<\/li>\n<li>\n<div class=\"vm-prop\">Die Farbe Gr\u00fcn<\/div>\n<\/li>\n<li>\n<div class=\"vm-prop\">Druck: Blaze Glas Logo<\/div>\n<\/li>\n<li>\n<div class=\"vm-prop\">H\u00f6he: 200 mm<\/div>\n<\/li>\n<li>\n<div class=\"vm-prop\">Durchmesser: 71\/19mm<\/div>\n<\/li>\n<li>\n<div class=\"vm-prop\">Schnitt: NS 14 (14,5 mm)<\/div>\n<\/li>\n<li>\n<div class=\"vm-prop\">Perkolator : Kugelperkolator, Schlitzdiffusor<\/div>\n<\/li>\n<li>\n<div class=\"vm-prop\">Eis: nein<\/div>\n<\/li>\n<li>\n<div class=\"vm-prop\">Kickloch: nein<\/div>\n<\/li>\n<li>\n<div class=\"vm-prop\">\u00d6l: nein<\/div>\n<\/li>\n<\/ul>\n<\/div>\n","protected":false},"excerpt":{"rendered":"<p>Sch\u00f6ne kleine, aber sehr praktische Glasbong von BLAZE GLASS mit einem abnehmbaren Graskopf. Das robuste Borosilikatglas, die stabile Basis und der Golfballfilter machen das Rauchen so lustig! Und die h\u00fcbschen Zierpilze unter der Tasse sind ein noch gr\u00f6\u00dferer Blickfang.<\/p>\n","protected":false},"featured_media":40737,"comment_status":"closed","ping_status":"closed","template":"","meta":{"inline_featured_image":false},"product_brand":[],"product_cat":[3234],"product_tag":[],"class_list":{"0":"post-40949","1":"product","2":"type-product","3":"status-publish","4":"has-post-thumbnail","6":"product_cat-bong-de","8":"first","9":"instock","10":"shipping-taxable","11":"purchasable","12":"product-type-simple"},"yoast_head":"<!-- This site is optimized with the Yoast SEO Premium plugin v25.9 (Yoast SEO v27.4) - https:\/\/yoast.com\/product\/yoast-seo-premium-wordpress\/ -->\n<title>Golfballblase Blaze Glass Bong - Le Riff<\/title>\n<meta name=\"description\" content=\"Sch\u00f6ne kleine, aber sehr praktische Glasbong von BLAZE GLASS mit einem abnehmbaren Graskopf. Das robuste Borosilikatglas, die stabile Basis und der Golfballfilter machen das Rauchen so lustig! Und die h\u00fcbschen Zierpilze unter der Tasse sind ein noch gr\u00f6\u00dferer Blickfang.\" \/>\n<meta name=\"robots\" content=\"index, follow, max-snippet:-1, max-image-preview:large, max-video-preview:-1\" \/>\n<link rel=\"canonical\" href=\"https:\/\/www.leriff.ch\/de\/produkt\/blase-von-ball-von-golf-blaze-glass-bong\/\" \/>\n<meta property=\"og:locale\" content=\"de_DE\" \/>\n<meta property=\"og:type\" content=\"article\" \/>\n<meta property=\"og:title\" content=\"Golfballblase Blaze Glass Bong\" \/>\n<meta property=\"og:description\" content=\"Sch\u00f6ne kleine, aber sehr praktische Glasbong von BLAZE GLASS mit einem abnehmbaren Graskopf. Das robuste Borosilikatglas, die stabile Basis und der Golfballfilter machen das Rauchen so lustig! Und die h\u00fcbschen Zierpilze unter der Tasse sind ein noch gr\u00f6\u00dferer Blickfang.\" \/>\n<meta property=\"og:url\" content=\"https:\/\/www.leriff.ch\/de\/produkt\/blase-von-ball-von-golf-blaze-glass-bong\/\" \/>\n<meta property=\"og:site_name\" content=\"Le Riff\" \/>\n<meta property=\"article:publisher\" content=\"https:\/\/www.facebook.com\/Leriff.ch\" \/>\n<meta property=\"og:image\" content=\"https:\/\/www.leriff.ch\/wp-content\/uploads\/2022\/05\/Bulle-de-balle-de-golf-Blaze-Glass-Bong.jpg\" \/>\n\t<meta property=\"og:image:width\" content=\"560\" \/>\n\t<meta property=\"og:image:height\" content=\"560\" \/>\n\t<meta property=\"og:image:type\" content=\"image\/jpeg\" \/>\n<meta name=\"twitter:card\" content=\"summary_large_image\" \/>\n<meta name=\"twitter:label1\" content=\"Gesch\u00e4tzte Lesezeit\" \/>\n\t<meta name=\"twitter:data1\" content=\"1\u00a0Minute\" \/>\n<script type=\"application\/ld+json\" class=\"yoast-schema-graph\">{\"@context\":\"https:\\\/\\\/schema.org\",\"@graph\":[{\"@type\":\"WebPage\",\"@id\":\"https:\\\/\\\/www.leriff.ch\\\/de\\\/produkt\\\/blase-von-ball-von-golf-blaze-glass-bong\\\/\",\"url\":\"https:\\\/\\\/www.leriff.ch\\\/de\\\/produkt\\\/blase-von-ball-von-golf-blaze-glass-bong\\\/\",\"name\":\"Golfballblase Blaze Glass Bong - Le Riff\",\"isPartOf\":{\"@id\":\"https:\\\/\\\/www.leriff.ch\\\/de\\\/#website\"},\"primaryImageOfPage\":{\"@id\":\"https:\\\/\\\/www.leriff.ch\\\/de\\\/produkt\\\/blase-von-ball-von-golf-blaze-glass-bong\\\/#primaryimage\"},\"image\":{\"@id\":\"https:\\\/\\\/www.leriff.ch\\\/de\\\/produkt\\\/blase-von-ball-von-golf-blaze-glass-bong\\\/#primaryimage\"},\"thumbnailUrl\":\"https:\\\/\\\/www.leriff.ch\\\/wp-content\\\/uploads\\\/2022\\\/05\\\/Bulle-de-balle-de-golf-Blaze-Glass-Bong.jpg\",\"datePublished\":\"2022-05-06T17:17:41+00:00\",\"description\":\"Sch\u00f6ne kleine, aber sehr praktische Glasbong von BLAZE GLASS mit einem abnehmbaren Graskopf. Das robuste Borosilikatglas, die stabile Basis und der Golfballfilter machen das Rauchen so lustig! Und die h\u00fcbschen Zierpilze unter der Tasse sind ein noch gr\u00f6\u00dferer Blickfang.\",\"breadcrumb\":{\"@id\":\"https:\\\/\\\/www.leriff.ch\\\/de\\\/produkt\\\/blase-von-ball-von-golf-blaze-glass-bong\\\/#breadcrumb\"},\"inLanguage\":\"de\",\"potentialAction\":[{\"@type\":\"ReadAction\",\"target\":[\"https:\\\/\\\/www.leriff.ch\\\/de\\\/produkt\\\/blase-von-ball-von-golf-blaze-glass-bong\\\/\"]}]},{\"@type\":\"ImageObject\",\"inLanguage\":\"de\",\"@id\":\"https:\\\/\\\/www.leriff.ch\\\/de\\\/produkt\\\/blase-von-ball-von-golf-blaze-glass-bong\\\/#primaryimage\",\"url\":\"https:\\\/\\\/www.leriff.ch\\\/wp-content\\\/uploads\\\/2022\\\/05\\\/Bulle-de-balle-de-golf-Blaze-Glass-Bong.jpg\",\"contentUrl\":\"https:\\\/\\\/www.leriff.ch\\\/wp-content\\\/uploads\\\/2022\\\/05\\\/Bulle-de-balle-de-golf-Blaze-Glass-Bong.jpg\",\"width\":560,\"height\":560,\"caption\":\"Golfballblase Blaze Glass Bong\"},{\"@type\":\"BreadcrumbList\",\"@id\":\"https:\\\/\\\/www.leriff.ch\\\/de\\\/produkt\\\/blase-von-ball-von-golf-blaze-glass-bong\\\/#breadcrumb\",\"itemListElement\":[{\"@type\":\"ListItem\",\"position\":1,\"name\":\"Accueil\",\"item\":\"https:\\\/\\\/www.leriff.ch\\\/de\\\/\"},{\"@type\":\"ListItem\",\"position\":2,\"name\":\"Shop\",\"item\":\"https:\\\/\\\/www.leriff.ch\\\/de\\\/geschaeft\\\/\"},{\"@type\":\"ListItem\",\"position\":3,\"name\":\"Bong\",\"item\":\"https:\\\/\\\/www.leriff.ch\\\/de\\\/categorie-produit\\\/bong-de\\\/\"},{\"@type\":\"ListItem\",\"position\":4,\"name\":\"Golfballblase Blaze Glass Bong\"}]},{\"@type\":\"WebSite\",\"@id\":\"https:\\\/\\\/www.leriff.ch\\\/de\\\/#website\",\"url\":\"https:\\\/\\\/www.leriff.ch\\\/de\\\/\",\"name\":\"Le Riff\",\"description\":\"Fleurs de Cannabis CBD\",\"publisher\":{\"@id\":\"https:\\\/\\\/www.leriff.ch\\\/de\\\/#organization\"},\"potentialAction\":[{\"@type\":\"SearchAction\",\"target\":{\"@type\":\"EntryPoint\",\"urlTemplate\":\"https:\\\/\\\/www.leriff.ch\\\/de\\\/?s={search_term_string}\"},\"query-input\":{\"@type\":\"PropertyValueSpecification\",\"valueRequired\":true,\"valueName\":\"search_term_string\"}}],\"inLanguage\":\"de\"},{\"@type\":\"Organization\",\"@id\":\"https:\\\/\\\/www.leriff.ch\\\/de\\\/#organization\",\"name\":\"le riff\",\"url\":\"https:\\\/\\\/www.leriff.ch\\\/de\\\/\",\"logo\":{\"@type\":\"ImageObject\",\"inLanguage\":\"de\",\"@id\":\"https:\\\/\\\/www.leriff.ch\\\/de\\\/#\\\/schema\\\/logo\\\/image\\\/\",\"url\":\"https:\\\/\\\/www.leriff.ch\\\/wp-content\\\/uploads\\\/2019\\\/10\\\/logo_carre.png\",\"contentUrl\":\"https:\\\/\\\/www.leriff.ch\\\/wp-content\\\/uploads\\\/2019\\\/10\\\/logo_carre.png\",\"width\":130,\"height\":130,\"caption\":\"le riff\"},\"image\":{\"@id\":\"https:\\\/\\\/www.leriff.ch\\\/de\\\/#\\\/schema\\\/logo\\\/image\\\/\"},\"sameAs\":[\"https:\\\/\\\/www.facebook.com\\\/Leriff.ch\"]}]}<\/script>\n<!-- \/ Yoast SEO Premium plugin. -->","yoast_head_json":{"title":"Golfballblase Blaze Glass Bong - Le Riff","description":"Sch\u00f6ne kleine, aber sehr praktische Glasbong von BLAZE GLASS mit einem abnehmbaren Graskopf. Das robuste Borosilikatglas, die stabile Basis und der Golfballfilter machen das Rauchen so lustig! Und die h\u00fcbschen Zierpilze unter der Tasse sind ein noch gr\u00f6\u00dferer Blickfang.","robots":{"index":"index","follow":"follow","max-snippet":"max-snippet:-1","max-image-preview":"max-image-preview:large","max-video-preview":"max-video-preview:-1"},"canonical":"https:\/\/www.leriff.ch\/de\/produkt\/blase-von-ball-von-golf-blaze-glass-bong\/","og_locale":"de_DE","og_type":"article","og_title":"Golfballblase Blaze Glass Bong","og_description":"Sch\u00f6ne kleine, aber sehr praktische Glasbong von BLAZE GLASS mit einem abnehmbaren Graskopf. Das robuste Borosilikatglas, die stabile Basis und der Golfballfilter machen das Rauchen so lustig! Und die h\u00fcbschen Zierpilze unter der Tasse sind ein noch gr\u00f6\u00dferer Blickfang.","og_url":"https:\/\/www.leriff.ch\/de\/produkt\/blase-von-ball-von-golf-blaze-glass-bong\/","og_site_name":"Le Riff","article_publisher":"https:\/\/www.facebook.com\/Leriff.ch","og_image":[{"width":560,"height":560,"url":"https:\/\/www.leriff.ch\/wp-content\/uploads\/2022\/05\/Bulle-de-balle-de-golf-Blaze-Glass-Bong.jpg","type":"image\/jpeg"}],"twitter_card":"summary_large_image","twitter_misc":{"Gesch\u00e4tzte Lesezeit":"1\u00a0Minute"},"schema":{"@context":"https:\/\/schema.org","@graph":[{"@type":"WebPage","@id":"https:\/\/www.leriff.ch\/de\/produkt\/blase-von-ball-von-golf-blaze-glass-bong\/","url":"https:\/\/www.leriff.ch\/de\/produkt\/blase-von-ball-von-golf-blaze-glass-bong\/","name":"Golfballblase Blaze Glass Bong - Le Riff","isPartOf":{"@id":"https:\/\/www.leriff.ch\/de\/#website"},"primaryImageOfPage":{"@id":"https:\/\/www.leriff.ch\/de\/produkt\/blase-von-ball-von-golf-blaze-glass-bong\/#primaryimage"},"image":{"@id":"https:\/\/www.leriff.ch\/de\/produkt\/blase-von-ball-von-golf-blaze-glass-bong\/#primaryimage"},"thumbnailUrl":"https:\/\/www.leriff.ch\/wp-content\/uploads\/2022\/05\/Bulle-de-balle-de-golf-Blaze-Glass-Bong.jpg","datePublished":"2022-05-06T17:17:41+00:00","description":"Sch\u00f6ne kleine, aber sehr praktische Glasbong von BLAZE GLASS mit einem abnehmbaren Graskopf. Das robuste Borosilikatglas, die stabile Basis und der Golfballfilter machen das Rauchen so lustig! Und die h\u00fcbschen Zierpilze unter der Tasse sind ein noch gr\u00f6\u00dferer Blickfang.","breadcrumb":{"@id":"https:\/\/www.leriff.ch\/de\/produkt\/blase-von-ball-von-golf-blaze-glass-bong\/#breadcrumb"},"inLanguage":"de","potentialAction":[{"@type":"ReadAction","target":["https:\/\/www.leriff.ch\/de\/produkt\/blase-von-ball-von-golf-blaze-glass-bong\/"]}]},{"@type":"ImageObject","inLanguage":"de","@id":"https:\/\/www.leriff.ch\/de\/produkt\/blase-von-ball-von-golf-blaze-glass-bong\/#primaryimage","url":"https:\/\/www.leriff.ch\/wp-content\/uploads\/2022\/05\/Bulle-de-balle-de-golf-Blaze-Glass-Bong.jpg","contentUrl":"https:\/\/www.leriff.ch\/wp-content\/uploads\/2022\/05\/Bulle-de-balle-de-golf-Blaze-Glass-Bong.jpg","width":560,"height":560,"caption":"Golfballblase Blaze Glass Bong"},{"@type":"BreadcrumbList","@id":"https:\/\/www.leriff.ch\/de\/produkt\/blase-von-ball-von-golf-blaze-glass-bong\/#breadcrumb","itemListElement":[{"@type":"ListItem","position":1,"name":"Accueil","item":"https:\/\/www.leriff.ch\/de\/"},{"@type":"ListItem","position":2,"name":"Shop","item":"https:\/\/www.leriff.ch\/de\/geschaeft\/"},{"@type":"ListItem","position":3,"name":"Bong","item":"https:\/\/www.leriff.ch\/de\/categorie-produit\/bong-de\/"},{"@type":"ListItem","position":4,"name":"Golfballblase Blaze Glass Bong"}]},{"@type":"WebSite","@id":"https:\/\/www.leriff.ch\/de\/#website","url":"https:\/\/www.leriff.ch\/de\/","name":"Le Riff","description":"Fleurs de Cannabis CBD","publisher":{"@id":"https:\/\/www.leriff.ch\/de\/#organization"},"potentialAction":[{"@type":"SearchAction","target":{"@type":"EntryPoint","urlTemplate":"https:\/\/www.leriff.ch\/de\/?s={search_term_string}"},"query-input":{"@type":"PropertyValueSpecification","valueRequired":true,"valueName":"search_term_string"}}],"inLanguage":"de"},{"@type":"Organization","@id":"https:\/\/www.leriff.ch\/de\/#organization","name":"le riff","url":"https:\/\/www.leriff.ch\/de\/","logo":{"@type":"ImageObject","inLanguage":"de","@id":"https:\/\/www.leriff.ch\/de\/#\/schema\/logo\/image\/","url":"https:\/\/www.leriff.ch\/wp-content\/uploads\/2019\/10\/logo_carre.png","contentUrl":"https:\/\/www.leriff.ch\/wp-content\/uploads\/2019\/10\/logo_carre.png","width":130,"height":130,"caption":"le riff"},"image":{"@id":"https:\/\/www.leriff.ch\/de\/#\/schema\/logo\/image\/"},"sameAs":["https:\/\/www.facebook.com\/Leriff.ch"]}]}},"_links":{"self":[{"href":"https:\/\/www.leriff.ch\/de\/wp-json\/wp\/v2\/product\/40949","targetHints":{"allow":["GET"]}}],"collection":[{"href":"https:\/\/www.leriff.ch\/de\/wp-json\/wp\/v2\/product"}],"about":[{"href":"https:\/\/www.leriff.ch\/de\/wp-json\/wp\/v2\/types\/product"}],"replies":[{"embeddable":true,"href":"https:\/\/www.leriff.ch\/de\/wp-json\/wp\/v2\/comments?post=40949"}],"wp:featuredmedia":[{"embeddable":true,"href":"https:\/\/www.leriff.ch\/de\/wp-json\/wp\/v2\/media\/40737"}],"wp:attachment":[{"href":"https:\/\/www.leriff.ch\/de\/wp-json\/wp\/v2\/media?parent=40949"}],"wp:term":[{"taxonomy":"product_brand","embeddable":true,"href":"https:\/\/www.leriff.ch\/de\/wp-json\/wp\/v2\/product_brand?post=40949"},{"taxonomy":"product_cat","embeddable":true,"href":"https:\/\/www.leriff.ch\/de\/wp-json\/wp\/v2\/product_cat?post=40949"},{"taxonomy":"product_tag","embeddable":true,"href":"https:\/\/www.leriff.ch\/de\/wp-json\/wp\/v2\/product_tag?post=40949"}],"curies":[{"name":"wp","href":"https:\/\/api.w.org\/{rel}","templated":true}]}}