{"id":40955,"date":"2015-05-03T19:56:52","date_gmt":"2022-05-06T18:24:15","guid":{"rendered":"https:\/\/www.leriff.ch\/produit\/elektrisch-powermatic-2-automatische-maschine-zum-drehen-von-zigaretten\/"},"modified":"2023-04-19T20:10:04","modified_gmt":"2023-04-19T18:10:04","slug":"electric-powermatic-2-machine-automatic-a-rollen-zigaretten","status":"publish","type":"product","link":"https:\/\/www.leriff.ch\/de\/produkt\/electric-powermatic-2-machine-automatic-a-rollen-zigaretten\/","title":{"rendered":"Elektrisch Powermatic 2+ Automatische Maschine zum Drehen von Zigaretten"},"content":{"rendered":"<p>Die Powermatic 2+ ist eine automatische Maschine zum Drehen von Zigaretten, die Strom zum Betrieb ben\u00f6tigt. Sie wurde entwickelt, um den Prozess des Zigarettenrollens zu erleichtern, und ist mit verschiedenen Funktionen ausgestattet, um die Qualit\u00e4t und Konsistenz der gedrehten Zigaretten zu optimieren.<\/p>\n<p>Hier finden Sie einige Informationen \u00fcber die Powermatic 2+ Maschine :<\/p>\n<p> Die Maschine ist mit einem Elektromotor ausgestattet, der den Rollprozess antreibt.<br \/>\n Sie ist in der Lage, Zigaretten mit zerkleinertem Tabak in verschiedenen Gr\u00f6\u00dfen und Texturen zu drehen.<br \/>\n Die Maschine ist mit einem Tabakbeh\u00e4lter, einem Aschebeh\u00e4lter und einem Auffangbeh\u00e4lter f\u00fcr Zigaretten ausgestattet.<br \/>\n Sie verf\u00fcgt \u00fcber ein System zur Einstellung der Tabakdichte, sodass die Benutzerinnen und Benutzer die Menge des Tabaks, die f\u00fcr jede Zigarette verwendet wird, einstellen k\u00f6nnen.<br \/>\n Die Maschine kann Zigaretten verschiedener Gr\u00f6\u00dfen drehen, darunter Standardzigaretten von 84 mm und Zigaretten von 100 mm.<br \/>\n Sie ist mit einem Stopf-Erkennungssystem ausgestattet, das verhindert, dass die Zigaretten w\u00e4hrend des Rollprozesses verstopfen.<br \/>\n Die Maschine ist einfach zu bedienen und kann bis zu 20 Zigaretten in weniger als 5 Minuten herstellen.<\/p>\n<p>Diese Informationen sollten Ihnen eine allgemeine Vorstellung davon vermitteln, was Sie von der Powermatic 2+ erwarten k\u00f6nnen. Wenn Sie jedoch spezifischere Fragen haben, z\u00f6gern Sie bitte nicht zu fragen.<br \/>\nEine komplette Zigarettenschachtel kann in nur wenigen Minuten gef\u00fcllt werden, ohne dass man sich wie bei Spiralmaschinen um das Zusammenkleben des Tabaks und das Herunterfallen der Glut k\u00fcmmern muss. (Besonders unbequem beim Fahren).<\/p>\n<p>Der Mechanismus ist \u00e4hnlich wie bei Hebelstopfmaschinen, nur mit dem gro\u00dfen Vorteil, dass die Zigarettenh\u00fclse mit &#8222;Motorunterst\u00fctzung&#8220; gef\u00fcllt ist und Sie sich nicht an der Maschine verschlucken m\u00fcssen. Er verrutscht nicht auf dem Tisch und es gibt auch kein Einklemmen des F\u00fcllmechanismus.<\/p>\n<p>Zubeh\u00f6r :<\/p>\n<p>Reinigungsb\u00fcrste<br \/>\nPinsel<br \/>\nStift zum Entfernen von Tabakr\u00fcckst\u00e4nden<\/p>\n<p>Sie werden enthusiastisch sein<\/p>\n<p>weil es sehr gut funktioniert<br \/>\nSie sparen etwa 50-60% der Kosten im Vergleich zu normalen Zigaretten.<br \/>\nkeine Ersatzteile ben\u00f6tigt werden (z. B. Ersatzspule)<br \/>\ndu am Ende des Jahres noch Geld f\u00fcr den Urlaub \u00fcbrig hast<br \/>\ndas ist lustig<br \/>\nes eignet sich f\u00fcr Anf\u00e4nger und Profis<\/p>\n<p>Probieren Sie es aus und seien Sie zufrieden.<\/p>\n","protected":false},"excerpt":{"rendered":"<p>Die Powermatic 2+ ist eine automatische elektrische Zigarettendrehmaschine, die den Prozess des Selbstdrehens von Zigaretten erleichtern soll. Sie verf\u00fcgt \u00fcber Funktionen wie ein System zur Einstellung der Tabakdichte, ein Stopf-Erkennungssystem und kann Zigaretten unterschiedlicher Gr\u00f6\u00dfe drehen. Sie ist einfach zu bedienen und kann in weniger als 5 Minuten bis zu 20 Zigaretten produzieren. Ist derzeit wahrscheinlich die beste halbautomatische Zigarettenstopfmaschine.<\/p>\n","protected":false},"featured_media":40712,"comment_status":"closed","ping_status":"closed","template":"","meta":{"inline_featured_image":false},"product_brand":[],"product_cat":[3237,3908,3909],"product_tag":[],"class_list":{"0":"post-40955","1":"product","2":"type-product","3":"status-publish","4":"has-post-thumbnail","6":"product_cat-hulsenmacher-fur-zigaretten","7":"product_cat-maschinen-zum-drehen-von-zigaretten","8":"product_cat-zubehor-fur-zigaretten","10":"first","11":"instock","12":"shipping-taxable","13":"purchasable","14":"product-type-simple"},"yoast_head":"<!-- This site is optimized with the Yoast SEO Premium plugin v25.9 (Yoast SEO v27.3) - https:\/\/yoast.com\/product\/yoast-seo-premium-wordpress\/ -->\n<title>Powermatic 2+: Automatische elektrische Zigarettendrehmaschine - Le Riff<\/title>\n<meta name=\"description\" content=\"Die Powermatic 2+ ist eine automatische elektrische Zigarettendrehmaschine, die den Prozess des Selbstdrehens von Zigaretten erleichtern soll. Mit einem Elektromotor, einem System zur Einstellung der Tabakdichte und einem Stauerkennungssystem kann sie bis zu 20 Zigaretten in weniger als 5 Minuten produzieren. Die Maschine ist einfach zu bedienen und kann Zigaretten in verschiedenen Gr\u00f6\u00dfen drehen, was sie zu einer idealen Wahl f\u00fcr Zigarettenliebhaber macht, die Zeit und Geld sparen wollen.\" \/>\n<meta name=\"robots\" content=\"index, follow, max-snippet:-1, max-image-preview:large, max-video-preview:-1\" \/>\n<link rel=\"canonical\" href=\"https:\/\/www.leriff.ch\/de\/produkt\/electric-powermatic-2-machine-automatic-a-rollen-zigaretten\/\" \/>\n<meta property=\"og:locale\" content=\"de_DE\" \/>\n<meta property=\"og:type\" content=\"article\" \/>\n<meta property=\"og:title\" content=\"Elektrisch Powermatic 2+ Automatische Maschine zum Drehen von Zigaretten\" \/>\n<meta property=\"og:description\" content=\"Die Powermatic 2+ ist eine automatische elektrische Zigarettendrehmaschine, die den Prozess des Selbstdrehens von Zigaretten erleichtern soll. Mit einem Elektromotor, einem System zur Einstellung der Tabakdichte und einem Stauerkennungssystem kann sie bis zu 20 Zigaretten in weniger als 5 Minuten produzieren. Die Maschine ist einfach zu bedienen und kann Zigaretten in verschiedenen Gr\u00f6\u00dfen drehen, was sie zu einer idealen Wahl f\u00fcr Zigarettenliebhaber macht, die Zeit und Geld sparen wollen.\" \/>\n<meta property=\"og:url\" content=\"https:\/\/www.leriff.ch\/de\/produkt\/electric-powermatic-2-machine-automatic-a-rollen-zigaretten\/\" \/>\n<meta property=\"og:site_name\" content=\"Le Riff\" \/>\n<meta property=\"article:publisher\" content=\"https:\/\/www.facebook.com\/Leriff.ch\" \/>\n<meta property=\"article:modified_time\" content=\"2023-04-19T18:10:04+00:00\" \/>\n<meta property=\"og:image\" content=\"https:\/\/www.leriff.ch\/wp-content\/uploads\/2022\/05\/Electrique-Powermatic-2-Machine-automatique-a-rouler-cigarettes.jpg\" \/>\n\t<meta property=\"og:image:width\" content=\"560\" \/>\n\t<meta property=\"og:image:height\" content=\"560\" \/>\n\t<meta property=\"og:image:type\" content=\"image\/jpeg\" \/>\n<meta name=\"twitter:card\" content=\"summary_large_image\" \/>\n<meta name=\"twitter:label1\" content=\"Gesch\u00e4tzte Lesezeit\" \/>\n\t<meta name=\"twitter:data1\" content=\"2\u00a0Minuten\" \/>\n<script type=\"application\/ld+json\" class=\"yoast-schema-graph\">{\"@context\":\"https:\\\/\\\/schema.org\",\"@graph\":[{\"@type\":\"WebPage\",\"@id\":\"https:\\\/\\\/www.leriff.ch\\\/de\\\/produkt\\\/electric-powermatic-2-machine-automatic-a-rollen-zigaretten\\\/\",\"url\":\"https:\\\/\\\/www.leriff.ch\\\/de\\\/produkt\\\/electric-powermatic-2-machine-automatic-a-rollen-zigaretten\\\/\",\"name\":\"Powermatic 2+: Automatische elektrische Zigarettendrehmaschine - Le Riff\",\"isPartOf\":{\"@id\":\"https:\\\/\\\/www.leriff.ch\\\/de\\\/#website\"},\"primaryImageOfPage\":{\"@id\":\"https:\\\/\\\/www.leriff.ch\\\/de\\\/produkt\\\/electric-powermatic-2-machine-automatic-a-rollen-zigaretten\\\/#primaryimage\"},\"image\":{\"@id\":\"https:\\\/\\\/www.leriff.ch\\\/de\\\/produkt\\\/electric-powermatic-2-machine-automatic-a-rollen-zigaretten\\\/#primaryimage\"},\"thumbnailUrl\":\"https:\\\/\\\/www.leriff.ch\\\/wp-content\\\/uploads\\\/2022\\\/05\\\/Electrique-Powermatic-2-Machine-automatique-a-rouler-cigarettes.jpg\",\"datePublished\":\"2022-05-06T18:24:15+00:00\",\"dateModified\":\"2023-04-19T18:10:04+00:00\",\"description\":\"Die Powermatic 2+ ist eine automatische elektrische Zigarettendrehmaschine, die den Prozess des Selbstdrehens von Zigaretten erleichtern soll. Mit einem Elektromotor, einem System zur Einstellung der Tabakdichte und einem Stauerkennungssystem kann sie bis zu 20 Zigaretten in weniger als 5 Minuten produzieren. Die Maschine ist einfach zu bedienen und kann Zigaretten in verschiedenen Gr\u00f6\u00dfen drehen, was sie zu einer idealen Wahl f\u00fcr Zigarettenliebhaber macht, die Zeit und Geld sparen wollen.\",\"breadcrumb\":{\"@id\":\"https:\\\/\\\/www.leriff.ch\\\/de\\\/produkt\\\/electric-powermatic-2-machine-automatic-a-rollen-zigaretten\\\/#breadcrumb\"},\"inLanguage\":\"de\",\"potentialAction\":[{\"@type\":\"ReadAction\",\"target\":[\"https:\\\/\\\/www.leriff.ch\\\/de\\\/produkt\\\/electric-powermatic-2-machine-automatic-a-rollen-zigaretten\\\/\"]}]},{\"@type\":\"ImageObject\",\"inLanguage\":\"de\",\"@id\":\"https:\\\/\\\/www.leriff.ch\\\/de\\\/produkt\\\/electric-powermatic-2-machine-automatic-a-rollen-zigaretten\\\/#primaryimage\",\"url\":\"https:\\\/\\\/www.leriff.ch\\\/wp-content\\\/uploads\\\/2022\\\/05\\\/Electrique-Powermatic-2-Machine-automatique-a-rouler-cigarettes.jpg\",\"contentUrl\":\"https:\\\/\\\/www.leriff.ch\\\/wp-content\\\/uploads\\\/2022\\\/05\\\/Electrique-Powermatic-2-Machine-automatique-a-rouler-cigarettes.jpg\",\"width\":560,\"height\":560,\"caption\":\"Elektrisch Powermatic 2+ Automatische Maschine zum Drehen von Zigaretten\"},{\"@type\":\"BreadcrumbList\",\"@id\":\"https:\\\/\\\/www.leriff.ch\\\/de\\\/produkt\\\/electric-powermatic-2-machine-automatic-a-rollen-zigaretten\\\/#breadcrumb\",\"itemListElement\":[{\"@type\":\"ListItem\",\"position\":1,\"name\":\"Accueil\",\"item\":\"https:\\\/\\\/www.leriff.ch\\\/de\\\/\"},{\"@type\":\"ListItem\",\"position\":2,\"name\":\"Shop\",\"item\":\"https:\\\/\\\/www.leriff.ch\\\/de\\\/geschaeft\\\/\"},{\"@type\":\"ListItem\",\"position\":3,\"name\":\"H\u00fclsenmacher f\u00fcr Zigaretten\",\"item\":\"https:\\\/\\\/www.leriff.ch\\\/de\\\/categorie-produit\\\/hulsenmacher-fur-zigaretten\\\/\"},{\"@type\":\"ListItem\",\"position\":4,\"name\":\"Elektrisch Powermatic 2+ Automatische Maschine zum Drehen von Zigaretten\"}]},{\"@type\":\"WebSite\",\"@id\":\"https:\\\/\\\/www.leriff.ch\\\/de\\\/#website\",\"url\":\"https:\\\/\\\/www.leriff.ch\\\/de\\\/\",\"name\":\"Le Riff\",\"description\":\"Fleurs de Cannabis CBD\",\"publisher\":{\"@id\":\"https:\\\/\\\/www.leriff.ch\\\/de\\\/#organization\"},\"potentialAction\":[{\"@type\":\"SearchAction\",\"target\":{\"@type\":\"EntryPoint\",\"urlTemplate\":\"https:\\\/\\\/www.leriff.ch\\\/de\\\/?s={search_term_string}\"},\"query-input\":{\"@type\":\"PropertyValueSpecification\",\"valueRequired\":true,\"valueName\":\"search_term_string\"}}],\"inLanguage\":\"de\"},{\"@type\":\"Organization\",\"@id\":\"https:\\\/\\\/www.leriff.ch\\\/de\\\/#organization\",\"name\":\"le riff\",\"url\":\"https:\\\/\\\/www.leriff.ch\\\/de\\\/\",\"logo\":{\"@type\":\"ImageObject\",\"inLanguage\":\"de\",\"@id\":\"https:\\\/\\\/www.leriff.ch\\\/de\\\/#\\\/schema\\\/logo\\\/image\\\/\",\"url\":\"https:\\\/\\\/www.leriff.ch\\\/wp-content\\\/uploads\\\/2019\\\/10\\\/logo_carre.png\",\"contentUrl\":\"https:\\\/\\\/www.leriff.ch\\\/wp-content\\\/uploads\\\/2019\\\/10\\\/logo_carre.png\",\"width\":130,\"height\":130,\"caption\":\"le riff\"},\"image\":{\"@id\":\"https:\\\/\\\/www.leriff.ch\\\/de\\\/#\\\/schema\\\/logo\\\/image\\\/\"},\"sameAs\":[\"https:\\\/\\\/www.facebook.com\\\/Leriff.ch\"]}]}<\/script>\n<!-- \/ Yoast SEO Premium plugin. -->","yoast_head_json":{"title":"Powermatic 2+: Automatische elektrische Zigarettendrehmaschine - Le Riff","description":"Die Powermatic 2+ ist eine automatische elektrische Zigarettendrehmaschine, die den Prozess des Selbstdrehens von Zigaretten erleichtern soll. Mit einem Elektromotor, einem System zur Einstellung der Tabakdichte und einem Stauerkennungssystem kann sie bis zu 20 Zigaretten in weniger als 5 Minuten produzieren. Die Maschine ist einfach zu bedienen und kann Zigaretten in verschiedenen Gr\u00f6\u00dfen drehen, was sie zu einer idealen Wahl f\u00fcr Zigarettenliebhaber macht, die Zeit und Geld sparen wollen.","robots":{"index":"index","follow":"follow","max-snippet":"max-snippet:-1","max-image-preview":"max-image-preview:large","max-video-preview":"max-video-preview:-1"},"canonical":"https:\/\/www.leriff.ch\/de\/produkt\/electric-powermatic-2-machine-automatic-a-rollen-zigaretten\/","og_locale":"de_DE","og_type":"article","og_title":"Elektrisch Powermatic 2+ Automatische Maschine zum Drehen von Zigaretten","og_description":"Die Powermatic 2+ ist eine automatische elektrische Zigarettendrehmaschine, die den Prozess des Selbstdrehens von Zigaretten erleichtern soll. Mit einem Elektromotor, einem System zur Einstellung der Tabakdichte und einem Stauerkennungssystem kann sie bis zu 20 Zigaretten in weniger als 5 Minuten produzieren. Die Maschine ist einfach zu bedienen und kann Zigaretten in verschiedenen Gr\u00f6\u00dfen drehen, was sie zu einer idealen Wahl f\u00fcr Zigarettenliebhaber macht, die Zeit und Geld sparen wollen.","og_url":"https:\/\/www.leriff.ch\/de\/produkt\/electric-powermatic-2-machine-automatic-a-rollen-zigaretten\/","og_site_name":"Le Riff","article_publisher":"https:\/\/www.facebook.com\/Leriff.ch","article_modified_time":"2023-04-19T18:10:04+00:00","og_image":[{"width":560,"height":560,"url":"https:\/\/www.leriff.ch\/wp-content\/uploads\/2022\/05\/Electrique-Powermatic-2-Machine-automatique-a-rouler-cigarettes.jpg","type":"image\/jpeg"}],"twitter_card":"summary_large_image","twitter_misc":{"Gesch\u00e4tzte Lesezeit":"2\u00a0Minuten"},"schema":{"@context":"https:\/\/schema.org","@graph":[{"@type":"WebPage","@id":"https:\/\/www.leriff.ch\/de\/produkt\/electric-powermatic-2-machine-automatic-a-rollen-zigaretten\/","url":"https:\/\/www.leriff.ch\/de\/produkt\/electric-powermatic-2-machine-automatic-a-rollen-zigaretten\/","name":"Powermatic 2+: Automatische elektrische Zigarettendrehmaschine - Le Riff","isPartOf":{"@id":"https:\/\/www.leriff.ch\/de\/#website"},"primaryImageOfPage":{"@id":"https:\/\/www.leriff.ch\/de\/produkt\/electric-powermatic-2-machine-automatic-a-rollen-zigaretten\/#primaryimage"},"image":{"@id":"https:\/\/www.leriff.ch\/de\/produkt\/electric-powermatic-2-machine-automatic-a-rollen-zigaretten\/#primaryimage"},"thumbnailUrl":"https:\/\/www.leriff.ch\/wp-content\/uploads\/2022\/05\/Electrique-Powermatic-2-Machine-automatique-a-rouler-cigarettes.jpg","datePublished":"2022-05-06T18:24:15+00:00","dateModified":"2023-04-19T18:10:04+00:00","description":"Die Powermatic 2+ ist eine automatische elektrische Zigarettendrehmaschine, die den Prozess des Selbstdrehens von Zigaretten erleichtern soll. Mit einem Elektromotor, einem System zur Einstellung der Tabakdichte und einem Stauerkennungssystem kann sie bis zu 20 Zigaretten in weniger als 5 Minuten produzieren. Die Maschine ist einfach zu bedienen und kann Zigaretten in verschiedenen Gr\u00f6\u00dfen drehen, was sie zu einer idealen Wahl f\u00fcr Zigarettenliebhaber macht, die Zeit und Geld sparen wollen.","breadcrumb":{"@id":"https:\/\/www.leriff.ch\/de\/produkt\/electric-powermatic-2-machine-automatic-a-rollen-zigaretten\/#breadcrumb"},"inLanguage":"de","potentialAction":[{"@type":"ReadAction","target":["https:\/\/www.leriff.ch\/de\/produkt\/electric-powermatic-2-machine-automatic-a-rollen-zigaretten\/"]}]},{"@type":"ImageObject","inLanguage":"de","@id":"https:\/\/www.leriff.ch\/de\/produkt\/electric-powermatic-2-machine-automatic-a-rollen-zigaretten\/#primaryimage","url":"https:\/\/www.leriff.ch\/wp-content\/uploads\/2022\/05\/Electrique-Powermatic-2-Machine-automatique-a-rouler-cigarettes.jpg","contentUrl":"https:\/\/www.leriff.ch\/wp-content\/uploads\/2022\/05\/Electrique-Powermatic-2-Machine-automatique-a-rouler-cigarettes.jpg","width":560,"height":560,"caption":"Elektrisch Powermatic 2+ Automatische Maschine zum Drehen von Zigaretten"},{"@type":"BreadcrumbList","@id":"https:\/\/www.leriff.ch\/de\/produkt\/electric-powermatic-2-machine-automatic-a-rollen-zigaretten\/#breadcrumb","itemListElement":[{"@type":"ListItem","position":1,"name":"Accueil","item":"https:\/\/www.leriff.ch\/de\/"},{"@type":"ListItem","position":2,"name":"Shop","item":"https:\/\/www.leriff.ch\/de\/geschaeft\/"},{"@type":"ListItem","position":3,"name":"H\u00fclsenmacher f\u00fcr Zigaretten","item":"https:\/\/www.leriff.ch\/de\/categorie-produit\/hulsenmacher-fur-zigaretten\/"},{"@type":"ListItem","position":4,"name":"Elektrisch Powermatic 2+ Automatische Maschine zum Drehen von Zigaretten"}]},{"@type":"WebSite","@id":"https:\/\/www.leriff.ch\/de\/#website","url":"https:\/\/www.leriff.ch\/de\/","name":"Le Riff","description":"Fleurs de Cannabis CBD","publisher":{"@id":"https:\/\/www.leriff.ch\/de\/#organization"},"potentialAction":[{"@type":"SearchAction","target":{"@type":"EntryPoint","urlTemplate":"https:\/\/www.leriff.ch\/de\/?s={search_term_string}"},"query-input":{"@type":"PropertyValueSpecification","valueRequired":true,"valueName":"search_term_string"}}],"inLanguage":"de"},{"@type":"Organization","@id":"https:\/\/www.leriff.ch\/de\/#organization","name":"le riff","url":"https:\/\/www.leriff.ch\/de\/","logo":{"@type":"ImageObject","inLanguage":"de","@id":"https:\/\/www.leriff.ch\/de\/#\/schema\/logo\/image\/","url":"https:\/\/www.leriff.ch\/wp-content\/uploads\/2019\/10\/logo_carre.png","contentUrl":"https:\/\/www.leriff.ch\/wp-content\/uploads\/2019\/10\/logo_carre.png","width":130,"height":130,"caption":"le riff"},"image":{"@id":"https:\/\/www.leriff.ch\/de\/#\/schema\/logo\/image\/"},"sameAs":["https:\/\/www.facebook.com\/Leriff.ch"]}]}},"_links":{"self":[{"href":"https:\/\/www.leriff.ch\/de\/wp-json\/wp\/v2\/product\/40955","targetHints":{"allow":["GET"]}}],"collection":[{"href":"https:\/\/www.leriff.ch\/de\/wp-json\/wp\/v2\/product"}],"about":[{"href":"https:\/\/www.leriff.ch\/de\/wp-json\/wp\/v2\/types\/product"}],"replies":[{"embeddable":true,"href":"https:\/\/www.leriff.ch\/de\/wp-json\/wp\/v2\/comments?post=40955"}],"wp:featuredmedia":[{"embeddable":true,"href":"https:\/\/www.leriff.ch\/de\/wp-json\/wp\/v2\/media\/40712"}],"wp:attachment":[{"href":"https:\/\/www.leriff.ch\/de\/wp-json\/wp\/v2\/media?parent=40955"}],"wp:term":[{"taxonomy":"product_brand","embeddable":true,"href":"https:\/\/www.leriff.ch\/de\/wp-json\/wp\/v2\/product_brand?post=40955"},{"taxonomy":"product_cat","embeddable":true,"href":"https:\/\/www.leriff.ch\/de\/wp-json\/wp\/v2\/product_cat?post=40955"},{"taxonomy":"product_tag","embeddable":true,"href":"https:\/\/www.leriff.ch\/de\/wp-json\/wp\/v2\/product_tag?post=40955"}],"curies":[{"name":"wp","href":"https:\/\/api.w.org\/{rel}","templated":true}]}}