{"id":40958,"date":"2015-05-03T19:44:53","date_gmt":"2022-05-06T18:40:23","guid":{"rendered":"https:\/\/www.leriff.ch\/produit\/powermatic-4-automatische-zigarettendrehmaschine-mit-trichter\/"},"modified":"2023-04-19T20:49:50","modified_gmt":"2023-04-19T18:49:50","slug":"powermatic-4-automatische-maschine-zum-drehen-von-zigaretten-mit-staubsauger","status":"publish","type":"product","link":"https:\/\/www.leriff.ch\/de\/produkt\/powermatic-4-automatische-maschine-zum-drehen-von-zigaretten-mit-staubsauger\/","title":{"rendered":"Powermatic 4+ Automatische Zigarettendrehmaschine mit Trichter"},"content":{"rendered":"<p>Die Powermatic 4+ ist eine automatische elektrische Zigarettendrehmaschine mit einem Trichter f\u00fcr eine gr\u00f6\u00dfere Tabakkapazit\u00e4t. Sie wurde entwickelt, um den Prozess des Zigarettenrollens zu erleichtern, und ist mit verschiedenen Funktionen ausgestattet, um die Qualit\u00e4t und Konsistenz der gedrehten Zigaretten zu optimieren.<\/p>\n<p>Hier finden Sie einige Informationen \u00fcber die Powermatic 4+ Maschine :<\/p>\n<p> Die Maschine ist mit einem Elektromotor ausgestattet, der den Rollprozess antreibt.<br \/>\n Sie ist in der Lage, Zigaretten mit zerkleinertem Tabak in verschiedenen Gr\u00f6\u00dfen und Texturen zu drehen.<br \/>\n Die Maschine ist mit einem Tabaktrichter ausgestattet, der bis zu 2,5-mal mehr Tabak aufnehmen kann als die Powermatic 2+.<br \/>\n Sie verf\u00fcgt \u00fcber ein System zur Einstellung der Tabakdichte, sodass die Benutzerinnen und Benutzer die Menge des Tabaks, die f\u00fcr jede Zigarette verwendet wird, einstellen k\u00f6nnen.<br \/>\n Die Maschine kann Zigaretten verschiedener Gr\u00f6\u00dfen drehen, darunter Standardzigaretten von 84 mm und Zigaretten von 100 mm.<br \/>\n Sie ist mit einem Stopf-Erkennungssystem ausgestattet, das verhindert, dass die Zigaretten w\u00e4hrend des Rollprozesses verstopfen.<br \/>\n Die Maschine ist einfach zu bedienen und kann bis zu 25 Zigaretten in weniger als 5 Minuten herstellen.<\/p>\n<p>Diese Informationen sollten Ihnen eine allgemeine Vorstellung davon vermitteln, was Sie von der Powermatic 4+ erwarten k\u00f6nnen. Wenn Sie jedoch spezifischere Fragen haben, z\u00f6gern Sie bitte nicht zu fragen.<br \/>\nEr misst 16&#215;12 cm bei einer H\u00f6he von 6 cm (bzw. 11 cm mit dem ansteckbaren\/abnehmbaren Tabaktrichter) und wiegt insgesamt 1,29 kg.<\/p>\n<p>Umfang der Lieferung:<\/p>\n<p>1 x Powermatic IV<\/p>\n<p>1 B\u00fcrste<\/p>\n<p>1x B\u00fcrste<\/p>\n<p>1x Plastikstab<\/p>\n<p>1x Ladekabel<\/p>\n","protected":false},"excerpt":{"rendered":"<p>Die Powermatic 4+ ist eine automatische elektrische Zigarettendrehmaschine, die mit einem Tabaktrichter f\u00fcr eine gr\u00f6\u00dfere Kapazit\u00e4t ausgestattet ist. Sie kann Zigaretten verschiedener Gr\u00f6\u00dfen und Texturen pr\u00e4zise drehen, da sie \u00fcber ein System zur Einstellung der Tabakdichte und ein System zur Erkennung von Stopfern verf\u00fcgt. Sie ist einfach zu bedienen und kann in weniger als 5 Minuten bis zu 25 Zigaretten produzieren. Die Powermatic IV ist die perfekte Zigarettenmaschine f\u00fcr den Hausgebrauch und den Selbstkonsum von optimal gestopften Zigaretten.<\/p>\n","protected":false},"featured_media":40716,"comment_status":"closed","ping_status":"closed","template":"","meta":{"inline_featured_image":false},"product_brand":[],"product_cat":[3237,3908,3909],"product_tag":[],"class_list":{"0":"post-40958","1":"product","2":"type-product","3":"status-publish","4":"has-post-thumbnail","6":"product_cat-hulsenmacher-fur-zigaretten","7":"product_cat-maschinen-zum-drehen-von-zigaretten","8":"product_cat-zubehor-fur-zigaretten","10":"first","11":"instock","12":"shipping-taxable","13":"purchasable","14":"product-type-simple"},"yoast_head":"<!-- This site is optimized with the Yoast SEO Premium plugin v25.9 (Yoast SEO v27.3) - https:\/\/yoast.com\/product\/yoast-seo-premium-wordpress\/ -->\n<title>Powermatic 4+ Automatische Zigarettendrehmaschine mit Trichter - Le Riff<\/title>\n<meta name=\"description\" content=\"Die Powermatic 4+ ist eine automatische elektrische Zigarettendrehmaschine, die den Prozess des Selbstdrehens von Zigaretten erleichtern soll. Mit einem Tabaktrichter, der bis zu 2,5-mal mehr Tabak aufnehmen kann als die Powermatic 2+, kann sie Zigaretten verschiedener Gr\u00f6\u00dfen und Texturen mit hoher Pr\u00e4zision und Konsistenz drehen. Die Maschine ist mit einem System zur Einstellung der Tabakdichte und einem System zur Erkennung von Papierstaus ausgestattet, um eine einfache und platzsparende Bedienung zu erm\u00f6glichen. Mithilfe ihres Elektromotors kann sie in weniger als f\u00fcnf Minuten bis zu 25 Zigaretten produzieren. Wenn Sie eine praktische und effiziente Maschine zum Drehen von Zigaretten suchen, k\u00f6nnte die Powermatic 4+ eine ausgezeichnete Wahl sein.\" \/>\n<meta name=\"robots\" content=\"index, follow, max-snippet:-1, max-image-preview:large, max-video-preview:-1\" \/>\n<link rel=\"canonical\" href=\"https:\/\/www.leriff.ch\/de\/produkt\/powermatic-4-automatische-maschine-zum-drehen-von-zigaretten-mit-staubsauger\/\" \/>\n<meta property=\"og:locale\" content=\"de_DE\" \/>\n<meta property=\"og:type\" content=\"article\" \/>\n<meta property=\"og:title\" content=\"Powermatic 4+ Automatische Zigarettendrehmaschine mit Trichter\" \/>\n<meta property=\"og:description\" content=\"Die Powermatic 4+ ist eine automatische elektrische Zigarettendrehmaschine, die den Prozess des Selbstdrehens von Zigaretten erleichtern soll. Mit einem Tabaktrichter, der bis zu 2,5-mal mehr Tabak aufnehmen kann als die Powermatic 2+, kann sie Zigaretten verschiedener Gr\u00f6\u00dfen und Texturen mit hoher Pr\u00e4zision und Konsistenz drehen. Die Maschine ist mit einem System zur Einstellung der Tabakdichte und einem System zur Erkennung von Papierstaus ausgestattet, um eine einfache und platzsparende Bedienung zu erm\u00f6glichen. Mithilfe ihres Elektromotors kann sie in weniger als f\u00fcnf Minuten bis zu 25 Zigaretten produzieren. Wenn Sie eine praktische und effiziente Maschine zum Drehen von Zigaretten suchen, k\u00f6nnte die Powermatic 4+ eine ausgezeichnete Wahl sein.\" \/>\n<meta property=\"og:url\" content=\"https:\/\/www.leriff.ch\/de\/produkt\/powermatic-4-automatische-maschine-zum-drehen-von-zigaretten-mit-staubsauger\/\" \/>\n<meta property=\"og:site_name\" content=\"Le Riff\" \/>\n<meta property=\"article:publisher\" content=\"https:\/\/www.facebook.com\/Leriff.ch\" \/>\n<meta property=\"article:modified_time\" content=\"2023-04-19T18:49:50+00:00\" \/>\n<meta property=\"og:image\" content=\"https:\/\/www.leriff.ch\/wp-content\/uploads\/2015\/05\/Powermatic-4-Machine-automatique-a-rouler-cigarettes-avec-tremie.jpg\" \/>\n\t<meta property=\"og:image:width\" content=\"560\" \/>\n\t<meta property=\"og:image:height\" content=\"560\" \/>\n\t<meta property=\"og:image:type\" content=\"image\/jpeg\" \/>\n<meta name=\"twitter:card\" content=\"summary_large_image\" \/>\n<meta name=\"twitter:label1\" content=\"Gesch\u00e4tzte Lesezeit\" \/>\n\t<meta name=\"twitter:data1\" content=\"1\u00a0Minute\" \/>\n<script type=\"application\/ld+json\" class=\"yoast-schema-graph\">{\"@context\":\"https:\\\/\\\/schema.org\",\"@graph\":[{\"@type\":\"WebPage\",\"@id\":\"https:\\\/\\\/www.leriff.ch\\\/de\\\/produkt\\\/powermatic-4-automatische-maschine-zum-drehen-von-zigaretten-mit-staubsauger\\\/\",\"url\":\"https:\\\/\\\/www.leriff.ch\\\/de\\\/produkt\\\/powermatic-4-automatische-maschine-zum-drehen-von-zigaretten-mit-staubsauger\\\/\",\"name\":\"Powermatic 4+ Automatische Zigarettendrehmaschine mit Trichter - Le Riff\",\"isPartOf\":{\"@id\":\"https:\\\/\\\/www.leriff.ch\\\/de\\\/#website\"},\"primaryImageOfPage\":{\"@id\":\"https:\\\/\\\/www.leriff.ch\\\/de\\\/produkt\\\/powermatic-4-automatische-maschine-zum-drehen-von-zigaretten-mit-staubsauger\\\/#primaryimage\"},\"image\":{\"@id\":\"https:\\\/\\\/www.leriff.ch\\\/de\\\/produkt\\\/powermatic-4-automatische-maschine-zum-drehen-von-zigaretten-mit-staubsauger\\\/#primaryimage\"},\"thumbnailUrl\":\"https:\\\/\\\/www.leriff.ch\\\/wp-content\\\/uploads\\\/2015\\\/05\\\/Powermatic-4-Machine-automatique-a-rouler-cigarettes-avec-tremie.jpg\",\"datePublished\":\"2022-05-06T18:40:23+00:00\",\"dateModified\":\"2023-04-19T18:49:50+00:00\",\"description\":\"Die Powermatic 4+ ist eine automatische elektrische Zigarettendrehmaschine, die den Prozess des Selbstdrehens von Zigaretten erleichtern soll. Mit einem Tabaktrichter, der bis zu 2,5-mal mehr Tabak aufnehmen kann als die Powermatic 2+, kann sie Zigaretten verschiedener Gr\u00f6\u00dfen und Texturen mit hoher Pr\u00e4zision und Konsistenz drehen. Die Maschine ist mit einem System zur Einstellung der Tabakdichte und einem System zur Erkennung von Papierstaus ausgestattet, um eine einfache und platzsparende Bedienung zu erm\u00f6glichen. Mithilfe ihres Elektromotors kann sie in weniger als f\u00fcnf Minuten bis zu 25 Zigaretten produzieren. Wenn Sie eine praktische und effiziente Maschine zum Drehen von Zigaretten suchen, k\u00f6nnte die Powermatic 4+ eine ausgezeichnete Wahl sein.\",\"breadcrumb\":{\"@id\":\"https:\\\/\\\/www.leriff.ch\\\/de\\\/produkt\\\/powermatic-4-automatische-maschine-zum-drehen-von-zigaretten-mit-staubsauger\\\/#breadcrumb\"},\"inLanguage\":\"de\",\"potentialAction\":[{\"@type\":\"ReadAction\",\"target\":[\"https:\\\/\\\/www.leriff.ch\\\/de\\\/produkt\\\/powermatic-4-automatische-maschine-zum-drehen-von-zigaretten-mit-staubsauger\\\/\"]}]},{\"@type\":\"ImageObject\",\"inLanguage\":\"de\",\"@id\":\"https:\\\/\\\/www.leriff.ch\\\/de\\\/produkt\\\/powermatic-4-automatische-maschine-zum-drehen-von-zigaretten-mit-staubsauger\\\/#primaryimage\",\"url\":\"https:\\\/\\\/www.leriff.ch\\\/wp-content\\\/uploads\\\/2015\\\/05\\\/Powermatic-4-Machine-automatique-a-rouler-cigarettes-avec-tremie.jpg\",\"contentUrl\":\"https:\\\/\\\/www.leriff.ch\\\/wp-content\\\/uploads\\\/2015\\\/05\\\/Powermatic-4-Machine-automatique-a-rouler-cigarettes-avec-tremie.jpg\",\"width\":560,\"height\":560,\"caption\":\"Powermatic 4+ Automatische Zigarettendrehmaschine mit Trichter\"},{\"@type\":\"BreadcrumbList\",\"@id\":\"https:\\\/\\\/www.leriff.ch\\\/de\\\/produkt\\\/powermatic-4-automatische-maschine-zum-drehen-von-zigaretten-mit-staubsauger\\\/#breadcrumb\",\"itemListElement\":[{\"@type\":\"ListItem\",\"position\":1,\"name\":\"Accueil\",\"item\":\"https:\\\/\\\/www.leriff.ch\\\/de\\\/\"},{\"@type\":\"ListItem\",\"position\":2,\"name\":\"Shop\",\"item\":\"https:\\\/\\\/www.leriff.ch\\\/de\\\/geschaeft\\\/\"},{\"@type\":\"ListItem\",\"position\":3,\"name\":\"H\u00fclsenmacher f\u00fcr Zigaretten\",\"item\":\"https:\\\/\\\/www.leriff.ch\\\/de\\\/categorie-produit\\\/hulsenmacher-fur-zigaretten\\\/\"},{\"@type\":\"ListItem\",\"position\":4,\"name\":\"Powermatic 4+ Automatische Zigarettendrehmaschine mit Trichter\"}]},{\"@type\":\"WebSite\",\"@id\":\"https:\\\/\\\/www.leriff.ch\\\/de\\\/#website\",\"url\":\"https:\\\/\\\/www.leriff.ch\\\/de\\\/\",\"name\":\"Le Riff\",\"description\":\"Fleurs de Cannabis CBD\",\"publisher\":{\"@id\":\"https:\\\/\\\/www.leriff.ch\\\/de\\\/#organization\"},\"potentialAction\":[{\"@type\":\"SearchAction\",\"target\":{\"@type\":\"EntryPoint\",\"urlTemplate\":\"https:\\\/\\\/www.leriff.ch\\\/de\\\/?s={search_term_string}\"},\"query-input\":{\"@type\":\"PropertyValueSpecification\",\"valueRequired\":true,\"valueName\":\"search_term_string\"}}],\"inLanguage\":\"de\"},{\"@type\":\"Organization\",\"@id\":\"https:\\\/\\\/www.leriff.ch\\\/de\\\/#organization\",\"name\":\"le riff\",\"url\":\"https:\\\/\\\/www.leriff.ch\\\/de\\\/\",\"logo\":{\"@type\":\"ImageObject\",\"inLanguage\":\"de\",\"@id\":\"https:\\\/\\\/www.leriff.ch\\\/de\\\/#\\\/schema\\\/logo\\\/image\\\/\",\"url\":\"https:\\\/\\\/www.leriff.ch\\\/wp-content\\\/uploads\\\/2019\\\/10\\\/logo_carre.png\",\"contentUrl\":\"https:\\\/\\\/www.leriff.ch\\\/wp-content\\\/uploads\\\/2019\\\/10\\\/logo_carre.png\",\"width\":130,\"height\":130,\"caption\":\"le riff\"},\"image\":{\"@id\":\"https:\\\/\\\/www.leriff.ch\\\/de\\\/#\\\/schema\\\/logo\\\/image\\\/\"},\"sameAs\":[\"https:\\\/\\\/www.facebook.com\\\/Leriff.ch\"]}]}<\/script>\n<!-- \/ Yoast SEO Premium plugin. -->","yoast_head_json":{"title":"Powermatic 4+ Automatische Zigarettendrehmaschine mit Trichter - Le Riff","description":"Die Powermatic 4+ ist eine automatische elektrische Zigarettendrehmaschine, die den Prozess des Selbstdrehens von Zigaretten erleichtern soll. Mit einem Tabaktrichter, der bis zu 2,5-mal mehr Tabak aufnehmen kann als die Powermatic 2+, kann sie Zigaretten verschiedener Gr\u00f6\u00dfen und Texturen mit hoher Pr\u00e4zision und Konsistenz drehen. Die Maschine ist mit einem System zur Einstellung der Tabakdichte und einem System zur Erkennung von Papierstaus ausgestattet, um eine einfache und platzsparende Bedienung zu erm\u00f6glichen. Mithilfe ihres Elektromotors kann sie in weniger als f\u00fcnf Minuten bis zu 25 Zigaretten produzieren. Wenn Sie eine praktische und effiziente Maschine zum Drehen von Zigaretten suchen, k\u00f6nnte die Powermatic 4+ eine ausgezeichnete Wahl sein.","robots":{"index":"index","follow":"follow","max-snippet":"max-snippet:-1","max-image-preview":"max-image-preview:large","max-video-preview":"max-video-preview:-1"},"canonical":"https:\/\/www.leriff.ch\/de\/produkt\/powermatic-4-automatische-maschine-zum-drehen-von-zigaretten-mit-staubsauger\/","og_locale":"de_DE","og_type":"article","og_title":"Powermatic 4+ Automatische Zigarettendrehmaschine mit Trichter","og_description":"Die Powermatic 4+ ist eine automatische elektrische Zigarettendrehmaschine, die den Prozess des Selbstdrehens von Zigaretten erleichtern soll. Mit einem Tabaktrichter, der bis zu 2,5-mal mehr Tabak aufnehmen kann als die Powermatic 2+, kann sie Zigaretten verschiedener Gr\u00f6\u00dfen und Texturen mit hoher Pr\u00e4zision und Konsistenz drehen. Die Maschine ist mit einem System zur Einstellung der Tabakdichte und einem System zur Erkennung von Papierstaus ausgestattet, um eine einfache und platzsparende Bedienung zu erm\u00f6glichen. Mithilfe ihres Elektromotors kann sie in weniger als f\u00fcnf Minuten bis zu 25 Zigaretten produzieren. Wenn Sie eine praktische und effiziente Maschine zum Drehen von Zigaretten suchen, k\u00f6nnte die Powermatic 4+ eine ausgezeichnete Wahl sein.","og_url":"https:\/\/www.leriff.ch\/de\/produkt\/powermatic-4-automatische-maschine-zum-drehen-von-zigaretten-mit-staubsauger\/","og_site_name":"Le Riff","article_publisher":"https:\/\/www.facebook.com\/Leriff.ch","article_modified_time":"2023-04-19T18:49:50+00:00","og_image":[{"width":560,"height":560,"url":"https:\/\/www.leriff.ch\/wp-content\/uploads\/2015\/05\/Powermatic-4-Machine-automatique-a-rouler-cigarettes-avec-tremie.jpg","type":"image\/jpeg"}],"twitter_card":"summary_large_image","twitter_misc":{"Gesch\u00e4tzte Lesezeit":"1\u00a0Minute"},"schema":{"@context":"https:\/\/schema.org","@graph":[{"@type":"WebPage","@id":"https:\/\/www.leriff.ch\/de\/produkt\/powermatic-4-automatische-maschine-zum-drehen-von-zigaretten-mit-staubsauger\/","url":"https:\/\/www.leriff.ch\/de\/produkt\/powermatic-4-automatische-maschine-zum-drehen-von-zigaretten-mit-staubsauger\/","name":"Powermatic 4+ Automatische Zigarettendrehmaschine mit Trichter - Le Riff","isPartOf":{"@id":"https:\/\/www.leriff.ch\/de\/#website"},"primaryImageOfPage":{"@id":"https:\/\/www.leriff.ch\/de\/produkt\/powermatic-4-automatische-maschine-zum-drehen-von-zigaretten-mit-staubsauger\/#primaryimage"},"image":{"@id":"https:\/\/www.leriff.ch\/de\/produkt\/powermatic-4-automatische-maschine-zum-drehen-von-zigaretten-mit-staubsauger\/#primaryimage"},"thumbnailUrl":"https:\/\/www.leriff.ch\/wp-content\/uploads\/2015\/05\/Powermatic-4-Machine-automatique-a-rouler-cigarettes-avec-tremie.jpg","datePublished":"2022-05-06T18:40:23+00:00","dateModified":"2023-04-19T18:49:50+00:00","description":"Die Powermatic 4+ ist eine automatische elektrische Zigarettendrehmaschine, die den Prozess des Selbstdrehens von Zigaretten erleichtern soll. Mit einem Tabaktrichter, der bis zu 2,5-mal mehr Tabak aufnehmen kann als die Powermatic 2+, kann sie Zigaretten verschiedener Gr\u00f6\u00dfen und Texturen mit hoher Pr\u00e4zision und Konsistenz drehen. Die Maschine ist mit einem System zur Einstellung der Tabakdichte und einem System zur Erkennung von Papierstaus ausgestattet, um eine einfache und platzsparende Bedienung zu erm\u00f6glichen. Mithilfe ihres Elektromotors kann sie in weniger als f\u00fcnf Minuten bis zu 25 Zigaretten produzieren. Wenn Sie eine praktische und effiziente Maschine zum Drehen von Zigaretten suchen, k\u00f6nnte die Powermatic 4+ eine ausgezeichnete Wahl sein.","breadcrumb":{"@id":"https:\/\/www.leriff.ch\/de\/produkt\/powermatic-4-automatische-maschine-zum-drehen-von-zigaretten-mit-staubsauger\/#breadcrumb"},"inLanguage":"de","potentialAction":[{"@type":"ReadAction","target":["https:\/\/www.leriff.ch\/de\/produkt\/powermatic-4-automatische-maschine-zum-drehen-von-zigaretten-mit-staubsauger\/"]}]},{"@type":"ImageObject","inLanguage":"de","@id":"https:\/\/www.leriff.ch\/de\/produkt\/powermatic-4-automatische-maschine-zum-drehen-von-zigaretten-mit-staubsauger\/#primaryimage","url":"https:\/\/www.leriff.ch\/wp-content\/uploads\/2015\/05\/Powermatic-4-Machine-automatique-a-rouler-cigarettes-avec-tremie.jpg","contentUrl":"https:\/\/www.leriff.ch\/wp-content\/uploads\/2015\/05\/Powermatic-4-Machine-automatique-a-rouler-cigarettes-avec-tremie.jpg","width":560,"height":560,"caption":"Powermatic 4+ Automatische Zigarettendrehmaschine mit Trichter"},{"@type":"BreadcrumbList","@id":"https:\/\/www.leriff.ch\/de\/produkt\/powermatic-4-automatische-maschine-zum-drehen-von-zigaretten-mit-staubsauger\/#breadcrumb","itemListElement":[{"@type":"ListItem","position":1,"name":"Accueil","item":"https:\/\/www.leriff.ch\/de\/"},{"@type":"ListItem","position":2,"name":"Shop","item":"https:\/\/www.leriff.ch\/de\/geschaeft\/"},{"@type":"ListItem","position":3,"name":"H\u00fclsenmacher f\u00fcr Zigaretten","item":"https:\/\/www.leriff.ch\/de\/categorie-produit\/hulsenmacher-fur-zigaretten\/"},{"@type":"ListItem","position":4,"name":"Powermatic 4+ Automatische Zigarettendrehmaschine mit Trichter"}]},{"@type":"WebSite","@id":"https:\/\/www.leriff.ch\/de\/#website","url":"https:\/\/www.leriff.ch\/de\/","name":"Le Riff","description":"Fleurs de Cannabis CBD","publisher":{"@id":"https:\/\/www.leriff.ch\/de\/#organization"},"potentialAction":[{"@type":"SearchAction","target":{"@type":"EntryPoint","urlTemplate":"https:\/\/www.leriff.ch\/de\/?s={search_term_string}"},"query-input":{"@type":"PropertyValueSpecification","valueRequired":true,"valueName":"search_term_string"}}],"inLanguage":"de"},{"@type":"Organization","@id":"https:\/\/www.leriff.ch\/de\/#organization","name":"le riff","url":"https:\/\/www.leriff.ch\/de\/","logo":{"@type":"ImageObject","inLanguage":"de","@id":"https:\/\/www.leriff.ch\/de\/#\/schema\/logo\/image\/","url":"https:\/\/www.leriff.ch\/wp-content\/uploads\/2019\/10\/logo_carre.png","contentUrl":"https:\/\/www.leriff.ch\/wp-content\/uploads\/2019\/10\/logo_carre.png","width":130,"height":130,"caption":"le riff"},"image":{"@id":"https:\/\/www.leriff.ch\/de\/#\/schema\/logo\/image\/"},"sameAs":["https:\/\/www.facebook.com\/Leriff.ch"]}]}},"_links":{"self":[{"href":"https:\/\/www.leriff.ch\/de\/wp-json\/wp\/v2\/product\/40958","targetHints":{"allow":["GET"]}}],"collection":[{"href":"https:\/\/www.leriff.ch\/de\/wp-json\/wp\/v2\/product"}],"about":[{"href":"https:\/\/www.leriff.ch\/de\/wp-json\/wp\/v2\/types\/product"}],"replies":[{"embeddable":true,"href":"https:\/\/www.leriff.ch\/de\/wp-json\/wp\/v2\/comments?post=40958"}],"wp:featuredmedia":[{"embeddable":true,"href":"https:\/\/www.leriff.ch\/de\/wp-json\/wp\/v2\/media\/40716"}],"wp:attachment":[{"href":"https:\/\/www.leriff.ch\/de\/wp-json\/wp\/v2\/media?parent=40958"}],"wp:term":[{"taxonomy":"product_brand","embeddable":true,"href":"https:\/\/www.leriff.ch\/de\/wp-json\/wp\/v2\/product_brand?post=40958"},{"taxonomy":"product_cat","embeddable":true,"href":"https:\/\/www.leriff.ch\/de\/wp-json\/wp\/v2\/product_cat?post=40958"},{"taxonomy":"product_tag","embeddable":true,"href":"https:\/\/www.leriff.ch\/de\/wp-json\/wp\/v2\/product_tag?post=40958"}],"curies":[{"name":"wp","href":"https:\/\/api.w.org\/{rel}","templated":true}]}}