{"id":41224,"date":"2021-04-01T14:34:34","date_gmt":"2022-05-09T05:45:22","guid":{"rendered":"https:\/\/www.leriff.ch\/produit\/gorilla-green-house\/"},"modified":"2022-05-09T05:45:22","modified_gmt":"2022-05-09T05:45:22","slug":"gorilla-green-house-2","status":"publish","type":"product","link":"https:\/\/www.leriff.ch\/de\/produkt\/gorilla-green-house-2\/","title":{"rendered":"Gorilla | Green House"},"content":{"rendered":"<div class=\"column mcb-column mcb-item-59d12b192 one column_column\">\n<div class=\"column_attr clearfix align_left\">\n<h5>Erster Produzent in der Schweiz und in Europa von aquaponischem Hanf Gorilla CBD | Green House<\/h5>\n<\/div>\n<\/div>\n<div class=\"column mcb-column mcb-item-vpdatyiu0 one column_column\">\n<div class=\"column_attr clearfix align_justify mobile_align_justify\">\n<p>Unser <strong>Gorilla CBD Green House<\/strong> ist aus der perfekten Harmonie zwischen Technologie und einer althergebrachten, umweltfreundlichen autarken Anbaumethode entstanden. Wir beherrschen diese <b>Kultur in einem geschlossenen<\/b>, autonomen Kreislauf und haben sie bis zu einem optimalen Ertrag perfektioniert, indem wir alle Faktoren, positive wie negative, automatisiert kontrollieren. Wir <b>produzieren<\/b> in <b>geschlossenen<\/b>, gesch\u00fctzten und vollst\u00e4ndig kontrollierten R\u00e4umen. Das Ergebnis ist eine Pflanze von au\u00dfergew\u00f6hnlicher <b>Qualit\u00e4t, die ihren vollen Geschmack<\/b> und ihre Cannabinoide beh\u00e4lt.<\/p>\n<\/div>\n<\/div>\n","protected":false},"excerpt":{"rendered":"<p>Als vorwiegend Indica-dominierte Hybridsorte hat unsere Sorte einen fruchtigen und moschusartigen Geschmack.<br \/>\nSein Geschmack ist sehr ausgepr\u00e4gt und unvergleichlich.<br \/>\nSie wird Ihnen eine neue und unvergessliche Erfahrung verschaffen, die Sie wirklich entdecken m\u00fcssen.<\/p>\n<p>CBD : &lt;20%<br \/>\nTHC : &lt;1%<\/p>\n","protected":false},"featured_media":0,"comment_status":"closed","ping_status":"closed","template":"","meta":{"inline_featured_image":false},"product_brand":[],"product_cat":[2738,3275,3068],"product_tag":[],"class_list":{"0":"post-41224","1":"product","2":"type-product","3":"status-publish","5":"product_cat-cbd-bluten","6":"product_cat-green-house-de-2","7":"product_cat-green-house-de","8":"pa_marque-cymbiosed-de","10":"first","11":"outofstock","12":"shipping-taxable","13":"purchasable","14":"product-type-simple"},"yoast_head":"<!-- This site is optimized with the Yoast SEO Premium plugin v25.9 (Yoast SEO v27.3) - https:\/\/yoast.com\/product\/yoast-seo-premium-wordpress\/ -->\n<title>Gorilla | Green House - CBD-Bl\u00fcten Schweiz - Le Riff<\/title>\n<meta name=\"description\" content=\"Als vorwiegend Indica-dominierte Hybridsorte hat unsere Sorte einen fruchtigen und moschusartigen Geschmack. Sein Geschmack ist sehr ausgepr\u00e4gt und unvergleichlich.\" \/>\n<meta name=\"robots\" content=\"index, follow, max-snippet:-1, max-image-preview:large, max-video-preview:-1\" \/>\n<link rel=\"canonical\" href=\"https:\/\/www.leriff.ch\/de\/produkt\/gorilla-green-house-2\/\" \/>\n<meta property=\"og:locale\" content=\"de_DE\" \/>\n<meta property=\"og:type\" content=\"article\" \/>\n<meta property=\"og:title\" content=\"Gorilla | Green House\" \/>\n<meta property=\"og:description\" content=\"Als vorwiegend Indica-dominierte Hybridsorte hat unsere Sorte einen fruchtigen und moschusartigen Geschmack. Sein Geschmack ist sehr ausgepr\u00e4gt und unvergleichlich.\" \/>\n<meta property=\"og:url\" content=\"https:\/\/www.leriff.ch\/de\/produkt\/gorilla-green-house-2\/\" \/>\n<meta property=\"og:site_name\" content=\"Le Riff\" \/>\n<meta property=\"article:publisher\" content=\"https:\/\/www.facebook.com\/Leriff.ch\" \/>\n<meta name=\"twitter:card\" content=\"summary_large_image\" \/>\n<script type=\"application\/ld+json\" class=\"yoast-schema-graph\">{\"@context\":\"https:\\\/\\\/schema.org\",\"@graph\":[{\"@type\":\"WebPage\",\"@id\":\"https:\\\/\\\/www.leriff.ch\\\/de\\\/produkt\\\/gorilla-green-house-2\\\/\",\"url\":\"https:\\\/\\\/www.leriff.ch\\\/de\\\/produkt\\\/gorilla-green-house-2\\\/\",\"name\":\"Gorilla | Green House - CBD-Bl\u00fcten Schweiz - Le Riff\",\"isPartOf\":{\"@id\":\"https:\\\/\\\/www.leriff.ch\\\/de\\\/#website\"},\"datePublished\":\"2022-05-09T05:45:22+00:00\",\"description\":\"Als vorwiegend Indica-dominierte Hybridsorte hat unsere Sorte einen fruchtigen und moschusartigen Geschmack. Sein Geschmack ist sehr ausgepr\u00e4gt und unvergleichlich.\",\"breadcrumb\":{\"@id\":\"https:\\\/\\\/www.leriff.ch\\\/de\\\/produkt\\\/gorilla-green-house-2\\\/#breadcrumb\"},\"inLanguage\":\"de\",\"potentialAction\":[{\"@type\":\"ReadAction\",\"target\":[\"https:\\\/\\\/www.leriff.ch\\\/de\\\/produkt\\\/gorilla-green-house-2\\\/\"]}]},{\"@type\":\"BreadcrumbList\",\"@id\":\"https:\\\/\\\/www.leriff.ch\\\/de\\\/produkt\\\/gorilla-green-house-2\\\/#breadcrumb\",\"itemListElement\":[{\"@type\":\"ListItem\",\"position\":1,\"name\":\"Accueil\",\"item\":\"https:\\\/\\\/www.leriff.ch\\\/de\\\/\"},{\"@type\":\"ListItem\",\"position\":2,\"name\":\"Shop\",\"item\":\"https:\\\/\\\/www.leriff.ch\\\/de\\\/geschaeft\\\/\"},{\"@type\":\"ListItem\",\"position\":3,\"name\":\"CBD Bl\u00fcten\",\"item\":\"https:\\\/\\\/www.leriff.ch\\\/de\\\/categorie-produit\\\/cbd-bluten\\\/\"},{\"@type\":\"ListItem\",\"position\":4,\"name\":\"Green House\",\"item\":\"https:\\\/\\\/www.leriff.ch\\\/de\\\/categorie-produit\\\/cbd-bluten\\\/green-house-de-2\\\/\"},{\"@type\":\"ListItem\",\"position\":5,\"name\":\"Gorilla | Green House\"}]},{\"@type\":\"WebSite\",\"@id\":\"https:\\\/\\\/www.leriff.ch\\\/de\\\/#website\",\"url\":\"https:\\\/\\\/www.leriff.ch\\\/de\\\/\",\"name\":\"Le Riff\",\"description\":\"Fleurs de Cannabis CBD\",\"publisher\":{\"@id\":\"https:\\\/\\\/www.leriff.ch\\\/de\\\/#organization\"},\"potentialAction\":[{\"@type\":\"SearchAction\",\"target\":{\"@type\":\"EntryPoint\",\"urlTemplate\":\"https:\\\/\\\/www.leriff.ch\\\/de\\\/?s={search_term_string}\"},\"query-input\":{\"@type\":\"PropertyValueSpecification\",\"valueRequired\":true,\"valueName\":\"search_term_string\"}}],\"inLanguage\":\"de\"},{\"@type\":\"Organization\",\"@id\":\"https:\\\/\\\/www.leriff.ch\\\/de\\\/#organization\",\"name\":\"le riff\",\"url\":\"https:\\\/\\\/www.leriff.ch\\\/de\\\/\",\"logo\":{\"@type\":\"ImageObject\",\"inLanguage\":\"de\",\"@id\":\"https:\\\/\\\/www.leriff.ch\\\/de\\\/#\\\/schema\\\/logo\\\/image\\\/\",\"url\":\"https:\\\/\\\/www.leriff.ch\\\/wp-content\\\/uploads\\\/2019\\\/10\\\/logo_carre.png\",\"contentUrl\":\"https:\\\/\\\/www.leriff.ch\\\/wp-content\\\/uploads\\\/2019\\\/10\\\/logo_carre.png\",\"width\":130,\"height\":130,\"caption\":\"le riff\"},\"image\":{\"@id\":\"https:\\\/\\\/www.leriff.ch\\\/de\\\/#\\\/schema\\\/logo\\\/image\\\/\"},\"sameAs\":[\"https:\\\/\\\/www.facebook.com\\\/Leriff.ch\"]}]}<\/script>\n<!-- \/ Yoast SEO Premium plugin. -->","yoast_head_json":{"title":"Gorilla | Green House - CBD-Bl\u00fcten Schweiz - Le Riff","description":"Als vorwiegend Indica-dominierte Hybridsorte hat unsere Sorte einen fruchtigen und moschusartigen Geschmack. Sein Geschmack ist sehr ausgepr\u00e4gt und unvergleichlich.","robots":{"index":"index","follow":"follow","max-snippet":"max-snippet:-1","max-image-preview":"max-image-preview:large","max-video-preview":"max-video-preview:-1"},"canonical":"https:\/\/www.leriff.ch\/de\/produkt\/gorilla-green-house-2\/","og_locale":"de_DE","og_type":"article","og_title":"Gorilla | Green House","og_description":"Als vorwiegend Indica-dominierte Hybridsorte hat unsere Sorte einen fruchtigen und moschusartigen Geschmack. Sein Geschmack ist sehr ausgepr\u00e4gt und unvergleichlich.","og_url":"https:\/\/www.leriff.ch\/de\/produkt\/gorilla-green-house-2\/","og_site_name":"Le Riff","article_publisher":"https:\/\/www.facebook.com\/Leriff.ch","twitter_card":"summary_large_image","schema":{"@context":"https:\/\/schema.org","@graph":[{"@type":"WebPage","@id":"https:\/\/www.leriff.ch\/de\/produkt\/gorilla-green-house-2\/","url":"https:\/\/www.leriff.ch\/de\/produkt\/gorilla-green-house-2\/","name":"Gorilla | Green House - CBD-Bl\u00fcten Schweiz - Le Riff","isPartOf":{"@id":"https:\/\/www.leriff.ch\/de\/#website"},"datePublished":"2022-05-09T05:45:22+00:00","description":"Als vorwiegend Indica-dominierte Hybridsorte hat unsere Sorte einen fruchtigen und moschusartigen Geschmack. Sein Geschmack ist sehr ausgepr\u00e4gt und unvergleichlich.","breadcrumb":{"@id":"https:\/\/www.leriff.ch\/de\/produkt\/gorilla-green-house-2\/#breadcrumb"},"inLanguage":"de","potentialAction":[{"@type":"ReadAction","target":["https:\/\/www.leriff.ch\/de\/produkt\/gorilla-green-house-2\/"]}]},{"@type":"BreadcrumbList","@id":"https:\/\/www.leriff.ch\/de\/produkt\/gorilla-green-house-2\/#breadcrumb","itemListElement":[{"@type":"ListItem","position":1,"name":"Accueil","item":"https:\/\/www.leriff.ch\/de\/"},{"@type":"ListItem","position":2,"name":"Shop","item":"https:\/\/www.leriff.ch\/de\/geschaeft\/"},{"@type":"ListItem","position":3,"name":"CBD Bl\u00fcten","item":"https:\/\/www.leriff.ch\/de\/categorie-produit\/cbd-bluten\/"},{"@type":"ListItem","position":4,"name":"Green House","item":"https:\/\/www.leriff.ch\/de\/categorie-produit\/cbd-bluten\/green-house-de-2\/"},{"@type":"ListItem","position":5,"name":"Gorilla | Green House"}]},{"@type":"WebSite","@id":"https:\/\/www.leriff.ch\/de\/#website","url":"https:\/\/www.leriff.ch\/de\/","name":"Le Riff","description":"Fleurs de Cannabis CBD","publisher":{"@id":"https:\/\/www.leriff.ch\/de\/#organization"},"potentialAction":[{"@type":"SearchAction","target":{"@type":"EntryPoint","urlTemplate":"https:\/\/www.leriff.ch\/de\/?s={search_term_string}"},"query-input":{"@type":"PropertyValueSpecification","valueRequired":true,"valueName":"search_term_string"}}],"inLanguage":"de"},{"@type":"Organization","@id":"https:\/\/www.leriff.ch\/de\/#organization","name":"le riff","url":"https:\/\/www.leriff.ch\/de\/","logo":{"@type":"ImageObject","inLanguage":"de","@id":"https:\/\/www.leriff.ch\/de\/#\/schema\/logo\/image\/","url":"https:\/\/www.leriff.ch\/wp-content\/uploads\/2019\/10\/logo_carre.png","contentUrl":"https:\/\/www.leriff.ch\/wp-content\/uploads\/2019\/10\/logo_carre.png","width":130,"height":130,"caption":"le riff"},"image":{"@id":"https:\/\/www.leriff.ch\/de\/#\/schema\/logo\/image\/"},"sameAs":["https:\/\/www.facebook.com\/Leriff.ch"]}]}},"_links":{"self":[{"href":"https:\/\/www.leriff.ch\/de\/wp-json\/wp\/v2\/product\/41224","targetHints":{"allow":["GET"]}}],"collection":[{"href":"https:\/\/www.leriff.ch\/de\/wp-json\/wp\/v2\/product"}],"about":[{"href":"https:\/\/www.leriff.ch\/de\/wp-json\/wp\/v2\/types\/product"}],"replies":[{"embeddable":true,"href":"https:\/\/www.leriff.ch\/de\/wp-json\/wp\/v2\/comments?post=41224"}],"wp:attachment":[{"href":"https:\/\/www.leriff.ch\/de\/wp-json\/wp\/v2\/media?parent=41224"}],"wp:term":[{"taxonomy":"product_brand","embeddable":true,"href":"https:\/\/www.leriff.ch\/de\/wp-json\/wp\/v2\/product_brand?post=41224"},{"taxonomy":"product_cat","embeddable":true,"href":"https:\/\/www.leriff.ch\/de\/wp-json\/wp\/v2\/product_cat?post=41224"},{"taxonomy":"product_tag","embeddable":true,"href":"https:\/\/www.leriff.ch\/de\/wp-json\/wp\/v2\/product_tag?post=41224"}],"curies":[{"name":"wp","href":"https:\/\/api.w.org\/{rel}","templated":true}]}}