{"id":41301,"date":"2014-05-09T13:41:38","date_gmt":"2022-05-09T15:11:13","guid":{"rendered":"https:\/\/www.leriff.ch\/produit\/uwell-valyrian-iii-kit\/"},"modified":"2022-05-09T15:51:17","modified_gmt":"2022-05-09T15:51:17","slug":"uwell-valyrian-iii-kit-2","status":"publish","type":"product","link":"https:\/\/www.leriff.ch\/de\/produkt\/uwell-valyrian-iii-kit-2\/","title":{"rendered":"Uwell Valyrian III Kit"},"content":{"rendered":"<p>Nat\u00fcrlich wurde dieser Punkt nicht nur erreicht, sondern sogar noch \u00fcbertroffen: Der Tank des Valyrian III kann mit bis zu 120 Watt gef\u00fcttert werden, was selbst f\u00fcr die hartgesottensten Cloudchaser ausreicht.<\/p>\n<p>Aber der Valyrian III-Tank produziert nicht nur Dampf, sondern entwickelt auch einen starken Geschmack.<\/p>\n<p>Der F\u00fcllmechanismus ist typisch f\u00fcr die Valyrian-Tanks: Auf Knopfdruck \u00f6ffnet sich der Deckel des Tanks, sodass der 6-ml-Tank schnell und sauber bef\u00fcllt werden kann.<\/p>\n<p>Damit der Spa\u00df nicht nach 5 Minuten aufh\u00f6rt, ist der Akku stark genug. Mit den 2x 18650 Akkus bist du bereit f\u00fcr lange Vaping-Sessions und im Gegensatz zu seinem Vorg\u00e4nger (3x 18650 Akkus) ist der Valyrian III viel leichter zu transportieren.<\/p>\n<p>Selbst wenn die Akkus leer sind, werden sie \u00fcber den USB-C-Anschluss schnell wieder aufgeladen.<\/p>\n<p>Nat\u00fcrlich kann beim Uwell Valyrian III Kit alles nach deinen W\u00fcnschen angepasst werden, einschlie\u00dflich des minimalistischen zentralen Bildschirms, mit dem du deine Leistung perfekt einstellen kannst, und vieles mehr.<\/p>\n<p>Ein kleiner Drache, der zur Au\u00dfenverkleidung passt, ziert die Unterseite des Bildschirms.<\/p>\n<p>&nbsp;<\/p>\n<p>Details :<\/p>\n<p>Abmessungen : 145.85mm x 52mm x 31.4mm<\/p>\n<p>Drucktechnik: DL<\/p>\n<p>F\u00fcllvolumen: 6ml<\/p>\n<p>Bef\u00fcllung: von oben<\/p>\n<p>Airflow: stufenlos einstellbar<\/p>\n<p>Ausgangsleistung: 5 &#8211; 200 Watt<\/p>\n<p>Batterie : 2x 18650 Akkus (nicht im Lieferumfang enthalten)<\/p>\n<p>Anschluss: USB-C<\/p>\n<p>Inhalt der Lieferung<\/p>\n<p>1x Uwell Valyrian III Batteriehalter<br \/>\n1x Uwell Valyrian III Verdampfer<br \/>\n1x 0.32 Ohm UN2 Coil (vorinstalliert)<br \/>\n1x 0.14 Ohm UN2 Coil<br \/>\n1x Ersatzdichtungen<br \/>\n1x Benutzerhandbuch<\/p>\n<p>&nbsp;<\/p>\n<p>Ger\u00e4tegarantie: Wir bieten eine Herstellergarantie von 24 Monaten, ausgenommen normale Abnutzung, Sch\u00e4den durch eindringende Fl\u00fcssigkeiten (Kondensat, Fl\u00fcssigkeit, Wasser) und nat\u00fcrliche Abnutzung. Um diese Herstellergarantie in Anspruch zu nehmen, k\u00f6nnen Sie d&#8217;Atomizer\/K\u00f6pfe : Wir gew\u00e4hren eine Funktionsgarantie auf Verschlei\u00dfteile wie Zerst\u00e4uber, Zerst\u00e4uberk\u00f6pfe und Dichtringe, wenn sie in Betrieb genommen werden. Das Aussieben oder Auslaufen ist nicht durch die Garantiebestimmungen abgedeckt.<\/p>\n<p>&nbsp;<\/p>\n<p>&nbsp;<\/p>\n","protected":false},"excerpt":{"rendered":"<p>Der Uwell Valyrian III hat nicht nur Drachenschuppen, sondern auch die Kraft eines Drachen.<\/p>\n<p>Die Valyrian-Serie war schon immer f\u00fcr \u00fcberzeugte Cloudchaser gedacht, denn das Hauptziel des Valyrian III ist es, eine gro\u00dfe Menge an Dampf zu erzeugen.<\/p>\n<p>&nbsp;<\/p>\n","protected":false},"featured_media":41294,"comment_status":"closed","ping_status":"closed","template":"","meta":{"inline_featured_image":false},"product_brand":[],"product_cat":[3295,3293],"product_tag":[],"class_list":{"0":"post-41301","1":"product","2":"type-product","3":"status-publish","4":"has-post-thumbnail","6":"product_cat-e-zigaretten","7":"product_cat-elektronische-zigaretten","8":"pa_marque-uwell-de","10":"first","11":"instock","12":"shipping-taxable","13":"purchasable","14":"product-type-variable","15":"has-default-attributes"},"yoast_head":"<!-- This site is optimized with the Yoast SEO Premium plugin v25.9 (Yoast SEO v27.2) - https:\/\/yoast.com\/product\/yoast-seo-premium-wordpress\/ -->\n<title>Uwell Valyrian III Kit - Le Riff<\/title>\n<meta name=\"description\" content=\"Der Uwell Valyrian III hat nicht nur Drachenschuppen, sondern auch die Kraft eines Drachen. Die Valyrian-Serie war schon immer f\u00fcr \u00fcberzeugte Cloudchaser gedacht, denn das Hauptziel des Valyrian III ist es, eine gro\u00dfe Menge an Dampf zu erzeugen.\" \/>\n<meta name=\"robots\" content=\"index, follow, max-snippet:-1, max-image-preview:large, max-video-preview:-1\" \/>\n<link rel=\"canonical\" href=\"https:\/\/www.leriff.ch\/de\/produkt\/uwell-valyrian-iii-kit-2\/\" \/>\n<meta property=\"og:locale\" content=\"de_DE\" \/>\n<meta property=\"og:type\" content=\"article\" \/>\n<meta property=\"og:title\" content=\"Uwell Valyrian III Kit\" \/>\n<meta property=\"og:description\" content=\"Der Uwell Valyrian III hat nicht nur Drachenschuppen, sondern auch die Kraft eines Drachen. Die Valyrian-Serie war schon immer f\u00fcr \u00fcberzeugte Cloudchaser gedacht, denn das Hauptziel des Valyrian III ist es, eine gro\u00dfe Menge an Dampf zu erzeugen.\" \/>\n<meta property=\"og:url\" content=\"https:\/\/www.leriff.ch\/de\/produkt\/uwell-valyrian-iii-kit-2\/\" \/>\n<meta property=\"og:site_name\" content=\"Le Riff\" \/>\n<meta property=\"article:publisher\" content=\"https:\/\/www.facebook.com\/Leriff.ch\" \/>\n<meta property=\"article:modified_time\" content=\"2022-05-09T15:51:17+00:00\" \/>\n<meta property=\"og:image\" content=\"https:\/\/www.leriff.ch\/wp-content\/uploads\/2022\/05\/Uwell-Valyrian-III-Kit_midnight_full-colors.jpg\" \/>\n\t<meta property=\"og:image:width\" content=\"560\" \/>\n\t<meta property=\"og:image:height\" content=\"560\" \/>\n\t<meta property=\"og:image:type\" content=\"image\/jpeg\" \/>\n<meta name=\"twitter:card\" content=\"summary_large_image\" \/>\n<meta name=\"twitter:label1\" content=\"Gesch\u00e4tzte Lesezeit\" \/>\n\t<meta name=\"twitter:data1\" content=\"2\u00a0Minuten\" \/>\n<script type=\"application\/ld+json\" class=\"yoast-schema-graph\">{\"@context\":\"https:\/\/schema.org\",\"@graph\":[{\"@type\":\"WebPage\",\"@id\":\"https:\/\/www.leriff.ch\/de\/produkt\/uwell-valyrian-iii-kit-2\/\",\"url\":\"https:\/\/www.leriff.ch\/de\/produkt\/uwell-valyrian-iii-kit-2\/\",\"name\":\"Uwell Valyrian III Kit - Le Riff\",\"isPartOf\":{\"@id\":\"https:\/\/www.leriff.ch\/de\/#website\"},\"primaryImageOfPage\":{\"@id\":\"https:\/\/www.leriff.ch\/de\/produkt\/uwell-valyrian-iii-kit-2\/#primaryimage\"},\"image\":{\"@id\":\"https:\/\/www.leriff.ch\/de\/produkt\/uwell-valyrian-iii-kit-2\/#primaryimage\"},\"thumbnailUrl\":\"https:\/\/www.leriff.ch\/wp-content\/uploads\/2022\/05\/Uwell-Valyrian-III-Kit_midnight_full-colors.jpg\",\"datePublished\":\"2022-05-09T15:11:13+00:00\",\"dateModified\":\"2022-05-09T15:51:17+00:00\",\"description\":\"Der Uwell Valyrian III hat nicht nur Drachenschuppen, sondern auch die Kraft eines Drachen. Die Valyrian-Serie war schon immer f\u00fcr \u00fcberzeugte Cloudchaser gedacht, denn das Hauptziel des Valyrian III ist es, eine gro\u00dfe Menge an Dampf zu erzeugen.\",\"breadcrumb\":{\"@id\":\"https:\/\/www.leriff.ch\/de\/produkt\/uwell-valyrian-iii-kit-2\/#breadcrumb\"},\"inLanguage\":\"de\",\"potentialAction\":[{\"@type\":\"ReadAction\",\"target\":[\"https:\/\/www.leriff.ch\/de\/produkt\/uwell-valyrian-iii-kit-2\/\"]}]},{\"@type\":\"ImageObject\",\"inLanguage\":\"de\",\"@id\":\"https:\/\/www.leriff.ch\/de\/produkt\/uwell-valyrian-iii-kit-2\/#primaryimage\",\"url\":\"https:\/\/www.leriff.ch\/wp-content\/uploads\/2022\/05\/Uwell-Valyrian-III-Kit_midnight_full-colors.jpg\",\"contentUrl\":\"https:\/\/www.leriff.ch\/wp-content\/uploads\/2022\/05\/Uwell-Valyrian-III-Kit_midnight_full-colors.jpg\",\"width\":560,\"height\":560},{\"@type\":\"BreadcrumbList\",\"@id\":\"https:\/\/www.leriff.ch\/de\/produkt\/uwell-valyrian-iii-kit-2\/#breadcrumb\",\"itemListElement\":[{\"@type\":\"ListItem\",\"position\":1,\"name\":\"Accueil\",\"item\":\"https:\/\/www.leriff.ch\/de\/\"},{\"@type\":\"ListItem\",\"position\":2,\"name\":\"Shop\",\"item\":\"https:\/\/www.leriff.ch\/de\/geschaeft\/\"},{\"@type\":\"ListItem\",\"position\":3,\"name\":\"Elektronische Zigaretten\",\"item\":\"https:\/\/www.leriff.ch\/de\/categorie-produit\/elektronische-zigaretten\/\"},{\"@type\":\"ListItem\",\"position\":4,\"name\":\"E-Zigaretten\",\"item\":\"https:\/\/www.leriff.ch\/de\/categorie-produit\/elektronische-zigaretten\/e-zigaretten\/\"},{\"@type\":\"ListItem\",\"position\":5,\"name\":\"Uwell Valyrian III Kit\"}]},{\"@type\":\"WebSite\",\"@id\":\"https:\/\/www.leriff.ch\/de\/#website\",\"url\":\"https:\/\/www.leriff.ch\/de\/\",\"name\":\"Le Riff\",\"description\":\"Fleurs de Cannabis CBD\",\"publisher\":{\"@id\":\"https:\/\/www.leriff.ch\/de\/#organization\"},\"potentialAction\":[{\"@type\":\"SearchAction\",\"target\":{\"@type\":\"EntryPoint\",\"urlTemplate\":\"https:\/\/www.leriff.ch\/de\/?s={search_term_string}\"},\"query-input\":{\"@type\":\"PropertyValueSpecification\",\"valueRequired\":true,\"valueName\":\"search_term_string\"}}],\"inLanguage\":\"de\"},{\"@type\":\"Organization\",\"@id\":\"https:\/\/www.leriff.ch\/de\/#organization\",\"name\":\"le riff\",\"url\":\"https:\/\/www.leriff.ch\/de\/\",\"logo\":{\"@type\":\"ImageObject\",\"inLanguage\":\"de\",\"@id\":\"https:\/\/www.leriff.ch\/de\/#\/schema\/logo\/image\/\",\"url\":\"https:\/\/www.leriff.ch\/wp-content\/uploads\/2019\/10\/logo_carre.png\",\"contentUrl\":\"https:\/\/www.leriff.ch\/wp-content\/uploads\/2019\/10\/logo_carre.png\",\"width\":130,\"height\":130,\"caption\":\"le riff\"},\"image\":{\"@id\":\"https:\/\/www.leriff.ch\/de\/#\/schema\/logo\/image\/\"},\"sameAs\":[\"https:\/\/www.facebook.com\/Leriff.ch\"]}]}<\/script>\n<!-- \/ Yoast SEO Premium plugin. -->","yoast_head_json":{"title":"Uwell Valyrian III Kit - Le Riff","description":"Der Uwell Valyrian III hat nicht nur Drachenschuppen, sondern auch die Kraft eines Drachen. Die Valyrian-Serie war schon immer f\u00fcr \u00fcberzeugte Cloudchaser gedacht, denn das Hauptziel des Valyrian III ist es, eine gro\u00dfe Menge an Dampf zu erzeugen.","robots":{"index":"index","follow":"follow","max-snippet":"max-snippet:-1","max-image-preview":"max-image-preview:large","max-video-preview":"max-video-preview:-1"},"canonical":"https:\/\/www.leriff.ch\/de\/produkt\/uwell-valyrian-iii-kit-2\/","og_locale":"de_DE","og_type":"article","og_title":"Uwell Valyrian III Kit","og_description":"Der Uwell Valyrian III hat nicht nur Drachenschuppen, sondern auch die Kraft eines Drachen. Die Valyrian-Serie war schon immer f\u00fcr \u00fcberzeugte Cloudchaser gedacht, denn das Hauptziel des Valyrian III ist es, eine gro\u00dfe Menge an Dampf zu erzeugen.","og_url":"https:\/\/www.leriff.ch\/de\/produkt\/uwell-valyrian-iii-kit-2\/","og_site_name":"Le Riff","article_publisher":"https:\/\/www.facebook.com\/Leriff.ch","article_modified_time":"2022-05-09T15:51:17+00:00","og_image":[{"width":560,"height":560,"url":"https:\/\/www.leriff.ch\/wp-content\/uploads\/2022\/05\/Uwell-Valyrian-III-Kit_midnight_full-colors.jpg","type":"image\/jpeg"}],"twitter_card":"summary_large_image","twitter_misc":{"Gesch\u00e4tzte Lesezeit":"2\u00a0Minuten"},"schema":{"@context":"https:\/\/schema.org","@graph":[{"@type":"WebPage","@id":"https:\/\/www.leriff.ch\/de\/produkt\/uwell-valyrian-iii-kit-2\/","url":"https:\/\/www.leriff.ch\/de\/produkt\/uwell-valyrian-iii-kit-2\/","name":"Uwell Valyrian III Kit - Le Riff","isPartOf":{"@id":"https:\/\/www.leriff.ch\/de\/#website"},"primaryImageOfPage":{"@id":"https:\/\/www.leriff.ch\/de\/produkt\/uwell-valyrian-iii-kit-2\/#primaryimage"},"image":{"@id":"https:\/\/www.leriff.ch\/de\/produkt\/uwell-valyrian-iii-kit-2\/#primaryimage"},"thumbnailUrl":"https:\/\/www.leriff.ch\/wp-content\/uploads\/2022\/05\/Uwell-Valyrian-III-Kit_midnight_full-colors.jpg","datePublished":"2022-05-09T15:11:13+00:00","dateModified":"2022-05-09T15:51:17+00:00","description":"Der Uwell Valyrian III hat nicht nur Drachenschuppen, sondern auch die Kraft eines Drachen. Die Valyrian-Serie war schon immer f\u00fcr \u00fcberzeugte Cloudchaser gedacht, denn das Hauptziel des Valyrian III ist es, eine gro\u00dfe Menge an Dampf zu erzeugen.","breadcrumb":{"@id":"https:\/\/www.leriff.ch\/de\/produkt\/uwell-valyrian-iii-kit-2\/#breadcrumb"},"inLanguage":"de","potentialAction":[{"@type":"ReadAction","target":["https:\/\/www.leriff.ch\/de\/produkt\/uwell-valyrian-iii-kit-2\/"]}]},{"@type":"ImageObject","inLanguage":"de","@id":"https:\/\/www.leriff.ch\/de\/produkt\/uwell-valyrian-iii-kit-2\/#primaryimage","url":"https:\/\/www.leriff.ch\/wp-content\/uploads\/2022\/05\/Uwell-Valyrian-III-Kit_midnight_full-colors.jpg","contentUrl":"https:\/\/www.leriff.ch\/wp-content\/uploads\/2022\/05\/Uwell-Valyrian-III-Kit_midnight_full-colors.jpg","width":560,"height":560},{"@type":"BreadcrumbList","@id":"https:\/\/www.leriff.ch\/de\/produkt\/uwell-valyrian-iii-kit-2\/#breadcrumb","itemListElement":[{"@type":"ListItem","position":1,"name":"Accueil","item":"https:\/\/www.leriff.ch\/de\/"},{"@type":"ListItem","position":2,"name":"Shop","item":"https:\/\/www.leriff.ch\/de\/geschaeft\/"},{"@type":"ListItem","position":3,"name":"Elektronische Zigaretten","item":"https:\/\/www.leriff.ch\/de\/categorie-produit\/elektronische-zigaretten\/"},{"@type":"ListItem","position":4,"name":"E-Zigaretten","item":"https:\/\/www.leriff.ch\/de\/categorie-produit\/elektronische-zigaretten\/e-zigaretten\/"},{"@type":"ListItem","position":5,"name":"Uwell Valyrian III Kit"}]},{"@type":"WebSite","@id":"https:\/\/www.leriff.ch\/de\/#website","url":"https:\/\/www.leriff.ch\/de\/","name":"Le Riff","description":"Fleurs de Cannabis CBD","publisher":{"@id":"https:\/\/www.leriff.ch\/de\/#organization"},"potentialAction":[{"@type":"SearchAction","target":{"@type":"EntryPoint","urlTemplate":"https:\/\/www.leriff.ch\/de\/?s={search_term_string}"},"query-input":{"@type":"PropertyValueSpecification","valueRequired":true,"valueName":"search_term_string"}}],"inLanguage":"de"},{"@type":"Organization","@id":"https:\/\/www.leriff.ch\/de\/#organization","name":"le riff","url":"https:\/\/www.leriff.ch\/de\/","logo":{"@type":"ImageObject","inLanguage":"de","@id":"https:\/\/www.leriff.ch\/de\/#\/schema\/logo\/image\/","url":"https:\/\/www.leriff.ch\/wp-content\/uploads\/2019\/10\/logo_carre.png","contentUrl":"https:\/\/www.leriff.ch\/wp-content\/uploads\/2019\/10\/logo_carre.png","width":130,"height":130,"caption":"le riff"},"image":{"@id":"https:\/\/www.leriff.ch\/de\/#\/schema\/logo\/image\/"},"sameAs":["https:\/\/www.facebook.com\/Leriff.ch"]}]}},"_links":{"self":[{"href":"https:\/\/www.leriff.ch\/de\/wp-json\/wp\/v2\/product\/41301","targetHints":{"allow":["GET"]}}],"collection":[{"href":"https:\/\/www.leriff.ch\/de\/wp-json\/wp\/v2\/product"}],"about":[{"href":"https:\/\/www.leriff.ch\/de\/wp-json\/wp\/v2\/types\/product"}],"replies":[{"embeddable":true,"href":"https:\/\/www.leriff.ch\/de\/wp-json\/wp\/v2\/comments?post=41301"}],"wp:featuredmedia":[{"embeddable":true,"href":"https:\/\/www.leriff.ch\/de\/wp-json\/wp\/v2\/media\/41294"}],"wp:attachment":[{"href":"https:\/\/www.leriff.ch\/de\/wp-json\/wp\/v2\/media?parent=41301"}],"wp:term":[{"taxonomy":"product_brand","embeddable":true,"href":"https:\/\/www.leriff.ch\/de\/wp-json\/wp\/v2\/product_brand?post=41301"},{"taxonomy":"product_cat","embeddable":true,"href":"https:\/\/www.leriff.ch\/de\/wp-json\/wp\/v2\/product_cat?post=41301"},{"taxonomy":"product_tag","embeddable":true,"href":"https:\/\/www.leriff.ch\/de\/wp-json\/wp\/v2\/product_tag?post=41301"}],"curies":[{"name":"wp","href":"https:\/\/api.w.org\/{rel}","templated":true}]}}