{"id":41814,"date":"2021-03-31T09:42:37","date_gmt":"2022-05-12T10:20:15","guid":{"rendered":"https:\/\/www.leriff.ch\/produit\/passion-cbg-indoor\/"},"modified":"2022-05-12T10:20:15","modified_gmt":"2022-05-12T10:20:15","slug":"passion-cbg-indoor-2","status":"publish","type":"product","link":"https:\/\/www.leriff.ch\/de\/produkt\/passion-cbg-indoor-2\/","title":{"rendered":"Passion CBG | Indoor"},"content":{"rendered":"<h5><strong>CBG-Bl\u00fcten Schweiz<\/strong><\/h5>\n<p>Die Bl\u00fcten von Green Passion CBG Suisse sind mit hellen silbrigen Trichomen bedeckt und enthalten 8-10 % CBG. Der Passion CBG-Stamm hat auch einen unverwechselbaren Geschmackscharakter, der von Hopfenaroma bis hin zu Kamille und der frischen Luft von Bergkiefern reicht. CBG steht f\u00fcr Cannabigerol und ist das Muttermolek\u00fcl von THC und CBD, die unterschiedliche Molekularstrukturen und Interaktionen mit dem Endocannabinoid-System haben.<\/p>\n<p>Im Gegensatz zu THC ist CBG nicht psychoaktiv, was bedeutet, dass es Sie nicht high macht. Unsere Cannabisbl\u00fcten Passion CBG enthalten weniger als 0,2 % Delta-9-THC. Einzeln betrachtet hat jedes Cannabinoid seine eigenen n\u00fctzlichen Eigenschaften, von denen sich viele \u00fcberschneiden. Wenn CBD und GBC zusammen eingenommen werden, geht man davon aus, dass die Wirkung von CBD l\u00e4nger anh\u00e4lt und st\u00e4rker ausgepr\u00e4gt ist. Es wird auch angenommen, dass CBG andere Cannabinoide und Terpene in Vollspektrumprodukten verbessert oder Synergien mit ihnen schafft.<\/p>\n<div class=\"gp-page-title\">\n<div class=\"gp-truncate\">\n<p>Alle unsere CBD-Bl\u00fcten werden in der Schweiz in einem nachhaltigen und biologischen Anbau produziert. Unsere hochwertigen &#8222;Buds&#8220; erreichen einen CBD-Gehalt von bis zu 23%, w\u00e4hrend der THC-Gehalt immer unter 1% liegt. Alle CBD-Buds von Green Passion entsprechen daher dem Schweizer Gesetz und bieten dir eine au\u00dfergew\u00f6hnliche Erfahrung.<\/p>\n<p>In unserem CBD-Onlineshop k\u00f6nnen Sie hochwertiges CBD-\u00d6l und CBD-Bl\u00fcten f\u00fcr drinnen, drau\u00dfen und im Unterglasgarten aus der Schweiz kaufen. Au\u00dferdem findest du eine gro\u00dfe Auswahl an hochwertigen feminisierten Samen, mit denen du jetzt selbst anbauen kannst.<\/p>\n<p>Die Herstellung unserer Produkte erfolgt nach strengsten Qualit\u00e4tsstandards. Alle unsere Buds werden nach dem Trocknen wochenlang kuriert, was ihnen ihren intensiven und einzigartigen Geschmack verleiht. Au\u00dferdem wird w\u00e4hrend des Fermentationsprozesses das Chlorophyll aus den Bl\u00fcten entfernt und die Cannabinoids\u00e4uren THC-A und CBD-A werden in die Hauptwirkstoffe Delta-9-THC und CBD umgewandelt.<\/p>\n<p>Alle unsere Produkte haben einen THC-Gehalt von weniger als &lt;1% und erf\u00fcllen die gesetzlichen Anforderungen in der Schweiz.<\/p>\n<\/div>\n<\/div>\n","protected":false},"excerpt":{"rendered":"<div class=\"woocommerce-product-details__short-description\">\n<p>Diese CBG-Sorte \u00fcberzeugt durch ihr spezielles Geschmacksrepertoire, das von einem Hopfenaroma bis zu Noten von Kamille und frischer Bergluft reicht.<\/p>\n<p>CBG: bis zu 10%.<br \/>\nTHC: &lt;1%<\/p>\n<\/div>\n","protected":false},"featured_media":5540,"comment_status":"closed","ping_status":"closed","template":"","meta":{"inline_featured_image":false},"product_brand":[],"product_cat":[2738,2739,3264],"product_tag":[],"class_list":{"0":"post-41814","1":"product","2":"type-product","3":"status-publish","4":"has-post-thumbnail","6":"product_cat-cbd-bluten","7":"product_cat-indoor-de","8":"product_cat-indoor-de-2","9":"pa_marque-le-riff-de","11":"first","12":"instock","13":"shipping-taxable","14":"purchasable","15":"product-type-variable","16":"has-default-attributes"},"yoast_head":"<!-- This site is optimized with the Yoast SEO Premium plugin v25.9 (Yoast SEO v27.2) - https:\/\/yoast.com\/product\/yoast-seo-premium-wordpress\/ -->\n<title>CBG-Bl\u00fcten Schweiz Green Passion INDOOR - Le Riff<\/title>\n<meta name=\"description\" content=\"CBG Flowers Schweiz: Diese CBG-Sorte \u00fcberzeugt mit einem speziellen Geschmacksrepertoire, das von Hopfen bis hin zu Kamillen-Noten reicht.\" \/>\n<meta name=\"robots\" content=\"index, follow, max-snippet:-1, max-image-preview:large, max-video-preview:-1\" \/>\n<link rel=\"canonical\" href=\"https:\/\/www.leriff.ch\/de\/produkt\/passion-cbg-indoor-2\/\" \/>\n<meta property=\"og:locale\" content=\"de_DE\" \/>\n<meta property=\"og:type\" content=\"article\" \/>\n<meta property=\"og:title\" content=\"Passion CBG | Indoor\" \/>\n<meta property=\"og:description\" content=\"CBG Flowers Schweiz: Diese CBG-Sorte \u00fcberzeugt mit einem speziellen Geschmacksrepertoire, das von Hopfen bis hin zu Kamillen-Noten reicht.\" \/>\n<meta property=\"og:url\" content=\"https:\/\/www.leriff.ch\/de\/produkt\/passion-cbg-indoor-2\/\" \/>\n<meta property=\"og:site_name\" content=\"Le Riff\" \/>\n<meta property=\"article:publisher\" content=\"https:\/\/www.facebook.com\/Leriff.ch\" \/>\n<meta property=\"og:image\" content=\"https:\/\/www.leriff.ch\/wp-content\/uploads\/2021\/03\/cbg-indoor-passion-cbg-600x600-1.jpg\" \/>\n\t<meta property=\"og:image:width\" content=\"600\" \/>\n\t<meta property=\"og:image:height\" content=\"600\" \/>\n\t<meta property=\"og:image:type\" content=\"image\/jpeg\" \/>\n<meta name=\"twitter:card\" content=\"summary_large_image\" \/>\n<meta name=\"twitter:label1\" content=\"Gesch\u00e4tzte Lesezeit\" \/>\n\t<meta name=\"twitter:data1\" content=\"2\u00a0Minuten\" \/>\n<script type=\"application\/ld+json\" class=\"yoast-schema-graph\">{\"@context\":\"https:\/\/schema.org\",\"@graph\":[{\"@type\":\"WebPage\",\"@id\":\"https:\/\/www.leriff.ch\/de\/produkt\/passion-cbg-indoor-2\/\",\"url\":\"https:\/\/www.leriff.ch\/de\/produkt\/passion-cbg-indoor-2\/\",\"name\":\"CBG-Bl\u00fcten Schweiz Green Passion INDOOR - Le Riff\",\"isPartOf\":{\"@id\":\"https:\/\/www.leriff.ch\/de\/#website\"},\"primaryImageOfPage\":{\"@id\":\"https:\/\/www.leriff.ch\/de\/produkt\/passion-cbg-indoor-2\/#primaryimage\"},\"image\":{\"@id\":\"https:\/\/www.leriff.ch\/de\/produkt\/passion-cbg-indoor-2\/#primaryimage\"},\"thumbnailUrl\":\"https:\/\/www.leriff.ch\/wp-content\/uploads\/2021\/03\/cbg-indoor-passion-cbg-600x600-1.jpg\",\"datePublished\":\"2022-05-12T10:20:15+00:00\",\"description\":\"CBG Flowers Schweiz: Diese CBG-Sorte \u00fcberzeugt mit einem speziellen Geschmacksrepertoire, das von Hopfen bis hin zu Kamillen-Noten reicht.\",\"breadcrumb\":{\"@id\":\"https:\/\/www.leriff.ch\/de\/produkt\/passion-cbg-indoor-2\/#breadcrumb\"},\"inLanguage\":\"de\",\"potentialAction\":[{\"@type\":\"ReadAction\",\"target\":[\"https:\/\/www.leriff.ch\/de\/produkt\/passion-cbg-indoor-2\/\"]}]},{\"@type\":\"ImageObject\",\"inLanguage\":\"de\",\"@id\":\"https:\/\/www.leriff.ch\/de\/produkt\/passion-cbg-indoor-2\/#primaryimage\",\"url\":\"https:\/\/www.leriff.ch\/wp-content\/uploads\/2021\/03\/cbg-indoor-passion-cbg-600x600-1.jpg\",\"contentUrl\":\"https:\/\/www.leriff.ch\/wp-content\/uploads\/2021\/03\/cbg-indoor-passion-cbg-600x600-1.jpg\",\"width\":600,\"height\":600,\"caption\":\"Fleurs de CBG Suisse\"},{\"@type\":\"BreadcrumbList\",\"@id\":\"https:\/\/www.leriff.ch\/de\/produkt\/passion-cbg-indoor-2\/#breadcrumb\",\"itemListElement\":[{\"@type\":\"ListItem\",\"position\":1,\"name\":\"Accueil\",\"item\":\"https:\/\/www.leriff.ch\/de\/\"},{\"@type\":\"ListItem\",\"position\":2,\"name\":\"Shop\",\"item\":\"https:\/\/www.leriff.ch\/de\/geschaeft\/\"},{\"@type\":\"ListItem\",\"position\":3,\"name\":\"CBD Bl\u00fcten\",\"item\":\"https:\/\/www.leriff.ch\/de\/categorie-produit\/cbd-bluten\/\"},{\"@type\":\"ListItem\",\"position\":4,\"name\":\"Passion CBG | Indoor\"}]},{\"@type\":\"WebSite\",\"@id\":\"https:\/\/www.leriff.ch\/de\/#website\",\"url\":\"https:\/\/www.leriff.ch\/de\/\",\"name\":\"Le Riff\",\"description\":\"Fleurs de Cannabis CBD\",\"publisher\":{\"@id\":\"https:\/\/www.leriff.ch\/de\/#organization\"},\"potentialAction\":[{\"@type\":\"SearchAction\",\"target\":{\"@type\":\"EntryPoint\",\"urlTemplate\":\"https:\/\/www.leriff.ch\/de\/?s={search_term_string}\"},\"query-input\":{\"@type\":\"PropertyValueSpecification\",\"valueRequired\":true,\"valueName\":\"search_term_string\"}}],\"inLanguage\":\"de\"},{\"@type\":\"Organization\",\"@id\":\"https:\/\/www.leriff.ch\/de\/#organization\",\"name\":\"le riff\",\"url\":\"https:\/\/www.leriff.ch\/de\/\",\"logo\":{\"@type\":\"ImageObject\",\"inLanguage\":\"de\",\"@id\":\"https:\/\/www.leriff.ch\/de\/#\/schema\/logo\/image\/\",\"url\":\"https:\/\/www.leriff.ch\/wp-content\/uploads\/2019\/10\/logo_carre.png\",\"contentUrl\":\"https:\/\/www.leriff.ch\/wp-content\/uploads\/2019\/10\/logo_carre.png\",\"width\":130,\"height\":130,\"caption\":\"le riff\"},\"image\":{\"@id\":\"https:\/\/www.leriff.ch\/de\/#\/schema\/logo\/image\/\"},\"sameAs\":[\"https:\/\/www.facebook.com\/Leriff.ch\"]}]}<\/script>\n<!-- \/ Yoast SEO Premium plugin. -->","yoast_head_json":{"title":"CBG-Bl\u00fcten Schweiz Green Passion INDOOR - Le Riff","description":"CBG Flowers Schweiz: Diese CBG-Sorte \u00fcberzeugt mit einem speziellen Geschmacksrepertoire, das von Hopfen bis hin zu Kamillen-Noten reicht.","robots":{"index":"index","follow":"follow","max-snippet":"max-snippet:-1","max-image-preview":"max-image-preview:large","max-video-preview":"max-video-preview:-1"},"canonical":"https:\/\/www.leriff.ch\/de\/produkt\/passion-cbg-indoor-2\/","og_locale":"de_DE","og_type":"article","og_title":"Passion CBG | Indoor","og_description":"CBG Flowers Schweiz: Diese CBG-Sorte \u00fcberzeugt mit einem speziellen Geschmacksrepertoire, das von Hopfen bis hin zu Kamillen-Noten reicht.","og_url":"https:\/\/www.leriff.ch\/de\/produkt\/passion-cbg-indoor-2\/","og_site_name":"Le Riff","article_publisher":"https:\/\/www.facebook.com\/Leriff.ch","og_image":[{"width":600,"height":600,"url":"https:\/\/www.leriff.ch\/wp-content\/uploads\/2021\/03\/cbg-indoor-passion-cbg-600x600-1.jpg","type":"image\/jpeg"}],"twitter_card":"summary_large_image","twitter_misc":{"Gesch\u00e4tzte Lesezeit":"2\u00a0Minuten"},"schema":{"@context":"https:\/\/schema.org","@graph":[{"@type":"WebPage","@id":"https:\/\/www.leriff.ch\/de\/produkt\/passion-cbg-indoor-2\/","url":"https:\/\/www.leriff.ch\/de\/produkt\/passion-cbg-indoor-2\/","name":"CBG-Bl\u00fcten Schweiz Green Passion INDOOR - Le Riff","isPartOf":{"@id":"https:\/\/www.leriff.ch\/de\/#website"},"primaryImageOfPage":{"@id":"https:\/\/www.leriff.ch\/de\/produkt\/passion-cbg-indoor-2\/#primaryimage"},"image":{"@id":"https:\/\/www.leriff.ch\/de\/produkt\/passion-cbg-indoor-2\/#primaryimage"},"thumbnailUrl":"https:\/\/www.leriff.ch\/wp-content\/uploads\/2021\/03\/cbg-indoor-passion-cbg-600x600-1.jpg","datePublished":"2022-05-12T10:20:15+00:00","description":"CBG Flowers Schweiz: Diese CBG-Sorte \u00fcberzeugt mit einem speziellen Geschmacksrepertoire, das von Hopfen bis hin zu Kamillen-Noten reicht.","breadcrumb":{"@id":"https:\/\/www.leriff.ch\/de\/produkt\/passion-cbg-indoor-2\/#breadcrumb"},"inLanguage":"de","potentialAction":[{"@type":"ReadAction","target":["https:\/\/www.leriff.ch\/de\/produkt\/passion-cbg-indoor-2\/"]}]},{"@type":"ImageObject","inLanguage":"de","@id":"https:\/\/www.leriff.ch\/de\/produkt\/passion-cbg-indoor-2\/#primaryimage","url":"https:\/\/www.leriff.ch\/wp-content\/uploads\/2021\/03\/cbg-indoor-passion-cbg-600x600-1.jpg","contentUrl":"https:\/\/www.leriff.ch\/wp-content\/uploads\/2021\/03\/cbg-indoor-passion-cbg-600x600-1.jpg","width":600,"height":600,"caption":"Fleurs de CBG Suisse"},{"@type":"BreadcrumbList","@id":"https:\/\/www.leriff.ch\/de\/produkt\/passion-cbg-indoor-2\/#breadcrumb","itemListElement":[{"@type":"ListItem","position":1,"name":"Accueil","item":"https:\/\/www.leriff.ch\/de\/"},{"@type":"ListItem","position":2,"name":"Shop","item":"https:\/\/www.leriff.ch\/de\/geschaeft\/"},{"@type":"ListItem","position":3,"name":"CBD Bl\u00fcten","item":"https:\/\/www.leriff.ch\/de\/categorie-produit\/cbd-bluten\/"},{"@type":"ListItem","position":4,"name":"Passion CBG | Indoor"}]},{"@type":"WebSite","@id":"https:\/\/www.leriff.ch\/de\/#website","url":"https:\/\/www.leriff.ch\/de\/","name":"Le Riff","description":"Fleurs de Cannabis CBD","publisher":{"@id":"https:\/\/www.leriff.ch\/de\/#organization"},"potentialAction":[{"@type":"SearchAction","target":{"@type":"EntryPoint","urlTemplate":"https:\/\/www.leriff.ch\/de\/?s={search_term_string}"},"query-input":{"@type":"PropertyValueSpecification","valueRequired":true,"valueName":"search_term_string"}}],"inLanguage":"de"},{"@type":"Organization","@id":"https:\/\/www.leriff.ch\/de\/#organization","name":"le riff","url":"https:\/\/www.leriff.ch\/de\/","logo":{"@type":"ImageObject","inLanguage":"de","@id":"https:\/\/www.leriff.ch\/de\/#\/schema\/logo\/image\/","url":"https:\/\/www.leriff.ch\/wp-content\/uploads\/2019\/10\/logo_carre.png","contentUrl":"https:\/\/www.leriff.ch\/wp-content\/uploads\/2019\/10\/logo_carre.png","width":130,"height":130,"caption":"le riff"},"image":{"@id":"https:\/\/www.leriff.ch\/de\/#\/schema\/logo\/image\/"},"sameAs":["https:\/\/www.facebook.com\/Leriff.ch"]}]}},"_links":{"self":[{"href":"https:\/\/www.leriff.ch\/de\/wp-json\/wp\/v2\/product\/41814","targetHints":{"allow":["GET"]}}],"collection":[{"href":"https:\/\/www.leriff.ch\/de\/wp-json\/wp\/v2\/product"}],"about":[{"href":"https:\/\/www.leriff.ch\/de\/wp-json\/wp\/v2\/types\/product"}],"replies":[{"embeddable":true,"href":"https:\/\/www.leriff.ch\/de\/wp-json\/wp\/v2\/comments?post=41814"}],"wp:featuredmedia":[{"embeddable":true,"href":"https:\/\/www.leriff.ch\/de\/wp-json\/wp\/v2\/media\/5540"}],"wp:attachment":[{"href":"https:\/\/www.leriff.ch\/de\/wp-json\/wp\/v2\/media?parent=41814"}],"wp:term":[{"taxonomy":"product_brand","embeddable":true,"href":"https:\/\/www.leriff.ch\/de\/wp-json\/wp\/v2\/product_brand?post=41814"},{"taxonomy":"product_cat","embeddable":true,"href":"https:\/\/www.leriff.ch\/de\/wp-json\/wp\/v2\/product_cat?post=41814"},{"taxonomy":"product_tag","embeddable":true,"href":"https:\/\/www.leriff.ch\/de\/wp-json\/wp\/v2\/product_tag?post=41814"}],"curies":[{"name":"wp","href":"https:\/\/api.w.org\/{rel}","templated":true}]}}