{"id":41868,"date":"2021-03-31T08:03:08","date_gmt":"2022-05-12T11:22:08","guid":{"rendered":"https:\/\/www.leriff.ch\/produit\/green-lemon-popcorn-indoor\/"},"modified":"2022-05-12T11:22:08","modified_gmt":"2022-05-12T11:22:08","slug":"grunes-zitroniges-popcorn-im-haus-indoors","status":"publish","type":"product","link":"https:\/\/www.leriff.ch\/de\/produkt\/grunes-zitroniges-popcorn-im-haus-indoors\/","title":{"rendered":"Green Lemon Popcorn | Indoor"},"content":{"rendered":"<p>Popcorn-CBD-Bl\u00fcten sind kleiner und entwickeln sich nicht zu normalgro\u00dfen Bl\u00fcten. Sie sind in der Regel auf die unteren Bl\u00fcten der Cannabispflanze beschr\u00e4nkt. Obwohl sich diese Bl\u00fcten nicht zu ihrer vollen Gr\u00f6\u00dfe entwickeln, haben die Green Passion Premium Indoor Popcorn Buds Green Lemon ein intensives fruchtiges Aroma.<\/p>\n<p>Alle unsere CBD-Bl\u00fcten werden in der Schweiz in einem nachhaltigen und biologischen Anbau produziert. Unsere hochwertigen &#8222;Buds&#8220; erreichen einen CBD-Gehalt von bis zu 23%, w\u00e4hrend der THC-Gehalt immer unter 1% liegt. Alle CBD-Buds von Green Passion entsprechen daher dem Schweizer Gesetz und bieten dir eine au\u00dfergew\u00f6hnliche Erfahrung.<\/p>\n<p>In unserem CBD-Onlineshop k\u00f6nnen Sie hochwertiges CBD-\u00d6l und CBD-Bl\u00fcten f\u00fcr drinnen, drau\u00dfen und im Unterglasgarten aus der Schweiz kaufen. Au\u00dferdem findest du eine gro\u00dfe Auswahl an hochwertigen feminisierten Samen, mit denen du jetzt selbst anbauen kannst.<\/p>\n<p>Die Herstellung unserer Produkte erfolgt nach strengsten Qualit\u00e4tsstandards. Alle unsere Buds werden nach dem Trocknen wochenlang kuriert, was ihnen ihren intensiven und einzigartigen Geschmack verleiht. Au\u00dferdem wird w\u00e4hrend des Fermentationsprozesses das Chlorophyll aus den Bl\u00fcten entfernt und die Cannabinoids\u00e4uren THC-A und CBD-A werden in die Hauptwirkstoffe Delta-9-THC und CBD umgewandelt.<\/p>\n<p>Alle unsere Produkte haben einen THC-Gehalt von weniger als &lt;1% und erf\u00fcllen die gesetzlichen Anforderungen in der Schweiz.<\/p>\n","protected":false},"excerpt":{"rendered":"<div class=\"woocommerce-product-details__short-description\">\n<p>Genie\u00dfen Sie diese CBD-Cannabisbl\u00fcten aus Popcorn und lassen Sie sich von dem au\u00dfergew\u00f6hnlichen, fruchtigen und intensiven Geschmackserlebnis \u00fcberzeugen.<\/p>\n<p>CBD: bis zu 16%<br \/>\nTHC : &lt;1%<\/p>\n<\/div>\n","protected":false},"featured_media":5520,"comment_status":"closed","ping_status":"closed","template":"","meta":{"inline_featured_image":false},"product_brand":[],"product_cat":[2738,2739,3264],"product_tag":[],"class_list":{"0":"post-41868","1":"product","2":"type-product","3":"status-publish","4":"has-post-thumbnail","6":"product_cat-cbd-bluten","7":"product_cat-indoor-de","8":"product_cat-indoor-de-2","9":"pa_marque-green-passion-de","11":"first","12":"instock","13":"shipping-taxable","14":"purchasable","15":"product-type-variable"},"yoast_head":"<!-- This site is optimized with the Yoast SEO Premium plugin v25.9 (Yoast SEO v27.3) - https:\/\/yoast.com\/product\/yoast-seo-premium-wordpress\/ -->\n<title>Green Lemon Popcorn | Indoor - Le Riff<\/title>\n<meta name=\"description\" content=\"Genie\u00dfen Sie diese CBD-Cannabisbl\u00fcten aus Popcorn und lassen Sie sich von dem au\u00dfergew\u00f6hnlichen, fruchtigen und intensiven Geschmackserlebnis \u00fcberzeugen.\" \/>\n<meta name=\"robots\" content=\"index, follow, max-snippet:-1, max-image-preview:large, max-video-preview:-1\" \/>\n<link rel=\"canonical\" href=\"https:\/\/www.leriff.ch\/de\/produkt\/grunes-zitroniges-popcorn-im-haus-indoors\/\" \/>\n<meta property=\"og:locale\" content=\"de_DE\" \/>\n<meta property=\"og:type\" content=\"article\" \/>\n<meta property=\"og:title\" content=\"Green Lemon Popcorn | Indoor\" \/>\n<meta property=\"og:description\" content=\"Genie\u00dfen Sie diese CBD-Cannabisbl\u00fcten aus Popcorn und lassen Sie sich von dem au\u00dfergew\u00f6hnlichen, fruchtigen und intensiven Geschmackserlebnis \u00fcberzeugen.\" \/>\n<meta property=\"og:url\" content=\"https:\/\/www.leriff.ch\/de\/produkt\/grunes-zitroniges-popcorn-im-haus-indoors\/\" \/>\n<meta property=\"og:site_name\" content=\"Le Riff\" \/>\n<meta property=\"article:publisher\" content=\"https:\/\/www.facebook.com\/Leriff.ch\" \/>\n<meta name=\"twitter:card\" content=\"summary_large_image\" \/>\n<meta name=\"twitter:label1\" content=\"Gesch\u00e4tzte Lesezeit\" \/>\n\t<meta name=\"twitter:data1\" content=\"1\u00a0Minute\" \/>\n<script type=\"application\/ld+json\" class=\"yoast-schema-graph\">{\"@context\":\"https:\\\/\\\/schema.org\",\"@graph\":[{\"@type\":\"WebPage\",\"@id\":\"https:\\\/\\\/www.leriff.ch\\\/de\\\/produkt\\\/grunes-zitroniges-popcorn-im-haus-indoors\\\/\",\"url\":\"https:\\\/\\\/www.leriff.ch\\\/de\\\/produkt\\\/grunes-zitroniges-popcorn-im-haus-indoors\\\/\",\"name\":\"Green Lemon Popcorn | Indoor - Le Riff\",\"isPartOf\":{\"@id\":\"https:\\\/\\\/www.leriff.ch\\\/de\\\/#website\"},\"primaryImageOfPage\":{\"@id\":\"https:\\\/\\\/www.leriff.ch\\\/de\\\/produkt\\\/grunes-zitroniges-popcorn-im-haus-indoors\\\/#primaryimage\"},\"image\":{\"@id\":\"https:\\\/\\\/www.leriff.ch\\\/de\\\/produkt\\\/grunes-zitroniges-popcorn-im-haus-indoors\\\/#primaryimage\"},\"thumbnailUrl\":\"https:\\\/\\\/www.leriff.ch\\\/wp-content\\\/uploads\\\/2021\\\/03\\\/cbd-indoor-green-lemon-popcorn-600x600-1.jpg\",\"datePublished\":\"2022-05-12T11:22:08+00:00\",\"description\":\"Genie\u00dfen Sie diese CBD-Cannabisbl\u00fcten aus Popcorn und lassen Sie sich von dem au\u00dfergew\u00f6hnlichen, fruchtigen und intensiven Geschmackserlebnis \u00fcberzeugen.\",\"breadcrumb\":{\"@id\":\"https:\\\/\\\/www.leriff.ch\\\/de\\\/produkt\\\/grunes-zitroniges-popcorn-im-haus-indoors\\\/#breadcrumb\"},\"inLanguage\":\"de\",\"potentialAction\":[{\"@type\":\"ReadAction\",\"target\":[\"https:\\\/\\\/www.leriff.ch\\\/de\\\/produkt\\\/grunes-zitroniges-popcorn-im-haus-indoors\\\/\"]}]},{\"@type\":\"ImageObject\",\"inLanguage\":\"de\",\"@id\":\"https:\\\/\\\/www.leriff.ch\\\/de\\\/produkt\\\/grunes-zitroniges-popcorn-im-haus-indoors\\\/#primaryimage\",\"url\":\"https:\\\/\\\/www.leriff.ch\\\/wp-content\\\/uploads\\\/2021\\\/03\\\/cbd-indoor-green-lemon-popcorn-600x600-1.jpg\",\"contentUrl\":\"https:\\\/\\\/www.leriff.ch\\\/wp-content\\\/uploads\\\/2021\\\/03\\\/cbd-indoor-green-lemon-popcorn-600x600-1.jpg\",\"width\":600,\"height\":600,\"caption\":\"Les fleurs de cannabis CBD cbd fleurs de cbd huile de cbd\"},{\"@type\":\"BreadcrumbList\",\"@id\":\"https:\\\/\\\/www.leriff.ch\\\/de\\\/produkt\\\/grunes-zitroniges-popcorn-im-haus-indoors\\\/#breadcrumb\",\"itemListElement\":[{\"@type\":\"ListItem\",\"position\":1,\"name\":\"Accueil\",\"item\":\"https:\\\/\\\/www.leriff.ch\\\/de\\\/\"},{\"@type\":\"ListItem\",\"position\":2,\"name\":\"Shop\",\"item\":\"https:\\\/\\\/www.leriff.ch\\\/de\\\/geschaeft\\\/\"},{\"@type\":\"ListItem\",\"position\":3,\"name\":\"CBD Bl\u00fcten\",\"item\":\"https:\\\/\\\/www.leriff.ch\\\/de\\\/categorie-produit\\\/cbd-bluten\\\/\"},{\"@type\":\"ListItem\",\"position\":4,\"name\":\"Indoor\",\"item\":\"https:\\\/\\\/www.leriff.ch\\\/de\\\/categorie-produit\\\/cbd-bluten\\\/indoor-de-2\\\/\"},{\"@type\":\"ListItem\",\"position\":5,\"name\":\"Green Lemon Popcorn | Indoor\"}]},{\"@type\":\"WebSite\",\"@id\":\"https:\\\/\\\/www.leriff.ch\\\/de\\\/#website\",\"url\":\"https:\\\/\\\/www.leriff.ch\\\/de\\\/\",\"name\":\"Le Riff\",\"description\":\"Fleurs de Cannabis CBD\",\"publisher\":{\"@id\":\"https:\\\/\\\/www.leriff.ch\\\/de\\\/#organization\"},\"potentialAction\":[{\"@type\":\"SearchAction\",\"target\":{\"@type\":\"EntryPoint\",\"urlTemplate\":\"https:\\\/\\\/www.leriff.ch\\\/de\\\/?s={search_term_string}\"},\"query-input\":{\"@type\":\"PropertyValueSpecification\",\"valueRequired\":true,\"valueName\":\"search_term_string\"}}],\"inLanguage\":\"de\"},{\"@type\":\"Organization\",\"@id\":\"https:\\\/\\\/www.leriff.ch\\\/de\\\/#organization\",\"name\":\"le riff\",\"url\":\"https:\\\/\\\/www.leriff.ch\\\/de\\\/\",\"logo\":{\"@type\":\"ImageObject\",\"inLanguage\":\"de\",\"@id\":\"https:\\\/\\\/www.leriff.ch\\\/de\\\/#\\\/schema\\\/logo\\\/image\\\/\",\"url\":\"https:\\\/\\\/www.leriff.ch\\\/wp-content\\\/uploads\\\/2019\\\/10\\\/logo_carre.png\",\"contentUrl\":\"https:\\\/\\\/www.leriff.ch\\\/wp-content\\\/uploads\\\/2019\\\/10\\\/logo_carre.png\",\"width\":130,\"height\":130,\"caption\":\"le riff\"},\"image\":{\"@id\":\"https:\\\/\\\/www.leriff.ch\\\/de\\\/#\\\/schema\\\/logo\\\/image\\\/\"},\"sameAs\":[\"https:\\\/\\\/www.facebook.com\\\/Leriff.ch\"]}]}<\/script>\n<!-- \/ Yoast SEO Premium plugin. -->","yoast_head_json":{"title":"Green Lemon Popcorn | Indoor - Le Riff","description":"Genie\u00dfen Sie diese CBD-Cannabisbl\u00fcten aus Popcorn und lassen Sie sich von dem au\u00dfergew\u00f6hnlichen, fruchtigen und intensiven Geschmackserlebnis \u00fcberzeugen.","robots":{"index":"index","follow":"follow","max-snippet":"max-snippet:-1","max-image-preview":"max-image-preview:large","max-video-preview":"max-video-preview:-1"},"canonical":"https:\/\/www.leriff.ch\/de\/produkt\/grunes-zitroniges-popcorn-im-haus-indoors\/","og_locale":"de_DE","og_type":"article","og_title":"Green Lemon Popcorn | Indoor","og_description":"Genie\u00dfen Sie diese CBD-Cannabisbl\u00fcten aus Popcorn und lassen Sie sich von dem au\u00dfergew\u00f6hnlichen, fruchtigen und intensiven Geschmackserlebnis \u00fcberzeugen.","og_url":"https:\/\/www.leriff.ch\/de\/produkt\/grunes-zitroniges-popcorn-im-haus-indoors\/","og_site_name":"Le Riff","article_publisher":"https:\/\/www.facebook.com\/Leriff.ch","twitter_card":"summary_large_image","twitter_misc":{"Gesch\u00e4tzte Lesezeit":"1\u00a0Minute"},"schema":{"@context":"https:\/\/schema.org","@graph":[{"@type":"WebPage","@id":"https:\/\/www.leriff.ch\/de\/produkt\/grunes-zitroniges-popcorn-im-haus-indoors\/","url":"https:\/\/www.leriff.ch\/de\/produkt\/grunes-zitroniges-popcorn-im-haus-indoors\/","name":"Green Lemon Popcorn | Indoor - Le Riff","isPartOf":{"@id":"https:\/\/www.leriff.ch\/de\/#website"},"primaryImageOfPage":{"@id":"https:\/\/www.leriff.ch\/de\/produkt\/grunes-zitroniges-popcorn-im-haus-indoors\/#primaryimage"},"image":{"@id":"https:\/\/www.leriff.ch\/de\/produkt\/grunes-zitroniges-popcorn-im-haus-indoors\/#primaryimage"},"thumbnailUrl":"https:\/\/www.leriff.ch\/wp-content\/uploads\/2021\/03\/cbd-indoor-green-lemon-popcorn-600x600-1.jpg","datePublished":"2022-05-12T11:22:08+00:00","description":"Genie\u00dfen Sie diese CBD-Cannabisbl\u00fcten aus Popcorn und lassen Sie sich von dem au\u00dfergew\u00f6hnlichen, fruchtigen und intensiven Geschmackserlebnis \u00fcberzeugen.","breadcrumb":{"@id":"https:\/\/www.leriff.ch\/de\/produkt\/grunes-zitroniges-popcorn-im-haus-indoors\/#breadcrumb"},"inLanguage":"de","potentialAction":[{"@type":"ReadAction","target":["https:\/\/www.leriff.ch\/de\/produkt\/grunes-zitroniges-popcorn-im-haus-indoors\/"]}]},{"@type":"ImageObject","inLanguage":"de","@id":"https:\/\/www.leriff.ch\/de\/produkt\/grunes-zitroniges-popcorn-im-haus-indoors\/#primaryimage","url":"https:\/\/www.leriff.ch\/wp-content\/uploads\/2021\/03\/cbd-indoor-green-lemon-popcorn-600x600-1.jpg","contentUrl":"https:\/\/www.leriff.ch\/wp-content\/uploads\/2021\/03\/cbd-indoor-green-lemon-popcorn-600x600-1.jpg","width":600,"height":600,"caption":"Les fleurs de cannabis CBD cbd fleurs de cbd huile de cbd"},{"@type":"BreadcrumbList","@id":"https:\/\/www.leriff.ch\/de\/produkt\/grunes-zitroniges-popcorn-im-haus-indoors\/#breadcrumb","itemListElement":[{"@type":"ListItem","position":1,"name":"Accueil","item":"https:\/\/www.leriff.ch\/de\/"},{"@type":"ListItem","position":2,"name":"Shop","item":"https:\/\/www.leriff.ch\/de\/geschaeft\/"},{"@type":"ListItem","position":3,"name":"CBD Bl\u00fcten","item":"https:\/\/www.leriff.ch\/de\/categorie-produit\/cbd-bluten\/"},{"@type":"ListItem","position":4,"name":"Indoor","item":"https:\/\/www.leriff.ch\/de\/categorie-produit\/cbd-bluten\/indoor-de-2\/"},{"@type":"ListItem","position":5,"name":"Green Lemon Popcorn | Indoor"}]},{"@type":"WebSite","@id":"https:\/\/www.leriff.ch\/de\/#website","url":"https:\/\/www.leriff.ch\/de\/","name":"Le Riff","description":"Fleurs de Cannabis CBD","publisher":{"@id":"https:\/\/www.leriff.ch\/de\/#organization"},"potentialAction":[{"@type":"SearchAction","target":{"@type":"EntryPoint","urlTemplate":"https:\/\/www.leriff.ch\/de\/?s={search_term_string}"},"query-input":{"@type":"PropertyValueSpecification","valueRequired":true,"valueName":"search_term_string"}}],"inLanguage":"de"},{"@type":"Organization","@id":"https:\/\/www.leriff.ch\/de\/#organization","name":"le riff","url":"https:\/\/www.leriff.ch\/de\/","logo":{"@type":"ImageObject","inLanguage":"de","@id":"https:\/\/www.leriff.ch\/de\/#\/schema\/logo\/image\/","url":"https:\/\/www.leriff.ch\/wp-content\/uploads\/2019\/10\/logo_carre.png","contentUrl":"https:\/\/www.leriff.ch\/wp-content\/uploads\/2019\/10\/logo_carre.png","width":130,"height":130,"caption":"le riff"},"image":{"@id":"https:\/\/www.leriff.ch\/de\/#\/schema\/logo\/image\/"},"sameAs":["https:\/\/www.facebook.com\/Leriff.ch"]}]}},"_links":{"self":[{"href":"https:\/\/www.leriff.ch\/de\/wp-json\/wp\/v2\/product\/41868","targetHints":{"allow":["GET"]}}],"collection":[{"href":"https:\/\/www.leriff.ch\/de\/wp-json\/wp\/v2\/product"}],"about":[{"href":"https:\/\/www.leriff.ch\/de\/wp-json\/wp\/v2\/types\/product"}],"replies":[{"embeddable":true,"href":"https:\/\/www.leriff.ch\/de\/wp-json\/wp\/v2\/comments?post=41868"}],"wp:featuredmedia":[{"embeddable":true,"href":"https:\/\/www.leriff.ch\/de\/wp-json\/wp\/v2\/media\/5520"}],"wp:attachment":[{"href":"https:\/\/www.leriff.ch\/de\/wp-json\/wp\/v2\/media?parent=41868"}],"wp:term":[{"taxonomy":"product_brand","embeddable":true,"href":"https:\/\/www.leriff.ch\/de\/wp-json\/wp\/v2\/product_brand?post=41868"},{"taxonomy":"product_cat","embeddable":true,"href":"https:\/\/www.leriff.ch\/de\/wp-json\/wp\/v2\/product_cat?post=41868"},{"taxonomy":"product_tag","embeddable":true,"href":"https:\/\/www.leriff.ch\/de\/wp-json\/wp\/v2\/product_tag?post=41868"}],"curies":[{"name":"wp","href":"https:\/\/api.w.org\/{rel}","templated":true}]}}