{"id":41904,"date":"2021-03-31T07:44:01","date_gmt":"2022-05-12T13:18:02","guid":{"rendered":"https:\/\/www.leriff.ch\/produit\/white-widow-indoor\/"},"modified":"2022-05-12T13:18:02","modified_gmt":"2022-05-12T13:18:02","slug":"green-widow-indoor-white-widow-cbd-2","status":"publish","type":"product","link":"https:\/\/www.leriff.ch\/de\/produkt\/green-widow-indoor-white-widow-cbd-2\/","title":{"rendered":"White Widow | Indoor"},"content":{"rendered":"<p>Obwohl die White Widow CBD Indoor von Green Passion eine neue CBD-Cannabis-Genetik aus dem Schweizer Indoor-Anbau ist, reicht ihre Geschichte bis in die 80er und 90er Jahre mit der fernen White Widow-Genetik zur\u00fcck. Green Widow ist eine mittelgro\u00dfe Pflanze mit starken Zweigen und harten, kompakten, harzigen CBD-Bl\u00fcten, kontrastiert aber mit ihrem frischen, fruchtigen Geschmacksrepertoire, das von Zitrusfr\u00fcchten wie Orange, Grapefruit und Zitronengras reicht, mit Noten von Himbeere. Obwohl Green Widow nicht direkt mit White Widow verwandt ist, ist ihre Wirkung mindestens genauso \u00fcberzeugend.<\/p>\n<p>Alle unsere CBD White Widow Indoor Cannabisbl\u00fcten werden in der Schweiz aus nachhaltigem und biologischem Anbau hergestellt. Unsere hochwertigen &#8222;Buds&#8220; erreichen einen CBD-Gehalt von bis zu 23%, w\u00e4hrend der THC-Gehalt immer unter 1% liegt. Alle CBD-Buds von Green Passion entsprechen daher dem Schweizer Gesetz und bieten dir eine au\u00dfergew\u00f6hnliche Erfahrung.<\/p>\n<p>In unserem CBD-Onlineshop k\u00f6nnen Sie hochwertiges CBD-\u00d6l und CBD-Bl\u00fcten f\u00fcr drinnen, drau\u00dfen und im Unterglasgarten aus der Schweiz kaufen. Au\u00dferdem findest du eine gro\u00dfe Auswahl an hochwertigen feminisierten Samen, mit denen du jetzt selbst anbauen kannst.<\/p>\n<p>Die Herstellung unserer Produkte erfolgt nach strengsten Qualit\u00e4tsstandards. Alle unsere Buds werden nach dem Trocknen wochenlang kuriert, was ihnen ihren intensiven und einzigartigen Geschmack verleiht. Au\u00dferdem wird w\u00e4hrend des Fermentationsprozesses das Chlorophyll aus den Bl\u00fcten entfernt und die Cannabinoids\u00e4uren THC-A und CBD-A werden in die Hauptwirkstoffe Delta-9-THC und CBD umgewandelt.<\/p>\n<p>Alle unsere Produkte haben einen THC-Gehalt von weniger als&lt;1% und erf\u00fcllen die gesetzlichen Anforderungen in der Schweiz<\/p>\n","protected":false},"excerpt":{"rendered":"<div class=\"woocommerce-product-details__short-description\">\n<p>Die Sorte Green Widow zeichnet sich durch ihren frischen und fruchtigen Geschmackscharakter aus. Ihre Bl\u00fcten hingegen \u00fcberzeugen durch ihre kompakte und harzige Konsistenz.<\/p>\n<p>CBD: bis zu 16%<br \/>\nTHC: &lt;1%<\/p>\n<\/div>\n","protected":false},"featured_media":5508,"comment_status":"closed","ping_status":"closed","template":"","meta":{"inline_featured_image":false},"product_brand":[],"product_cat":[2738,2739,3264],"product_tag":[],"class_list":{"0":"post-41904","1":"product","2":"type-product","3":"status-publish","4":"has-post-thumbnail","6":"product_cat-cbd-bluten","7":"product_cat-indoor-de","8":"product_cat-indoor-de-2","9":"pa_marque-green-passion-de","11":"first","12":"instock","13":"shipping-taxable","14":"purchasable","15":"product-type-variable"},"yoast_head":"<!-- This site is optimized with the Yoast SEO Premium plugin v25.9 (Yoast SEO v27.3) - https:\/\/yoast.com\/product\/yoast-seo-premium-wordpress\/ -->\n<title>White Widow | Indoor zeichnet sich durch seinen frischen und fruchtigen Geschmack aus - Le Riff<\/title>\n<meta name=\"description\" content=\"Die Sorte White Widow CBD Indoor zeichnet sich durch ihren frischen und fruchtigen Geschmackscharakter aus. Seine CBD bl\u00fcht durch ihre kompakte Konsistenz.\" \/>\n<meta name=\"robots\" content=\"index, follow, max-snippet:-1, max-image-preview:large, max-video-preview:-1\" \/>\n<link rel=\"canonical\" href=\"https:\/\/www.leriff.ch\/de\/produkt\/green-widow-indoor-white-widow-cbd-2\/\" \/>\n<meta property=\"og:locale\" content=\"de_DE\" \/>\n<meta property=\"og:type\" content=\"article\" \/>\n<meta property=\"og:title\" content=\"White Widow | Indoor\" \/>\n<meta property=\"og:description\" content=\"Die Sorte White Widow CBD Indoor zeichnet sich durch ihren frischen und fruchtigen Geschmackscharakter aus. Seine CBD bl\u00fcht durch ihre kompakte Konsistenz.\" \/>\n<meta property=\"og:url\" content=\"https:\/\/www.leriff.ch\/de\/produkt\/green-widow-indoor-white-widow-cbd-2\/\" \/>\n<meta property=\"og:site_name\" content=\"Le Riff\" \/>\n<meta property=\"article:publisher\" content=\"https:\/\/www.facebook.com\/Leriff.ch\" \/>\n<meta name=\"twitter:card\" content=\"summary_large_image\" \/>\n<meta name=\"twitter:label1\" content=\"Gesch\u00e4tzte Lesezeit\" \/>\n\t<meta name=\"twitter:data1\" content=\"1\u00a0Minute\" \/>\n<script type=\"application\/ld+json\" class=\"yoast-schema-graph\">{\"@context\":\"https:\\\/\\\/schema.org\",\"@graph\":[{\"@type\":\"WebPage\",\"@id\":\"https:\\\/\\\/www.leriff.ch\\\/de\\\/produkt\\\/green-widow-indoor-white-widow-cbd-2\\\/\",\"url\":\"https:\\\/\\\/www.leriff.ch\\\/de\\\/produkt\\\/green-widow-indoor-white-widow-cbd-2\\\/\",\"name\":\"White Widow | Indoor zeichnet sich durch seinen frischen und fruchtigen Geschmack aus - Le Riff\",\"isPartOf\":{\"@id\":\"https:\\\/\\\/www.leriff.ch\\\/de\\\/#website\"},\"primaryImageOfPage\":{\"@id\":\"https:\\\/\\\/www.leriff.ch\\\/de\\\/produkt\\\/green-widow-indoor-white-widow-cbd-2\\\/#primaryimage\"},\"image\":{\"@id\":\"https:\\\/\\\/www.leriff.ch\\\/de\\\/produkt\\\/green-widow-indoor-white-widow-cbd-2\\\/#primaryimage\"},\"thumbnailUrl\":\"https:\\\/\\\/www.leriff.ch\\\/wp-content\\\/uploads\\\/2021\\\/03\\\/cbd-indoor-green-widow-600x600-1.jpg\",\"datePublished\":\"2022-05-12T13:18:02+00:00\",\"description\":\"Die Sorte White Widow CBD Indoor zeichnet sich durch ihren frischen und fruchtigen Geschmackscharakter aus. Seine CBD bl\u00fcht durch ihre kompakte Konsistenz.\",\"breadcrumb\":{\"@id\":\"https:\\\/\\\/www.leriff.ch\\\/de\\\/produkt\\\/green-widow-indoor-white-widow-cbd-2\\\/#breadcrumb\"},\"inLanguage\":\"de\",\"potentialAction\":[{\"@type\":\"ReadAction\",\"target\":[\"https:\\\/\\\/www.leriff.ch\\\/de\\\/produkt\\\/green-widow-indoor-white-widow-cbd-2\\\/\"]}]},{\"@type\":\"ImageObject\",\"inLanguage\":\"de\",\"@id\":\"https:\\\/\\\/www.leriff.ch\\\/de\\\/produkt\\\/green-widow-indoor-white-widow-cbd-2\\\/#primaryimage\",\"url\":\"https:\\\/\\\/www.leriff.ch\\\/wp-content\\\/uploads\\\/2021\\\/03\\\/cbd-indoor-green-widow-600x600-1.jpg\",\"contentUrl\":\"https:\\\/\\\/www.leriff.ch\\\/wp-content\\\/uploads\\\/2021\\\/03\\\/cbd-indoor-green-widow-600x600-1.jpg\",\"width\":600,\"height\":600,\"caption\":\"White Widow CBD Indoor Fleurs de CBD Suisse\"},{\"@type\":\"BreadcrumbList\",\"@id\":\"https:\\\/\\\/www.leriff.ch\\\/de\\\/produkt\\\/green-widow-indoor-white-widow-cbd-2\\\/#breadcrumb\",\"itemListElement\":[{\"@type\":\"ListItem\",\"position\":1,\"name\":\"Accueil\",\"item\":\"https:\\\/\\\/www.leriff.ch\\\/de\\\/\"},{\"@type\":\"ListItem\",\"position\":2,\"name\":\"Shop\",\"item\":\"https:\\\/\\\/www.leriff.ch\\\/de\\\/geschaeft\\\/\"},{\"@type\":\"ListItem\",\"position\":3,\"name\":\"CBD Bl\u00fcten\",\"item\":\"https:\\\/\\\/www.leriff.ch\\\/de\\\/categorie-produit\\\/cbd-bluten\\\/\"},{\"@type\":\"ListItem\",\"position\":4,\"name\":\"Indoor\",\"item\":\"https:\\\/\\\/www.leriff.ch\\\/de\\\/categorie-produit\\\/cbd-bluten\\\/indoor-de-2\\\/\"},{\"@type\":\"ListItem\",\"position\":5,\"name\":\"White Widow | Indoor\"}]},{\"@type\":\"WebSite\",\"@id\":\"https:\\\/\\\/www.leriff.ch\\\/de\\\/#website\",\"url\":\"https:\\\/\\\/www.leriff.ch\\\/de\\\/\",\"name\":\"Le Riff\",\"description\":\"Fleurs de Cannabis CBD\",\"publisher\":{\"@id\":\"https:\\\/\\\/www.leriff.ch\\\/de\\\/#organization\"},\"potentialAction\":[{\"@type\":\"SearchAction\",\"target\":{\"@type\":\"EntryPoint\",\"urlTemplate\":\"https:\\\/\\\/www.leriff.ch\\\/de\\\/?s={search_term_string}\"},\"query-input\":{\"@type\":\"PropertyValueSpecification\",\"valueRequired\":true,\"valueName\":\"search_term_string\"}}],\"inLanguage\":\"de\"},{\"@type\":\"Organization\",\"@id\":\"https:\\\/\\\/www.leriff.ch\\\/de\\\/#organization\",\"name\":\"le riff\",\"url\":\"https:\\\/\\\/www.leriff.ch\\\/de\\\/\",\"logo\":{\"@type\":\"ImageObject\",\"inLanguage\":\"de\",\"@id\":\"https:\\\/\\\/www.leriff.ch\\\/de\\\/#\\\/schema\\\/logo\\\/image\\\/\",\"url\":\"https:\\\/\\\/www.leriff.ch\\\/wp-content\\\/uploads\\\/2019\\\/10\\\/logo_carre.png\",\"contentUrl\":\"https:\\\/\\\/www.leriff.ch\\\/wp-content\\\/uploads\\\/2019\\\/10\\\/logo_carre.png\",\"width\":130,\"height\":130,\"caption\":\"le riff\"},\"image\":{\"@id\":\"https:\\\/\\\/www.leriff.ch\\\/de\\\/#\\\/schema\\\/logo\\\/image\\\/\"},\"sameAs\":[\"https:\\\/\\\/www.facebook.com\\\/Leriff.ch\"]}]}<\/script>\n<!-- \/ Yoast SEO Premium plugin. -->","yoast_head_json":{"title":"White Widow | Indoor zeichnet sich durch seinen frischen und fruchtigen Geschmack aus - Le Riff","description":"Die Sorte White Widow CBD Indoor zeichnet sich durch ihren frischen und fruchtigen Geschmackscharakter aus. Seine CBD bl\u00fcht durch ihre kompakte Konsistenz.","robots":{"index":"index","follow":"follow","max-snippet":"max-snippet:-1","max-image-preview":"max-image-preview:large","max-video-preview":"max-video-preview:-1"},"canonical":"https:\/\/www.leriff.ch\/de\/produkt\/green-widow-indoor-white-widow-cbd-2\/","og_locale":"de_DE","og_type":"article","og_title":"White Widow | Indoor","og_description":"Die Sorte White Widow CBD Indoor zeichnet sich durch ihren frischen und fruchtigen Geschmackscharakter aus. Seine CBD bl\u00fcht durch ihre kompakte Konsistenz.","og_url":"https:\/\/www.leriff.ch\/de\/produkt\/green-widow-indoor-white-widow-cbd-2\/","og_site_name":"Le Riff","article_publisher":"https:\/\/www.facebook.com\/Leriff.ch","twitter_card":"summary_large_image","twitter_misc":{"Gesch\u00e4tzte Lesezeit":"1\u00a0Minute"},"schema":{"@context":"https:\/\/schema.org","@graph":[{"@type":"WebPage","@id":"https:\/\/www.leriff.ch\/de\/produkt\/green-widow-indoor-white-widow-cbd-2\/","url":"https:\/\/www.leriff.ch\/de\/produkt\/green-widow-indoor-white-widow-cbd-2\/","name":"White Widow | Indoor zeichnet sich durch seinen frischen und fruchtigen Geschmack aus - Le Riff","isPartOf":{"@id":"https:\/\/www.leriff.ch\/de\/#website"},"primaryImageOfPage":{"@id":"https:\/\/www.leriff.ch\/de\/produkt\/green-widow-indoor-white-widow-cbd-2\/#primaryimage"},"image":{"@id":"https:\/\/www.leriff.ch\/de\/produkt\/green-widow-indoor-white-widow-cbd-2\/#primaryimage"},"thumbnailUrl":"https:\/\/www.leriff.ch\/wp-content\/uploads\/2021\/03\/cbd-indoor-green-widow-600x600-1.jpg","datePublished":"2022-05-12T13:18:02+00:00","description":"Die Sorte White Widow CBD Indoor zeichnet sich durch ihren frischen und fruchtigen Geschmackscharakter aus. Seine CBD bl\u00fcht durch ihre kompakte Konsistenz.","breadcrumb":{"@id":"https:\/\/www.leriff.ch\/de\/produkt\/green-widow-indoor-white-widow-cbd-2\/#breadcrumb"},"inLanguage":"de","potentialAction":[{"@type":"ReadAction","target":["https:\/\/www.leriff.ch\/de\/produkt\/green-widow-indoor-white-widow-cbd-2\/"]}]},{"@type":"ImageObject","inLanguage":"de","@id":"https:\/\/www.leriff.ch\/de\/produkt\/green-widow-indoor-white-widow-cbd-2\/#primaryimage","url":"https:\/\/www.leriff.ch\/wp-content\/uploads\/2021\/03\/cbd-indoor-green-widow-600x600-1.jpg","contentUrl":"https:\/\/www.leriff.ch\/wp-content\/uploads\/2021\/03\/cbd-indoor-green-widow-600x600-1.jpg","width":600,"height":600,"caption":"White Widow CBD Indoor Fleurs de CBD Suisse"},{"@type":"BreadcrumbList","@id":"https:\/\/www.leriff.ch\/de\/produkt\/green-widow-indoor-white-widow-cbd-2\/#breadcrumb","itemListElement":[{"@type":"ListItem","position":1,"name":"Accueil","item":"https:\/\/www.leriff.ch\/de\/"},{"@type":"ListItem","position":2,"name":"Shop","item":"https:\/\/www.leriff.ch\/de\/geschaeft\/"},{"@type":"ListItem","position":3,"name":"CBD Bl\u00fcten","item":"https:\/\/www.leriff.ch\/de\/categorie-produit\/cbd-bluten\/"},{"@type":"ListItem","position":4,"name":"Indoor","item":"https:\/\/www.leriff.ch\/de\/categorie-produit\/cbd-bluten\/indoor-de-2\/"},{"@type":"ListItem","position":5,"name":"White Widow | Indoor"}]},{"@type":"WebSite","@id":"https:\/\/www.leriff.ch\/de\/#website","url":"https:\/\/www.leriff.ch\/de\/","name":"Le Riff","description":"Fleurs de Cannabis CBD","publisher":{"@id":"https:\/\/www.leriff.ch\/de\/#organization"},"potentialAction":[{"@type":"SearchAction","target":{"@type":"EntryPoint","urlTemplate":"https:\/\/www.leriff.ch\/de\/?s={search_term_string}"},"query-input":{"@type":"PropertyValueSpecification","valueRequired":true,"valueName":"search_term_string"}}],"inLanguage":"de"},{"@type":"Organization","@id":"https:\/\/www.leriff.ch\/de\/#organization","name":"le riff","url":"https:\/\/www.leriff.ch\/de\/","logo":{"@type":"ImageObject","inLanguage":"de","@id":"https:\/\/www.leriff.ch\/de\/#\/schema\/logo\/image\/","url":"https:\/\/www.leriff.ch\/wp-content\/uploads\/2019\/10\/logo_carre.png","contentUrl":"https:\/\/www.leriff.ch\/wp-content\/uploads\/2019\/10\/logo_carre.png","width":130,"height":130,"caption":"le riff"},"image":{"@id":"https:\/\/www.leriff.ch\/de\/#\/schema\/logo\/image\/"},"sameAs":["https:\/\/www.facebook.com\/Leriff.ch"]}]}},"_links":{"self":[{"href":"https:\/\/www.leriff.ch\/de\/wp-json\/wp\/v2\/product\/41904","targetHints":{"allow":["GET"]}}],"collection":[{"href":"https:\/\/www.leriff.ch\/de\/wp-json\/wp\/v2\/product"}],"about":[{"href":"https:\/\/www.leriff.ch\/de\/wp-json\/wp\/v2\/types\/product"}],"replies":[{"embeddable":true,"href":"https:\/\/www.leriff.ch\/de\/wp-json\/wp\/v2\/comments?post=41904"}],"wp:featuredmedia":[{"embeddable":true,"href":"https:\/\/www.leriff.ch\/de\/wp-json\/wp\/v2\/media\/5508"}],"wp:attachment":[{"href":"https:\/\/www.leriff.ch\/de\/wp-json\/wp\/v2\/media?parent=41904"}],"wp:term":[{"taxonomy":"product_brand","embeddable":true,"href":"https:\/\/www.leriff.ch\/de\/wp-json\/wp\/v2\/product_brand?post=41904"},{"taxonomy":"product_cat","embeddable":true,"href":"https:\/\/www.leriff.ch\/de\/wp-json\/wp\/v2\/product_cat?post=41904"},{"taxonomy":"product_tag","embeddable":true,"href":"https:\/\/www.leriff.ch\/de\/wp-json\/wp\/v2\/product_tag?post=41904"}],"curies":[{"name":"wp","href":"https:\/\/api.w.org\/{rel}","templated":true}]}}