{"id":41919,"date":"2021-03-30T23:53:48","date_gmt":"2022-05-12T18:37:24","guid":{"rendered":"https:\/\/www.leriff.ch\/produit\/orange-bud-indoors\/"},"modified":"2022-05-12T18:37:24","modified_gmt":"2022-05-12T18:37:24","slug":"orange-bud-indoors-2","status":"publish","type":"product","link":"https:\/\/www.leriff.ch\/de\/produkt\/orange-bud-indoors-2\/","title":{"rendered":"Orange Bud INDOORS"},"content":{"rendered":"<p>CBD Cannabisbl\u00fcten Schweiz: Die Orange Bud Genetik ist ein bekannter Cannabis-Stamm, der f\u00fcr die Entwicklung vieler anderer St\u00e4mme verantwortlich ist. Sie fesselt mit ihren perfekten, kompakten Bl\u00fcten, die intensiv duften. Er ist perfekt f\u00fcr diejenigen, die ein sanftes Raucherlebnis w\u00fcnschen. Dieser Stamm wird in einer Schweizer Indoor-Kultur gez\u00fcchtet. Der Geruch erinnert an reife Orangen mit einer erdigen Note. Ein Muss f\u00fcr Cannabis-Gourmets!<\/p>\n<p>Alle unsere CBD-Bl\u00fcten werden in der Schweiz in einem nachhaltigen und biologischen Anbau produziert. Unsere hochwertigen &#8222;Buds&#8220; erreichen einen CBD-Gehalt von bis zu 23%, w\u00e4hrend der THC-Gehalt immer unter 1% liegt. Alle CBD-Buds von Green Passion entsprechen daher dem Schweizer Gesetz und bieten dir eine au\u00dfergew\u00f6hnliche Erfahrung.<\/p>\n<p>In unserem CBD-Onlineshop k\u00f6nnen Sie hochwertiges CBD-\u00d6l und CBD-Bl\u00fcten f\u00fcr drinnen, drau\u00dfen und im Unterglasgarten aus der Schweiz kaufen. Au\u00dferdem findest du eine gro\u00dfe Auswahl an hochwertigen feminisierten Samen, mit denen du jetzt selbst anbauen kannst.<\/p>\n<p>Die Herstellung unserer Produkte erfolgt nach strengsten Qualit\u00e4tsstandards. Alle unsere Buds werden nach dem Trocknen wochenlang kuriert, was ihnen ihren intensiven und einzigartigen Geschmack verleiht. Au\u00dferdem wird w\u00e4hrend des Fermentationsprozesses das Chlorophyll aus den Bl\u00fcten entfernt und die Cannabinoids\u00e4uren THC-A und CBD-A werden in die Hauptwirkstoffe Delta-9-THC und CBD umgewandelt.<\/p>\n<p>Alle unsere Produkte haben einen THC-Gehalt von weniger als&lt;1% und erf\u00fcllen die gesetzlichen Anforderungen in der Schweiz<\/p>\n","protected":false},"excerpt":{"rendered":"<p>Diese Genetik \u00fcberzeugt durch ihre vollen Bl\u00fcten und ihren fruchtigen Geschmack. Au\u00dferdem bietet er ein angenehmes und reibungsloses Raucherlebnis.<\/p>\n","protected":false},"featured_media":5493,"comment_status":"closed","ping_status":"closed","template":"","meta":{"inline_featured_image":false},"product_brand":[],"product_cat":[2738,2739,3264],"product_tag":[],"class_list":{"0":"post-41919","1":"product","2":"type-product","3":"status-publish","4":"has-post-thumbnail","6":"product_cat-cbd-bluten","7":"product_cat-indoor-de","8":"product_cat-indoor-de-2","9":"pa_marque-green-passion-de","11":"first","12":"instock","13":"shipping-taxable","14":"purchasable","15":"product-type-variable"},"yoast_head":"<!-- This site is optimized with the Yoast SEO Premium plugin v25.9 (Yoast SEO v27.4) - https:\/\/yoast.com\/product\/yoast-seo-premium-wordpress\/ -->\n<title>Orange Bud INDOORS - CBD-Bl\u00fcten Schweiz - Le Riff<\/title>\n<meta name=\"description\" content=\"CBD-Bl\u00fcten Schweiz Indoors: Diese Orange Bud-Genetik \u00fcberzeugt durch ihre vollen Bl\u00fcten und ihren fruchtigen Geschmack.\" \/>\n<meta name=\"robots\" content=\"index, follow, max-snippet:-1, max-image-preview:large, max-video-preview:-1\" \/>\n<link rel=\"canonical\" href=\"https:\/\/www.leriff.ch\/de\/produkt\/orange-bud-indoors-2\/\" \/>\n<meta property=\"og:locale\" content=\"de_DE\" \/>\n<meta property=\"og:type\" content=\"article\" \/>\n<meta property=\"og:title\" content=\"Orange Bud INDOORS\" \/>\n<meta property=\"og:description\" content=\"CBD-Bl\u00fcten Schweiz Indoors: Diese Orange Bud-Genetik \u00fcberzeugt durch ihre vollen Bl\u00fcten und ihren fruchtigen Geschmack.\" \/>\n<meta property=\"og:url\" content=\"https:\/\/www.leriff.ch\/de\/produkt\/orange-bud-indoors-2\/\" \/>\n<meta property=\"og:site_name\" content=\"Le Riff\" \/>\n<meta property=\"article:publisher\" content=\"https:\/\/www.facebook.com\/Leriff.ch\" \/>\n<meta name=\"twitter:card\" content=\"summary_large_image\" \/>\n<meta name=\"twitter:label1\" content=\"Gesch\u00e4tzte Lesezeit\" \/>\n\t<meta name=\"twitter:data1\" content=\"1\u00a0Minute\" \/>\n<script type=\"application\/ld+json\" class=\"yoast-schema-graph\">{\"@context\":\"https:\\\/\\\/schema.org\",\"@graph\":[{\"@type\":\"WebPage\",\"@id\":\"https:\\\/\\\/www.leriff.ch\\\/de\\\/produkt\\\/orange-bud-indoors-2\\\/\",\"url\":\"https:\\\/\\\/www.leriff.ch\\\/de\\\/produkt\\\/orange-bud-indoors-2\\\/\",\"name\":\"Orange Bud INDOORS - CBD-Bl\u00fcten Schweiz - Le Riff\",\"isPartOf\":{\"@id\":\"https:\\\/\\\/www.leriff.ch\\\/de\\\/#website\"},\"primaryImageOfPage\":{\"@id\":\"https:\\\/\\\/www.leriff.ch\\\/de\\\/produkt\\\/orange-bud-indoors-2\\\/#primaryimage\"},\"image\":{\"@id\":\"https:\\\/\\\/www.leriff.ch\\\/de\\\/produkt\\\/orange-bud-indoors-2\\\/#primaryimage\"},\"thumbnailUrl\":\"https:\\\/\\\/www.leriff.ch\\\/wp-content\\\/uploads\\\/2021\\\/03\\\/cbd-indoor-orange-passion-600x600-1.jpg\",\"datePublished\":\"2022-05-12T18:37:24+00:00\",\"description\":\"CBD-Bl\u00fcten Schweiz Indoors: Diese Orange Bud-Genetik \u00fcberzeugt durch ihre vollen Bl\u00fcten und ihren fruchtigen Geschmack.\",\"breadcrumb\":{\"@id\":\"https:\\\/\\\/www.leriff.ch\\\/de\\\/produkt\\\/orange-bud-indoors-2\\\/#breadcrumb\"},\"inLanguage\":\"de\",\"potentialAction\":[{\"@type\":\"ReadAction\",\"target\":[\"https:\\\/\\\/www.leriff.ch\\\/de\\\/produkt\\\/orange-bud-indoors-2\\\/\"]}]},{\"@type\":\"ImageObject\",\"inLanguage\":\"de\",\"@id\":\"https:\\\/\\\/www.leriff.ch\\\/de\\\/produkt\\\/orange-bud-indoors-2\\\/#primaryimage\",\"url\":\"https:\\\/\\\/www.leriff.ch\\\/wp-content\\\/uploads\\\/2021\\\/03\\\/cbd-indoor-orange-passion-600x600-1.jpg\",\"contentUrl\":\"https:\\\/\\\/www.leriff.ch\\\/wp-content\\\/uploads\\\/2021\\\/03\\\/cbd-indoor-orange-passion-600x600-1.jpg\",\"width\":600,\"height\":600,\"caption\":\"Orange Bud INDOORS: Fleurs de cbd suisse\"},{\"@type\":\"BreadcrumbList\",\"@id\":\"https:\\\/\\\/www.leriff.ch\\\/de\\\/produkt\\\/orange-bud-indoors-2\\\/#breadcrumb\",\"itemListElement\":[{\"@type\":\"ListItem\",\"position\":1,\"name\":\"Accueil\",\"item\":\"https:\\\/\\\/www.leriff.ch\\\/de\\\/\"},{\"@type\":\"ListItem\",\"position\":2,\"name\":\"Shop\",\"item\":\"https:\\\/\\\/www.leriff.ch\\\/de\\\/geschaeft\\\/\"},{\"@type\":\"ListItem\",\"position\":3,\"name\":\"CBD Bl\u00fcten\",\"item\":\"https:\\\/\\\/www.leriff.ch\\\/de\\\/categorie-produit\\\/cbd-bluten\\\/\"},{\"@type\":\"ListItem\",\"position\":4,\"name\":\"Indoor\",\"item\":\"https:\\\/\\\/www.leriff.ch\\\/de\\\/categorie-produit\\\/cbd-bluten\\\/indoor-de-2\\\/\"},{\"@type\":\"ListItem\",\"position\":5,\"name\":\"Orange Bud INDOORS\"}]},{\"@type\":\"WebSite\",\"@id\":\"https:\\\/\\\/www.leriff.ch\\\/de\\\/#website\",\"url\":\"https:\\\/\\\/www.leriff.ch\\\/de\\\/\",\"name\":\"Le Riff\",\"description\":\"Fleurs de Cannabis CBD\",\"publisher\":{\"@id\":\"https:\\\/\\\/www.leriff.ch\\\/de\\\/#organization\"},\"potentialAction\":[{\"@type\":\"SearchAction\",\"target\":{\"@type\":\"EntryPoint\",\"urlTemplate\":\"https:\\\/\\\/www.leriff.ch\\\/de\\\/?s={search_term_string}\"},\"query-input\":{\"@type\":\"PropertyValueSpecification\",\"valueRequired\":true,\"valueName\":\"search_term_string\"}}],\"inLanguage\":\"de\"},{\"@type\":\"Organization\",\"@id\":\"https:\\\/\\\/www.leriff.ch\\\/de\\\/#organization\",\"name\":\"le riff\",\"url\":\"https:\\\/\\\/www.leriff.ch\\\/de\\\/\",\"logo\":{\"@type\":\"ImageObject\",\"inLanguage\":\"de\",\"@id\":\"https:\\\/\\\/www.leriff.ch\\\/de\\\/#\\\/schema\\\/logo\\\/image\\\/\",\"url\":\"https:\\\/\\\/www.leriff.ch\\\/wp-content\\\/uploads\\\/2019\\\/10\\\/logo_carre.png\",\"contentUrl\":\"https:\\\/\\\/www.leriff.ch\\\/wp-content\\\/uploads\\\/2019\\\/10\\\/logo_carre.png\",\"width\":130,\"height\":130,\"caption\":\"le riff\"},\"image\":{\"@id\":\"https:\\\/\\\/www.leriff.ch\\\/de\\\/#\\\/schema\\\/logo\\\/image\\\/\"},\"sameAs\":[\"https:\\\/\\\/www.facebook.com\\\/Leriff.ch\"]}]}<\/script>\n<!-- \/ Yoast SEO Premium plugin. -->","yoast_head_json":{"title":"Orange Bud INDOORS - CBD-Bl\u00fcten Schweiz - Le Riff","description":"CBD-Bl\u00fcten Schweiz Indoors: Diese Orange Bud-Genetik \u00fcberzeugt durch ihre vollen Bl\u00fcten und ihren fruchtigen Geschmack.","robots":{"index":"index","follow":"follow","max-snippet":"max-snippet:-1","max-image-preview":"max-image-preview:large","max-video-preview":"max-video-preview:-1"},"canonical":"https:\/\/www.leriff.ch\/de\/produkt\/orange-bud-indoors-2\/","og_locale":"de_DE","og_type":"article","og_title":"Orange Bud INDOORS","og_description":"CBD-Bl\u00fcten Schweiz Indoors: Diese Orange Bud-Genetik \u00fcberzeugt durch ihre vollen Bl\u00fcten und ihren fruchtigen Geschmack.","og_url":"https:\/\/www.leriff.ch\/de\/produkt\/orange-bud-indoors-2\/","og_site_name":"Le Riff","article_publisher":"https:\/\/www.facebook.com\/Leriff.ch","twitter_card":"summary_large_image","twitter_misc":{"Gesch\u00e4tzte Lesezeit":"1\u00a0Minute"},"schema":{"@context":"https:\/\/schema.org","@graph":[{"@type":"WebPage","@id":"https:\/\/www.leriff.ch\/de\/produkt\/orange-bud-indoors-2\/","url":"https:\/\/www.leriff.ch\/de\/produkt\/orange-bud-indoors-2\/","name":"Orange Bud INDOORS - CBD-Bl\u00fcten Schweiz - Le Riff","isPartOf":{"@id":"https:\/\/www.leriff.ch\/de\/#website"},"primaryImageOfPage":{"@id":"https:\/\/www.leriff.ch\/de\/produkt\/orange-bud-indoors-2\/#primaryimage"},"image":{"@id":"https:\/\/www.leriff.ch\/de\/produkt\/orange-bud-indoors-2\/#primaryimage"},"thumbnailUrl":"https:\/\/www.leriff.ch\/wp-content\/uploads\/2021\/03\/cbd-indoor-orange-passion-600x600-1.jpg","datePublished":"2022-05-12T18:37:24+00:00","description":"CBD-Bl\u00fcten Schweiz Indoors: Diese Orange Bud-Genetik \u00fcberzeugt durch ihre vollen Bl\u00fcten und ihren fruchtigen Geschmack.","breadcrumb":{"@id":"https:\/\/www.leriff.ch\/de\/produkt\/orange-bud-indoors-2\/#breadcrumb"},"inLanguage":"de","potentialAction":[{"@type":"ReadAction","target":["https:\/\/www.leriff.ch\/de\/produkt\/orange-bud-indoors-2\/"]}]},{"@type":"ImageObject","inLanguage":"de","@id":"https:\/\/www.leriff.ch\/de\/produkt\/orange-bud-indoors-2\/#primaryimage","url":"https:\/\/www.leriff.ch\/wp-content\/uploads\/2021\/03\/cbd-indoor-orange-passion-600x600-1.jpg","contentUrl":"https:\/\/www.leriff.ch\/wp-content\/uploads\/2021\/03\/cbd-indoor-orange-passion-600x600-1.jpg","width":600,"height":600,"caption":"Orange Bud INDOORS: Fleurs de cbd suisse"},{"@type":"BreadcrumbList","@id":"https:\/\/www.leriff.ch\/de\/produkt\/orange-bud-indoors-2\/#breadcrumb","itemListElement":[{"@type":"ListItem","position":1,"name":"Accueil","item":"https:\/\/www.leriff.ch\/de\/"},{"@type":"ListItem","position":2,"name":"Shop","item":"https:\/\/www.leriff.ch\/de\/geschaeft\/"},{"@type":"ListItem","position":3,"name":"CBD Bl\u00fcten","item":"https:\/\/www.leriff.ch\/de\/categorie-produit\/cbd-bluten\/"},{"@type":"ListItem","position":4,"name":"Indoor","item":"https:\/\/www.leriff.ch\/de\/categorie-produit\/cbd-bluten\/indoor-de-2\/"},{"@type":"ListItem","position":5,"name":"Orange Bud INDOORS"}]},{"@type":"WebSite","@id":"https:\/\/www.leriff.ch\/de\/#website","url":"https:\/\/www.leriff.ch\/de\/","name":"Le Riff","description":"Fleurs de Cannabis CBD","publisher":{"@id":"https:\/\/www.leriff.ch\/de\/#organization"},"potentialAction":[{"@type":"SearchAction","target":{"@type":"EntryPoint","urlTemplate":"https:\/\/www.leriff.ch\/de\/?s={search_term_string}"},"query-input":{"@type":"PropertyValueSpecification","valueRequired":true,"valueName":"search_term_string"}}],"inLanguage":"de"},{"@type":"Organization","@id":"https:\/\/www.leriff.ch\/de\/#organization","name":"le riff","url":"https:\/\/www.leriff.ch\/de\/","logo":{"@type":"ImageObject","inLanguage":"de","@id":"https:\/\/www.leriff.ch\/de\/#\/schema\/logo\/image\/","url":"https:\/\/www.leriff.ch\/wp-content\/uploads\/2019\/10\/logo_carre.png","contentUrl":"https:\/\/www.leriff.ch\/wp-content\/uploads\/2019\/10\/logo_carre.png","width":130,"height":130,"caption":"le riff"},"image":{"@id":"https:\/\/www.leriff.ch\/de\/#\/schema\/logo\/image\/"},"sameAs":["https:\/\/www.facebook.com\/Leriff.ch"]}]}},"_links":{"self":[{"href":"https:\/\/www.leriff.ch\/de\/wp-json\/wp\/v2\/product\/41919","targetHints":{"allow":["GET"]}}],"collection":[{"href":"https:\/\/www.leriff.ch\/de\/wp-json\/wp\/v2\/product"}],"about":[{"href":"https:\/\/www.leriff.ch\/de\/wp-json\/wp\/v2\/types\/product"}],"replies":[{"embeddable":true,"href":"https:\/\/www.leriff.ch\/de\/wp-json\/wp\/v2\/comments?post=41919"}],"wp:featuredmedia":[{"embeddable":true,"href":"https:\/\/www.leriff.ch\/de\/wp-json\/wp\/v2\/media\/5493"}],"wp:attachment":[{"href":"https:\/\/www.leriff.ch\/de\/wp-json\/wp\/v2\/media?parent=41919"}],"wp:term":[{"taxonomy":"product_brand","embeddable":true,"href":"https:\/\/www.leriff.ch\/de\/wp-json\/wp\/v2\/product_brand?post=41919"},{"taxonomy":"product_cat","embeddable":true,"href":"https:\/\/www.leriff.ch\/de\/wp-json\/wp\/v2\/product_cat?post=41919"},{"taxonomy":"product_tag","embeddable":true,"href":"https:\/\/www.leriff.ch\/de\/wp-json\/wp\/v2\/product_tag?post=41919"}],"curies":[{"name":"wp","href":"https:\/\/api.w.org\/{rel}","templated":true}]}}