{"id":42048,"date":"2021-03-30T08:39:45","date_gmt":"2022-05-17T01:43:05","guid":{"rendered":"https:\/\/www.leriff.ch\/produit\/haze-green-house\/"},"modified":"2022-05-17T01:43:05","modified_gmt":"2022-05-17T01:43:05","slug":"passion-haze-greenhouse-2","status":"publish","type":"product","link":"https:\/\/www.leriff.ch\/de\/produkt\/passion-haze-greenhouse-2\/","title":{"rendered":"Haze | Green House"},"content":{"rendered":"<p>Angebaut in einem sonnigen Tal in der Schweiz und mit extrem kompakten und sehr schmackhaften Aromen, spiegelt diese Green Passion Genetik das Geschmacksprofil der Blumensorte Purple Haze wider. Der nachhaltige Anbau der Passion Haze und ihr hoher CBD-Gehalt stehen f\u00fcr Schweizer Qualit\u00e4t.<\/p>\n","protected":false},"excerpt":{"rendered":"<p>Die hohe Qualit\u00e4t dieser Sorte spiegelt sich in den kompakten Bl\u00fcten wider, die nicht nur starke Aromen abgeben, sondern auch einen hohen CBD-Gehalt haben &#8211; die beste Schweizer Qualit\u00e4t.<\/p>\n<p>CBD: bis zu 21 %.<br \/>\nTHC: &lt;1%<\/p>\n","protected":false},"featured_media":5430,"comment_status":"closed","ping_status":"closed","template":"","meta":{"inline_featured_image":false},"product_brand":[],"product_cat":[2738,3068,3275],"product_tag":[],"class_list":{"0":"post-42048","1":"product","2":"type-product","3":"status-publish","4":"has-post-thumbnail","6":"product_cat-cbd-bluten","7":"product_cat-green-house-de","8":"product_cat-green-house-de-2","9":"pa_marque-green-passion-de","11":"first","12":"instock","13":"shipping-taxable","14":"purchasable","15":"product-type-variable"},"yoast_head":"<!-- This site is optimized with the Yoast SEO Premium plugin v25.9 (Yoast SEO v27.3) - https:\/\/yoast.com\/product\/yoast-seo-premium-wordpress\/ -->\n<title>Haze | Green House kompakte Bl\u00fcten mit kr\u00e4ftigen Aromen - Le Riff<\/title>\n<meta name=\"description\" content=\"Purple Haze Green House cbd bl\u00fcht in der Schweiz: Die hohe Qualit\u00e4t dieser Sorte spiegelt sich in den kompakten Bl\u00fcten wieder, die nicht nur starke Aromen liefern.\" \/>\n<meta name=\"robots\" content=\"index, follow, max-snippet:-1, max-image-preview:large, max-video-preview:-1\" \/>\n<link rel=\"canonical\" href=\"https:\/\/www.leriff.ch\/de\/produkt\/passion-haze-greenhouse-2\/\" \/>\n<meta property=\"og:locale\" content=\"de_DE\" \/>\n<meta property=\"og:type\" content=\"article\" \/>\n<meta property=\"og:title\" content=\"Haze | Green House\" \/>\n<meta property=\"og:description\" content=\"Purple Haze Green House cbd bl\u00fcht in der Schweiz: Die hohe Qualit\u00e4t dieser Sorte spiegelt sich in den kompakten Bl\u00fcten wieder, die nicht nur starke Aromen liefern.\" \/>\n<meta property=\"og:url\" content=\"https:\/\/www.leriff.ch\/de\/produkt\/passion-haze-greenhouse-2\/\" \/>\n<meta property=\"og:site_name\" content=\"Le Riff\" \/>\n<meta property=\"article:publisher\" content=\"https:\/\/www.facebook.com\/Leriff.ch\" \/>\n<meta name=\"twitter:card\" content=\"summary_large_image\" \/>\n<script type=\"application\/ld+json\" class=\"yoast-schema-graph\">{\"@context\":\"https:\\\/\\\/schema.org\",\"@graph\":[{\"@type\":\"WebPage\",\"@id\":\"https:\\\/\\\/www.leriff.ch\\\/de\\\/produkt\\\/passion-haze-greenhouse-2\\\/\",\"url\":\"https:\\\/\\\/www.leriff.ch\\\/de\\\/produkt\\\/passion-haze-greenhouse-2\\\/\",\"name\":\"Haze | Green House kompakte Bl\u00fcten mit kr\u00e4ftigen Aromen - Le Riff\",\"isPartOf\":{\"@id\":\"https:\\\/\\\/www.leriff.ch\\\/de\\\/#website\"},\"primaryImageOfPage\":{\"@id\":\"https:\\\/\\\/www.leriff.ch\\\/de\\\/produkt\\\/passion-haze-greenhouse-2\\\/#primaryimage\"},\"image\":{\"@id\":\"https:\\\/\\\/www.leriff.ch\\\/de\\\/produkt\\\/passion-haze-greenhouse-2\\\/#primaryimage\"},\"thumbnailUrl\":\"https:\\\/\\\/www.leriff.ch\\\/wp-content\\\/uploads\\\/2021\\\/03\\\/cbd-treibhaus-passion-haze-600x600-1.jpg\",\"datePublished\":\"2022-05-17T01:43:05+00:00\",\"description\":\"Purple Haze Green House cbd bl\u00fcht in der Schweiz: Die hohe Qualit\u00e4t dieser Sorte spiegelt sich in den kompakten Bl\u00fcten wieder, die nicht nur starke Aromen liefern.\",\"breadcrumb\":{\"@id\":\"https:\\\/\\\/www.leriff.ch\\\/de\\\/produkt\\\/passion-haze-greenhouse-2\\\/#breadcrumb\"},\"inLanguage\":\"de\",\"potentialAction\":[{\"@type\":\"ReadAction\",\"target\":[\"https:\\\/\\\/www.leriff.ch\\\/de\\\/produkt\\\/passion-haze-greenhouse-2\\\/\"]}]},{\"@type\":\"ImageObject\",\"inLanguage\":\"de\",\"@id\":\"https:\\\/\\\/www.leriff.ch\\\/de\\\/produkt\\\/passion-haze-greenhouse-2\\\/#primaryimage\",\"url\":\"https:\\\/\\\/www.leriff.ch\\\/wp-content\\\/uploads\\\/2021\\\/03\\\/cbd-treibhaus-passion-haze-600x600-1.jpg\",\"contentUrl\":\"https:\\\/\\\/www.leriff.ch\\\/wp-content\\\/uploads\\\/2021\\\/03\\\/cbd-treibhaus-passion-haze-600x600-1.jpg\",\"width\":600,\"height\":600,\"caption\":\"Purple Haze Green House fleurs de cbd suisse\"},{\"@type\":\"BreadcrumbList\",\"@id\":\"https:\\\/\\\/www.leriff.ch\\\/de\\\/produkt\\\/passion-haze-greenhouse-2\\\/#breadcrumb\",\"itemListElement\":[{\"@type\":\"ListItem\",\"position\":1,\"name\":\"Accueil\",\"item\":\"https:\\\/\\\/www.leriff.ch\\\/de\\\/\"},{\"@type\":\"ListItem\",\"position\":2,\"name\":\"Shop\",\"item\":\"https:\\\/\\\/www.leriff.ch\\\/de\\\/geschaeft\\\/\"},{\"@type\":\"ListItem\",\"position\":3,\"name\":\"CBD Bl\u00fcten\",\"item\":\"https:\\\/\\\/www.leriff.ch\\\/de\\\/categorie-produit\\\/cbd-bluten\\\/\"},{\"@type\":\"ListItem\",\"position\":4,\"name\":\"Green House\",\"item\":\"https:\\\/\\\/www.leriff.ch\\\/de\\\/categorie-produit\\\/cbd-bluten\\\/green-house-de-2\\\/\"},{\"@type\":\"ListItem\",\"position\":5,\"name\":\"Haze | Green House\"}]},{\"@type\":\"WebSite\",\"@id\":\"https:\\\/\\\/www.leriff.ch\\\/de\\\/#website\",\"url\":\"https:\\\/\\\/www.leriff.ch\\\/de\\\/\",\"name\":\"Le Riff\",\"description\":\"Fleurs de Cannabis CBD\",\"publisher\":{\"@id\":\"https:\\\/\\\/www.leriff.ch\\\/de\\\/#organization\"},\"potentialAction\":[{\"@type\":\"SearchAction\",\"target\":{\"@type\":\"EntryPoint\",\"urlTemplate\":\"https:\\\/\\\/www.leriff.ch\\\/de\\\/?s={search_term_string}\"},\"query-input\":{\"@type\":\"PropertyValueSpecification\",\"valueRequired\":true,\"valueName\":\"search_term_string\"}}],\"inLanguage\":\"de\"},{\"@type\":\"Organization\",\"@id\":\"https:\\\/\\\/www.leriff.ch\\\/de\\\/#organization\",\"name\":\"le riff\",\"url\":\"https:\\\/\\\/www.leriff.ch\\\/de\\\/\",\"logo\":{\"@type\":\"ImageObject\",\"inLanguage\":\"de\",\"@id\":\"https:\\\/\\\/www.leriff.ch\\\/de\\\/#\\\/schema\\\/logo\\\/image\\\/\",\"url\":\"https:\\\/\\\/www.leriff.ch\\\/wp-content\\\/uploads\\\/2019\\\/10\\\/logo_carre.png\",\"contentUrl\":\"https:\\\/\\\/www.leriff.ch\\\/wp-content\\\/uploads\\\/2019\\\/10\\\/logo_carre.png\",\"width\":130,\"height\":130,\"caption\":\"le riff\"},\"image\":{\"@id\":\"https:\\\/\\\/www.leriff.ch\\\/de\\\/#\\\/schema\\\/logo\\\/image\\\/\"},\"sameAs\":[\"https:\\\/\\\/www.facebook.com\\\/Leriff.ch\"]}]}<\/script>\n<!-- \/ Yoast SEO Premium plugin. -->","yoast_head_json":{"title":"Haze | Green House kompakte Bl\u00fcten mit kr\u00e4ftigen Aromen - Le Riff","description":"Purple Haze Green House cbd bl\u00fcht in der Schweiz: Die hohe Qualit\u00e4t dieser Sorte spiegelt sich in den kompakten Bl\u00fcten wieder, die nicht nur starke Aromen liefern.","robots":{"index":"index","follow":"follow","max-snippet":"max-snippet:-1","max-image-preview":"max-image-preview:large","max-video-preview":"max-video-preview:-1"},"canonical":"https:\/\/www.leriff.ch\/de\/produkt\/passion-haze-greenhouse-2\/","og_locale":"de_DE","og_type":"article","og_title":"Haze | Green House","og_description":"Purple Haze Green House cbd bl\u00fcht in der Schweiz: Die hohe Qualit\u00e4t dieser Sorte spiegelt sich in den kompakten Bl\u00fcten wieder, die nicht nur starke Aromen liefern.","og_url":"https:\/\/www.leriff.ch\/de\/produkt\/passion-haze-greenhouse-2\/","og_site_name":"Le Riff","article_publisher":"https:\/\/www.facebook.com\/Leriff.ch","twitter_card":"summary_large_image","schema":{"@context":"https:\/\/schema.org","@graph":[{"@type":"WebPage","@id":"https:\/\/www.leriff.ch\/de\/produkt\/passion-haze-greenhouse-2\/","url":"https:\/\/www.leriff.ch\/de\/produkt\/passion-haze-greenhouse-2\/","name":"Haze | Green House kompakte Bl\u00fcten mit kr\u00e4ftigen Aromen - Le Riff","isPartOf":{"@id":"https:\/\/www.leriff.ch\/de\/#website"},"primaryImageOfPage":{"@id":"https:\/\/www.leriff.ch\/de\/produkt\/passion-haze-greenhouse-2\/#primaryimage"},"image":{"@id":"https:\/\/www.leriff.ch\/de\/produkt\/passion-haze-greenhouse-2\/#primaryimage"},"thumbnailUrl":"https:\/\/www.leriff.ch\/wp-content\/uploads\/2021\/03\/cbd-treibhaus-passion-haze-600x600-1.jpg","datePublished":"2022-05-17T01:43:05+00:00","description":"Purple Haze Green House cbd bl\u00fcht in der Schweiz: Die hohe Qualit\u00e4t dieser Sorte spiegelt sich in den kompakten Bl\u00fcten wieder, die nicht nur starke Aromen liefern.","breadcrumb":{"@id":"https:\/\/www.leriff.ch\/de\/produkt\/passion-haze-greenhouse-2\/#breadcrumb"},"inLanguage":"de","potentialAction":[{"@type":"ReadAction","target":["https:\/\/www.leriff.ch\/de\/produkt\/passion-haze-greenhouse-2\/"]}]},{"@type":"ImageObject","inLanguage":"de","@id":"https:\/\/www.leriff.ch\/de\/produkt\/passion-haze-greenhouse-2\/#primaryimage","url":"https:\/\/www.leriff.ch\/wp-content\/uploads\/2021\/03\/cbd-treibhaus-passion-haze-600x600-1.jpg","contentUrl":"https:\/\/www.leriff.ch\/wp-content\/uploads\/2021\/03\/cbd-treibhaus-passion-haze-600x600-1.jpg","width":600,"height":600,"caption":"Purple Haze Green House fleurs de cbd suisse"},{"@type":"BreadcrumbList","@id":"https:\/\/www.leriff.ch\/de\/produkt\/passion-haze-greenhouse-2\/#breadcrumb","itemListElement":[{"@type":"ListItem","position":1,"name":"Accueil","item":"https:\/\/www.leriff.ch\/de\/"},{"@type":"ListItem","position":2,"name":"Shop","item":"https:\/\/www.leriff.ch\/de\/geschaeft\/"},{"@type":"ListItem","position":3,"name":"CBD Bl\u00fcten","item":"https:\/\/www.leriff.ch\/de\/categorie-produit\/cbd-bluten\/"},{"@type":"ListItem","position":4,"name":"Green House","item":"https:\/\/www.leriff.ch\/de\/categorie-produit\/cbd-bluten\/green-house-de-2\/"},{"@type":"ListItem","position":5,"name":"Haze | Green House"}]},{"@type":"WebSite","@id":"https:\/\/www.leriff.ch\/de\/#website","url":"https:\/\/www.leriff.ch\/de\/","name":"Le Riff","description":"Fleurs de Cannabis CBD","publisher":{"@id":"https:\/\/www.leriff.ch\/de\/#organization"},"potentialAction":[{"@type":"SearchAction","target":{"@type":"EntryPoint","urlTemplate":"https:\/\/www.leriff.ch\/de\/?s={search_term_string}"},"query-input":{"@type":"PropertyValueSpecification","valueRequired":true,"valueName":"search_term_string"}}],"inLanguage":"de"},{"@type":"Organization","@id":"https:\/\/www.leriff.ch\/de\/#organization","name":"le riff","url":"https:\/\/www.leriff.ch\/de\/","logo":{"@type":"ImageObject","inLanguage":"de","@id":"https:\/\/www.leriff.ch\/de\/#\/schema\/logo\/image\/","url":"https:\/\/www.leriff.ch\/wp-content\/uploads\/2019\/10\/logo_carre.png","contentUrl":"https:\/\/www.leriff.ch\/wp-content\/uploads\/2019\/10\/logo_carre.png","width":130,"height":130,"caption":"le riff"},"image":{"@id":"https:\/\/www.leriff.ch\/de\/#\/schema\/logo\/image\/"},"sameAs":["https:\/\/www.facebook.com\/Leriff.ch"]}]}},"_links":{"self":[{"href":"https:\/\/www.leriff.ch\/de\/wp-json\/wp\/v2\/product\/42048","targetHints":{"allow":["GET"]}}],"collection":[{"href":"https:\/\/www.leriff.ch\/de\/wp-json\/wp\/v2\/product"}],"about":[{"href":"https:\/\/www.leriff.ch\/de\/wp-json\/wp\/v2\/types\/product"}],"replies":[{"embeddable":true,"href":"https:\/\/www.leriff.ch\/de\/wp-json\/wp\/v2\/comments?post=42048"}],"wp:featuredmedia":[{"embeddable":true,"href":"https:\/\/www.leriff.ch\/de\/wp-json\/wp\/v2\/media\/5430"}],"wp:attachment":[{"href":"https:\/\/www.leriff.ch\/de\/wp-json\/wp\/v2\/media?parent=42048"}],"wp:term":[{"taxonomy":"product_brand","embeddable":true,"href":"https:\/\/www.leriff.ch\/de\/wp-json\/wp\/v2\/product_brand?post=42048"},{"taxonomy":"product_cat","embeddable":true,"href":"https:\/\/www.leriff.ch\/de\/wp-json\/wp\/v2\/product_cat?post=42048"},{"taxonomy":"product_tag","embeddable":true,"href":"https:\/\/www.leriff.ch\/de\/wp-json\/wp\/v2\/product_tag?post=42048"}],"curies":[{"name":"wp","href":"https:\/\/api.w.org\/{rel}","templated":true}]}}