{"id":43555,"date":"2023-04-06T06:45:57","date_gmt":"2023-04-06T13:37:00","guid":{"rendered":"https:\/\/www.leriff.ch\/produit\/libanesisch-rot\/"},"modified":"2025-09-02T13:20:57","modified_gmt":"2025-09-02T11:20:57","slug":"hashish-cbd-rot-libanesisch","status":"publish","type":"product","link":"https:\/\/www.leriff.ch\/de\/produkt\/hashish-cbd-rot-libanesisch\/","title":{"rendered":"Libanesisch Rot"},"content":{"rendered":"<p>Das Libanesische Rote CBD ist einer der vielen Bestandteile von Cannabis, und sein Anteil in einem bestimmten Hasch kann je nach der verwendeten Pflanzensorte und der Methode zur Herstellung des Haschischs, Harzes, stark variieren.<\/p>\n<p>Der Begriff &#8222;Hash CBD&#8220; bezieht sich auf eine konzentrierte Form von Cannabis, die einen hohen Anteil an Cannabidiol enth\u00e4lt. CBD ist eines von vielen Cannabinoiden, die in der Cannabispflanze vorkommen.<\/p>\n<p>Libanese Red CBD wird aus CBD-reichen Cannabisbl\u00fcten hergestellt, die einem Press- und Erhitzungsprozess unterzogen werden, um eine feste Paste herzustellen. Diese Paste kann dann zerbr\u00f6selt oder in kleinere St\u00fccke zerdr\u00fcckt und ger\u00e4uchert, verdampft oder in Form von Edibles verzehrt werden.<\/p>\n<p>CBD Hash wird bei Cannabiskonsumenten, die die potenziellen Vorteile von CBD ohne die mit THC verbundenen psychoaktiven Wirkungen nutzen wollen, immer beliebter. Anwender von Hash CBD berichteten \u00fcber eine Vielzahl von positiven Effekten, darunter eine Verringerung von Angstzust\u00e4nden, Schmerzen und Entz\u00fcndungen sowie eine Verbesserung der Schlafqualit\u00e4t.<\/p>\n","protected":false},"excerpt":{"rendered":"<p>Der Rote Libanese ist ein Haschisch, das aus dem Harz der Bl\u00fcten der Cannabispflanze hergestellt wird. Von noch frischen Pflanzen geerntet, die eine r\u00f6tliche Oxidation hinterlassen.<\/p>\n<p><strong>THC 0,53% CBD 33%<\/strong><\/p>\n","protected":false},"featured_media":43573,"comment_status":"closed","ping_status":"closed","template":"","meta":{"inline_featured_image":false},"product_brand":[],"product_cat":[3229,3874],"product_tag":[],"class_list":{"0":"post-43555","1":"product","2":"type-product","3":"status-publish","4":"has-post-thumbnail","6":"product_cat-cannabis-pollen-de","7":"product_cat-hashish-de","8":"pa_cbd-pour-cent-33-cbd-de","10":"first","11":"instock","12":"featured","13":"shipping-taxable","14":"purchasable","15":"product-type-variable","16":"has-default-attributes"},"yoast_head":"<!-- This site is optimized with the Yoast SEO Premium plugin v25.9 (Yoast SEO v27.2) - https:\/\/yoast.com\/product\/yoast-seo-premium-wordpress\/ -->\n<title>Libanesisch Rot - Le Riff<\/title>\n<meta name=\"description\" content=\"Hash CBD le Libanais Rouge ist ein Haschisch, das aus dem Harz der Bl\u00fcten der Cannabispflanze hergestellt wird. Von noch frischen Pflanzen geerntet, die eine r\u00f6tliche Oxidation hinterlassen.\" \/>\n<meta name=\"robots\" content=\"index, follow, max-snippet:-1, max-image-preview:large, max-video-preview:-1\" \/>\n<link rel=\"canonical\" href=\"https:\/\/www.leriff.ch\/de\/produkt\/hashish-cbd-rot-libanesisch\/\" \/>\n<meta property=\"og:locale\" content=\"de_DE\" \/>\n<meta property=\"og:type\" content=\"article\" \/>\n<meta property=\"og:title\" content=\"Libanesisch Rot\" \/>\n<meta property=\"og:description\" content=\"Hash CBD le Libanais Rouge ist ein Haschisch, das aus dem Harz der Bl\u00fcten der Cannabispflanze hergestellt wird. Von noch frischen Pflanzen geerntet, die eine r\u00f6tliche Oxidation hinterlassen.\" \/>\n<meta property=\"og:url\" content=\"https:\/\/www.leriff.ch\/de\/produkt\/hashish-cbd-rot-libanesisch\/\" \/>\n<meta property=\"og:site_name\" content=\"Le Riff\" \/>\n<meta property=\"article:publisher\" content=\"https:\/\/www.facebook.com\/Leriff.ch\" \/>\n<meta property=\"article:modified_time\" content=\"2025-09-02T11:20:57+00:00\" \/>\n<meta property=\"og:image\" content=\"https:\/\/www.leriff.ch\/wp-content\/uploads\/2023\/04\/libarouge-leriff.ch_.jpeg\" \/>\n\t<meta property=\"og:image:width\" content=\"1200\" \/>\n\t<meta property=\"og:image:height\" content=\"1200\" \/>\n\t<meta property=\"og:image:type\" content=\"image\/jpeg\" \/>\n<meta name=\"twitter:card\" content=\"summary_large_image\" \/>\n<meta name=\"twitter:label1\" content=\"Gesch\u00e4tzte Lesezeit\" \/>\n\t<meta name=\"twitter:data1\" content=\"1\u00a0Minute\" \/>\n<script type=\"application\/ld+json\" class=\"yoast-schema-graph\">{\"@context\":\"https:\/\/schema.org\",\"@graph\":[{\"@type\":\"WebPage\",\"@id\":\"https:\/\/www.leriff.ch\/de\/produkt\/hashish-cbd-rot-libanesisch\/\",\"url\":\"https:\/\/www.leriff.ch\/de\/produkt\/hashish-cbd-rot-libanesisch\/\",\"name\":\"Libanesisch Rot - Le Riff\",\"isPartOf\":{\"@id\":\"https:\/\/www.leriff.ch\/de\/#website\"},\"primaryImageOfPage\":{\"@id\":\"https:\/\/www.leriff.ch\/de\/produkt\/hashish-cbd-rot-libanesisch\/#primaryimage\"},\"image\":{\"@id\":\"https:\/\/www.leriff.ch\/de\/produkt\/hashish-cbd-rot-libanesisch\/#primaryimage\"},\"thumbnailUrl\":\"https:\/\/www.leriff.ch\/wp-content\/uploads\/2023\/04\/libarouge-leriff.ch_.jpeg\",\"datePublished\":\"2023-04-06T13:37:00+00:00\",\"dateModified\":\"2025-09-02T11:20:57+00:00\",\"description\":\"Hash CBD le Libanais Rouge ist ein Haschisch, das aus dem Harz der Bl\u00fcten der Cannabispflanze hergestellt wird. Von noch frischen Pflanzen geerntet, die eine r\u00f6tliche Oxidation hinterlassen.\",\"breadcrumb\":{\"@id\":\"https:\/\/www.leriff.ch\/de\/produkt\/hashish-cbd-rot-libanesisch\/#breadcrumb\"},\"inLanguage\":\"de\",\"potentialAction\":[{\"@type\":\"ReadAction\",\"target\":[\"https:\/\/www.leriff.ch\/de\/produkt\/hashish-cbd-rot-libanesisch\/\"]}]},{\"@type\":\"ImageObject\",\"inLanguage\":\"de\",\"@id\":\"https:\/\/www.leriff.ch\/de\/produkt\/hashish-cbd-rot-libanesisch\/#primaryimage\",\"url\":\"https:\/\/www.leriff.ch\/wp-content\/uploads\/2023\/04\/libarouge-leriff.ch_.jpeg\",\"contentUrl\":\"https:\/\/www.leriff.ch\/wp-content\/uploads\/2023\/04\/libarouge-leriff.ch_.jpeg\",\"width\":1200,\"height\":1200,\"caption\":\"Le Libanais Rouge est un hashish produite \u00e0 partir de la r\u00e9sine des fleurs de la plante de cannabis. R\u00e9colt\u00e9e sur plantes encore fra\u00eeches, laissant place \u00e0 une oxydation rouge\u00e2tre.\"},{\"@type\":\"BreadcrumbList\",\"@id\":\"https:\/\/www.leriff.ch\/de\/produkt\/hashish-cbd-rot-libanesisch\/#breadcrumb\",\"itemListElement\":[{\"@type\":\"ListItem\",\"position\":1,\"name\":\"Accueil\",\"item\":\"https:\/\/www.leriff.ch\/de\/\"},{\"@type\":\"ListItem\",\"position\":2,\"name\":\"Shop\",\"item\":\"https:\/\/www.leriff.ch\/de\/geschaeft\/\"},{\"@type\":\"ListItem\",\"position\":3,\"name\":\"Hashish\",\"item\":\"https:\/\/www.leriff.ch\/de\/categorie-produit\/hashish-de\/\"},{\"@type\":\"ListItem\",\"position\":4,\"name\":\"Libanesisch Rot\"}]},{\"@type\":\"WebSite\",\"@id\":\"https:\/\/www.leriff.ch\/de\/#website\",\"url\":\"https:\/\/www.leriff.ch\/de\/\",\"name\":\"Le Riff\",\"description\":\"Fleurs de Cannabis CBD\",\"publisher\":{\"@id\":\"https:\/\/www.leriff.ch\/de\/#organization\"},\"potentialAction\":[{\"@type\":\"SearchAction\",\"target\":{\"@type\":\"EntryPoint\",\"urlTemplate\":\"https:\/\/www.leriff.ch\/de\/?s={search_term_string}\"},\"query-input\":{\"@type\":\"PropertyValueSpecification\",\"valueRequired\":true,\"valueName\":\"search_term_string\"}}],\"inLanguage\":\"de\"},{\"@type\":\"Organization\",\"@id\":\"https:\/\/www.leriff.ch\/de\/#organization\",\"name\":\"le riff\",\"url\":\"https:\/\/www.leriff.ch\/de\/\",\"logo\":{\"@type\":\"ImageObject\",\"inLanguage\":\"de\",\"@id\":\"https:\/\/www.leriff.ch\/de\/#\/schema\/logo\/image\/\",\"url\":\"https:\/\/www.leriff.ch\/wp-content\/uploads\/2019\/10\/logo_carre.png\",\"contentUrl\":\"https:\/\/www.leriff.ch\/wp-content\/uploads\/2019\/10\/logo_carre.png\",\"width\":130,\"height\":130,\"caption\":\"le riff\"},\"image\":{\"@id\":\"https:\/\/www.leriff.ch\/de\/#\/schema\/logo\/image\/\"},\"sameAs\":[\"https:\/\/www.facebook.com\/Leriff.ch\"]}]}<\/script>\n<!-- \/ Yoast SEO Premium plugin. -->","yoast_head_json":{"title":"Libanesisch Rot - Le Riff","description":"Hash CBD le Libanais Rouge ist ein Haschisch, das aus dem Harz der Bl\u00fcten der Cannabispflanze hergestellt wird. Von noch frischen Pflanzen geerntet, die eine r\u00f6tliche Oxidation hinterlassen.","robots":{"index":"index","follow":"follow","max-snippet":"max-snippet:-1","max-image-preview":"max-image-preview:large","max-video-preview":"max-video-preview:-1"},"canonical":"https:\/\/www.leriff.ch\/de\/produkt\/hashish-cbd-rot-libanesisch\/","og_locale":"de_DE","og_type":"article","og_title":"Libanesisch Rot","og_description":"Hash CBD le Libanais Rouge ist ein Haschisch, das aus dem Harz der Bl\u00fcten der Cannabispflanze hergestellt wird. Von noch frischen Pflanzen geerntet, die eine r\u00f6tliche Oxidation hinterlassen.","og_url":"https:\/\/www.leriff.ch\/de\/produkt\/hashish-cbd-rot-libanesisch\/","og_site_name":"Le Riff","article_publisher":"https:\/\/www.facebook.com\/Leriff.ch","article_modified_time":"2025-09-02T11:20:57+00:00","og_image":[{"width":1200,"height":1200,"url":"https:\/\/www.leriff.ch\/wp-content\/uploads\/2023\/04\/libarouge-leriff.ch_.jpeg","type":"image\/jpeg"}],"twitter_card":"summary_large_image","twitter_misc":{"Gesch\u00e4tzte Lesezeit":"1\u00a0Minute"},"schema":{"@context":"https:\/\/schema.org","@graph":[{"@type":"WebPage","@id":"https:\/\/www.leriff.ch\/de\/produkt\/hashish-cbd-rot-libanesisch\/","url":"https:\/\/www.leriff.ch\/de\/produkt\/hashish-cbd-rot-libanesisch\/","name":"Libanesisch Rot - Le Riff","isPartOf":{"@id":"https:\/\/www.leriff.ch\/de\/#website"},"primaryImageOfPage":{"@id":"https:\/\/www.leriff.ch\/de\/produkt\/hashish-cbd-rot-libanesisch\/#primaryimage"},"image":{"@id":"https:\/\/www.leriff.ch\/de\/produkt\/hashish-cbd-rot-libanesisch\/#primaryimage"},"thumbnailUrl":"https:\/\/www.leriff.ch\/wp-content\/uploads\/2023\/04\/libarouge-leriff.ch_.jpeg","datePublished":"2023-04-06T13:37:00+00:00","dateModified":"2025-09-02T11:20:57+00:00","description":"Hash CBD le Libanais Rouge ist ein Haschisch, das aus dem Harz der Bl\u00fcten der Cannabispflanze hergestellt wird. Von noch frischen Pflanzen geerntet, die eine r\u00f6tliche Oxidation hinterlassen.","breadcrumb":{"@id":"https:\/\/www.leriff.ch\/de\/produkt\/hashish-cbd-rot-libanesisch\/#breadcrumb"},"inLanguage":"de","potentialAction":[{"@type":"ReadAction","target":["https:\/\/www.leriff.ch\/de\/produkt\/hashish-cbd-rot-libanesisch\/"]}]},{"@type":"ImageObject","inLanguage":"de","@id":"https:\/\/www.leriff.ch\/de\/produkt\/hashish-cbd-rot-libanesisch\/#primaryimage","url":"https:\/\/www.leriff.ch\/wp-content\/uploads\/2023\/04\/libarouge-leriff.ch_.jpeg","contentUrl":"https:\/\/www.leriff.ch\/wp-content\/uploads\/2023\/04\/libarouge-leriff.ch_.jpeg","width":1200,"height":1200,"caption":"Le Libanais Rouge est un hashish produite \u00e0 partir de la r\u00e9sine des fleurs de la plante de cannabis. R\u00e9colt\u00e9e sur plantes encore fra\u00eeches, laissant place \u00e0 une oxydation rouge\u00e2tre."},{"@type":"BreadcrumbList","@id":"https:\/\/www.leriff.ch\/de\/produkt\/hashish-cbd-rot-libanesisch\/#breadcrumb","itemListElement":[{"@type":"ListItem","position":1,"name":"Accueil","item":"https:\/\/www.leriff.ch\/de\/"},{"@type":"ListItem","position":2,"name":"Shop","item":"https:\/\/www.leriff.ch\/de\/geschaeft\/"},{"@type":"ListItem","position":3,"name":"Hashish","item":"https:\/\/www.leriff.ch\/de\/categorie-produit\/hashish-de\/"},{"@type":"ListItem","position":4,"name":"Libanesisch Rot"}]},{"@type":"WebSite","@id":"https:\/\/www.leriff.ch\/de\/#website","url":"https:\/\/www.leriff.ch\/de\/","name":"Le Riff","description":"Fleurs de Cannabis CBD","publisher":{"@id":"https:\/\/www.leriff.ch\/de\/#organization"},"potentialAction":[{"@type":"SearchAction","target":{"@type":"EntryPoint","urlTemplate":"https:\/\/www.leriff.ch\/de\/?s={search_term_string}"},"query-input":{"@type":"PropertyValueSpecification","valueRequired":true,"valueName":"search_term_string"}}],"inLanguage":"de"},{"@type":"Organization","@id":"https:\/\/www.leriff.ch\/de\/#organization","name":"le riff","url":"https:\/\/www.leriff.ch\/de\/","logo":{"@type":"ImageObject","inLanguage":"de","@id":"https:\/\/www.leriff.ch\/de\/#\/schema\/logo\/image\/","url":"https:\/\/www.leriff.ch\/wp-content\/uploads\/2019\/10\/logo_carre.png","contentUrl":"https:\/\/www.leriff.ch\/wp-content\/uploads\/2019\/10\/logo_carre.png","width":130,"height":130,"caption":"le riff"},"image":{"@id":"https:\/\/www.leriff.ch\/de\/#\/schema\/logo\/image\/"},"sameAs":["https:\/\/www.facebook.com\/Leriff.ch"]}]}},"_links":{"self":[{"href":"https:\/\/www.leriff.ch\/de\/wp-json\/wp\/v2\/product\/43555","targetHints":{"allow":["GET"]}}],"collection":[{"href":"https:\/\/www.leriff.ch\/de\/wp-json\/wp\/v2\/product"}],"about":[{"href":"https:\/\/www.leriff.ch\/de\/wp-json\/wp\/v2\/types\/product"}],"replies":[{"embeddable":true,"href":"https:\/\/www.leriff.ch\/de\/wp-json\/wp\/v2\/comments?post=43555"}],"wp:featuredmedia":[{"embeddable":true,"href":"https:\/\/www.leriff.ch\/de\/wp-json\/wp\/v2\/media\/43573"}],"wp:attachment":[{"href":"https:\/\/www.leriff.ch\/de\/wp-json\/wp\/v2\/media?parent=43555"}],"wp:term":[{"taxonomy":"product_brand","embeddable":true,"href":"https:\/\/www.leriff.ch\/de\/wp-json\/wp\/v2\/product_brand?post=43555"},{"taxonomy":"product_cat","embeddable":true,"href":"https:\/\/www.leriff.ch\/de\/wp-json\/wp\/v2\/product_cat?post=43555"},{"taxonomy":"product_tag","embeddable":true,"href":"https:\/\/www.leriff.ch\/de\/wp-json\/wp\/v2\/product_tag?post=43555"}],"curies":[{"name":"wp","href":"https:\/\/api.w.org\/{rel}","templated":true}]}}