{"id":43801,"date":"2023-04-10T20:09:13","date_gmt":"2023-04-10T20:56:06","guid":{"rendered":"https:\/\/www.leriff.ch\/produit\/hashish-cherry-ketama\/"},"modified":"2023-04-10T22:56:06","modified_gmt":"2023-04-10T20:56:06","slug":"haschisch-polen-cannabis-cherry-ketama-cbd","status":"publish","type":"product","link":"https:\/\/www.leriff.ch\/de\/produkt\/haschisch-polen-cannabis-cherry-ketama-cbd\/","title":{"rendered":"Hashish \u2013 Cherry Ketama"},"content":{"rendered":"<div class=\"text-xs flex items-center justify-center gap-1 invisible absolute left-0 top-2 -ml-4 -translate-x-full group-hover:visible !invisible\">Cherry-Ketama-Cannabispollen ist ein Produkt, das von der Ketama-Cannabissorte stammt, die in der Ketama-Region in den Bergen Nordmarokkos angebaut wird. Die Ketama-Sorte ist bekannt f\u00fcr ihren hohen THC-Gehalt und ihren s\u00fc\u00dfen, fruchtigen Geschmack.<\/div>\n<div class=\"flex flex-grow flex-col gap-3\">\n<div class=\"min-h-[20px] flex flex-col items-start gap-4 whitespace-pre-wrap\">\n<div class=\"markdown prose w-full break-words dark:prose-invert light\">\n<p>Cannabispollen werden hergestellt, indem die Bl\u00fcten der Cannabispflanze geerntet werden, die reich an Pollen sind, und die Bl\u00fcten dann gesiebt werden, um ein feines, pulvriges Pulver zu erhalten. Cherry-Ketama-Cannabispollen werden mit dieser speziellen Methode zum Sammeln und Sieben von Pollen der Ketama-Sorte hergestellt.<\/p>\n<div class=\"flex flex-grow flex-col gap-3\">\n<div class=\"min-h-[20px] flex flex-col items-start gap-4 whitespace-pre-wrap\">\n<div class=\"markdown prose w-full break-words dark:prose-invert light\">\n<p>Cherry-Ketama-Cannabispollen ist eine konzentrierte Form von Trichomen, den kleinen Harzdr\u00fcsen, die Cannabisbl\u00fcten \u00fcberziehen. Hier sind die Schritte zur Herstellung von Cherry-Ketama-Cannabispollen:<\/p>\n<ol>\n<li>Ernte reife, gut entwickelte Cherry-Ketama-Cannabisknospen.<\/li>\n<li>Legen Sie die Knospen in eine gro\u00dfe Plastikt\u00fcte oder einen Eimer und legen Sie sie f\u00fcr ein paar Stunden in den Gefrierschrank. Dies erleichtert das Trennen der Trichome.<\/li>\n<li>Sobald die Knospen gefroren sind, verwenden Sie ein feinmaschiges Sieb, um die Knospen zu sieben und die Trichome zu sammeln. Du kannst mehrere verschiedene Maschensiebe verwenden, um unterschiedliche Sorten von Cannabispollen zu erhalten.<\/li>\n<li>Sammeln Sie den gesiebten Cannabispollen in einem sauberen Beh\u00e4lter.<\/li>\n<li>Wenn Sie die Qualit\u00e4t von Cannabispollen verbessern m\u00f6chten, k\u00f6nnen Sie sie mit einer Pollenpresse pressen, um sie in eine dichtere und kompaktere Form zu bringen.<\/li>\n<\/ol>\n<\/div>\n<\/div>\n<\/div>\n<p>Cherry-Ketama-Cannabispollen kann auf verschiedene Weise verwendet werden, z. B. als Zugabe zu Speisen oder Getr\u00e4nken, Verwendung in Verdampfern oder direktes Rauchen. Beim Konsum kann es aufgrund seines hohen THC-Gehalts eine entspannende und euphorische Wirkung hervorrufen.<\/p>\n<p>Cherry-Ketama-Cannabispollen wird aus den pollenreichen Bl\u00fcten der Sorte Ketama gewonnen. Die Cannabispollenproduktion beinhaltet normalerweise die Verwendung spezieller Erntemethoden, um Pollen von Bl\u00fcten zu sammeln.<\/p>\n<p>Nach dem Sammeln wird der Pollen getrocknet und durch Siebe unterschiedlicher Gr\u00f6\u00dfe gesiebt, um ein feines und homogenes Pulver zu erhalten. Cherry-Ketama-Cannabispollen werden mit dieser speziellen Methode zum Sammeln und Sieben von Pollen der Ketama-Sorte hergestellt.<\/p>\n<p>&nbsp;<\/p>\n<\/div>\n<\/div>\n<\/div>\n","protected":false},"excerpt":{"rendered":"<p>Cherry-Ketama ist bekannt f\u00fcr sein fruchtiges, s\u00fc\u00dfes und leicht w\u00fcrziges Aroma und seinen Geschmack mit einem Hauch von Kirsche und Beeren. Einige k\u00f6nnen auch einen Hauch von Erde oder Holz in ihrem Geschmacksprofil beschreiben.<\/p>\n","protected":false},"featured_media":43752,"comment_status":"closed","ping_status":"closed","template":"","meta":{"inline_featured_image":false},"product_brand":[],"product_cat":[3229,3874],"product_tag":[],"class_list":{"0":"post-43801","1":"product","2":"type-product","3":"status-publish","4":"has-post-thumbnail","6":"product_cat-cannabis-pollen-de","7":"product_cat-hashish-de","9":"first","10":"instock","11":"featured","12":"shipping-taxable","13":"purchasable","14":"product-type-variable","15":"has-default-attributes"},"yoast_head":"<!-- This site is optimized with the Yoast SEO Premium plugin v25.9 (Yoast SEO v27.3) - https:\/\/yoast.com\/product\/yoast-seo-premium-wordpress\/ -->\n<title>Hashish \u2013 Cherry Ketama - Le Riff<\/title>\n<meta name=\"description\" content=\"Cherry-Ketama ist bekannt f\u00fcr sein fruchtiges, s\u00fc\u00dfes und leicht w\u00fcrziges Aroma und seinen Geschmack mit einem Hauch von Kirsche und Beeren. Einige k\u00f6nnen auch einen Hauch von Erde oder Holz in ihrem Geschmacksprofil beschreiben.\" \/>\n<meta name=\"robots\" content=\"index, follow, max-snippet:-1, max-image-preview:large, max-video-preview:-1\" \/>\n<link rel=\"canonical\" href=\"https:\/\/www.leriff.ch\/de\/produkt\/haschisch-polen-cannabis-cherry-ketama-cbd\/\" \/>\n<meta property=\"og:locale\" content=\"de_DE\" \/>\n<meta property=\"og:type\" content=\"article\" \/>\n<meta property=\"og:title\" content=\"Hashish \u2013 Cherry Ketama\" \/>\n<meta property=\"og:description\" content=\"Cherry-Ketama ist bekannt f\u00fcr sein fruchtiges, s\u00fc\u00dfes und leicht w\u00fcrziges Aroma und seinen Geschmack mit einem Hauch von Kirsche und Beeren. Einige k\u00f6nnen auch einen Hauch von Erde oder Holz in ihrem Geschmacksprofil beschreiben.\" \/>\n<meta property=\"og:url\" content=\"https:\/\/www.leriff.ch\/de\/produkt\/haschisch-polen-cannabis-cherry-ketama-cbd\/\" \/>\n<meta property=\"og:site_name\" content=\"Le Riff\" \/>\n<meta property=\"article:publisher\" content=\"https:\/\/www.facebook.com\/Leriff.ch\" \/>\n<meta property=\"og:image\" content=\"https:\/\/www.leriff.ch\/wp-content\/uploads\/2023\/04\/pollen-cherry-cbd-ketama-leriff.jpg\" \/>\n\t<meta property=\"og:image:width\" content=\"1200\" \/>\n\t<meta property=\"og:image:height\" content=\"1200\" \/>\n\t<meta property=\"og:image:type\" content=\"image\/jpeg\" \/>\n<meta name=\"twitter:card\" content=\"summary_large_image\" \/>\n<meta name=\"twitter:label1\" content=\"Gesch\u00e4tzte Lesezeit\" \/>\n\t<meta name=\"twitter:data1\" content=\"2\u00a0Minuten\" \/>\n<script type=\"application\/ld+json\" class=\"yoast-schema-graph\">{\"@context\":\"https:\\\/\\\/schema.org\",\"@graph\":[{\"@type\":\"WebPage\",\"@id\":\"https:\\\/\\\/www.leriff.ch\\\/de\\\/produkt\\\/haschisch-polen-cannabis-cherry-ketama-cbd\\\/\",\"url\":\"https:\\\/\\\/www.leriff.ch\\\/de\\\/produkt\\\/haschisch-polen-cannabis-cherry-ketama-cbd\\\/\",\"name\":\"Hashish \u2013 Cherry Ketama - Le Riff\",\"isPartOf\":{\"@id\":\"https:\\\/\\\/www.leriff.ch\\\/de\\\/#website\"},\"primaryImageOfPage\":{\"@id\":\"https:\\\/\\\/www.leriff.ch\\\/de\\\/produkt\\\/haschisch-polen-cannabis-cherry-ketama-cbd\\\/#primaryimage\"},\"image\":{\"@id\":\"https:\\\/\\\/www.leriff.ch\\\/de\\\/produkt\\\/haschisch-polen-cannabis-cherry-ketama-cbd\\\/#primaryimage\"},\"thumbnailUrl\":\"https:\\\/\\\/www.leriff.ch\\\/wp-content\\\/uploads\\\/2023\\\/04\\\/pollen-cherry-cbd-ketama-leriff.jpg\",\"datePublished\":\"2023-04-10T20:56:06+00:00\",\"description\":\"Cherry-Ketama ist bekannt f\u00fcr sein fruchtiges, s\u00fc\u00dfes und leicht w\u00fcrziges Aroma und seinen Geschmack mit einem Hauch von Kirsche und Beeren. Einige k\u00f6nnen auch einen Hauch von Erde oder Holz in ihrem Geschmacksprofil beschreiben.\",\"breadcrumb\":{\"@id\":\"https:\\\/\\\/www.leriff.ch\\\/de\\\/produkt\\\/haschisch-polen-cannabis-cherry-ketama-cbd\\\/#breadcrumb\"},\"inLanguage\":\"de\",\"potentialAction\":[{\"@type\":\"ReadAction\",\"target\":[\"https:\\\/\\\/www.leriff.ch\\\/de\\\/produkt\\\/haschisch-polen-cannabis-cherry-ketama-cbd\\\/\"]}]},{\"@type\":\"ImageObject\",\"inLanguage\":\"de\",\"@id\":\"https:\\\/\\\/www.leriff.ch\\\/de\\\/produkt\\\/haschisch-polen-cannabis-cherry-ketama-cbd\\\/#primaryimage\",\"url\":\"https:\\\/\\\/www.leriff.ch\\\/wp-content\\\/uploads\\\/2023\\\/04\\\/pollen-cherry-cbd-ketama-leriff.jpg\",\"contentUrl\":\"https:\\\/\\\/www.leriff.ch\\\/wp-content\\\/uploads\\\/2023\\\/04\\\/pollen-cherry-cbd-ketama-leriff.jpg\",\"width\":1200,\"height\":1200,\"caption\":\"Cherry-Ketama est connue pour avoir un ar\u00f4me et un go\u00fbt fruit\u00e9, sucr\u00e9 et l\u00e9g\u00e8rement \u00e9pic\u00e9, avec des notes de cerise et de baies. Certains peuvent \u00e9galement d\u00e9crire une touche de terre ou de bois dans son profil de saveur.\"},{\"@type\":\"BreadcrumbList\",\"@id\":\"https:\\\/\\\/www.leriff.ch\\\/de\\\/produkt\\\/haschisch-polen-cannabis-cherry-ketama-cbd\\\/#breadcrumb\",\"itemListElement\":[{\"@type\":\"ListItem\",\"position\":1,\"name\":\"Accueil\",\"item\":\"https:\\\/\\\/www.leriff.ch\\\/de\\\/\"},{\"@type\":\"ListItem\",\"position\":2,\"name\":\"Shop\",\"item\":\"https:\\\/\\\/www.leriff.ch\\\/de\\\/geschaeft\\\/\"},{\"@type\":\"ListItem\",\"position\":3,\"name\":\"Hashish\",\"item\":\"https:\\\/\\\/www.leriff.ch\\\/de\\\/categorie-produit\\\/hashish-de\\\/\"},{\"@type\":\"ListItem\",\"position\":4,\"name\":\"Hashish \u2013 Cherry Ketama\"}]},{\"@type\":\"WebSite\",\"@id\":\"https:\\\/\\\/www.leriff.ch\\\/de\\\/#website\",\"url\":\"https:\\\/\\\/www.leriff.ch\\\/de\\\/\",\"name\":\"Le Riff\",\"description\":\"Fleurs de Cannabis CBD\",\"publisher\":{\"@id\":\"https:\\\/\\\/www.leriff.ch\\\/de\\\/#organization\"},\"potentialAction\":[{\"@type\":\"SearchAction\",\"target\":{\"@type\":\"EntryPoint\",\"urlTemplate\":\"https:\\\/\\\/www.leriff.ch\\\/de\\\/?s={search_term_string}\"},\"query-input\":{\"@type\":\"PropertyValueSpecification\",\"valueRequired\":true,\"valueName\":\"search_term_string\"}}],\"inLanguage\":\"de\"},{\"@type\":\"Organization\",\"@id\":\"https:\\\/\\\/www.leriff.ch\\\/de\\\/#organization\",\"name\":\"le riff\",\"url\":\"https:\\\/\\\/www.leriff.ch\\\/de\\\/\",\"logo\":{\"@type\":\"ImageObject\",\"inLanguage\":\"de\",\"@id\":\"https:\\\/\\\/www.leriff.ch\\\/de\\\/#\\\/schema\\\/logo\\\/image\\\/\",\"url\":\"https:\\\/\\\/www.leriff.ch\\\/wp-content\\\/uploads\\\/2019\\\/10\\\/logo_carre.png\",\"contentUrl\":\"https:\\\/\\\/www.leriff.ch\\\/wp-content\\\/uploads\\\/2019\\\/10\\\/logo_carre.png\",\"width\":130,\"height\":130,\"caption\":\"le riff\"},\"image\":{\"@id\":\"https:\\\/\\\/www.leriff.ch\\\/de\\\/#\\\/schema\\\/logo\\\/image\\\/\"},\"sameAs\":[\"https:\\\/\\\/www.facebook.com\\\/Leriff.ch\"]}]}<\/script>\n<!-- \/ Yoast SEO Premium plugin. -->","yoast_head_json":{"title":"Hashish \u2013 Cherry Ketama - Le Riff","description":"Cherry-Ketama ist bekannt f\u00fcr sein fruchtiges, s\u00fc\u00dfes und leicht w\u00fcrziges Aroma und seinen Geschmack mit einem Hauch von Kirsche und Beeren. Einige k\u00f6nnen auch einen Hauch von Erde oder Holz in ihrem Geschmacksprofil beschreiben.","robots":{"index":"index","follow":"follow","max-snippet":"max-snippet:-1","max-image-preview":"max-image-preview:large","max-video-preview":"max-video-preview:-1"},"canonical":"https:\/\/www.leriff.ch\/de\/produkt\/haschisch-polen-cannabis-cherry-ketama-cbd\/","og_locale":"de_DE","og_type":"article","og_title":"Hashish \u2013 Cherry Ketama","og_description":"Cherry-Ketama ist bekannt f\u00fcr sein fruchtiges, s\u00fc\u00dfes und leicht w\u00fcrziges Aroma und seinen Geschmack mit einem Hauch von Kirsche und Beeren. Einige k\u00f6nnen auch einen Hauch von Erde oder Holz in ihrem Geschmacksprofil beschreiben.","og_url":"https:\/\/www.leriff.ch\/de\/produkt\/haschisch-polen-cannabis-cherry-ketama-cbd\/","og_site_name":"Le Riff","article_publisher":"https:\/\/www.facebook.com\/Leriff.ch","og_image":[{"width":1200,"height":1200,"url":"https:\/\/www.leriff.ch\/wp-content\/uploads\/2023\/04\/pollen-cherry-cbd-ketama-leriff.jpg","type":"image\/jpeg"}],"twitter_card":"summary_large_image","twitter_misc":{"Gesch\u00e4tzte Lesezeit":"2\u00a0Minuten"},"schema":{"@context":"https:\/\/schema.org","@graph":[{"@type":"WebPage","@id":"https:\/\/www.leriff.ch\/de\/produkt\/haschisch-polen-cannabis-cherry-ketama-cbd\/","url":"https:\/\/www.leriff.ch\/de\/produkt\/haschisch-polen-cannabis-cherry-ketama-cbd\/","name":"Hashish \u2013 Cherry Ketama - Le Riff","isPartOf":{"@id":"https:\/\/www.leriff.ch\/de\/#website"},"primaryImageOfPage":{"@id":"https:\/\/www.leriff.ch\/de\/produkt\/haschisch-polen-cannabis-cherry-ketama-cbd\/#primaryimage"},"image":{"@id":"https:\/\/www.leriff.ch\/de\/produkt\/haschisch-polen-cannabis-cherry-ketama-cbd\/#primaryimage"},"thumbnailUrl":"https:\/\/www.leriff.ch\/wp-content\/uploads\/2023\/04\/pollen-cherry-cbd-ketama-leriff.jpg","datePublished":"2023-04-10T20:56:06+00:00","description":"Cherry-Ketama ist bekannt f\u00fcr sein fruchtiges, s\u00fc\u00dfes und leicht w\u00fcrziges Aroma und seinen Geschmack mit einem Hauch von Kirsche und Beeren. Einige k\u00f6nnen auch einen Hauch von Erde oder Holz in ihrem Geschmacksprofil beschreiben.","breadcrumb":{"@id":"https:\/\/www.leriff.ch\/de\/produkt\/haschisch-polen-cannabis-cherry-ketama-cbd\/#breadcrumb"},"inLanguage":"de","potentialAction":[{"@type":"ReadAction","target":["https:\/\/www.leriff.ch\/de\/produkt\/haschisch-polen-cannabis-cherry-ketama-cbd\/"]}]},{"@type":"ImageObject","inLanguage":"de","@id":"https:\/\/www.leriff.ch\/de\/produkt\/haschisch-polen-cannabis-cherry-ketama-cbd\/#primaryimage","url":"https:\/\/www.leriff.ch\/wp-content\/uploads\/2023\/04\/pollen-cherry-cbd-ketama-leriff.jpg","contentUrl":"https:\/\/www.leriff.ch\/wp-content\/uploads\/2023\/04\/pollen-cherry-cbd-ketama-leriff.jpg","width":1200,"height":1200,"caption":"Cherry-Ketama est connue pour avoir un ar\u00f4me et un go\u00fbt fruit\u00e9, sucr\u00e9 et l\u00e9g\u00e8rement \u00e9pic\u00e9, avec des notes de cerise et de baies. Certains peuvent \u00e9galement d\u00e9crire une touche de terre ou de bois dans son profil de saveur."},{"@type":"BreadcrumbList","@id":"https:\/\/www.leriff.ch\/de\/produkt\/haschisch-polen-cannabis-cherry-ketama-cbd\/#breadcrumb","itemListElement":[{"@type":"ListItem","position":1,"name":"Accueil","item":"https:\/\/www.leriff.ch\/de\/"},{"@type":"ListItem","position":2,"name":"Shop","item":"https:\/\/www.leriff.ch\/de\/geschaeft\/"},{"@type":"ListItem","position":3,"name":"Hashish","item":"https:\/\/www.leriff.ch\/de\/categorie-produit\/hashish-de\/"},{"@type":"ListItem","position":4,"name":"Hashish \u2013 Cherry Ketama"}]},{"@type":"WebSite","@id":"https:\/\/www.leriff.ch\/de\/#website","url":"https:\/\/www.leriff.ch\/de\/","name":"Le Riff","description":"Fleurs de Cannabis CBD","publisher":{"@id":"https:\/\/www.leriff.ch\/de\/#organization"},"potentialAction":[{"@type":"SearchAction","target":{"@type":"EntryPoint","urlTemplate":"https:\/\/www.leriff.ch\/de\/?s={search_term_string}"},"query-input":{"@type":"PropertyValueSpecification","valueRequired":true,"valueName":"search_term_string"}}],"inLanguage":"de"},{"@type":"Organization","@id":"https:\/\/www.leriff.ch\/de\/#organization","name":"le riff","url":"https:\/\/www.leriff.ch\/de\/","logo":{"@type":"ImageObject","inLanguage":"de","@id":"https:\/\/www.leriff.ch\/de\/#\/schema\/logo\/image\/","url":"https:\/\/www.leriff.ch\/wp-content\/uploads\/2019\/10\/logo_carre.png","contentUrl":"https:\/\/www.leriff.ch\/wp-content\/uploads\/2019\/10\/logo_carre.png","width":130,"height":130,"caption":"le riff"},"image":{"@id":"https:\/\/www.leriff.ch\/de\/#\/schema\/logo\/image\/"},"sameAs":["https:\/\/www.facebook.com\/Leriff.ch"]}]}},"_links":{"self":[{"href":"https:\/\/www.leriff.ch\/de\/wp-json\/wp\/v2\/product\/43801","targetHints":{"allow":["GET"]}}],"collection":[{"href":"https:\/\/www.leriff.ch\/de\/wp-json\/wp\/v2\/product"}],"about":[{"href":"https:\/\/www.leriff.ch\/de\/wp-json\/wp\/v2\/types\/product"}],"replies":[{"embeddable":true,"href":"https:\/\/www.leriff.ch\/de\/wp-json\/wp\/v2\/comments?post=43801"}],"wp:featuredmedia":[{"embeddable":true,"href":"https:\/\/www.leriff.ch\/de\/wp-json\/wp\/v2\/media\/43752"}],"wp:attachment":[{"href":"https:\/\/www.leriff.ch\/de\/wp-json\/wp\/v2\/media?parent=43801"}],"wp:term":[{"taxonomy":"product_brand","embeddable":true,"href":"https:\/\/www.leriff.ch\/de\/wp-json\/wp\/v2\/product_brand?post=43801"},{"taxonomy":"product_cat","embeddable":true,"href":"https:\/\/www.leriff.ch\/de\/wp-json\/wp\/v2\/product_cat?post=43801"},{"taxonomy":"product_tag","embeddable":true,"href":"https:\/\/www.leriff.ch\/de\/wp-json\/wp\/v2\/product_tag?post=43801"}],"curies":[{"name":"wp","href":"https:\/\/api.w.org\/{rel}","templated":true}]}}