{"id":43807,"date":"2023-04-10T19:40:44","date_gmt":"2023-04-10T21:20:28","guid":{"rendered":"https:\/\/www.leriff.ch\/produit\/haschisch-lemon-kush\/"},"modified":"2023-04-10T23:20:28","modified_gmt":"2023-04-10T21:20:28","slug":"pollen-cbd-haschisch-lemon-kush","status":"publish","type":"product","link":"https:\/\/www.leriff.ch\/de\/produkt\/pollen-cbd-haschisch-lemon-kush\/","title":{"rendered":"Haschisch &#8211; Lemon Kush"},"content":{"rendered":"<p>Cannabis Lemon Kush CBD Pollen Hashish ist ein Cannabiskonzentrat, das aus der Sorte Lemon Kush hergestellt wird, die f\u00fcr ihr zitroniges Aroma und ihren hohen Gehalt an Cannabidiol (CBD), einer nicht psychoaktiven Verbindung mit therapeutischen Eigenschaften, bekannt ist.<\/p>\n<p>Lemon Kush CBD-Haschisch ist ein Cannabiskonzentrat, das aus der Sorte Lemon Kush hergestellt wird, einer Hybridsorte, die f\u00fcr ihr unverwechselbares Zitronenaroma und ihren hohen Gehalt an Cannabidiol (CBD), einer nicht psychoaktiven Verbindung mit therapeutischen Eigenschaften, bekannt ist.<\/p>\n<p>Haschisch wird aus den Knospen der weiblichen Pflanze hergestellt, die gesiebt werden, um das Harz zu extrahieren, das dann zu festen Bl\u00f6cken gepresst wird. Lemon Kush CBD-Hasch kombiniert die wohltuenden Eigenschaften der CBD-reichen Sorte Lemon Kush mit der moderaten psychoaktiven Wirkung von Haschisch.<\/p>\n<p>Der Gesamteffekt des Konsums von Fokus f\u00fchrt wahrscheinlich zu einem Zustand der Entspannung und des Wohlbefindens, w\u00e4hrend Angst, Schmerzen und Entz\u00fcndungen reduziert werden. Dar\u00fcber hinaus hat die Sorte Lemon Kush auch einen hohen Gehalt an Limonen, einem Terpen, das auch f\u00fcr sein zitroniges Aroma verantwortlich ist, das helfen kann, die Stimmung zu verbessern und Stress abzubauen.<\/p>\n<p>Cannabis Pollen Hash wird hergestellt, indem die Knospen der weiblichen Pflanze gesiebt werden, um das Harz zu extrahieren, das dann zu festen Bl\u00f6cken gepresst wird. Cannabis Lemon Kush CBD Pollen Hash kombiniert die wohltuenden Eigenschaften der CBD-reichen Sorte Lemon Kush mit der milden psychoaktiven Wirkung von Haschisch.<\/p>\n<p>Beim Verzehr kann Cannabis Lemon Kush CBD Pollen Hash eine entspannende und beruhigende Wirkung haben und gleichzeitig Angstzust\u00e4nde, Schmerzen und Entz\u00fcndungen reduzieren. Cannabis Pollen Hash wird oft geraucht, kann aber auch in Vaporizern verwendet oder zu Speisen oder Getr\u00e4nken hinzugef\u00fcgt werden.<\/p>\n<p>&nbsp;<\/p>\n","protected":false},"excerpt":{"rendered":"<p>Beim Verzehr kann Lemon Kush CBD-Hash eine entspannende und beruhigende Wirkung haben und gleichzeitig Angstzust\u00e4nde, Schmerzen und Entz\u00fcndungen reduzieren. Dar\u00fcber hinaus ist die Sorte Lemon Kush auch reich an Limonen, einem Terpen, das f\u00fcr sein zitroniges Aroma verantwortlich ist und helfen kann, die Stimmung zu verbessern und Stress abzubauen.<\/p>\n","protected":false},"featured_media":43744,"comment_status":"closed","ping_status":"closed","template":"","meta":{"inline_featured_image":false},"product_brand":[],"product_cat":[3229,3874],"product_tag":[],"class_list":{"0":"post-43807","1":"product","2":"type-product","3":"status-publish","4":"has-post-thumbnail","6":"product_cat-cannabis-pollen-de","7":"product_cat-hashish-de","9":"first","10":"instock","11":"featured","12":"shipping-taxable","13":"purchasable","14":"product-type-variable","15":"has-default-attributes"},"yoast_head":"<!-- This site is optimized with the Yoast SEO Premium plugin v25.9 (Yoast SEO v27.3) - https:\/\/yoast.com\/product\/yoast-seo-premium-wordpress\/ -->\n<title>Haschisch - Lemon Kush - Le Riff<\/title>\n<meta name=\"description\" content=\"Beim Verzehr kann Lemon Kush CBD-Hash eine entspannende und beruhigende Wirkung haben und gleichzeitig Angstzust\u00e4nde, Schmerzen und Entz\u00fcndungen reduzieren. Dar\u00fcber hinaus ist die Sorte Lemon Kush auch reich an Limonen, einem Terpen, das f\u00fcr sein zitroniges Aroma verantwortlich ist und helfen kann, die Stimmung zu verbessern und Stress abzubauen.\" \/>\n<meta name=\"robots\" content=\"index, follow, max-snippet:-1, max-image-preview:large, max-video-preview:-1\" \/>\n<link rel=\"canonical\" href=\"https:\/\/www.leriff.ch\/de\/produkt\/pollen-cbd-haschisch-lemon-kush\/\" \/>\n<meta property=\"og:locale\" content=\"de_DE\" \/>\n<meta property=\"og:type\" content=\"article\" \/>\n<meta property=\"og:title\" content=\"Haschisch - Lemon Kush\" \/>\n<meta property=\"og:description\" content=\"Beim Verzehr kann Lemon Kush CBD-Hash eine entspannende und beruhigende Wirkung haben und gleichzeitig Angstzust\u00e4nde, Schmerzen und Entz\u00fcndungen reduzieren. Dar\u00fcber hinaus ist die Sorte Lemon Kush auch reich an Limonen, einem Terpen, das f\u00fcr sein zitroniges Aroma verantwortlich ist und helfen kann, die Stimmung zu verbessern und Stress abzubauen.\" \/>\n<meta property=\"og:url\" content=\"https:\/\/www.leriff.ch\/de\/produkt\/pollen-cbd-haschisch-lemon-kush\/\" \/>\n<meta property=\"og:site_name\" content=\"Le Riff\" \/>\n<meta property=\"article:publisher\" content=\"https:\/\/www.facebook.com\/Leriff.ch\" \/>\n<meta property=\"og:image\" content=\"https:\/\/www.leriff.ch\/wp-content\/uploads\/2023\/04\/pollen-Lemon-Kush-cbd-leriff.jpg\" \/>\n\t<meta property=\"og:image:width\" content=\"1200\" \/>\n\t<meta property=\"og:image:height\" content=\"1200\" \/>\n\t<meta property=\"og:image:type\" content=\"image\/jpeg\" \/>\n<meta name=\"twitter:card\" content=\"summary_large_image\" \/>\n<meta name=\"twitter:label1\" content=\"Gesch\u00e4tzte Lesezeit\" \/>\n\t<meta name=\"twitter:data1\" content=\"1\u00a0Minute\" \/>\n<script type=\"application\/ld+json\" class=\"yoast-schema-graph\">{\"@context\":\"https:\\\/\\\/schema.org\",\"@graph\":[{\"@type\":\"WebPage\",\"@id\":\"https:\\\/\\\/www.leriff.ch\\\/de\\\/produkt\\\/pollen-cbd-haschisch-lemon-kush\\\/\",\"url\":\"https:\\\/\\\/www.leriff.ch\\\/de\\\/produkt\\\/pollen-cbd-haschisch-lemon-kush\\\/\",\"name\":\"Haschisch - Lemon Kush - Le Riff\",\"isPartOf\":{\"@id\":\"https:\\\/\\\/www.leriff.ch\\\/de\\\/#website\"},\"primaryImageOfPage\":{\"@id\":\"https:\\\/\\\/www.leriff.ch\\\/de\\\/produkt\\\/pollen-cbd-haschisch-lemon-kush\\\/#primaryimage\"},\"image\":{\"@id\":\"https:\\\/\\\/www.leriff.ch\\\/de\\\/produkt\\\/pollen-cbd-haschisch-lemon-kush\\\/#primaryimage\"},\"thumbnailUrl\":\"https:\\\/\\\/www.leriff.ch\\\/wp-content\\\/uploads\\\/2023\\\/04\\\/pollen-Lemon-Kush-cbd-leriff.jpg\",\"datePublished\":\"2023-04-10T21:20:28+00:00\",\"description\":\"Beim Verzehr kann Lemon Kush CBD-Hash eine entspannende und beruhigende Wirkung haben und gleichzeitig Angstzust\u00e4nde, Schmerzen und Entz\u00fcndungen reduzieren. Dar\u00fcber hinaus ist die Sorte Lemon Kush auch reich an Limonen, einem Terpen, das f\u00fcr sein zitroniges Aroma verantwortlich ist und helfen kann, die Stimmung zu verbessern und Stress abzubauen.\",\"breadcrumb\":{\"@id\":\"https:\\\/\\\/www.leriff.ch\\\/de\\\/produkt\\\/pollen-cbd-haschisch-lemon-kush\\\/#breadcrumb\"},\"inLanguage\":\"de\",\"potentialAction\":[{\"@type\":\"ReadAction\",\"target\":[\"https:\\\/\\\/www.leriff.ch\\\/de\\\/produkt\\\/pollen-cbd-haschisch-lemon-kush\\\/\"]}]},{\"@type\":\"ImageObject\",\"inLanguage\":\"de\",\"@id\":\"https:\\\/\\\/www.leriff.ch\\\/de\\\/produkt\\\/pollen-cbd-haschisch-lemon-kush\\\/#primaryimage\",\"url\":\"https:\\\/\\\/www.leriff.ch\\\/wp-content\\\/uploads\\\/2023\\\/04\\\/pollen-Lemon-Kush-cbd-leriff.jpg\",\"contentUrl\":\"https:\\\/\\\/www.leriff.ch\\\/wp-content\\\/uploads\\\/2023\\\/04\\\/pollen-Lemon-Kush-cbd-leriff.jpg\",\"width\":1200,\"height\":1200,\"caption\":\"Lorsqu'il est consomm\u00e9, le hashish Lemon Kush CBD peut produire un effet relaxant et apaisant tout en r\u00e9duisant l'anxi\u00e9t\u00e9, la douleur et l'inflammation. De plus, la vari\u00e9t\u00e9 Lemon Kush est \u00e9galement riche en limon\u00e8ne, un terp\u00e8ne qui est responsable de son ar\u00f4me citronn\u00e9 et qui peut contribuer \u00e0 am\u00e9liorer l'humeur et r\u00e9duire le stress.\"},{\"@type\":\"BreadcrumbList\",\"@id\":\"https:\\\/\\\/www.leriff.ch\\\/de\\\/produkt\\\/pollen-cbd-haschisch-lemon-kush\\\/#breadcrumb\",\"itemListElement\":[{\"@type\":\"ListItem\",\"position\":1,\"name\":\"Accueil\",\"item\":\"https:\\\/\\\/www.leriff.ch\\\/de\\\/\"},{\"@type\":\"ListItem\",\"position\":2,\"name\":\"Shop\",\"item\":\"https:\\\/\\\/www.leriff.ch\\\/de\\\/geschaeft\\\/\"},{\"@type\":\"ListItem\",\"position\":3,\"name\":\"Hashish\",\"item\":\"https:\\\/\\\/www.leriff.ch\\\/de\\\/categorie-produit\\\/hashish-de\\\/\"},{\"@type\":\"ListItem\",\"position\":4,\"name\":\"Haschisch &#8211; Lemon Kush\"}]},{\"@type\":\"WebSite\",\"@id\":\"https:\\\/\\\/www.leriff.ch\\\/de\\\/#website\",\"url\":\"https:\\\/\\\/www.leriff.ch\\\/de\\\/\",\"name\":\"Le Riff\",\"description\":\"Fleurs de Cannabis CBD\",\"publisher\":{\"@id\":\"https:\\\/\\\/www.leriff.ch\\\/de\\\/#organization\"},\"potentialAction\":[{\"@type\":\"SearchAction\",\"target\":{\"@type\":\"EntryPoint\",\"urlTemplate\":\"https:\\\/\\\/www.leriff.ch\\\/de\\\/?s={search_term_string}\"},\"query-input\":{\"@type\":\"PropertyValueSpecification\",\"valueRequired\":true,\"valueName\":\"search_term_string\"}}],\"inLanguage\":\"de\"},{\"@type\":\"Organization\",\"@id\":\"https:\\\/\\\/www.leriff.ch\\\/de\\\/#organization\",\"name\":\"le riff\",\"url\":\"https:\\\/\\\/www.leriff.ch\\\/de\\\/\",\"logo\":{\"@type\":\"ImageObject\",\"inLanguage\":\"de\",\"@id\":\"https:\\\/\\\/www.leriff.ch\\\/de\\\/#\\\/schema\\\/logo\\\/image\\\/\",\"url\":\"https:\\\/\\\/www.leriff.ch\\\/wp-content\\\/uploads\\\/2019\\\/10\\\/logo_carre.png\",\"contentUrl\":\"https:\\\/\\\/www.leriff.ch\\\/wp-content\\\/uploads\\\/2019\\\/10\\\/logo_carre.png\",\"width\":130,\"height\":130,\"caption\":\"le riff\"},\"image\":{\"@id\":\"https:\\\/\\\/www.leriff.ch\\\/de\\\/#\\\/schema\\\/logo\\\/image\\\/\"},\"sameAs\":[\"https:\\\/\\\/www.facebook.com\\\/Leriff.ch\"]}]}<\/script>\n<!-- \/ Yoast SEO Premium plugin. -->","yoast_head_json":{"title":"Haschisch - Lemon Kush - Le Riff","description":"Beim Verzehr kann Lemon Kush CBD-Hash eine entspannende und beruhigende Wirkung haben und gleichzeitig Angstzust\u00e4nde, Schmerzen und Entz\u00fcndungen reduzieren. Dar\u00fcber hinaus ist die Sorte Lemon Kush auch reich an Limonen, einem Terpen, das f\u00fcr sein zitroniges Aroma verantwortlich ist und helfen kann, die Stimmung zu verbessern und Stress abzubauen.","robots":{"index":"index","follow":"follow","max-snippet":"max-snippet:-1","max-image-preview":"max-image-preview:large","max-video-preview":"max-video-preview:-1"},"canonical":"https:\/\/www.leriff.ch\/de\/produkt\/pollen-cbd-haschisch-lemon-kush\/","og_locale":"de_DE","og_type":"article","og_title":"Haschisch - Lemon Kush","og_description":"Beim Verzehr kann Lemon Kush CBD-Hash eine entspannende und beruhigende Wirkung haben und gleichzeitig Angstzust\u00e4nde, Schmerzen und Entz\u00fcndungen reduzieren. Dar\u00fcber hinaus ist die Sorte Lemon Kush auch reich an Limonen, einem Terpen, das f\u00fcr sein zitroniges Aroma verantwortlich ist und helfen kann, die Stimmung zu verbessern und Stress abzubauen.","og_url":"https:\/\/www.leriff.ch\/de\/produkt\/pollen-cbd-haschisch-lemon-kush\/","og_site_name":"Le Riff","article_publisher":"https:\/\/www.facebook.com\/Leriff.ch","og_image":[{"width":1200,"height":1200,"url":"https:\/\/www.leriff.ch\/wp-content\/uploads\/2023\/04\/pollen-Lemon-Kush-cbd-leriff.jpg","type":"image\/jpeg"}],"twitter_card":"summary_large_image","twitter_misc":{"Gesch\u00e4tzte Lesezeit":"1\u00a0Minute"},"schema":{"@context":"https:\/\/schema.org","@graph":[{"@type":"WebPage","@id":"https:\/\/www.leriff.ch\/de\/produkt\/pollen-cbd-haschisch-lemon-kush\/","url":"https:\/\/www.leriff.ch\/de\/produkt\/pollen-cbd-haschisch-lemon-kush\/","name":"Haschisch - Lemon Kush - Le Riff","isPartOf":{"@id":"https:\/\/www.leriff.ch\/de\/#website"},"primaryImageOfPage":{"@id":"https:\/\/www.leriff.ch\/de\/produkt\/pollen-cbd-haschisch-lemon-kush\/#primaryimage"},"image":{"@id":"https:\/\/www.leriff.ch\/de\/produkt\/pollen-cbd-haschisch-lemon-kush\/#primaryimage"},"thumbnailUrl":"https:\/\/www.leriff.ch\/wp-content\/uploads\/2023\/04\/pollen-Lemon-Kush-cbd-leriff.jpg","datePublished":"2023-04-10T21:20:28+00:00","description":"Beim Verzehr kann Lemon Kush CBD-Hash eine entspannende und beruhigende Wirkung haben und gleichzeitig Angstzust\u00e4nde, Schmerzen und Entz\u00fcndungen reduzieren. Dar\u00fcber hinaus ist die Sorte Lemon Kush auch reich an Limonen, einem Terpen, das f\u00fcr sein zitroniges Aroma verantwortlich ist und helfen kann, die Stimmung zu verbessern und Stress abzubauen.","breadcrumb":{"@id":"https:\/\/www.leriff.ch\/de\/produkt\/pollen-cbd-haschisch-lemon-kush\/#breadcrumb"},"inLanguage":"de","potentialAction":[{"@type":"ReadAction","target":["https:\/\/www.leriff.ch\/de\/produkt\/pollen-cbd-haschisch-lemon-kush\/"]}]},{"@type":"ImageObject","inLanguage":"de","@id":"https:\/\/www.leriff.ch\/de\/produkt\/pollen-cbd-haschisch-lemon-kush\/#primaryimage","url":"https:\/\/www.leriff.ch\/wp-content\/uploads\/2023\/04\/pollen-Lemon-Kush-cbd-leriff.jpg","contentUrl":"https:\/\/www.leriff.ch\/wp-content\/uploads\/2023\/04\/pollen-Lemon-Kush-cbd-leriff.jpg","width":1200,"height":1200,"caption":"Lorsqu'il est consomm\u00e9, le hashish Lemon Kush CBD peut produire un effet relaxant et apaisant tout en r\u00e9duisant l'anxi\u00e9t\u00e9, la douleur et l'inflammation. De plus, la vari\u00e9t\u00e9 Lemon Kush est \u00e9galement riche en limon\u00e8ne, un terp\u00e8ne qui est responsable de son ar\u00f4me citronn\u00e9 et qui peut contribuer \u00e0 am\u00e9liorer l'humeur et r\u00e9duire le stress."},{"@type":"BreadcrumbList","@id":"https:\/\/www.leriff.ch\/de\/produkt\/pollen-cbd-haschisch-lemon-kush\/#breadcrumb","itemListElement":[{"@type":"ListItem","position":1,"name":"Accueil","item":"https:\/\/www.leriff.ch\/de\/"},{"@type":"ListItem","position":2,"name":"Shop","item":"https:\/\/www.leriff.ch\/de\/geschaeft\/"},{"@type":"ListItem","position":3,"name":"Hashish","item":"https:\/\/www.leriff.ch\/de\/categorie-produit\/hashish-de\/"},{"@type":"ListItem","position":4,"name":"Haschisch &#8211; Lemon Kush"}]},{"@type":"WebSite","@id":"https:\/\/www.leriff.ch\/de\/#website","url":"https:\/\/www.leriff.ch\/de\/","name":"Le Riff","description":"Fleurs de Cannabis CBD","publisher":{"@id":"https:\/\/www.leriff.ch\/de\/#organization"},"potentialAction":[{"@type":"SearchAction","target":{"@type":"EntryPoint","urlTemplate":"https:\/\/www.leriff.ch\/de\/?s={search_term_string}"},"query-input":{"@type":"PropertyValueSpecification","valueRequired":true,"valueName":"search_term_string"}}],"inLanguage":"de"},{"@type":"Organization","@id":"https:\/\/www.leriff.ch\/de\/#organization","name":"le riff","url":"https:\/\/www.leriff.ch\/de\/","logo":{"@type":"ImageObject","inLanguage":"de","@id":"https:\/\/www.leriff.ch\/de\/#\/schema\/logo\/image\/","url":"https:\/\/www.leriff.ch\/wp-content\/uploads\/2019\/10\/logo_carre.png","contentUrl":"https:\/\/www.leriff.ch\/wp-content\/uploads\/2019\/10\/logo_carre.png","width":130,"height":130,"caption":"le riff"},"image":{"@id":"https:\/\/www.leriff.ch\/de\/#\/schema\/logo\/image\/"},"sameAs":["https:\/\/www.facebook.com\/Leriff.ch"]}]}},"_links":{"self":[{"href":"https:\/\/www.leriff.ch\/de\/wp-json\/wp\/v2\/product\/43807","targetHints":{"allow":["GET"]}}],"collection":[{"href":"https:\/\/www.leriff.ch\/de\/wp-json\/wp\/v2\/product"}],"about":[{"href":"https:\/\/www.leriff.ch\/de\/wp-json\/wp\/v2\/types\/product"}],"replies":[{"embeddable":true,"href":"https:\/\/www.leriff.ch\/de\/wp-json\/wp\/v2\/comments?post=43807"}],"wp:featuredmedia":[{"embeddable":true,"href":"https:\/\/www.leriff.ch\/de\/wp-json\/wp\/v2\/media\/43744"}],"wp:attachment":[{"href":"https:\/\/www.leriff.ch\/de\/wp-json\/wp\/v2\/media?parent=43807"}],"wp:term":[{"taxonomy":"product_brand","embeddable":true,"href":"https:\/\/www.leriff.ch\/de\/wp-json\/wp\/v2\/product_brand?post=43807"},{"taxonomy":"product_cat","embeddable":true,"href":"https:\/\/www.leriff.ch\/de\/wp-json\/wp\/v2\/product_cat?post=43807"},{"taxonomy":"product_tag","embeddable":true,"href":"https:\/\/www.leriff.ch\/de\/wp-json\/wp\/v2\/product_tag?post=43807"}],"curies":[{"name":"wp","href":"https:\/\/api.w.org\/{rel}","templated":true}]}}