{"id":43814,"date":"2023-04-10T20:34:44","date_gmt":"2023-04-10T22:16:10","guid":{"rendered":"https:\/\/www.leriff.ch\/produit\/haschisch-tutti-frutti\/"},"modified":"2023-04-11T00:16:10","modified_gmt":"2023-04-10T22:16:10","slug":"haschisch-pollen-cannabis-tutti-frutti-cbd","status":"publish","type":"product","link":"https:\/\/www.leriff.ch\/de\/produkt\/haschisch-pollen-cannabis-tutti-frutti-cbd\/","title":{"rendered":"Haschisch \u2013 Tutti Frutti"},"content":{"rendered":"<p>Cannabis Tutti Frutti CBD-Haschisch Pollen ist eine konzentrierte Form von Trichomen, den kleinen Harzdr\u00fcsen, die Cannabisbl\u00fcten bedecken, mit einem hohen Gehalt an Cannabidiol (CBD). Hier sind die Schritte zur Herstellung von Pollen-Haschisch aus Cannabis Tutti Frutti CBD:<\/p>\n<ol>\n<li>Ernte reife, gut entwickelte Tutti Frutti CBD-Cannabisknospen.<\/li>\n<li>Legen Sie die Knospen in eine gro\u00dfe Plastikt\u00fcte oder einen Eimer und legen Sie sie f\u00fcr ein paar Stunden in den Gefrierschrank. Dies erleichtert das Trennen der Trichome.<\/li>\n<li>Sobald die Knospen gefroren sind, verwenden Sie ein feinmaschiges Sieb, um die Knospen zu sieben und die Trichome zu sammeln. Sie k\u00f6nnen mehrere Siebe mit unterschiedlichen Maschen verwenden, um verschiedene Grade von Pollen-Haschisch aus Cannabis Tutti Frutti CBD zu erhalten.<\/li>\n<li>Sammeln Sie das gesiebte Tutti Frutti CBD Cannabis Pollen Haschisch in einem sauberen Beh\u00e4lter.<\/li>\n<li>Wenn Sie die Qualit\u00e4t des Pollenhaschischs von Cannabis Tutti Frutti CBD verbessern m\u00f6chten, k\u00f6nnen Sie es mit einer Pollenpresse pressen, um es in eine dichtere und kompaktere Form zu bringen.<\/li>\n<\/ol>\n<p>Cannabis Tutti Frutti CBD Haschisch Polen ist eine hochkonzentrierte Form von Trichomen, die Cannabidiol enthalten, das h\u00e4ufig zur Herstellung von Cannabisextrakten wie \u00d6len und Konzentraten verwendet wird.<\/p>\n","protected":false},"excerpt":{"rendered":"<p>Aroma und Geschmack: Tutti Frutti CBD Cannabis Pollen Hash hat ein intensives Aroma und einen intensiven Geschmack von tropischen Fr\u00fcchten und Beeren mit subtilen Noten von Kiefer und Gew\u00fcrzen.<\/p>\n","protected":false},"featured_media":43761,"comment_status":"closed","ping_status":"closed","template":"","meta":{"inline_featured_image":false},"product_brand":[],"product_cat":[3229,3874],"product_tag":[],"class_list":{"0":"post-43814","1":"product","2":"type-product","3":"status-publish","4":"has-post-thumbnail","6":"product_cat-cannabis-pollen-de","7":"product_cat-hashish-de","9":"first","10":"instock","11":"featured","12":"shipping-taxable","13":"purchasable","14":"product-type-variable","15":"has-default-attributes"},"yoast_head":"<!-- This site is optimized with the Yoast SEO Premium plugin v25.9 (Yoast SEO v27.3) - https:\/\/yoast.com\/product\/yoast-seo-premium-wordpress\/ -->\n<title>Haschisch \u2013 Tutti Frutti - Le Riff<\/title>\n<meta name=\"description\" content=\"Aroma und Geschmack: Tutti Frutti CBD Cannabis Pollen Hash hat ein intensives Aroma und einen intensiven Geschmack von tropischen Fr\u00fcchten und Beeren mit subtilen Noten von Kiefer und Gew\u00fcrzen.\" \/>\n<meta name=\"robots\" content=\"index, follow, max-snippet:-1, max-image-preview:large, max-video-preview:-1\" \/>\n<link rel=\"canonical\" href=\"https:\/\/www.leriff.ch\/de\/produkt\/haschisch-pollen-cannabis-tutti-frutti-cbd\/\" \/>\n<meta property=\"og:locale\" content=\"de_DE\" \/>\n<meta property=\"og:type\" content=\"article\" \/>\n<meta property=\"og:title\" content=\"Haschisch \u2013 Tutti Frutti\" \/>\n<meta property=\"og:description\" content=\"Aroma und Geschmack: Tutti Frutti CBD Cannabis Pollen Hash hat ein intensives Aroma und einen intensiven Geschmack von tropischen Fr\u00fcchten und Beeren mit subtilen Noten von Kiefer und Gew\u00fcrzen.\" \/>\n<meta property=\"og:url\" content=\"https:\/\/www.leriff.ch\/de\/produkt\/haschisch-pollen-cannabis-tutti-frutti-cbd\/\" \/>\n<meta property=\"og:site_name\" content=\"Le Riff\" \/>\n<meta property=\"article:publisher\" content=\"https:\/\/www.facebook.com\/Leriff.ch\" \/>\n<meta property=\"og:image\" content=\"https:\/\/www.leriff.ch\/wp-content\/uploads\/2023\/04\/haschisch-Polen-de-Cannabis-tutti-frutti-cbd-leriff.jpg\" \/>\n\t<meta property=\"og:image:width\" content=\"1200\" \/>\n\t<meta property=\"og:image:height\" content=\"1200\" \/>\n\t<meta property=\"og:image:type\" content=\"image\/jpeg\" \/>\n<meta name=\"twitter:card\" content=\"summary_large_image\" \/>\n<meta name=\"twitter:label1\" content=\"Gesch\u00e4tzte Lesezeit\" \/>\n\t<meta name=\"twitter:data1\" content=\"1\u00a0Minute\" \/>\n<script type=\"application\/ld+json\" class=\"yoast-schema-graph\">{\"@context\":\"https:\\\/\\\/schema.org\",\"@graph\":[{\"@type\":\"WebPage\",\"@id\":\"https:\\\/\\\/www.leriff.ch\\\/de\\\/produkt\\\/haschisch-pollen-cannabis-tutti-frutti-cbd\\\/\",\"url\":\"https:\\\/\\\/www.leriff.ch\\\/de\\\/produkt\\\/haschisch-pollen-cannabis-tutti-frutti-cbd\\\/\",\"name\":\"Haschisch \u2013 Tutti Frutti - Le Riff\",\"isPartOf\":{\"@id\":\"https:\\\/\\\/www.leriff.ch\\\/de\\\/#website\"},\"primaryImageOfPage\":{\"@id\":\"https:\\\/\\\/www.leriff.ch\\\/de\\\/produkt\\\/haschisch-pollen-cannabis-tutti-frutti-cbd\\\/#primaryimage\"},\"image\":{\"@id\":\"https:\\\/\\\/www.leriff.ch\\\/de\\\/produkt\\\/haschisch-pollen-cannabis-tutti-frutti-cbd\\\/#primaryimage\"},\"thumbnailUrl\":\"https:\\\/\\\/www.leriff.ch\\\/wp-content\\\/uploads\\\/2023\\\/04\\\/haschisch-Polen-de-Cannabis-tutti-frutti-cbd-leriff.jpg\",\"datePublished\":\"2023-04-10T22:16:10+00:00\",\"description\":\"Aroma und Geschmack: Tutti Frutti CBD Cannabis Pollen Hash hat ein intensives Aroma und einen intensiven Geschmack von tropischen Fr\u00fcchten und Beeren mit subtilen Noten von Kiefer und Gew\u00fcrzen.\",\"breadcrumb\":{\"@id\":\"https:\\\/\\\/www.leriff.ch\\\/de\\\/produkt\\\/haschisch-pollen-cannabis-tutti-frutti-cbd\\\/#breadcrumb\"},\"inLanguage\":\"de\",\"potentialAction\":[{\"@type\":\"ReadAction\",\"target\":[\"https:\\\/\\\/www.leriff.ch\\\/de\\\/produkt\\\/haschisch-pollen-cannabis-tutti-frutti-cbd\\\/\"]}]},{\"@type\":\"ImageObject\",\"inLanguage\":\"de\",\"@id\":\"https:\\\/\\\/www.leriff.ch\\\/de\\\/produkt\\\/haschisch-pollen-cannabis-tutti-frutti-cbd\\\/#primaryimage\",\"url\":\"https:\\\/\\\/www.leriff.ch\\\/wp-content\\\/uploads\\\/2023\\\/04\\\/haschisch-Polen-de-Cannabis-tutti-frutti-cbd-leriff.jpg\",\"contentUrl\":\"https:\\\/\\\/www.leriff.ch\\\/wp-content\\\/uploads\\\/2023\\\/04\\\/haschisch-Polen-de-Cannabis-tutti-frutti-cbd-leriff.jpg\",\"width\":1200,\"height\":1200,\"caption\":\"Ar\u00f4me et saveur : Le haschisch Polen de Cannabis Tutti Frutti CBD a un ar\u00f4me et une saveur intenses de fruits tropicaux et de baies, avec des notes subtiles de pin et d'\u00e9pices.\"},{\"@type\":\"BreadcrumbList\",\"@id\":\"https:\\\/\\\/www.leriff.ch\\\/de\\\/produkt\\\/haschisch-pollen-cannabis-tutti-frutti-cbd\\\/#breadcrumb\",\"itemListElement\":[{\"@type\":\"ListItem\",\"position\":1,\"name\":\"Accueil\",\"item\":\"https:\\\/\\\/www.leriff.ch\\\/de\\\/\"},{\"@type\":\"ListItem\",\"position\":2,\"name\":\"Shop\",\"item\":\"https:\\\/\\\/www.leriff.ch\\\/de\\\/geschaeft\\\/\"},{\"@type\":\"ListItem\",\"position\":3,\"name\":\"Hashish\",\"item\":\"https:\\\/\\\/www.leriff.ch\\\/de\\\/categorie-produit\\\/hashish-de\\\/\"},{\"@type\":\"ListItem\",\"position\":4,\"name\":\"Haschisch \u2013 Tutti Frutti\"}]},{\"@type\":\"WebSite\",\"@id\":\"https:\\\/\\\/www.leriff.ch\\\/de\\\/#website\",\"url\":\"https:\\\/\\\/www.leriff.ch\\\/de\\\/\",\"name\":\"Le Riff\",\"description\":\"Fleurs de Cannabis CBD\",\"publisher\":{\"@id\":\"https:\\\/\\\/www.leriff.ch\\\/de\\\/#organization\"},\"potentialAction\":[{\"@type\":\"SearchAction\",\"target\":{\"@type\":\"EntryPoint\",\"urlTemplate\":\"https:\\\/\\\/www.leriff.ch\\\/de\\\/?s={search_term_string}\"},\"query-input\":{\"@type\":\"PropertyValueSpecification\",\"valueRequired\":true,\"valueName\":\"search_term_string\"}}],\"inLanguage\":\"de\"},{\"@type\":\"Organization\",\"@id\":\"https:\\\/\\\/www.leriff.ch\\\/de\\\/#organization\",\"name\":\"le riff\",\"url\":\"https:\\\/\\\/www.leriff.ch\\\/de\\\/\",\"logo\":{\"@type\":\"ImageObject\",\"inLanguage\":\"de\",\"@id\":\"https:\\\/\\\/www.leriff.ch\\\/de\\\/#\\\/schema\\\/logo\\\/image\\\/\",\"url\":\"https:\\\/\\\/www.leriff.ch\\\/wp-content\\\/uploads\\\/2019\\\/10\\\/logo_carre.png\",\"contentUrl\":\"https:\\\/\\\/www.leriff.ch\\\/wp-content\\\/uploads\\\/2019\\\/10\\\/logo_carre.png\",\"width\":130,\"height\":130,\"caption\":\"le riff\"},\"image\":{\"@id\":\"https:\\\/\\\/www.leriff.ch\\\/de\\\/#\\\/schema\\\/logo\\\/image\\\/\"},\"sameAs\":[\"https:\\\/\\\/www.facebook.com\\\/Leriff.ch\"]}]}<\/script>\n<!-- \/ Yoast SEO Premium plugin. -->","yoast_head_json":{"title":"Haschisch \u2013 Tutti Frutti - Le Riff","description":"Aroma und Geschmack: Tutti Frutti CBD Cannabis Pollen Hash hat ein intensives Aroma und einen intensiven Geschmack von tropischen Fr\u00fcchten und Beeren mit subtilen Noten von Kiefer und Gew\u00fcrzen.","robots":{"index":"index","follow":"follow","max-snippet":"max-snippet:-1","max-image-preview":"max-image-preview:large","max-video-preview":"max-video-preview:-1"},"canonical":"https:\/\/www.leriff.ch\/de\/produkt\/haschisch-pollen-cannabis-tutti-frutti-cbd\/","og_locale":"de_DE","og_type":"article","og_title":"Haschisch \u2013 Tutti Frutti","og_description":"Aroma und Geschmack: Tutti Frutti CBD Cannabis Pollen Hash hat ein intensives Aroma und einen intensiven Geschmack von tropischen Fr\u00fcchten und Beeren mit subtilen Noten von Kiefer und Gew\u00fcrzen.","og_url":"https:\/\/www.leriff.ch\/de\/produkt\/haschisch-pollen-cannabis-tutti-frutti-cbd\/","og_site_name":"Le Riff","article_publisher":"https:\/\/www.facebook.com\/Leriff.ch","og_image":[{"width":1200,"height":1200,"url":"https:\/\/www.leriff.ch\/wp-content\/uploads\/2023\/04\/haschisch-Polen-de-Cannabis-tutti-frutti-cbd-leriff.jpg","type":"image\/jpeg"}],"twitter_card":"summary_large_image","twitter_misc":{"Gesch\u00e4tzte Lesezeit":"1\u00a0Minute"},"schema":{"@context":"https:\/\/schema.org","@graph":[{"@type":"WebPage","@id":"https:\/\/www.leriff.ch\/de\/produkt\/haschisch-pollen-cannabis-tutti-frutti-cbd\/","url":"https:\/\/www.leriff.ch\/de\/produkt\/haschisch-pollen-cannabis-tutti-frutti-cbd\/","name":"Haschisch \u2013 Tutti Frutti - Le Riff","isPartOf":{"@id":"https:\/\/www.leriff.ch\/de\/#website"},"primaryImageOfPage":{"@id":"https:\/\/www.leriff.ch\/de\/produkt\/haschisch-pollen-cannabis-tutti-frutti-cbd\/#primaryimage"},"image":{"@id":"https:\/\/www.leriff.ch\/de\/produkt\/haschisch-pollen-cannabis-tutti-frutti-cbd\/#primaryimage"},"thumbnailUrl":"https:\/\/www.leriff.ch\/wp-content\/uploads\/2023\/04\/haschisch-Polen-de-Cannabis-tutti-frutti-cbd-leriff.jpg","datePublished":"2023-04-10T22:16:10+00:00","description":"Aroma und Geschmack: Tutti Frutti CBD Cannabis Pollen Hash hat ein intensives Aroma und einen intensiven Geschmack von tropischen Fr\u00fcchten und Beeren mit subtilen Noten von Kiefer und Gew\u00fcrzen.","breadcrumb":{"@id":"https:\/\/www.leriff.ch\/de\/produkt\/haschisch-pollen-cannabis-tutti-frutti-cbd\/#breadcrumb"},"inLanguage":"de","potentialAction":[{"@type":"ReadAction","target":["https:\/\/www.leriff.ch\/de\/produkt\/haschisch-pollen-cannabis-tutti-frutti-cbd\/"]}]},{"@type":"ImageObject","inLanguage":"de","@id":"https:\/\/www.leriff.ch\/de\/produkt\/haschisch-pollen-cannabis-tutti-frutti-cbd\/#primaryimage","url":"https:\/\/www.leriff.ch\/wp-content\/uploads\/2023\/04\/haschisch-Polen-de-Cannabis-tutti-frutti-cbd-leriff.jpg","contentUrl":"https:\/\/www.leriff.ch\/wp-content\/uploads\/2023\/04\/haschisch-Polen-de-Cannabis-tutti-frutti-cbd-leriff.jpg","width":1200,"height":1200,"caption":"Ar\u00f4me et saveur : Le haschisch Polen de Cannabis Tutti Frutti CBD a un ar\u00f4me et une saveur intenses de fruits tropicaux et de baies, avec des notes subtiles de pin et d'\u00e9pices."},{"@type":"BreadcrumbList","@id":"https:\/\/www.leriff.ch\/de\/produkt\/haschisch-pollen-cannabis-tutti-frutti-cbd\/#breadcrumb","itemListElement":[{"@type":"ListItem","position":1,"name":"Accueil","item":"https:\/\/www.leriff.ch\/de\/"},{"@type":"ListItem","position":2,"name":"Shop","item":"https:\/\/www.leriff.ch\/de\/geschaeft\/"},{"@type":"ListItem","position":3,"name":"Hashish","item":"https:\/\/www.leriff.ch\/de\/categorie-produit\/hashish-de\/"},{"@type":"ListItem","position":4,"name":"Haschisch \u2013 Tutti Frutti"}]},{"@type":"WebSite","@id":"https:\/\/www.leriff.ch\/de\/#website","url":"https:\/\/www.leriff.ch\/de\/","name":"Le Riff","description":"Fleurs de Cannabis CBD","publisher":{"@id":"https:\/\/www.leriff.ch\/de\/#organization"},"potentialAction":[{"@type":"SearchAction","target":{"@type":"EntryPoint","urlTemplate":"https:\/\/www.leriff.ch\/de\/?s={search_term_string}"},"query-input":{"@type":"PropertyValueSpecification","valueRequired":true,"valueName":"search_term_string"}}],"inLanguage":"de"},{"@type":"Organization","@id":"https:\/\/www.leriff.ch\/de\/#organization","name":"le riff","url":"https:\/\/www.leriff.ch\/de\/","logo":{"@type":"ImageObject","inLanguage":"de","@id":"https:\/\/www.leriff.ch\/de\/#\/schema\/logo\/image\/","url":"https:\/\/www.leriff.ch\/wp-content\/uploads\/2019\/10\/logo_carre.png","contentUrl":"https:\/\/www.leriff.ch\/wp-content\/uploads\/2019\/10\/logo_carre.png","width":130,"height":130,"caption":"le riff"},"image":{"@id":"https:\/\/www.leriff.ch\/de\/#\/schema\/logo\/image\/"},"sameAs":["https:\/\/www.facebook.com\/Leriff.ch"]}]}},"_links":{"self":[{"href":"https:\/\/www.leriff.ch\/de\/wp-json\/wp\/v2\/product\/43814","targetHints":{"allow":["GET"]}}],"collection":[{"href":"https:\/\/www.leriff.ch\/de\/wp-json\/wp\/v2\/product"}],"about":[{"href":"https:\/\/www.leriff.ch\/de\/wp-json\/wp\/v2\/types\/product"}],"replies":[{"embeddable":true,"href":"https:\/\/www.leriff.ch\/de\/wp-json\/wp\/v2\/comments?post=43814"}],"wp:featuredmedia":[{"embeddable":true,"href":"https:\/\/www.leriff.ch\/de\/wp-json\/wp\/v2\/media\/43761"}],"wp:attachment":[{"href":"https:\/\/www.leriff.ch\/de\/wp-json\/wp\/v2\/media?parent=43814"}],"wp:term":[{"taxonomy":"product_brand","embeddable":true,"href":"https:\/\/www.leriff.ch\/de\/wp-json\/wp\/v2\/product_brand?post=43814"},{"taxonomy":"product_cat","embeddable":true,"href":"https:\/\/www.leriff.ch\/de\/wp-json\/wp\/v2\/product_cat?post=43814"},{"taxonomy":"product_tag","embeddable":true,"href":"https:\/\/www.leriff.ch\/de\/wp-json\/wp\/v2\/product_tag?post=43814"}],"curies":[{"name":"wp","href":"https:\/\/api.w.org\/{rel}","templated":true}]}}