{"id":43146,"date":"2022-05-22T11:38:00","date_gmt":"2022-05-22T09:38:00","guid":{"rendered":"https:\/\/www.leriff.ch\/sale-and-delivery-geneva-cbd-cannabis\/"},"modified":"2022-05-22T11:38:01","modified_gmt":"2022-05-22T09:38:01","slug":"sale-and-delivery-geneva-cbd-cannabis","status":"publish","type":"page","link":"https:\/\/www.leriff.ch\/en\/sale-and-delivery-geneva-cbd-cannabis\/","title":{"rendered":"Sale and delivery Geneva CBD Cannabis"},"content":{"rendered":"<blockquote>\n<h2><span class=\"st\"><em>Wholesale CBD Switzerland CBD oil products<br \/><\/em><\/span><\/h2>\n<\/blockquote>\n<p class=\"p1\"><span class=\"s1\"><b>CBD wholesale cannabis and derivatives produced in Switzerland<br \/><a href=\"https:\/\/www.leriff.ch\/en\/product\/lemon\/\" rel=\"Lemon - Fleurs de Cannabis\"><img decoding=\"async\" class=\"alignleft wp-image-7266 size-thumbnail\" title=\"Lemon - Cannabis Flowers\" src=\"https:\/\/www.leriff.ch\/wp-content\/uploads\/2020\/03\/fraise-leriff.ch_-150x150.jpg\" alt=\"\" width=\"150\" height=\"150\" srcset=\"https:\/\/www.leriff.ch\/wp-content\/uploads\/2020\/03\/fraise-leriff.ch_-150x150.jpg 150w, https:\/\/www.leriff.ch\/wp-content\/uploads\/2020\/03\/fraise-leriff.ch_-300x300.jpg 300w, https:\/\/www.leriff.ch\/wp-content\/uploads\/2020\/03\/fraise-leriff.ch_-scaled.jpg 1024w, https:\/\/www.leriff.ch\/wp-content\/uploads\/2020\/03\/fraise-leriff.ch_-768x768.jpg 768w, https:\/\/www.leriff.ch\/wp-content\/uploads\/2020\/03\/fraise-leriff.ch_-1536x1536.jpg 1536w, https:\/\/www.leriff.ch\/wp-content\/uploads\/2020\/03\/fraise-leriff.ch_-100x100.jpg 100w\" sizes=\"(max-width: 150px) 100vw, 150px\" \/><\/a><\/b><\/span><span class=\"s1\">Our strain is a legal cannabis strain rich in CBD. Buy CBD cannabis at the best price. Discover also our product based on CBD cannabis flowers and CBD Oil. Home delivery in Geneva, postal delivery in the rest of Switzerland.<\/span><\/p>\n<p class=\"p1\"><span class=\"s1\"><b>Buy cannabis online<br \/><\/b><\/span>From packaging to by-products, we work with local companies to guarantee the traceability of our products and to offer you the best that Switzerland has to offer!<\/p>\n<p class=\"p1\"><span title=\"Our products \"><strong>Our products<\/strong><br \/><\/span><span class=\"s1\">Our cbd cannabis is guaranteed <em>100% Swiss Made<\/em> with a THC level of less than 1% and a <em>CBD<\/em> level of 14% to 18% depending on the harvest with certification by an approved laboratory. We want maximum transparency on our products.<br \/><\/span><span class=\"s1\">Cultivated on the lands of Sseeland in the purest tradition of Swiss hemp growers, our cannabis is organic and comes from agriculture that respects the environment.<\/span><\/p>\n<p><a href=\"https:\/\/www.leriff.ch\/wp-content\/uploads\/2020\/05\/huile-cbd-evetica-5-10-20-30-concentrate.jpg\" rel=\"Huile de CBD Evetica\"><img decoding=\"async\" class=\"alignleft wp-image-7414 size-thumbnail\" title=\"Evetica CBD Oil\" src=\"https:\/\/www.leriff.ch\/wp-content\/uploads\/2020\/05\/huile-cbd-evetica-5-10-20-30-concentrate-150x150.jpg\" alt=\"\" width=\"150\" height=\"150\" srcset=\"https:\/\/www.leriff.ch\/wp-content\/uploads\/2020\/05\/huile-cbd-evetica-5-10-20-30-concentrate-150x150.jpg 150w, https:\/\/www.leriff.ch\/wp-content\/uploads\/2020\/05\/huile-cbd-evetica-5-10-20-30-concentrate-300x300.jpg 300w, https:\/\/www.leriff.ch\/wp-content\/uploads\/2020\/05\/huile-cbd-evetica-5-10-20-30-concentrate-100x100.jpg 100w, https:\/\/www.leriff.ch\/wp-content\/uploads\/2020\/05\/huile-cbd-evetica-5-10-20-30-concentrate.jpg 330w\" sizes=\"(max-width: 150px) 100vw, 150px\" \/><\/a><\/p>\n<p><strong>Online sales of CBD cannabis<\/strong><br \/>At <em>Le Riff<\/em> we work exclusively with local growers who carry on the Swiss tradition of growing hemp to provide you with a high quality plant rich in <em>CBD<\/em>.<\/p>\n<p class=\"p1\"><span class=\"s1\"><b>Our charter<br \/><\/b><\/span>Tests are carried out throughout the production and manufacturing processes to ensure compliance with standards <em>Swiss quality<\/em>.<\/p>\n\n<div class=\"wp-block-columns is-layout-flex wp-container-core-columns-is-layout-9d6595d7 wp-block-columns-is-layout-flex\">\n<div class=\"wp-block-column is-layout-flow wp-block-column-is-layout-flow\">\n<figure class=\"wp-block-embed-wordpress wp-block-embed is-type-wp-embed is-provider-le-riff\"><div class=\"wp-block-embed__wrapper\">\n<div class=\"video-container\"><blockquote class=\"wp-embedded-content\" data-secret=\"Qcyc6BS053\"><a href=\"https:\/\/www.leriff.ch\/achat-gros-de-boutures-de-cannabis-cbd\/\">Boutures et Graines de Cannabis CBD<\/a><\/blockquote><iframe loading=\"lazy\" class=\"wp-embedded-content\" sandbox=\"allow-scripts\" security=\"restricted\" style=\"position: absolute; clip: rect(1px, 1px, 1px, 1px);\" title=\"&#8220;Boutures et Graines de Cannabis CBD&#8221; &#8212; Le Riff\" src=\"https:\/\/www.leriff.ch\/achat-gros-de-boutures-de-cannabis-cbd\/embed\/#?secret=pvm9IXNZlL#?secret=Qcyc6BS053\" data-secret=\"Qcyc6BS053\" width=\"600\" height=\"338\" frameborder=\"0\" marginwidth=\"0\" marginheight=\"0\" scrolling=\"no\"><\/iframe><\/div>\n<\/div><\/figure><\/div>\n\n\n\n<div class=\"wp-block-column is-layout-flow wp-block-column-is-layout-flow\">\n<figure class=\"wp-block-embed-wordpress wp-block-embed is-type-wp-embed is-provider-le-riff\"><div class=\"wp-block-embed__wrapper\">\n<div class=\"video-container\"><blockquote class=\"wp-embedded-content\" data-secret=\"x7koJIr4iP\"><a href=\"https:\/\/www.leriff.ch\/informations-sur-le-cbd\/\">Informations sur la Fleurs Cannabis CBD<\/a><\/blockquote><iframe loading=\"lazy\" class=\"wp-embedded-content\" sandbox=\"allow-scripts\" security=\"restricted\" style=\"position: absolute; clip: rect(1px, 1px, 1px, 1px);\" title=\"&#8220;Informations sur la Fleurs Cannabis CBD&#8221; &#8212; Le Riff\" src=\"https:\/\/www.leriff.ch\/informations-sur-le-cbd\/embed\/#?secret=gy7JnWKyvk#?secret=x7koJIr4iP\" data-secret=\"x7koJIr4iP\" width=\"600\" height=\"338\" frameborder=\"0\" marginwidth=\"0\" marginheight=\"0\" scrolling=\"no\"><\/iframe><\/div>\n<\/div><\/figure><\/div>\n<\/div>\n<div data-align-buttons=\"true\" data-block-name=\"woocommerce\/product-best-sellers\" data-rows=\"1\" class=\"wc-block-grid wp-block-product-best-sellers wp-block-woocommerce-product-best-sellers wc-block-product-best-sellers has-3-columns has-aligned-buttons\"><ul class=\"wc-block-grid__products\"><li class=\"wc-block-grid__product\">\n\t\t\t\t<a href=\"https:\/\/www.leriff.ch\/en\/product\/pollen-cbd-hashish-lemon-kush\/\" class=\"wc-block-grid__product-link\">\n\t\t\t\t\t\n\t\t\t\t\t<div class=\"wc-block-grid__product-image\"><img decoding=\"async\" width=\"1024\" height=\"1024\" src=\"https:\/\/www.leriff.ch\/wp-content\/uploads\/2023\/04\/pollen-Lemon-Kush-cbd-leriff-1024x1024.jpg\" class=\"attachment-woocommerce_thumbnail size-woocommerce_thumbnail\" alt=\"Lorsqu&#039;il est consomm\u00e9, le hashish Lemon Kush CBD peut produire un effet relaxant et apaisant tout en r\u00e9duisant l&#039;anxi\u00e9t\u00e9, la douleur et l&#039;inflammation. De plus, la vari\u00e9t\u00e9 Lemon Kush est \u00e9galement riche en limon\u00e8ne, un terp\u00e8ne qui est responsable de son ar\u00f4me citronn\u00e9 et qui peut contribuer \u00e0 am\u00e9liorer l&#039;humeur et r\u00e9duire le stress.\" srcset=\"https:\/\/www.leriff.ch\/wp-content\/uploads\/2023\/04\/pollen-Lemon-Kush-cbd-leriff-1024x1024.jpg 1024w, https:\/\/www.leriff.ch\/wp-content\/uploads\/2023\/04\/pollen-Lemon-Kush-cbd-leriff-300x300.jpg 300w, https:\/\/www.leriff.ch\/wp-content\/uploads\/2023\/04\/pollen-Lemon-Kush-cbd-leriff-150x150.jpg 150w, https:\/\/www.leriff.ch\/wp-content\/uploads\/2023\/04\/pollen-Lemon-Kush-cbd-leriff-768x768.jpg 768w, https:\/\/www.leriff.ch\/wp-content\/uploads\/2023\/04\/pollen-Lemon-Kush-cbd-leriff-100x100.jpg 100w, https:\/\/www.leriff.ch\/wp-content\/uploads\/2023\/04\/pollen-Lemon-Kush-cbd-leriff.jpg 1200w\" sizes=\"(max-width: 1024px) 100vw, 1024px\" \/><\/div>\n\t\t\t\t\t<div class=\"wc-block-grid__product-title\">Hashish &#8211; Lemon Kush<\/div>\n\t\t\t\t<\/a>\n\t\t\t\t<div class=\"wc-block-grid__product-price price\"><span class=\"woocommerce-Price-amount amount\" aria-hidden=\"true\">20.00&nbsp;<span class=\"woocommerce-Price-currencySymbol\">&#067;&#072;&#070;<\/span><\/span> <span aria-hidden=\"true\">&ndash;<\/span> <span class=\"woocommerce-Price-amount amount\" aria-hidden=\"true\">40.00&nbsp;<span class=\"woocommerce-Price-currencySymbol\">&#067;&#072;&#070;<\/span><\/span><span class=\"screen-reader-text\">Price range: 20.00&nbsp;&#067;&#072;&#070; through 40.00&nbsp;&#067;&#072;&#070;<\/span><\/div>\n\t\t\t\t\n\t\t\t\t<div class=\"wp-block-button wc-block-grid__product-add-to-cart\"><a href=\"https:\/\/www.leriff.ch\/en\/product\/pollen-cbd-hashish-lemon-kush\/\" aria-label=\"Select options for &ldquo;Hashish - Lemon Kush&rdquo;\" data-quantity=\"1\" data-product_id=\"43805\" data-product_sku=\"\" data-price=\"20\" rel=\"nofollow\" class=\"wp-block-button__link  add_to_cart_button\">Select options<\/a><\/div>\n\t\t\t<\/li><li class=\"wc-block-grid__product\">\n\t\t\t\t<a href=\"https:\/\/www.leriff.ch\/en\/product\/arlequin\/\" class=\"wc-block-grid__product-link\">\n\t\t\t\t\t\n\t\t\t\t\t<div class=\"wc-block-grid__product-image\"><img decoding=\"async\" width=\"1024\" height=\"1024\" src=\"https:\/\/www.leriff.ch\/wp-content\/uploads\/2020\/01\/harlequin-leriff-1024x1024.jpg\" class=\"attachment-woocommerce_thumbnail size-woocommerce_thumbnail\" alt=\"Arlequin | Indoor\" srcset=\"https:\/\/www.leriff.ch\/wp-content\/uploads\/2020\/01\/harlequin-leriff.jpg 1024w, https:\/\/www.leriff.ch\/wp-content\/uploads\/2020\/01\/harlequin-leriff-300x300.jpg 300w, https:\/\/www.leriff.ch\/wp-content\/uploads\/2020\/01\/harlequin-leriff-150x150.jpg 150w, https:\/\/www.leriff.ch\/wp-content\/uploads\/2020\/01\/harlequin-leriff-768x768.jpg 768w, https:\/\/www.leriff.ch\/wp-content\/uploads\/2020\/01\/harlequin-leriff-100x100.jpg 100w\" sizes=\"(max-width: 1024px) 100vw, 1024px\" \/><\/div>\n\t\t\t\t\t<div class=\"wc-block-grid__product-title\">Arlequin | Indoor<\/div>\n\t\t\t\t<\/a>\n\t\t\t\t<div class=\"wc-block-grid__product-price price\"><span class=\"woocommerce-Price-amount amount\" aria-hidden=\"true\">20.00&nbsp;<span class=\"woocommerce-Price-currencySymbol\">&#067;&#072;&#070;<\/span><\/span> <span aria-hidden=\"true\">&ndash;<\/span> <span class=\"woocommerce-Price-amount amount\" aria-hidden=\"true\">50.00&nbsp;<span class=\"woocommerce-Price-currencySymbol\">&#067;&#072;&#070;<\/span><\/span><span class=\"screen-reader-text\">Price range: 20.00&nbsp;&#067;&#072;&#070; through 50.00&nbsp;&#067;&#072;&#070;<\/span><\/div>\n\t\t\t\t<div class=\"wc-block-grid__product-rating\"><div class=\"star-rating\" role=\"img\" aria-label=\"Rated 5.00 out of 5\"><span style=\"width:100%\">Rated <strong class=\"rating\">5.00<\/strong> out of 5 based on <span class=\"rating\">1<\/span> customer rating<\/span><\/div><\/div>\n\t\t\t\t<div class=\"wp-block-button wc-block-grid__product-add-to-cart\"><a href=\"https:\/\/www.leriff.ch\/en\/product\/arlequin\/\" aria-label=\"Select options for &ldquo;Arlequin | Indoor&rdquo;\" data-quantity=\"1\" data-product_id=\"39981\" data-product_sku=\"\" data-price=\"20\" rel=\"nofollow\" class=\"wp-block-button__link  add_to_cart_button\">Select options<\/a><\/div>\n\t\t\t<\/li><li class=\"wc-block-grid__product\">\n\t\t\t\t<a href=\"https:\/\/www.leriff.ch\/en\/product\/icerock\/\" class=\"wc-block-grid__product-link\">\n\t\t\t\t\t\n\t\t\t\t\t<div class=\"wc-block-grid__product-image\"><img decoding=\"async\" width=\"1024\" height=\"1024\" src=\"https:\/\/www.leriff.ch\/wp-content\/uploads\/2020\/11\/icerock-white-moonrock-meteorit-asteroid-fullvue-cbd-suisse-1024x1024.jpg\" class=\"attachment-woocommerce_thumbnail size-woocommerce_thumbnail\" alt=\"ICEROCK fleurs de cbd\" srcset=\"https:\/\/www.leriff.ch\/wp-content\/uploads\/2020\/11\/icerock-white-moonrock-meteorit-asteroid-fullvue-cbd-suisse-scaled.jpg 1024w, https:\/\/www.leriff.ch\/wp-content\/uploads\/2020\/11\/icerock-white-moonrock-meteorit-asteroid-fullvue-cbd-suisse-300x300.jpg 300w, https:\/\/www.leriff.ch\/wp-content\/uploads\/2020\/11\/icerock-white-moonrock-meteorit-asteroid-fullvue-cbd-suisse-150x150.jpg 150w, https:\/\/www.leriff.ch\/wp-content\/uploads\/2020\/11\/icerock-white-moonrock-meteorit-asteroid-fullvue-cbd-suisse-768x768.jpg 768w, https:\/\/www.leriff.ch\/wp-content\/uploads\/2020\/11\/icerock-white-moonrock-meteorit-asteroid-fullvue-cbd-suisse-1536x1536.jpg 1536w, https:\/\/www.leriff.ch\/wp-content\/uploads\/2020\/11\/icerock-white-moonrock-meteorit-asteroid-fullvue-cbd-suisse-100x100.jpg 100w\" sizes=\"(max-width: 1024px) 100vw, 1024px\" \/><\/div>\n\t\t\t\t\t<div class=\"wc-block-grid__product-title\">ICEROCK<\/div>\n\t\t\t\t<\/a>\n\t\t\t\t<div class=\"wc-block-grid__product-price price\"><span class=\"woocommerce-Price-amount amount\" aria-hidden=\"true\">20.00&nbsp;<span class=\"woocommerce-Price-currencySymbol\">&#067;&#072;&#070;<\/span><\/span> <span aria-hidden=\"true\">&ndash;<\/span> <span class=\"woocommerce-Price-amount amount\" aria-hidden=\"true\">40.00&nbsp;<span class=\"woocommerce-Price-currencySymbol\">&#067;&#072;&#070;<\/span><\/span><span class=\"screen-reader-text\">Price range: 20.00&nbsp;&#067;&#072;&#070; through 40.00&nbsp;&#067;&#072;&#070;<\/span><\/div>\n\t\t\t\t\n\t\t\t\t<div class=\"wp-block-button wc-block-grid__product-add-to-cart\"><a href=\"https:\/\/www.leriff.ch\/en\/product\/icerock\/\" aria-label=\"Select options for &ldquo;ICEROCK&rdquo;\" data-quantity=\"1\" data-product_id=\"40524\" data-product_sku=\"\" data-price=\"20\" rel=\"nofollow\" class=\"wp-block-button__link  add_to_cart_button\">Select options<\/a><\/div>\n\t\t\t<\/li><\/ul><\/div>","protected":false},"excerpt":{"rendered":"<p>Wholesale CBD Switzerland CBD oil products CBD wholesale cannabis and derivatives produced in SwitzerlandOur strain is a legal cannabis strain rich in CBD. Buy CBD cannabis at the best price. Discover also our product based on CBD cannabis flowers and CBD Oil. Home delivery in Geneva, postal delivery in the rest of Switzerland. Buy cannabis [&hellip;]<\/p>\n","protected":false},"author":2,"featured_media":0,"parent":0,"menu_order":0,"comment_status":"closed","ping_status":"closed","template":"","meta":{"inline_featured_image":false,"footnotes":""},"class_list":["post-43146","page","type-page","status-publish","hentry"],"yoast_head":"<!-- This site is optimized with the Yoast SEO Premium plugin v25.9 (Yoast SEO v27.4) - https:\/\/yoast.com\/product\/yoast-seo-premium-wordpress\/ -->\n<title>Sale and delivery Geneva CBD Cannabis - Le Riff - Wholesale CBD<\/title>\n<meta name=\"description\" content=\"Discover also our product based on CBD cannabis flowers and CBD Oil. Home delivery in Geneva.\" \/>\n<meta name=\"robots\" content=\"index, follow, max-snippet:-1, max-image-preview:large, max-video-preview:-1\" \/>\n<link rel=\"canonical\" href=\"https:\/\/www.leriff.ch\/en\/sale-and-delivery-geneva-cbd-cannabis\/\" \/>\n<meta property=\"og:locale\" content=\"en_US\" \/>\n<meta property=\"og:type\" content=\"article\" \/>\n<meta property=\"og:title\" content=\"Sale and delivery Geneva CBD Cannabis\" \/>\n<meta property=\"og:description\" content=\"Discover also our product based on CBD cannabis flowers and CBD Oil. Home delivery in Geneva.\" \/>\n<meta property=\"og:url\" content=\"https:\/\/www.leriff.ch\/en\/sale-and-delivery-geneva-cbd-cannabis\/\" \/>\n<meta property=\"og:site_name\" content=\"Le Riff\" \/>\n<meta property=\"article:publisher\" content=\"https:\/\/www.facebook.com\/Leriff.ch\" \/>\n<meta property=\"article:modified_time\" content=\"2022-05-22T09:38:01+00:00\" \/>\n<meta property=\"og:image\" content=\"https:\/\/www.leriff.ch\/wp-content\/uploads\/2020\/04\/huile-cbd-evetica-5-10-20-30.jpg\" \/>\n<meta name=\"twitter:card\" content=\"summary_large_image\" \/>\n<meta name=\"twitter:label1\" content=\"Est. reading time\" \/>\n\t<meta name=\"twitter:data1\" content=\"1 minute\" \/>\n<script type=\"application\/ld+json\" class=\"yoast-schema-graph\">{\"@context\":\"https:\\\/\\\/schema.org\",\"@graph\":[{\"@type\":\"WebPage\",\"@id\":\"https:\\\/\\\/www.leriff.ch\\\/en\\\/sale-and-delivery-geneva-cbd-cannabis\\\/\",\"url\":\"https:\\\/\\\/www.leriff.ch\\\/en\\\/sale-and-delivery-geneva-cbd-cannabis\\\/\",\"name\":\"Sale and delivery Geneva CBD Cannabis - Le Riff - Wholesale CBD\",\"isPartOf\":{\"@id\":\"https:\\\/\\\/www.leriff.ch\\\/en\\\/#website\"},\"primaryImageOfPage\":{\"@id\":\"https:\\\/\\\/www.leriff.ch\\\/en\\\/sale-and-delivery-geneva-cbd-cannabis\\\/#primaryimage\"},\"image\":{\"@id\":\"https:\\\/\\\/www.leriff.ch\\\/en\\\/sale-and-delivery-geneva-cbd-cannabis\\\/#primaryimage\"},\"thumbnailUrl\":\"https:\\\/\\\/www.leriff.ch\\\/wp-content\\\/uploads\\\/2020\\\/03\\\/fraise-leriff.ch_-150x150.jpg\",\"datePublished\":\"2022-05-22T09:38:00+00:00\",\"dateModified\":\"2022-05-22T09:38:01+00:00\",\"description\":\"Discover also our product based on CBD cannabis flowers and CBD Oil. Home delivery in Geneva.\",\"breadcrumb\":{\"@id\":\"https:\\\/\\\/www.leriff.ch\\\/en\\\/sale-and-delivery-geneva-cbd-cannabis\\\/#breadcrumb\"},\"inLanguage\":\"en-US\",\"potentialAction\":[{\"@type\":\"ReadAction\",\"target\":[\"https:\\\/\\\/www.leriff.ch\\\/en\\\/sale-and-delivery-geneva-cbd-cannabis\\\/\"]}]},{\"@type\":\"ImageObject\",\"inLanguage\":\"en-US\",\"@id\":\"https:\\\/\\\/www.leriff.ch\\\/en\\\/sale-and-delivery-geneva-cbd-cannabis\\\/#primaryimage\",\"url\":\"https:\\\/\\\/www.leriff.ch\\\/wp-content\\\/uploads\\\/2020\\\/03\\\/fraise-leriff.ch_-150x150.jpg\",\"contentUrl\":\"https:\\\/\\\/www.leriff.ch\\\/wp-content\\\/uploads\\\/2020\\\/03\\\/fraise-leriff.ch_-150x150.jpg\"},{\"@type\":\"BreadcrumbList\",\"@id\":\"https:\\\/\\\/www.leriff.ch\\\/en\\\/sale-and-delivery-geneva-cbd-cannabis\\\/#breadcrumb\",\"itemListElement\":[{\"@type\":\"ListItem\",\"position\":1,\"name\":\"Accueil\",\"item\":\"https:\\\/\\\/www.leriff.ch\\\/en\\\/\"},{\"@type\":\"ListItem\",\"position\":2,\"name\":\"Sale and delivery Geneva CBD Cannabis\"}]},{\"@type\":\"WebSite\",\"@id\":\"https:\\\/\\\/www.leriff.ch\\\/en\\\/#website\",\"url\":\"https:\\\/\\\/www.leriff.ch\\\/en\\\/\",\"name\":\"Le Riff\",\"description\":\"Fleurs de Cannabis CBD\",\"publisher\":{\"@id\":\"https:\\\/\\\/www.leriff.ch\\\/en\\\/#organization\"},\"potentialAction\":[{\"@type\":\"SearchAction\",\"target\":{\"@type\":\"EntryPoint\",\"urlTemplate\":\"https:\\\/\\\/www.leriff.ch\\\/en\\\/?s={search_term_string}\"},\"query-input\":{\"@type\":\"PropertyValueSpecification\",\"valueRequired\":true,\"valueName\":\"search_term_string\"}}],\"inLanguage\":\"en-US\"},{\"@type\":\"Organization\",\"@id\":\"https:\\\/\\\/www.leriff.ch\\\/en\\\/#organization\",\"name\":\"le riff\",\"url\":\"https:\\\/\\\/www.leriff.ch\\\/en\\\/\",\"logo\":{\"@type\":\"ImageObject\",\"inLanguage\":\"en-US\",\"@id\":\"https:\\\/\\\/www.leriff.ch\\\/en\\\/#\\\/schema\\\/logo\\\/image\\\/\",\"url\":\"https:\\\/\\\/www.leriff.ch\\\/wp-content\\\/uploads\\\/2019\\\/10\\\/logo_carre.png\",\"contentUrl\":\"https:\\\/\\\/www.leriff.ch\\\/wp-content\\\/uploads\\\/2019\\\/10\\\/logo_carre.png\",\"width\":130,\"height\":130,\"caption\":\"le riff\"},\"image\":{\"@id\":\"https:\\\/\\\/www.leriff.ch\\\/en\\\/#\\\/schema\\\/logo\\\/image\\\/\"},\"sameAs\":[\"https:\\\/\\\/www.facebook.com\\\/Leriff.ch\"]}]}<\/script>\n<!-- \/ Yoast SEO Premium plugin. -->","yoast_head_json":{"title":"Sale and delivery Geneva CBD Cannabis - Le Riff - Wholesale CBD","description":"Discover also our product based on CBD cannabis flowers and CBD Oil. Home delivery in Geneva.","robots":{"index":"index","follow":"follow","max-snippet":"max-snippet:-1","max-image-preview":"max-image-preview:large","max-video-preview":"max-video-preview:-1"},"canonical":"https:\/\/www.leriff.ch\/en\/sale-and-delivery-geneva-cbd-cannabis\/","og_locale":"en_US","og_type":"article","og_title":"Sale and delivery Geneva CBD Cannabis","og_description":"Discover also our product based on CBD cannabis flowers and CBD Oil. Home delivery in Geneva.","og_url":"https:\/\/www.leriff.ch\/en\/sale-and-delivery-geneva-cbd-cannabis\/","og_site_name":"Le Riff","article_publisher":"https:\/\/www.facebook.com\/Leriff.ch","article_modified_time":"2022-05-22T09:38:01+00:00","og_image":[{"url":"https:\/\/www.leriff.ch\/wp-content\/uploads\/2020\/04\/huile-cbd-evetica-5-10-20-30.jpg","type":"","width":"","height":""}],"twitter_card":"summary_large_image","twitter_misc":{"Est. reading time":"1 minute"},"schema":{"@context":"https:\/\/schema.org","@graph":[{"@type":"WebPage","@id":"https:\/\/www.leriff.ch\/en\/sale-and-delivery-geneva-cbd-cannabis\/","url":"https:\/\/www.leriff.ch\/en\/sale-and-delivery-geneva-cbd-cannabis\/","name":"Sale and delivery Geneva CBD Cannabis - Le Riff - Wholesale CBD","isPartOf":{"@id":"https:\/\/www.leriff.ch\/en\/#website"},"primaryImageOfPage":{"@id":"https:\/\/www.leriff.ch\/en\/sale-and-delivery-geneva-cbd-cannabis\/#primaryimage"},"image":{"@id":"https:\/\/www.leriff.ch\/en\/sale-and-delivery-geneva-cbd-cannabis\/#primaryimage"},"thumbnailUrl":"https:\/\/www.leriff.ch\/wp-content\/uploads\/2020\/03\/fraise-leriff.ch_-150x150.jpg","datePublished":"2022-05-22T09:38:00+00:00","dateModified":"2022-05-22T09:38:01+00:00","description":"Discover also our product based on CBD cannabis flowers and CBD Oil. Home delivery in Geneva.","breadcrumb":{"@id":"https:\/\/www.leriff.ch\/en\/sale-and-delivery-geneva-cbd-cannabis\/#breadcrumb"},"inLanguage":"en-US","potentialAction":[{"@type":"ReadAction","target":["https:\/\/www.leriff.ch\/en\/sale-and-delivery-geneva-cbd-cannabis\/"]}]},{"@type":"ImageObject","inLanguage":"en-US","@id":"https:\/\/www.leriff.ch\/en\/sale-and-delivery-geneva-cbd-cannabis\/#primaryimage","url":"https:\/\/www.leriff.ch\/wp-content\/uploads\/2020\/03\/fraise-leriff.ch_-150x150.jpg","contentUrl":"https:\/\/www.leriff.ch\/wp-content\/uploads\/2020\/03\/fraise-leriff.ch_-150x150.jpg"},{"@type":"BreadcrumbList","@id":"https:\/\/www.leriff.ch\/en\/sale-and-delivery-geneva-cbd-cannabis\/#breadcrumb","itemListElement":[{"@type":"ListItem","position":1,"name":"Accueil","item":"https:\/\/www.leriff.ch\/en\/"},{"@type":"ListItem","position":2,"name":"Sale and delivery Geneva CBD Cannabis"}]},{"@type":"WebSite","@id":"https:\/\/www.leriff.ch\/en\/#website","url":"https:\/\/www.leriff.ch\/en\/","name":"Le Riff","description":"Fleurs de Cannabis CBD","publisher":{"@id":"https:\/\/www.leriff.ch\/en\/#organization"},"potentialAction":[{"@type":"SearchAction","target":{"@type":"EntryPoint","urlTemplate":"https:\/\/www.leriff.ch\/en\/?s={search_term_string}"},"query-input":{"@type":"PropertyValueSpecification","valueRequired":true,"valueName":"search_term_string"}}],"inLanguage":"en-US"},{"@type":"Organization","@id":"https:\/\/www.leriff.ch\/en\/#organization","name":"le riff","url":"https:\/\/www.leriff.ch\/en\/","logo":{"@type":"ImageObject","inLanguage":"en-US","@id":"https:\/\/www.leriff.ch\/en\/#\/schema\/logo\/image\/","url":"https:\/\/www.leriff.ch\/wp-content\/uploads\/2019\/10\/logo_carre.png","contentUrl":"https:\/\/www.leriff.ch\/wp-content\/uploads\/2019\/10\/logo_carre.png","width":130,"height":130,"caption":"le riff"},"image":{"@id":"https:\/\/www.leriff.ch\/en\/#\/schema\/logo\/image\/"},"sameAs":["https:\/\/www.facebook.com\/Leriff.ch"]}]}},"_links":{"self":[{"href":"https:\/\/www.leriff.ch\/en\/wp-json\/wp\/v2\/pages\/43146","targetHints":{"allow":["GET"]}}],"collection":[{"href":"https:\/\/www.leriff.ch\/en\/wp-json\/wp\/v2\/pages"}],"about":[{"href":"https:\/\/www.leriff.ch\/en\/wp-json\/wp\/v2\/types\/page"}],"author":[{"embeddable":true,"href":"https:\/\/www.leriff.ch\/en\/wp-json\/wp\/v2\/users\/2"}],"replies":[{"embeddable":true,"href":"https:\/\/www.leriff.ch\/en\/wp-json\/wp\/v2\/comments?post=43146"}],"version-history":[{"count":1,"href":"https:\/\/www.leriff.ch\/en\/wp-json\/wp\/v2\/pages\/43146\/revisions"}],"predecessor-version":[{"id":43147,"href":"https:\/\/www.leriff.ch\/en\/wp-json\/wp\/v2\/pages\/43146\/revisions\/43147"}],"wp:attachment":[{"href":"https:\/\/www.leriff.ch\/en\/wp-json\/wp\/v2\/media?parent=43146"}],"curies":[{"name":"wp","href":"https:\/\/api.w.org\/{rel}","templated":true}]}}