{"id":43209,"date":"2022-05-24T12:31:49","date_gmt":"2022-05-24T10:31:49","guid":{"rendered":"https:\/\/www.leriff.ch\/how-to-buy-cbd-cannabis-in-geneva\/"},"modified":"2022-05-24T12:31:50","modified_gmt":"2022-05-24T10:31:50","slug":"how-to-buy-cbd-cannabis-in-geneva","status":"publish","type":"page","link":"https:\/\/www.leriff.ch\/en\/how-to-buy-cbd-cannabis-in-geneva\/","title":{"rendered":"How to buy CBD cannabis in Geneva?"},"content":{"rendered":"<blockquote>\n<p><span class=\"st\"><em>CBD Switzerland Point of Sale!<br \/><\/em><\/span><\/p>\n<\/blockquote>\n<p><span title=\"Our products \"><strong>Our CBD products<\/strong> Geneva<br \/><\/span><span class=\"\" lang=\"fr\"><span title=\"Our brand \"><a href=\"https:\/\/www.leriff.ch\/en\/product\/arlequin\/\"><img decoding=\"async\" class=\"alignright wp-image-7272 size-thumbnail\" title=\"Arlequin- Cannabis CBD flowers Geneva\" src=\"https:\/\/www.leriff.ch\/wp-content\/uploads\/2020\/03\/cannatonic-leriff.ch_-150x150.jpg\" alt=\"\" width=\"150\" height=\"150\" srcset=\"https:\/\/www.leriff.ch\/wp-content\/uploads\/2020\/03\/cannatonic-leriff.ch_-150x150.jpg 150w, https:\/\/www.leriff.ch\/wp-content\/uploads\/2020\/03\/cannatonic-leriff.ch_-300x300.jpg 300w, https:\/\/www.leriff.ch\/wp-content\/uploads\/2020\/03\/cannatonic-leriff.ch_-scaled.jpg 1024w, https:\/\/www.leriff.ch\/wp-content\/uploads\/2020\/03\/cannatonic-leriff.ch_-768x768.jpg 768w, https:\/\/www.leriff.ch\/wp-content\/uploads\/2020\/03\/cannatonic-leriff.ch_-1536x1536.jpg 1536w, https:\/\/www.leriff.ch\/wp-content\/uploads\/2020\/03\/cannatonic-leriff.ch_-100x100.jpg 100w\" sizes=\"(max-width: 150px) 100vw, 150px\" \/><\/a><\/span><\/span><span class=\"s1\">Our cbd cannabis is guaranteed <em>100% Swiss Made<\/em> with a THC content of less than 1% and a <em>CBD<\/em> content of 14% to 20% depending on the harvest with certification by an approved laboratory. We want maximum transparency on our products.<br \/><\/span><span class=\"s1\">Cultivated on the lands of Seeland in the purest tradition of Swiss hemp growers, our cannabis is organic and comes from agriculture that respects the environment.<\/span><strong><span class=\"s1\"><br \/><\/span><\/strong><\/p>\n<p class=\"p1\"><span class=\"s1\"><b>Our raw material<br \/><\/b><\/span>Chez <em>Le Riff<\/em> we work exclusively with local producers who perpetuate the Swiss tradition of hemp cultivation in order to provide you with a high quality plant rich in<em>CBD<\/em>.<\/p>\n<p class=\"p1\"><span class=\"s1\"><b>Our charter<br \/><\/b><\/span>Tests are carried out throughout the production and manufacturing processes to ensure compliance with standards <em>Swiss quality<\/em>.<\/p>\n<p><b><a href=\"https:\/\/www.leriff.ch\/en\/product\/arlequin\/\"><img decoding=\"async\" class=\"alignleft wp-image-7216 size-thumbnail\" title=\"Harlequin\/Cannabis flowers - LeRiff - CBD Gen\u00e8ve\" src=\"https:\/\/www.leriff.ch\/wp-content\/uploads\/2020\/01\/105x148-ARLEQUIN-50CHF-150x150.jpg\" alt=\"\" width=\"150\" height=\"150\" srcset=\"https:\/\/www.leriff.ch\/wp-content\/uploads\/2020\/01\/105x148-ARLEQUIN-50CHF-150x150.jpg 150w, https:\/\/www.leriff.ch\/wp-content\/uploads\/2020\/01\/105x148-ARLEQUIN-50CHF-100x100.jpg 100w\" sizes=\"(max-width: 150px) 100vw, 150px\" \/><\/a><\/b><span class=\"s1\">Our cbd cannabis is 100% organic, grown without pesticides or chemical fertilizers. We have opted for greenhouse cultivation to reduce our carbon footprint and guarantee optimal plant growth all year round.<br \/><\/span><span class=\"s1\">Our passionate farmers work to produce the best cannabis while respecting the environment. <\/span><\/p>\n<p class=\"p1\"><span class=\"s1\"><b>Buy CBD cannabis in Geneva<br \/><\/b><\/span>From packaging to by-products, we work with local companies to guarantee the traceability of our products and offer you the best that Switzerland has to offer!<\/p><\/p>\n\n<div class=\"wp-block-columns is-layout-flex wp-container-core-columns-is-layout-9d6595d7 wp-block-columns-is-layout-flex\">\n<div class=\"wp-block-column is-layout-flow wp-block-column-is-layout-flow\">\n<p>\u00a0<\/p>\n<\/div>\n\n\n\n<div class=\"wp-block-column is-layout-flow wp-block-column-is-layout-flow\">\n<p>\u00a0<\/p>\n<\/div>\n<\/div>\n<div data-align-buttons=\"true\" data-block-name=\"woocommerce\/product-best-sellers\" data-content-visibility=\"{&quot;title&quot;:true,&quot;price&quot;:true,&quot;rating&quot;:true,&quot;button&quot;:true}\" data-rows=\"1\" class=\"wc-block-grid wp-block-product-best-sellers wp-block-woocommerce-product-best-sellers wc-block-product-best-sellers has-3-columns has-aligned-buttons\"><ul class=\"wc-block-grid__products\"><li class=\"wc-block-grid__product\">\n\t\t\t\t<a href=\"https:\/\/www.leriff.ch\/en\/product\/pollen-cbd-hashish-lemon-kush\/\" class=\"wc-block-grid__product-link\">\n\t\t\t\t\t\n\t\t\t\t\t<div class=\"wc-block-grid__product-image\"><img decoding=\"async\" width=\"1024\" height=\"1024\" src=\"https:\/\/www.leriff.ch\/wp-content\/uploads\/2023\/04\/pollen-Lemon-Kush-cbd-leriff-1024x1024.jpg\" class=\"attachment-woocommerce_thumbnail size-woocommerce_thumbnail\" alt=\"Lorsqu&#039;il est consomm\u00e9, le hashish Lemon Kush CBD peut produire un effet relaxant et apaisant tout en r\u00e9duisant l&#039;anxi\u00e9t\u00e9, la douleur et l&#039;inflammation. De plus, la vari\u00e9t\u00e9 Lemon Kush est \u00e9galement riche en limon\u00e8ne, un terp\u00e8ne qui est responsable de son ar\u00f4me citronn\u00e9 et qui peut contribuer \u00e0 am\u00e9liorer l&#039;humeur et r\u00e9duire le stress.\" srcset=\"https:\/\/www.leriff.ch\/wp-content\/uploads\/2023\/04\/pollen-Lemon-Kush-cbd-leriff-1024x1024.jpg 1024w, https:\/\/www.leriff.ch\/wp-content\/uploads\/2023\/04\/pollen-Lemon-Kush-cbd-leriff-300x300.jpg 300w, https:\/\/www.leriff.ch\/wp-content\/uploads\/2023\/04\/pollen-Lemon-Kush-cbd-leriff-150x150.jpg 150w, https:\/\/www.leriff.ch\/wp-content\/uploads\/2023\/04\/pollen-Lemon-Kush-cbd-leriff-768x768.jpg 768w, https:\/\/www.leriff.ch\/wp-content\/uploads\/2023\/04\/pollen-Lemon-Kush-cbd-leriff-100x100.jpg 100w, https:\/\/www.leriff.ch\/wp-content\/uploads\/2023\/04\/pollen-Lemon-Kush-cbd-leriff.jpg 1200w\" sizes=\"(max-width: 1024px) 100vw, 1024px\" \/><\/div>\n\t\t\t\t\t<div class=\"wc-block-grid__product-title\">Hashish &#8211; Lemon Kush<\/div>\n\t\t\t\t<\/a>\n\t\t\t\t<div class=\"wc-block-grid__product-price price\"><span class=\"woocommerce-Price-amount amount\" aria-hidden=\"true\">20.00&nbsp;<span class=\"woocommerce-Price-currencySymbol\">&#067;&#072;&#070;<\/span><\/span> <span aria-hidden=\"true\">&ndash;<\/span> <span class=\"woocommerce-Price-amount amount\" aria-hidden=\"true\">40.00&nbsp;<span class=\"woocommerce-Price-currencySymbol\">&#067;&#072;&#070;<\/span><\/span><span class=\"screen-reader-text\">Price range: 20.00&nbsp;&#067;&#072;&#070; through 40.00&nbsp;&#067;&#072;&#070;<\/span><\/div>\n\t\t\t\t\n\t\t\t\t<div class=\"wp-block-button wc-block-grid__product-add-to-cart\"><a href=\"https:\/\/www.leriff.ch\/en\/product\/pollen-cbd-hashish-lemon-kush\/\" aria-label=\"Select options for &ldquo;Hashish - Lemon Kush&rdquo;\" data-quantity=\"1\" data-product_id=\"43805\" data-product_sku=\"\" data-price=\"20\" rel=\"nofollow\" class=\"wp-block-button__link  add_to_cart_button\">Select options<\/a><\/div>\n\t\t\t<\/li><li class=\"wc-block-grid__product\">\n\t\t\t\t<a href=\"https:\/\/www.leriff.ch\/en\/product\/arlequin\/\" class=\"wc-block-grid__product-link\">\n\t\t\t\t\t\n\t\t\t\t\t<div class=\"wc-block-grid__product-image\"><img decoding=\"async\" width=\"1024\" height=\"1024\" src=\"https:\/\/www.leriff.ch\/wp-content\/uploads\/2020\/01\/harlequin-leriff-1024x1024.jpg\" class=\"attachment-woocommerce_thumbnail size-woocommerce_thumbnail\" alt=\"Arlequin | Indoor\" srcset=\"https:\/\/www.leriff.ch\/wp-content\/uploads\/2020\/01\/harlequin-leriff.jpg 1024w, https:\/\/www.leriff.ch\/wp-content\/uploads\/2020\/01\/harlequin-leriff-300x300.jpg 300w, https:\/\/www.leriff.ch\/wp-content\/uploads\/2020\/01\/harlequin-leriff-150x150.jpg 150w, https:\/\/www.leriff.ch\/wp-content\/uploads\/2020\/01\/harlequin-leriff-768x768.jpg 768w, https:\/\/www.leriff.ch\/wp-content\/uploads\/2020\/01\/harlequin-leriff-100x100.jpg 100w\" sizes=\"(max-width: 1024px) 100vw, 1024px\" \/><\/div>\n\t\t\t\t\t<div class=\"wc-block-grid__product-title\">Arlequin | Indoor<\/div>\n\t\t\t\t<\/a>\n\t\t\t\t<div class=\"wc-block-grid__product-price price\"><span class=\"woocommerce-Price-amount amount\" aria-hidden=\"true\">20.00&nbsp;<span class=\"woocommerce-Price-currencySymbol\">&#067;&#072;&#070;<\/span><\/span> <span aria-hidden=\"true\">&ndash;<\/span> <span class=\"woocommerce-Price-amount amount\" aria-hidden=\"true\">50.00&nbsp;<span class=\"woocommerce-Price-currencySymbol\">&#067;&#072;&#070;<\/span><\/span><span class=\"screen-reader-text\">Price range: 20.00&nbsp;&#067;&#072;&#070; through 50.00&nbsp;&#067;&#072;&#070;<\/span><\/div>\n\t\t\t\t<div class=\"wc-block-grid__product-rating\"><div class=\"star-rating\" role=\"img\" aria-label=\"Rated 5.00 out of 5\"><span style=\"width:100%\">Rated <strong class=\"rating\">5.00<\/strong> out of 5 based on <span class=\"rating\">1<\/span> customer rating<\/span><\/div><\/div>\n\t\t\t\t<div class=\"wp-block-button wc-block-grid__product-add-to-cart\"><a href=\"https:\/\/www.leriff.ch\/en\/product\/arlequin\/\" aria-label=\"Select options for &ldquo;Arlequin | Indoor&rdquo;\" data-quantity=\"1\" data-product_id=\"39981\" data-product_sku=\"\" data-price=\"20\" rel=\"nofollow\" class=\"wp-block-button__link  add_to_cart_button\">Select options<\/a><\/div>\n\t\t\t<\/li><li class=\"wc-block-grid__product\">\n\t\t\t\t<a href=\"https:\/\/www.leriff.ch\/en\/product\/icerock\/\" class=\"wc-block-grid__product-link\">\n\t\t\t\t\t\n\t\t\t\t\t<div class=\"wc-block-grid__product-image\"><img decoding=\"async\" width=\"1024\" height=\"1024\" src=\"https:\/\/www.leriff.ch\/wp-content\/uploads\/2020\/11\/icerock-white-moonrock-meteorit-asteroid-fullvue-cbd-suisse-1024x1024.jpg\" class=\"attachment-woocommerce_thumbnail size-woocommerce_thumbnail\" alt=\"ICEROCK fleurs de cbd\" srcset=\"https:\/\/www.leriff.ch\/wp-content\/uploads\/2020\/11\/icerock-white-moonrock-meteorit-asteroid-fullvue-cbd-suisse-scaled.jpg 1024w, https:\/\/www.leriff.ch\/wp-content\/uploads\/2020\/11\/icerock-white-moonrock-meteorit-asteroid-fullvue-cbd-suisse-300x300.jpg 300w, https:\/\/www.leriff.ch\/wp-content\/uploads\/2020\/11\/icerock-white-moonrock-meteorit-asteroid-fullvue-cbd-suisse-150x150.jpg 150w, https:\/\/www.leriff.ch\/wp-content\/uploads\/2020\/11\/icerock-white-moonrock-meteorit-asteroid-fullvue-cbd-suisse-768x768.jpg 768w, https:\/\/www.leriff.ch\/wp-content\/uploads\/2020\/11\/icerock-white-moonrock-meteorit-asteroid-fullvue-cbd-suisse-1536x1536.jpg 1536w, https:\/\/www.leriff.ch\/wp-content\/uploads\/2020\/11\/icerock-white-moonrock-meteorit-asteroid-fullvue-cbd-suisse-100x100.jpg 100w\" sizes=\"(max-width: 1024px) 100vw, 1024px\" \/><\/div>\n\t\t\t\t\t<div class=\"wc-block-grid__product-title\">ICEROCK<\/div>\n\t\t\t\t<\/a>\n\t\t\t\t<div class=\"wc-block-grid__product-price price\"><span class=\"woocommerce-Price-amount amount\" aria-hidden=\"true\">20.00&nbsp;<span class=\"woocommerce-Price-currencySymbol\">&#067;&#072;&#070;<\/span><\/span> <span aria-hidden=\"true\">&ndash;<\/span> <span class=\"woocommerce-Price-amount amount\" aria-hidden=\"true\">40.00&nbsp;<span class=\"woocommerce-Price-currencySymbol\">&#067;&#072;&#070;<\/span><\/span><span class=\"screen-reader-text\">Price range: 20.00&nbsp;&#067;&#072;&#070; through 40.00&nbsp;&#067;&#072;&#070;<\/span><\/div>\n\t\t\t\t\n\t\t\t\t<div class=\"wp-block-button wc-block-grid__product-add-to-cart\"><a href=\"https:\/\/www.leriff.ch\/en\/product\/icerock\/\" aria-label=\"Select options for &ldquo;ICEROCK&rdquo;\" data-quantity=\"1\" data-product_id=\"40524\" data-product_sku=\"\" data-price=\"20\" rel=\"nofollow\" class=\"wp-block-button__link  add_to_cart_button\">Select options<\/a><\/div>\n\t\t\t<\/li><\/ul><\/div>","protected":false},"excerpt":{"rendered":"<p>CBD Switzerland Point of Sale! Our CBD products GenevaOur cbd cannabis is guaranteed 100% Swiss Made with a THC content of less than 1% and a CBD content of 14% to 20% depending on the harvest with certification by an approved laboratory. We want maximum transparency on our products.Cultivated on the lands of Seeland in [&hellip;]<\/p>\n","protected":false},"author":2,"featured_media":0,"parent":0,"menu_order":0,"comment_status":"closed","ping_status":"closed","template":"","meta":{"inline_featured_image":false,"footnotes":""},"class_list":["post-43209","page","type-page","status-publish","hentry"],"yoast_head":"<!-- This site is optimized with the Yoast SEO Premium plugin v25.9 (Yoast SEO v27.4) - https:\/\/yoast.com\/product\/yoast-seo-premium-wordpress\/ -->\n<title>How to buy CBD cannabis in Geneva? - CBD Wholesale - Le Riff<\/title>\n<meta name=\"description\" content=\"CBD Geneva delivery flowers Switzerland: Our cannabis flowers and CBD oils are guaranteed Swiss Made with laboratory certification.\" \/>\n<meta name=\"robots\" content=\"index, follow, max-snippet:-1, max-image-preview:large, max-video-preview:-1\" \/>\n<link rel=\"canonical\" href=\"https:\/\/www.leriff.ch\/en\/how-to-buy-cbd-cannabis-in-geneva\/\" \/>\n<meta property=\"og:locale\" content=\"en_US\" \/>\n<meta property=\"og:type\" content=\"article\" \/>\n<meta property=\"og:title\" content=\"How to buy CBD cannabis in Geneva?\" \/>\n<meta property=\"og:description\" content=\"CBD Geneva delivery flowers Switzerland: Our cannabis flowers and CBD oils are guaranteed Swiss Made with laboratory certification.\" \/>\n<meta property=\"og:url\" content=\"https:\/\/www.leriff.ch\/en\/how-to-buy-cbd-cannabis-in-geneva\/\" \/>\n<meta property=\"og:site_name\" content=\"Le Riff\" \/>\n<meta property=\"article:publisher\" content=\"https:\/\/www.facebook.com\/Leriff.ch\" \/>\n<meta property=\"article:modified_time\" content=\"2022-05-24T10:31:50+00:00\" \/>\n<meta property=\"og:image\" content=\"https:\/\/www.leriff.ch\/wp-content\/uploads\/2020\/03\/cheese-leriff.ch_-scaled.jpg\" \/>\n<meta name=\"twitter:card\" content=\"summary_large_image\" \/>\n<meta name=\"twitter:label1\" content=\"Est. reading time\" \/>\n\t<meta name=\"twitter:data1\" content=\"1 minute\" \/>\n<script type=\"application\/ld+json\" class=\"yoast-schema-graph\">{\"@context\":\"https:\\\/\\\/schema.org\",\"@graph\":[{\"@type\":\"WebPage\",\"@id\":\"https:\\\/\\\/www.leriff.ch\\\/en\\\/how-to-buy-cbd-cannabis-in-geneva\\\/\",\"url\":\"https:\\\/\\\/www.leriff.ch\\\/en\\\/how-to-buy-cbd-cannabis-in-geneva\\\/\",\"name\":\"How to buy CBD cannabis in Geneva? - CBD Wholesale - Le Riff\",\"isPartOf\":{\"@id\":\"https:\\\/\\\/www.leriff.ch\\\/en\\\/#website\"},\"primaryImageOfPage\":{\"@id\":\"https:\\\/\\\/www.leriff.ch\\\/en\\\/how-to-buy-cbd-cannabis-in-geneva\\\/#primaryimage\"},\"image\":{\"@id\":\"https:\\\/\\\/www.leriff.ch\\\/en\\\/how-to-buy-cbd-cannabis-in-geneva\\\/#primaryimage\"},\"thumbnailUrl\":\"https:\\\/\\\/www.leriff.ch\\\/wp-content\\\/uploads\\\/2020\\\/03\\\/cannatonic-leriff.ch_-150x150.jpg\",\"datePublished\":\"2022-05-24T10:31:49+00:00\",\"dateModified\":\"2022-05-24T10:31:50+00:00\",\"description\":\"CBD Geneva delivery flowers Switzerland: Our cannabis flowers and CBD oils are guaranteed Swiss Made with laboratory certification.\",\"breadcrumb\":{\"@id\":\"https:\\\/\\\/www.leriff.ch\\\/en\\\/how-to-buy-cbd-cannabis-in-geneva\\\/#breadcrumb\"},\"inLanguage\":\"en-US\",\"potentialAction\":[{\"@type\":\"ReadAction\",\"target\":[\"https:\\\/\\\/www.leriff.ch\\\/en\\\/how-to-buy-cbd-cannabis-in-geneva\\\/\"]}]},{\"@type\":\"ImageObject\",\"inLanguage\":\"en-US\",\"@id\":\"https:\\\/\\\/www.leriff.ch\\\/en\\\/how-to-buy-cbd-cannabis-in-geneva\\\/#primaryimage\",\"url\":\"https:\\\/\\\/www.leriff.ch\\\/wp-content\\\/uploads\\\/2020\\\/03\\\/cannatonic-leriff.ch_-150x150.jpg\",\"contentUrl\":\"https:\\\/\\\/www.leriff.ch\\\/wp-content\\\/uploads\\\/2020\\\/03\\\/cannatonic-leriff.ch_-150x150.jpg\"},{\"@type\":\"BreadcrumbList\",\"@id\":\"https:\\\/\\\/www.leriff.ch\\\/en\\\/how-to-buy-cbd-cannabis-in-geneva\\\/#breadcrumb\",\"itemListElement\":[{\"@type\":\"ListItem\",\"position\":1,\"name\":\"Accueil\",\"item\":\"https:\\\/\\\/www.leriff.ch\\\/en\\\/\"},{\"@type\":\"ListItem\",\"position\":2,\"name\":\"How to buy CBD cannabis in Geneva?\"}]},{\"@type\":\"WebSite\",\"@id\":\"https:\\\/\\\/www.leriff.ch\\\/en\\\/#website\",\"url\":\"https:\\\/\\\/www.leriff.ch\\\/en\\\/\",\"name\":\"Le Riff\",\"description\":\"Fleurs de Cannabis CBD\",\"publisher\":{\"@id\":\"https:\\\/\\\/www.leriff.ch\\\/en\\\/#organization\"},\"potentialAction\":[{\"@type\":\"SearchAction\",\"target\":{\"@type\":\"EntryPoint\",\"urlTemplate\":\"https:\\\/\\\/www.leriff.ch\\\/en\\\/?s={search_term_string}\"},\"query-input\":{\"@type\":\"PropertyValueSpecification\",\"valueRequired\":true,\"valueName\":\"search_term_string\"}}],\"inLanguage\":\"en-US\"},{\"@type\":\"Organization\",\"@id\":\"https:\\\/\\\/www.leriff.ch\\\/en\\\/#organization\",\"name\":\"le riff\",\"url\":\"https:\\\/\\\/www.leriff.ch\\\/en\\\/\",\"logo\":{\"@type\":\"ImageObject\",\"inLanguage\":\"en-US\",\"@id\":\"https:\\\/\\\/www.leriff.ch\\\/en\\\/#\\\/schema\\\/logo\\\/image\\\/\",\"url\":\"https:\\\/\\\/www.leriff.ch\\\/wp-content\\\/uploads\\\/2019\\\/10\\\/logo_carre.png\",\"contentUrl\":\"https:\\\/\\\/www.leriff.ch\\\/wp-content\\\/uploads\\\/2019\\\/10\\\/logo_carre.png\",\"width\":130,\"height\":130,\"caption\":\"le riff\"},\"image\":{\"@id\":\"https:\\\/\\\/www.leriff.ch\\\/en\\\/#\\\/schema\\\/logo\\\/image\\\/\"},\"sameAs\":[\"https:\\\/\\\/www.facebook.com\\\/Leriff.ch\"]}]}<\/script>\n<!-- \/ Yoast SEO Premium plugin. -->","yoast_head_json":{"title":"How to buy CBD cannabis in Geneva? - CBD Wholesale - Le Riff","description":"CBD Geneva delivery flowers Switzerland: Our cannabis flowers and CBD oils are guaranteed Swiss Made with laboratory certification.","robots":{"index":"index","follow":"follow","max-snippet":"max-snippet:-1","max-image-preview":"max-image-preview:large","max-video-preview":"max-video-preview:-1"},"canonical":"https:\/\/www.leriff.ch\/en\/how-to-buy-cbd-cannabis-in-geneva\/","og_locale":"en_US","og_type":"article","og_title":"How to buy CBD cannabis in Geneva?","og_description":"CBD Geneva delivery flowers Switzerland: Our cannabis flowers and CBD oils are guaranteed Swiss Made with laboratory certification.","og_url":"https:\/\/www.leriff.ch\/en\/how-to-buy-cbd-cannabis-in-geneva\/","og_site_name":"Le Riff","article_publisher":"https:\/\/www.facebook.com\/Leriff.ch","article_modified_time":"2022-05-24T10:31:50+00:00","og_image":[{"url":"https:\/\/www.leriff.ch\/wp-content\/uploads\/2020\/03\/cheese-leriff.ch_-scaled.jpg","type":"","width":"","height":""}],"twitter_card":"summary_large_image","twitter_misc":{"Est. reading time":"1 minute"},"schema":{"@context":"https:\/\/schema.org","@graph":[{"@type":"WebPage","@id":"https:\/\/www.leriff.ch\/en\/how-to-buy-cbd-cannabis-in-geneva\/","url":"https:\/\/www.leriff.ch\/en\/how-to-buy-cbd-cannabis-in-geneva\/","name":"How to buy CBD cannabis in Geneva? - CBD Wholesale - Le Riff","isPartOf":{"@id":"https:\/\/www.leriff.ch\/en\/#website"},"primaryImageOfPage":{"@id":"https:\/\/www.leriff.ch\/en\/how-to-buy-cbd-cannabis-in-geneva\/#primaryimage"},"image":{"@id":"https:\/\/www.leriff.ch\/en\/how-to-buy-cbd-cannabis-in-geneva\/#primaryimage"},"thumbnailUrl":"https:\/\/www.leriff.ch\/wp-content\/uploads\/2020\/03\/cannatonic-leriff.ch_-150x150.jpg","datePublished":"2022-05-24T10:31:49+00:00","dateModified":"2022-05-24T10:31:50+00:00","description":"CBD Geneva delivery flowers Switzerland: Our cannabis flowers and CBD oils are guaranteed Swiss Made with laboratory certification.","breadcrumb":{"@id":"https:\/\/www.leriff.ch\/en\/how-to-buy-cbd-cannabis-in-geneva\/#breadcrumb"},"inLanguage":"en-US","potentialAction":[{"@type":"ReadAction","target":["https:\/\/www.leriff.ch\/en\/how-to-buy-cbd-cannabis-in-geneva\/"]}]},{"@type":"ImageObject","inLanguage":"en-US","@id":"https:\/\/www.leriff.ch\/en\/how-to-buy-cbd-cannabis-in-geneva\/#primaryimage","url":"https:\/\/www.leriff.ch\/wp-content\/uploads\/2020\/03\/cannatonic-leriff.ch_-150x150.jpg","contentUrl":"https:\/\/www.leriff.ch\/wp-content\/uploads\/2020\/03\/cannatonic-leriff.ch_-150x150.jpg"},{"@type":"BreadcrumbList","@id":"https:\/\/www.leriff.ch\/en\/how-to-buy-cbd-cannabis-in-geneva\/#breadcrumb","itemListElement":[{"@type":"ListItem","position":1,"name":"Accueil","item":"https:\/\/www.leriff.ch\/en\/"},{"@type":"ListItem","position":2,"name":"How to buy CBD cannabis in Geneva?"}]},{"@type":"WebSite","@id":"https:\/\/www.leriff.ch\/en\/#website","url":"https:\/\/www.leriff.ch\/en\/","name":"Le Riff","description":"Fleurs de Cannabis CBD","publisher":{"@id":"https:\/\/www.leriff.ch\/en\/#organization"},"potentialAction":[{"@type":"SearchAction","target":{"@type":"EntryPoint","urlTemplate":"https:\/\/www.leriff.ch\/en\/?s={search_term_string}"},"query-input":{"@type":"PropertyValueSpecification","valueRequired":true,"valueName":"search_term_string"}}],"inLanguage":"en-US"},{"@type":"Organization","@id":"https:\/\/www.leriff.ch\/en\/#organization","name":"le riff","url":"https:\/\/www.leriff.ch\/en\/","logo":{"@type":"ImageObject","inLanguage":"en-US","@id":"https:\/\/www.leriff.ch\/en\/#\/schema\/logo\/image\/","url":"https:\/\/www.leriff.ch\/wp-content\/uploads\/2019\/10\/logo_carre.png","contentUrl":"https:\/\/www.leriff.ch\/wp-content\/uploads\/2019\/10\/logo_carre.png","width":130,"height":130,"caption":"le riff"},"image":{"@id":"https:\/\/www.leriff.ch\/en\/#\/schema\/logo\/image\/"},"sameAs":["https:\/\/www.facebook.com\/Leriff.ch"]}]}},"_links":{"self":[{"href":"https:\/\/www.leriff.ch\/en\/wp-json\/wp\/v2\/pages\/43209","targetHints":{"allow":["GET"]}}],"collection":[{"href":"https:\/\/www.leriff.ch\/en\/wp-json\/wp\/v2\/pages"}],"about":[{"href":"https:\/\/www.leriff.ch\/en\/wp-json\/wp\/v2\/types\/page"}],"author":[{"embeddable":true,"href":"https:\/\/www.leriff.ch\/en\/wp-json\/wp\/v2\/users\/2"}],"replies":[{"embeddable":true,"href":"https:\/\/www.leriff.ch\/en\/wp-json\/wp\/v2\/comments?post=43209"}],"version-history":[{"count":1,"href":"https:\/\/www.leriff.ch\/en\/wp-json\/wp\/v2\/pages\/43209\/revisions"}],"predecessor-version":[{"id":43210,"href":"https:\/\/www.leriff.ch\/en\/wp-json\/wp\/v2\/pages\/43209\/revisions\/43210"}],"wp:attachment":[{"href":"https:\/\/www.leriff.ch\/en\/wp-json\/wp\/v2\/media?parent=43209"}],"curies":[{"name":"wp","href":"https:\/\/api.w.org\/{rel}","templated":true}]}}