{"id":40876,"date":"2020-04-04T15:20:34","date_gmt":"2022-05-05T23:21:55","guid":{"rendered":"https:\/\/www.leriff.ch\/produit\/green-cannabis-pollen\/"},"modified":"2023-04-10T12:02:19","modified_gmt":"2023-04-10T10:02:19","slug":"pollen-of-cannabis-green","status":"publish","type":"product","link":"https:\/\/www.leriff.ch\/en\/product\/pollen-of-cannabis-green\/","title":{"rendered":"Green Cannabis Pollen"},"content":{"rendered":"<div class=\"flex flex-grow flex-col gap-3\">\n<div class=\"min-h-[20px] flex flex-col items-start gap-4 whitespace-pre-wrap\">\n<div class=\"markdown prose w-full break-words dark:prose-invert light\">\n<p>Green cannabis pollen, also known as kief, is a fine, sticky powder made from dried and sieved cannabis trichomes. Trichomes are glandular structures found on the flowers, leaves and stems of cannabis plants that produce active compounds such as THC and CBD.<\/p>\n<p>Green cannabis pollen is often harvested using a fine mesh sieve to separate the trichomes from other plant material, such as leaves and stems. Green cannabis pollen is generally clearer than other types of hashish because it is composed mainly of pure trichomes, without plant contaminants.<\/p>\n<p>Green cannabis pollen can be consumed in a variety of ways, including smoking or vaping it, adding it to food, or pressing it to make hashish. Green cannabis pollen is generally considered more potent than dried cannabis flower because it is composed primarily of trichomes rich in cannabinoids and terpenes, the aromatic compounds that give cannabis its distinctive smell and taste.<\/p>\n<\/div>\n<\/div>\n<\/div>\n<p>It is important to note that green cannabis pollen should not be confused with kief or green hashish, which are cannabis concentrates that may be green in colour due to the presence of green trichomes on the female cannabis buds. Kief and hashish are usually produced from the female plant and are considered high quality products due to their high concentration of cannabinoids, terpenes and other beneficial compounds.<\/p>\n<div class=\"flex flex-grow flex-col gap-3\">\n<div class=\"min-h-[20px] flex flex-col items-start gap-4 whitespace-pre-wrap\">\n<div class=\"markdown prose w-full break-words dark:prose-invert light\">\n<p>Green cannabis pollen is a form of hashish that is produced from female cannabis plants. Some typical characteristics of green cannabis pollen are<\/p>\n<ul>\n<li>Appearance: Green cannabis pollen has a granular appearance and can be green to dark brown in colour.<\/li>\n<li>Composition: Green cannabis pollen is rich in cannabinoids, notably THC and CBD, as well as terpenes which give it its aroma and flavour.<\/li>\n<li>Aroma and flavour: Green cannabis pollen can have a varied aroma and flavour, depending on the strains of cannabis from which it is produced. It can have floral, spicy or woody notes.<\/li>\n<li>Use: Green cannabis pollen is often used as a cannabis concentrate for its powerful effects and high cannabinoid content. It can be consumed in a variety of ways, including smoking it or adding it to food or drink.<\/li>\n<\/ul>\n<p>In summary, green cannabis pollen is a cannabis concentrate rich in cannabinoids and terpenes, with a granular appearance and a green to dark brown colour. It is often used for its powerful effects and can be consumed in different ways.<\/p>\n<\/div>\n<\/div>\n<\/div>\n","protected":false},"excerpt":{"rendered":"<p>Green cannabis pollen is often harvested using a fine mesh sieve to separate the trichomes from other plant material, such as leaves and stems. Green cannabis pollen is generally clearer than other types of hashish because it is composed mainly of pure trichomes, without plant contaminants.<\/p>\n","protected":false},"featured_media":3735,"comment_status":"open","ping_status":"closed","template":"","meta":{"inline_featured_image":false},"product_brand":[],"product_cat":[3227],"product_tag":[],"class_list":{"0":"post-40876","1":"product","2":"type-product","3":"status-publish","4":"has-post-thumbnail","6":"product_cat-cannabis-pollen","8":"first","9":"instock","10":"featured","11":"shipping-taxable","12":"purchasable","13":"product-type-variable","14":"has-default-attributes"},"yoast_head":"<!-- This site is optimized with the Yoast SEO Premium plugin v25.9 (Yoast SEO v27.3) - https:\/\/yoast.com\/product\/yoast-seo-premium-wordpress\/ -->\n<title>Green Cannabis Pollen CBD are high quality products - Le Riff<\/title>\n<meta name=\"description\" content=\"CBD Cannabis Pollen. Green cannabis pollen is often harvested using a fine mesh sieve to separate the trichomes from other plant material, such as leaves and stems.\" \/>\n<meta name=\"robots\" content=\"index, follow, max-snippet:-1, max-image-preview:large, max-video-preview:-1\" \/>\n<link rel=\"canonical\" href=\"https:\/\/www.leriff.ch\/en\/product\/pollen-of-cannabis-green\/\" \/>\n<meta property=\"og:locale\" content=\"en_US\" \/>\n<meta property=\"og:type\" content=\"article\" \/>\n<meta property=\"og:title\" content=\"Green Cannabis Pollen\" \/>\n<meta property=\"og:description\" content=\"CBD Cannabis Pollen. Green cannabis pollen is often harvested using a fine mesh sieve to separate the trichomes from other plant material, such as leaves and stems.\" \/>\n<meta property=\"og:url\" content=\"https:\/\/www.leriff.ch\/en\/product\/pollen-of-cannabis-green\/\" \/>\n<meta property=\"og:site_name\" content=\"Le Riff\" \/>\n<meta property=\"article:publisher\" content=\"https:\/\/www.facebook.com\/Leriff.ch\" \/>\n<meta property=\"article:modified_time\" content=\"2023-04-10T10:02:19+00:00\" \/>\n<meta property=\"og:image\" content=\"https:\/\/www.leriff.ch\/wp-content\/uploads\/2020\/04\/pollen_vert-scaled.jpg\" \/>\n\t<meta property=\"og:image:width\" content=\"1024\" \/>\n\t<meta property=\"og:image:height\" content=\"1024\" \/>\n\t<meta property=\"og:image:type\" content=\"image\/jpeg\" \/>\n<meta name=\"twitter:card\" content=\"summary_large_image\" \/>\n<meta name=\"twitter:label1\" content=\"Est. reading time\" \/>\n\t<meta name=\"twitter:data1\" content=\"2 minutes\" \/>\n<script type=\"application\/ld+json\" class=\"yoast-schema-graph\">{\"@context\":\"https:\\\/\\\/schema.org\",\"@graph\":[{\"@type\":\"WebPage\",\"@id\":\"https:\\\/\\\/www.leriff.ch\\\/en\\\/product\\\/pollen-of-cannabis-green\\\/\",\"url\":\"https:\\\/\\\/www.leriff.ch\\\/en\\\/product\\\/pollen-of-cannabis-green\\\/\",\"name\":\"Green Cannabis Pollen CBD are high quality products - Le Riff\",\"isPartOf\":{\"@id\":\"https:\\\/\\\/www.leriff.ch\\\/en\\\/#website\"},\"primaryImageOfPage\":{\"@id\":\"https:\\\/\\\/www.leriff.ch\\\/en\\\/product\\\/pollen-of-cannabis-green\\\/#primaryimage\"},\"image\":{\"@id\":\"https:\\\/\\\/www.leriff.ch\\\/en\\\/product\\\/pollen-of-cannabis-green\\\/#primaryimage\"},\"thumbnailUrl\":\"https:\\\/\\\/www.leriff.ch\\\/wp-content\\\/uploads\\\/2020\\\/04\\\/pollen_vert-scaled.jpg\",\"datePublished\":\"2022-05-05T23:21:55+00:00\",\"dateModified\":\"2023-04-10T10:02:19+00:00\",\"description\":\"CBD Cannabis Pollen. Green cannabis pollen is often harvested using a fine mesh sieve to separate the trichomes from other plant material, such as leaves and stems.\",\"breadcrumb\":{\"@id\":\"https:\\\/\\\/www.leriff.ch\\\/en\\\/product\\\/pollen-of-cannabis-green\\\/#breadcrumb\"},\"inLanguage\":\"en-US\",\"potentialAction\":[{\"@type\":\"ReadAction\",\"target\":[\"https:\\\/\\\/www.leriff.ch\\\/en\\\/product\\\/pollen-of-cannabis-green\\\/\"]}]},{\"@type\":\"ImageObject\",\"inLanguage\":\"en-US\",\"@id\":\"https:\\\/\\\/www.leriff.ch\\\/en\\\/product\\\/pollen-of-cannabis-green\\\/#primaryimage\",\"url\":\"https:\\\/\\\/www.leriff.ch\\\/wp-content\\\/uploads\\\/2020\\\/04\\\/pollen_vert-scaled.jpg\",\"contentUrl\":\"https:\\\/\\\/www.leriff.ch\\\/wp-content\\\/uploads\\\/2020\\\/04\\\/pollen_vert-scaled.jpg\",\"width\":1024,\"height\":1024,\"caption\":\"Pollens de Cannabis CBD :Le pollen de cannabis vert est souvent r\u00e9colt\u00e9 en utilisant un tamis \u00e0 mailles fines pour s\u00e9parer les trichomes des autres mati\u00e8res v\u00e9g\u00e9tales, comme les feuilles et les tiges. Le pollen de cannabis vert est g\u00e9n\u00e9ralement plus clair que d'autres types de haschisch car il est compos\u00e9 principalement de trichomes purs, sans contaminants v\u00e9g\u00e9taux.\"},{\"@type\":\"BreadcrumbList\",\"@id\":\"https:\\\/\\\/www.leriff.ch\\\/en\\\/product\\\/pollen-of-cannabis-green\\\/#breadcrumb\",\"itemListElement\":[{\"@type\":\"ListItem\",\"position\":1,\"name\":\"Accueil\",\"item\":\"https:\\\/\\\/www.leriff.ch\\\/en\\\/\"},{\"@type\":\"ListItem\",\"position\":2,\"name\":\"Shop\",\"item\":\"https:\\\/\\\/www.leriff.ch\\\/en\\\/shop-cbd\\\/\"},{\"@type\":\"ListItem\",\"position\":3,\"name\":\"Cannabis Pollen\",\"item\":\"https:\\\/\\\/www.leriff.ch\\\/en\\\/categorie-produit\\\/cannabis-pollen\\\/\"},{\"@type\":\"ListItem\",\"position\":4,\"name\":\"Green Cannabis Pollen\"}]},{\"@type\":\"WebSite\",\"@id\":\"https:\\\/\\\/www.leriff.ch\\\/en\\\/#website\",\"url\":\"https:\\\/\\\/www.leriff.ch\\\/en\\\/\",\"name\":\"Le Riff\",\"description\":\"Fleurs de Cannabis CBD\",\"publisher\":{\"@id\":\"https:\\\/\\\/www.leriff.ch\\\/en\\\/#organization\"},\"potentialAction\":[{\"@type\":\"SearchAction\",\"target\":{\"@type\":\"EntryPoint\",\"urlTemplate\":\"https:\\\/\\\/www.leriff.ch\\\/en\\\/?s={search_term_string}\"},\"query-input\":{\"@type\":\"PropertyValueSpecification\",\"valueRequired\":true,\"valueName\":\"search_term_string\"}}],\"inLanguage\":\"en-US\"},{\"@type\":\"Organization\",\"@id\":\"https:\\\/\\\/www.leriff.ch\\\/en\\\/#organization\",\"name\":\"le riff\",\"url\":\"https:\\\/\\\/www.leriff.ch\\\/en\\\/\",\"logo\":{\"@type\":\"ImageObject\",\"inLanguage\":\"en-US\",\"@id\":\"https:\\\/\\\/www.leriff.ch\\\/en\\\/#\\\/schema\\\/logo\\\/image\\\/\",\"url\":\"https:\\\/\\\/www.leriff.ch\\\/wp-content\\\/uploads\\\/2019\\\/10\\\/logo_carre.png\",\"contentUrl\":\"https:\\\/\\\/www.leriff.ch\\\/wp-content\\\/uploads\\\/2019\\\/10\\\/logo_carre.png\",\"width\":130,\"height\":130,\"caption\":\"le riff\"},\"image\":{\"@id\":\"https:\\\/\\\/www.leriff.ch\\\/en\\\/#\\\/schema\\\/logo\\\/image\\\/\"},\"sameAs\":[\"https:\\\/\\\/www.facebook.com\\\/Leriff.ch\"]}]}<\/script>\n<!-- \/ Yoast SEO Premium plugin. -->","yoast_head_json":{"title":"Green Cannabis Pollen CBD are high quality products - Le Riff","description":"CBD Cannabis Pollen. Green cannabis pollen is often harvested using a fine mesh sieve to separate the trichomes from other plant material, such as leaves and stems.","robots":{"index":"index","follow":"follow","max-snippet":"max-snippet:-1","max-image-preview":"max-image-preview:large","max-video-preview":"max-video-preview:-1"},"canonical":"https:\/\/www.leriff.ch\/en\/product\/pollen-of-cannabis-green\/","og_locale":"en_US","og_type":"article","og_title":"Green Cannabis Pollen","og_description":"CBD Cannabis Pollen. Green cannabis pollen is often harvested using a fine mesh sieve to separate the trichomes from other plant material, such as leaves and stems.","og_url":"https:\/\/www.leriff.ch\/en\/product\/pollen-of-cannabis-green\/","og_site_name":"Le Riff","article_publisher":"https:\/\/www.facebook.com\/Leriff.ch","article_modified_time":"2023-04-10T10:02:19+00:00","og_image":[{"width":1024,"height":1024,"url":"https:\/\/www.leriff.ch\/wp-content\/uploads\/2020\/04\/pollen_vert-scaled.jpg","type":"image\/jpeg"}],"twitter_card":"summary_large_image","twitter_misc":{"Est. reading time":"2 minutes"},"schema":{"@context":"https:\/\/schema.org","@graph":[{"@type":"WebPage","@id":"https:\/\/www.leriff.ch\/en\/product\/pollen-of-cannabis-green\/","url":"https:\/\/www.leriff.ch\/en\/product\/pollen-of-cannabis-green\/","name":"Green Cannabis Pollen CBD are high quality products - Le Riff","isPartOf":{"@id":"https:\/\/www.leriff.ch\/en\/#website"},"primaryImageOfPage":{"@id":"https:\/\/www.leriff.ch\/en\/product\/pollen-of-cannabis-green\/#primaryimage"},"image":{"@id":"https:\/\/www.leriff.ch\/en\/product\/pollen-of-cannabis-green\/#primaryimage"},"thumbnailUrl":"https:\/\/www.leriff.ch\/wp-content\/uploads\/2020\/04\/pollen_vert-scaled.jpg","datePublished":"2022-05-05T23:21:55+00:00","dateModified":"2023-04-10T10:02:19+00:00","description":"CBD Cannabis Pollen. Green cannabis pollen is often harvested using a fine mesh sieve to separate the trichomes from other plant material, such as leaves and stems.","breadcrumb":{"@id":"https:\/\/www.leriff.ch\/en\/product\/pollen-of-cannabis-green\/#breadcrumb"},"inLanguage":"en-US","potentialAction":[{"@type":"ReadAction","target":["https:\/\/www.leriff.ch\/en\/product\/pollen-of-cannabis-green\/"]}]},{"@type":"ImageObject","inLanguage":"en-US","@id":"https:\/\/www.leriff.ch\/en\/product\/pollen-of-cannabis-green\/#primaryimage","url":"https:\/\/www.leriff.ch\/wp-content\/uploads\/2020\/04\/pollen_vert-scaled.jpg","contentUrl":"https:\/\/www.leriff.ch\/wp-content\/uploads\/2020\/04\/pollen_vert-scaled.jpg","width":1024,"height":1024,"caption":"Pollens de Cannabis CBD :Le pollen de cannabis vert est souvent r\u00e9colt\u00e9 en utilisant un tamis \u00e0 mailles fines pour s\u00e9parer les trichomes des autres mati\u00e8res v\u00e9g\u00e9tales, comme les feuilles et les tiges. Le pollen de cannabis vert est g\u00e9n\u00e9ralement plus clair que d'autres types de haschisch car il est compos\u00e9 principalement de trichomes purs, sans contaminants v\u00e9g\u00e9taux."},{"@type":"BreadcrumbList","@id":"https:\/\/www.leriff.ch\/en\/product\/pollen-of-cannabis-green\/#breadcrumb","itemListElement":[{"@type":"ListItem","position":1,"name":"Accueil","item":"https:\/\/www.leriff.ch\/en\/"},{"@type":"ListItem","position":2,"name":"Shop","item":"https:\/\/www.leriff.ch\/en\/shop-cbd\/"},{"@type":"ListItem","position":3,"name":"Cannabis Pollen","item":"https:\/\/www.leriff.ch\/en\/categorie-produit\/cannabis-pollen\/"},{"@type":"ListItem","position":4,"name":"Green Cannabis Pollen"}]},{"@type":"WebSite","@id":"https:\/\/www.leriff.ch\/en\/#website","url":"https:\/\/www.leriff.ch\/en\/","name":"Le Riff","description":"Fleurs de Cannabis CBD","publisher":{"@id":"https:\/\/www.leriff.ch\/en\/#organization"},"potentialAction":[{"@type":"SearchAction","target":{"@type":"EntryPoint","urlTemplate":"https:\/\/www.leriff.ch\/en\/?s={search_term_string}"},"query-input":{"@type":"PropertyValueSpecification","valueRequired":true,"valueName":"search_term_string"}}],"inLanguage":"en-US"},{"@type":"Organization","@id":"https:\/\/www.leriff.ch\/en\/#organization","name":"le riff","url":"https:\/\/www.leriff.ch\/en\/","logo":{"@type":"ImageObject","inLanguage":"en-US","@id":"https:\/\/www.leriff.ch\/en\/#\/schema\/logo\/image\/","url":"https:\/\/www.leriff.ch\/wp-content\/uploads\/2019\/10\/logo_carre.png","contentUrl":"https:\/\/www.leriff.ch\/wp-content\/uploads\/2019\/10\/logo_carre.png","width":130,"height":130,"caption":"le riff"},"image":{"@id":"https:\/\/www.leriff.ch\/en\/#\/schema\/logo\/image\/"},"sameAs":["https:\/\/www.facebook.com\/Leriff.ch"]}]}},"_links":{"self":[{"href":"https:\/\/www.leriff.ch\/en\/wp-json\/wp\/v2\/product\/40876","targetHints":{"allow":["GET"]}}],"collection":[{"href":"https:\/\/www.leriff.ch\/en\/wp-json\/wp\/v2\/product"}],"about":[{"href":"https:\/\/www.leriff.ch\/en\/wp-json\/wp\/v2\/types\/product"}],"replies":[{"embeddable":true,"href":"https:\/\/www.leriff.ch\/en\/wp-json\/wp\/v2\/comments?post=40876"}],"wp:featuredmedia":[{"embeddable":true,"href":"https:\/\/www.leriff.ch\/en\/wp-json\/wp\/v2\/media\/3735"}],"wp:attachment":[{"href":"https:\/\/www.leriff.ch\/en\/wp-json\/wp\/v2\/media?parent=40876"}],"wp:term":[{"taxonomy":"product_brand","embeddable":true,"href":"https:\/\/www.leriff.ch\/en\/wp-json\/wp\/v2\/product_brand?post=40876"},{"taxonomy":"product_cat","embeddable":true,"href":"https:\/\/www.leriff.ch\/en\/wp-json\/wp\/v2\/product_cat?post=40876"},{"taxonomy":"product_tag","embeddable":true,"href":"https:\/\/www.leriff.ch\/en\/wp-json\/wp\/v2\/product_tag?post=40876"}],"curies":[{"name":"wp","href":"https:\/\/api.w.org\/{rel}","templated":true}]}}