{"id":41610,"date":"2021-03-31T10:15:29","date_gmt":"2022-05-10T08:26:43","guid":{"rendered":"https:\/\/www.leriff.ch\/produit\/white-widows-outdoor\/"},"modified":"2022-05-10T08:26:43","modified_gmt":"2022-05-10T08:26:43","slug":"white-passion-outdoor-2","status":"publish","type":"product","link":"https:\/\/www.leriff.ch\/en\/product\/white-passion-outdoor-2\/","title":{"rendered":"White Widows &#8211; OUTDOOR"},"content":{"rendered":"<h3>CBD Flowers Switzerland<\/h3>\n<p>Gentle snacking experience. White Passion, the &#8216;White Widow&#8217; of Green Passion, has a rich history. The aroma and taste profile of this strain is spicy and piney. Various base notes enhance the aroma of the beautiful and resinous CBD flowers. Despite the relatively small flowers, these outdoor genetics promise high quality.<\/p>\n","protected":false},"excerpt":{"rendered":"<p>In addition to its historical background, White Widows Passion also convinces with its smooth tasting experience.<\/p>\n<p>CBD: up to 18%<br \/>\nTHC: &lt;1%<\/p>\n","protected":false},"featured_media":5550,"comment_status":"closed","ping_status":"closed","template":"","meta":{"inline_featured_image":false},"product_brand":[],"product_cat":[2693,3279],"product_tag":[],"class_list":{"0":"post-41610","1":"product","2":"type-product","3":"status-publish","4":"has-post-thumbnail","6":"product_cat-cbd-flowers","7":"product_cat-outdoor-en-2","8":"pa_marque-le-riff","10":"first","11":"instock","12":"shipping-taxable","13":"purchasable","14":"product-type-variable","15":"has-default-attributes"},"yoast_head":"<!-- This site is optimized with the Yoast SEO Premium plugin v25.9 (Yoast SEO v27.4) - https:\/\/yoast.com\/product\/yoast-seo-premium-wordpress\/ -->\n<title>White Widows - OUTDOOR - CBD Flowers Switzerland - Le Riff<\/title>\n<meta name=\"description\" content=\"CBD Flowers Switzerland outdoor: In addition to its historical background, White widows Passion convinces with its smooth taste experience.\" \/>\n<meta name=\"robots\" content=\"index, follow, max-snippet:-1, max-image-preview:large, max-video-preview:-1\" \/>\n<link rel=\"canonical\" href=\"https:\/\/www.leriff.ch\/en\/product\/white-passion-outdoor-2\/\" \/>\n<meta property=\"og:locale\" content=\"en_US\" \/>\n<meta property=\"og:type\" content=\"article\" \/>\n<meta property=\"og:title\" content=\"White Widows - OUTDOOR\" \/>\n<meta property=\"og:description\" content=\"CBD Flowers Switzerland outdoor: In addition to its historical background, White widows Passion convinces with its smooth taste experience.\" \/>\n<meta property=\"og:url\" content=\"https:\/\/www.leriff.ch\/en\/product\/white-passion-outdoor-2\/\" \/>\n<meta property=\"og:site_name\" content=\"Le Riff\" \/>\n<meta property=\"article:publisher\" content=\"https:\/\/www.facebook.com\/Leriff.ch\" \/>\n<meta property=\"og:image\" content=\"https:\/\/www.leriff.ch\/wp-content\/uploads\/2021\/03\/cbd-outdoor-white-passion-600x600-1.jpg\" \/>\n\t<meta property=\"og:image:width\" content=\"600\" \/>\n\t<meta property=\"og:image:height\" content=\"600\" \/>\n\t<meta property=\"og:image:type\" content=\"image\/jpeg\" \/>\n<meta name=\"twitter:card\" content=\"summary_large_image\" \/>\n<script type=\"application\/ld+json\" class=\"yoast-schema-graph\">{\"@context\":\"https:\\\/\\\/schema.org\",\"@graph\":[{\"@type\":\"WebPage\",\"@id\":\"https:\\\/\\\/www.leriff.ch\\\/en\\\/product\\\/white-passion-outdoor-2\\\/\",\"url\":\"https:\\\/\\\/www.leriff.ch\\\/en\\\/product\\\/white-passion-outdoor-2\\\/\",\"name\":\"White Widows - OUTDOOR - CBD Flowers Switzerland - Le Riff\",\"isPartOf\":{\"@id\":\"https:\\\/\\\/www.leriff.ch\\\/en\\\/#website\"},\"primaryImageOfPage\":{\"@id\":\"https:\\\/\\\/www.leriff.ch\\\/en\\\/product\\\/white-passion-outdoor-2\\\/#primaryimage\"},\"image\":{\"@id\":\"https:\\\/\\\/www.leriff.ch\\\/en\\\/product\\\/white-passion-outdoor-2\\\/#primaryimage\"},\"thumbnailUrl\":\"https:\\\/\\\/www.leriff.ch\\\/wp-content\\\/uploads\\\/2021\\\/03\\\/cbd-outdoor-white-passion-600x600-1.jpg\",\"datePublished\":\"2022-05-10T08:26:43+00:00\",\"description\":\"CBD Flowers Switzerland outdoor: In addition to its historical background, White widows Passion convinces with its smooth taste experience.\",\"breadcrumb\":{\"@id\":\"https:\\\/\\\/www.leriff.ch\\\/en\\\/product\\\/white-passion-outdoor-2\\\/#breadcrumb\"},\"inLanguage\":\"en-US\",\"potentialAction\":[{\"@type\":\"ReadAction\",\"target\":[\"https:\\\/\\\/www.leriff.ch\\\/en\\\/product\\\/white-passion-outdoor-2\\\/\"]}]},{\"@type\":\"ImageObject\",\"inLanguage\":\"en-US\",\"@id\":\"https:\\\/\\\/www.leriff.ch\\\/en\\\/product\\\/white-passion-outdoor-2\\\/#primaryimage\",\"url\":\"https:\\\/\\\/www.leriff.ch\\\/wp-content\\\/uploads\\\/2021\\\/03\\\/cbd-outdoor-white-passion-600x600-1.jpg\",\"contentUrl\":\"https:\\\/\\\/www.leriff.ch\\\/wp-content\\\/uploads\\\/2021\\\/03\\\/cbd-outdoor-white-passion-600x600-1.jpg\",\"width\":600,\"height\":600,\"caption\":\"White Widows fleurs de cbd suisse outdoor CBD de haute qualit\u00e9 : Riche en CBD, la White Widows est id\u00e9ale pour favoriser la relaxation, r\u00e9duire le stress et am\u00e9liorer la qualit\u00e9 du sommeil, tout en respectant la l\u00e9gislation suisse avec un taux de THC inf\u00e9rieur \u00e0 1%.\"},{\"@type\":\"BreadcrumbList\",\"@id\":\"https:\\\/\\\/www.leriff.ch\\\/en\\\/product\\\/white-passion-outdoor-2\\\/#breadcrumb\",\"itemListElement\":[{\"@type\":\"ListItem\",\"position\":1,\"name\":\"Accueil\",\"item\":\"https:\\\/\\\/www.leriff.ch\\\/en\\\/\"},{\"@type\":\"ListItem\",\"position\":2,\"name\":\"Shop\",\"item\":\"https:\\\/\\\/www.leriff.ch\\\/en\\\/shop-cbd\\\/\"},{\"@type\":\"ListItem\",\"position\":3,\"name\":\"CBD flowers\",\"item\":\"https:\\\/\\\/www.leriff.ch\\\/en\\\/categorie-produit\\\/cbd-flowers\\\/\"},{\"@type\":\"ListItem\",\"position\":4,\"name\":\"Outdoor\",\"item\":\"https:\\\/\\\/www.leriff.ch\\\/en\\\/categorie-produit\\\/cbd-flowers\\\/outdoor-en-2\\\/\"},{\"@type\":\"ListItem\",\"position\":5,\"name\":\"White Widows &#8211; OUTDOOR\"}]},{\"@type\":\"WebSite\",\"@id\":\"https:\\\/\\\/www.leriff.ch\\\/en\\\/#website\",\"url\":\"https:\\\/\\\/www.leriff.ch\\\/en\\\/\",\"name\":\"Le Riff\",\"description\":\"Fleurs de Cannabis CBD\",\"publisher\":{\"@id\":\"https:\\\/\\\/www.leriff.ch\\\/en\\\/#organization\"},\"potentialAction\":[{\"@type\":\"SearchAction\",\"target\":{\"@type\":\"EntryPoint\",\"urlTemplate\":\"https:\\\/\\\/www.leriff.ch\\\/en\\\/?s={search_term_string}\"},\"query-input\":{\"@type\":\"PropertyValueSpecification\",\"valueRequired\":true,\"valueName\":\"search_term_string\"}}],\"inLanguage\":\"en-US\"},{\"@type\":\"Organization\",\"@id\":\"https:\\\/\\\/www.leriff.ch\\\/en\\\/#organization\",\"name\":\"le riff\",\"url\":\"https:\\\/\\\/www.leriff.ch\\\/en\\\/\",\"logo\":{\"@type\":\"ImageObject\",\"inLanguage\":\"en-US\",\"@id\":\"https:\\\/\\\/www.leriff.ch\\\/en\\\/#\\\/schema\\\/logo\\\/image\\\/\",\"url\":\"https:\\\/\\\/www.leriff.ch\\\/wp-content\\\/uploads\\\/2019\\\/10\\\/logo_carre.png\",\"contentUrl\":\"https:\\\/\\\/www.leriff.ch\\\/wp-content\\\/uploads\\\/2019\\\/10\\\/logo_carre.png\",\"width\":130,\"height\":130,\"caption\":\"le riff\"},\"image\":{\"@id\":\"https:\\\/\\\/www.leriff.ch\\\/en\\\/#\\\/schema\\\/logo\\\/image\\\/\"},\"sameAs\":[\"https:\\\/\\\/www.facebook.com\\\/Leriff.ch\"]}]}<\/script>\n<!-- \/ Yoast SEO Premium plugin. -->","yoast_head_json":{"title":"White Widows - OUTDOOR - CBD Flowers Switzerland - Le Riff","description":"CBD Flowers Switzerland outdoor: In addition to its historical background, White widows Passion convinces with its smooth taste experience.","robots":{"index":"index","follow":"follow","max-snippet":"max-snippet:-1","max-image-preview":"max-image-preview:large","max-video-preview":"max-video-preview:-1"},"canonical":"https:\/\/www.leriff.ch\/en\/product\/white-passion-outdoor-2\/","og_locale":"en_US","og_type":"article","og_title":"White Widows - OUTDOOR","og_description":"CBD Flowers Switzerland outdoor: In addition to its historical background, White widows Passion convinces with its smooth taste experience.","og_url":"https:\/\/www.leriff.ch\/en\/product\/white-passion-outdoor-2\/","og_site_name":"Le Riff","article_publisher":"https:\/\/www.facebook.com\/Leriff.ch","og_image":[{"width":600,"height":600,"url":"https:\/\/www.leriff.ch\/wp-content\/uploads\/2021\/03\/cbd-outdoor-white-passion-600x600-1.jpg","type":"image\/jpeg"}],"twitter_card":"summary_large_image","schema":{"@context":"https:\/\/schema.org","@graph":[{"@type":"WebPage","@id":"https:\/\/www.leriff.ch\/en\/product\/white-passion-outdoor-2\/","url":"https:\/\/www.leriff.ch\/en\/product\/white-passion-outdoor-2\/","name":"White Widows - OUTDOOR - CBD Flowers Switzerland - Le Riff","isPartOf":{"@id":"https:\/\/www.leriff.ch\/en\/#website"},"primaryImageOfPage":{"@id":"https:\/\/www.leriff.ch\/en\/product\/white-passion-outdoor-2\/#primaryimage"},"image":{"@id":"https:\/\/www.leriff.ch\/en\/product\/white-passion-outdoor-2\/#primaryimage"},"thumbnailUrl":"https:\/\/www.leriff.ch\/wp-content\/uploads\/2021\/03\/cbd-outdoor-white-passion-600x600-1.jpg","datePublished":"2022-05-10T08:26:43+00:00","description":"CBD Flowers Switzerland outdoor: In addition to its historical background, White widows Passion convinces with its smooth taste experience.","breadcrumb":{"@id":"https:\/\/www.leriff.ch\/en\/product\/white-passion-outdoor-2\/#breadcrumb"},"inLanguage":"en-US","potentialAction":[{"@type":"ReadAction","target":["https:\/\/www.leriff.ch\/en\/product\/white-passion-outdoor-2\/"]}]},{"@type":"ImageObject","inLanguage":"en-US","@id":"https:\/\/www.leriff.ch\/en\/product\/white-passion-outdoor-2\/#primaryimage","url":"https:\/\/www.leriff.ch\/wp-content\/uploads\/2021\/03\/cbd-outdoor-white-passion-600x600-1.jpg","contentUrl":"https:\/\/www.leriff.ch\/wp-content\/uploads\/2021\/03\/cbd-outdoor-white-passion-600x600-1.jpg","width":600,"height":600,"caption":"White Widows fleurs de cbd suisse outdoor CBD de haute qualit\u00e9 : Riche en CBD, la White Widows est id\u00e9ale pour favoriser la relaxation, r\u00e9duire le stress et am\u00e9liorer la qualit\u00e9 du sommeil, tout en respectant la l\u00e9gislation suisse avec un taux de THC inf\u00e9rieur \u00e0 1%."},{"@type":"BreadcrumbList","@id":"https:\/\/www.leriff.ch\/en\/product\/white-passion-outdoor-2\/#breadcrumb","itemListElement":[{"@type":"ListItem","position":1,"name":"Accueil","item":"https:\/\/www.leriff.ch\/en\/"},{"@type":"ListItem","position":2,"name":"Shop","item":"https:\/\/www.leriff.ch\/en\/shop-cbd\/"},{"@type":"ListItem","position":3,"name":"CBD flowers","item":"https:\/\/www.leriff.ch\/en\/categorie-produit\/cbd-flowers\/"},{"@type":"ListItem","position":4,"name":"Outdoor","item":"https:\/\/www.leriff.ch\/en\/categorie-produit\/cbd-flowers\/outdoor-en-2\/"},{"@type":"ListItem","position":5,"name":"White Widows &#8211; OUTDOOR"}]},{"@type":"WebSite","@id":"https:\/\/www.leriff.ch\/en\/#website","url":"https:\/\/www.leriff.ch\/en\/","name":"Le Riff","description":"Fleurs de Cannabis CBD","publisher":{"@id":"https:\/\/www.leriff.ch\/en\/#organization"},"potentialAction":[{"@type":"SearchAction","target":{"@type":"EntryPoint","urlTemplate":"https:\/\/www.leriff.ch\/en\/?s={search_term_string}"},"query-input":{"@type":"PropertyValueSpecification","valueRequired":true,"valueName":"search_term_string"}}],"inLanguage":"en-US"},{"@type":"Organization","@id":"https:\/\/www.leriff.ch\/en\/#organization","name":"le riff","url":"https:\/\/www.leriff.ch\/en\/","logo":{"@type":"ImageObject","inLanguage":"en-US","@id":"https:\/\/www.leriff.ch\/en\/#\/schema\/logo\/image\/","url":"https:\/\/www.leriff.ch\/wp-content\/uploads\/2019\/10\/logo_carre.png","contentUrl":"https:\/\/www.leriff.ch\/wp-content\/uploads\/2019\/10\/logo_carre.png","width":130,"height":130,"caption":"le riff"},"image":{"@id":"https:\/\/www.leriff.ch\/en\/#\/schema\/logo\/image\/"},"sameAs":["https:\/\/www.facebook.com\/Leriff.ch"]}]}},"_links":{"self":[{"href":"https:\/\/www.leriff.ch\/en\/wp-json\/wp\/v2\/product\/41610","targetHints":{"allow":["GET"]}}],"collection":[{"href":"https:\/\/www.leriff.ch\/en\/wp-json\/wp\/v2\/product"}],"about":[{"href":"https:\/\/www.leriff.ch\/en\/wp-json\/wp\/v2\/types\/product"}],"replies":[{"embeddable":true,"href":"https:\/\/www.leriff.ch\/en\/wp-json\/wp\/v2\/comments?post=41610"}],"wp:featuredmedia":[{"embeddable":true,"href":"https:\/\/www.leriff.ch\/en\/wp-json\/wp\/v2\/media\/5550"}],"wp:attachment":[{"href":"https:\/\/www.leriff.ch\/en\/wp-json\/wp\/v2\/media?parent=41610"}],"wp:term":[{"taxonomy":"product_brand","embeddable":true,"href":"https:\/\/www.leriff.ch\/en\/wp-json\/wp\/v2\/product_brand?post=41610"},{"taxonomy":"product_cat","embeddable":true,"href":"https:\/\/www.leriff.ch\/en\/wp-json\/wp\/v2\/product_cat?post=41610"},{"taxonomy":"product_tag","embeddable":true,"href":"https:\/\/www.leriff.ch\/en\/wp-json\/wp\/v2\/product_tag?post=41610"}],"curies":[{"name":"wp","href":"https:\/\/api.w.org\/{rel}","templated":true}]}}