{"id":43552,"date":"2023-04-06T06:45:57","date_gmt":"2023-04-06T13:27:47","guid":{"rendered":"https:\/\/www.leriff.ch\/produit\/red-lebanese\/"},"modified":"2025-09-04T07:42:26","modified_gmt":"2025-09-04T05:42:26","slug":"hashish-cbd-red-lebanese","status":"publish","type":"product","link":"https:\/\/www.leriff.ch\/en\/product\/hashish-cbd-red-lebanese\/","title":{"rendered":"Red Lebanese"},"content":{"rendered":"<p>Lebanese Red CBD is one of the many components of cannabis, and its percentage in a given hash can vary considerably depending on the variety of the plant used and the method of production of the hashish, resin.<\/p>\n<p>The term &#8220;Hash CBD&#8221; refers to a form of concentrated cannabis containing a high content of cannabidiol. CBD is one of the many cannabinoids found in the cannabis plant.<\/p>\n<p>Lebanese Red CBD is made from CBD-rich cannabis flowers that undergo a pressing and heating process to produce a solid paste. This paste can then be crumbled or crushed into smaller pieces and smoked, vaporized or consumed as edibles.<\/p>\n<p>Hash CBD is becoming increasingly popular with cannabis consumers looking to enjoy the potential benefits of CBD without the psychoactive effects associated with THC. Hash CBD users have reported a variety of beneficial effects, including reduced anxiety, pain and inflammation, as well as improved sleep quality.<\/p>\n","protected":false},"excerpt":{"rendered":"<p>Red Lebanese is a hashish produced from the resin of the flowers of the cannabis plant. Harvested on still fresh plants, leaving a reddish oxidation.<\/p>\n<p><strong>THC 0,53% CBD 33%<\/strong><\/p>\n","protected":false},"featured_media":43571,"comment_status":"closed","ping_status":"closed","template":"","meta":{"inline_featured_image":false},"product_brand":[],"product_cat":[3227,3873],"product_tag":[],"class_list":{"0":"post-43552","1":"product","2":"type-product","3":"status-publish","4":"has-post-thumbnail","6":"product_cat-cannabis-pollen","7":"product_cat-hashish-en","8":"pa_cbd-pour-cent-33-cbd-en","10":"first","11":"instock","12":"featured","13":"shipping-taxable","14":"purchasable","15":"product-type-variable","16":"has-default-attributes"},"yoast_head":"<!-- This site is optimized with the Yoast SEO Premium plugin v25.9 (Yoast SEO v27.4) - https:\/\/yoast.com\/product\/yoast-seo-premium-wordpress\/ -->\n<title>Red Lebanese - Le Riff<\/title>\n<meta name=\"description\" content=\"Hash CBD Red Lebanese is a hashish produced from the resin of the flowers of the cannabis plant. Harvested on still fresh plants, leaving a reddish oxidation.\" \/>\n<meta name=\"robots\" content=\"index, follow, max-snippet:-1, max-image-preview:large, max-video-preview:-1\" \/>\n<link rel=\"canonical\" href=\"https:\/\/www.leriff.ch\/en\/product\/hashish-cbd-red-lebanese\/\" \/>\n<meta property=\"og:locale\" content=\"en_US\" \/>\n<meta property=\"og:type\" content=\"article\" \/>\n<meta property=\"og:title\" content=\"Red Lebanese\" \/>\n<meta property=\"og:description\" content=\"Hash CBD Red Lebanese is a hashish produced from the resin of the flowers of the cannabis plant. Harvested on still fresh plants, leaving a reddish oxidation.\" \/>\n<meta property=\"og:url\" content=\"https:\/\/www.leriff.ch\/en\/product\/hashish-cbd-red-lebanese\/\" \/>\n<meta property=\"og:site_name\" content=\"Le Riff\" \/>\n<meta property=\"article:publisher\" content=\"https:\/\/www.facebook.com\/Leriff.ch\" \/>\n<meta property=\"article:modified_time\" content=\"2025-09-04T05:42:26+00:00\" \/>\n<meta property=\"og:image\" content=\"https:\/\/www.leriff.ch\/wp-content\/uploads\/2023\/04\/libarouge-leriff.ch_.jpeg\" \/>\n\t<meta property=\"og:image:width\" content=\"1200\" \/>\n\t<meta property=\"og:image:height\" content=\"1200\" \/>\n\t<meta property=\"og:image:type\" content=\"image\/jpeg\" \/>\n<meta name=\"twitter:card\" content=\"summary_large_image\" \/>\n<meta name=\"twitter:label1\" content=\"Est. reading time\" \/>\n\t<meta name=\"twitter:data1\" content=\"1 minute\" \/>\n<script type=\"application\/ld+json\" class=\"yoast-schema-graph\">{\"@context\":\"https:\\\/\\\/schema.org\",\"@graph\":[{\"@type\":\"WebPage\",\"@id\":\"https:\\\/\\\/www.leriff.ch\\\/en\\\/product\\\/hashish-cbd-red-lebanese\\\/\",\"url\":\"https:\\\/\\\/www.leriff.ch\\\/en\\\/product\\\/hashish-cbd-red-lebanese\\\/\",\"name\":\"Red Lebanese - Le Riff\",\"isPartOf\":{\"@id\":\"https:\\\/\\\/www.leriff.ch\\\/en\\\/#website\"},\"primaryImageOfPage\":{\"@id\":\"https:\\\/\\\/www.leriff.ch\\\/en\\\/product\\\/hashish-cbd-red-lebanese\\\/#primaryimage\"},\"image\":{\"@id\":\"https:\\\/\\\/www.leriff.ch\\\/en\\\/product\\\/hashish-cbd-red-lebanese\\\/#primaryimage\"},\"thumbnailUrl\":\"https:\\\/\\\/www.leriff.ch\\\/wp-content\\\/uploads\\\/2023\\\/04\\\/libarouge-leriff.ch_.jpeg\",\"datePublished\":\"2023-04-06T13:27:47+00:00\",\"dateModified\":\"2025-09-04T05:42:26+00:00\",\"description\":\"Hash CBD Red Lebanese is a hashish produced from the resin of the flowers of the cannabis plant. Harvested on still fresh plants, leaving a reddish oxidation.\",\"breadcrumb\":{\"@id\":\"https:\\\/\\\/www.leriff.ch\\\/en\\\/product\\\/hashish-cbd-red-lebanese\\\/#breadcrumb\"},\"inLanguage\":\"en-US\",\"potentialAction\":[{\"@type\":\"ReadAction\",\"target\":[\"https:\\\/\\\/www.leriff.ch\\\/en\\\/product\\\/hashish-cbd-red-lebanese\\\/\"]}]},{\"@type\":\"ImageObject\",\"inLanguage\":\"en-US\",\"@id\":\"https:\\\/\\\/www.leriff.ch\\\/en\\\/product\\\/hashish-cbd-red-lebanese\\\/#primaryimage\",\"url\":\"https:\\\/\\\/www.leriff.ch\\\/wp-content\\\/uploads\\\/2023\\\/04\\\/libarouge-leriff.ch_.jpeg\",\"contentUrl\":\"https:\\\/\\\/www.leriff.ch\\\/wp-content\\\/uploads\\\/2023\\\/04\\\/libarouge-leriff.ch_.jpeg\",\"width\":1200,\"height\":1200,\"caption\":\"Le Libanais Rouge est un hashish produite \u00e0 partir de la r\u00e9sine des fleurs de la plante de cannabis. R\u00e9colt\u00e9e sur plantes encore fra\u00eeches, laissant place \u00e0 une oxydation rouge\u00e2tre.\"},{\"@type\":\"BreadcrumbList\",\"@id\":\"https:\\\/\\\/www.leriff.ch\\\/en\\\/product\\\/hashish-cbd-red-lebanese\\\/#breadcrumb\",\"itemListElement\":[{\"@type\":\"ListItem\",\"position\":1,\"name\":\"Accueil\",\"item\":\"https:\\\/\\\/www.leriff.ch\\\/en\\\/\"},{\"@type\":\"ListItem\",\"position\":2,\"name\":\"Shop\",\"item\":\"https:\\\/\\\/www.leriff.ch\\\/en\\\/shop-cbd\\\/\"},{\"@type\":\"ListItem\",\"position\":3,\"name\":\"Hashish\",\"item\":\"https:\\\/\\\/www.leriff.ch\\\/en\\\/categorie-produit\\\/hashish-en\\\/\"},{\"@type\":\"ListItem\",\"position\":4,\"name\":\"Red Lebanese\"}]},{\"@type\":\"WebSite\",\"@id\":\"https:\\\/\\\/www.leriff.ch\\\/en\\\/#website\",\"url\":\"https:\\\/\\\/www.leriff.ch\\\/en\\\/\",\"name\":\"Le Riff\",\"description\":\"Fleurs de Cannabis CBD\",\"publisher\":{\"@id\":\"https:\\\/\\\/www.leriff.ch\\\/en\\\/#organization\"},\"potentialAction\":[{\"@type\":\"SearchAction\",\"target\":{\"@type\":\"EntryPoint\",\"urlTemplate\":\"https:\\\/\\\/www.leriff.ch\\\/en\\\/?s={search_term_string}\"},\"query-input\":{\"@type\":\"PropertyValueSpecification\",\"valueRequired\":true,\"valueName\":\"search_term_string\"}}],\"inLanguage\":\"en-US\"},{\"@type\":\"Organization\",\"@id\":\"https:\\\/\\\/www.leriff.ch\\\/en\\\/#organization\",\"name\":\"le riff\",\"url\":\"https:\\\/\\\/www.leriff.ch\\\/en\\\/\",\"logo\":{\"@type\":\"ImageObject\",\"inLanguage\":\"en-US\",\"@id\":\"https:\\\/\\\/www.leriff.ch\\\/en\\\/#\\\/schema\\\/logo\\\/image\\\/\",\"url\":\"https:\\\/\\\/www.leriff.ch\\\/wp-content\\\/uploads\\\/2019\\\/10\\\/logo_carre.png\",\"contentUrl\":\"https:\\\/\\\/www.leriff.ch\\\/wp-content\\\/uploads\\\/2019\\\/10\\\/logo_carre.png\",\"width\":130,\"height\":130,\"caption\":\"le riff\"},\"image\":{\"@id\":\"https:\\\/\\\/www.leriff.ch\\\/en\\\/#\\\/schema\\\/logo\\\/image\\\/\"},\"sameAs\":[\"https:\\\/\\\/www.facebook.com\\\/Leriff.ch\"]}]}<\/script>\n<!-- \/ Yoast SEO Premium plugin. -->","yoast_head_json":{"title":"Red Lebanese - Le Riff","description":"Hash CBD Red Lebanese is a hashish produced from the resin of the flowers of the cannabis plant. Harvested on still fresh plants, leaving a reddish oxidation.","robots":{"index":"index","follow":"follow","max-snippet":"max-snippet:-1","max-image-preview":"max-image-preview:large","max-video-preview":"max-video-preview:-1"},"canonical":"https:\/\/www.leriff.ch\/en\/product\/hashish-cbd-red-lebanese\/","og_locale":"en_US","og_type":"article","og_title":"Red Lebanese","og_description":"Hash CBD Red Lebanese is a hashish produced from the resin of the flowers of the cannabis plant. Harvested on still fresh plants, leaving a reddish oxidation.","og_url":"https:\/\/www.leriff.ch\/en\/product\/hashish-cbd-red-lebanese\/","og_site_name":"Le Riff","article_publisher":"https:\/\/www.facebook.com\/Leriff.ch","article_modified_time":"2025-09-04T05:42:26+00:00","og_image":[{"width":1200,"height":1200,"url":"https:\/\/www.leriff.ch\/wp-content\/uploads\/2023\/04\/libarouge-leriff.ch_.jpeg","type":"image\/jpeg"}],"twitter_card":"summary_large_image","twitter_misc":{"Est. reading time":"1 minute"},"schema":{"@context":"https:\/\/schema.org","@graph":[{"@type":"WebPage","@id":"https:\/\/www.leriff.ch\/en\/product\/hashish-cbd-red-lebanese\/","url":"https:\/\/www.leriff.ch\/en\/product\/hashish-cbd-red-lebanese\/","name":"Red Lebanese - Le Riff","isPartOf":{"@id":"https:\/\/www.leriff.ch\/en\/#website"},"primaryImageOfPage":{"@id":"https:\/\/www.leriff.ch\/en\/product\/hashish-cbd-red-lebanese\/#primaryimage"},"image":{"@id":"https:\/\/www.leriff.ch\/en\/product\/hashish-cbd-red-lebanese\/#primaryimage"},"thumbnailUrl":"https:\/\/www.leriff.ch\/wp-content\/uploads\/2023\/04\/libarouge-leriff.ch_.jpeg","datePublished":"2023-04-06T13:27:47+00:00","dateModified":"2025-09-04T05:42:26+00:00","description":"Hash CBD Red Lebanese is a hashish produced from the resin of the flowers of the cannabis plant. Harvested on still fresh plants, leaving a reddish oxidation.","breadcrumb":{"@id":"https:\/\/www.leriff.ch\/en\/product\/hashish-cbd-red-lebanese\/#breadcrumb"},"inLanguage":"en-US","potentialAction":[{"@type":"ReadAction","target":["https:\/\/www.leriff.ch\/en\/product\/hashish-cbd-red-lebanese\/"]}]},{"@type":"ImageObject","inLanguage":"en-US","@id":"https:\/\/www.leriff.ch\/en\/product\/hashish-cbd-red-lebanese\/#primaryimage","url":"https:\/\/www.leriff.ch\/wp-content\/uploads\/2023\/04\/libarouge-leriff.ch_.jpeg","contentUrl":"https:\/\/www.leriff.ch\/wp-content\/uploads\/2023\/04\/libarouge-leriff.ch_.jpeg","width":1200,"height":1200,"caption":"Le Libanais Rouge est un hashish produite \u00e0 partir de la r\u00e9sine des fleurs de la plante de cannabis. R\u00e9colt\u00e9e sur plantes encore fra\u00eeches, laissant place \u00e0 une oxydation rouge\u00e2tre."},{"@type":"BreadcrumbList","@id":"https:\/\/www.leriff.ch\/en\/product\/hashish-cbd-red-lebanese\/#breadcrumb","itemListElement":[{"@type":"ListItem","position":1,"name":"Accueil","item":"https:\/\/www.leriff.ch\/en\/"},{"@type":"ListItem","position":2,"name":"Shop","item":"https:\/\/www.leriff.ch\/en\/shop-cbd\/"},{"@type":"ListItem","position":3,"name":"Hashish","item":"https:\/\/www.leriff.ch\/en\/categorie-produit\/hashish-en\/"},{"@type":"ListItem","position":4,"name":"Red Lebanese"}]},{"@type":"WebSite","@id":"https:\/\/www.leriff.ch\/en\/#website","url":"https:\/\/www.leriff.ch\/en\/","name":"Le Riff","description":"Fleurs de Cannabis CBD","publisher":{"@id":"https:\/\/www.leriff.ch\/en\/#organization"},"potentialAction":[{"@type":"SearchAction","target":{"@type":"EntryPoint","urlTemplate":"https:\/\/www.leriff.ch\/en\/?s={search_term_string}"},"query-input":{"@type":"PropertyValueSpecification","valueRequired":true,"valueName":"search_term_string"}}],"inLanguage":"en-US"},{"@type":"Organization","@id":"https:\/\/www.leriff.ch\/en\/#organization","name":"le riff","url":"https:\/\/www.leriff.ch\/en\/","logo":{"@type":"ImageObject","inLanguage":"en-US","@id":"https:\/\/www.leriff.ch\/en\/#\/schema\/logo\/image\/","url":"https:\/\/www.leriff.ch\/wp-content\/uploads\/2019\/10\/logo_carre.png","contentUrl":"https:\/\/www.leriff.ch\/wp-content\/uploads\/2019\/10\/logo_carre.png","width":130,"height":130,"caption":"le riff"},"image":{"@id":"https:\/\/www.leriff.ch\/en\/#\/schema\/logo\/image\/"},"sameAs":["https:\/\/www.facebook.com\/Leriff.ch"]}]}},"_links":{"self":[{"href":"https:\/\/www.leriff.ch\/en\/wp-json\/wp\/v2\/product\/43552","targetHints":{"allow":["GET"]}}],"collection":[{"href":"https:\/\/www.leriff.ch\/en\/wp-json\/wp\/v2\/product"}],"about":[{"href":"https:\/\/www.leriff.ch\/en\/wp-json\/wp\/v2\/types\/product"}],"replies":[{"embeddable":true,"href":"https:\/\/www.leriff.ch\/en\/wp-json\/wp\/v2\/comments?post=43552"}],"wp:featuredmedia":[{"embeddable":true,"href":"https:\/\/www.leriff.ch\/en\/wp-json\/wp\/v2\/media\/43571"}],"wp:attachment":[{"href":"https:\/\/www.leriff.ch\/en\/wp-json\/wp\/v2\/media?parent=43552"}],"wp:term":[{"taxonomy":"product_brand","embeddable":true,"href":"https:\/\/www.leriff.ch\/en\/wp-json\/wp\/v2\/product_brand?post=43552"},{"taxonomy":"product_cat","embeddable":true,"href":"https:\/\/www.leriff.ch\/en\/wp-json\/wp\/v2\/product_cat?post=43552"},{"taxonomy":"product_tag","embeddable":true,"href":"https:\/\/www.leriff.ch\/en\/wp-json\/wp\/v2\/product_tag?post=43552"}],"curies":[{"name":"wp","href":"https:\/\/api.w.org\/{rel}","templated":true}]}}