{"id":43812,"date":"2023-04-10T20:34:44","date_gmt":"2023-04-10T22:10:43","guid":{"rendered":"https:\/\/www.leriff.ch\/produit\/hashish-tutti-frutti\/"},"modified":"2023-04-11T00:10:43","modified_gmt":"2023-04-10T22:10:43","slug":"hashish-pollen-cannabis-tutti-frutti-cbd","status":"publish","type":"product","link":"https:\/\/www.leriff.ch\/en\/product\/hashish-pollen-cannabis-tutti-frutti-cbd\/","title":{"rendered":"Hashish \u2013 Tutti Frutti"},"content":{"rendered":"<p>Cannabis Tutti Frutti CBD hashish Polen is a concentrated form of trichomes, the small resin glands that cover cannabis flowers, with a high cannabidiol (CBD) content. Here are the steps to produce Tutti Frutti CBD Cannabis Pollen Hash:<\/p>\n<ol>\n<li>Harvest mature, well-developed Tutti Frutti CBD cannabis buds.<\/li>\n<li>Place the buds in a large plastic bag or bucket and put them in the freezer for a few hours. This will make it easier to separate the trichomes.<\/li>\n<li>Once the buds are frozen, use a fine-mesh sieve to sift the buds and collect the trichomes. You can use several sieves with different meshes to obtain different grades of Polen hashish from Cannabis Tutti Frutti CBD.<\/li>\n<li>Collect the sieved Tutti Frutti CBD Cannabis Pollen Hashish in a clean container.<\/li>\n<li>If you want to improve the quality of the Pollen hashish of Cannabis Tutti Frutti CBD, you can press it with a pollen press to transform it into a denser and more compact form.<\/li>\n<\/ol>\n<p>Cannabis Tutti Frutti CBD hashish Polen is a highly concentrated form of trichomes containing cannabidiol, which is often used to produce cannabis extractions, such as oils and concentrates.<\/p>\n","protected":false},"excerpt":{"rendered":"<p>Aroma and flavor: Tutti Frutti CBD Cannabis Pollen Hashish has an intense aroma and flavor of tropical fruits and berries, with subtle hints of pine and spice.<\/p>\n","protected":false},"featured_media":43760,"comment_status":"closed","ping_status":"closed","template":"","meta":{"inline_featured_image":false},"product_brand":[],"product_cat":[3227,3873],"product_tag":[],"class_list":{"0":"post-43812","1":"product","2":"type-product","3":"status-publish","4":"has-post-thumbnail","6":"product_cat-cannabis-pollen","7":"product_cat-hashish-en","9":"first","10":"instock","11":"featured","12":"shipping-taxable","13":"purchasable","14":"product-type-variable","15":"has-default-attributes"},"yoast_head":"<!-- This site is optimized with the Yoast SEO Premium plugin v25.9 (Yoast SEO v27.3) - https:\/\/yoast.com\/product\/yoast-seo-premium-wordpress\/ -->\n<title>Hashish \u2013 Tutti Frutti - Le Riff<\/title>\n<meta name=\"description\" content=\"Aroma and flavor: Tutti Frutti CBD Cannabis Pollen Hashish has an intense aroma and flavor of tropical fruits and berries, with subtle hints of pine and spice.\" \/>\n<meta name=\"robots\" content=\"index, follow, max-snippet:-1, max-image-preview:large, max-video-preview:-1\" \/>\n<link rel=\"canonical\" href=\"https:\/\/www.leriff.ch\/en\/product\/hashish-pollen-cannabis-tutti-frutti-cbd\/\" \/>\n<meta property=\"og:locale\" content=\"en_US\" \/>\n<meta property=\"og:type\" content=\"article\" \/>\n<meta property=\"og:title\" content=\"Hashish \u2013 Tutti Frutti\" \/>\n<meta property=\"og:description\" content=\"Aroma and flavor: Tutti Frutti CBD Cannabis Pollen Hashish has an intense aroma and flavor of tropical fruits and berries, with subtle hints of pine and spice.\" \/>\n<meta property=\"og:url\" content=\"https:\/\/www.leriff.ch\/en\/product\/hashish-pollen-cannabis-tutti-frutti-cbd\/\" \/>\n<meta property=\"og:site_name\" content=\"Le Riff\" \/>\n<meta property=\"article:publisher\" content=\"https:\/\/www.facebook.com\/Leriff.ch\" \/>\n<meta property=\"og:image\" content=\"https:\/\/www.leriff.ch\/wp-content\/uploads\/2023\/04\/haschisch-Polen-de-Cannabis-tutti-frutti-cbd-leriff.jpg\" \/>\n\t<meta property=\"og:image:width\" content=\"1200\" \/>\n\t<meta property=\"og:image:height\" content=\"1200\" \/>\n\t<meta property=\"og:image:type\" content=\"image\/jpeg\" \/>\n<meta name=\"twitter:card\" content=\"summary_large_image\" \/>\n<meta name=\"twitter:label1\" content=\"Est. reading time\" \/>\n\t<meta name=\"twitter:data1\" content=\"1 minute\" \/>\n<script type=\"application\/ld+json\" class=\"yoast-schema-graph\">{\"@context\":\"https:\\\/\\\/schema.org\",\"@graph\":[{\"@type\":\"WebPage\",\"@id\":\"https:\\\/\\\/www.leriff.ch\\\/en\\\/product\\\/hashish-pollen-cannabis-tutti-frutti-cbd\\\/\",\"url\":\"https:\\\/\\\/www.leriff.ch\\\/en\\\/product\\\/hashish-pollen-cannabis-tutti-frutti-cbd\\\/\",\"name\":\"Hashish \u2013 Tutti Frutti - Le Riff\",\"isPartOf\":{\"@id\":\"https:\\\/\\\/www.leriff.ch\\\/en\\\/#website\"},\"primaryImageOfPage\":{\"@id\":\"https:\\\/\\\/www.leriff.ch\\\/en\\\/product\\\/hashish-pollen-cannabis-tutti-frutti-cbd\\\/#primaryimage\"},\"image\":{\"@id\":\"https:\\\/\\\/www.leriff.ch\\\/en\\\/product\\\/hashish-pollen-cannabis-tutti-frutti-cbd\\\/#primaryimage\"},\"thumbnailUrl\":\"https:\\\/\\\/www.leriff.ch\\\/wp-content\\\/uploads\\\/2023\\\/04\\\/haschisch-Polen-de-Cannabis-tutti-frutti-cbd-leriff.jpg\",\"datePublished\":\"2023-04-10T22:10:43+00:00\",\"description\":\"Aroma and flavor: Tutti Frutti CBD Cannabis Pollen Hashish has an intense aroma and flavor of tropical fruits and berries, with subtle hints of pine and spice.\",\"breadcrumb\":{\"@id\":\"https:\\\/\\\/www.leriff.ch\\\/en\\\/product\\\/hashish-pollen-cannabis-tutti-frutti-cbd\\\/#breadcrumb\"},\"inLanguage\":\"en-US\",\"potentialAction\":[{\"@type\":\"ReadAction\",\"target\":[\"https:\\\/\\\/www.leriff.ch\\\/en\\\/product\\\/hashish-pollen-cannabis-tutti-frutti-cbd\\\/\"]}]},{\"@type\":\"ImageObject\",\"inLanguage\":\"en-US\",\"@id\":\"https:\\\/\\\/www.leriff.ch\\\/en\\\/product\\\/hashish-pollen-cannabis-tutti-frutti-cbd\\\/#primaryimage\",\"url\":\"https:\\\/\\\/www.leriff.ch\\\/wp-content\\\/uploads\\\/2023\\\/04\\\/haschisch-Polen-de-Cannabis-tutti-frutti-cbd-leriff.jpg\",\"contentUrl\":\"https:\\\/\\\/www.leriff.ch\\\/wp-content\\\/uploads\\\/2023\\\/04\\\/haschisch-Polen-de-Cannabis-tutti-frutti-cbd-leriff.jpg\",\"width\":1200,\"height\":1200,\"caption\":\"Ar\u00f4me et saveur : Le haschisch Polen de Cannabis Tutti Frutti CBD a un ar\u00f4me et une saveur intenses de fruits tropicaux et de baies, avec des notes subtiles de pin et d'\u00e9pices.\"},{\"@type\":\"BreadcrumbList\",\"@id\":\"https:\\\/\\\/www.leriff.ch\\\/en\\\/product\\\/hashish-pollen-cannabis-tutti-frutti-cbd\\\/#breadcrumb\",\"itemListElement\":[{\"@type\":\"ListItem\",\"position\":1,\"name\":\"Accueil\",\"item\":\"https:\\\/\\\/www.leriff.ch\\\/en\\\/\"},{\"@type\":\"ListItem\",\"position\":2,\"name\":\"Shop\",\"item\":\"https:\\\/\\\/www.leriff.ch\\\/en\\\/shop-cbd\\\/\"},{\"@type\":\"ListItem\",\"position\":3,\"name\":\"Hashish\",\"item\":\"https:\\\/\\\/www.leriff.ch\\\/en\\\/categorie-produit\\\/hashish-en\\\/\"},{\"@type\":\"ListItem\",\"position\":4,\"name\":\"Hashish \u2013 Tutti Frutti\"}]},{\"@type\":\"WebSite\",\"@id\":\"https:\\\/\\\/www.leriff.ch\\\/en\\\/#website\",\"url\":\"https:\\\/\\\/www.leriff.ch\\\/en\\\/\",\"name\":\"Le Riff\",\"description\":\"Fleurs de Cannabis CBD\",\"publisher\":{\"@id\":\"https:\\\/\\\/www.leriff.ch\\\/en\\\/#organization\"},\"potentialAction\":[{\"@type\":\"SearchAction\",\"target\":{\"@type\":\"EntryPoint\",\"urlTemplate\":\"https:\\\/\\\/www.leriff.ch\\\/en\\\/?s={search_term_string}\"},\"query-input\":{\"@type\":\"PropertyValueSpecification\",\"valueRequired\":true,\"valueName\":\"search_term_string\"}}],\"inLanguage\":\"en-US\"},{\"@type\":\"Organization\",\"@id\":\"https:\\\/\\\/www.leriff.ch\\\/en\\\/#organization\",\"name\":\"le riff\",\"url\":\"https:\\\/\\\/www.leriff.ch\\\/en\\\/\",\"logo\":{\"@type\":\"ImageObject\",\"inLanguage\":\"en-US\",\"@id\":\"https:\\\/\\\/www.leriff.ch\\\/en\\\/#\\\/schema\\\/logo\\\/image\\\/\",\"url\":\"https:\\\/\\\/www.leriff.ch\\\/wp-content\\\/uploads\\\/2019\\\/10\\\/logo_carre.png\",\"contentUrl\":\"https:\\\/\\\/www.leriff.ch\\\/wp-content\\\/uploads\\\/2019\\\/10\\\/logo_carre.png\",\"width\":130,\"height\":130,\"caption\":\"le riff\"},\"image\":{\"@id\":\"https:\\\/\\\/www.leriff.ch\\\/en\\\/#\\\/schema\\\/logo\\\/image\\\/\"},\"sameAs\":[\"https:\\\/\\\/www.facebook.com\\\/Leriff.ch\"]}]}<\/script>\n<!-- \/ Yoast SEO Premium plugin. -->","yoast_head_json":{"title":"Hashish \u2013 Tutti Frutti - Le Riff","description":"Aroma and flavor: Tutti Frutti CBD Cannabis Pollen Hashish has an intense aroma and flavor of tropical fruits and berries, with subtle hints of pine and spice.","robots":{"index":"index","follow":"follow","max-snippet":"max-snippet:-1","max-image-preview":"max-image-preview:large","max-video-preview":"max-video-preview:-1"},"canonical":"https:\/\/www.leriff.ch\/en\/product\/hashish-pollen-cannabis-tutti-frutti-cbd\/","og_locale":"en_US","og_type":"article","og_title":"Hashish \u2013 Tutti Frutti","og_description":"Aroma and flavor: Tutti Frutti CBD Cannabis Pollen Hashish has an intense aroma and flavor of tropical fruits and berries, with subtle hints of pine and spice.","og_url":"https:\/\/www.leriff.ch\/en\/product\/hashish-pollen-cannabis-tutti-frutti-cbd\/","og_site_name":"Le Riff","article_publisher":"https:\/\/www.facebook.com\/Leriff.ch","og_image":[{"width":1200,"height":1200,"url":"https:\/\/www.leriff.ch\/wp-content\/uploads\/2023\/04\/haschisch-Polen-de-Cannabis-tutti-frutti-cbd-leriff.jpg","type":"image\/jpeg"}],"twitter_card":"summary_large_image","twitter_misc":{"Est. reading time":"1 minute"},"schema":{"@context":"https:\/\/schema.org","@graph":[{"@type":"WebPage","@id":"https:\/\/www.leriff.ch\/en\/product\/hashish-pollen-cannabis-tutti-frutti-cbd\/","url":"https:\/\/www.leriff.ch\/en\/product\/hashish-pollen-cannabis-tutti-frutti-cbd\/","name":"Hashish \u2013 Tutti Frutti - Le Riff","isPartOf":{"@id":"https:\/\/www.leriff.ch\/en\/#website"},"primaryImageOfPage":{"@id":"https:\/\/www.leriff.ch\/en\/product\/hashish-pollen-cannabis-tutti-frutti-cbd\/#primaryimage"},"image":{"@id":"https:\/\/www.leriff.ch\/en\/product\/hashish-pollen-cannabis-tutti-frutti-cbd\/#primaryimage"},"thumbnailUrl":"https:\/\/www.leriff.ch\/wp-content\/uploads\/2023\/04\/haschisch-Polen-de-Cannabis-tutti-frutti-cbd-leriff.jpg","datePublished":"2023-04-10T22:10:43+00:00","description":"Aroma and flavor: Tutti Frutti CBD Cannabis Pollen Hashish has an intense aroma and flavor of tropical fruits and berries, with subtle hints of pine and spice.","breadcrumb":{"@id":"https:\/\/www.leriff.ch\/en\/product\/hashish-pollen-cannabis-tutti-frutti-cbd\/#breadcrumb"},"inLanguage":"en-US","potentialAction":[{"@type":"ReadAction","target":["https:\/\/www.leriff.ch\/en\/product\/hashish-pollen-cannabis-tutti-frutti-cbd\/"]}]},{"@type":"ImageObject","inLanguage":"en-US","@id":"https:\/\/www.leriff.ch\/en\/product\/hashish-pollen-cannabis-tutti-frutti-cbd\/#primaryimage","url":"https:\/\/www.leriff.ch\/wp-content\/uploads\/2023\/04\/haschisch-Polen-de-Cannabis-tutti-frutti-cbd-leriff.jpg","contentUrl":"https:\/\/www.leriff.ch\/wp-content\/uploads\/2023\/04\/haschisch-Polen-de-Cannabis-tutti-frutti-cbd-leriff.jpg","width":1200,"height":1200,"caption":"Ar\u00f4me et saveur : Le haschisch Polen de Cannabis Tutti Frutti CBD a un ar\u00f4me et une saveur intenses de fruits tropicaux et de baies, avec des notes subtiles de pin et d'\u00e9pices."},{"@type":"BreadcrumbList","@id":"https:\/\/www.leriff.ch\/en\/product\/hashish-pollen-cannabis-tutti-frutti-cbd\/#breadcrumb","itemListElement":[{"@type":"ListItem","position":1,"name":"Accueil","item":"https:\/\/www.leriff.ch\/en\/"},{"@type":"ListItem","position":2,"name":"Shop","item":"https:\/\/www.leriff.ch\/en\/shop-cbd\/"},{"@type":"ListItem","position":3,"name":"Hashish","item":"https:\/\/www.leriff.ch\/en\/categorie-produit\/hashish-en\/"},{"@type":"ListItem","position":4,"name":"Hashish \u2013 Tutti Frutti"}]},{"@type":"WebSite","@id":"https:\/\/www.leriff.ch\/en\/#website","url":"https:\/\/www.leriff.ch\/en\/","name":"Le Riff","description":"Fleurs de Cannabis CBD","publisher":{"@id":"https:\/\/www.leriff.ch\/en\/#organization"},"potentialAction":[{"@type":"SearchAction","target":{"@type":"EntryPoint","urlTemplate":"https:\/\/www.leriff.ch\/en\/?s={search_term_string}"},"query-input":{"@type":"PropertyValueSpecification","valueRequired":true,"valueName":"search_term_string"}}],"inLanguage":"en-US"},{"@type":"Organization","@id":"https:\/\/www.leriff.ch\/en\/#organization","name":"le riff","url":"https:\/\/www.leriff.ch\/en\/","logo":{"@type":"ImageObject","inLanguage":"en-US","@id":"https:\/\/www.leriff.ch\/en\/#\/schema\/logo\/image\/","url":"https:\/\/www.leriff.ch\/wp-content\/uploads\/2019\/10\/logo_carre.png","contentUrl":"https:\/\/www.leriff.ch\/wp-content\/uploads\/2019\/10\/logo_carre.png","width":130,"height":130,"caption":"le riff"},"image":{"@id":"https:\/\/www.leriff.ch\/en\/#\/schema\/logo\/image\/"},"sameAs":["https:\/\/www.facebook.com\/Leriff.ch"]}]}},"_links":{"self":[{"href":"https:\/\/www.leriff.ch\/en\/wp-json\/wp\/v2\/product\/43812","targetHints":{"allow":["GET"]}}],"collection":[{"href":"https:\/\/www.leriff.ch\/en\/wp-json\/wp\/v2\/product"}],"about":[{"href":"https:\/\/www.leriff.ch\/en\/wp-json\/wp\/v2\/types\/product"}],"replies":[{"embeddable":true,"href":"https:\/\/www.leriff.ch\/en\/wp-json\/wp\/v2\/comments?post=43812"}],"wp:featuredmedia":[{"embeddable":true,"href":"https:\/\/www.leriff.ch\/en\/wp-json\/wp\/v2\/media\/43760"}],"wp:attachment":[{"href":"https:\/\/www.leriff.ch\/en\/wp-json\/wp\/v2\/media?parent=43812"}],"wp:term":[{"taxonomy":"product_brand","embeddable":true,"href":"https:\/\/www.leriff.ch\/en\/wp-json\/wp\/v2\/product_brand?post=43812"},{"taxonomy":"product_cat","embeddable":true,"href":"https:\/\/www.leriff.ch\/en\/wp-json\/wp\/v2\/product_cat?post=43812"},{"taxonomy":"product_tag","embeddable":true,"href":"https:\/\/www.leriff.ch\/en\/wp-json\/wp\/v2\/product_tag?post=43812"}],"curies":[{"name":"wp","href":"https:\/\/api.w.org\/{rel}","templated":true}]}}