{"id":40211,"date":"2021-08-13T22:48:52","date_gmt":"2021-08-13T22:48:52","guid":{"rendered":"https:\/\/www.leriff.ch\/condizioni-generali-di-vendita\/"},"modified":"2021-11-12T10:32:46","modified_gmt":"2021-11-12T10:32:46","slug":"condizioni-generali-di-vendita","status":"publish","type":"page","link":"https:\/\/www.leriff.ch\/it\/condizioni-generali-di-vendita\/","title":{"rendered":"Condizioni generali di vendita"},"content":{"rendered":"\n<h1 class=\"wp-block-heading\" id=\"h-leriff-ch\">leriff.ch<\/h1>\n<blockquote>\n<h4><strong>Consegna o consegna per posta svizzera!<\/strong><\/h4>\n<section class=\"woocommerce-bacs-bank-details\">\n<h2 class=\"wc-bacs-bank-details-heading\">Le nostre coordinate bancarie<\/h2>\n<h3 class=\"wc-bacs-bank-details-account-name\">Upframe SARL:<\/h3>\n<ul class=\"wc-bacs-bank-details order_details bacs_details\">\n<li class=\"bank_name\">Banca: <strong>Post Finance<\/strong><\/li>\n<li class=\"account_number\">Numero di conto: <strong>15-263214-3<\/strong><\/li>\n<li class=\"iban\">IBAN: <strong>CH93 0900 0000 1526 32 14 3<\/strong><\/li>\n<li class=\"bic\">BIC: <strong>POFICHBEXXX<\/strong><\/li>\n<\/ul>\n<\/section>\n<\/blockquote>\n<h4>Consegne Ginevra<\/h4>\n<p>Ordina prima delle 12.00:<\/p>\n<p>Consegna entro un giorno<\/p>\n<h2>Aree di consegna<\/h2>\n<p>Ginevra<\/p>\n<h2>Per il resto della Svizzera<\/h2>\n<p>Spedizione entro -24h<\/p>\n<p>Consegna entro 3 o 5 giorni<\/p>\n<div>\n<p>Condizioni di consegna<\/p>\n<ul>\n<li>6\/7 giorni (dal luned\u00ec al sabato)<\/li>\n<li>consegna entro un giorno<\/li>\n<li>Ordine minimo di CHF 50.00<\/li>\n<li>Solo pagamento in contanti o Iban, Bvr<\/li>\n<li>L&#8217;ordine pu\u00f2 essere effettuato lo stesso giorno della consegna, al pi\u00f9 tardi prima delle 12.00.<\/li>\n<\/ul>\n<\/div>\n<div>\n<div>\n<p>Nome del conto: <strong>Upframe SARL<\/strong><\/p>\n<p>Numero di conto: <strong>15-263214-3<\/strong><\/p>\n<p>Nome della banca: <strong>Post Finance<\/strong><\/p>\n<p>IBAN: <strong>CH93 0900 0000 1526 32 14 3<\/strong><\/p>\n<p>BIC \/ Swift: <strong>POFICHBEXXX<\/strong><\/p>\n<p>Contatto:<br \/><strong>Upframe \u2013 SARL<br data-rich-text-line-break=\"true\">Rue Liotard 6<br data-rich-text-line-break=\"true\">1202 Ginevra<br data-rich-text-line-break=\"true\">Svizzera<br data-rich-text-line-break=\"true\">WhatsApp<br data-rich-text-line-break=\"true\">Tel: +41 78 627 00 58<br data-rich-text-line-break=\"true\">Email: leriff@leriff.ch<br data-rich-text-line-break=\"true\">www.leriff.ch<\/strong><\/p>\n<h2>Zone di consegna e tariffe per Ginevra<\/h2>\n<ul>\n<li>Consegna locale : Consegna gratuita<\/li>\n<li>Consegna al di fuori del cantone di GE, in posta A (territorio svizzero)<br \/>Solo busta e spese postali: gratis<\/li>\n<\/ul>\n<\/div>\n<\/div>\n<h2>Tempi di consegna<\/h2>\n<div>\n<p>Le Riff offre un servizio di consegna che permette di essere consegnato entro un giorno dall&#8217;ordine:<\/p>\n<p>L&#8217;ordine viene effettuato tramite un <a href=\"https:\/\/www.leriff.ch\/it\/contatto\/\">modulo<\/a> inserendo i vostri dati:<\/p>\n<p>&gt; Nome e cognome<\/p>\n<p>&gt; Luoghi di consegna (Indirizzo, numero di edificio, piano, codice di ingresso)<\/p>\n<p>Gli ordini sono pagati in contanti al ricevimento della consegna.<\/p>\n<\/div>\n<div>\n<p><strong>Le condizioni generali di vendita sono valide tra l&#8217;acquirente e Upframe SARL, proprietario e gestore del sito leriff.ch. L&#8217;uso del sito web \u00e8 regolato da questi termini e condizioni e dalla nostra politica sulla privacy.<\/strong><\/p>\n<p>Le <strong>condizioni generali di vendita<\/strong> si applicano a tutti i prodotti del nostro sito. Si prega di prenderne nota prima di ordinare sul nostro sito web. Poich\u00e9 i termini e le condizioni possono essere aggiornati, si prega di controllarli prima di ogni ordine.<\/p>\n<h3>Accettazione delle <strong>condizioni generali di vendita<\/strong><\/h3>\n<p>Qualsiasi ordine sul sito deve essere accompagnato dalla piena accettazione delle condizioni generali di vendita. Vi sar\u00e0 chiesto di leggerle e accettarle al momento del check-out.<\/p>\n<h3>Et\u00e0 legale<\/h3>\n<p>L&#8217;et\u00e0 minima per visitare il sito leriff.ch ed effettuare un ordine \u00e8 di 18 anni. Accettando i termini e le condizioni, confermi di avere almeno 18 anni di et\u00e0.<\/p>\n<p><strong>Non adatto ai minori di 18 anni<\/strong><\/p>\n<\/div>\n<p><img decoding=\"async\" class=\"alignnone wp-image-40214\" src=\"https:\/\/www.leriff.ch\/wp-content\/uploads\/2018\/11\/interditauxmoinsde18ans.png\" alt=\"\" width=\"170\" height=\"170\" srcset=\"https:\/\/www.leriff.ch\/wp-content\/uploads\/2018\/11\/interditauxmoinsde18ans.png 300w, https:\/\/www.leriff.ch\/wp-content\/uploads\/2018\/11\/interditauxmoinsde18ans-150x150.png 150w, https:\/\/www.leriff.ch\/wp-content\/uploads\/2018\/11\/interditauxmoinsde18ans-80x80.png 80w, https:\/\/www.leriff.ch\/wp-content\/uploads\/2018\/11\/interditauxmoinsde18ans-100x100.png 100w\" sizes=\"(max-width: 170px) 100vw, 170px\" \/><\/p>\n<h3>Olio aromatico<\/h3>\n<p><a href=\"https:\/\/www.leriff.ch\/wp-content\/uploads\/2021\/11\/attention-color.jpg\"><img decoding=\"async\" class=\"alignnone wp-image-40421 size-full\" src=\"https:\/\/www.leriff.ch\/wp-content\/uploads\/2021\/11\/attention-color.jpg\" alt=\"\" width=\"121\" height=\"91\"><\/a><\/p>\n<p>Olio Aromatico<\/p>\n<p>Pu\u00f2 compromettere la fertilit\u00e0 o il nascituro.<br \/>Non destinato all&#8217;ingestione.<\/p>\n<p>Uso: Olio aromatico<\/p>\n<div>\n<h3>Protezione dei dati<\/h3>\n<p>Tutte le vostre informazioni personali sono considerate confidenziali. Sono soggetti al trattamento informatico e sono utilizzati esclusivamente per la gestione degli ordini. Non vengono trasmessi a terzi in nessun caso.<\/p>\n<p>Puoi chiederci di cancellarli in qualsiasi momento inviando un messaggio a <a href=\"mailto:leriff@leriff.ch\">leriff@leriff.ch<\/a> o per posta a Upframe Sarl Rue Liotard 6 1202 Ginevra Svizzera.<\/p>\n<h3>prezzo<\/h3>\n<p>Tutti i prezzi sono espressi in franchi svizzeri.<\/p>\n<h3>Garanzia<\/h3>\n<p>Gli articoli in garanzia sono soggetti alle condizioni dell&#8217;offerta valida al momento dell&#8217;acquisto. Dovresti conservare con cura tutti i documenti di supporto. La garanzia non copre l&#8217;uso improprio, gli urti, la cattiva manutenzione o la normale usura.<\/p>\n<h3>Disponibilit\u00e0<\/h3>\n<p>Se un prodotto non \u00e8 in stock, vi informeremo della sua disponibilit\u00e0 il pi\u00f9 presto possibile. Puoi cancellare l&#8217;ordine se lo desideri e ricevere un rimborso completo.<\/p>\n<h3>Pagamento<\/h3>\n<p>Effettua il pagamento direttamente dal tuo conto bancario. Si prega di utilizzare l&#8217;ID dell&#8217;ordine come riferimento di pagamento. Il tuo ordine non sar\u00e0 spedito fino a quando i fondi non saranno ricevuti.<\/p>\n<h3>Consegna<\/h3>\n<p>Tutti i nostri pacchi sono consegnati dalla Posta Svizzera.<\/p>\n<h3>Restituzioni e rimborsi<\/h3>\n<p>Solo i prodotti non aperti e completamente sigillati possono essere restituiti, entro 14 giorni, con la prova dell&#8217;ordine sul nostro sito web.<br \/>Il rimborso sar\u00e0 effettuato non appena saremo soddisfatti che il tuo reso sia in buone condizioni.<br \/>La restituzione avviene per posta, a vostre spese. Si prega di indicare il vostro conto bancario, se applicabile.<\/p>\n<h3>Classificazione dei prodotti CBD<\/h3>\n<p>I prodotti CBD sono venduti senza alcuna indicazione medica e non possono essere usati come trattamento o sostituto di un trattamento. I prodotti non sono scientificamente riconosciuti come aventi propriet\u00e0 o virt\u00f9 farmaceutiche e terapeutiche.<\/p>\n<h3>Garanzie legali<\/h3>\n<p>Lei deve controllare il buono stato della merce consegnata e notificarci, se necessario, e in conformit\u00e0 con la legge, qualsiasi anomalia o difetto di fabbricazione affinch\u00e9 possiamo porvi rimedio.<\/p>\n<h3>Per i legali<\/h3>\n<p>Tutte le attivit\u00e0 commerciali con Upframe S\u00e0rl &#8220;LeRiff.ch&#8221; sono basate esclusivamente sul diritto svizzero. Il luogo di giurisdizione \u00e8 Ginevra.<\/p>\n<h3>Copyright<\/h3>\n<p>Il Riff \u00e8 un marchio di Upframe S\u00e0rl. Tutti i testi e le immagini del sito sono protetti da copyright.<\/p>\n<h3>Contatto<\/h3>\n<p><strong>Upframe &#8211; SARL<br \/>Rue Liotard 6<br \/>1202 Ginevra<br \/>Svizzera<\/strong><\/p>\n<\/div>\n","protected":false},"excerpt":{"rendered":"<p>leriff.ch Consegna o consegna per posta svizzera! Le nostre coordinate bancarie Upframe SARL: Banca: Post Finance Numero di conto: 15-263214-3 IBAN: CH93 0900 0000 1526 32 14 3 BIC: POFICHBEXXX Consegne Ginevra Ordina prima delle 12.00: Consegna entro un giorno Aree di consegna Ginevra Per il resto della Svizzera Spedizione entro -24h Consegna entro 3 [&hellip;]<\/p>\n","protected":false},"author":1,"featured_media":0,"parent":0,"menu_order":0,"comment_status":"closed","ping_status":"closed","template":"","meta":{"inline_featured_image":false,"footnotes":""},"class_list":["post-40211","page","type-page","status-publish","hentry"],"yoast_head":"<!-- This site is optimized with the Yoast SEO Premium plugin v25.9 (Yoast SEO v27.4) - https:\/\/yoast.com\/product\/yoast-seo-premium-wordpress\/ -->\n<title>Condizioni generali di vendita - Le Riff<\/title>\n<meta name=\"robots\" content=\"index, follow, max-snippet:-1, max-image-preview:large, max-video-preview:-1\" \/>\n<link rel=\"canonical\" href=\"https:\/\/www.leriff.ch\/it\/condizioni-generali-di-vendita\/\" \/>\n<meta property=\"og:locale\" content=\"it_IT\" \/>\n<meta property=\"og:type\" content=\"article\" \/>\n<meta property=\"og:title\" content=\"Condizioni generali di vendita\" \/>\n<meta property=\"og:description\" content=\"leriff.ch Consegna o consegna per posta svizzera! Le nostre coordinate bancarie Upframe SARL: Banca: Post Finance Numero di conto: 15-263214-3 IBAN: CH93 0900 0000 1526 32 14 3 BIC: POFICHBEXXX Consegne Ginevra Ordina prima delle 12.00: Consegna entro un giorno Aree di consegna Ginevra Per il resto della Svizzera Spedizione entro -24h Consegna entro 3 [&hellip;]\" \/>\n<meta property=\"og:url\" content=\"https:\/\/www.leriff.ch\/it\/condizioni-generali-di-vendita\/\" \/>\n<meta property=\"og:site_name\" content=\"Le Riff\" \/>\n<meta property=\"article:publisher\" content=\"https:\/\/www.facebook.com\/Leriff.ch\" \/>\n<meta property=\"article:modified_time\" content=\"2021-11-12T10:32:46+00:00\" \/>\n<meta property=\"og:image\" content=\"https:\/\/www.leriff.ch\/wp-content\/uploads\/2018\/11\/interditauxmoinsde18ans.png\" \/>\n<meta name=\"twitter:card\" content=\"summary_large_image\" \/>\n<meta name=\"twitter:label1\" content=\"Tempo di lettura stimato\" \/>\n\t<meta name=\"twitter:data1\" content=\"4 minuti\" \/>\n<script type=\"application\/ld+json\" class=\"yoast-schema-graph\">{\"@context\":\"https:\\\/\\\/schema.org\",\"@graph\":[{\"@type\":\"WebPage\",\"@id\":\"https:\\\/\\\/www.leriff.ch\\\/it\\\/condizioni-generali-di-vendita\\\/\",\"url\":\"https:\\\/\\\/www.leriff.ch\\\/it\\\/condizioni-generali-di-vendita\\\/\",\"name\":\"Condizioni generali di vendita - Le Riff\",\"isPartOf\":{\"@id\":\"https:\\\/\\\/www.leriff.ch\\\/it\\\/#website\"},\"primaryImageOfPage\":{\"@id\":\"https:\\\/\\\/www.leriff.ch\\\/it\\\/condizioni-generali-di-vendita\\\/#primaryimage\"},\"image\":{\"@id\":\"https:\\\/\\\/www.leriff.ch\\\/it\\\/condizioni-generali-di-vendita\\\/#primaryimage\"},\"thumbnailUrl\":\"https:\\\/\\\/www.leriff.ch\\\/wp-content\\\/uploads\\\/2018\\\/11\\\/interditauxmoinsde18ans.png\",\"datePublished\":\"2021-08-13T22:48:52+00:00\",\"dateModified\":\"2021-11-12T10:32:46+00:00\",\"breadcrumb\":{\"@id\":\"https:\\\/\\\/www.leriff.ch\\\/it\\\/condizioni-generali-di-vendita\\\/#breadcrumb\"},\"inLanguage\":\"it-IT\",\"potentialAction\":[{\"@type\":\"ReadAction\",\"target\":[\"https:\\\/\\\/www.leriff.ch\\\/it\\\/condizioni-generali-di-vendita\\\/\"]}]},{\"@type\":\"ImageObject\",\"inLanguage\":\"it-IT\",\"@id\":\"https:\\\/\\\/www.leriff.ch\\\/it\\\/condizioni-generali-di-vendita\\\/#primaryimage\",\"url\":\"https:\\\/\\\/www.leriff.ch\\\/wp-content\\\/uploads\\\/2018\\\/11\\\/interditauxmoinsde18ans.png\",\"contentUrl\":\"https:\\\/\\\/www.leriff.ch\\\/wp-content\\\/uploads\\\/2018\\\/11\\\/interditauxmoinsde18ans.png\"},{\"@type\":\"BreadcrumbList\",\"@id\":\"https:\\\/\\\/www.leriff.ch\\\/it\\\/condizioni-generali-di-vendita\\\/#breadcrumb\",\"itemListElement\":[{\"@type\":\"ListItem\",\"position\":1,\"name\":\"Accueil\",\"item\":\"https:\\\/\\\/www.leriff.ch\\\/it\\\/\"},{\"@type\":\"ListItem\",\"position\":2,\"name\":\"Condizioni generali di vendita\"}]},{\"@type\":\"WebSite\",\"@id\":\"https:\\\/\\\/www.leriff.ch\\\/it\\\/#website\",\"url\":\"https:\\\/\\\/www.leriff.ch\\\/it\\\/\",\"name\":\"Le Riff\",\"description\":\"Fleurs de Cannabis CBD\",\"publisher\":{\"@id\":\"https:\\\/\\\/www.leriff.ch\\\/it\\\/#organization\"},\"potentialAction\":[{\"@type\":\"SearchAction\",\"target\":{\"@type\":\"EntryPoint\",\"urlTemplate\":\"https:\\\/\\\/www.leriff.ch\\\/it\\\/?s={search_term_string}\"},\"query-input\":{\"@type\":\"PropertyValueSpecification\",\"valueRequired\":true,\"valueName\":\"search_term_string\"}}],\"inLanguage\":\"it-IT\"},{\"@type\":\"Organization\",\"@id\":\"https:\\\/\\\/www.leriff.ch\\\/it\\\/#organization\",\"name\":\"le riff\",\"url\":\"https:\\\/\\\/www.leriff.ch\\\/it\\\/\",\"logo\":{\"@type\":\"ImageObject\",\"inLanguage\":\"it-IT\",\"@id\":\"https:\\\/\\\/www.leriff.ch\\\/it\\\/#\\\/schema\\\/logo\\\/image\\\/\",\"url\":\"https:\\\/\\\/www.leriff.ch\\\/wp-content\\\/uploads\\\/2019\\\/10\\\/logo_carre.png\",\"contentUrl\":\"https:\\\/\\\/www.leriff.ch\\\/wp-content\\\/uploads\\\/2019\\\/10\\\/logo_carre.png\",\"width\":130,\"height\":130,\"caption\":\"le riff\"},\"image\":{\"@id\":\"https:\\\/\\\/www.leriff.ch\\\/it\\\/#\\\/schema\\\/logo\\\/image\\\/\"},\"sameAs\":[\"https:\\\/\\\/www.facebook.com\\\/Leriff.ch\"]}]}<\/script>\n<!-- \/ Yoast SEO Premium plugin. -->","yoast_head_json":{"title":"Condizioni generali di vendita - Le Riff","robots":{"index":"index","follow":"follow","max-snippet":"max-snippet:-1","max-image-preview":"max-image-preview:large","max-video-preview":"max-video-preview:-1"},"canonical":"https:\/\/www.leriff.ch\/it\/condizioni-generali-di-vendita\/","og_locale":"it_IT","og_type":"article","og_title":"Condizioni generali di vendita","og_description":"leriff.ch Consegna o consegna per posta svizzera! Le nostre coordinate bancarie Upframe SARL: Banca: Post Finance Numero di conto: 15-263214-3 IBAN: CH93 0900 0000 1526 32 14 3 BIC: POFICHBEXXX Consegne Ginevra Ordina prima delle 12.00: Consegna entro un giorno Aree di consegna Ginevra Per il resto della Svizzera Spedizione entro -24h Consegna entro 3 [&hellip;]","og_url":"https:\/\/www.leriff.ch\/it\/condizioni-generali-di-vendita\/","og_site_name":"Le Riff","article_publisher":"https:\/\/www.facebook.com\/Leriff.ch","article_modified_time":"2021-11-12T10:32:46+00:00","og_image":[{"url":"https:\/\/www.leriff.ch\/wp-content\/uploads\/2018\/11\/interditauxmoinsde18ans.png","type":"","width":"","height":""}],"twitter_card":"summary_large_image","twitter_misc":{"Tempo di lettura stimato":"4 minuti"},"schema":{"@context":"https:\/\/schema.org","@graph":[{"@type":"WebPage","@id":"https:\/\/www.leriff.ch\/it\/condizioni-generali-di-vendita\/","url":"https:\/\/www.leriff.ch\/it\/condizioni-generali-di-vendita\/","name":"Condizioni generali di vendita - Le Riff","isPartOf":{"@id":"https:\/\/www.leriff.ch\/it\/#website"},"primaryImageOfPage":{"@id":"https:\/\/www.leriff.ch\/it\/condizioni-generali-di-vendita\/#primaryimage"},"image":{"@id":"https:\/\/www.leriff.ch\/it\/condizioni-generali-di-vendita\/#primaryimage"},"thumbnailUrl":"https:\/\/www.leriff.ch\/wp-content\/uploads\/2018\/11\/interditauxmoinsde18ans.png","datePublished":"2021-08-13T22:48:52+00:00","dateModified":"2021-11-12T10:32:46+00:00","breadcrumb":{"@id":"https:\/\/www.leriff.ch\/it\/condizioni-generali-di-vendita\/#breadcrumb"},"inLanguage":"it-IT","potentialAction":[{"@type":"ReadAction","target":["https:\/\/www.leriff.ch\/it\/condizioni-generali-di-vendita\/"]}]},{"@type":"ImageObject","inLanguage":"it-IT","@id":"https:\/\/www.leriff.ch\/it\/condizioni-generali-di-vendita\/#primaryimage","url":"https:\/\/www.leriff.ch\/wp-content\/uploads\/2018\/11\/interditauxmoinsde18ans.png","contentUrl":"https:\/\/www.leriff.ch\/wp-content\/uploads\/2018\/11\/interditauxmoinsde18ans.png"},{"@type":"BreadcrumbList","@id":"https:\/\/www.leriff.ch\/it\/condizioni-generali-di-vendita\/#breadcrumb","itemListElement":[{"@type":"ListItem","position":1,"name":"Accueil","item":"https:\/\/www.leriff.ch\/it\/"},{"@type":"ListItem","position":2,"name":"Condizioni generali di vendita"}]},{"@type":"WebSite","@id":"https:\/\/www.leriff.ch\/it\/#website","url":"https:\/\/www.leriff.ch\/it\/","name":"Le Riff","description":"Fleurs de Cannabis CBD","publisher":{"@id":"https:\/\/www.leriff.ch\/it\/#organization"},"potentialAction":[{"@type":"SearchAction","target":{"@type":"EntryPoint","urlTemplate":"https:\/\/www.leriff.ch\/it\/?s={search_term_string}"},"query-input":{"@type":"PropertyValueSpecification","valueRequired":true,"valueName":"search_term_string"}}],"inLanguage":"it-IT"},{"@type":"Organization","@id":"https:\/\/www.leriff.ch\/it\/#organization","name":"le riff","url":"https:\/\/www.leriff.ch\/it\/","logo":{"@type":"ImageObject","inLanguage":"it-IT","@id":"https:\/\/www.leriff.ch\/it\/#\/schema\/logo\/image\/","url":"https:\/\/www.leriff.ch\/wp-content\/uploads\/2019\/10\/logo_carre.png","contentUrl":"https:\/\/www.leriff.ch\/wp-content\/uploads\/2019\/10\/logo_carre.png","width":130,"height":130,"caption":"le riff"},"image":{"@id":"https:\/\/www.leriff.ch\/it\/#\/schema\/logo\/image\/"},"sameAs":["https:\/\/www.facebook.com\/Leriff.ch"]}]}},"_links":{"self":[{"href":"https:\/\/www.leriff.ch\/it\/wp-json\/wp\/v2\/pages\/40211","targetHints":{"allow":["GET"]}}],"collection":[{"href":"https:\/\/www.leriff.ch\/it\/wp-json\/wp\/v2\/pages"}],"about":[{"href":"https:\/\/www.leriff.ch\/it\/wp-json\/wp\/v2\/types\/page"}],"author":[{"embeddable":true,"href":"https:\/\/www.leriff.ch\/it\/wp-json\/wp\/v2\/users\/1"}],"replies":[{"embeddable":true,"href":"https:\/\/www.leriff.ch\/it\/wp-json\/wp\/v2\/comments?post=40211"}],"version-history":[{"count":3,"href":"https:\/\/www.leriff.ch\/it\/wp-json\/wp\/v2\/pages\/40211\/revisions"}],"predecessor-version":[{"id":40428,"href":"https:\/\/www.leriff.ch\/it\/wp-json\/wp\/v2\/pages\/40211\/revisions\/40428"}],"wp:attachment":[{"href":"https:\/\/www.leriff.ch\/it\/wp-json\/wp\/v2\/media?parent=40211"}],"curies":[{"name":"wp","href":"https:\/\/api.w.org\/{rel}","templated":true}]}}