{"id":43136,"date":"2022-05-22T10:56:45","date_gmt":"2022-05-22T08:56:45","guid":{"rendered":"https:\/\/www.leriff.ch\/grossista-svizzero-di-cbd-a-ginevra\/"},"modified":"2022-05-22T10:56:45","modified_gmt":"2022-05-22T08:56:45","slug":"grossista-svizzero-di-cbd-a-ginevra","status":"publish","type":"page","link":"https:\/\/www.leriff.ch\/it\/grossista-svizzero-di-cbd-a-ginevra\/","title":{"rendered":"Grossista svizzero di CBD a Ginevra"},"content":{"rendered":"<h2><span class=\"st\"><em>All&#8217;ingrosso Cannabis CBD svizzera a Ginevra<br \/><\/em><\/span><\/h2>\n<p><span title=\"I nostri prodotti \"><br \/><\/span><span class=\"\" lang=\"fr\"><span title=\"Il nostro marchio \"><img decoding=\"async\" class=\"alignleft wp-image-43138 size-thumbnail\" title=\"CBD Svizzera\" src=\"https:\/\/www.leriff.ch\/wp-content\/uploads\/2017\/09\/leriff-CBD-marijuana-150x150.jpg\" alt=\"\" width=\"150\" height=\"150\" srcset=\"https:\/\/www.leriff.ch\/wp-content\/uploads\/2017\/09\/leriff-CBD-marijuana-150x150.jpg 150w, https:\/\/www.leriff.ch\/wp-content\/uploads\/2017\/09\/leriff-CBD-marijuana-100x100.jpg 100w, https:\/\/www.leriff.ch\/wp-content\/uploads\/2017\/09\/leriff-CBD-marijuana-640x640.jpg 640w\" sizes=\"(max-width: 150px) 100vw, 150px\" \/><\/span><\/span><span class=\"s1\">La nostra canapa CBD \u00e8 al 100% di produzione svizzera, il contenuto di THC \u00e8 inferiore all&#8217;1% e il contenuto di CBD \u00e8 compreso tra il 10% e il 20% (<strong><em>a seconda della coltura<\/em><\/strong>), ed \u00e8 certificato da un laboratorio accreditato. Vogliamo che il prodotto sia il pi\u00f9 trasparente possibile. La nostra canapa \u00e8 coltivata nel Seeland secondo la pi\u00f9 pura tradizione svizzera. La nostra canapa \u00e8 biologica e proviene da un&#8217;agricoltura ecologica.<\/span><\/p>\n<h2><span class=\"st\"><em><br \/>Cannabis legale con fiori di CBD<br \/><\/em><\/span><\/h2>\n<p class=\"p1\"><span class=\"s1\"><b><br \/><\/b><\/span>Noi di <em>Le Riff<\/em> lavoriamo esclusivamente con coltivatori locali che portano avanti la tradizione svizzera di coltivazione della Cannabis CBD per fornirvi una pianta ricca di <em>CBD<\/em> di alta qualit\u00e0.<\/p>\n<h2><span class=\"st\"><em>Grossisti all&#8217;ingrosso<\/em><\/span><\/h2>\n<p class=\"p1\">I test vengono eseguiti durante tutti i processi di produzione e lavorazione per garantire la conformit\u00e0 agli standard di <em>qualit\u00e0 svizzeri<\/em>.<\/p>\n<h2 class=\"p1\"><span class=\"s1\"><b>Fiori CBD all&#8217;ingrosso Svizzera a Ginevra<br \/><img decoding=\"async\" class=\"alignleft wp-image-43142 size-thumbnail\" title=\"fiori di cbd\" src=\"https:\/\/www.leriff.ch\/wp-content\/uploads\/2020\/04\/cannatonic-leriff.ch-envrac-150x150.jpg\" alt=\"\" width=\"150\" height=\"150\" srcset=\"https:\/\/www.leriff.ch\/wp-content\/uploads\/2020\/04\/cannatonic-leriff.ch-envrac-150x150.jpg 150w, https:\/\/www.leriff.ch\/wp-content\/uploads\/2020\/04\/cannatonic-leriff.ch-envrac-300x300.jpg 300w, https:\/\/www.leriff.ch\/wp-content\/uploads\/2020\/04\/cannatonic-leriff.ch-envrac.jpg 1024w, https:\/\/www.leriff.ch\/wp-content\/uploads\/2020\/04\/cannatonic-leriff.ch-envrac-768x768.jpg 768w, https:\/\/www.leriff.ch\/wp-content\/uploads\/2020\/04\/cannatonic-leriff.ch-envrac-100x100.jpg 100w\" sizes=\"(max-width: 150px) 100vw, 150px\" \/><\/b><\/span><\/h2>\n<div id=\"post-4555\" class=\"post-4555 page type-page status-publish hentry\">\n<div class=\"row\">\n<div class=\"large-12 columns\">\n<div class=\"entry-content\">\n<h4>Commercio all&#8217;ingrosso CBD Cannabis Svizzera a Ginevra<br \/>Cannabis legale, fiori di CBD all&#8217;ingrosso<\/h4>\n<p><picture><\/picture>CBD Wholesale offre una gamma di fiori di cannabis e oli di CBD provenienti dalla Svizzera. Garantiamo la qualit\u00e0 impeccabile dei nostri prodotti e un servizio di alta qualit\u00e0.<\/p>\n<p><a href=\"https:\/\/www.cbdgrossiste.ch\" target=\"_blank\" rel=\"noopener noreferrer\">https:\/\/www.cbdgrossiste.ch<\/a><\/p>\n<p><a href=\"https:\/\/www.cbdventeengros.ch\" target=\"_blank\" rel=\"noopener noreferrer\">https:\/\/www.cbdventeengros.ch<\/a><\/p>\n<\/div>\n<\/div>\n<\/div>\n<\/div>\n\n<p><\/p>\n\n<div class=\"wp-block-group alignfull\"><div class=\"wp-block-group__inner-container is-layout-flow wp-block-group-is-layout-flow\"><div data-align-buttons=\"true\" data-block-name=\"woocommerce\/product-new\" data-categories=\"[654,128]\" data-content-visibility=\"{&quot;title&quot;:true,&quot;price&quot;:true,&quot;rating&quot;:false,&quot;button&quot;:false}\" data-rows=\"1\" class=\"wc-block-grid wp-block-product-new wp-block-woocommerce-product-new wc-block-product-new has-3-columns alignwide has-aligned-buttons\"><ul class=\"wc-block-grid__products\"><li class=\"wc-block-grid__product\">\n\t\t\t\t<a href=\"https:\/\/www.leriff.ch\/it\/prodotto\/gorilla-green-house-2\/\" class=\"wc-block-grid__product-link\">\n\t\t\t\t\t\n\t\t\t\t\t<div class=\"wc-block-grid__product-image\"><img decoding=\"async\" width=\"1024\" height=\"1024\" src=\"https:\/\/www.leriff.ch\/wp-content\/uploads\/woocommerce-placeholder-1024x1024.png\" class=\"woocommerce-placeholder wp-post-image\" alt=\"\" srcset=\"https:\/\/www.leriff.ch\/wp-content\/uploads\/woocommerce-placeholder.png 1024w, https:\/\/www.leriff.ch\/wp-content\/uploads\/woocommerce-placeholder-300x300.png 300w, https:\/\/www.leriff.ch\/wp-content\/uploads\/woocommerce-placeholder-100x100.png 100w, https:\/\/www.leriff.ch\/wp-content\/uploads\/woocommerce-placeholder-150x150.png 150w, https:\/\/www.leriff.ch\/wp-content\/uploads\/woocommerce-placeholder-768x768.png 768w, https:\/\/www.leriff.ch\/wp-content\/uploads\/woocommerce-placeholder-80x80.png 80w\" sizes=\"(max-width: 1024px) 100vw, 1024px\" \/><\/div>\n\t\t\t\t\t<div class=\"wc-block-grid__product-title\">Gorilla | Green House<\/div>\n\t\t\t\t<\/a>\n\t\t\t\t<div class=\"wc-block-grid__product-price price\"><span class=\"woocommerce-Price-amount amount\">54.00&nbsp;<span class=\"woocommerce-Price-currencySymbol\">&#067;&#072;&#070;<\/span><\/span><\/div>\n\t\t\t\t\n\t\t\t\t\n\t\t\t<\/li><li class=\"wc-block-grid__product\">\n\t\t\t\t<a href=\"https:\/\/www.leriff.ch\/it\/prodotto\/lemon-green-house\/\" class=\"wc-block-grid__product-link\">\n\t\t\t\t\t\n\t\t\t\t\t<div class=\"wc-block-grid__product-image\"><img decoding=\"async\" width=\"429\" height=\"598\" src=\"https:\/\/www.leriff.ch\/wp-content\/uploads\/2021\/04\/105x148-LEMON-20CHF-12G.jpg\" class=\"attachment-woocommerce_thumbnail size-woocommerce_thumbnail\" alt=\"Fleurs CBD Lemon Green House lemon cbd Fleurs de Cannabis CBD Suisse\" srcset=\"https:\/\/www.leriff.ch\/wp-content\/uploads\/2021\/04\/105x148-LEMON-20CHF-12G.jpg 429w, https:\/\/www.leriff.ch\/wp-content\/uploads\/2021\/04\/105x148-LEMON-20CHF-12G-215x300.jpg 215w\" sizes=\"(max-width: 429px) 100vw, 429px\" \/><\/div>\n\t\t\t\t\t<div class=\"wc-block-grid__product-title\">Lemon | Green House<\/div>\n\t\t\t\t<\/a>\n\t\t\t\t<div class=\"wc-block-grid__product-price price\"><span class=\"woocommerce-Price-amount amount\">20.00&nbsp;<span class=\"woocommerce-Price-currencySymbol\">&#067;&#072;&#070;<\/span><\/span><\/div>\n\t\t\t\t\n\t\t\t\t\n\t\t\t<\/li><li class=\"wc-block-grid__product\">\n\t\t\t\t<a href=\"https:\/\/www.leriff.ch\/it\/prodotto\/cannatonic-green-house-leriff\/\" class=\"wc-block-grid__product-link\">\n\t\t\t\t\t\n\t\t\t\t\t<div class=\"wc-block-grid__product-image\"><img decoding=\"async\" width=\"429\" height=\"598\" src=\"https:\/\/www.leriff.ch\/wp-content\/uploads\/2021\/04\/105x148-CANNATONIC-20CHF-10g.jpg\" class=\"attachment-woocommerce_thumbnail size-woocommerce_thumbnail\" alt=\"Cannatonic | Green House - Fleurs de CBD Cannabis Suisse - Le Riff\" srcset=\"https:\/\/www.leriff.ch\/wp-content\/uploads\/2021\/04\/105x148-CANNATONIC-20CHF-10g.jpg 429w, https:\/\/www.leriff.ch\/wp-content\/uploads\/2021\/04\/105x148-CANNATONIC-20CHF-10g-215x300.jpg 215w\" sizes=\"(max-width: 429px) 100vw, 429px\" \/><\/div>\n\t\t\t\t\t<div class=\"wc-block-grid__product-title\">Cannatonic | Green House<\/div>\n\t\t\t\t<\/a>\n\t\t\t\t<div class=\"wc-block-grid__product-price price\"><span class=\"woocommerce-Price-amount amount\">20.00&nbsp;<span class=\"woocommerce-Price-currencySymbol\">&#067;&#072;&#070;<\/span><\/span><\/div>\n\t\t\t\t\n\t\t\t\t\n\t\t\t<\/li><\/ul><\/div><\/div><\/div>\n\n<p>\u00a0<\/p>\n","protected":false},"excerpt":{"rendered":"<p>All&#8217;ingrosso Cannabis CBD svizzera a Ginevra La nostra canapa CBD \u00e8 al 100% di produzione svizzera, il contenuto di THC \u00e8 inferiore all&#8217;1% e il contenuto di CBD \u00e8 compreso tra il 10% e il 20% (a seconda della coltura), ed \u00e8 certificato da un laboratorio accreditato. Vogliamo che il prodotto sia il pi\u00f9 trasparente [&hellip;]<\/p>\n","protected":false},"author":2,"featured_media":0,"parent":0,"menu_order":0,"comment_status":"closed","ping_status":"closed","template":"","meta":{"inline_featured_image":false,"footnotes":""},"class_list":["post-43136","page","type-page","status-publish","hentry"],"yoast_head":"<!-- This site is optimized with the Yoast SEO Premium plugin v25.9 (Yoast SEO v27.4) - https:\/\/yoast.com\/product\/yoast-seo-premium-wordpress\/ -->\n<title>Grossista svizzero di CBD a Ginevra - Le Riff - CBD all&#039;ingrosso<\/title>\n<meta name=\"description\" content=\"Grossista CBD Svizzera \u00c0 Gen\u00e8ve - A Le Riff lavoriamo esclusivamente con produttori locali di cannabis CBD.\" \/>\n<meta name=\"robots\" content=\"index, follow, max-snippet:-1, max-image-preview:large, max-video-preview:-1\" \/>\n<link rel=\"canonical\" href=\"https:\/\/www.leriff.ch\/it\/grossista-svizzero-di-cbd-a-ginevra\/\" \/>\n<meta property=\"og:locale\" content=\"it_IT\" \/>\n<meta property=\"og:type\" content=\"article\" \/>\n<meta property=\"og:title\" content=\"Grossista svizzero di CBD a Ginevra\" \/>\n<meta property=\"og:description\" content=\"Grossista CBD Svizzera \u00c0 Gen\u00e8ve - A Le Riff lavoriamo esclusivamente con produttori locali di cannabis CBD.\" \/>\n<meta property=\"og:url\" content=\"https:\/\/www.leriff.ch\/it\/grossista-svizzero-di-cbd-a-ginevra\/\" \/>\n<meta property=\"og:site_name\" content=\"Le Riff\" \/>\n<meta property=\"article:publisher\" content=\"https:\/\/www.facebook.com\/Leriff.ch\" \/>\n<meta property=\"og:image\" content=\"https:\/\/www.leriff.ch\/wp-content\/uploads\/2020\/03\/fraise-leriff.ch_-scaled.jpg\" \/>\n<meta name=\"twitter:card\" content=\"summary_large_image\" \/>\n<meta name=\"twitter:label1\" content=\"Tempo di lettura stimato\" \/>\n\t<meta name=\"twitter:data1\" content=\"1 minuto\" \/>\n<script type=\"application\/ld+json\" class=\"yoast-schema-graph\">{\"@context\":\"https:\\\/\\\/schema.org\",\"@graph\":[{\"@type\":\"WebPage\",\"@id\":\"https:\\\/\\\/www.leriff.ch\\\/it\\\/grossista-svizzero-di-cbd-a-ginevra\\\/\",\"url\":\"https:\\\/\\\/www.leriff.ch\\\/it\\\/grossista-svizzero-di-cbd-a-ginevra\\\/\",\"name\":\"Grossista svizzero di CBD a Ginevra - Le Riff - CBD all'ingrosso\",\"isPartOf\":{\"@id\":\"https:\\\/\\\/www.leriff.ch\\\/it\\\/#website\"},\"primaryImageOfPage\":{\"@id\":\"https:\\\/\\\/www.leriff.ch\\\/it\\\/grossista-svizzero-di-cbd-a-ginevra\\\/#primaryimage\"},\"image\":{\"@id\":\"https:\\\/\\\/www.leriff.ch\\\/it\\\/grossista-svizzero-di-cbd-a-ginevra\\\/#primaryimage\"},\"thumbnailUrl\":\"https:\\\/\\\/www.leriff.ch\\\/wp-content\\\/uploads\\\/2017\\\/09\\\/leriff-CBD-marijuana-150x150.jpg\",\"datePublished\":\"2022-05-22T08:56:45+00:00\",\"description\":\"Grossista CBD Svizzera \u00c0 Gen\u00e8ve - A Le Riff lavoriamo esclusivamente con produttori locali di cannabis CBD.\",\"breadcrumb\":{\"@id\":\"https:\\\/\\\/www.leriff.ch\\\/it\\\/grossista-svizzero-di-cbd-a-ginevra\\\/#breadcrumb\"},\"inLanguage\":\"it-IT\",\"potentialAction\":[{\"@type\":\"ReadAction\",\"target\":[\"https:\\\/\\\/www.leriff.ch\\\/it\\\/grossista-svizzero-di-cbd-a-ginevra\\\/\"]}]},{\"@type\":\"ImageObject\",\"inLanguage\":\"it-IT\",\"@id\":\"https:\\\/\\\/www.leriff.ch\\\/it\\\/grossista-svizzero-di-cbd-a-ginevra\\\/#primaryimage\",\"url\":\"https:\\\/\\\/www.leriff.ch\\\/wp-content\\\/uploads\\\/2017\\\/09\\\/leriff-CBD-marijuana-150x150.jpg\",\"contentUrl\":\"https:\\\/\\\/www.leriff.ch\\\/wp-content\\\/uploads\\\/2017\\\/09\\\/leriff-CBD-marijuana-150x150.jpg\"},{\"@type\":\"BreadcrumbList\",\"@id\":\"https:\\\/\\\/www.leriff.ch\\\/it\\\/grossista-svizzero-di-cbd-a-ginevra\\\/#breadcrumb\",\"itemListElement\":[{\"@type\":\"ListItem\",\"position\":1,\"name\":\"Accueil\",\"item\":\"https:\\\/\\\/www.leriff.ch\\\/it\\\/\"},{\"@type\":\"ListItem\",\"position\":2,\"name\":\"Grossista svizzero di CBD a Ginevra\"}]},{\"@type\":\"WebSite\",\"@id\":\"https:\\\/\\\/www.leriff.ch\\\/it\\\/#website\",\"url\":\"https:\\\/\\\/www.leriff.ch\\\/it\\\/\",\"name\":\"Le Riff\",\"description\":\"Fleurs de Cannabis CBD\",\"publisher\":{\"@id\":\"https:\\\/\\\/www.leriff.ch\\\/it\\\/#organization\"},\"potentialAction\":[{\"@type\":\"SearchAction\",\"target\":{\"@type\":\"EntryPoint\",\"urlTemplate\":\"https:\\\/\\\/www.leriff.ch\\\/it\\\/?s={search_term_string}\"},\"query-input\":{\"@type\":\"PropertyValueSpecification\",\"valueRequired\":true,\"valueName\":\"search_term_string\"}}],\"inLanguage\":\"it-IT\"},{\"@type\":\"Organization\",\"@id\":\"https:\\\/\\\/www.leriff.ch\\\/it\\\/#organization\",\"name\":\"le riff\",\"url\":\"https:\\\/\\\/www.leriff.ch\\\/it\\\/\",\"logo\":{\"@type\":\"ImageObject\",\"inLanguage\":\"it-IT\",\"@id\":\"https:\\\/\\\/www.leriff.ch\\\/it\\\/#\\\/schema\\\/logo\\\/image\\\/\",\"url\":\"https:\\\/\\\/www.leriff.ch\\\/wp-content\\\/uploads\\\/2019\\\/10\\\/logo_carre.png\",\"contentUrl\":\"https:\\\/\\\/www.leriff.ch\\\/wp-content\\\/uploads\\\/2019\\\/10\\\/logo_carre.png\",\"width\":130,\"height\":130,\"caption\":\"le riff\"},\"image\":{\"@id\":\"https:\\\/\\\/www.leriff.ch\\\/it\\\/#\\\/schema\\\/logo\\\/image\\\/\"},\"sameAs\":[\"https:\\\/\\\/www.facebook.com\\\/Leriff.ch\"]}]}<\/script>\n<!-- \/ Yoast SEO Premium plugin. -->","yoast_head_json":{"title":"Grossista svizzero di CBD a Ginevra - Le Riff - CBD all'ingrosso","description":"Grossista CBD Svizzera \u00c0 Gen\u00e8ve - A Le Riff lavoriamo esclusivamente con produttori locali di cannabis CBD.","robots":{"index":"index","follow":"follow","max-snippet":"max-snippet:-1","max-image-preview":"max-image-preview:large","max-video-preview":"max-video-preview:-1"},"canonical":"https:\/\/www.leriff.ch\/it\/grossista-svizzero-di-cbd-a-ginevra\/","og_locale":"it_IT","og_type":"article","og_title":"Grossista svizzero di CBD a Ginevra","og_description":"Grossista CBD Svizzera \u00c0 Gen\u00e8ve - A Le Riff lavoriamo esclusivamente con produttori locali di cannabis CBD.","og_url":"https:\/\/www.leriff.ch\/it\/grossista-svizzero-di-cbd-a-ginevra\/","og_site_name":"Le Riff","article_publisher":"https:\/\/www.facebook.com\/Leriff.ch","og_image":[{"url":"https:\/\/www.leriff.ch\/wp-content\/uploads\/2020\/03\/fraise-leriff.ch_-scaled.jpg","type":"","width":"","height":""}],"twitter_card":"summary_large_image","twitter_misc":{"Tempo di lettura stimato":"1 minuto"},"schema":{"@context":"https:\/\/schema.org","@graph":[{"@type":"WebPage","@id":"https:\/\/www.leriff.ch\/it\/grossista-svizzero-di-cbd-a-ginevra\/","url":"https:\/\/www.leriff.ch\/it\/grossista-svizzero-di-cbd-a-ginevra\/","name":"Grossista svizzero di CBD a Ginevra - Le Riff - CBD all'ingrosso","isPartOf":{"@id":"https:\/\/www.leriff.ch\/it\/#website"},"primaryImageOfPage":{"@id":"https:\/\/www.leriff.ch\/it\/grossista-svizzero-di-cbd-a-ginevra\/#primaryimage"},"image":{"@id":"https:\/\/www.leriff.ch\/it\/grossista-svizzero-di-cbd-a-ginevra\/#primaryimage"},"thumbnailUrl":"https:\/\/www.leriff.ch\/wp-content\/uploads\/2017\/09\/leriff-CBD-marijuana-150x150.jpg","datePublished":"2022-05-22T08:56:45+00:00","description":"Grossista CBD Svizzera \u00c0 Gen\u00e8ve - A Le Riff lavoriamo esclusivamente con produttori locali di cannabis CBD.","breadcrumb":{"@id":"https:\/\/www.leriff.ch\/it\/grossista-svizzero-di-cbd-a-ginevra\/#breadcrumb"},"inLanguage":"it-IT","potentialAction":[{"@type":"ReadAction","target":["https:\/\/www.leriff.ch\/it\/grossista-svizzero-di-cbd-a-ginevra\/"]}]},{"@type":"ImageObject","inLanguage":"it-IT","@id":"https:\/\/www.leriff.ch\/it\/grossista-svizzero-di-cbd-a-ginevra\/#primaryimage","url":"https:\/\/www.leriff.ch\/wp-content\/uploads\/2017\/09\/leriff-CBD-marijuana-150x150.jpg","contentUrl":"https:\/\/www.leriff.ch\/wp-content\/uploads\/2017\/09\/leriff-CBD-marijuana-150x150.jpg"},{"@type":"BreadcrumbList","@id":"https:\/\/www.leriff.ch\/it\/grossista-svizzero-di-cbd-a-ginevra\/#breadcrumb","itemListElement":[{"@type":"ListItem","position":1,"name":"Accueil","item":"https:\/\/www.leriff.ch\/it\/"},{"@type":"ListItem","position":2,"name":"Grossista svizzero di CBD a Ginevra"}]},{"@type":"WebSite","@id":"https:\/\/www.leriff.ch\/it\/#website","url":"https:\/\/www.leriff.ch\/it\/","name":"Le Riff","description":"Fleurs de Cannabis CBD","publisher":{"@id":"https:\/\/www.leriff.ch\/it\/#organization"},"potentialAction":[{"@type":"SearchAction","target":{"@type":"EntryPoint","urlTemplate":"https:\/\/www.leriff.ch\/it\/?s={search_term_string}"},"query-input":{"@type":"PropertyValueSpecification","valueRequired":true,"valueName":"search_term_string"}}],"inLanguage":"it-IT"},{"@type":"Organization","@id":"https:\/\/www.leriff.ch\/it\/#organization","name":"le riff","url":"https:\/\/www.leriff.ch\/it\/","logo":{"@type":"ImageObject","inLanguage":"it-IT","@id":"https:\/\/www.leriff.ch\/it\/#\/schema\/logo\/image\/","url":"https:\/\/www.leriff.ch\/wp-content\/uploads\/2019\/10\/logo_carre.png","contentUrl":"https:\/\/www.leriff.ch\/wp-content\/uploads\/2019\/10\/logo_carre.png","width":130,"height":130,"caption":"le riff"},"image":{"@id":"https:\/\/www.leriff.ch\/it\/#\/schema\/logo\/image\/"},"sameAs":["https:\/\/www.facebook.com\/Leriff.ch"]}]}},"_links":{"self":[{"href":"https:\/\/www.leriff.ch\/it\/wp-json\/wp\/v2\/pages\/43136","targetHints":{"allow":["GET"]}}],"collection":[{"href":"https:\/\/www.leriff.ch\/it\/wp-json\/wp\/v2\/pages"}],"about":[{"href":"https:\/\/www.leriff.ch\/it\/wp-json\/wp\/v2\/types\/page"}],"author":[{"embeddable":true,"href":"https:\/\/www.leriff.ch\/it\/wp-json\/wp\/v2\/users\/2"}],"replies":[{"embeddable":true,"href":"https:\/\/www.leriff.ch\/it\/wp-json\/wp\/v2\/comments?post=43136"}],"version-history":[{"count":1,"href":"https:\/\/www.leriff.ch\/it\/wp-json\/wp\/v2\/pages\/43136\/revisions"}],"predecessor-version":[{"id":43137,"href":"https:\/\/www.leriff.ch\/it\/wp-json\/wp\/v2\/pages\/43136\/revisions\/43137"}],"wp:attachment":[{"href":"https:\/\/www.leriff.ch\/it\/wp-json\/wp\/v2\/media?parent=43136"}],"curies":[{"name":"wp","href":"https:\/\/api.w.org\/{rel}","templated":true}]}}