{"id":43214,"date":"2022-05-24T12:40:02","date_gmt":"2022-05-24T10:40:02","guid":{"rendered":"https:\/\/www.leriff.ch\/come-acquistare-la-cannabis-cbd-a-ginevra\/"},"modified":"2022-05-24T12:40:02","modified_gmt":"2022-05-24T10:40:02","slug":"come-acquistare-la-cannabis-cbd-a-ginevra","status":"publish","type":"page","link":"https:\/\/www.leriff.ch\/it\/come-acquistare-la-cannabis-cbd-a-ginevra\/","title":{"rendered":"Come acquistare la cannabis CBD a Ginevra?"},"content":{"rendered":"<blockquote>\n<p><span class=\"st\"><em>Punto vendita CBD Svizzera!<br \/><\/em><\/span><\/p>\n<\/blockquote>\n<p><span title=\"I nostri prodotti \"><strong>I nostri prodotti<\/strong> CBD Ginevra<br \/><\/span><span class=\"\" lang=\"fr\"><span title=\"Il nostro marchio \"><a href=\"https:\/\/www.leriff.ch\/it\/prodotto\/arlequin\/\"><img decoding=\"async\" class=\"alignright wp-image-43216 size-thumbnail\" title=\"Arlequin- Cannabis CBD fiori Ginevra\" src=\"https:\/\/www.leriff.ch\/wp-content\/uploads\/2020\/03\/cannatonic-leriff.ch_-150x150.jpg\" alt=\"\" width=\"150\" height=\"150\" srcset=\"https:\/\/www.leriff.ch\/wp-content\/uploads\/2020\/03\/cannatonic-leriff.ch_-150x150.jpg 150w, https:\/\/www.leriff.ch\/wp-content\/uploads\/2020\/03\/cannatonic-leriff.ch_-300x300.jpg 300w, https:\/\/www.leriff.ch\/wp-content\/uploads\/2020\/03\/cannatonic-leriff.ch_-scaled.jpg 1024w, https:\/\/www.leriff.ch\/wp-content\/uploads\/2020\/03\/cannatonic-leriff.ch_-768x768.jpg 768w, https:\/\/www.leriff.ch\/wp-content\/uploads\/2020\/03\/cannatonic-leriff.ch_-1536x1536.jpg 1536w, https:\/\/www.leriff.ch\/wp-content\/uploads\/2020\/03\/cannatonic-leriff.ch_-100x100.jpg 100w\" sizes=\"(max-width: 150px) 100vw, 150px\" \/><\/a><\/span><\/span><span class=\"s1\">La nostra cannabis cbd \u00e8 garantita <em>100% Swiss Made<\/em> con un contenuto di THC inferiore all&#8217;1% e un contenuto di <em>CBD<\/em> compreso tra il 14% e il 20% a seconda del raccolto, con certificazione da parte di un laboratorio approvato. Vogliamo la massima trasparenza sui nostri prodotti.<br \/><\/span><span class=\"s1\">Coltivata nelle terre di Seeland nella pi\u00f9 pura tradizione dei coltivatori di canapa svizzeri, la nostra cannabis \u00e8 biologica e proviene da un&#8217;agricoltura rispettosa dell&#8217;ambiente.<\/span><strong><span class=\"s1\"><br \/><\/span><\/strong><\/p>\n<p class=\"p1\"><span class=\"s1\"><b>La nostra materia prima<br \/><\/b><\/span>A <em>Le Riff<\/em> lavoriamo esclusivamente con produttori locali che perpetuano la tradizione svizzera della coltivazione della canapa al fine di fornirvi una pianta di alta qualit\u00e0 ricca di <em>CBD<\/em>.<\/p>\n<p class=\"p1\"><span class=\"s1\"><b>Il nostro statuto<br \/><\/b><\/span>I test vengono eseguiti durante i processi di produzione e fabbricazione per garantire la conformit\u00e0 agli standard <em>Qualit\u00e0 svizzera<\/em>.<\/p>\n<p><b><a href=\"https:\/\/www.leriff.ch\/it\/prodotto\/arlequin\/\"><img decoding=\"async\" class=\"alignleft wp-image-40002 size-thumbnail\" title=\"Arlecchino\/Fiori di cannabis - LeRiff - CBD Ginevra\" src=\"https:\/\/www.leriff.ch\/wp-content\/uploads\/2020\/01\/105x148-ARLEQUIN-50CHF-150x150.jpg\" alt=\"\" width=\"150\" height=\"150\" srcset=\"https:\/\/www.leriff.ch\/wp-content\/uploads\/2020\/01\/105x148-ARLEQUIN-50CHF-150x150.jpg 150w, https:\/\/www.leriff.ch\/wp-content\/uploads\/2020\/01\/105x148-ARLEQUIN-50CHF-100x100.jpg 100w\" sizes=\"(max-width: 150px) 100vw, 150px\" \/><\/a><\/b><span class=\"s1\">La nostra cannabis cbd \u00e8 organica al 100%, coltivata senza pesticidi o fertilizzanti chimici. Abbiamo optato per la coltivazione in serra per ridurre la nostra impronta di carbonio e garantire una crescita ottimale delle piante tutto l&#8217;anno.<br \/><\/span><span class=\"s1\">I nostri agricoltori appassionati lavorano per produrre la migliore cannabis rispettando l&#8217;ambiente. <\/span><\/p>\n<p class=\"p1\"><span class=\"s1\"><b>Acquistare cannabis CBD a Ginevra<br \/><\/b><\/span>Dal confezionamento ai sottoprodotti, collaboriamo con aziende locali per garantire la tracciabilit\u00e0 dei nostri prodotti e offrirvi il meglio che la Svizzera ha da offrire!<\/p><\/p>\n\n<div class=\"wp-block-columns is-layout-flex wp-container-core-columns-is-layout-9d6595d7 wp-block-columns-is-layout-flex\">\n<div class=\"wp-block-column is-layout-flow wp-block-column-is-layout-flow\">\n<p>\u00a0<\/p>\n<\/div>\n\n\n\n<div class=\"wp-block-column is-layout-flow wp-block-column-is-layout-flow\">\n<p>\u00a0<\/p>\n<\/div>\n<\/div>\n<div data-align-buttons=\"true\" data-block-name=\"woocommerce\/product-best-sellers\" data-content-visibility=\"{&quot;title&quot;:true,&quot;price&quot;:true,&quot;rating&quot;:true,&quot;button&quot;:true}\" data-rows=\"1\" class=\"wc-block-grid wp-block-product-best-sellers wp-block-woocommerce-product-best-sellers wc-block-product-best-sellers has-3-columns has-aligned-buttons\"><ul class=\"wc-block-grid__products\"><li class=\"wc-block-grid__product\">\n\t\t\t\t<a href=\"https:\/\/www.leriff.ch\/it\/prodotto\/pollen-cbd-hashish-lemon-kush\/\" class=\"wc-block-grid__product-link\">\n\t\t\t\t\t\n\t\t\t\t\t<div class=\"wc-block-grid__product-image\"><img decoding=\"async\" width=\"1024\" height=\"1024\" src=\"https:\/\/www.leriff.ch\/wp-content\/uploads\/2023\/04\/pollen-Lemon-Kush-cbd-leriff-1024x1024.jpg\" class=\"attachment-woocommerce_thumbnail size-woocommerce_thumbnail\" alt=\"Lorsqu&#039;il est consomm\u00e9, le hashish Lemon Kush CBD peut produire un effet relaxant et apaisant tout en r\u00e9duisant l&#039;anxi\u00e9t\u00e9, la douleur et l&#039;inflammation. De plus, la vari\u00e9t\u00e9 Lemon Kush est \u00e9galement riche en limon\u00e8ne, un terp\u00e8ne qui est responsable de son ar\u00f4me citronn\u00e9 et qui peut contribuer \u00e0 am\u00e9liorer l&#039;humeur et r\u00e9duire le stress.\" srcset=\"https:\/\/www.leriff.ch\/wp-content\/uploads\/2023\/04\/pollen-Lemon-Kush-cbd-leriff-1024x1024.jpg 1024w, https:\/\/www.leriff.ch\/wp-content\/uploads\/2023\/04\/pollen-Lemon-Kush-cbd-leriff-300x300.jpg 300w, https:\/\/www.leriff.ch\/wp-content\/uploads\/2023\/04\/pollen-Lemon-Kush-cbd-leriff-150x150.jpg 150w, https:\/\/www.leriff.ch\/wp-content\/uploads\/2023\/04\/pollen-Lemon-Kush-cbd-leriff-768x768.jpg 768w, https:\/\/www.leriff.ch\/wp-content\/uploads\/2023\/04\/pollen-Lemon-Kush-cbd-leriff-100x100.jpg 100w, https:\/\/www.leriff.ch\/wp-content\/uploads\/2023\/04\/pollen-Lemon-Kush-cbd-leriff.jpg 1200w\" sizes=\"(max-width: 1024px) 100vw, 1024px\" \/><\/div>\n\t\t\t\t\t<div class=\"wc-block-grid__product-title\">Hashish &#8211; Lemon Kush<\/div>\n\t\t\t\t<\/a>\n\t\t\t\t<div class=\"wc-block-grid__product-price price\"><span class=\"woocommerce-Price-amount amount\" aria-hidden=\"true\">20.00&nbsp;<span class=\"woocommerce-Price-currencySymbol\">&#067;&#072;&#070;<\/span><\/span> <span aria-hidden=\"true\">&#8211;<\/span> <span class=\"woocommerce-Price-amount amount\" aria-hidden=\"true\">40.00&nbsp;<span class=\"woocommerce-Price-currencySymbol\">&#067;&#072;&#070;<\/span><\/span><span class=\"screen-reader-text\">Fascia di prezzo: da 20.00&nbsp;&#067;&#072;&#070; a 40.00&nbsp;&#067;&#072;&#070;<\/span><\/div>\n\t\t\t\t\n\t\t\t\t<div class=\"wp-block-button wc-block-grid__product-add-to-cart\"><a href=\"https:\/\/www.leriff.ch\/it\/prodotto\/pollen-cbd-hashish-lemon-kush\/\" aria-label=\"Seleziona le opzioni per &ldquo;Hashish - Lemon Kush&rdquo;\" data-quantity=\"1\" data-product_id=\"43810\" data-product_sku=\"\" data-price=\"20\" rel=\"nofollow\" class=\"wp-block-button__link  add_to_cart_button\">Scegli<\/a><\/div>\n\t\t\t<\/li><li class=\"wc-block-grid__product\">\n\t\t\t\t<a href=\"https:\/\/www.leriff.ch\/it\/prodotto\/arlequin\/\" class=\"wc-block-grid__product-link\">\n\t\t\t\t\t\n\t\t\t\t\t<div class=\"wc-block-grid__product-image\"><img decoding=\"async\" width=\"1024\" height=\"1024\" src=\"https:\/\/www.leriff.ch\/wp-content\/uploads\/2020\/01\/harlequin-leriff-1024x1024.jpg\" class=\"attachment-woocommerce_thumbnail size-woocommerce_thumbnail\" alt=\"Arlequin | Indoor\" srcset=\"https:\/\/www.leriff.ch\/wp-content\/uploads\/2020\/01\/harlequin-leriff.jpg 1024w, https:\/\/www.leriff.ch\/wp-content\/uploads\/2020\/01\/harlequin-leriff-300x300.jpg 300w, https:\/\/www.leriff.ch\/wp-content\/uploads\/2020\/01\/harlequin-leriff-150x150.jpg 150w, https:\/\/www.leriff.ch\/wp-content\/uploads\/2020\/01\/harlequin-leriff-768x768.jpg 768w, https:\/\/www.leriff.ch\/wp-content\/uploads\/2020\/01\/harlequin-leriff-100x100.jpg 100w\" sizes=\"(max-width: 1024px) 100vw, 1024px\" \/><\/div>\n\t\t\t\t\t<div class=\"wc-block-grid__product-title\">Arlequin | Indoor<\/div>\n\t\t\t\t<\/a>\n\t\t\t\t<div class=\"wc-block-grid__product-price price\"><span class=\"woocommerce-Price-amount amount\" aria-hidden=\"true\">20.00&nbsp;<span class=\"woocommerce-Price-currencySymbol\">&#067;&#072;&#070;<\/span><\/span> <span aria-hidden=\"true\">&#8211;<\/span> <span class=\"woocommerce-Price-amount amount\" aria-hidden=\"true\">50.00&nbsp;<span class=\"woocommerce-Price-currencySymbol\">&#067;&#072;&#070;<\/span><\/span><span class=\"screen-reader-text\">Fascia di prezzo: da 20.00&nbsp;&#067;&#072;&#070; a 50.00&nbsp;&#067;&#072;&#070;<\/span><\/div>\n\t\t\t\t<div class=\"wc-block-grid__product-rating\"><div class=\"star-rating\" role=\"img\" aria-label=\"Valutato 5.00 su 5\"><span style=\"width:100%\">Valutato <strong class=\"rating\">5.00<\/strong> su 5 su base di <span class=\"rating\">1<\/span> recensioni<\/span><\/div><\/div>\n\t\t\t\t<div class=\"wp-block-button wc-block-grid__product-add-to-cart\"><a href=\"https:\/\/www.leriff.ch\/it\/prodotto\/arlequin\/\" aria-label=\"Seleziona le opzioni per &ldquo;Arlequin | Indoor&rdquo;\" data-quantity=\"1\" data-product_id=\"39987\" data-product_sku=\"\" data-price=\"20\" rel=\"nofollow\" class=\"wp-block-button__link  add_to_cart_button\">Scegli<\/a><\/div>\n\t\t\t<\/li><li class=\"wc-block-grid__product\">\n\t\t\t\t<a href=\"https:\/\/www.leriff.ch\/it\/prodotto\/icerock\/\" class=\"wc-block-grid__product-link\">\n\t\t\t\t\t\n\t\t\t\t\t<div class=\"wc-block-grid__product-image\"><img decoding=\"async\" width=\"1024\" height=\"1024\" src=\"https:\/\/www.leriff.ch\/wp-content\/uploads\/2020\/11\/icerock-white-moonrock-meteorit-asteroid-fullvue-cbd-suisse-1024x1024.jpg\" class=\"attachment-woocommerce_thumbnail size-woocommerce_thumbnail\" alt=\"ICEROCK fleurs de cbd\" srcset=\"https:\/\/www.leriff.ch\/wp-content\/uploads\/2020\/11\/icerock-white-moonrock-meteorit-asteroid-fullvue-cbd-suisse-scaled.jpg 1024w, https:\/\/www.leriff.ch\/wp-content\/uploads\/2020\/11\/icerock-white-moonrock-meteorit-asteroid-fullvue-cbd-suisse-300x300.jpg 300w, https:\/\/www.leriff.ch\/wp-content\/uploads\/2020\/11\/icerock-white-moonrock-meteorit-asteroid-fullvue-cbd-suisse-150x150.jpg 150w, https:\/\/www.leriff.ch\/wp-content\/uploads\/2020\/11\/icerock-white-moonrock-meteorit-asteroid-fullvue-cbd-suisse-768x768.jpg 768w, https:\/\/www.leriff.ch\/wp-content\/uploads\/2020\/11\/icerock-white-moonrock-meteorit-asteroid-fullvue-cbd-suisse-1536x1536.jpg 1536w, https:\/\/www.leriff.ch\/wp-content\/uploads\/2020\/11\/icerock-white-moonrock-meteorit-asteroid-fullvue-cbd-suisse-100x100.jpg 100w\" sizes=\"(max-width: 1024px) 100vw, 1024px\" \/><\/div>\n\t\t\t\t\t<div class=\"wc-block-grid__product-title\">ICEROCK<\/div>\n\t\t\t\t<\/a>\n\t\t\t\t<div class=\"wc-block-grid__product-price price\"><span class=\"woocommerce-Price-amount amount\" aria-hidden=\"true\">20.00&nbsp;<span class=\"woocommerce-Price-currencySymbol\">&#067;&#072;&#070;<\/span><\/span> <span aria-hidden=\"true\">&#8211;<\/span> <span class=\"woocommerce-Price-amount amount\" aria-hidden=\"true\">40.00&nbsp;<span class=\"woocommerce-Price-currencySymbol\">&#067;&#072;&#070;<\/span><\/span><span class=\"screen-reader-text\">Fascia di prezzo: da 20.00&nbsp;&#067;&#072;&#070; a 40.00&nbsp;&#067;&#072;&#070;<\/span><\/div>\n\t\t\t\t\n\t\t\t\t<div class=\"wp-block-button wc-block-grid__product-add-to-cart\"><a href=\"https:\/\/www.leriff.ch\/it\/prodotto\/icerock\/\" aria-label=\"Seleziona le opzioni per &ldquo;ICEROCK&rdquo;\" data-quantity=\"1\" data-product_id=\"40530\" data-product_sku=\"\" data-price=\"20\" rel=\"nofollow\" class=\"wp-block-button__link  add_to_cart_button\">Scegli<\/a><\/div>\n\t\t\t<\/li><\/ul><\/div>","protected":false},"excerpt":{"rendered":"<p>Punto vendita CBD Svizzera! I nostri prodotti CBD GinevraLa nostra cannabis cbd \u00e8 garantita 100% Swiss Made con un contenuto di THC inferiore all&#8217;1% e un contenuto di CBD compreso tra il 14% e il 20% a seconda del raccolto, con certificazione da parte di un laboratorio approvato. Vogliamo la massima trasparenza sui nostri prodotti.Coltivata [&hellip;]<\/p>\n","protected":false},"author":2,"featured_media":0,"parent":0,"menu_order":0,"comment_status":"closed","ping_status":"closed","template":"","meta":{"inline_featured_image":false,"footnotes":""},"class_list":["post-43214","page","type-page","status-publish","hentry"],"yoast_head":"<!-- This site is optimized with the Yoast SEO Premium plugin v25.9 (Yoast SEO v27.4) - https:\/\/yoast.com\/product\/yoast-seo-premium-wordpress\/ -->\n<title>Come acquistare la cannabis CBD a Ginevra? - CBD all&#039;ingrosso - Le Riff<\/title>\n<meta name=\"description\" content=\"CBD Ginevra consegna fiori Svizzera: I nostri fiori di cannabis e oli di CBD sono garantiti Swiss Made con certificazione di laboratorio.\" \/>\n<meta name=\"robots\" content=\"index, follow, max-snippet:-1, max-image-preview:large, max-video-preview:-1\" \/>\n<link rel=\"canonical\" href=\"https:\/\/www.leriff.ch\/it\/come-acquistare-la-cannabis-cbd-a-ginevra\/\" \/>\n<meta property=\"og:locale\" content=\"it_IT\" \/>\n<meta property=\"og:type\" content=\"article\" \/>\n<meta property=\"og:title\" content=\"Come acquistare la cannabis CBD a Ginevra?\" \/>\n<meta property=\"og:description\" content=\"CBD Ginevra consegna fiori Svizzera: I nostri fiori di cannabis e oli di CBD sono garantiti Swiss Made con certificazione di laboratorio.\" \/>\n<meta property=\"og:url\" content=\"https:\/\/www.leriff.ch\/it\/come-acquistare-la-cannabis-cbd-a-ginevra\/\" \/>\n<meta property=\"og:site_name\" content=\"Le Riff\" \/>\n<meta property=\"article:publisher\" content=\"https:\/\/www.facebook.com\/Leriff.ch\" \/>\n<meta property=\"og:image\" content=\"https:\/\/www.leriff.ch\/wp-content\/uploads\/2020\/03\/cheese-leriff.ch_-scaled.jpg\" \/>\n<meta name=\"twitter:card\" content=\"summary_large_image\" \/>\n<meta name=\"twitter:label1\" content=\"Tempo di lettura stimato\" \/>\n\t<meta name=\"twitter:data1\" content=\"1 minuto\" \/>\n<script type=\"application\/ld+json\" class=\"yoast-schema-graph\">{\"@context\":\"https:\\\/\\\/schema.org\",\"@graph\":[{\"@type\":\"WebPage\",\"@id\":\"https:\\\/\\\/www.leriff.ch\\\/it\\\/come-acquistare-la-cannabis-cbd-a-ginevra\\\/\",\"url\":\"https:\\\/\\\/www.leriff.ch\\\/it\\\/come-acquistare-la-cannabis-cbd-a-ginevra\\\/\",\"name\":\"Come acquistare la cannabis CBD a Ginevra? - CBD all'ingrosso - Le Riff\",\"isPartOf\":{\"@id\":\"https:\\\/\\\/www.leriff.ch\\\/it\\\/#website\"},\"primaryImageOfPage\":{\"@id\":\"https:\\\/\\\/www.leriff.ch\\\/it\\\/come-acquistare-la-cannabis-cbd-a-ginevra\\\/#primaryimage\"},\"image\":{\"@id\":\"https:\\\/\\\/www.leriff.ch\\\/it\\\/come-acquistare-la-cannabis-cbd-a-ginevra\\\/#primaryimage\"},\"thumbnailUrl\":\"https:\\\/\\\/www.leriff.ch\\\/wp-content\\\/uploads\\\/2020\\\/03\\\/cannatonic-leriff.ch_-150x150.jpg\",\"datePublished\":\"2022-05-24T10:40:02+00:00\",\"description\":\"CBD Ginevra consegna fiori Svizzera: I nostri fiori di cannabis e oli di CBD sono garantiti Swiss Made con certificazione di laboratorio.\",\"breadcrumb\":{\"@id\":\"https:\\\/\\\/www.leriff.ch\\\/it\\\/come-acquistare-la-cannabis-cbd-a-ginevra\\\/#breadcrumb\"},\"inLanguage\":\"it-IT\",\"potentialAction\":[{\"@type\":\"ReadAction\",\"target\":[\"https:\\\/\\\/www.leriff.ch\\\/it\\\/come-acquistare-la-cannabis-cbd-a-ginevra\\\/\"]}]},{\"@type\":\"ImageObject\",\"inLanguage\":\"it-IT\",\"@id\":\"https:\\\/\\\/www.leriff.ch\\\/it\\\/come-acquistare-la-cannabis-cbd-a-ginevra\\\/#primaryimage\",\"url\":\"https:\\\/\\\/www.leriff.ch\\\/wp-content\\\/uploads\\\/2020\\\/03\\\/cannatonic-leriff.ch_-150x150.jpg\",\"contentUrl\":\"https:\\\/\\\/www.leriff.ch\\\/wp-content\\\/uploads\\\/2020\\\/03\\\/cannatonic-leriff.ch_-150x150.jpg\"},{\"@type\":\"BreadcrumbList\",\"@id\":\"https:\\\/\\\/www.leriff.ch\\\/it\\\/come-acquistare-la-cannabis-cbd-a-ginevra\\\/#breadcrumb\",\"itemListElement\":[{\"@type\":\"ListItem\",\"position\":1,\"name\":\"Accueil\",\"item\":\"https:\\\/\\\/www.leriff.ch\\\/it\\\/\"},{\"@type\":\"ListItem\",\"position\":2,\"name\":\"Come acquistare la cannabis CBD a Ginevra?\"}]},{\"@type\":\"WebSite\",\"@id\":\"https:\\\/\\\/www.leriff.ch\\\/it\\\/#website\",\"url\":\"https:\\\/\\\/www.leriff.ch\\\/it\\\/\",\"name\":\"Le Riff\",\"description\":\"Fleurs de Cannabis CBD\",\"publisher\":{\"@id\":\"https:\\\/\\\/www.leriff.ch\\\/it\\\/#organization\"},\"potentialAction\":[{\"@type\":\"SearchAction\",\"target\":{\"@type\":\"EntryPoint\",\"urlTemplate\":\"https:\\\/\\\/www.leriff.ch\\\/it\\\/?s={search_term_string}\"},\"query-input\":{\"@type\":\"PropertyValueSpecification\",\"valueRequired\":true,\"valueName\":\"search_term_string\"}}],\"inLanguage\":\"it-IT\"},{\"@type\":\"Organization\",\"@id\":\"https:\\\/\\\/www.leriff.ch\\\/it\\\/#organization\",\"name\":\"le riff\",\"url\":\"https:\\\/\\\/www.leriff.ch\\\/it\\\/\",\"logo\":{\"@type\":\"ImageObject\",\"inLanguage\":\"it-IT\",\"@id\":\"https:\\\/\\\/www.leriff.ch\\\/it\\\/#\\\/schema\\\/logo\\\/image\\\/\",\"url\":\"https:\\\/\\\/www.leriff.ch\\\/wp-content\\\/uploads\\\/2019\\\/10\\\/logo_carre.png\",\"contentUrl\":\"https:\\\/\\\/www.leriff.ch\\\/wp-content\\\/uploads\\\/2019\\\/10\\\/logo_carre.png\",\"width\":130,\"height\":130,\"caption\":\"le riff\"},\"image\":{\"@id\":\"https:\\\/\\\/www.leriff.ch\\\/it\\\/#\\\/schema\\\/logo\\\/image\\\/\"},\"sameAs\":[\"https:\\\/\\\/www.facebook.com\\\/Leriff.ch\"]}]}<\/script>\n<!-- \/ Yoast SEO Premium plugin. -->","yoast_head_json":{"title":"Come acquistare la cannabis CBD a Ginevra? - CBD all'ingrosso - Le Riff","description":"CBD Ginevra consegna fiori Svizzera: I nostri fiori di cannabis e oli di CBD sono garantiti Swiss Made con certificazione di laboratorio.","robots":{"index":"index","follow":"follow","max-snippet":"max-snippet:-1","max-image-preview":"max-image-preview:large","max-video-preview":"max-video-preview:-1"},"canonical":"https:\/\/www.leriff.ch\/it\/come-acquistare-la-cannabis-cbd-a-ginevra\/","og_locale":"it_IT","og_type":"article","og_title":"Come acquistare la cannabis CBD a Ginevra?","og_description":"CBD Ginevra consegna fiori Svizzera: I nostri fiori di cannabis e oli di CBD sono garantiti Swiss Made con certificazione di laboratorio.","og_url":"https:\/\/www.leriff.ch\/it\/come-acquistare-la-cannabis-cbd-a-ginevra\/","og_site_name":"Le Riff","article_publisher":"https:\/\/www.facebook.com\/Leriff.ch","og_image":[{"url":"https:\/\/www.leriff.ch\/wp-content\/uploads\/2020\/03\/cheese-leriff.ch_-scaled.jpg","type":"","width":"","height":""}],"twitter_card":"summary_large_image","twitter_misc":{"Tempo di lettura stimato":"1 minuto"},"schema":{"@context":"https:\/\/schema.org","@graph":[{"@type":"WebPage","@id":"https:\/\/www.leriff.ch\/it\/come-acquistare-la-cannabis-cbd-a-ginevra\/","url":"https:\/\/www.leriff.ch\/it\/come-acquistare-la-cannabis-cbd-a-ginevra\/","name":"Come acquistare la cannabis CBD a Ginevra? - CBD all'ingrosso - Le Riff","isPartOf":{"@id":"https:\/\/www.leriff.ch\/it\/#website"},"primaryImageOfPage":{"@id":"https:\/\/www.leriff.ch\/it\/come-acquistare-la-cannabis-cbd-a-ginevra\/#primaryimage"},"image":{"@id":"https:\/\/www.leriff.ch\/it\/come-acquistare-la-cannabis-cbd-a-ginevra\/#primaryimage"},"thumbnailUrl":"https:\/\/www.leriff.ch\/wp-content\/uploads\/2020\/03\/cannatonic-leriff.ch_-150x150.jpg","datePublished":"2022-05-24T10:40:02+00:00","description":"CBD Ginevra consegna fiori Svizzera: I nostri fiori di cannabis e oli di CBD sono garantiti Swiss Made con certificazione di laboratorio.","breadcrumb":{"@id":"https:\/\/www.leriff.ch\/it\/come-acquistare-la-cannabis-cbd-a-ginevra\/#breadcrumb"},"inLanguage":"it-IT","potentialAction":[{"@type":"ReadAction","target":["https:\/\/www.leriff.ch\/it\/come-acquistare-la-cannabis-cbd-a-ginevra\/"]}]},{"@type":"ImageObject","inLanguage":"it-IT","@id":"https:\/\/www.leriff.ch\/it\/come-acquistare-la-cannabis-cbd-a-ginevra\/#primaryimage","url":"https:\/\/www.leriff.ch\/wp-content\/uploads\/2020\/03\/cannatonic-leriff.ch_-150x150.jpg","contentUrl":"https:\/\/www.leriff.ch\/wp-content\/uploads\/2020\/03\/cannatonic-leriff.ch_-150x150.jpg"},{"@type":"BreadcrumbList","@id":"https:\/\/www.leriff.ch\/it\/come-acquistare-la-cannabis-cbd-a-ginevra\/#breadcrumb","itemListElement":[{"@type":"ListItem","position":1,"name":"Accueil","item":"https:\/\/www.leriff.ch\/it\/"},{"@type":"ListItem","position":2,"name":"Come acquistare la cannabis CBD a Ginevra?"}]},{"@type":"WebSite","@id":"https:\/\/www.leriff.ch\/it\/#website","url":"https:\/\/www.leriff.ch\/it\/","name":"Le Riff","description":"Fleurs de Cannabis CBD","publisher":{"@id":"https:\/\/www.leriff.ch\/it\/#organization"},"potentialAction":[{"@type":"SearchAction","target":{"@type":"EntryPoint","urlTemplate":"https:\/\/www.leriff.ch\/it\/?s={search_term_string}"},"query-input":{"@type":"PropertyValueSpecification","valueRequired":true,"valueName":"search_term_string"}}],"inLanguage":"it-IT"},{"@type":"Organization","@id":"https:\/\/www.leriff.ch\/it\/#organization","name":"le riff","url":"https:\/\/www.leriff.ch\/it\/","logo":{"@type":"ImageObject","inLanguage":"it-IT","@id":"https:\/\/www.leriff.ch\/it\/#\/schema\/logo\/image\/","url":"https:\/\/www.leriff.ch\/wp-content\/uploads\/2019\/10\/logo_carre.png","contentUrl":"https:\/\/www.leriff.ch\/wp-content\/uploads\/2019\/10\/logo_carre.png","width":130,"height":130,"caption":"le riff"},"image":{"@id":"https:\/\/www.leriff.ch\/it\/#\/schema\/logo\/image\/"},"sameAs":["https:\/\/www.facebook.com\/Leriff.ch"]}]}},"_links":{"self":[{"href":"https:\/\/www.leriff.ch\/it\/wp-json\/wp\/v2\/pages\/43214","targetHints":{"allow":["GET"]}}],"collection":[{"href":"https:\/\/www.leriff.ch\/it\/wp-json\/wp\/v2\/pages"}],"about":[{"href":"https:\/\/www.leriff.ch\/it\/wp-json\/wp\/v2\/types\/page"}],"author":[{"embeddable":true,"href":"https:\/\/www.leriff.ch\/it\/wp-json\/wp\/v2\/users\/2"}],"replies":[{"embeddable":true,"href":"https:\/\/www.leriff.ch\/it\/wp-json\/wp\/v2\/comments?post=43214"}],"version-history":[{"count":1,"href":"https:\/\/www.leriff.ch\/it\/wp-json\/wp\/v2\/pages\/43214\/revisions"}],"predecessor-version":[{"id":43215,"href":"https:\/\/www.leriff.ch\/it\/wp-json\/wp\/v2\/pages\/43214\/revisions\/43215"}],"wp:attachment":[{"href":"https:\/\/www.leriff.ch\/it\/wp-json\/wp\/v2\/media?parent=43214"}],"curies":[{"name":"wp","href":"https:\/\/api.w.org\/{rel}","templated":true}]}}