{"id":43266,"date":"2022-05-30T12:56:16","date_gmt":"2022-05-30T10:56:16","guid":{"rendered":"https:\/\/www.leriff.ch\/diventare-un-rivenditore-legale-di-cbd\/"},"modified":"2022-05-30T12:56:25","modified_gmt":"2022-05-30T10:56:25","slug":"diventare-un-rivenditore-legale-di-cbd","status":"publish","type":"page","link":"https:\/\/www.leriff.ch\/it\/diventare-un-rivenditore-legale-di-cbd\/","title":{"rendered":"Diventare un rivenditore legale di cbd"},"content":{"rendered":"<div class=\"wp-block-image is-style-rounded\">\n<figure class=\"alignleft\"><a href=\"https:\/\/www.leriff.ch\/it\/leriff-sodium-skunk-p-2\/\"><img decoding=\"async\" width=\"150\" height=\"150\" src=\"https:\/\/www.leriff.ch\/wp-content\/uploads\/2017\/12\/LeRiff-Sodium-Skunk-p-150x150.jpg\" alt=\"Diventare un rivenditore legale di cbd\" class=\"wp-image-43267\" title=\"Fiore di cannabis\" srcset=\"https:\/\/www.leriff.ch\/wp-content\/uploads\/2017\/12\/LeRiff-Sodium-Skunk-p-150x150.jpg 150w, https:\/\/www.leriff.ch\/wp-content\/uploads\/2017\/12\/LeRiff-Sodium-Skunk-p-100x100.jpg 100w\" sizes=\"(max-width: 150px) 100vw, 150px\" \/><\/a><\/figure><\/div>\n<p>LeRiff <span id=\"result_box\" class=\"\" lang=\"fr\">offre un programma di rivendita di cbd particolarmente interessante. <span class=\"\">I nostri prodotti si distinguono per l&#8217;eccezionale qualit\u00e0 e <span class=\"s1\">coltivati senza pesticidi o fertilizzanti chimici.<\/span><\/span><\/span><\/p>\n\n<p>Il nostro programma di rivendita \u00e8 rivolto ai professionisti della cannabis CBD che sono appassionati di ci\u00f2 che fanno. In qualit\u00e0 di rivenditore, vi offriamo l&#8217;infrastruttura necessaria per far crescere la vostra attivit\u00e0.<\/p>\n\n<p>Per vostra informazione, diventare un rivenditore legale di cannabis CBD non richiede alcuna autorizzazione. Inoltre, i nostri prodotti sono completamente preparati per la vendita a livello legale e amministrativo.<\/p>\n\n<p>I nostri prodotti vengono solitamente consegnati ai rivenditori entro 48 ore e sono pagabili in fattura.<\/p>\n\n<p><a href=\"http:\/\/leriff.ch\/contact\/\">Contattateci<\/a> oggi stesso per ricevere maggiori informazioni sul nostro programma per rivenditori e sui prodotti Le Riff.<\/p>\n\n<p>Per ulteriori informazioni, <a href=\"http:\/\/leriff.ch\/contact\/\">contattateci<\/a>.<\/p>\n<div data-block-name=\"woocommerce\/product-new\" data-categories=\"[654,128]\" data-rows=\"1\" class=\"wc-block-grid wp-block-product-new wp-block-woocommerce-product-new wc-block-product-new has-3-columns\"><ul class=\"wc-block-grid__products\"><li class=\"wc-block-grid__product\">\n\t\t\t\t<a href=\"https:\/\/www.leriff.ch\/it\/prodotto\/gorilla-green-house-2\/\" class=\"wc-block-grid__product-link\">\n\t\t\t\t\t\n\t\t\t\t\t<div class=\"wc-block-grid__product-image\"><img decoding=\"async\" width=\"1024\" height=\"1024\" src=\"https:\/\/www.leriff.ch\/wp-content\/uploads\/woocommerce-placeholder-1024x1024.png\" class=\"woocommerce-placeholder wp-post-image\" alt=\"\" srcset=\"https:\/\/www.leriff.ch\/wp-content\/uploads\/woocommerce-placeholder.png 1024w, https:\/\/www.leriff.ch\/wp-content\/uploads\/woocommerce-placeholder-300x300.png 300w, https:\/\/www.leriff.ch\/wp-content\/uploads\/woocommerce-placeholder-100x100.png 100w, https:\/\/www.leriff.ch\/wp-content\/uploads\/woocommerce-placeholder-150x150.png 150w, https:\/\/www.leriff.ch\/wp-content\/uploads\/woocommerce-placeholder-768x768.png 768w, https:\/\/www.leriff.ch\/wp-content\/uploads\/woocommerce-placeholder-80x80.png 80w\" sizes=\"(max-width: 1024px) 100vw, 1024px\" \/><\/div>\n\t\t\t\t\t<div class=\"wc-block-grid__product-title\">Gorilla | Green House<\/div>\n\t\t\t\t<\/a>\n\t\t\t\t<div class=\"wc-block-grid__product-price price\"><span class=\"woocommerce-Price-amount amount\">54.00&nbsp;<span class=\"woocommerce-Price-currencySymbol\">&#067;&#072;&#070;<\/span><\/span><\/div>\n\t\t\t\t\n\t\t\t\t<div class=\"wp-block-button wc-block-grid__product-add-to-cart\"><a href=\"https:\/\/www.leriff.ch\/it\/prodotto\/gorilla-green-house-2\/\" aria-label=\"Leggi di pi\u00f9 su &quot;Gorilla | Green House&quot;\" data-quantity=\"1\" data-product_id=\"41225\" data-product_sku=\"\" data-price=\"54\" rel=\"nofollow\" class=\"wp-block-button__link  add_to_cart_button\">Leggi tutto<\/a><\/div>\n\t\t\t<\/li><li class=\"wc-block-grid__product\">\n\t\t\t\t<a href=\"https:\/\/www.leriff.ch\/it\/prodotto\/lemon-green-house\/\" class=\"wc-block-grid__product-link\">\n\t\t\t\t\t\n\t\t\t\t\t<div class=\"wc-block-grid__product-image\"><img decoding=\"async\" width=\"429\" height=\"598\" src=\"https:\/\/www.leriff.ch\/wp-content\/uploads\/2021\/04\/105x148-LEMON-20CHF-12G.jpg\" class=\"attachment-woocommerce_thumbnail size-woocommerce_thumbnail\" alt=\"Fleurs CBD Lemon Green House lemon cbd Fleurs de Cannabis CBD Suisse\" srcset=\"https:\/\/www.leriff.ch\/wp-content\/uploads\/2021\/04\/105x148-LEMON-20CHF-12G.jpg 429w, https:\/\/www.leriff.ch\/wp-content\/uploads\/2021\/04\/105x148-LEMON-20CHF-12G-215x300.jpg 215w\" sizes=\"(max-width: 429px) 100vw, 429px\" \/><\/div>\n\t\t\t\t\t<div class=\"wc-block-grid__product-title\">Lemon | Green House<\/div>\n\t\t\t\t<\/a>\n\t\t\t\t<div class=\"wc-block-grid__product-price price\"><span class=\"woocommerce-Price-amount amount\">20.00&nbsp;<span class=\"woocommerce-Price-currencySymbol\">&#067;&#072;&#070;<\/span><\/span><\/div>\n\t\t\t\t\n\t\t\t\t<div class=\"wp-block-button wc-block-grid__product-add-to-cart\"><a href=\"\/it\/wp-json\/wp\/v2\/pages\/43266?add-to-cart=40040\" aria-label=\"Aggiungi al carrello: &quot;Lemon | Green House&quot;\" data-quantity=\"1\" data-product_id=\"40040\" data-product_sku=\"\" data-price=\"20\" rel=\"nofollow\" class=\"wp-block-button__link  add_to_cart_button ajax_add_to_cart\">Aggiungi al carrello<\/a><\/div>\n\t\t\t<\/li><li class=\"wc-block-grid__product\">\n\t\t\t\t<a href=\"https:\/\/www.leriff.ch\/it\/prodotto\/cannatonic-green-house-leriff\/\" class=\"wc-block-grid__product-link\">\n\t\t\t\t\t\n\t\t\t\t\t<div class=\"wc-block-grid__product-image\"><img decoding=\"async\" width=\"429\" height=\"598\" src=\"https:\/\/www.leriff.ch\/wp-content\/uploads\/2021\/04\/105x148-CANNATONIC-20CHF-10g.jpg\" class=\"attachment-woocommerce_thumbnail size-woocommerce_thumbnail\" alt=\"Cannatonic | Green House - Fleurs de CBD Cannabis Suisse - Le Riff\" srcset=\"https:\/\/www.leriff.ch\/wp-content\/uploads\/2021\/04\/105x148-CANNATONIC-20CHF-10g.jpg 429w, https:\/\/www.leriff.ch\/wp-content\/uploads\/2021\/04\/105x148-CANNATONIC-20CHF-10g-215x300.jpg 215w\" sizes=\"(max-width: 429px) 100vw, 429px\" \/><\/div>\n\t\t\t\t\t<div class=\"wc-block-grid__product-title\">Cannatonic | Green House<\/div>\n\t\t\t\t<\/a>\n\t\t\t\t<div class=\"wc-block-grid__product-price price\"><span class=\"woocommerce-Price-amount amount\">20.00&nbsp;<span class=\"woocommerce-Price-currencySymbol\">&#067;&#072;&#070;<\/span><\/span><\/div>\n\t\t\t\t\n\t\t\t\t<div class=\"wp-block-button wc-block-grid__product-add-to-cart\"><a href=\"\/it\/wp-json\/wp\/v2\/pages\/43266?add-to-cart=40033\" aria-label=\"Aggiungi al carrello: &quot;Cannatonic | Green House&quot;\" data-quantity=\"1\" data-product_id=\"40033\" data-product_sku=\"\" data-price=\"20\" rel=\"nofollow\" class=\"wp-block-button__link  add_to_cart_button ajax_add_to_cart\">Aggiungi al carrello<\/a><\/div>\n\t\t\t<\/li><\/ul><\/div>","protected":false},"excerpt":{"rendered":"<p>LeRiff offre un programma di rivendita di cbd particolarmente interessante. I nostri prodotti si distinguono per l&#8217;eccezionale qualit\u00e0 e coltivati senza pesticidi o fertilizzanti chimici. Il nostro programma di rivendita \u00e8 rivolto ai professionisti della cannabis CBD che sono appassionati di ci\u00f2 che fanno. In qualit\u00e0 di rivenditore, vi offriamo l&#8217;infrastruttura necessaria per far crescere [&hellip;]<\/p>\n","protected":false},"author":2,"featured_media":0,"parent":0,"menu_order":0,"comment_status":"closed","ping_status":"closed","template":"","meta":{"inline_featured_image":false,"footnotes":""},"class_list":["post-43266","page","type-page","status-publish","hentry"],"yoast_head":"<!-- This site is optimized with the Yoast SEO Premium plugin v25.9 (Yoast SEO v27.4) - https:\/\/yoast.com\/product\/yoast-seo-premium-wordpress\/ -->\n<title>Diventare un rivenditore legale di cbd Svizzera - Le Riff<\/title>\n<meta name=\"description\" content=\"CBD Wholesale: Il nostro programma di rivendita \u00e8 rivolto ai professionisti della cannabis CBD che sono appassionati di ci\u00f2 che fanno.\" \/>\n<meta name=\"robots\" content=\"index, follow, max-snippet:-1, max-image-preview:large, max-video-preview:-1\" \/>\n<link rel=\"canonical\" href=\"https:\/\/www.leriff.ch\/it\/diventare-un-rivenditore-legale-di-cbd\/\" \/>\n<meta property=\"og:locale\" content=\"it_IT\" \/>\n<meta property=\"og:type\" content=\"article\" \/>\n<meta property=\"og:title\" content=\"Diventare un rivenditore legale di cbd\" \/>\n<meta property=\"og:description\" content=\"CBD Wholesale: Il nostro programma di rivendita \u00e8 rivolto ai professionisti della cannabis CBD che sono appassionati di ci\u00f2 che fanno.\" \/>\n<meta property=\"og:url\" content=\"https:\/\/www.leriff.ch\/it\/diventare-un-rivenditore-legale-di-cbd\/\" \/>\n<meta property=\"og:site_name\" content=\"Le Riff\" \/>\n<meta property=\"article:publisher\" content=\"https:\/\/www.facebook.com\/Leriff.ch\" \/>\n<meta property=\"article:modified_time\" content=\"2022-05-30T10:56:25+00:00\" \/>\n<meta property=\"og:image\" content=\"https:\/\/www.leriff.ch\/wp-content\/uploads\/2017\/12\/LeRiff-Sodium-Skunk-p-150x150.jpg\" \/>\n<meta name=\"twitter:card\" content=\"summary_large_image\" \/>\n<meta name=\"twitter:label1\" content=\"Tempo di lettura stimato\" \/>\n\t<meta name=\"twitter:data1\" content=\"1 minuto\" \/>\n<script type=\"application\/ld+json\" class=\"yoast-schema-graph\">{\"@context\":\"https:\\\/\\\/schema.org\",\"@graph\":[{\"@type\":\"WebPage\",\"@id\":\"https:\\\/\\\/www.leriff.ch\\\/it\\\/diventare-un-rivenditore-legale-di-cbd\\\/\",\"url\":\"https:\\\/\\\/www.leriff.ch\\\/it\\\/diventare-un-rivenditore-legale-di-cbd\\\/\",\"name\":\"Diventare un rivenditore legale di cbd Svizzera - Le Riff\",\"isPartOf\":{\"@id\":\"https:\\\/\\\/www.leriff.ch\\\/it\\\/#website\"},\"primaryImageOfPage\":{\"@id\":\"https:\\\/\\\/www.leriff.ch\\\/it\\\/diventare-un-rivenditore-legale-di-cbd\\\/#primaryimage\"},\"image\":{\"@id\":\"https:\\\/\\\/www.leriff.ch\\\/it\\\/diventare-un-rivenditore-legale-di-cbd\\\/#primaryimage\"},\"thumbnailUrl\":\"https:\\\/\\\/www.leriff.ch\\\/wp-content\\\/uploads\\\/2017\\\/12\\\/LeRiff-Sodium-Skunk-p-150x150.jpg\",\"datePublished\":\"2022-05-30T10:56:16+00:00\",\"dateModified\":\"2022-05-30T10:56:25+00:00\",\"description\":\"CBD Wholesale: Il nostro programma di rivendita \u00e8 rivolto ai professionisti della cannabis CBD che sono appassionati di ci\u00f2 che fanno.\",\"breadcrumb\":{\"@id\":\"https:\\\/\\\/www.leriff.ch\\\/it\\\/diventare-un-rivenditore-legale-di-cbd\\\/#breadcrumb\"},\"inLanguage\":\"it-IT\",\"potentialAction\":[{\"@type\":\"ReadAction\",\"target\":[\"https:\\\/\\\/www.leriff.ch\\\/it\\\/diventare-un-rivenditore-legale-di-cbd\\\/\"]}]},{\"@type\":\"ImageObject\",\"inLanguage\":\"it-IT\",\"@id\":\"https:\\\/\\\/www.leriff.ch\\\/it\\\/diventare-un-rivenditore-legale-di-cbd\\\/#primaryimage\",\"url\":\"https:\\\/\\\/www.leriff.ch\\\/wp-content\\\/uploads\\\/2017\\\/12\\\/LeRiff-Sodium-Skunk-p-150x150.jpg\",\"contentUrl\":\"https:\\\/\\\/www.leriff.ch\\\/wp-content\\\/uploads\\\/2017\\\/12\\\/LeRiff-Sodium-Skunk-p-150x150.jpg\"},{\"@type\":\"BreadcrumbList\",\"@id\":\"https:\\\/\\\/www.leriff.ch\\\/it\\\/diventare-un-rivenditore-legale-di-cbd\\\/#breadcrumb\",\"itemListElement\":[{\"@type\":\"ListItem\",\"position\":1,\"name\":\"Accueil\",\"item\":\"https:\\\/\\\/www.leriff.ch\\\/it\\\/\"},{\"@type\":\"ListItem\",\"position\":2,\"name\":\"Diventare un rivenditore legale di cbd\"}]},{\"@type\":\"WebSite\",\"@id\":\"https:\\\/\\\/www.leriff.ch\\\/it\\\/#website\",\"url\":\"https:\\\/\\\/www.leriff.ch\\\/it\\\/\",\"name\":\"Le Riff\",\"description\":\"Fleurs de Cannabis CBD\",\"publisher\":{\"@id\":\"https:\\\/\\\/www.leriff.ch\\\/it\\\/#organization\"},\"potentialAction\":[{\"@type\":\"SearchAction\",\"target\":{\"@type\":\"EntryPoint\",\"urlTemplate\":\"https:\\\/\\\/www.leriff.ch\\\/it\\\/?s={search_term_string}\"},\"query-input\":{\"@type\":\"PropertyValueSpecification\",\"valueRequired\":true,\"valueName\":\"search_term_string\"}}],\"inLanguage\":\"it-IT\"},{\"@type\":\"Organization\",\"@id\":\"https:\\\/\\\/www.leriff.ch\\\/it\\\/#organization\",\"name\":\"le riff\",\"url\":\"https:\\\/\\\/www.leriff.ch\\\/it\\\/\",\"logo\":{\"@type\":\"ImageObject\",\"inLanguage\":\"it-IT\",\"@id\":\"https:\\\/\\\/www.leriff.ch\\\/it\\\/#\\\/schema\\\/logo\\\/image\\\/\",\"url\":\"https:\\\/\\\/www.leriff.ch\\\/wp-content\\\/uploads\\\/2019\\\/10\\\/logo_carre.png\",\"contentUrl\":\"https:\\\/\\\/www.leriff.ch\\\/wp-content\\\/uploads\\\/2019\\\/10\\\/logo_carre.png\",\"width\":130,\"height\":130,\"caption\":\"le riff\"},\"image\":{\"@id\":\"https:\\\/\\\/www.leriff.ch\\\/it\\\/#\\\/schema\\\/logo\\\/image\\\/\"},\"sameAs\":[\"https:\\\/\\\/www.facebook.com\\\/Leriff.ch\"]}]}<\/script>\n<!-- \/ Yoast SEO Premium plugin. -->","yoast_head_json":{"title":"Diventare un rivenditore legale di cbd Svizzera - Le Riff","description":"CBD Wholesale: Il nostro programma di rivendita \u00e8 rivolto ai professionisti della cannabis CBD che sono appassionati di ci\u00f2 che fanno.","robots":{"index":"index","follow":"follow","max-snippet":"max-snippet:-1","max-image-preview":"max-image-preview:large","max-video-preview":"max-video-preview:-1"},"canonical":"https:\/\/www.leriff.ch\/it\/diventare-un-rivenditore-legale-di-cbd\/","og_locale":"it_IT","og_type":"article","og_title":"Diventare un rivenditore legale di cbd","og_description":"CBD Wholesale: Il nostro programma di rivendita \u00e8 rivolto ai professionisti della cannabis CBD che sono appassionati di ci\u00f2 che fanno.","og_url":"https:\/\/www.leriff.ch\/it\/diventare-un-rivenditore-legale-di-cbd\/","og_site_name":"Le Riff","article_publisher":"https:\/\/www.facebook.com\/Leriff.ch","article_modified_time":"2022-05-30T10:56:25+00:00","og_image":[{"url":"https:\/\/www.leriff.ch\/wp-content\/uploads\/2017\/12\/LeRiff-Sodium-Skunk-p-150x150.jpg","type":"","width":"","height":""}],"twitter_card":"summary_large_image","twitter_misc":{"Tempo di lettura stimato":"1 minuto"},"schema":{"@context":"https:\/\/schema.org","@graph":[{"@type":"WebPage","@id":"https:\/\/www.leriff.ch\/it\/diventare-un-rivenditore-legale-di-cbd\/","url":"https:\/\/www.leriff.ch\/it\/diventare-un-rivenditore-legale-di-cbd\/","name":"Diventare un rivenditore legale di cbd Svizzera - Le Riff","isPartOf":{"@id":"https:\/\/www.leriff.ch\/it\/#website"},"primaryImageOfPage":{"@id":"https:\/\/www.leriff.ch\/it\/diventare-un-rivenditore-legale-di-cbd\/#primaryimage"},"image":{"@id":"https:\/\/www.leriff.ch\/it\/diventare-un-rivenditore-legale-di-cbd\/#primaryimage"},"thumbnailUrl":"https:\/\/www.leriff.ch\/wp-content\/uploads\/2017\/12\/LeRiff-Sodium-Skunk-p-150x150.jpg","datePublished":"2022-05-30T10:56:16+00:00","dateModified":"2022-05-30T10:56:25+00:00","description":"CBD Wholesale: Il nostro programma di rivendita \u00e8 rivolto ai professionisti della cannabis CBD che sono appassionati di ci\u00f2 che fanno.","breadcrumb":{"@id":"https:\/\/www.leriff.ch\/it\/diventare-un-rivenditore-legale-di-cbd\/#breadcrumb"},"inLanguage":"it-IT","potentialAction":[{"@type":"ReadAction","target":["https:\/\/www.leriff.ch\/it\/diventare-un-rivenditore-legale-di-cbd\/"]}]},{"@type":"ImageObject","inLanguage":"it-IT","@id":"https:\/\/www.leriff.ch\/it\/diventare-un-rivenditore-legale-di-cbd\/#primaryimage","url":"https:\/\/www.leriff.ch\/wp-content\/uploads\/2017\/12\/LeRiff-Sodium-Skunk-p-150x150.jpg","contentUrl":"https:\/\/www.leriff.ch\/wp-content\/uploads\/2017\/12\/LeRiff-Sodium-Skunk-p-150x150.jpg"},{"@type":"BreadcrumbList","@id":"https:\/\/www.leriff.ch\/it\/diventare-un-rivenditore-legale-di-cbd\/#breadcrumb","itemListElement":[{"@type":"ListItem","position":1,"name":"Accueil","item":"https:\/\/www.leriff.ch\/it\/"},{"@type":"ListItem","position":2,"name":"Diventare un rivenditore legale di cbd"}]},{"@type":"WebSite","@id":"https:\/\/www.leriff.ch\/it\/#website","url":"https:\/\/www.leriff.ch\/it\/","name":"Le Riff","description":"Fleurs de Cannabis CBD","publisher":{"@id":"https:\/\/www.leriff.ch\/it\/#organization"},"potentialAction":[{"@type":"SearchAction","target":{"@type":"EntryPoint","urlTemplate":"https:\/\/www.leriff.ch\/it\/?s={search_term_string}"},"query-input":{"@type":"PropertyValueSpecification","valueRequired":true,"valueName":"search_term_string"}}],"inLanguage":"it-IT"},{"@type":"Organization","@id":"https:\/\/www.leriff.ch\/it\/#organization","name":"le riff","url":"https:\/\/www.leriff.ch\/it\/","logo":{"@type":"ImageObject","inLanguage":"it-IT","@id":"https:\/\/www.leriff.ch\/it\/#\/schema\/logo\/image\/","url":"https:\/\/www.leriff.ch\/wp-content\/uploads\/2019\/10\/logo_carre.png","contentUrl":"https:\/\/www.leriff.ch\/wp-content\/uploads\/2019\/10\/logo_carre.png","width":130,"height":130,"caption":"le riff"},"image":{"@id":"https:\/\/www.leriff.ch\/it\/#\/schema\/logo\/image\/"},"sameAs":["https:\/\/www.facebook.com\/Leriff.ch"]}]}},"_links":{"self":[{"href":"https:\/\/www.leriff.ch\/it\/wp-json\/wp\/v2\/pages\/43266","targetHints":{"allow":["GET"]}}],"collection":[{"href":"https:\/\/www.leriff.ch\/it\/wp-json\/wp\/v2\/pages"}],"about":[{"href":"https:\/\/www.leriff.ch\/it\/wp-json\/wp\/v2\/types\/page"}],"author":[{"embeddable":true,"href":"https:\/\/www.leriff.ch\/it\/wp-json\/wp\/v2\/users\/2"}],"replies":[{"embeddable":true,"href":"https:\/\/www.leriff.ch\/it\/wp-json\/wp\/v2\/comments?post=43266"}],"version-history":[{"count":2,"href":"https:\/\/www.leriff.ch\/it\/wp-json\/wp\/v2\/pages\/43266\/revisions"}],"predecessor-version":[{"id":43272,"href":"https:\/\/www.leriff.ch\/it\/wp-json\/wp\/v2\/pages\/43266\/revisions\/43272"}],"wp:attachment":[{"href":"https:\/\/www.leriff.ch\/it\/wp-json\/wp\/v2\/media?parent=43266"}],"curies":[{"name":"wp","href":"https:\/\/api.w.org\/{rel}","templated":true}]}}