{"id":40040,"date":"2021-04-01T08:44:40","date_gmt":"2021-08-12T21:07:31","guid":{"rendered":"https:\/\/www.leriff.ch\/produit\/lemon-green-house\/"},"modified":"2022-05-09T10:02:44","modified_gmt":"2022-05-09T10:02:44","slug":"lemon-green-house","status":"publish","type":"product","link":"https:\/\/www.leriff.ch\/it\/prodotto\/lemon-green-house\/","title":{"rendered":"Lemon | Green House"},"content":{"rendered":"<div class=\"wpb_text_column wpb_content_element \">\n<div class=\"wpb_wrapper\">\n<h5>Fiori di Cannabis CBD Svizzera<\/h5>\n<p>I fiori di cannabis CBD svizzeri offerti su riff.ch sono il risultato di una selezione di piante di alta qualit\u00e0 e sono coltivati interamente in modo biologico.<\/p>\n<\/div>\n<\/div>\n<p><span title=\"I nostri prodotti \"><strong><span id=\"result_box\" class=\"short_text\" lang=\"en\"><span class=\"\">I nostri prodotti<\/span><\/span><\/strong><br \/>\n<\/span><span class=\"s1\">La nostra cannabis Swiss CBD \u00e8 garantita al <em>100% Swiss Made<\/em> con un contenuto di THC inferiore all&#8217;1% e un contenuto di <em>CBD<\/em> dal 28% al 18% a seconda del raccolto con certificazione di un laboratorio approvato. Vogliamo la massima trasparenza sui nostri prodotti.<\/span><\/p>\n<p><strong>CBD Svizzera<br \/>\n<\/strong><span class=\"s1\">Coltivata nella pi\u00f9 pura tradizione dei coltivatori di canapa svizzeri, la nostra cannabis \u00e8 biologica e proviene da un&#8217;agricoltura rispettosa dell&#8217;ambiente.<\/span><\/p>\n","protected":false},"excerpt":{"rendered":"<p>Il limone \u00e8 una delle variet\u00e0 di fiori di cannabis CBD pi\u00f9 aromatiche disponibili, poich\u00e9 \u00e8 potente nel terpene limonene. Questa variet\u00e0 di fiore di cannabis CBD ha un aroma molto fruttato.<\/p>\n","protected":false},"featured_media":5575,"comment_status":"closed","ping_status":"closed","template":"","meta":{"inline_featured_image":false},"product_brand":[],"product_cat":[2744,3069,3276],"product_tag":[],"class_list":{"0":"post-40040","1":"product","2":"type-product","3":"status-publish","4":"has-post-thumbnail","6":"product_cat-fiori-di-cbd","7":"product_cat-green-house-it","8":"product_cat-green-house-it-2","9":"pa_marque-le-riff-it","11":"first","12":"instock","13":"shipping-taxable","14":"purchasable","15":"product-type-simple"},"yoast_head":"<!-- This site is optimized with the Yoast SEO Premium plugin v25.9 (Yoast SEO v27.2) - https:\/\/yoast.com\/product\/yoast-seo-premium-wordpress\/ -->\n<title>Lemon | Green House - Le Riff<\/title>\n<meta name=\"description\" content=\"Il limone \u00e8 una delle variet\u00e0 di fiori di cannabis CBD pi\u00f9 aromatiche disponibili, poich\u00e9 \u00e8 potente nel terpene limonene.\" \/>\n<meta name=\"robots\" content=\"index, follow, max-snippet:-1, max-image-preview:large, max-video-preview:-1\" \/>\n<link rel=\"canonical\" href=\"https:\/\/www.leriff.ch\/it\/prodotto\/lemon-green-house\/\" \/>\n<meta property=\"og:locale\" content=\"it_IT\" \/>\n<meta property=\"og:type\" content=\"article\" \/>\n<meta property=\"og:title\" content=\"Lemon | Green House\" \/>\n<meta property=\"og:description\" content=\"Il limone \u00e8 una delle variet\u00e0 di fiori di cannabis CBD pi\u00f9 aromatiche disponibili, poich\u00e9 \u00e8 potente nel terpene limonene.\" \/>\n<meta property=\"og:url\" content=\"https:\/\/www.leriff.ch\/it\/prodotto\/lemon-green-house\/\" \/>\n<meta property=\"og:site_name\" content=\"Le Riff\" \/>\n<meta property=\"article:publisher\" content=\"https:\/\/www.facebook.com\/Leriff.ch\" \/>\n<meta property=\"article:modified_time\" content=\"2022-05-09T10:02:44+00:00\" \/>\n<meta property=\"og:image\" content=\"https:\/\/www.leriff.ch\/wp-content\/uploads\/2021\/04\/105x148-LEMON-20CHF-12G.jpg\" \/>\n\t<meta property=\"og:image:width\" content=\"429\" \/>\n\t<meta property=\"og:image:height\" content=\"598\" \/>\n\t<meta property=\"og:image:type\" content=\"image\/jpeg\" \/>\n<meta name=\"twitter:card\" content=\"summary_large_image\" \/>\n<script type=\"application\/ld+json\" class=\"yoast-schema-graph\">{\"@context\":\"https:\/\/schema.org\",\"@graph\":[{\"@type\":\"WebPage\",\"@id\":\"https:\/\/www.leriff.ch\/it\/prodotto\/lemon-green-house\/\",\"url\":\"https:\/\/www.leriff.ch\/it\/prodotto\/lemon-green-house\/\",\"name\":\"Lemon | Green House - Le Riff\",\"isPartOf\":{\"@id\":\"https:\/\/www.leriff.ch\/it\/#website\"},\"primaryImageOfPage\":{\"@id\":\"https:\/\/www.leriff.ch\/it\/prodotto\/lemon-green-house\/#primaryimage\"},\"image\":{\"@id\":\"https:\/\/www.leriff.ch\/it\/prodotto\/lemon-green-house\/#primaryimage\"},\"thumbnailUrl\":\"https:\/\/www.leriff.ch\/wp-content\/uploads\/2021\/04\/105x148-LEMON-20CHF-12G.jpg\",\"datePublished\":\"2021-08-12T21:07:31+00:00\",\"dateModified\":\"2022-05-09T10:02:44+00:00\",\"description\":\"Il limone \u00e8 una delle variet\u00e0 di fiori di cannabis CBD pi\u00f9 aromatiche disponibili, poich\u00e9 \u00e8 potente nel terpene limonene.\",\"breadcrumb\":{\"@id\":\"https:\/\/www.leriff.ch\/it\/prodotto\/lemon-green-house\/#breadcrumb\"},\"inLanguage\":\"it-IT\",\"potentialAction\":[{\"@type\":\"ReadAction\",\"target\":[\"https:\/\/www.leriff.ch\/it\/prodotto\/lemon-green-house\/\"]}]},{\"@type\":\"ImageObject\",\"inLanguage\":\"it-IT\",\"@id\":\"https:\/\/www.leriff.ch\/it\/prodotto\/lemon-green-house\/#primaryimage\",\"url\":\"https:\/\/www.leriff.ch\/wp-content\/uploads\/2021\/04\/105x148-LEMON-20CHF-12G.jpg\",\"contentUrl\":\"https:\/\/www.leriff.ch\/wp-content\/uploads\/2021\/04\/105x148-LEMON-20CHF-12G.jpg\",\"width\":429,\"height\":598,\"caption\":\"Fleurs CBD Lemon Green House lemon cbd Fleurs de Cannabis CBD Suisse\"},{\"@type\":\"BreadcrumbList\",\"@id\":\"https:\/\/www.leriff.ch\/it\/prodotto\/lemon-green-house\/#breadcrumb\",\"itemListElement\":[{\"@type\":\"ListItem\",\"position\":1,\"name\":\"Accueil\",\"item\":\"https:\/\/www.leriff.ch\/it\/\"},{\"@type\":\"ListItem\",\"position\":2,\"name\":\"Negozio\",\"item\":\"https:\/\/www.leriff.ch\/it\/negozio\/\"},{\"@type\":\"ListItem\",\"position\":3,\"name\":\"Fiori di CBD\",\"item\":\"https:\/\/www.leriff.ch\/it\/categorie-produit\/fiori-di-cbd\/\"},{\"@type\":\"ListItem\",\"position\":4,\"name\":\"Green House\",\"item\":\"https:\/\/www.leriff.ch\/it\/categorie-produit\/fiori-di-cbd\/green-house-it-2\/\"},{\"@type\":\"ListItem\",\"position\":5,\"name\":\"Lemon | Green House\"}]},{\"@type\":\"WebSite\",\"@id\":\"https:\/\/www.leriff.ch\/it\/#website\",\"url\":\"https:\/\/www.leriff.ch\/it\/\",\"name\":\"Le Riff\",\"description\":\"Fleurs de Cannabis CBD\",\"publisher\":{\"@id\":\"https:\/\/www.leriff.ch\/it\/#organization\"},\"potentialAction\":[{\"@type\":\"SearchAction\",\"target\":{\"@type\":\"EntryPoint\",\"urlTemplate\":\"https:\/\/www.leriff.ch\/it\/?s={search_term_string}\"},\"query-input\":{\"@type\":\"PropertyValueSpecification\",\"valueRequired\":true,\"valueName\":\"search_term_string\"}}],\"inLanguage\":\"it-IT\"},{\"@type\":\"Organization\",\"@id\":\"https:\/\/www.leriff.ch\/it\/#organization\",\"name\":\"le riff\",\"url\":\"https:\/\/www.leriff.ch\/it\/\",\"logo\":{\"@type\":\"ImageObject\",\"inLanguage\":\"it-IT\",\"@id\":\"https:\/\/www.leriff.ch\/it\/#\/schema\/logo\/image\/\",\"url\":\"https:\/\/www.leriff.ch\/wp-content\/uploads\/2019\/10\/logo_carre.png\",\"contentUrl\":\"https:\/\/www.leriff.ch\/wp-content\/uploads\/2019\/10\/logo_carre.png\",\"width\":130,\"height\":130,\"caption\":\"le riff\"},\"image\":{\"@id\":\"https:\/\/www.leriff.ch\/it\/#\/schema\/logo\/image\/\"},\"sameAs\":[\"https:\/\/www.facebook.com\/Leriff.ch\"]}]}<\/script>\n<!-- \/ Yoast SEO Premium plugin. -->","yoast_head_json":{"title":"Lemon | Green House - Le Riff","description":"Il limone \u00e8 una delle variet\u00e0 di fiori di cannabis CBD pi\u00f9 aromatiche disponibili, poich\u00e9 \u00e8 potente nel terpene limonene.","robots":{"index":"index","follow":"follow","max-snippet":"max-snippet:-1","max-image-preview":"max-image-preview:large","max-video-preview":"max-video-preview:-1"},"canonical":"https:\/\/www.leriff.ch\/it\/prodotto\/lemon-green-house\/","og_locale":"it_IT","og_type":"article","og_title":"Lemon | Green House","og_description":"Il limone \u00e8 una delle variet\u00e0 di fiori di cannabis CBD pi\u00f9 aromatiche disponibili, poich\u00e9 \u00e8 potente nel terpene limonene.","og_url":"https:\/\/www.leriff.ch\/it\/prodotto\/lemon-green-house\/","og_site_name":"Le Riff","article_publisher":"https:\/\/www.facebook.com\/Leriff.ch","article_modified_time":"2022-05-09T10:02:44+00:00","og_image":[{"width":429,"height":598,"url":"https:\/\/www.leriff.ch\/wp-content\/uploads\/2021\/04\/105x148-LEMON-20CHF-12G.jpg","type":"image\/jpeg"}],"twitter_card":"summary_large_image","schema":{"@context":"https:\/\/schema.org","@graph":[{"@type":"WebPage","@id":"https:\/\/www.leriff.ch\/it\/prodotto\/lemon-green-house\/","url":"https:\/\/www.leriff.ch\/it\/prodotto\/lemon-green-house\/","name":"Lemon | Green House - Le Riff","isPartOf":{"@id":"https:\/\/www.leriff.ch\/it\/#website"},"primaryImageOfPage":{"@id":"https:\/\/www.leriff.ch\/it\/prodotto\/lemon-green-house\/#primaryimage"},"image":{"@id":"https:\/\/www.leriff.ch\/it\/prodotto\/lemon-green-house\/#primaryimage"},"thumbnailUrl":"https:\/\/www.leriff.ch\/wp-content\/uploads\/2021\/04\/105x148-LEMON-20CHF-12G.jpg","datePublished":"2021-08-12T21:07:31+00:00","dateModified":"2022-05-09T10:02:44+00:00","description":"Il limone \u00e8 una delle variet\u00e0 di fiori di cannabis CBD pi\u00f9 aromatiche disponibili, poich\u00e9 \u00e8 potente nel terpene limonene.","breadcrumb":{"@id":"https:\/\/www.leriff.ch\/it\/prodotto\/lemon-green-house\/#breadcrumb"},"inLanguage":"it-IT","potentialAction":[{"@type":"ReadAction","target":["https:\/\/www.leriff.ch\/it\/prodotto\/lemon-green-house\/"]}]},{"@type":"ImageObject","inLanguage":"it-IT","@id":"https:\/\/www.leriff.ch\/it\/prodotto\/lemon-green-house\/#primaryimage","url":"https:\/\/www.leriff.ch\/wp-content\/uploads\/2021\/04\/105x148-LEMON-20CHF-12G.jpg","contentUrl":"https:\/\/www.leriff.ch\/wp-content\/uploads\/2021\/04\/105x148-LEMON-20CHF-12G.jpg","width":429,"height":598,"caption":"Fleurs CBD Lemon Green House lemon cbd Fleurs de Cannabis CBD Suisse"},{"@type":"BreadcrumbList","@id":"https:\/\/www.leriff.ch\/it\/prodotto\/lemon-green-house\/#breadcrumb","itemListElement":[{"@type":"ListItem","position":1,"name":"Accueil","item":"https:\/\/www.leriff.ch\/it\/"},{"@type":"ListItem","position":2,"name":"Negozio","item":"https:\/\/www.leriff.ch\/it\/negozio\/"},{"@type":"ListItem","position":3,"name":"Fiori di CBD","item":"https:\/\/www.leriff.ch\/it\/categorie-produit\/fiori-di-cbd\/"},{"@type":"ListItem","position":4,"name":"Green House","item":"https:\/\/www.leriff.ch\/it\/categorie-produit\/fiori-di-cbd\/green-house-it-2\/"},{"@type":"ListItem","position":5,"name":"Lemon | Green House"}]},{"@type":"WebSite","@id":"https:\/\/www.leriff.ch\/it\/#website","url":"https:\/\/www.leriff.ch\/it\/","name":"Le Riff","description":"Fleurs de Cannabis CBD","publisher":{"@id":"https:\/\/www.leriff.ch\/it\/#organization"},"potentialAction":[{"@type":"SearchAction","target":{"@type":"EntryPoint","urlTemplate":"https:\/\/www.leriff.ch\/it\/?s={search_term_string}"},"query-input":{"@type":"PropertyValueSpecification","valueRequired":true,"valueName":"search_term_string"}}],"inLanguage":"it-IT"},{"@type":"Organization","@id":"https:\/\/www.leriff.ch\/it\/#organization","name":"le riff","url":"https:\/\/www.leriff.ch\/it\/","logo":{"@type":"ImageObject","inLanguage":"it-IT","@id":"https:\/\/www.leriff.ch\/it\/#\/schema\/logo\/image\/","url":"https:\/\/www.leriff.ch\/wp-content\/uploads\/2019\/10\/logo_carre.png","contentUrl":"https:\/\/www.leriff.ch\/wp-content\/uploads\/2019\/10\/logo_carre.png","width":130,"height":130,"caption":"le riff"},"image":{"@id":"https:\/\/www.leriff.ch\/it\/#\/schema\/logo\/image\/"},"sameAs":["https:\/\/www.facebook.com\/Leriff.ch"]}]}},"_links":{"self":[{"href":"https:\/\/www.leriff.ch\/it\/wp-json\/wp\/v2\/product\/40040","targetHints":{"allow":["GET"]}}],"collection":[{"href":"https:\/\/www.leriff.ch\/it\/wp-json\/wp\/v2\/product"}],"about":[{"href":"https:\/\/www.leriff.ch\/it\/wp-json\/wp\/v2\/types\/product"}],"replies":[{"embeddable":true,"href":"https:\/\/www.leriff.ch\/it\/wp-json\/wp\/v2\/comments?post=40040"}],"wp:featuredmedia":[{"embeddable":true,"href":"https:\/\/www.leriff.ch\/it\/wp-json\/wp\/v2\/media\/5575"}],"wp:attachment":[{"href":"https:\/\/www.leriff.ch\/it\/wp-json\/wp\/v2\/media?parent=40040"}],"wp:term":[{"taxonomy":"product_brand","embeddable":true,"href":"https:\/\/www.leriff.ch\/it\/wp-json\/wp\/v2\/product_brand?post=40040"},{"taxonomy":"product_cat","embeddable":true,"href":"https:\/\/www.leriff.ch\/it\/wp-json\/wp\/v2\/product_cat?post=40040"},{"taxonomy":"product_tag","embeddable":true,"href":"https:\/\/www.leriff.ch\/it\/wp-json\/wp\/v2\/product_tag?post=40040"}],"curies":[{"name":"wp","href":"https:\/\/api.w.org\/{rel}","templated":true}]}}