{"id":40777,"date":"2022-05-03T15:33:07","date_gmt":"2022-05-04T08:17:48","guid":{"rendered":"https:\/\/www.leriff.ch\/produit\/wolkenkraft-aris-gun-metal\/"},"modified":"2022-05-04T08:17:48","modified_gmt":"2022-05-04T08:17:48","slug":"wolkenkraft-aris-gun-metal-2","status":"publish","type":"product","link":"https:\/\/www.leriff.ch\/it\/prodotto\/wolkenkraft-aris-gun-metal-2\/","title":{"rendered":"Wolkenkraft \u00c4ris gun metal"},"content":{"rendered":"<p>La tecnologia ECA assicura che l&#8217;erba, la cera o l&#8217;olio si mescolino con l&#8217;aria pi\u00f9 fresca possibile, creando il vapore pi\u00f9 pulito e gustoso.<\/p>\n<p>Fatti chiave:<\/p>\n<p>Impostazioni precise della temperatura da 160\u00b0 a 221\u00b0C<br \/>\nBocchino in vetro Pyrex semi-nero<br \/>\nL&#8217;evaporatore pu\u00f2 essere fissato magneticamente<br \/>\nDisplay a LED<br \/>\nTempo di preriscaldamento 20-30 secondi<br \/>\nBatteria 2300mAh<br \/>\nConvezione CEA<br \/>\nCopertura magnetica del condotto dell&#8217;aria<\/p>\n<p>ambito di consegna<\/p>\n<p>-Vaporizzatore \u00c4RIS *Gunmetal*<\/p>\n<p>&#8211; Anello e scudo in silicone per il bocchino<\/p>\n<p>&#8211; Spazzole per la pulizia delle vie aeree<\/p>\n<p>&#8211; Spazzola per la pulizia della stanza<\/p>\n<p>&#8211; Cap Caddy con capsule di erbe e cera<\/p>\n<p>&#8211; Cavo di ricarica USB<\/p>\n<p>&#8211; Manuale (multilingue)<\/p>\n","protected":false},"excerpt":{"rendered":"<p>WOLKENKRAFT \u00c4RIS \u00e8 il vaporizzatore pi\u00f9 avanzato con la tecnologia brevettata ECA Easy Care\u2122\ufe0f che porta la vaporizzazione al livello successivo. Con il suo design elegante e moderno, \u00e8 molto piacevole da guardare e si adatta perfettamente alla mano.<\/p>\n","protected":false},"featured_media":40677,"comment_status":"closed","ping_status":"closed","template":"","meta":{"inline_featured_image":false},"product_brand":[],"product_cat":[3169],"product_tag":[],"class_list":{"0":"post-40777","1":"product","2":"type-product","3":"status-publish","4":"has-post-thumbnail","6":"product_cat-vaporizzatori","8":"first","9":"instock","10":"shipping-taxable","11":"purchasable","12":"product-type-simple"},"yoast_head":"<!-- This site is optimized with the Yoast SEO Premium plugin v25.9 (Yoast SEO v27.3) - https:\/\/yoast.com\/product\/yoast-seo-premium-wordpress\/ -->\n<title>Wolkenkraft \u00c4ris gun metal - Le Riff<\/title>\n<meta name=\"description\" content=\"WOLKENKRAFT \u00c4RIS \u00e8 il vaporizzatore pi\u00f9 avanzato con la tecnologia brevettata ECA Easy Care\u2122\ufe0f che porta la vaporizzazione al livello successivo. Con il suo design elegante e moderno, \u00e8 molto piacevole da guardare e si adatta perfettamente alla mano.\" \/>\n<meta name=\"robots\" content=\"index, follow, max-snippet:-1, max-image-preview:large, max-video-preview:-1\" \/>\n<link rel=\"canonical\" href=\"https:\/\/www.leriff.ch\/it\/prodotto\/wolkenkraft-aris-gun-metal-2\/\" \/>\n<meta property=\"og:locale\" content=\"it_IT\" \/>\n<meta property=\"og:type\" content=\"article\" \/>\n<meta property=\"og:title\" content=\"Wolkenkraft \u00c4ris gun metal\" \/>\n<meta property=\"og:description\" content=\"WOLKENKRAFT \u00c4RIS \u00e8 il vaporizzatore pi\u00f9 avanzato con la tecnologia brevettata ECA Easy Care\u2122\ufe0f che porta la vaporizzazione al livello successivo. Con il suo design elegante e moderno, \u00e8 molto piacevole da guardare e si adatta perfettamente alla mano.\" \/>\n<meta property=\"og:url\" content=\"https:\/\/www.leriff.ch\/it\/prodotto\/wolkenkraft-aris-gun-metal-2\/\" \/>\n<meta property=\"og:site_name\" content=\"Le Riff\" \/>\n<meta property=\"article:publisher\" content=\"https:\/\/www.facebook.com\/Leriff.ch\" \/>\n<meta property=\"og:image\" content=\"https:\/\/www.leriff.ch\/wp-content\/uploads\/2022\/05\/Wolkenkraft-Aris-gun-metal.jpg\" \/>\n\t<meta property=\"og:image:width\" content=\"560\" \/>\n\t<meta property=\"og:image:height\" content=\"560\" \/>\n\t<meta property=\"og:image:type\" content=\"image\/jpeg\" \/>\n<meta name=\"twitter:card\" content=\"summary_large_image\" \/>\n<meta name=\"twitter:label1\" content=\"Tempo di lettura stimato\" \/>\n\t<meta name=\"twitter:data1\" content=\"1 minuto\" \/>\n<script type=\"application\/ld+json\" class=\"yoast-schema-graph\">{\"@context\":\"https:\\\/\\\/schema.org\",\"@graph\":[{\"@type\":\"WebPage\",\"@id\":\"https:\\\/\\\/www.leriff.ch\\\/it\\\/prodotto\\\/wolkenkraft-aris-gun-metal-2\\\/\",\"url\":\"https:\\\/\\\/www.leriff.ch\\\/it\\\/prodotto\\\/wolkenkraft-aris-gun-metal-2\\\/\",\"name\":\"Wolkenkraft \u00c4ris gun metal - Le Riff\",\"isPartOf\":{\"@id\":\"https:\\\/\\\/www.leriff.ch\\\/it\\\/#website\"},\"primaryImageOfPage\":{\"@id\":\"https:\\\/\\\/www.leriff.ch\\\/it\\\/prodotto\\\/wolkenkraft-aris-gun-metal-2\\\/#primaryimage\"},\"image\":{\"@id\":\"https:\\\/\\\/www.leriff.ch\\\/it\\\/prodotto\\\/wolkenkraft-aris-gun-metal-2\\\/#primaryimage\"},\"thumbnailUrl\":\"https:\\\/\\\/www.leriff.ch\\\/wp-content\\\/uploads\\\/2022\\\/05\\\/Wolkenkraft-Aris-gun-metal.jpg\",\"datePublished\":\"2022-05-04T08:17:48+00:00\",\"description\":\"WOLKENKRAFT \u00c4RIS \u00e8 il vaporizzatore pi\u00f9 avanzato con la tecnologia brevettata ECA Easy Care\u2122\ufe0f che porta la vaporizzazione al livello successivo. Con il suo design elegante e moderno, \u00e8 molto piacevole da guardare e si adatta perfettamente alla mano.\",\"breadcrumb\":{\"@id\":\"https:\\\/\\\/www.leriff.ch\\\/it\\\/prodotto\\\/wolkenkraft-aris-gun-metal-2\\\/#breadcrumb\"},\"inLanguage\":\"it-IT\",\"potentialAction\":[{\"@type\":\"ReadAction\",\"target\":[\"https:\\\/\\\/www.leriff.ch\\\/it\\\/prodotto\\\/wolkenkraft-aris-gun-metal-2\\\/\"]}]},{\"@type\":\"ImageObject\",\"inLanguage\":\"it-IT\",\"@id\":\"https:\\\/\\\/www.leriff.ch\\\/it\\\/prodotto\\\/wolkenkraft-aris-gun-metal-2\\\/#primaryimage\",\"url\":\"https:\\\/\\\/www.leriff.ch\\\/wp-content\\\/uploads\\\/2022\\\/05\\\/Wolkenkraft-Aris-gun-metal.jpg\",\"contentUrl\":\"https:\\\/\\\/www.leriff.ch\\\/wp-content\\\/uploads\\\/2022\\\/05\\\/Wolkenkraft-Aris-gun-metal.jpg\",\"width\":560,\"height\":560,\"caption\":\"Wolkenkraft \u00c4ris gun metal\"},{\"@type\":\"BreadcrumbList\",\"@id\":\"https:\\\/\\\/www.leriff.ch\\\/it\\\/prodotto\\\/wolkenkraft-aris-gun-metal-2\\\/#breadcrumb\",\"itemListElement\":[{\"@type\":\"ListItem\",\"position\":1,\"name\":\"Accueil\",\"item\":\"https:\\\/\\\/www.leriff.ch\\\/it\\\/\"},{\"@type\":\"ListItem\",\"position\":2,\"name\":\"Negozio\",\"item\":\"https:\\\/\\\/www.leriff.ch\\\/it\\\/negozio\\\/\"},{\"@type\":\"ListItem\",\"position\":3,\"name\":\"Vaporizzatori\",\"item\":\"https:\\\/\\\/www.leriff.ch\\\/it\\\/categorie-produit\\\/vaporizzatori\\\/\"},{\"@type\":\"ListItem\",\"position\":4,\"name\":\"Wolkenkraft \u00c4ris gun metal\"}]},{\"@type\":\"WebSite\",\"@id\":\"https:\\\/\\\/www.leriff.ch\\\/it\\\/#website\",\"url\":\"https:\\\/\\\/www.leriff.ch\\\/it\\\/\",\"name\":\"Le Riff\",\"description\":\"Fleurs de Cannabis CBD\",\"publisher\":{\"@id\":\"https:\\\/\\\/www.leriff.ch\\\/it\\\/#organization\"},\"potentialAction\":[{\"@type\":\"SearchAction\",\"target\":{\"@type\":\"EntryPoint\",\"urlTemplate\":\"https:\\\/\\\/www.leriff.ch\\\/it\\\/?s={search_term_string}\"},\"query-input\":{\"@type\":\"PropertyValueSpecification\",\"valueRequired\":true,\"valueName\":\"search_term_string\"}}],\"inLanguage\":\"it-IT\"},{\"@type\":\"Organization\",\"@id\":\"https:\\\/\\\/www.leriff.ch\\\/it\\\/#organization\",\"name\":\"le riff\",\"url\":\"https:\\\/\\\/www.leriff.ch\\\/it\\\/\",\"logo\":{\"@type\":\"ImageObject\",\"inLanguage\":\"it-IT\",\"@id\":\"https:\\\/\\\/www.leriff.ch\\\/it\\\/#\\\/schema\\\/logo\\\/image\\\/\",\"url\":\"https:\\\/\\\/www.leriff.ch\\\/wp-content\\\/uploads\\\/2019\\\/10\\\/logo_carre.png\",\"contentUrl\":\"https:\\\/\\\/www.leriff.ch\\\/wp-content\\\/uploads\\\/2019\\\/10\\\/logo_carre.png\",\"width\":130,\"height\":130,\"caption\":\"le riff\"},\"image\":{\"@id\":\"https:\\\/\\\/www.leriff.ch\\\/it\\\/#\\\/schema\\\/logo\\\/image\\\/\"},\"sameAs\":[\"https:\\\/\\\/www.facebook.com\\\/Leriff.ch\"]}]}<\/script>\n<!-- \/ Yoast SEO Premium plugin. -->","yoast_head_json":{"title":"Wolkenkraft \u00c4ris gun metal - Le Riff","description":"WOLKENKRAFT \u00c4RIS \u00e8 il vaporizzatore pi\u00f9 avanzato con la tecnologia brevettata ECA Easy Care\u2122\ufe0f che porta la vaporizzazione al livello successivo. Con il suo design elegante e moderno, \u00e8 molto piacevole da guardare e si adatta perfettamente alla mano.","robots":{"index":"index","follow":"follow","max-snippet":"max-snippet:-1","max-image-preview":"max-image-preview:large","max-video-preview":"max-video-preview:-1"},"canonical":"https:\/\/www.leriff.ch\/it\/prodotto\/wolkenkraft-aris-gun-metal-2\/","og_locale":"it_IT","og_type":"article","og_title":"Wolkenkraft \u00c4ris gun metal","og_description":"WOLKENKRAFT \u00c4RIS \u00e8 il vaporizzatore pi\u00f9 avanzato con la tecnologia brevettata ECA Easy Care\u2122\ufe0f che porta la vaporizzazione al livello successivo. Con il suo design elegante e moderno, \u00e8 molto piacevole da guardare e si adatta perfettamente alla mano.","og_url":"https:\/\/www.leriff.ch\/it\/prodotto\/wolkenkraft-aris-gun-metal-2\/","og_site_name":"Le Riff","article_publisher":"https:\/\/www.facebook.com\/Leriff.ch","og_image":[{"width":560,"height":560,"url":"https:\/\/www.leriff.ch\/wp-content\/uploads\/2022\/05\/Wolkenkraft-Aris-gun-metal.jpg","type":"image\/jpeg"}],"twitter_card":"summary_large_image","twitter_misc":{"Tempo di lettura stimato":"1 minuto"},"schema":{"@context":"https:\/\/schema.org","@graph":[{"@type":"WebPage","@id":"https:\/\/www.leriff.ch\/it\/prodotto\/wolkenkraft-aris-gun-metal-2\/","url":"https:\/\/www.leriff.ch\/it\/prodotto\/wolkenkraft-aris-gun-metal-2\/","name":"Wolkenkraft \u00c4ris gun metal - Le Riff","isPartOf":{"@id":"https:\/\/www.leriff.ch\/it\/#website"},"primaryImageOfPage":{"@id":"https:\/\/www.leriff.ch\/it\/prodotto\/wolkenkraft-aris-gun-metal-2\/#primaryimage"},"image":{"@id":"https:\/\/www.leriff.ch\/it\/prodotto\/wolkenkraft-aris-gun-metal-2\/#primaryimage"},"thumbnailUrl":"https:\/\/www.leriff.ch\/wp-content\/uploads\/2022\/05\/Wolkenkraft-Aris-gun-metal.jpg","datePublished":"2022-05-04T08:17:48+00:00","description":"WOLKENKRAFT \u00c4RIS \u00e8 il vaporizzatore pi\u00f9 avanzato con la tecnologia brevettata ECA Easy Care\u2122\ufe0f che porta la vaporizzazione al livello successivo. Con il suo design elegante e moderno, \u00e8 molto piacevole da guardare e si adatta perfettamente alla mano.","breadcrumb":{"@id":"https:\/\/www.leriff.ch\/it\/prodotto\/wolkenkraft-aris-gun-metal-2\/#breadcrumb"},"inLanguage":"it-IT","potentialAction":[{"@type":"ReadAction","target":["https:\/\/www.leriff.ch\/it\/prodotto\/wolkenkraft-aris-gun-metal-2\/"]}]},{"@type":"ImageObject","inLanguage":"it-IT","@id":"https:\/\/www.leriff.ch\/it\/prodotto\/wolkenkraft-aris-gun-metal-2\/#primaryimage","url":"https:\/\/www.leriff.ch\/wp-content\/uploads\/2022\/05\/Wolkenkraft-Aris-gun-metal.jpg","contentUrl":"https:\/\/www.leriff.ch\/wp-content\/uploads\/2022\/05\/Wolkenkraft-Aris-gun-metal.jpg","width":560,"height":560,"caption":"Wolkenkraft \u00c4ris gun metal"},{"@type":"BreadcrumbList","@id":"https:\/\/www.leriff.ch\/it\/prodotto\/wolkenkraft-aris-gun-metal-2\/#breadcrumb","itemListElement":[{"@type":"ListItem","position":1,"name":"Accueil","item":"https:\/\/www.leriff.ch\/it\/"},{"@type":"ListItem","position":2,"name":"Negozio","item":"https:\/\/www.leriff.ch\/it\/negozio\/"},{"@type":"ListItem","position":3,"name":"Vaporizzatori","item":"https:\/\/www.leriff.ch\/it\/categorie-produit\/vaporizzatori\/"},{"@type":"ListItem","position":4,"name":"Wolkenkraft \u00c4ris gun metal"}]},{"@type":"WebSite","@id":"https:\/\/www.leriff.ch\/it\/#website","url":"https:\/\/www.leriff.ch\/it\/","name":"Le Riff","description":"Fleurs de Cannabis CBD","publisher":{"@id":"https:\/\/www.leriff.ch\/it\/#organization"},"potentialAction":[{"@type":"SearchAction","target":{"@type":"EntryPoint","urlTemplate":"https:\/\/www.leriff.ch\/it\/?s={search_term_string}"},"query-input":{"@type":"PropertyValueSpecification","valueRequired":true,"valueName":"search_term_string"}}],"inLanguage":"it-IT"},{"@type":"Organization","@id":"https:\/\/www.leriff.ch\/it\/#organization","name":"le riff","url":"https:\/\/www.leriff.ch\/it\/","logo":{"@type":"ImageObject","inLanguage":"it-IT","@id":"https:\/\/www.leriff.ch\/it\/#\/schema\/logo\/image\/","url":"https:\/\/www.leriff.ch\/wp-content\/uploads\/2019\/10\/logo_carre.png","contentUrl":"https:\/\/www.leriff.ch\/wp-content\/uploads\/2019\/10\/logo_carre.png","width":130,"height":130,"caption":"le riff"},"image":{"@id":"https:\/\/www.leriff.ch\/it\/#\/schema\/logo\/image\/"},"sameAs":["https:\/\/www.facebook.com\/Leriff.ch"]}]}},"_links":{"self":[{"href":"https:\/\/www.leriff.ch\/it\/wp-json\/wp\/v2\/product\/40777","targetHints":{"allow":["GET"]}}],"collection":[{"href":"https:\/\/www.leriff.ch\/it\/wp-json\/wp\/v2\/product"}],"about":[{"href":"https:\/\/www.leriff.ch\/it\/wp-json\/wp\/v2\/types\/product"}],"replies":[{"embeddable":true,"href":"https:\/\/www.leriff.ch\/it\/wp-json\/wp\/v2\/comments?post=40777"}],"wp:featuredmedia":[{"embeddable":true,"href":"https:\/\/www.leriff.ch\/it\/wp-json\/wp\/v2\/media\/40677"}],"wp:attachment":[{"href":"https:\/\/www.leriff.ch\/it\/wp-json\/wp\/v2\/media?parent=40777"}],"wp:term":[{"taxonomy":"product_brand","embeddable":true,"href":"https:\/\/www.leriff.ch\/it\/wp-json\/wp\/v2\/product_brand?post=40777"},{"taxonomy":"product_cat","embeddable":true,"href":"https:\/\/www.leriff.ch\/it\/wp-json\/wp\/v2\/product_cat?post=40777"},{"taxonomy":"product_tag","embeddable":true,"href":"https:\/\/www.leriff.ch\/it\/wp-json\/wp\/v2\/product_tag?post=40777"}],"curies":[{"name":"wp","href":"https:\/\/api.w.org\/{rel}","templated":true}]}}