{"id":40787,"date":"2015-05-03T09:35:05","date_gmt":"2022-05-04T11:11:37","guid":{"rendered":"https:\/\/www.leriff.ch\/produit\/volcano-ibrido-vaporizzatore\/"},"modified":"2022-05-04T11:11:37","modified_gmt":"2022-05-04T11:11:37","slug":"vaporizzatore-ibrido-vulcano","status":"publish","type":"product","link":"https:\/\/www.leriff.ch\/it\/prodotto\/vaporizzatore-ibrido-vulcano\/","title":{"rendered":"Volcano Ibrido Vaporizzatore"},"content":{"rendered":"<p>Il vaporizzatore da tavolo offre l&#8217;inalazione tramite un tubo e un palloncino.<br \/>\nMa non \u00e8 tutto, il tempo di riscaldamento veloce di meno di 40 secondi e la gestione ottimizzata del flusso d&#8217;aria parlano anche a favore del vaporizzatore.<\/p>\n<p>Naturalmente, STORZ&amp;BICKEL non deve essere privo di operazioni semplici. Il grande display mostra chiaramente tutte le informazioni importanti e le opzioni di impostazione. I pulsanti sensibili al tocco sono piacevoli al tatto, rendendo facili e veloci le regolazioni.<br \/>\nLa temperatura pu\u00f2 essere regolata continuamente da 40\u00b0C a 210\u00b0C.<\/p>\n<p>Il rischio di bruciare le erbe \u00e8 minimizzato dal flusso d&#8217;aria di convezione senza soluzione di continuit\u00e0. In questo modo, le erbe vengono riscaldate in modo ottimale, come \u00e8 consuetudine della Storz &amp; Bickel.<\/p>\n<p>Il produttore offre anche una nuova applicazione interna per le impostazioni individuali del vaporizzatore. Qui si possono usare alcune funzioni opzionali:<\/p>\n<p>&#8211; Crea il tuo flusso di lavoro personalizzato<br \/>\n&#8211; Controllo\/attivazione\/disattivazione del riscaldamento<br \/>\n&#8211; Disattivare\/attivare la pompa<br \/>\n&#8211; Recuperare il numero di serie e le informazioni generali<br \/>\n&#8211; Aggiornamento del firmware<br \/>\n&#8211; Personalizzare le impostazioni generali<br \/>\n&#8211; Impostazione del timer di arresto<\/p>\n<p>Nessun vaporizzatore \u00e8 mai stato cos\u00ec esteso. STORZ&amp;BICKEL offre ancora una volta un apparecchio di alta gamma con numerosi accessori.<\/p>\n<p>Contenuto della consegna :<\/p>\n<p>&#8211; 1 x radiatore ibrido Volcano<br \/>\n&#8211; 1 x camera di riempimento<br \/>\n&#8211; 1 x anello di copertura<br \/>\n&#8211; 1 x set di filtri dell&#8217;aria (2 pezzi) e set di schermi normali (6 pezzi)<br \/>\n&#8211; 1 x Drop Pad<br \/>\n&#8211; 1 x spazzola di pulizia<br \/>\n&#8211; 3 x pallone Easy Valve con boccaglio<br \/>\n&#8211; 1 x pallone Easy Valve con adattatore (possibilit\u00e0 di sostituire il pallone)<br \/>\n&#8211; 1 x sistema di tubi rotanti (1 m di tubo e gomito)<br \/>\n&#8211; 1 x anello di fissaggio per palloncini<br \/>\n&#8211; 1 x Storz&amp;Bickel macina erbe<br \/>\n&#8211; 1 x cavo di alimentazione (220-240V\/50-60Hz o 110-120V\/50-60Hz)<\/p>\n","protected":false},"excerpt":{"rendered":"<p>Le design de premi\u00e8re classe et la haute qualit\u00e9 sont toujours repr\u00e9sent\u00e9s chez STORZ&amp;BICKEL.<br \/>\nMa il produttore stabilisce anche standard elevati per la funzionalit\u00e0 e l&#8217;innovazione.<\/p>\n<p>Il produttore \u00e8 ora orgoglioso di presentare il suo ultimo modello &#8211; il Volcano Hybrid.<\/p>\n<p>&nbsp;<\/p>\n","protected":false},"featured_media":40591,"comment_status":"closed","ping_status":"closed","template":"","meta":{"inline_featured_image":false},"product_brand":[],"product_cat":[3169],"product_tag":[],"class_list":{"0":"post-40787","1":"product","2":"type-product","3":"status-publish","4":"has-post-thumbnail","6":"product_cat-vaporizzatori","8":"first","9":"instock","10":"shipping-taxable","11":"purchasable","12":"product-type-simple"},"yoast_head":"<!-- This site is optimized with the Yoast SEO Premium plugin v25.9 (Yoast SEO v27.3) - https:\/\/yoast.com\/product\/yoast-seo-premium-wordpress\/ -->\n<title>Volcano Ibrido Vaporizzatore - Le Riff<\/title>\n<meta name=\"description\" content=\"Design di prima classe e alta qualit\u00e0 sono sempre rappresentati da STORZ&amp;BICKEL. Ma il produttore stabilisce anche standard elevati in termini di funzionalit\u00e0 e innovazione, ed \u00e8 ora orgoglioso di presentare il suo ultimo modello - il Volcano Hybrid.\" \/>\n<meta name=\"robots\" content=\"index, follow, max-snippet:-1, max-image-preview:large, max-video-preview:-1\" \/>\n<link rel=\"canonical\" href=\"https:\/\/www.leriff.ch\/it\/prodotto\/vaporizzatore-ibrido-vulcano\/\" \/>\n<meta property=\"og:locale\" content=\"it_IT\" \/>\n<meta property=\"og:type\" content=\"article\" \/>\n<meta property=\"og:title\" content=\"Volcano Ibrido Vaporizzatore\" \/>\n<meta property=\"og:description\" content=\"Design di prima classe e alta qualit\u00e0 sono sempre rappresentati da STORZ&amp;BICKEL. Ma il produttore stabilisce anche standard elevati in termini di funzionalit\u00e0 e innovazione, ed \u00e8 ora orgoglioso di presentare il suo ultimo modello - il Volcano Hybrid.\" \/>\n<meta property=\"og:url\" content=\"https:\/\/www.leriff.ch\/it\/prodotto\/vaporizzatore-ibrido-vulcano\/\" \/>\n<meta property=\"og:site_name\" content=\"Le Riff\" \/>\n<meta property=\"article:publisher\" content=\"https:\/\/www.facebook.com\/Leriff.ch\" \/>\n<meta property=\"og:image\" content=\"https:\/\/www.leriff.ch\/wp-content\/uploads\/2022\/05\/Vaporisateur-hybride-Volcano.jpg\" \/>\n\t<meta property=\"og:image:width\" content=\"560\" \/>\n\t<meta property=\"og:image:height\" content=\"560\" \/>\n\t<meta property=\"og:image:type\" content=\"image\/jpeg\" \/>\n<meta name=\"twitter:card\" content=\"summary_large_image\" \/>\n<meta name=\"twitter:label1\" content=\"Tempo di lettura stimato\" \/>\n\t<meta name=\"twitter:data1\" content=\"2 minuti\" \/>\n<script type=\"application\/ld+json\" class=\"yoast-schema-graph\">{\"@context\":\"https:\\\/\\\/schema.org\",\"@graph\":[{\"@type\":\"WebPage\",\"@id\":\"https:\\\/\\\/www.leriff.ch\\\/it\\\/prodotto\\\/vaporizzatore-ibrido-vulcano\\\/\",\"url\":\"https:\\\/\\\/www.leriff.ch\\\/it\\\/prodotto\\\/vaporizzatore-ibrido-vulcano\\\/\",\"name\":\"Volcano Ibrido Vaporizzatore - Le Riff\",\"isPartOf\":{\"@id\":\"https:\\\/\\\/www.leriff.ch\\\/it\\\/#website\"},\"primaryImageOfPage\":{\"@id\":\"https:\\\/\\\/www.leriff.ch\\\/it\\\/prodotto\\\/vaporizzatore-ibrido-vulcano\\\/#primaryimage\"},\"image\":{\"@id\":\"https:\\\/\\\/www.leriff.ch\\\/it\\\/prodotto\\\/vaporizzatore-ibrido-vulcano\\\/#primaryimage\"},\"thumbnailUrl\":\"https:\\\/\\\/www.leriff.ch\\\/wp-content\\\/uploads\\\/2022\\\/05\\\/Vaporisateur-hybride-Volcano.jpg\",\"datePublished\":\"2022-05-04T11:11:37+00:00\",\"description\":\"Design di prima classe e alta qualit\u00e0 sono sempre rappresentati da STORZ&BICKEL. Ma il produttore stabilisce anche standard elevati in termini di funzionalit\u00e0 e innovazione, ed \u00e8 ora orgoglioso di presentare il suo ultimo modello - il Volcano Hybrid.\",\"breadcrumb\":{\"@id\":\"https:\\\/\\\/www.leriff.ch\\\/it\\\/prodotto\\\/vaporizzatore-ibrido-vulcano\\\/#breadcrumb\"},\"inLanguage\":\"it-IT\",\"potentialAction\":[{\"@type\":\"ReadAction\",\"target\":[\"https:\\\/\\\/www.leriff.ch\\\/it\\\/prodotto\\\/vaporizzatore-ibrido-vulcano\\\/\"]}]},{\"@type\":\"ImageObject\",\"inLanguage\":\"it-IT\",\"@id\":\"https:\\\/\\\/www.leriff.ch\\\/it\\\/prodotto\\\/vaporizzatore-ibrido-vulcano\\\/#primaryimage\",\"url\":\"https:\\\/\\\/www.leriff.ch\\\/wp-content\\\/uploads\\\/2022\\\/05\\\/Vaporisateur-hybride-Volcano.jpg\",\"contentUrl\":\"https:\\\/\\\/www.leriff.ch\\\/wp-content\\\/uploads\\\/2022\\\/05\\\/Vaporisateur-hybride-Volcano.jpg\",\"width\":560,\"height\":560,\"caption\":\"Volcano Hybrid Vaporizzatore\"},{\"@type\":\"BreadcrumbList\",\"@id\":\"https:\\\/\\\/www.leriff.ch\\\/it\\\/prodotto\\\/vaporizzatore-ibrido-vulcano\\\/#breadcrumb\",\"itemListElement\":[{\"@type\":\"ListItem\",\"position\":1,\"name\":\"Accueil\",\"item\":\"https:\\\/\\\/www.leriff.ch\\\/it\\\/\"},{\"@type\":\"ListItem\",\"position\":2,\"name\":\"Negozio\",\"item\":\"https:\\\/\\\/www.leriff.ch\\\/it\\\/negozio\\\/\"},{\"@type\":\"ListItem\",\"position\":3,\"name\":\"Vaporizzatori\",\"item\":\"https:\\\/\\\/www.leriff.ch\\\/it\\\/categorie-produit\\\/vaporizzatori\\\/\"},{\"@type\":\"ListItem\",\"position\":4,\"name\":\"Volcano Ibrido Vaporizzatore\"}]},{\"@type\":\"WebSite\",\"@id\":\"https:\\\/\\\/www.leriff.ch\\\/it\\\/#website\",\"url\":\"https:\\\/\\\/www.leriff.ch\\\/it\\\/\",\"name\":\"Le Riff\",\"description\":\"Fleurs de Cannabis CBD\",\"publisher\":{\"@id\":\"https:\\\/\\\/www.leriff.ch\\\/it\\\/#organization\"},\"potentialAction\":[{\"@type\":\"SearchAction\",\"target\":{\"@type\":\"EntryPoint\",\"urlTemplate\":\"https:\\\/\\\/www.leriff.ch\\\/it\\\/?s={search_term_string}\"},\"query-input\":{\"@type\":\"PropertyValueSpecification\",\"valueRequired\":true,\"valueName\":\"search_term_string\"}}],\"inLanguage\":\"it-IT\"},{\"@type\":\"Organization\",\"@id\":\"https:\\\/\\\/www.leriff.ch\\\/it\\\/#organization\",\"name\":\"le riff\",\"url\":\"https:\\\/\\\/www.leriff.ch\\\/it\\\/\",\"logo\":{\"@type\":\"ImageObject\",\"inLanguage\":\"it-IT\",\"@id\":\"https:\\\/\\\/www.leriff.ch\\\/it\\\/#\\\/schema\\\/logo\\\/image\\\/\",\"url\":\"https:\\\/\\\/www.leriff.ch\\\/wp-content\\\/uploads\\\/2019\\\/10\\\/logo_carre.png\",\"contentUrl\":\"https:\\\/\\\/www.leriff.ch\\\/wp-content\\\/uploads\\\/2019\\\/10\\\/logo_carre.png\",\"width\":130,\"height\":130,\"caption\":\"le riff\"},\"image\":{\"@id\":\"https:\\\/\\\/www.leriff.ch\\\/it\\\/#\\\/schema\\\/logo\\\/image\\\/\"},\"sameAs\":[\"https:\\\/\\\/www.facebook.com\\\/Leriff.ch\"]}]}<\/script>\n<!-- \/ Yoast SEO Premium plugin. -->","yoast_head_json":{"title":"Volcano Ibrido Vaporizzatore - Le Riff","description":"Design di prima classe e alta qualit\u00e0 sono sempre rappresentati da STORZ&BICKEL. Ma il produttore stabilisce anche standard elevati in termini di funzionalit\u00e0 e innovazione, ed \u00e8 ora orgoglioso di presentare il suo ultimo modello - il Volcano Hybrid.","robots":{"index":"index","follow":"follow","max-snippet":"max-snippet:-1","max-image-preview":"max-image-preview:large","max-video-preview":"max-video-preview:-1"},"canonical":"https:\/\/www.leriff.ch\/it\/prodotto\/vaporizzatore-ibrido-vulcano\/","og_locale":"it_IT","og_type":"article","og_title":"Volcano Ibrido Vaporizzatore","og_description":"Design di prima classe e alta qualit\u00e0 sono sempre rappresentati da STORZ&BICKEL. Ma il produttore stabilisce anche standard elevati in termini di funzionalit\u00e0 e innovazione, ed \u00e8 ora orgoglioso di presentare il suo ultimo modello - il Volcano Hybrid.","og_url":"https:\/\/www.leriff.ch\/it\/prodotto\/vaporizzatore-ibrido-vulcano\/","og_site_name":"Le Riff","article_publisher":"https:\/\/www.facebook.com\/Leriff.ch","og_image":[{"width":560,"height":560,"url":"https:\/\/www.leriff.ch\/wp-content\/uploads\/2022\/05\/Vaporisateur-hybride-Volcano.jpg","type":"image\/jpeg"}],"twitter_card":"summary_large_image","twitter_misc":{"Tempo di lettura stimato":"2 minuti"},"schema":{"@context":"https:\/\/schema.org","@graph":[{"@type":"WebPage","@id":"https:\/\/www.leriff.ch\/it\/prodotto\/vaporizzatore-ibrido-vulcano\/","url":"https:\/\/www.leriff.ch\/it\/prodotto\/vaporizzatore-ibrido-vulcano\/","name":"Volcano Ibrido Vaporizzatore - Le Riff","isPartOf":{"@id":"https:\/\/www.leriff.ch\/it\/#website"},"primaryImageOfPage":{"@id":"https:\/\/www.leriff.ch\/it\/prodotto\/vaporizzatore-ibrido-vulcano\/#primaryimage"},"image":{"@id":"https:\/\/www.leriff.ch\/it\/prodotto\/vaporizzatore-ibrido-vulcano\/#primaryimage"},"thumbnailUrl":"https:\/\/www.leriff.ch\/wp-content\/uploads\/2022\/05\/Vaporisateur-hybride-Volcano.jpg","datePublished":"2022-05-04T11:11:37+00:00","description":"Design di prima classe e alta qualit\u00e0 sono sempre rappresentati da STORZ&BICKEL. Ma il produttore stabilisce anche standard elevati in termini di funzionalit\u00e0 e innovazione, ed \u00e8 ora orgoglioso di presentare il suo ultimo modello - il Volcano Hybrid.","breadcrumb":{"@id":"https:\/\/www.leriff.ch\/it\/prodotto\/vaporizzatore-ibrido-vulcano\/#breadcrumb"},"inLanguage":"it-IT","potentialAction":[{"@type":"ReadAction","target":["https:\/\/www.leriff.ch\/it\/prodotto\/vaporizzatore-ibrido-vulcano\/"]}]},{"@type":"ImageObject","inLanguage":"it-IT","@id":"https:\/\/www.leriff.ch\/it\/prodotto\/vaporizzatore-ibrido-vulcano\/#primaryimage","url":"https:\/\/www.leriff.ch\/wp-content\/uploads\/2022\/05\/Vaporisateur-hybride-Volcano.jpg","contentUrl":"https:\/\/www.leriff.ch\/wp-content\/uploads\/2022\/05\/Vaporisateur-hybride-Volcano.jpg","width":560,"height":560,"caption":"Volcano Hybrid Vaporizzatore"},{"@type":"BreadcrumbList","@id":"https:\/\/www.leriff.ch\/it\/prodotto\/vaporizzatore-ibrido-vulcano\/#breadcrumb","itemListElement":[{"@type":"ListItem","position":1,"name":"Accueil","item":"https:\/\/www.leriff.ch\/it\/"},{"@type":"ListItem","position":2,"name":"Negozio","item":"https:\/\/www.leriff.ch\/it\/negozio\/"},{"@type":"ListItem","position":3,"name":"Vaporizzatori","item":"https:\/\/www.leriff.ch\/it\/categorie-produit\/vaporizzatori\/"},{"@type":"ListItem","position":4,"name":"Volcano Ibrido Vaporizzatore"}]},{"@type":"WebSite","@id":"https:\/\/www.leriff.ch\/it\/#website","url":"https:\/\/www.leriff.ch\/it\/","name":"Le Riff","description":"Fleurs de Cannabis CBD","publisher":{"@id":"https:\/\/www.leriff.ch\/it\/#organization"},"potentialAction":[{"@type":"SearchAction","target":{"@type":"EntryPoint","urlTemplate":"https:\/\/www.leriff.ch\/it\/?s={search_term_string}"},"query-input":{"@type":"PropertyValueSpecification","valueRequired":true,"valueName":"search_term_string"}}],"inLanguage":"it-IT"},{"@type":"Organization","@id":"https:\/\/www.leriff.ch\/it\/#organization","name":"le riff","url":"https:\/\/www.leriff.ch\/it\/","logo":{"@type":"ImageObject","inLanguage":"it-IT","@id":"https:\/\/www.leriff.ch\/it\/#\/schema\/logo\/image\/","url":"https:\/\/www.leriff.ch\/wp-content\/uploads\/2019\/10\/logo_carre.png","contentUrl":"https:\/\/www.leriff.ch\/wp-content\/uploads\/2019\/10\/logo_carre.png","width":130,"height":130,"caption":"le riff"},"image":{"@id":"https:\/\/www.leriff.ch\/it\/#\/schema\/logo\/image\/"},"sameAs":["https:\/\/www.facebook.com\/Leriff.ch"]}]}},"_links":{"self":[{"href":"https:\/\/www.leriff.ch\/it\/wp-json\/wp\/v2\/product\/40787","targetHints":{"allow":["GET"]}}],"collection":[{"href":"https:\/\/www.leriff.ch\/it\/wp-json\/wp\/v2\/product"}],"about":[{"href":"https:\/\/www.leriff.ch\/it\/wp-json\/wp\/v2\/types\/product"}],"replies":[{"embeddable":true,"href":"https:\/\/www.leriff.ch\/it\/wp-json\/wp\/v2\/comments?post=40787"}],"wp:featuredmedia":[{"embeddable":true,"href":"https:\/\/www.leriff.ch\/it\/wp-json\/wp\/v2\/media\/40591"}],"wp:attachment":[{"href":"https:\/\/www.leriff.ch\/it\/wp-json\/wp\/v2\/media?parent=40787"}],"wp:term":[{"taxonomy":"product_brand","embeddable":true,"href":"https:\/\/www.leriff.ch\/it\/wp-json\/wp\/v2\/product_brand?post=40787"},{"taxonomy":"product_cat","embeddable":true,"href":"https:\/\/www.leriff.ch\/it\/wp-json\/wp\/v2\/product_cat?post=40787"},{"taxonomy":"product_tag","embeddable":true,"href":"https:\/\/www.leriff.ch\/it\/wp-json\/wp\/v2\/product_tag?post=40787"}],"curies":[{"name":"wp","href":"https:\/\/api.w.org\/{rel}","templated":true}]}}