{"id":40823,"date":"2015-05-03T10:58:43","date_gmt":"2022-05-05T11:38:14","guid":{"rendered":"https:\/\/www.leriff.ch\/produit\/pax-3-set-completo-di-vaporizzatori-salvia\/"},"modified":"2022-05-05T11:38:14","modified_gmt":"2022-05-05T11:38:14","slug":"pax-3-set-completo-di-vaporizzatori-salvia","status":"publish","type":"product","link":"https:\/\/www.leriff.ch\/it\/prodotto\/pax-3-set-completo-di-vaporizzatori-salvia\/","title":{"rendered":"PAX 3 Set completo di Vaporizzatori &#8211; Salvia"},"content":{"rendered":"<p>Grazie alle migliori prestazioni della batteria, \u00e8 stato possibile installare un nuovo elemento riscaldante, che fornisce il doppio della potenza del PAX 2.<\/p>\n<p>Inoltre, il PAX 3 \u00e8 fatto interamente di materiali di alta qualit\u00e0, proprio come il suo predecessore. Il design \u00e8 ancora il popolare e semplicistico alluminio, ma questa volta \u00e8 dotato di una finitura lucida.<\/p>\n<p>Il funzionamento \u00e8 altrettanto lussuoso in quanto il PAX 3 vibra delicatamente quando il dispositivo \u00e8 pronto a svapare e il feedback LED in tempo reale fa sentire il dispositivo quasi vivo. Anche i sensori sono stati migliorati, come i sensori di labbro e di movimento.<br \/>\nIl pulsante di attivazione rimane nella parte superiore del dispositivo vicino al boccaglio e si attiva con una sola pressione come prima. Una lunga pressione cambia l&#8217;impostazione della temperatura, che ha quattro livelli ed \u00e8 confermata da una singola pressione.<\/p>\n<p>Un leggero scuotimento del dispositivo indica lo stato della batteria, la croce sul PAX 3 \u00e8 parzialmente o completamente illuminata. Per inciso, si illumina di un viola tenue quando viene riscaldato e di verde quando \u00e8 pronto.<\/p>\n<p>Il PAX 3 viene anche fornito con tre diversi inserti; due per il vaping con erbe secche (con diversi livelli di riempimento del dispositivo) e uno per il vaping con concentrati o cere. Una bella sessione pu\u00f2 essere ottenuta con poche erbe.<\/p>\n<p>PAX ha anche dotato il suo nuovo vaporizzatore di un&#8217;applicazione per smartphone, che permette impostazioni e regolazioni ancora pi\u00f9 precise. Diversi profili possono essere creati e regolati a piacere. Il dispositivo pu\u00f2 essere facilmente collegato all&#8217;applicazione e si possono anche fare piccole regolazioni, come la luminosit\u00e0 dei LED. Gli aggiornamenti sono anche eseguiti in modo trasparente attraverso l&#8217;applicazione, il che semplifica la gestione.<\/p>\n<p>Il PAX 3 soddisfa tutte le esigenze di un vaper con eleganza e durata.<\/p>\n<p>&nbsp;<\/p>\n<p>Dettagli:<\/p>\n<p>Tempo di riscaldamento: 15 secondi<br \/>\nVaporizzazione possibile con: erbe secche, cere e concentrati.<br \/>\nInserti per : Camera piena (erbe), camera mezza piena (erbe), concentrati o cere<br \/>\nBatteria da 3500mAh<br \/>\nSensore di movimento interno per un risparmio intelligente di energia e riempimento<br \/>\nsensore del labbro<br \/>\nDisplay a LED olistico<br \/>\nApplicazione gratuita per smartphone per iPhone e Android. Per altre impostazioni e profili<br \/>\nAlloggiamento in alluminio lucido<br \/>\nAccessori: stazione di ricarica, multitool, 2x boccagli (1x alto, 1x piatto) e 3x setacci e istruzioni per l&#8217;uso (tedesco e inglese)<br \/>\n10 anni di garanzia del produttore<\/p>\n<p>Contenuto della consegna :<\/p>\n<p>3 schermi<br \/>\n2 coperchi per la camera<br \/>\n2 bocchini<br \/>\nVaporizzatori PAX 3<br \/>\n1 inserto concentrato<br \/>\n1 cavo di ricarica + stazione<br \/>\n1 set di cura<br \/>\n1 multiutensile<\/p>\n","protected":false},"excerpt":{"rendered":"<p>PAX 3 Ecco un colore svelato dalla nuova collezione, ma porta anche alcuni miglioramenti. Il bel pezzo ora si riscalda in 15 secondi e offre un&#8217;esperienza di vapore forte e gustosa.<\/p>\n","protected":false},"featured_media":40614,"comment_status":"closed","ping_status":"closed","template":"","meta":{"inline_featured_image":false},"product_brand":[],"product_cat":[3169],"product_tag":[],"class_list":{"0":"post-40823","1":"product","2":"type-product","3":"status-publish","4":"has-post-thumbnail","6":"product_cat-vaporizzatori","7":"pa_marque-pax-it","9":"first","10":"outofstock","11":"shipping-taxable","12":"purchasable","13":"product-type-simple"},"yoast_head":"<!-- This site is optimized with the Yoast SEO Premium plugin v25.9 (Yoast SEO v27.3) - https:\/\/yoast.com\/product\/yoast-seo-premium-wordpress\/ -->\n<title>PAX 3 Set completo di Vaporizzatori - Salvia - Le Riff<\/title>\n<meta name=\"description\" content=\"PAX 3 Ecco un colore svelato dalla nuova collezione, ma porta anche alcuni miglioramenti. Il bel pezzo ora si riscalda in 15 secondi e offre un&#039;esperienza di vapore forte e gustosa.\" \/>\n<meta name=\"robots\" content=\"index, follow, max-snippet:-1, max-image-preview:large, max-video-preview:-1\" \/>\n<link rel=\"canonical\" href=\"https:\/\/www.leriff.ch\/it\/prodotto\/pax-3-set-completo-di-vaporizzatori-salvia\/\" \/>\n<meta property=\"og:locale\" content=\"it_IT\" \/>\n<meta property=\"og:type\" content=\"article\" \/>\n<meta property=\"og:title\" content=\"PAX 3 Set completo di Vaporizzatori - Salvia\" \/>\n<meta property=\"og:description\" content=\"PAX 3 Ecco un colore svelato dalla nuova collezione, ma porta anche alcuni miglioramenti. Il bel pezzo ora si riscalda in 15 secondi e offre un&#039;esperienza di vapore forte e gustosa.\" \/>\n<meta property=\"og:url\" content=\"https:\/\/www.leriff.ch\/it\/prodotto\/pax-3-set-completo-di-vaporizzatori-salvia\/\" \/>\n<meta property=\"og:site_name\" content=\"Le Riff\" \/>\n<meta property=\"article:publisher\" content=\"https:\/\/www.facebook.com\/Leriff.ch\" \/>\n<meta property=\"og:image\" content=\"https:\/\/www.leriff.ch\/wp-content\/uploads\/2015\/05\/Set-complet-vaporisateur-PAX-3-Sage.jpg\" \/>\n\t<meta property=\"og:image:width\" content=\"600\" \/>\n\t<meta property=\"og:image:height\" content=\"600\" \/>\n\t<meta property=\"og:image:type\" content=\"image\/jpeg\" \/>\n<meta name=\"twitter:card\" content=\"summary_large_image\" \/>\n<meta name=\"twitter:label1\" content=\"Tempo di lettura stimato\" \/>\n\t<meta name=\"twitter:data1\" content=\"2 minuti\" \/>\n<script type=\"application\/ld+json\" class=\"yoast-schema-graph\">{\"@context\":\"https:\\\/\\\/schema.org\",\"@graph\":[{\"@type\":\"WebPage\",\"@id\":\"https:\\\/\\\/www.leriff.ch\\\/it\\\/prodotto\\\/pax-3-set-completo-di-vaporizzatori-salvia\\\/\",\"url\":\"https:\\\/\\\/www.leriff.ch\\\/it\\\/prodotto\\\/pax-3-set-completo-di-vaporizzatori-salvia\\\/\",\"name\":\"PAX 3 Set completo di Vaporizzatori - Salvia - Le Riff\",\"isPartOf\":{\"@id\":\"https:\\\/\\\/www.leriff.ch\\\/it\\\/#website\"},\"primaryImageOfPage\":{\"@id\":\"https:\\\/\\\/www.leriff.ch\\\/it\\\/prodotto\\\/pax-3-set-completo-di-vaporizzatori-salvia\\\/#primaryimage\"},\"image\":{\"@id\":\"https:\\\/\\\/www.leriff.ch\\\/it\\\/prodotto\\\/pax-3-set-completo-di-vaporizzatori-salvia\\\/#primaryimage\"},\"thumbnailUrl\":\"https:\\\/\\\/www.leriff.ch\\\/wp-content\\\/uploads\\\/2015\\\/05\\\/Set-complet-vaporisateur-PAX-3-Sage.jpg\",\"datePublished\":\"2022-05-05T11:38:14+00:00\",\"description\":\"PAX 3 Ecco un colore svelato dalla nuova collezione, ma porta anche alcuni miglioramenti. Il bel pezzo ora si riscalda in 15 secondi e offre un'esperienza di vapore forte e gustosa.\",\"breadcrumb\":{\"@id\":\"https:\\\/\\\/www.leriff.ch\\\/it\\\/prodotto\\\/pax-3-set-completo-di-vaporizzatori-salvia\\\/#breadcrumb\"},\"inLanguage\":\"it-IT\",\"potentialAction\":[{\"@type\":\"ReadAction\",\"target\":[\"https:\\\/\\\/www.leriff.ch\\\/it\\\/prodotto\\\/pax-3-set-completo-di-vaporizzatori-salvia\\\/\"]}]},{\"@type\":\"ImageObject\",\"inLanguage\":\"it-IT\",\"@id\":\"https:\\\/\\\/www.leriff.ch\\\/it\\\/prodotto\\\/pax-3-set-completo-di-vaporizzatori-salvia\\\/#primaryimage\",\"url\":\"https:\\\/\\\/www.leriff.ch\\\/wp-content\\\/uploads\\\/2015\\\/05\\\/Set-complet-vaporisateur-PAX-3-Sage.jpg\",\"contentUrl\":\"https:\\\/\\\/www.leriff.ch\\\/wp-content\\\/uploads\\\/2015\\\/05\\\/Set-complet-vaporisateur-PAX-3-Sage.jpg\",\"width\":600,\"height\":600},{\"@type\":\"BreadcrumbList\",\"@id\":\"https:\\\/\\\/www.leriff.ch\\\/it\\\/prodotto\\\/pax-3-set-completo-di-vaporizzatori-salvia\\\/#breadcrumb\",\"itemListElement\":[{\"@type\":\"ListItem\",\"position\":1,\"name\":\"Accueil\",\"item\":\"https:\\\/\\\/www.leriff.ch\\\/it\\\/\"},{\"@type\":\"ListItem\",\"position\":2,\"name\":\"Negozio\",\"item\":\"https:\\\/\\\/www.leriff.ch\\\/it\\\/negozio\\\/\"},{\"@type\":\"ListItem\",\"position\":3,\"name\":\"Vaporizzatori\",\"item\":\"https:\\\/\\\/www.leriff.ch\\\/it\\\/categorie-produit\\\/vaporizzatori\\\/\"},{\"@type\":\"ListItem\",\"position\":4,\"name\":\"PAX 3 Set completo di Vaporizzatori &#8211; Salvia\"}]},{\"@type\":\"WebSite\",\"@id\":\"https:\\\/\\\/www.leriff.ch\\\/it\\\/#website\",\"url\":\"https:\\\/\\\/www.leriff.ch\\\/it\\\/\",\"name\":\"Le Riff\",\"description\":\"Fleurs de Cannabis CBD\",\"publisher\":{\"@id\":\"https:\\\/\\\/www.leriff.ch\\\/it\\\/#organization\"},\"potentialAction\":[{\"@type\":\"SearchAction\",\"target\":{\"@type\":\"EntryPoint\",\"urlTemplate\":\"https:\\\/\\\/www.leriff.ch\\\/it\\\/?s={search_term_string}\"},\"query-input\":{\"@type\":\"PropertyValueSpecification\",\"valueRequired\":true,\"valueName\":\"search_term_string\"}}],\"inLanguage\":\"it-IT\"},{\"@type\":\"Organization\",\"@id\":\"https:\\\/\\\/www.leriff.ch\\\/it\\\/#organization\",\"name\":\"le riff\",\"url\":\"https:\\\/\\\/www.leriff.ch\\\/it\\\/\",\"logo\":{\"@type\":\"ImageObject\",\"inLanguage\":\"it-IT\",\"@id\":\"https:\\\/\\\/www.leriff.ch\\\/it\\\/#\\\/schema\\\/logo\\\/image\\\/\",\"url\":\"https:\\\/\\\/www.leriff.ch\\\/wp-content\\\/uploads\\\/2019\\\/10\\\/logo_carre.png\",\"contentUrl\":\"https:\\\/\\\/www.leriff.ch\\\/wp-content\\\/uploads\\\/2019\\\/10\\\/logo_carre.png\",\"width\":130,\"height\":130,\"caption\":\"le riff\"},\"image\":{\"@id\":\"https:\\\/\\\/www.leriff.ch\\\/it\\\/#\\\/schema\\\/logo\\\/image\\\/\"},\"sameAs\":[\"https:\\\/\\\/www.facebook.com\\\/Leriff.ch\"]}]}<\/script>\n<!-- \/ Yoast SEO Premium plugin. -->","yoast_head_json":{"title":"PAX 3 Set completo di Vaporizzatori - Salvia - Le Riff","description":"PAX 3 Ecco un colore svelato dalla nuova collezione, ma porta anche alcuni miglioramenti. Il bel pezzo ora si riscalda in 15 secondi e offre un'esperienza di vapore forte e gustosa.","robots":{"index":"index","follow":"follow","max-snippet":"max-snippet:-1","max-image-preview":"max-image-preview:large","max-video-preview":"max-video-preview:-1"},"canonical":"https:\/\/www.leriff.ch\/it\/prodotto\/pax-3-set-completo-di-vaporizzatori-salvia\/","og_locale":"it_IT","og_type":"article","og_title":"PAX 3 Set completo di Vaporizzatori - Salvia","og_description":"PAX 3 Ecco un colore svelato dalla nuova collezione, ma porta anche alcuni miglioramenti. Il bel pezzo ora si riscalda in 15 secondi e offre un'esperienza di vapore forte e gustosa.","og_url":"https:\/\/www.leriff.ch\/it\/prodotto\/pax-3-set-completo-di-vaporizzatori-salvia\/","og_site_name":"Le Riff","article_publisher":"https:\/\/www.facebook.com\/Leriff.ch","og_image":[{"width":600,"height":600,"url":"https:\/\/www.leriff.ch\/wp-content\/uploads\/2015\/05\/Set-complet-vaporisateur-PAX-3-Sage.jpg","type":"image\/jpeg"}],"twitter_card":"summary_large_image","twitter_misc":{"Tempo di lettura stimato":"2 minuti"},"schema":{"@context":"https:\/\/schema.org","@graph":[{"@type":"WebPage","@id":"https:\/\/www.leriff.ch\/it\/prodotto\/pax-3-set-completo-di-vaporizzatori-salvia\/","url":"https:\/\/www.leriff.ch\/it\/prodotto\/pax-3-set-completo-di-vaporizzatori-salvia\/","name":"PAX 3 Set completo di Vaporizzatori - Salvia - Le Riff","isPartOf":{"@id":"https:\/\/www.leriff.ch\/it\/#website"},"primaryImageOfPage":{"@id":"https:\/\/www.leriff.ch\/it\/prodotto\/pax-3-set-completo-di-vaporizzatori-salvia\/#primaryimage"},"image":{"@id":"https:\/\/www.leriff.ch\/it\/prodotto\/pax-3-set-completo-di-vaporizzatori-salvia\/#primaryimage"},"thumbnailUrl":"https:\/\/www.leriff.ch\/wp-content\/uploads\/2015\/05\/Set-complet-vaporisateur-PAX-3-Sage.jpg","datePublished":"2022-05-05T11:38:14+00:00","description":"PAX 3 Ecco un colore svelato dalla nuova collezione, ma porta anche alcuni miglioramenti. Il bel pezzo ora si riscalda in 15 secondi e offre un'esperienza di vapore forte e gustosa.","breadcrumb":{"@id":"https:\/\/www.leriff.ch\/it\/prodotto\/pax-3-set-completo-di-vaporizzatori-salvia\/#breadcrumb"},"inLanguage":"it-IT","potentialAction":[{"@type":"ReadAction","target":["https:\/\/www.leriff.ch\/it\/prodotto\/pax-3-set-completo-di-vaporizzatori-salvia\/"]}]},{"@type":"ImageObject","inLanguage":"it-IT","@id":"https:\/\/www.leriff.ch\/it\/prodotto\/pax-3-set-completo-di-vaporizzatori-salvia\/#primaryimage","url":"https:\/\/www.leriff.ch\/wp-content\/uploads\/2015\/05\/Set-complet-vaporisateur-PAX-3-Sage.jpg","contentUrl":"https:\/\/www.leriff.ch\/wp-content\/uploads\/2015\/05\/Set-complet-vaporisateur-PAX-3-Sage.jpg","width":600,"height":600},{"@type":"BreadcrumbList","@id":"https:\/\/www.leriff.ch\/it\/prodotto\/pax-3-set-completo-di-vaporizzatori-salvia\/#breadcrumb","itemListElement":[{"@type":"ListItem","position":1,"name":"Accueil","item":"https:\/\/www.leriff.ch\/it\/"},{"@type":"ListItem","position":2,"name":"Negozio","item":"https:\/\/www.leriff.ch\/it\/negozio\/"},{"@type":"ListItem","position":3,"name":"Vaporizzatori","item":"https:\/\/www.leriff.ch\/it\/categorie-produit\/vaporizzatori\/"},{"@type":"ListItem","position":4,"name":"PAX 3 Set completo di Vaporizzatori &#8211; Salvia"}]},{"@type":"WebSite","@id":"https:\/\/www.leriff.ch\/it\/#website","url":"https:\/\/www.leriff.ch\/it\/","name":"Le Riff","description":"Fleurs de Cannabis CBD","publisher":{"@id":"https:\/\/www.leriff.ch\/it\/#organization"},"potentialAction":[{"@type":"SearchAction","target":{"@type":"EntryPoint","urlTemplate":"https:\/\/www.leriff.ch\/it\/?s={search_term_string}"},"query-input":{"@type":"PropertyValueSpecification","valueRequired":true,"valueName":"search_term_string"}}],"inLanguage":"it-IT"},{"@type":"Organization","@id":"https:\/\/www.leriff.ch\/it\/#organization","name":"le riff","url":"https:\/\/www.leriff.ch\/it\/","logo":{"@type":"ImageObject","inLanguage":"it-IT","@id":"https:\/\/www.leriff.ch\/it\/#\/schema\/logo\/image\/","url":"https:\/\/www.leriff.ch\/wp-content\/uploads\/2019\/10\/logo_carre.png","contentUrl":"https:\/\/www.leriff.ch\/wp-content\/uploads\/2019\/10\/logo_carre.png","width":130,"height":130,"caption":"le riff"},"image":{"@id":"https:\/\/www.leriff.ch\/it\/#\/schema\/logo\/image\/"},"sameAs":["https:\/\/www.facebook.com\/Leriff.ch"]}]}},"_links":{"self":[{"href":"https:\/\/www.leriff.ch\/it\/wp-json\/wp\/v2\/product\/40823","targetHints":{"allow":["GET"]}}],"collection":[{"href":"https:\/\/www.leriff.ch\/it\/wp-json\/wp\/v2\/product"}],"about":[{"href":"https:\/\/www.leriff.ch\/it\/wp-json\/wp\/v2\/types\/product"}],"replies":[{"embeddable":true,"href":"https:\/\/www.leriff.ch\/it\/wp-json\/wp\/v2\/comments?post=40823"}],"wp:featuredmedia":[{"embeddable":true,"href":"https:\/\/www.leriff.ch\/it\/wp-json\/wp\/v2\/media\/40614"}],"wp:attachment":[{"href":"https:\/\/www.leriff.ch\/it\/wp-json\/wp\/v2\/media?parent=40823"}],"wp:term":[{"taxonomy":"product_brand","embeddable":true,"href":"https:\/\/www.leriff.ch\/it\/wp-json\/wp\/v2\/product_brand?post=40823"},{"taxonomy":"product_cat","embeddable":true,"href":"https:\/\/www.leriff.ch\/it\/wp-json\/wp\/v2\/product_cat?post=40823"},{"taxonomy":"product_tag","embeddable":true,"href":"https:\/\/www.leriff.ch\/it\/wp-json\/wp\/v2\/product_tag?post=40823"}],"curies":[{"name":"wp","href":"https:\/\/api.w.org\/{rel}","templated":true}]}}