{"id":40959,"date":"2015-05-03T19:44:53","date_gmt":"2022-05-06T18:44:08","guid":{"rendered":"https:\/\/www.leriff.ch\/produit\/powermatic-4-macchina-automatica-per-arrotolare-le-sigarette-con-tramoggia\/"},"modified":"2023-04-19T20:57:39","modified_gmt":"2023-04-19T18:57:39","slug":"powermatic-4-automatico-macchina-a-rolling-sigarette-con-dip","status":"publish","type":"product","link":"https:\/\/www.leriff.ch\/it\/prodotto\/powermatic-4-automatico-macchina-a-rolling-sigarette-con-dip\/","title":{"rendered":"Powermatic 4+ Macchina automatica per arrotolare le sigarette con tramoggia"},"content":{"rendered":"<p>Il Powermatic 4+ \u00e8 un arrotolatore elettrico automatico di sigarette con una tramoggia per una maggiore capacit\u00e0 di tabacco. \u00c8 stato progettato per facilitare il processo di arrotolamento delle sigarette ed \u00e8 dotato di varie funzioni per ottimizzare la qualit\u00e0 e la consistenza delle sigarette arrotolate.<\/p>\n<p>Ecco alcune informazioni sulla macchina Powermatic 4+:<\/p>\n<p> La macchina \u00e8 dotata di un motore elettrico che alimenta il processo di laminazione.<br \/>\n \u00c8 in grado di rollare sigarette con tabacco tagliato di diverse dimensioni e consistenze.<br \/>\n La macchina \u00e8 dotata di una tramoggia per il tabacco che pu\u00f2 contenere una quantit\u00e0 di tabacco fino a 2,5 volte superiore rispetto alla Powermatic 2+.<br \/>\n \u00c8 dotato di un sistema di regolazione della densit\u00e0 del tabacco che consente agli utenti di regolare la quantit\u00e0 di tabacco utilizzata per ogni sigaretta.<br \/>\n La macchina pu\u00f2 arrotolare sigarette di diverse dimensioni, comprese quelle standard da 84 mm e 100 mm.<br \/>\n \u00c8 dotato di un sistema di rilevamento degli inceppamenti per evitare che le sigarette si inceppino durante il processo di arrotolamento.<br \/>\n La macchina \u00e8 facile da usare e pu\u00f2 produrre fino a 25 sigarette in meno di 5 minuti.<\/p>\n<p>Queste informazioni dovrebbero darvi un&#8217;idea generale di ci\u00f2 che potete aspettarvi dal Powermatic 4+. Tuttavia, se avete domande pi\u00f9 specifiche, non esitate a chiedere.<br \/>\nMisura 16&#215;12 cm ed \u00e8 alto 6 cm (o 11 cm con l&#8217;imbuto di tabacco attaccabile\/rimuovibile) e pesa 1,29 kg in totale.<\/p>\n<p>Ambito di fornitura:<\/p>\n<p>1 x Powermatic IV<\/p>\n<p>1 pennello<\/p>\n<p>1 spazzola<\/p>\n<p>1x bastone di plastica<\/p>\n<p>1x cavo di ricarica<\/p>\n","protected":false},"excerpt":{"rendered":"<p>Il Powermatic 4+ \u00e8 un arrotolatore elettrico automatico di sigarette con una tramoggia per il tabacco di maggiore capacit\u00e0. Pu\u00f2 arrotolare con precisione sigarette di dimensioni e consistenze diverse grazie al sistema di regolazione della densit\u00e0 del tabacco e al sistema di rilevamento degli inceppamenti. \u00c8 facile da usare e pu\u00f2 produrre fino a 25 sigarette in meno di 5 minuti. Il Powermatic IV \u00e8 il distributore di sigarette perfetto per l&#8217;uso domestico e l&#8217;autoconsumo di sigarette riempite in modo ottimale.<\/p>\n","protected":false},"featured_media":40717,"comment_status":"closed","ping_status":"closed","template":"","meta":{"inline_featured_image":false},"product_brand":[],"product_cat":[3911,3910,3238],"product_tag":[],"class_list":{"0":"post-40959","1":"product","2":"type-product","3":"status-publish","4":"has-post-thumbnail","6":"product_cat-accessori-per-sigarette","7":"product_cat-macchine-per-arrotolare-le-sigarette","8":"product_cat-riempitrice-di-sigarette","10":"first","11":"instock","12":"shipping-taxable","13":"purchasable","14":"product-type-simple"},"yoast_head":"<!-- This site is optimized with the Yoast SEO Premium plugin v25.9 (Yoast SEO v27.3) - https:\/\/yoast.com\/product\/yoast-seo-premium-wordpress\/ -->\n<title>Powermatic 4+ Macchina automatica per arrotolare le sigarette con tramoggia - Le Riff<\/title>\n<meta name=\"description\" content=\"Il Powermatic 4+ \u00e8 un arrotolatore elettrico automatico di sigarette progettato per facilitare il processo di arrotolamento delle sigarette. Con una tramoggia per il tabacco che pu\u00f2 contenere una quantit\u00e0 di tabacco fino a 2,5 volte superiore a quella del Powermatic 2+, \u00e8 in grado di rollare sigarette di dimensioni e consistenze diverse con grande precisione e coerenza. La macchina \u00e8 dotata di un sistema di regolazione della densit\u00e0 del tabacco e di un sistema di rilevamento degli inceppamenti, per un funzionamento facile e senza problemi. Grazie al suo motore elettrico, pu\u00f2 produrre fino a 25 sigarette in meno di 5 minuti. Se siete alla ricerca di un arrotolatore di sigarette pratico ed efficiente, il Powermatic 4+ pu\u00f2 essere una scelta eccellente.\" \/>\n<meta name=\"robots\" content=\"index, follow, max-snippet:-1, max-image-preview:large, max-video-preview:-1\" \/>\n<link rel=\"canonical\" href=\"https:\/\/www.leriff.ch\/it\/prodotto\/powermatic-4-automatico-macchina-a-rolling-sigarette-con-dip\/\" \/>\n<meta property=\"og:locale\" content=\"it_IT\" \/>\n<meta property=\"og:type\" content=\"article\" \/>\n<meta property=\"og:title\" content=\"Powermatic 4+ Macchina automatica per arrotolare le sigarette con tramoggia\" \/>\n<meta property=\"og:description\" content=\"Il Powermatic 4+ \u00e8 un arrotolatore elettrico automatico di sigarette progettato per facilitare il processo di arrotolamento delle sigarette. Con una tramoggia per il tabacco che pu\u00f2 contenere una quantit\u00e0 di tabacco fino a 2,5 volte superiore a quella del Powermatic 2+, \u00e8 in grado di rollare sigarette di dimensioni e consistenze diverse con grande precisione e coerenza. La macchina \u00e8 dotata di un sistema di regolazione della densit\u00e0 del tabacco e di un sistema di rilevamento degli inceppamenti, per un funzionamento facile e senza problemi. Grazie al suo motore elettrico, pu\u00f2 produrre fino a 25 sigarette in meno di 5 minuti. Se siete alla ricerca di un arrotolatore di sigarette pratico ed efficiente, il Powermatic 4+ pu\u00f2 essere una scelta eccellente.\" \/>\n<meta property=\"og:url\" content=\"https:\/\/www.leriff.ch\/it\/prodotto\/powermatic-4-automatico-macchina-a-rolling-sigarette-con-dip\/\" \/>\n<meta property=\"og:site_name\" content=\"Le Riff\" \/>\n<meta property=\"article:publisher\" content=\"https:\/\/www.facebook.com\/Leriff.ch\" \/>\n<meta property=\"article:modified_time\" content=\"2023-04-19T18:57:39+00:00\" \/>\n<meta property=\"og:image\" content=\"https:\/\/www.leriff.ch\/wp-content\/uploads\/2015\/05\/Powermatic-4-Machine-automatique-a-rouler-cigarettes-avec-tremie.jpg\" \/>\n\t<meta property=\"og:image:width\" content=\"560\" \/>\n\t<meta property=\"og:image:height\" content=\"560\" \/>\n\t<meta property=\"og:image:type\" content=\"image\/jpeg\" \/>\n<meta name=\"twitter:card\" content=\"summary_large_image\" \/>\n<meta name=\"twitter:label1\" content=\"Tempo di lettura stimato\" \/>\n\t<meta name=\"twitter:data1\" content=\"1 minuto\" \/>\n<script type=\"application\/ld+json\" class=\"yoast-schema-graph\">{\"@context\":\"https:\\\/\\\/schema.org\",\"@graph\":[{\"@type\":\"WebPage\",\"@id\":\"https:\\\/\\\/www.leriff.ch\\\/it\\\/prodotto\\\/powermatic-4-automatico-macchina-a-rolling-sigarette-con-dip\\\/\",\"url\":\"https:\\\/\\\/www.leriff.ch\\\/it\\\/prodotto\\\/powermatic-4-automatico-macchina-a-rolling-sigarette-con-dip\\\/\",\"name\":\"Powermatic 4+ Macchina automatica per arrotolare le sigarette con tramoggia - Le Riff\",\"isPartOf\":{\"@id\":\"https:\\\/\\\/www.leriff.ch\\\/it\\\/#website\"},\"primaryImageOfPage\":{\"@id\":\"https:\\\/\\\/www.leriff.ch\\\/it\\\/prodotto\\\/powermatic-4-automatico-macchina-a-rolling-sigarette-con-dip\\\/#primaryimage\"},\"image\":{\"@id\":\"https:\\\/\\\/www.leriff.ch\\\/it\\\/prodotto\\\/powermatic-4-automatico-macchina-a-rolling-sigarette-con-dip\\\/#primaryimage\"},\"thumbnailUrl\":\"https:\\\/\\\/www.leriff.ch\\\/wp-content\\\/uploads\\\/2015\\\/05\\\/Powermatic-4-Machine-automatique-a-rouler-cigarettes-avec-tremie.jpg\",\"datePublished\":\"2022-05-06T18:44:08+00:00\",\"dateModified\":\"2023-04-19T18:57:39+00:00\",\"description\":\"Il Powermatic 4+ \u00e8 un arrotolatore elettrico automatico di sigarette progettato per facilitare il processo di arrotolamento delle sigarette. Con una tramoggia per il tabacco che pu\u00f2 contenere una quantit\u00e0 di tabacco fino a 2,5 volte superiore a quella del Powermatic 2+, \u00e8 in grado di rollare sigarette di dimensioni e consistenze diverse con grande precisione e coerenza. La macchina \u00e8 dotata di un sistema di regolazione della densit\u00e0 del tabacco e di un sistema di rilevamento degli inceppamenti, per un funzionamento facile e senza problemi. Grazie al suo motore elettrico, pu\u00f2 produrre fino a 25 sigarette in meno di 5 minuti. Se siete alla ricerca di un arrotolatore di sigarette pratico ed efficiente, il Powermatic 4+ pu\u00f2 essere una scelta eccellente.\",\"breadcrumb\":{\"@id\":\"https:\\\/\\\/www.leriff.ch\\\/it\\\/prodotto\\\/powermatic-4-automatico-macchina-a-rolling-sigarette-con-dip\\\/#breadcrumb\"},\"inLanguage\":\"it-IT\",\"potentialAction\":[{\"@type\":\"ReadAction\",\"target\":[\"https:\\\/\\\/www.leriff.ch\\\/it\\\/prodotto\\\/powermatic-4-automatico-macchina-a-rolling-sigarette-con-dip\\\/\"]}]},{\"@type\":\"ImageObject\",\"inLanguage\":\"it-IT\",\"@id\":\"https:\\\/\\\/www.leriff.ch\\\/it\\\/prodotto\\\/powermatic-4-automatico-macchina-a-rolling-sigarette-con-dip\\\/#primaryimage\",\"url\":\"https:\\\/\\\/www.leriff.ch\\\/wp-content\\\/uploads\\\/2015\\\/05\\\/Powermatic-4-Machine-automatique-a-rouler-cigarettes-avec-tremie.jpg\",\"contentUrl\":\"https:\\\/\\\/www.leriff.ch\\\/wp-content\\\/uploads\\\/2015\\\/05\\\/Powermatic-4-Machine-automatique-a-rouler-cigarettes-avec-tremie.jpg\",\"width\":560,\"height\":560,\"caption\":\"Powermatic 4+ Macchina automatica per arrotolare le sigarette con tramoggia\"},{\"@type\":\"BreadcrumbList\",\"@id\":\"https:\\\/\\\/www.leriff.ch\\\/it\\\/prodotto\\\/powermatic-4-automatico-macchina-a-rolling-sigarette-con-dip\\\/#breadcrumb\",\"itemListElement\":[{\"@type\":\"ListItem\",\"position\":1,\"name\":\"Accueil\",\"item\":\"https:\\\/\\\/www.leriff.ch\\\/it\\\/\"},{\"@type\":\"ListItem\",\"position\":2,\"name\":\"Negozio\",\"item\":\"https:\\\/\\\/www.leriff.ch\\\/it\\\/negozio\\\/\"},{\"@type\":\"ListItem\",\"position\":3,\"name\":\"Riempitrice di sigarette\",\"item\":\"https:\\\/\\\/www.leriff.ch\\\/it\\\/categorie-produit\\\/riempitrice-di-sigarette\\\/\"},{\"@type\":\"ListItem\",\"position\":4,\"name\":\"Powermatic 4+ Macchina automatica per arrotolare le sigarette con tramoggia\"}]},{\"@type\":\"WebSite\",\"@id\":\"https:\\\/\\\/www.leriff.ch\\\/it\\\/#website\",\"url\":\"https:\\\/\\\/www.leriff.ch\\\/it\\\/\",\"name\":\"Le Riff\",\"description\":\"Fleurs de Cannabis CBD\",\"publisher\":{\"@id\":\"https:\\\/\\\/www.leriff.ch\\\/it\\\/#organization\"},\"potentialAction\":[{\"@type\":\"SearchAction\",\"target\":{\"@type\":\"EntryPoint\",\"urlTemplate\":\"https:\\\/\\\/www.leriff.ch\\\/it\\\/?s={search_term_string}\"},\"query-input\":{\"@type\":\"PropertyValueSpecification\",\"valueRequired\":true,\"valueName\":\"search_term_string\"}}],\"inLanguage\":\"it-IT\"},{\"@type\":\"Organization\",\"@id\":\"https:\\\/\\\/www.leriff.ch\\\/it\\\/#organization\",\"name\":\"le riff\",\"url\":\"https:\\\/\\\/www.leriff.ch\\\/it\\\/\",\"logo\":{\"@type\":\"ImageObject\",\"inLanguage\":\"it-IT\",\"@id\":\"https:\\\/\\\/www.leriff.ch\\\/it\\\/#\\\/schema\\\/logo\\\/image\\\/\",\"url\":\"https:\\\/\\\/www.leriff.ch\\\/wp-content\\\/uploads\\\/2019\\\/10\\\/logo_carre.png\",\"contentUrl\":\"https:\\\/\\\/www.leriff.ch\\\/wp-content\\\/uploads\\\/2019\\\/10\\\/logo_carre.png\",\"width\":130,\"height\":130,\"caption\":\"le riff\"},\"image\":{\"@id\":\"https:\\\/\\\/www.leriff.ch\\\/it\\\/#\\\/schema\\\/logo\\\/image\\\/\"},\"sameAs\":[\"https:\\\/\\\/www.facebook.com\\\/Leriff.ch\"]}]}<\/script>\n<!-- \/ Yoast SEO Premium plugin. -->","yoast_head_json":{"title":"Powermatic 4+ Macchina automatica per arrotolare le sigarette con tramoggia - Le Riff","description":"Il Powermatic 4+ \u00e8 un arrotolatore elettrico automatico di sigarette progettato per facilitare il processo di arrotolamento delle sigarette. Con una tramoggia per il tabacco che pu\u00f2 contenere una quantit\u00e0 di tabacco fino a 2,5 volte superiore a quella del Powermatic 2+, \u00e8 in grado di rollare sigarette di dimensioni e consistenze diverse con grande precisione e coerenza. La macchina \u00e8 dotata di un sistema di regolazione della densit\u00e0 del tabacco e di un sistema di rilevamento degli inceppamenti, per un funzionamento facile e senza problemi. Grazie al suo motore elettrico, pu\u00f2 produrre fino a 25 sigarette in meno di 5 minuti. Se siete alla ricerca di un arrotolatore di sigarette pratico ed efficiente, il Powermatic 4+ pu\u00f2 essere una scelta eccellente.","robots":{"index":"index","follow":"follow","max-snippet":"max-snippet:-1","max-image-preview":"max-image-preview:large","max-video-preview":"max-video-preview:-1"},"canonical":"https:\/\/www.leriff.ch\/it\/prodotto\/powermatic-4-automatico-macchina-a-rolling-sigarette-con-dip\/","og_locale":"it_IT","og_type":"article","og_title":"Powermatic 4+ Macchina automatica per arrotolare le sigarette con tramoggia","og_description":"Il Powermatic 4+ \u00e8 un arrotolatore elettrico automatico di sigarette progettato per facilitare il processo di arrotolamento delle sigarette. Con una tramoggia per il tabacco che pu\u00f2 contenere una quantit\u00e0 di tabacco fino a 2,5 volte superiore a quella del Powermatic 2+, \u00e8 in grado di rollare sigarette di dimensioni e consistenze diverse con grande precisione e coerenza. La macchina \u00e8 dotata di un sistema di regolazione della densit\u00e0 del tabacco e di un sistema di rilevamento degli inceppamenti, per un funzionamento facile e senza problemi. Grazie al suo motore elettrico, pu\u00f2 produrre fino a 25 sigarette in meno di 5 minuti. Se siete alla ricerca di un arrotolatore di sigarette pratico ed efficiente, il Powermatic 4+ pu\u00f2 essere una scelta eccellente.","og_url":"https:\/\/www.leriff.ch\/it\/prodotto\/powermatic-4-automatico-macchina-a-rolling-sigarette-con-dip\/","og_site_name":"Le Riff","article_publisher":"https:\/\/www.facebook.com\/Leriff.ch","article_modified_time":"2023-04-19T18:57:39+00:00","og_image":[{"width":560,"height":560,"url":"https:\/\/www.leriff.ch\/wp-content\/uploads\/2015\/05\/Powermatic-4-Machine-automatique-a-rouler-cigarettes-avec-tremie.jpg","type":"image\/jpeg"}],"twitter_card":"summary_large_image","twitter_misc":{"Tempo di lettura stimato":"1 minuto"},"schema":{"@context":"https:\/\/schema.org","@graph":[{"@type":"WebPage","@id":"https:\/\/www.leriff.ch\/it\/prodotto\/powermatic-4-automatico-macchina-a-rolling-sigarette-con-dip\/","url":"https:\/\/www.leriff.ch\/it\/prodotto\/powermatic-4-automatico-macchina-a-rolling-sigarette-con-dip\/","name":"Powermatic 4+ Macchina automatica per arrotolare le sigarette con tramoggia - Le Riff","isPartOf":{"@id":"https:\/\/www.leriff.ch\/it\/#website"},"primaryImageOfPage":{"@id":"https:\/\/www.leriff.ch\/it\/prodotto\/powermatic-4-automatico-macchina-a-rolling-sigarette-con-dip\/#primaryimage"},"image":{"@id":"https:\/\/www.leriff.ch\/it\/prodotto\/powermatic-4-automatico-macchina-a-rolling-sigarette-con-dip\/#primaryimage"},"thumbnailUrl":"https:\/\/www.leriff.ch\/wp-content\/uploads\/2015\/05\/Powermatic-4-Machine-automatique-a-rouler-cigarettes-avec-tremie.jpg","datePublished":"2022-05-06T18:44:08+00:00","dateModified":"2023-04-19T18:57:39+00:00","description":"Il Powermatic 4+ \u00e8 un arrotolatore elettrico automatico di sigarette progettato per facilitare il processo di arrotolamento delle sigarette. Con una tramoggia per il tabacco che pu\u00f2 contenere una quantit\u00e0 di tabacco fino a 2,5 volte superiore a quella del Powermatic 2+, \u00e8 in grado di rollare sigarette di dimensioni e consistenze diverse con grande precisione e coerenza. La macchina \u00e8 dotata di un sistema di regolazione della densit\u00e0 del tabacco e di un sistema di rilevamento degli inceppamenti, per un funzionamento facile e senza problemi. Grazie al suo motore elettrico, pu\u00f2 produrre fino a 25 sigarette in meno di 5 minuti. Se siete alla ricerca di un arrotolatore di sigarette pratico ed efficiente, il Powermatic 4+ pu\u00f2 essere una scelta eccellente.","breadcrumb":{"@id":"https:\/\/www.leriff.ch\/it\/prodotto\/powermatic-4-automatico-macchina-a-rolling-sigarette-con-dip\/#breadcrumb"},"inLanguage":"it-IT","potentialAction":[{"@type":"ReadAction","target":["https:\/\/www.leriff.ch\/it\/prodotto\/powermatic-4-automatico-macchina-a-rolling-sigarette-con-dip\/"]}]},{"@type":"ImageObject","inLanguage":"it-IT","@id":"https:\/\/www.leriff.ch\/it\/prodotto\/powermatic-4-automatico-macchina-a-rolling-sigarette-con-dip\/#primaryimage","url":"https:\/\/www.leriff.ch\/wp-content\/uploads\/2015\/05\/Powermatic-4-Machine-automatique-a-rouler-cigarettes-avec-tremie.jpg","contentUrl":"https:\/\/www.leriff.ch\/wp-content\/uploads\/2015\/05\/Powermatic-4-Machine-automatique-a-rouler-cigarettes-avec-tremie.jpg","width":560,"height":560,"caption":"Powermatic 4+ Macchina automatica per arrotolare le sigarette con tramoggia"},{"@type":"BreadcrumbList","@id":"https:\/\/www.leriff.ch\/it\/prodotto\/powermatic-4-automatico-macchina-a-rolling-sigarette-con-dip\/#breadcrumb","itemListElement":[{"@type":"ListItem","position":1,"name":"Accueil","item":"https:\/\/www.leriff.ch\/it\/"},{"@type":"ListItem","position":2,"name":"Negozio","item":"https:\/\/www.leriff.ch\/it\/negozio\/"},{"@type":"ListItem","position":3,"name":"Riempitrice di sigarette","item":"https:\/\/www.leriff.ch\/it\/categorie-produit\/riempitrice-di-sigarette\/"},{"@type":"ListItem","position":4,"name":"Powermatic 4+ Macchina automatica per arrotolare le sigarette con tramoggia"}]},{"@type":"WebSite","@id":"https:\/\/www.leriff.ch\/it\/#website","url":"https:\/\/www.leriff.ch\/it\/","name":"Le Riff","description":"Fleurs de Cannabis CBD","publisher":{"@id":"https:\/\/www.leriff.ch\/it\/#organization"},"potentialAction":[{"@type":"SearchAction","target":{"@type":"EntryPoint","urlTemplate":"https:\/\/www.leriff.ch\/it\/?s={search_term_string}"},"query-input":{"@type":"PropertyValueSpecification","valueRequired":true,"valueName":"search_term_string"}}],"inLanguage":"it-IT"},{"@type":"Organization","@id":"https:\/\/www.leriff.ch\/it\/#organization","name":"le riff","url":"https:\/\/www.leriff.ch\/it\/","logo":{"@type":"ImageObject","inLanguage":"it-IT","@id":"https:\/\/www.leriff.ch\/it\/#\/schema\/logo\/image\/","url":"https:\/\/www.leriff.ch\/wp-content\/uploads\/2019\/10\/logo_carre.png","contentUrl":"https:\/\/www.leriff.ch\/wp-content\/uploads\/2019\/10\/logo_carre.png","width":130,"height":130,"caption":"le riff"},"image":{"@id":"https:\/\/www.leriff.ch\/it\/#\/schema\/logo\/image\/"},"sameAs":["https:\/\/www.facebook.com\/Leriff.ch"]}]}},"_links":{"self":[{"href":"https:\/\/www.leriff.ch\/it\/wp-json\/wp\/v2\/product\/40959","targetHints":{"allow":["GET"]}}],"collection":[{"href":"https:\/\/www.leriff.ch\/it\/wp-json\/wp\/v2\/product"}],"about":[{"href":"https:\/\/www.leriff.ch\/it\/wp-json\/wp\/v2\/types\/product"}],"replies":[{"embeddable":true,"href":"https:\/\/www.leriff.ch\/it\/wp-json\/wp\/v2\/comments?post=40959"}],"wp:featuredmedia":[{"embeddable":true,"href":"https:\/\/www.leriff.ch\/it\/wp-json\/wp\/v2\/media\/40717"}],"wp:attachment":[{"href":"https:\/\/www.leriff.ch\/it\/wp-json\/wp\/v2\/media?parent=40959"}],"wp:term":[{"taxonomy":"product_brand","embeddable":true,"href":"https:\/\/www.leriff.ch\/it\/wp-json\/wp\/v2\/product_brand?post=40959"},{"taxonomy":"product_cat","embeddable":true,"href":"https:\/\/www.leriff.ch\/it\/wp-json\/wp\/v2\/product_cat?post=40959"},{"taxonomy":"product_tag","embeddable":true,"href":"https:\/\/www.leriff.ch\/it\/wp-json\/wp\/v2\/product_tag?post=40959"}],"curies":[{"name":"wp","href":"https:\/\/api.w.org\/{rel}","templated":true}]}}