{"id":40962,"date":"2014-05-03T16:26:19","date_gmt":"2022-05-06T19:13:35","guid":{"rendered":"https:\/\/www.leriff.ch\/produit\/macchina-automatica-per-arrotolare-le-sigarette-powermatic-3\/"},"modified":"2023-04-19T18:46:20","modified_gmt":"2023-04-19T16:46:20","slug":"powermatic-3-automatico-macchina-a-rotolamento-sigarette","status":"publish","type":"product","link":"https:\/\/www.leriff.ch\/it\/prodotto\/powermatic-3-automatico-macchina-a-rotolamento-sigarette\/","title":{"rendered":"Macchina automatica per arrotolare le sigarette Powermatic 3+"},"content":{"rendered":"<p>Macchina automatica per arrotolare le sigarette Macchina elettrica per arrotolare le sigarette<\/p>\n<p>Il Powermatic 3+ \u00e8 un arrotolatore automatico di sigarette di qualit\u00e0 professionale. \u00c8 facile da usare e consente di produrre rapidamente sigarette di qualit\u00e0 in pochi secondi. Il Powermatic 3+ \u00e8 dotato di un sofisticato meccanismo che dosa il tabacco e riempie i tubi delle sigarette in modo uniforme, nonch\u00e9 di un ampio vassoio per il tabacco ad alta capacit\u00e0. \u00c8 inoltre dotato di un sistema anticorrosione e di uno schermo LCD per facilitarne l&#8217;uso. Il Powermatic 3+ \u00e8 uno dei migliori arrotolatori di sigarette disponibili sul mercato, grazie alla sua qualit\u00e0 costruttiva, all&#8217;affidabilit\u00e0 e alla capacit\u00e0 di produrre sigarette di qualit\u00e0 professionale.<\/p>\n<p>La tramoggia della farcitrice ha un volume per farcire circa 30 sigarette.<br \/>\nAnche l&#8217;operazione \u00e8 un gioco da ragazzi. Metti semplicemente il tuo tabacco preferito nell&#8217;imbuto, metti il tubo della sigaretta all&#8217;estremit\u00e0 dell&#8217;ugello e premi il pulsante di avvio.<br \/>\nLa rincalzatrice stessa regola la porzionatura del tabacco. Il display mostra il numero di sigarette prodotte.<br \/>\nIl Powermatic 3+ funziona con un solo pulsante. Il computer interno controlla il processo di inceppamento.<\/p>\n<p>Affinch\u00e9 il Powermatic 3+ funzioni correttamente, si raccomanda di usare solo tabacco in volume (il taglio deve essere corto e il tabacco deve essere secco).<\/p>\n<p>dettagli<\/p>\n<p>Dimensioni : 26 x 15 x 14 cm<br \/>\nProdotto di qualit\u00e0 certificato CE<br \/>\nBrevettato e di alta qualit\u00e0<br \/>\nriempimento scorrevole<br \/>\nporzionatura automatica del tabacco<br \/>\n100-240V\/CA<\/p>\n<p>Nota bene: il colore pu\u00f2 variare. Consegnato in nero o argento.<\/p>\n","protected":false},"excerpt":{"rendered":"<p>Il Powermatic 3+ \u00e8 un arrotolatore automatico di sigarette facile da usare e dotato di un meccanismo sofisticato che produce rapidamente sigarette di qualit\u00e0 professionale. \u00c8 dotata di un ampio vassoio per il tabacco, di un sistema anti-intasamento e di uno schermo LCD per un facile utilizzo. \u00c8 uno dei migliori arrotolatori di sigarette disponibili sul mercato.<\/p>\n","protected":false},"featured_media":40702,"comment_status":"closed","ping_status":"closed","template":"","meta":{"inline_featured_image":false},"product_brand":[],"product_cat":[3911,3910,3238],"product_tag":[],"class_list":{"0":"post-40962","1":"product","2":"type-product","3":"status-publish","4":"has-post-thumbnail","6":"product_cat-accessori-per-sigarette","7":"product_cat-macchine-per-arrotolare-le-sigarette","8":"product_cat-riempitrice-di-sigarette","10":"first","11":"instock","12":"shipping-taxable","13":"purchasable","14":"product-type-simple"},"yoast_head":"<!-- This site is optimized with the Yoast SEO Premium plugin v25.9 (Yoast SEO v27.4) - https:\/\/yoast.com\/product\/yoast-seo-premium-wordpress\/ -->\n<title>Macchina automatica per arrotolare le sigarette Powermatic 3+ - Le Riff<\/title>\n<meta name=\"description\" content=\"Scoprite il Powermatic 3+, un arrotolatore automatico di sigarette che facilita il processo di produzione di sigarette fatte in casa. Grazie al suo sofisticato meccanismo, alla capacit\u00e0 del tabacco, al sistema antibruciatura e allo schermo LCD, il Powermatic 3+ \u00e8 uno dei migliori arrotolatori di sigarette disponibili per produrre sigarette di qualit\u00e0 professionale in pochi secondi.\" \/>\n<meta name=\"robots\" content=\"index, follow, max-snippet:-1, max-image-preview:large, max-video-preview:-1\" \/>\n<link rel=\"canonical\" href=\"https:\/\/www.leriff.ch\/it\/prodotto\/powermatic-3-automatico-macchina-a-rotolamento-sigarette\/\" \/>\n<meta property=\"og:locale\" content=\"it_IT\" \/>\n<meta property=\"og:type\" content=\"article\" \/>\n<meta property=\"og:title\" content=\"Macchina automatica per arrotolare le sigarette Powermatic 3+\" \/>\n<meta property=\"og:description\" content=\"Scoprite il Powermatic 3+, un arrotolatore automatico di sigarette che facilita il processo di produzione di sigarette fatte in casa. Grazie al suo sofisticato meccanismo, alla capacit\u00e0 del tabacco, al sistema antibruciatura e allo schermo LCD, il Powermatic 3+ \u00e8 uno dei migliori arrotolatori di sigarette disponibili per produrre sigarette di qualit\u00e0 professionale in pochi secondi.\" \/>\n<meta property=\"og:url\" content=\"https:\/\/www.leriff.ch\/it\/prodotto\/powermatic-3-automatico-macchina-a-rotolamento-sigarette\/\" \/>\n<meta property=\"og:site_name\" content=\"Le Riff\" \/>\n<meta property=\"article:publisher\" content=\"https:\/\/www.facebook.com\/Leriff.ch\" \/>\n<meta property=\"article:modified_time\" content=\"2023-04-19T16:46:20+00:00\" \/>\n<meta property=\"og:image\" content=\"https:\/\/www.leriff.ch\/wp-content\/uploads\/2022\/05\/Powermatic-3-Machine-automatique-a-rouler-cigarettes.jpg\" \/>\n\t<meta property=\"og:image:width\" content=\"560\" \/>\n\t<meta property=\"og:image:height\" content=\"560\" \/>\n\t<meta property=\"og:image:type\" content=\"image\/jpeg\" \/>\n<meta name=\"twitter:card\" content=\"summary_large_image\" \/>\n<meta name=\"twitter:label1\" content=\"Tempo di lettura stimato\" \/>\n\t<meta name=\"twitter:data1\" content=\"1 minuto\" \/>\n<script type=\"application\/ld+json\" class=\"yoast-schema-graph\">{\"@context\":\"https:\\\/\\\/schema.org\",\"@graph\":[{\"@type\":\"WebPage\",\"@id\":\"https:\\\/\\\/www.leriff.ch\\\/it\\\/prodotto\\\/powermatic-3-automatico-macchina-a-rotolamento-sigarette\\\/\",\"url\":\"https:\\\/\\\/www.leriff.ch\\\/it\\\/prodotto\\\/powermatic-3-automatico-macchina-a-rotolamento-sigarette\\\/\",\"name\":\"Macchina automatica per arrotolare le sigarette Powermatic 3+ - Le Riff\",\"isPartOf\":{\"@id\":\"https:\\\/\\\/www.leriff.ch\\\/it\\\/#website\"},\"primaryImageOfPage\":{\"@id\":\"https:\\\/\\\/www.leriff.ch\\\/it\\\/prodotto\\\/powermatic-3-automatico-macchina-a-rotolamento-sigarette\\\/#primaryimage\"},\"image\":{\"@id\":\"https:\\\/\\\/www.leriff.ch\\\/it\\\/prodotto\\\/powermatic-3-automatico-macchina-a-rotolamento-sigarette\\\/#primaryimage\"},\"thumbnailUrl\":\"https:\\\/\\\/www.leriff.ch\\\/wp-content\\\/uploads\\\/2022\\\/05\\\/Powermatic-3-Machine-automatique-a-rouler-cigarettes.jpg\",\"datePublished\":\"2022-05-06T19:13:35+00:00\",\"dateModified\":\"2023-04-19T16:46:20+00:00\",\"description\":\"Scoprite il Powermatic 3+, un arrotolatore automatico di sigarette che facilita il processo di produzione di sigarette fatte in casa. Grazie al suo sofisticato meccanismo, alla capacit\u00e0 del tabacco, al sistema antibruciatura e allo schermo LCD, il Powermatic 3+ \u00e8 uno dei migliori arrotolatori di sigarette disponibili per produrre sigarette di qualit\u00e0 professionale in pochi secondi.\",\"breadcrumb\":{\"@id\":\"https:\\\/\\\/www.leriff.ch\\\/it\\\/prodotto\\\/powermatic-3-automatico-macchina-a-rotolamento-sigarette\\\/#breadcrumb\"},\"inLanguage\":\"it-IT\",\"potentialAction\":[{\"@type\":\"ReadAction\",\"target\":[\"https:\\\/\\\/www.leriff.ch\\\/it\\\/prodotto\\\/powermatic-3-automatico-macchina-a-rotolamento-sigarette\\\/\"]}]},{\"@type\":\"ImageObject\",\"inLanguage\":\"it-IT\",\"@id\":\"https:\\\/\\\/www.leriff.ch\\\/it\\\/prodotto\\\/powermatic-3-automatico-macchina-a-rotolamento-sigarette\\\/#primaryimage\",\"url\":\"https:\\\/\\\/www.leriff.ch\\\/wp-content\\\/uploads\\\/2022\\\/05\\\/Powermatic-3-Machine-automatique-a-rouler-cigarettes.jpg\",\"contentUrl\":\"https:\\\/\\\/www.leriff.ch\\\/wp-content\\\/uploads\\\/2022\\\/05\\\/Powermatic-3-Machine-automatique-a-rouler-cigarettes.jpg\",\"width\":560,\"height\":560,\"caption\":\"Macchina automatica per arrotolare le sigarette Powermatic 3+\"},{\"@type\":\"BreadcrumbList\",\"@id\":\"https:\\\/\\\/www.leriff.ch\\\/it\\\/prodotto\\\/powermatic-3-automatico-macchina-a-rotolamento-sigarette\\\/#breadcrumb\",\"itemListElement\":[{\"@type\":\"ListItem\",\"position\":1,\"name\":\"Accueil\",\"item\":\"https:\\\/\\\/www.leriff.ch\\\/it\\\/\"},{\"@type\":\"ListItem\",\"position\":2,\"name\":\"Negozio\",\"item\":\"https:\\\/\\\/www.leriff.ch\\\/it\\\/negozio\\\/\"},{\"@type\":\"ListItem\",\"position\":3,\"name\":\"Riempitrice di sigarette\",\"item\":\"https:\\\/\\\/www.leriff.ch\\\/it\\\/categorie-produit\\\/riempitrice-di-sigarette\\\/\"},{\"@type\":\"ListItem\",\"position\":4,\"name\":\"Macchina automatica per arrotolare le sigarette Powermatic 3+\"}]},{\"@type\":\"WebSite\",\"@id\":\"https:\\\/\\\/www.leriff.ch\\\/it\\\/#website\",\"url\":\"https:\\\/\\\/www.leriff.ch\\\/it\\\/\",\"name\":\"Le Riff\",\"description\":\"Fleurs de Cannabis CBD\",\"publisher\":{\"@id\":\"https:\\\/\\\/www.leriff.ch\\\/it\\\/#organization\"},\"potentialAction\":[{\"@type\":\"SearchAction\",\"target\":{\"@type\":\"EntryPoint\",\"urlTemplate\":\"https:\\\/\\\/www.leriff.ch\\\/it\\\/?s={search_term_string}\"},\"query-input\":{\"@type\":\"PropertyValueSpecification\",\"valueRequired\":true,\"valueName\":\"search_term_string\"}}],\"inLanguage\":\"it-IT\"},{\"@type\":\"Organization\",\"@id\":\"https:\\\/\\\/www.leriff.ch\\\/it\\\/#organization\",\"name\":\"le riff\",\"url\":\"https:\\\/\\\/www.leriff.ch\\\/it\\\/\",\"logo\":{\"@type\":\"ImageObject\",\"inLanguage\":\"it-IT\",\"@id\":\"https:\\\/\\\/www.leriff.ch\\\/it\\\/#\\\/schema\\\/logo\\\/image\\\/\",\"url\":\"https:\\\/\\\/www.leriff.ch\\\/wp-content\\\/uploads\\\/2019\\\/10\\\/logo_carre.png\",\"contentUrl\":\"https:\\\/\\\/www.leriff.ch\\\/wp-content\\\/uploads\\\/2019\\\/10\\\/logo_carre.png\",\"width\":130,\"height\":130,\"caption\":\"le riff\"},\"image\":{\"@id\":\"https:\\\/\\\/www.leriff.ch\\\/it\\\/#\\\/schema\\\/logo\\\/image\\\/\"},\"sameAs\":[\"https:\\\/\\\/www.facebook.com\\\/Leriff.ch\"]}]}<\/script>\n<!-- \/ Yoast SEO Premium plugin. -->","yoast_head_json":{"title":"Macchina automatica per arrotolare le sigarette Powermatic 3+ - Le Riff","description":"Scoprite il Powermatic 3+, un arrotolatore automatico di sigarette che facilita il processo di produzione di sigarette fatte in casa. Grazie al suo sofisticato meccanismo, alla capacit\u00e0 del tabacco, al sistema antibruciatura e allo schermo LCD, il Powermatic 3+ \u00e8 uno dei migliori arrotolatori di sigarette disponibili per produrre sigarette di qualit\u00e0 professionale in pochi secondi.","robots":{"index":"index","follow":"follow","max-snippet":"max-snippet:-1","max-image-preview":"max-image-preview:large","max-video-preview":"max-video-preview:-1"},"canonical":"https:\/\/www.leriff.ch\/it\/prodotto\/powermatic-3-automatico-macchina-a-rotolamento-sigarette\/","og_locale":"it_IT","og_type":"article","og_title":"Macchina automatica per arrotolare le sigarette Powermatic 3+","og_description":"Scoprite il Powermatic 3+, un arrotolatore automatico di sigarette che facilita il processo di produzione di sigarette fatte in casa. Grazie al suo sofisticato meccanismo, alla capacit\u00e0 del tabacco, al sistema antibruciatura e allo schermo LCD, il Powermatic 3+ \u00e8 uno dei migliori arrotolatori di sigarette disponibili per produrre sigarette di qualit\u00e0 professionale in pochi secondi.","og_url":"https:\/\/www.leriff.ch\/it\/prodotto\/powermatic-3-automatico-macchina-a-rotolamento-sigarette\/","og_site_name":"Le Riff","article_publisher":"https:\/\/www.facebook.com\/Leriff.ch","article_modified_time":"2023-04-19T16:46:20+00:00","og_image":[{"width":560,"height":560,"url":"https:\/\/www.leriff.ch\/wp-content\/uploads\/2022\/05\/Powermatic-3-Machine-automatique-a-rouler-cigarettes.jpg","type":"image\/jpeg"}],"twitter_card":"summary_large_image","twitter_misc":{"Tempo di lettura stimato":"1 minuto"},"schema":{"@context":"https:\/\/schema.org","@graph":[{"@type":"WebPage","@id":"https:\/\/www.leriff.ch\/it\/prodotto\/powermatic-3-automatico-macchina-a-rotolamento-sigarette\/","url":"https:\/\/www.leriff.ch\/it\/prodotto\/powermatic-3-automatico-macchina-a-rotolamento-sigarette\/","name":"Macchina automatica per arrotolare le sigarette Powermatic 3+ - Le Riff","isPartOf":{"@id":"https:\/\/www.leriff.ch\/it\/#website"},"primaryImageOfPage":{"@id":"https:\/\/www.leriff.ch\/it\/prodotto\/powermatic-3-automatico-macchina-a-rotolamento-sigarette\/#primaryimage"},"image":{"@id":"https:\/\/www.leriff.ch\/it\/prodotto\/powermatic-3-automatico-macchina-a-rotolamento-sigarette\/#primaryimage"},"thumbnailUrl":"https:\/\/www.leriff.ch\/wp-content\/uploads\/2022\/05\/Powermatic-3-Machine-automatique-a-rouler-cigarettes.jpg","datePublished":"2022-05-06T19:13:35+00:00","dateModified":"2023-04-19T16:46:20+00:00","description":"Scoprite il Powermatic 3+, un arrotolatore automatico di sigarette che facilita il processo di produzione di sigarette fatte in casa. Grazie al suo sofisticato meccanismo, alla capacit\u00e0 del tabacco, al sistema antibruciatura e allo schermo LCD, il Powermatic 3+ \u00e8 uno dei migliori arrotolatori di sigarette disponibili per produrre sigarette di qualit\u00e0 professionale in pochi secondi.","breadcrumb":{"@id":"https:\/\/www.leriff.ch\/it\/prodotto\/powermatic-3-automatico-macchina-a-rotolamento-sigarette\/#breadcrumb"},"inLanguage":"it-IT","potentialAction":[{"@type":"ReadAction","target":["https:\/\/www.leriff.ch\/it\/prodotto\/powermatic-3-automatico-macchina-a-rotolamento-sigarette\/"]}]},{"@type":"ImageObject","inLanguage":"it-IT","@id":"https:\/\/www.leriff.ch\/it\/prodotto\/powermatic-3-automatico-macchina-a-rotolamento-sigarette\/#primaryimage","url":"https:\/\/www.leriff.ch\/wp-content\/uploads\/2022\/05\/Powermatic-3-Machine-automatique-a-rouler-cigarettes.jpg","contentUrl":"https:\/\/www.leriff.ch\/wp-content\/uploads\/2022\/05\/Powermatic-3-Machine-automatique-a-rouler-cigarettes.jpg","width":560,"height":560,"caption":"Macchina automatica per arrotolare le sigarette Powermatic 3+"},{"@type":"BreadcrumbList","@id":"https:\/\/www.leriff.ch\/it\/prodotto\/powermatic-3-automatico-macchina-a-rotolamento-sigarette\/#breadcrumb","itemListElement":[{"@type":"ListItem","position":1,"name":"Accueil","item":"https:\/\/www.leriff.ch\/it\/"},{"@type":"ListItem","position":2,"name":"Negozio","item":"https:\/\/www.leriff.ch\/it\/negozio\/"},{"@type":"ListItem","position":3,"name":"Riempitrice di sigarette","item":"https:\/\/www.leriff.ch\/it\/categorie-produit\/riempitrice-di-sigarette\/"},{"@type":"ListItem","position":4,"name":"Macchina automatica per arrotolare le sigarette Powermatic 3+"}]},{"@type":"WebSite","@id":"https:\/\/www.leriff.ch\/it\/#website","url":"https:\/\/www.leriff.ch\/it\/","name":"Le Riff","description":"Fleurs de Cannabis CBD","publisher":{"@id":"https:\/\/www.leriff.ch\/it\/#organization"},"potentialAction":[{"@type":"SearchAction","target":{"@type":"EntryPoint","urlTemplate":"https:\/\/www.leriff.ch\/it\/?s={search_term_string}"},"query-input":{"@type":"PropertyValueSpecification","valueRequired":true,"valueName":"search_term_string"}}],"inLanguage":"it-IT"},{"@type":"Organization","@id":"https:\/\/www.leriff.ch\/it\/#organization","name":"le riff","url":"https:\/\/www.leriff.ch\/it\/","logo":{"@type":"ImageObject","inLanguage":"it-IT","@id":"https:\/\/www.leriff.ch\/it\/#\/schema\/logo\/image\/","url":"https:\/\/www.leriff.ch\/wp-content\/uploads\/2019\/10\/logo_carre.png","contentUrl":"https:\/\/www.leriff.ch\/wp-content\/uploads\/2019\/10\/logo_carre.png","width":130,"height":130,"caption":"le riff"},"image":{"@id":"https:\/\/www.leriff.ch\/it\/#\/schema\/logo\/image\/"},"sameAs":["https:\/\/www.facebook.com\/Leriff.ch"]}]}},"_links":{"self":[{"href":"https:\/\/www.leriff.ch\/it\/wp-json\/wp\/v2\/product\/40962","targetHints":{"allow":["GET"]}}],"collection":[{"href":"https:\/\/www.leriff.ch\/it\/wp-json\/wp\/v2\/product"}],"about":[{"href":"https:\/\/www.leriff.ch\/it\/wp-json\/wp\/v2\/types\/product"}],"replies":[{"embeddable":true,"href":"https:\/\/www.leriff.ch\/it\/wp-json\/wp\/v2\/comments?post=40962"}],"wp:featuredmedia":[{"embeddable":true,"href":"https:\/\/www.leriff.ch\/it\/wp-json\/wp\/v2\/media\/40702"}],"wp:attachment":[{"href":"https:\/\/www.leriff.ch\/it\/wp-json\/wp\/v2\/media?parent=40962"}],"wp:term":[{"taxonomy":"product_brand","embeddable":true,"href":"https:\/\/www.leriff.ch\/it\/wp-json\/wp\/v2\/product_brand?post=40962"},{"taxonomy":"product_cat","embeddable":true,"href":"https:\/\/www.leriff.ch\/it\/wp-json\/wp\/v2\/product_cat?post=40962"},{"taxonomy":"product_tag","embeddable":true,"href":"https:\/\/www.leriff.ch\/it\/wp-json\/wp\/v2\/product_tag?post=40962"}],"curies":[{"name":"wp","href":"https:\/\/api.w.org\/{rel}","templated":true}]}}